{"id":49161,"date":"2025-04-27T22:06:20","date_gmt":"2025-04-27T19:06:20","guid":{"rendered":"https:\/\/colibri-jewels.eu\/?page_id=49161"},"modified":"2025-06-09T15:05:53","modified_gmt":"2025-06-09T12:05:53","slug":"ostukorv","status":"publish","type":"page","link":"https:\/\/colibri-jewels.eu\/et\/ostukorv\/","title":{"rendered":"Ostukorv"},"content":{"rendered":"\n<div data-block-name=\"woocommerce\/cart\" class=\"wp-block-woocommerce-cart alignwide is-loading\">\n<div data-block-name=\"woocommerce\/filled-cart-block\" class=\"wp-block-woocommerce-filled-cart-block\">\n<div data-block-name=\"woocommerce\/cart-items-block\" class=\"wp-block-woocommerce-cart-items-block\">\n<div data-block-name=\"woocommerce\/cart-line-items-block\" class=\"wp-block-woocommerce-cart-line-items-block\"><\/div>\n\n\n\n<div data-block-name=\"woocommerce\/cart-cross-sells-block\" class=\"wp-block-woocommerce-cart-cross-sells-block\">\n<h2 class=\"wp-block-heading has-large-font-size\">You may be interested in\u2026<\/h2>\n\n\n\n<div data-block-name=\"woocommerce\/cart-cross-sells-products-block\" class=\"wp-block-woocommerce-cart-cross-sells-products-block\"><\/div>\n<\/div>\n<\/div>\n\n\n\n<div data-block-name=\"woocommerce\/cart-totals-block\" class=\"wp-block-woocommerce-cart-totals-block\">\n<div data-block-name=\"woocommerce\/cart-order-summary-block\" class=\"wp-block-woocommerce-cart-order-summary-block\">\n<div data-block-name=\"woocommerce\/cart-order-summary-heading-block\" class=\"wp-block-woocommerce-cart-order-summary-heading-block\"><\/div><div data-block-name=\"woocommerce\/cart-order-summary-coupon-form-block\" class=\"wp-block-woocommerce-cart-order-summary-coupon-form-block\"><\/div><div data-block-name=\"woocommerce\/cart-order-summary-totals-block\" class=\"wp-block-woocommerce-cart-order-summary-totals-block\">\n<div data-block-name=\"woocommerce\/cart-order-summary-subtotal-block\" class=\"wp-block-woocommerce-cart-order-summary-subtotal-block\"><\/div>\n<div data-block-name=\"woocommerce\/cart-order-summary-discount-block\" class=\"wp-block-woocommerce-cart-order-summary-discount-block\"><\/div>\n<div data-block-name=\"woocommerce\/cart-order-summary-fee-block\" class=\"wp-block-woocommerce-cart-order-summary-fee-block\"><\/div>\n<div data-block-name=\"woocommerce\/cart-order-summary-shipping-block\" class=\"wp-block-woocommerce-cart-order-summary-shipping-block\"><\/div>\n<div data-block-name=\"woocommerce\/cart-order-summary-taxes-block\" class=\"wp-block-woocommerce-cart-order-summary-taxes-block\"><\/div><\/div>\n<\/div>\n\n\n\n<div data-block-name=\"woocommerce\/cart-express-payment-block\" class=\"wp-block-woocommerce-cart-express-payment-block\"><\/div>\n\n\n\n<div data-block-name=\"woocommerce\/proceed-to-checkout-block\" class=\"wp-block-woocommerce-proceed-to-checkout-block\"><\/div>\n<div id=\"ppcp-recaptcha-v2-container\" style=\"margin:20px 0;\"><\/div>\n\n\n<div data-block-name=\"woocommerce\/cart-accepted-payment-methods-block\" class=\"wp-block-woocommerce-cart-accepted-payment-methods-block\"><\/div>\n<\/div>\n<\/div>\n\n\n\n<div data-block-name=\"woocommerce\/empty-cart-block\" class=\"wp-block-woocommerce-empty-cart-block\">\n<h2 class=\"wp-block-heading has-text-align-center with-empty-cart-icon wc-block-cart__empty-cart__title\">Your cart is currently empty!<\/h2>\n\n\n\n<hr class=\"wp-block-separator has-alpha-channel-opacity is-style-dots\"\/>\n\n\n\n<h2 class=\"wp-block-heading has-text-align-center\">New in store<\/h2>\n\n\n<div data-block-name=\"woocommerce\/product-new\" data-columns=\"4\" data-rows=\"1\" class=\"wc-block-grid wp-block-product-new wp-block-woocommerce-product-new wc-block-product-new has-4-columns\"><ul class=\"wc-block-grid__products\"><li class=\"wc-block-grid__product\">\n\t\t\t\t<a href=\"https:\/\/colibri-jewels.eu\/et\/toode\/kuldne-safiiriga-sormus-iris\/\" class=\"wc-block-grid__product-link\">\n\t\t\t\t\t\n\t\t\t\t\t<div class=\"wc-block-grid__product-image\"><img loading=\"lazy\" loading=\"lazy\" decoding=\"async\" width=\"630\" height=\"630\" src=\"https:\/\/colibri-jewels.eu\/wp-content\/uploads\/xstore\/xstore-placeholder-1x1.png\" class=\"attachment-woocommerce_thumbnail size-woocommerce_thumbnail lazyload lazyload-simple et-lazyload-fadeIn\" alt=\"Kuldne safiiriga s\u00f5rmus &quot;Iris&quot;\" sizes=\"auto, (max-width: 630px) 100vw, 630px\" data-src=\"https:\/\/colibri-jewels.eu\/wp-content\/uploads\/2026\/04\/7D1A4994-1-630x630.jpg\" data-srcset=\"https:\/\/colibri-jewels.eu\/wp-content\/uploads\/2026\/04\/7D1A4994-1-630x630.jpg 630w, https:\/\/colibri-jewels.eu\/wp-content\/uploads\/2026\/04\/7D1A4994-1-300x300.jpg 300w, https:\/\/colibri-jewels.eu\/wp-content\/uploads\/2026\/04\/7D1A4994-1-1024x1024.jpg 1024w, https:\/\/colibri-jewels.eu\/wp-content\/uploads\/2026\/04\/7D1A4994-1-150x150.jpg 150w, https:\/\/colibri-jewels.eu\/wp-content\/uploads\/2026\/04\/7D1A4994-1-768x768.jpg 768w, https:\/\/colibri-jewels.eu\/wp-content\/uploads\/2026\/04\/7D1A4994-1-1536x1536.jpg 1536w, https:\/\/colibri-jewels.eu\/wp-content\/uploads\/2026\/04\/7D1A4994-1-2048x2048.jpg 2048w, https:\/\/colibri-jewels.eu\/wp-content\/uploads\/2026\/04\/7D1A4994-1-600x600.jpg 600w, https:\/\/colibri-jewels.eu\/wp-content\/uploads\/2026\/04\/7D1A4994-1-100x100.jpg 100w, https:\/\/colibri-jewels.eu\/wp-content\/uploads\/2026\/04\/7D1A4994-1-64x64.jpg 64w, https:\/\/colibri-jewels.eu\/wp-content\/uploads\/2026\/04\/7D1A4994-1-1x1.jpg 1w, https:\/\/colibri-jewels.eu\/wp-content\/uploads\/2026\/04\/7D1A4994-1-10x10.jpg 10w\" \/><\/div>\n\t\t\t\t\t<div class=\"wc-block-grid__product-title\">Kuldne safiiriga s\u00f5rmus &#8220;Iris&#8221;<\/div>\n\t\t\t\t<\/a>\n\t\t\t\t<div class=\"wc-block-grid__product-price price\"><span class=\"woocommerce-Price-amount amount\"><span class=\"woocommerce-Price-currencySymbol\">&euro;<\/span>1,020.00<\/span><p class=\"stock in-stock s_in_stock_color woo-custom-stock-status\">1 laos<\/p><\/div>\n\t\t\t\t\n\t\t\t\t<div class=\"wp-block-button wc-block-grid__product-add-to-cart\"><a href=\"\/et\/wp-json\/wp\/v2\/pages\/49161?add-to-cart=63466\" aria-label=\"Add to cart: &ldquo;Kuldne safiiriga s\u00f5rmus &quot;Iris&quot;&rdquo;\" data-quantity=\"1\" data-product_id=\"63466\" data-product_sku=\"R-00879\" data-price=\"1020\" rel=\"nofollow\" class=\"wp-block-button__link  add_to_cart_button ajax_add_to_cart\">Lisa korvi<\/a><\/div>\n\t\t\t<\/li><li class=\"wc-block-grid__product\">\n\t\t\t\t<a href=\"https:\/\/colibri-jewels.eu\/et\/toode\/vintage-stiilis-korvarongad-sertifitseeritud-briljantidega-amelie\/\" class=\"wc-block-grid__product-link\">\n\t\t\t\t\t\n\t\t\t\t\t<div class=\"wc-block-grid__product-image\"><img loading=\"lazy\" loading=\"lazy\" decoding=\"async\" width=\"630\" height=\"630\" src=\"https:\/\/colibri-jewels.eu\/wp-content\/uploads\/xstore\/xstore-placeholder-1x1.png\" class=\"attachment-woocommerce_thumbnail size-woocommerce_thumbnail lazyload lazyload-simple et-lazyload-fadeIn\" alt=\"Vintage-stiilis k\u00f5rvar\u00f5ngad sertifitseeritud briljantidega &quot;Amelie&quot;\" sizes=\"auto, (max-width: 630px) 100vw, 630px\" data-src=\"https:\/\/colibri-jewels.eu\/wp-content\/uploads\/2026\/04\/vintage-style-diamond-earrings-Amelie-630x630.jpg\" data-srcset=\"https:\/\/colibri-jewels.eu\/wp-content\/uploads\/2026\/04\/vintage-style-diamond-earrings-Amelie-630x630.jpg 630w, https:\/\/colibri-jewels.eu\/wp-content\/uploads\/2026\/04\/vintage-style-diamond-earrings-Amelie-300x300.jpg 300w, https:\/\/colibri-jewels.eu\/wp-content\/uploads\/2026\/04\/vintage-style-diamond-earrings-Amelie-150x150.jpg 150w, https:\/\/colibri-jewels.eu\/wp-content\/uploads\/2026\/04\/vintage-style-diamond-earrings-Amelie-768x768.jpg 768w, https:\/\/colibri-jewels.eu\/wp-content\/uploads\/2026\/04\/vintage-style-diamond-earrings-Amelie-600x600.jpg 600w, https:\/\/colibri-jewels.eu\/wp-content\/uploads\/2026\/04\/vintage-style-diamond-earrings-Amelie-100x100.jpg 100w, https:\/\/colibri-jewels.eu\/wp-content\/uploads\/2026\/04\/vintage-style-diamond-earrings-Amelie-64x64.jpg 64w, https:\/\/colibri-jewels.eu\/wp-content\/uploads\/2026\/04\/vintage-style-diamond-earrings-Amelie-1x1.jpg 1w, https:\/\/colibri-jewels.eu\/wp-content\/uploads\/2026\/04\/vintage-style-diamond-earrings-Amelie-10x10.jpg 10w, https:\/\/colibri-jewels.eu\/wp-content\/uploads\/2026\/04\/vintage-style-diamond-earrings-Amelie.jpg 1000w\" \/><\/div>\n\t\t\t\t\t<div class=\"wc-block-grid__product-title\">Vintage-stiilis k\u00f5rvar\u00f5ngad sertifitseeritud briljantidega &#8220;Amelie&#8221;<\/div>\n\t\t\t\t<\/a>\n\t\t\t\t<div class=\"wc-block-grid__product-price price\"><span class=\"woocommerce-Price-amount amount\"><span class=\"woocommerce-Price-currencySymbol\">&euro;<\/span>1,825.00<\/span><p class=\"stock in-stock s_in_stock_color woo-custom-stock-status\">1 laos<\/p><\/div>\n\t\t\t\t\n\t\t\t\t<div class=\"wp-block-button wc-block-grid__product-add-to-cart\"><a href=\"\/et\/wp-json\/wp\/v2\/pages\/49161?add-to-cart=63612\" aria-label=\"Add to cart: &ldquo;Vintage-stiilis k\u00f5rvar\u00f5ngad sertifitseeritud briljantidega &quot;Amelie&quot;&rdquo;\" data-quantity=\"1\" data-product_id=\"63612\" data-product_sku=\"ED-8259\" data-price=\"1825\" rel=\"nofollow\" class=\"wp-block-button__link  add_to_cart_button ajax_add_to_cart\">Lisa korvi<\/a><\/div>\n\t\t\t<\/li><li class=\"wc-block-grid__product\">\n\t\t\t\t<a href=\"https:\/\/colibri-jewels.eu\/et\/toode\/kuldne-ripats-taveedi-taht-2\/\" class=\"wc-block-grid__product-link\">\n\t\t\t\t\t\n\t\t\t\t\t<div class=\"wc-block-grid__product-image\"><img loading=\"lazy\" loading=\"lazy\" decoding=\"async\" width=\"630\" height=\"630\" src=\"https:\/\/colibri-jewels.eu\/wp-content\/uploads\/xstore\/xstore-placeholder-1x1.png\" class=\"attachment-woocommerce_thumbnail size-woocommerce_thumbnail lazyload lazyload-simple et-lazyload-fadeIn\" alt=\"Kuldne ripats &quot;Taveedi t\u00e4ht&quot;\" sizes=\"auto, (max-width: 630px) 100vw, 630px\" data-src=\"https:\/\/colibri-jewels.eu\/wp-content\/uploads\/2026\/04\/PXL_20260414_122415851-copy-630x630.jpg\" data-srcset=\"https:\/\/colibri-jewels.eu\/wp-content\/uploads\/2026\/04\/PXL_20260414_122415851-copy-630x630.jpg 630w, https:\/\/colibri-jewels.eu\/wp-content\/uploads\/2026\/04\/PXL_20260414_122415851-copy-300x300.jpg 300w, https:\/\/colibri-jewels.eu\/wp-content\/uploads\/2026\/04\/PXL_20260414_122415851-copy-1024x1024.jpg 1024w, https:\/\/colibri-jewels.eu\/wp-content\/uploads\/2026\/04\/PXL_20260414_122415851-copy-150x150.jpg 150w, https:\/\/colibri-jewels.eu\/wp-content\/uploads\/2026\/04\/PXL_20260414_122415851-copy-768x768.jpg 768w, https:\/\/colibri-jewels.eu\/wp-content\/uploads\/2026\/04\/PXL_20260414_122415851-copy-1536x1536.jpg 1536w, https:\/\/colibri-jewels.eu\/wp-content\/uploads\/2026\/04\/PXL_20260414_122415851-copy-600x600.jpg 600w, https:\/\/colibri-jewels.eu\/wp-content\/uploads\/2026\/04\/PXL_20260414_122415851-copy-100x100.jpg 100w, https:\/\/colibri-jewels.eu\/wp-content\/uploads\/2026\/04\/PXL_20260414_122415851-copy-64x64.jpg 64w, https:\/\/colibri-jewels.eu\/wp-content\/uploads\/2026\/04\/PXL_20260414_122415851-copy-1x1.jpg 1w, https:\/\/colibri-jewels.eu\/wp-content\/uploads\/2026\/04\/PXL_20260414_122415851-copy-10x10.jpg 10w, https:\/\/colibri-jewels.eu\/wp-content\/uploads\/2026\/04\/PXL_20260414_122415851-copy.jpg 1616w\" \/><\/div>\n\t\t\t\t\t<div class=\"wc-block-grid__product-title\">Kuldne ripats &#8220;Taveedi t\u00e4ht&#8221;<\/div>\n\t\t\t\t<\/a>\n\t\t\t\t<div class=\"wc-block-grid__product-price price\"><span class=\"woocommerce-Price-amount amount\"><span class=\"woocommerce-Price-currencySymbol\">&euro;<\/span>278.00<\/span><p class=\"stock in-stock s_in_stock_color woo-custom-stock-status\">1 laos<\/p><\/div>\n\t\t\t\t\n\t\t\t\t<div class=\"wp-block-button wc-block-grid__product-add-to-cart\"><a href=\"\/et\/wp-json\/wp\/v2\/pages\/49161?add-to-cart=63576\" aria-label=\"Add to cart: &ldquo;Kuldne ripats &quot;Taveedi t\u00e4ht&quot;&rdquo;\" data-quantity=\"1\" data-product_id=\"63576\" data-product_sku=\"\" data-price=\"278\" rel=\"nofollow\" class=\"wp-block-button__link  add_to_cart_button ajax_add_to_cart\">Lisa korvi<\/a><\/div>\n\t\t\t<\/li><li class=\"wc-block-grid__product\">\n\t\t\t\t<a href=\"https:\/\/colibri-jewels.eu\/et\/toode\/lakoonilised-teemant-noopkorvarongad-sparkle-copy\/\" class=\"wc-block-grid__product-link\">\n\t\t\t\t\t\n\t\t\t\t\t<div class=\"wc-block-grid__product-image\"><img loading=\"lazy\" loading=\"lazy\" decoding=\"async\" width=\"630\" height=\"630\" src=\"https:\/\/colibri-jewels.eu\/wp-content\/uploads\/xstore\/xstore-placeholder-1x1.png\" class=\"attachment-woocommerce_thumbnail size-woocommerce_thumbnail lazyload lazyload-simple et-lazyload-fadeIn\" alt=\"Lakoonilised valgest kullast teemant-n\u00f6\u00f6pk\u00f5rvar\u00f5ngad &quot;Sparkle&quot;\" sizes=\"auto, (max-width: 630px) 100vw, 630px\" data-src=\"https:\/\/colibri-jewels.eu\/wp-content\/uploads\/2026\/04\/PXL_20260414_120907308-copy-630x630.jpg\" data-srcset=\"https:\/\/colibri-jewels.eu\/wp-content\/uploads\/2026\/04\/PXL_20260414_120907308-copy-630x630.jpg 630w, https:\/\/colibri-jewels.eu\/wp-content\/uploads\/2026\/04\/PXL_20260414_120907308-copy-300x300.jpg 300w, https:\/\/colibri-jewels.eu\/wp-content\/uploads\/2026\/04\/PXL_20260414_120907308-copy-1024x1024.jpg 1024w, https:\/\/colibri-jewels.eu\/wp-content\/uploads\/2026\/04\/PXL_20260414_120907308-copy-150x150.jpg 150w, https:\/\/colibri-jewels.eu\/wp-content\/uploads\/2026\/04\/PXL_20260414_120907308-copy-768x768.jpg 768w, https:\/\/colibri-jewels.eu\/wp-content\/uploads\/2026\/04\/PXL_20260414_120907308-copy-1536x1536.jpg 1536w, https:\/\/colibri-jewels.eu\/wp-content\/uploads\/2026\/04\/PXL_20260414_120907308-copy-600x600.jpg 600w, https:\/\/colibri-jewels.eu\/wp-content\/uploads\/2026\/04\/PXL_20260414_120907308-copy-100x100.jpg 100w, https:\/\/colibri-jewels.eu\/wp-content\/uploads\/2026\/04\/PXL_20260414_120907308-copy-64x64.jpg 64w, https:\/\/colibri-jewels.eu\/wp-content\/uploads\/2026\/04\/PXL_20260414_120907308-copy-1x1.jpg 1w, https:\/\/colibri-jewels.eu\/wp-content\/uploads\/2026\/04\/PXL_20260414_120907308-copy-10x10.jpg 10w, https:\/\/colibri-jewels.eu\/wp-content\/uploads\/2026\/04\/PXL_20260414_120907308-copy.jpg 1561w\" \/><\/div>\n\t\t\t\t\t<div class=\"wc-block-grid__product-title\">Lakoonilised valgest kullast teemant-n\u00f6\u00f6pk\u00f5rvar\u00f5ngad &#8220;Sparkle&#8221;<\/div>\n\t\t\t\t<\/a>\n\t\t\t\t<div class=\"wc-block-grid__product-price price\"><span class=\"woocommerce-Price-amount amount\"><span class=\"woocommerce-Price-currencySymbol\">&euro;<\/span>615.00<\/span><p class=\"stock in-stock s_in_stock_color woo-custom-stock-status\">1 laos<\/p><\/div>\n\t\t\t\t\n\t\t\t\t<div class=\"wp-block-button wc-block-grid__product-add-to-cart\"><a href=\"\/et\/wp-json\/wp\/v2\/pages\/49161?add-to-cart=63559\" aria-label=\"Add to cart: &ldquo;Lakoonilised valgest kullast teemant-n\u00f6\u00f6pk\u00f5rvar\u00f5ngad &quot;Sparkle&quot;&rdquo;\" data-quantity=\"1\" data-product_id=\"63559\" data-product_sku=\"B-0565-106-1\" data-price=\"615\" rel=\"nofollow\" class=\"wp-block-button__link  add_to_cart_button ajax_add_to_cart\">Lisa korvi<\/a><\/div>\n\t\t\t<\/li><\/ul><\/div><\/div>\n<\/div>\n","protected":false},"excerpt":{"rendered":"","protected":false},"author":1,"featured_media":0,"parent":0,"menu_order":0,"comment_status":"closed","ping_status":"closed","template":"","meta":{"footnotes":""},"class_list":["post-49161","page","type-page","status-publish","hentry"],"acf":[],"yoast_head":"<!-- This site is optimized with the Yoast SEO Premium plugin v26.5 (Yoast SEO v26.8) - https:\/\/yoast.com\/product\/yoast-seo-premium-wordpress\/ -->\n<title>Ostukorv - Colibri jewels<\/title>\n<meta name=\"robots\" content=\"index, follow, max-snippet:-1, max-image-preview:large, max-video-preview:-1\" \/>\n<link rel=\"canonical\" href=\"https:\/\/colibri-jewels.eu\/et\/ostukorv\/\" \/>\n<meta property=\"og:locale\" content=\"et_EE\" \/>\n<meta property=\"og:type\" content=\"article\" \/>\n<meta property=\"og:title\" content=\"Ostukorv\" \/>\n<meta property=\"og:url\" content=\"https:\/\/colibri-jewels.eu\/et\/ostukorv\/\" \/>\n<meta property=\"og:site_name\" content=\"Colibri jewels\" \/>\n<meta property=\"article:publisher\" content=\"https:\/\/www.facebook.com\/colibri.jewels\" \/>\n<meta property=\"article:modified_time\" content=\"2025-06-09T12:05:53+00:00\" \/>\n<meta name=\"twitter:card\" content=\"summary_large_image\" \/>\n<script type=\"application\/ld+json\" class=\"yoast-schema-graph\">{\"@context\":\"https:\/\/schema.org\",\"@graph\":[{\"@type\":\"WebPage\",\"@id\":\"https:\/\/colibri-jewels.eu\/et\/ostukorv\/\",\"url\":\"https:\/\/colibri-jewels.eu\/et\/ostukorv\/\",\"name\":\"Ostukorv - Colibri jewels\",\"isPartOf\":{\"@id\":\"https:\/\/colibri-jewels.eu\/et\/#website\"},\"datePublished\":\"2025-04-27T19:06:20+00:00\",\"dateModified\":\"2025-06-09T12:05:53+00:00\",\"breadcrumb\":{\"@id\":\"https:\/\/colibri-jewels.eu\/et\/ostukorv\/#breadcrumb\"},\"inLanguage\":\"et\",\"potentialAction\":[{\"@type\":\"ReadAction\",\"target\":[\"https:\/\/colibri-jewels.eu\/et\/ostukorv\/\"]}]},{\"@type\":\"BreadcrumbList\",\"@id\":\"https:\/\/colibri-jewels.eu\/et\/ostukorv\/#breadcrumb\",\"itemListElement\":[{\"@type\":\"ListItem\",\"position\":1,\"name\":\"\u0413\u043b\u0430\u0432\u043d\u0430\u044f \u0441\u0442\u0440\u0430\u043d\u0438\u0446\u0430\",\"item\":\"https:\/\/colibri-jewels.eu\/et\/\"},{\"@type\":\"ListItem\",\"position\":2,\"name\":\"Ostukorv\"}]},{\"@type\":\"WebSite\",\"@id\":\"https:\/\/colibri-jewels.eu\/et\/#website\",\"url\":\"https:\/\/colibri-jewels.eu\/et\/\",\"name\":\"Colibri jewels\",\"description\":\"jewelry shop\",\"publisher\":{\"@id\":\"https:\/\/colibri-jewels.eu\/et\/#organization\"},\"potentialAction\":[{\"@type\":\"SearchAction\",\"target\":{\"@type\":\"EntryPoint\",\"urlTemplate\":\"https:\/\/colibri-jewels.eu\/et\/?s={search_term_string}\"},\"query-input\":{\"@type\":\"PropertyValueSpecification\",\"valueRequired\":true,\"valueName\":\"search_term_string\"}}],\"inLanguage\":\"et\"},{\"@type\":\"Organization\",\"@id\":\"https:\/\/colibri-jewels.eu\/et\/#organization\",\"name\":\"O\u00dc Colibri\",\"url\":\"https:\/\/colibri-jewels.eu\/et\/\",\"logo\":{\"@type\":\"ImageObject\",\"inLanguage\":\"et\",\"@id\":\"https:\/\/colibri-jewels.eu\/et\/#\/schema\/logo\/image\/\",\"url\":\"https:\/\/dev.colibri-jewels.eu\/wp-content\/uploads\/2021\/03\/colibri.png\",\"contentUrl\":\"https:\/\/dev.colibri-jewels.eu\/wp-content\/uploads\/2021\/03\/colibri.png\",\"width\":227,\"height\":130,\"caption\":\"O\u00dc Colibri\"},\"image\":{\"@id\":\"https:\/\/colibri-jewels.eu\/et\/#\/schema\/logo\/image\/\"},\"sameAs\":[\"https:\/\/www.facebook.com\/colibri.jewels\",\"https:\/\/www.instagram.com\/colibri.jewels\",\"https:\/\/www.tiktok.com\/colibri.jewels\"]}]}<\/script>\n<!-- \/ Yoast SEO Premium plugin. -->","yoast_head_json":{"title":"Ostukorv - Colibri jewels","robots":{"index":"index","follow":"follow","max-snippet":"max-snippet:-1","max-image-preview":"max-image-preview:large","max-video-preview":"max-video-preview:-1"},"canonical":"https:\/\/colibri-jewels.eu\/et\/ostukorv\/","og_locale":"et_EE","og_type":"article","og_title":"Ostukorv","og_url":"https:\/\/colibri-jewels.eu\/et\/ostukorv\/","og_site_name":"Colibri jewels","article_publisher":"https:\/\/www.facebook.com\/colibri.jewels","article_modified_time":"2025-06-09T12:05:53+00:00","twitter_card":"summary_large_image","schema":{"@context":"https:\/\/schema.org","@graph":[{"@type":"WebPage","@id":"https:\/\/colibri-jewels.eu\/et\/ostukorv\/","url":"https:\/\/colibri-jewels.eu\/et\/ostukorv\/","name":"Ostukorv - Colibri jewels","isPartOf":{"@id":"https:\/\/colibri-jewels.eu\/et\/#website"},"datePublished":"2025-04-27T19:06:20+00:00","dateModified":"2025-06-09T12:05:53+00:00","breadcrumb":{"@id":"https:\/\/colibri-jewels.eu\/et\/ostukorv\/#breadcrumb"},"inLanguage":"et","potentialAction":[{"@type":"ReadAction","target":["https:\/\/colibri-jewels.eu\/et\/ostukorv\/"]}]},{"@type":"BreadcrumbList","@id":"https:\/\/colibri-jewels.eu\/et\/ostukorv\/#breadcrumb","itemListElement":[{"@type":"ListItem","position":1,"name":"\u0413\u043b\u0430\u0432\u043d\u0430\u044f \u0441\u0442\u0440\u0430\u043d\u0438\u0446\u0430","item":"https:\/\/colibri-jewels.eu\/et\/"},{"@type":"ListItem","position":2,"name":"Ostukorv"}]},{"@type":"WebSite","@id":"https:\/\/colibri-jewels.eu\/et\/#website","url":"https:\/\/colibri-jewels.eu\/et\/","name":"Colibri jewels","description":"jewelry shop","publisher":{"@id":"https:\/\/colibri-jewels.eu\/et\/#organization"},"potentialAction":[{"@type":"SearchAction","target":{"@type":"EntryPoint","urlTemplate":"https:\/\/colibri-jewels.eu\/et\/?s={search_term_string}"},"query-input":{"@type":"PropertyValueSpecification","valueRequired":true,"valueName":"search_term_string"}}],"inLanguage":"et"},{"@type":"Organization","@id":"https:\/\/colibri-jewels.eu\/et\/#organization","name":"O\u00dc Colibri","url":"https:\/\/colibri-jewels.eu\/et\/","logo":{"@type":"ImageObject","inLanguage":"et","@id":"https:\/\/colibri-jewels.eu\/et\/#\/schema\/logo\/image\/","url":"https:\/\/dev.colibri-jewels.eu\/wp-content\/uploads\/2021\/03\/colibri.png","contentUrl":"https:\/\/dev.colibri-jewels.eu\/wp-content\/uploads\/2021\/03\/colibri.png","width":227,"height":130,"caption":"O\u00dc Colibri"},"image":{"@id":"https:\/\/colibri-jewels.eu\/et\/#\/schema\/logo\/image\/"},"sameAs":["https:\/\/www.facebook.com\/colibri.jewels","https:\/\/www.instagram.com\/colibri.jewels","https:\/\/www.tiktok.com\/colibri.jewels"]}]}},"_links":{"self":[{"href":"https:\/\/colibri-jewels.eu\/et\/wp-json\/wp\/v2\/pages\/49161","targetHints":{"allow":["GET"]}}],"collection":[{"href":"https:\/\/colibri-jewels.eu\/et\/wp-json\/wp\/v2\/pages"}],"about":[{"href":"https:\/\/colibri-jewels.eu\/et\/wp-json\/wp\/v2\/types\/page"}],"author":[{"embeddable":true,"href":"https:\/\/colibri-jewels.eu\/et\/wp-json\/wp\/v2\/users\/1"}],"replies":[{"embeddable":true,"href":"https:\/\/colibri-jewels.eu\/et\/wp-json\/wp\/v2\/comments?post=49161"}],"version-history":[{"count":0,"href":"https:\/\/colibri-jewels.eu\/et\/wp-json\/wp\/v2\/pages\/49161\/revisions"}],"wp:attachment":[{"href":"https:\/\/colibri-jewels.eu\/et\/wp-json\/wp\/v2\/media?parent=49161"}],"curies":[{"name":"wp","href":"https:\/\/api.w.org\/{rel}","templated":true}]}}