{"id":49323,"date":"2025-05-04T19:05:12","date_gmt":"2025-05-04T16:05:12","guid":{"rendered":"https:\/\/colibri-jewels.eu\/?page_id=49323"},"modified":"2025-05-09T15:38:02","modified_gmt":"2025-05-09T12:38:02","slug":"boonus-programm","status":"publish","type":"page","link":"https:\/\/colibri-jewels.eu\/et\/boonus-programm\/","title":{"rendered":"Boonus programm"},"content":{"rendered":"\t\t<div data-elementor-type=\"wp-page\" data-elementor-id=\"49323\" class=\"elementor elementor-49323 elementor-49301\" data-elementor-post-type=\"page\">\n\t\t\t\t<div class=\"elementor-element elementor-element-a37e220 e-flex e-con-boxed e-con e-parent\" data-id=\"a37e220\" data-element_type=\"container\" data-settings=\"{&quot;background_background&quot;:&quot;classic&quot;}\">\n\t\t\t\t\t<div class=\"e-con-inner\">\n\t\t\t\t<div class=\"elementor-element elementor-element-2d1c5de elementor-align-center elementor-widget elementor-widget-etheme_advanced_headline\" data-id=\"2d1c5de\" data-element_type=\"widget\" data-widget_type=\"etheme_advanced_headline.default\">\n\t\t\t\t<div class=\"elementor-widget-container\">\n\t\t\t\t\t        \n        <div class=\"etheme-a-h-wrapper\">\n        \n            \n\t\t\t\n        <h2 class=\"etheme-advanced-headline etheme-advanced-headline-mask\">\n\n            Teeni boonuseid koos Colibri\n        <\/h2>\n\t\t\n                            <p class=\"etheme-a-h-text-after\">\n                    Osta, kutsu s\u00f5pru ja teeni punkte, mida saad meie poes kasutada                <\/p>\n                    \n        <\/div>\n        \n\t\t\t\t\t\t<\/div>\n\t\t\t\t<\/div>\n\t\t\t\t\t<\/div>\n\t\t\t\t<\/div>\n\t\t<div class=\"elementor-element elementor-element-9fa0a92 e-flex e-con-boxed e-con e-parent\" data-id=\"9fa0a92\" data-element_type=\"container\">\n\t\t\t\t\t<div class=\"e-con-inner\">\n\t\t\t\t<div class=\"elementor-element elementor-element-134b591 elementor-widget elementor-widget-text-editor\" data-id=\"134b591\" data-element_type=\"widget\" data-widget_type=\"text-editor.default\">\n\t\t\t\t<div class=\"elementor-widget-container\">\n\t\t\t\t\t\t\t\t\t<div style=\"text-align: center;\"><h1 class=\"elementor-heading-title elementor-size-default\">Kuidas see t\u00f6\u00f6tab?<\/h1><h1>\ud83d\uded2<\/h1><div class=\"elementor-element elementor-element-cd76cf8 elementor-widget elementor-widget-heading\" data-id=\"cd76cf8\" data-element_type=\"widget\" data-widget_type=\"heading.default\"><div class=\"elementor-widget-container\"><h3 class=\"elementor-heading-title elementor-size-default\">1. Tee tellimusi \u2013 teeni boonuspunkte<\/h3><\/div><\/div><div class=\"elementor-element elementor-element-8bcc6bd elementor-widget elementor-widget-text-editor\" data-id=\"8bcc6bd\" data-element_type=\"widget\" data-widget_type=\"text-editor.default\"><div class=\"elementor-widget-container\"><p class=\"\" data-start=\"189\" data-end=\"313\">Mida rohkem tellid \u2013 seda rohkem saad!<br data-start=\"244\" data-end=\"247\" \/>Punktid lisatakse automaatselt kohe p\u00e4rast tellimuse kinnitamist.<\/p><p class=\"\" data-start=\"189\" data-end=\"313\">3% iga tellimus lisab kontole boonuseid.<\/p><p class=\"\" data-start=\"315\" data-end=\"373\">\u27a1 N\u00e4ide: Ostsid s\u00f5rmuse hinnaga 300 \u20ac \u2013 said 9 \u20ac boonust.<\/p><\/div><\/div><p>\ud83e\udd1d<\/p><div class=\"elementor-element elementor-element-a40f119 elementor-widget elementor-widget-heading\" data-id=\"a40f119\" data-element_type=\"widget\" data-widget_type=\"heading.default\"><div class=\"elementor-widget-container\"><h3 class=\"elementor-heading-title elementor-size-default\">2. Kutsu s\u00f5pru \u2013 jaga oma soovituslinki<\/h3><\/div><\/div><div class=\"elementor-element elementor-element-a9b12c5 elementor-widget elementor-widget-text-editor\" data-id=\"a9b12c5\" data-element_type=\"widget\" data-widget_type=\"text-editor.default\"><div class=\"elementor-widget-container\"><p class=\"\" data-start=\"315\" data-end=\"481\">Kas sul on s\u00f5pru, kellele samuti meeldivad ehted?<br data-start=\"381\" data-end=\"384\" \/>V\u00e4ga hea! Jaga nendega oma unikaalset soovituslinki ja teeni boonuseid, kui nad tellimusi teevad.<\/p><p class=\"\" data-start=\"483\" data-end=\"543\">Aitad neil leida \u00e4geda poe \u2013 ja meie t\u00e4name sind boonustega.<\/p><p class=\"\" data-start=\"545\" data-end=\"611\">\u27a1 Oma soovituslingi leiad p\u00e4rast sisselogimist isiklikust kontost.<\/p><\/div><\/div><p>\ud83c\udf89<\/p><div class=\"elementor-element elementor-element-a975d47 elementor-widget elementor-widget-heading\" data-id=\"a975d47\" data-element_type=\"widget\" data-widget_type=\"heading.default\"><div class=\"elementor-widget-container\"><h3 class=\"elementor-heading-title elementor-size-default\">3. S\u00f5brad teevad tellimusi \u2013 sina saad boonuseid<\/h3><\/div><\/div><div class=\"elementor-element elementor-element-3f9e033 elementor-widget elementor-widget-text-editor\" data-id=\"3f9e033\" data-element_type=\"widget\" data-widget_type=\"text-editor.default\"><div class=\"elementor-widget-container\"><p class=\"\" data-start=\"267\" data-end=\"446\">Niipea kui kutsutud s\u00f5ber tellimuse esitab, kantakse osa summast sinu boonus\u00adkontole.<br data-start=\"369\" data-end=\"372\" \/>Mingeid piiranguid pole: kutsu kasv\u00f5i 10 s\u00f5pra ja saa igalt \u00fchelt boonust!<\/p><p data-start=\"267\" data-end=\"446\">Ja s\u00f5bra tellimustest sulle ka tulevad 3% boonustega!<\/p><p class=\"\" data-start=\"448\" data-end=\"512\">\u27a1 Boonused lisatakse p\u00e4rast seda, kui s\u00f5ber on makse kinnitanud.<\/p><\/div><\/div><p>\ud83d\udcb3<\/p><div class=\"elementor-element elementor-element-5537009 elementor-widget elementor-widget-heading\" data-id=\"5537009\" data-element_type=\"widget\" data-widget_type=\"heading.default\"><div class=\"elementor-widget-container\"><h3 class=\"elementor-heading-title elementor-size-default\">4. Vaheta punktid toodete vastu \u2013 lihtne ja kasulik<\/h3><\/div><\/div><div class=\"elementor-element elementor-element-068f90f elementor-widget elementor-widget-text-editor\" data-id=\"068f90f\" data-element_type=\"widget\" data-widget_type=\"text-editor.default\"><div class=\"elementor-widget-container\"><p class=\"\" data-start=\"248\" data-end=\"431\">Kui oled kogunud piisavalt punkte, vali toode meilt<\/p><p class=\"\" data-start=\"248\" data-end=\"431\">v\u00f5i meie partneri poodilt <a href=\"https:\/\/pood.webeclipse.ee\/\">https:\/\/pood.webeclipse.ee\/<\/a><\/p><p class=\"\" data-start=\"248\" data-end=\"431\">ja kasuta punkte tellimuse vormistamisel osalise makse jaoks.<br data-start=\"372\" data-end=\"375\" \/>Isegi v\u00e4ike boonus v\u00f5ib ostusummat meeldivalt v\u00e4hendada!<\/p><p class=\"\" data-start=\"433\" data-end=\"481\">\u27a1 1 punkt = 10 eurosenti. Kasutada saab igal ajal.<\/p><\/div><\/div><div class=\"elementor-element elementor-element-383a7be elementor-widget elementor-widget-heading\" data-id=\"383a7be\" data-element_type=\"widget\" data-widget_type=\"heading.default\"><div class=\"elementor-widget-container\"><h2>\u00a0<\/h2><h2 class=\"elementor-heading-title elementor-size-default\">Mis on boonuspunkte?<\/h2><\/div><\/div><div class=\"elementor-element elementor-element-8cbae52 elementor-widget elementor-widget-text-editor\" data-id=\"8cbae52\" data-element_type=\"widget\" data-widget_type=\"text-editor.default\"><div class=\"elementor-widget-container\"><p>Iga tellimuse eest saad 3% tagasi punktidena.<br data-start=\"199\" data-end=\"202\" \/>1 punkt = 10 eurosenti.<br data-start=\"223\" data-end=\"226\" \/>Punkte saab kasutada j\u00e4rgmise ostu juures.<\/p><\/div><\/div><div class=\"elementor-element elementor-element-22cc3b1 elementor-widget elementor-widget-heading\" data-id=\"22cc3b1\" data-element_type=\"widget\" data-widget_type=\"heading.default\"><div class=\"elementor-widget-container\"><h2>\u00a0<\/h2><h2 class=\"elementor-heading-title elementor-size-default\">Kuidas saada oma link?<\/h2><\/div><\/div><div class=\"elementor-element elementor-element-8c02d85 elementor-widget elementor-widget-text-editor\" data-id=\"8c02d85\" data-element_type=\"widget\" data-widget_type=\"text-editor.default\"><div class=\"elementor-widget-container\"><p>\ud83c\udfaf Registreeru v\u00f5i logi oma kontole sisse.<br data-start=\"206\" data-end=\"209\" \/>\ud83e\uddd1\u200d\ud83d\udcbb Mine \u201c<strong>Minu konto<\/strong>\u201d \u2192\u00a0<strong>Juhtpaneel<\/strong>.<br data-start=\"246\" data-end=\"249\" \/>\ud83d\udcce Seal leiad oma unikaalse soovituslingi.<\/p><\/div><\/div><\/div>\t\t\t\t\t\t\t\t<\/div>\n\t\t\t\t<\/div>\n\t\t\t\t\t<\/div>\n\t\t\t\t<\/div>\n\t\t<div class=\"elementor-element elementor-element-2ea943d e-flex e-con-boxed e-con e-parent\" data-id=\"2ea943d\" data-element_type=\"container\">\n\t\t\t\t\t<div class=\"e-con-inner\">\n\t\t\t\t<div class=\"elementor-element elementor-element-40f0447 elementor-align-center elementor-widget elementor-widget-text_button\" data-id=\"40f0447\" data-element_type=\"widget\" data-widget_type=\"text_button.default\">\n\t\t\t\t<div class=\"elementor-widget-container\">\n\t\t\t\t\t<div class=\"etheme-button-wrapper\"><a href=\"https:\/\/colibri-jewels.eu\/et\/my-account-2\/\" class=\"fill-bottom has-fill etheme-text-button elementor-button\" role=\"button\">\n        <span class=\"elementor-button-content-wrapper\">\n            \n\t\t\t<span class=\"elementor-button-text\">Minu konto<\/span>\n\n            \n            \n        <\/span><\/a><\/div>\t\t\t\t<\/div>\n\t\t\t\t<\/div>\n\t\t\t\t\t<\/div>\n\t\t\t\t<\/div>\n\t\t\t\t<\/div>\n\t\t","protected":false},"excerpt":{"rendered":"<p>Teeni boonuseid koos Colibri Osta, kutsu s\u00f5pru ja teeni punkte, mida saad meie poes kasutada Kuidas see t\u00f6\u00f6tab? \ud83d\uded2 1. Tee tellimusi \u2013 teeni boonuspunkte&#8230;<\/p>\n","protected":false},"author":1,"featured_media":0,"parent":0,"menu_order":0,"comment_status":"closed","ping_status":"closed","template":"","meta":{"footnotes":""},"class_list":["post-49323","page","type-page","status-publish","hentry"],"acf":[],"yoast_head":"<!-- This site is optimized with the Yoast SEO Premium plugin v26.5 (Yoast SEO v26.8) - https:\/\/yoast.com\/product\/yoast-seo-premium-wordpress\/ -->\n<title>Boonus programm - Colibri jewels<\/title>\n<meta name=\"robots\" content=\"index, follow, max-snippet:-1, max-image-preview:large, max-video-preview:-1\" \/>\n<link rel=\"canonical\" href=\"https:\/\/colibri-jewels.eu\/et\/boonus-programm\/\" \/>\n<meta property=\"og:locale\" content=\"et_EE\" \/>\n<meta property=\"og:type\" content=\"article\" \/>\n<meta property=\"og:title\" content=\"Boonus programm\" \/>\n<meta property=\"og:description\" content=\"Teeni boonuseid koos Colibri Osta, kutsu s\u00f5pru ja teeni punkte, mida saad meie poes kasutada Kuidas see t\u00f6\u00f6tab? \ud83d\uded2 1. Tee tellimusi \u2013 teeni boonuspunkte...\" \/>\n<meta property=\"og:url\" content=\"https:\/\/colibri-jewels.eu\/et\/boonus-programm\/\" \/>\n<meta property=\"og:site_name\" content=\"Colibri jewels\" \/>\n<meta property=\"article:publisher\" content=\"https:\/\/www.facebook.com\/colibri.jewels\" \/>\n<meta property=\"article:modified_time\" content=\"2025-05-09T12:38:02+00:00\" \/>\n<meta name=\"twitter:card\" content=\"summary_large_image\" \/>\n<meta name=\"twitter:label1\" content=\"Est. reading time\" \/>\n\t<meta name=\"twitter:data1\" content=\"1 minut\" \/>\n<script type=\"application\/ld+json\" class=\"yoast-schema-graph\">{\"@context\":\"https:\/\/schema.org\",\"@graph\":[{\"@type\":\"WebPage\",\"@id\":\"https:\/\/colibri-jewels.eu\/et\/boonus-programm\/\",\"url\":\"https:\/\/colibri-jewels.eu\/et\/boonus-programm\/\",\"name\":\"Boonus programm - Colibri jewels\",\"isPartOf\":{\"@id\":\"https:\/\/colibri-jewels.eu\/et\/#website\"},\"datePublished\":\"2025-05-04T16:05:12+00:00\",\"dateModified\":\"2025-05-09T12:38:02+00:00\",\"breadcrumb\":{\"@id\":\"https:\/\/colibri-jewels.eu\/et\/boonus-programm\/#breadcrumb\"},\"inLanguage\":\"et\",\"potentialAction\":[{\"@type\":\"ReadAction\",\"target\":[\"https:\/\/colibri-jewels.eu\/et\/boonus-programm\/\"]}]},{\"@type\":\"BreadcrumbList\",\"@id\":\"https:\/\/colibri-jewels.eu\/et\/boonus-programm\/#breadcrumb\",\"itemListElement\":[{\"@type\":\"ListItem\",\"position\":1,\"name\":\"\u0413\u043b\u0430\u0432\u043d\u0430\u044f \u0441\u0442\u0440\u0430\u043d\u0438\u0446\u0430\",\"item\":\"https:\/\/colibri-jewels.eu\/et\/\"},{\"@type\":\"ListItem\",\"position\":2,\"name\":\"Boonus programm\"}]},{\"@type\":\"WebSite\",\"@id\":\"https:\/\/colibri-jewels.eu\/et\/#website\",\"url\":\"https:\/\/colibri-jewels.eu\/et\/\",\"name\":\"Colibri jewels\",\"description\":\"jewelry shop\",\"publisher\":{\"@id\":\"https:\/\/colibri-jewels.eu\/et\/#organization\"},\"potentialAction\":[{\"@type\":\"SearchAction\",\"target\":{\"@type\":\"EntryPoint\",\"urlTemplate\":\"https:\/\/colibri-jewels.eu\/et\/?s={search_term_string}\"},\"query-input\":{\"@type\":\"PropertyValueSpecification\",\"valueRequired\":true,\"valueName\":\"search_term_string\"}}],\"inLanguage\":\"et\"},{\"@type\":\"Organization\",\"@id\":\"https:\/\/colibri-jewels.eu\/et\/#organization\",\"name\":\"O\u00dc Colibri\",\"url\":\"https:\/\/colibri-jewels.eu\/et\/\",\"logo\":{\"@type\":\"ImageObject\",\"inLanguage\":\"et\",\"@id\":\"https:\/\/colibri-jewels.eu\/et\/#\/schema\/logo\/image\/\",\"url\":\"https:\/\/dev.colibri-jewels.eu\/wp-content\/uploads\/2021\/03\/colibri.png\",\"contentUrl\":\"https:\/\/dev.colibri-jewels.eu\/wp-content\/uploads\/2021\/03\/colibri.png\",\"width\":227,\"height\":130,\"caption\":\"O\u00dc Colibri\"},\"image\":{\"@id\":\"https:\/\/colibri-jewels.eu\/et\/#\/schema\/logo\/image\/\"},\"sameAs\":[\"https:\/\/www.facebook.com\/colibri.jewels\",\"https:\/\/www.instagram.com\/colibri.jewels\",\"https:\/\/www.tiktok.com\/colibri.jewels\"]}]}<\/script>\n<!-- \/ Yoast SEO Premium plugin. -->","yoast_head_json":{"title":"Boonus programm - Colibri jewels","robots":{"index":"index","follow":"follow","max-snippet":"max-snippet:-1","max-image-preview":"max-image-preview:large","max-video-preview":"max-video-preview:-1"},"canonical":"https:\/\/colibri-jewels.eu\/et\/boonus-programm\/","og_locale":"et_EE","og_type":"article","og_title":"Boonus programm","og_description":"Teeni boonuseid koos Colibri Osta, kutsu s\u00f5pru ja teeni punkte, mida saad meie poes kasutada Kuidas see t\u00f6\u00f6tab? \ud83d\uded2 1. Tee tellimusi \u2013 teeni boonuspunkte...","og_url":"https:\/\/colibri-jewels.eu\/et\/boonus-programm\/","og_site_name":"Colibri jewels","article_publisher":"https:\/\/www.facebook.com\/colibri.jewels","article_modified_time":"2025-05-09T12:38:02+00:00","twitter_card":"summary_large_image","twitter_misc":{"Est. reading time":"1 minut"},"schema":{"@context":"https:\/\/schema.org","@graph":[{"@type":"WebPage","@id":"https:\/\/colibri-jewels.eu\/et\/boonus-programm\/","url":"https:\/\/colibri-jewels.eu\/et\/boonus-programm\/","name":"Boonus programm - Colibri jewels","isPartOf":{"@id":"https:\/\/colibri-jewels.eu\/et\/#website"},"datePublished":"2025-05-04T16:05:12+00:00","dateModified":"2025-05-09T12:38:02+00:00","breadcrumb":{"@id":"https:\/\/colibri-jewels.eu\/et\/boonus-programm\/#breadcrumb"},"inLanguage":"et","potentialAction":[{"@type":"ReadAction","target":["https:\/\/colibri-jewels.eu\/et\/boonus-programm\/"]}]},{"@type":"BreadcrumbList","@id":"https:\/\/colibri-jewels.eu\/et\/boonus-programm\/#breadcrumb","itemListElement":[{"@type":"ListItem","position":1,"name":"\u0413\u043b\u0430\u0432\u043d\u0430\u044f \u0441\u0442\u0440\u0430\u043d\u0438\u0446\u0430","item":"https:\/\/colibri-jewels.eu\/et\/"},{"@type":"ListItem","position":2,"name":"Boonus programm"}]},{"@type":"WebSite","@id":"https:\/\/colibri-jewels.eu\/et\/#website","url":"https:\/\/colibri-jewels.eu\/et\/","name":"Colibri jewels","description":"jewelry shop","publisher":{"@id":"https:\/\/colibri-jewels.eu\/et\/#organization"},"potentialAction":[{"@type":"SearchAction","target":{"@type":"EntryPoint","urlTemplate":"https:\/\/colibri-jewels.eu\/et\/?s={search_term_string}"},"query-input":{"@type":"PropertyValueSpecification","valueRequired":true,"valueName":"search_term_string"}}],"inLanguage":"et"},{"@type":"Organization","@id":"https:\/\/colibri-jewels.eu\/et\/#organization","name":"O\u00dc Colibri","url":"https:\/\/colibri-jewels.eu\/et\/","logo":{"@type":"ImageObject","inLanguage":"et","@id":"https:\/\/colibri-jewels.eu\/et\/#\/schema\/logo\/image\/","url":"https:\/\/dev.colibri-jewels.eu\/wp-content\/uploads\/2021\/03\/colibri.png","contentUrl":"https:\/\/dev.colibri-jewels.eu\/wp-content\/uploads\/2021\/03\/colibri.png","width":227,"height":130,"caption":"O\u00dc Colibri"},"image":{"@id":"https:\/\/colibri-jewels.eu\/et\/#\/schema\/logo\/image\/"},"sameAs":["https:\/\/www.facebook.com\/colibri.jewels","https:\/\/www.instagram.com\/colibri.jewels","https:\/\/www.tiktok.com\/colibri.jewels"]}]}},"_links":{"self":[{"href":"https:\/\/colibri-jewels.eu\/et\/wp-json\/wp\/v2\/pages\/49323","targetHints":{"allow":["GET"]}}],"collection":[{"href":"https:\/\/colibri-jewels.eu\/et\/wp-json\/wp\/v2\/pages"}],"about":[{"href":"https:\/\/colibri-jewels.eu\/et\/wp-json\/wp\/v2\/types\/page"}],"author":[{"embeddable":true,"href":"https:\/\/colibri-jewels.eu\/et\/wp-json\/wp\/v2\/users\/1"}],"replies":[{"embeddable":true,"href":"https:\/\/colibri-jewels.eu\/et\/wp-json\/wp\/v2\/comments?post=49323"}],"version-history":[{"count":0,"href":"https:\/\/colibri-jewels.eu\/et\/wp-json\/wp\/v2\/pages\/49323\/revisions"}],"wp:attachment":[{"href":"https:\/\/colibri-jewels.eu\/et\/wp-json\/wp\/v2\/media?parent=49323"}],"curies":[{"name":"wp","href":"https:\/\/api.w.org\/{rel}","templated":true}]}}