{"id":26773,"date":"2022-05-16T22:23:13","date_gmt":"2022-05-16T19:23:13","guid":{"rendered":"https:\/\/dev.colibri-jewels.eu\/product\/hobedane-ruunikujuline-poidlarongas-kuldsete-ruunidega-onneratas-r-7968\/"},"modified":"2022-06-10T19:54:03","modified_gmt":"2022-06-10T16:54:03","slug":"hobe-ruuni-poidla-sormus-kuldsete-ruunidega-r-7968","status":"publish","type":"product","link":"https:\/\/colibri-jewels.eu\/et\/toode\/hobe-ruuni-poidla-sormus-kuldsete-ruunidega-r-7968\/","title":{"rendered":"H\u00f5bedane ruunikujuline p\u00f6idlar\u00f5ngas kuldsete ruunidega &#8220;\u00d5nneratas&#8221; R-7968"},"content":{"rendered":"<p>h\u00f5bedast s\u00f5rmus p\u00f6idla jaoks kuldsete (14 kt) ruunidega, spetsiaalsest ruunikollektsioonist.<\/p>\n<p>S\u00f5rmus inimestele, kes teavad, kuidas kujundada soovitud ruumi ja juhtida tulevikku. Iga ruun kannab endas maksimaalset j\u00f5udu ja j\u00f5udu. Seda saab m\u00e4ngida, keerates r\u00f5nga baaspunkti ja andes \u00fclesande ruunile, j\u00e4ttes \u00fclej\u00e4\u00e4nud kaks seda appi.<br \/>\nKasutage Uruz, kui vajate v\u00f5imsat edasiliikumist.<\/p>\n<p>Kui vajate keskendumist konkreetsele \u00fclesandele ja tahtlikke j\u00f5upingutusi &#8211; siis peamine Teiwaz.<\/p>\n<p>Kui vajate kaitset ja lisaenergiat &#8211; peamine Sowelu.<\/p>\n<p>Igale ruunile antakse \u00fclesanne individuaalselt, erinevate \u00fclesannete jaoks. Keskruun t\u00f6\u00f6tab punktsuunas, t\u00e4ites \u00fclesande. Ja tema abistamiseks tugevdavad, puhastavad, \u00fchtlustavad ruumi \u00fclej\u00e4\u00e4nud kaks.<\/p>\n","protected":false},"excerpt":{"rendered":"<p>h\u00f5bedast s\u00f5rmus p\u00f6idla jaoks kuldsete (14 kt) ruunidega, spetsiaalsest ruunikollektsioonist. H\u00f5bes\u00f5rmus kuldsete (14 kt) ruunidega.<\/p>\n","protected":false},"featured_media":24718,"comment_status":"open","ping_status":"closed","template":"","meta":[],"etheme_brands":[],"product_brand":[],"product_cat":[471],"product_tag":[506],"class_list":{"0":"post-26773","1":"product","2":"type-product","3":"status-publish","4":"has-post-thumbnail","6":"product_cat-sormused","7":"product_tag-ruunid","9":"first","10":"outofstock","11":"shipping-taxable","12":"purchasable","13":"product-type-variable"},"acf":[],"yoast_head":"<!-- This site is optimized with the Yoast SEO Premium plugin v26.5 (Yoast SEO v26.8) - https:\/\/yoast.com\/product\/yoast-seo-premium-wordpress\/ -->\n<title>H\u00f5bedane ruunikujuline p\u00f6idlar\u00f5ngas kuldsete ruunidega &quot;\u00d5nneratas&quot; R-7968 - Colibri jewels<\/title>\n<meta name=\"description\" content=\"Spetsiaalne ruunir\u00f5nga disain. Kolm kuldset ruuni h\u00f5bes\u00f5rmusel, tehtud rohkem p\u00f6idla jaoks, et omanikule j\u00f5udu lisada.\" \/>\n<meta name=\"robots\" content=\"index, follow, max-snippet:-1, max-image-preview:large, max-video-preview:-1\" \/>\n<link rel=\"canonical\" href=\"https:\/\/colibri-jewels.eu\/et\/toode\/hobe-ruuni-poidla-sormus-kuldsete-ruunidega-r-7968\/\" \/>\n<meta property=\"og:locale\" content=\"et_EE\" \/>\n<meta property=\"og:type\" content=\"article\" \/>\n<meta property=\"og:title\" content=\"H\u00f5bedane ruunikujuline p\u00f6idlar\u00f5ngas kuldsete ruunidega &quot;\u00d5nneratas&quot; R-7968\" \/>\n<meta property=\"og:description\" content=\"Spetsiaalne ruunir\u00f5nga disain. Kolm kuldset ruuni h\u00f5bes\u00f5rmusel, tehtud rohkem p\u00f6idla jaoks, et omanikule j\u00f5udu lisada.\" \/>\n<meta property=\"og:url\" content=\"https:\/\/colibri-jewels.eu\/et\/toode\/hobe-ruuni-poidla-sormus-kuldsete-ruunidega-r-7968\/\" \/>\n<meta property=\"og:site_name\" content=\"Colibri jewels\" \/>\n<meta property=\"article:publisher\" content=\"https:\/\/www.facebook.com\/colibri.jewels\" \/>\n<meta property=\"article:modified_time\" content=\"2022-06-10T16:54:03+00:00\" \/>\n<meta property=\"og:image\" content=\"https:\/\/colibri-jewels.eu\/wp-content\/uploads\/2022\/05\/r7968web.jpg\" \/>\n\t<meta property=\"og:image:width\" content=\"1000\" \/>\n\t<meta property=\"og:image:height\" content=\"1000\" \/>\n\t<meta property=\"og:image:type\" content=\"image\/jpeg\" \/>\n<meta name=\"twitter:card\" content=\"summary_large_image\" \/>\n<meta name=\"twitter:label1\" content=\"Est. reading time\" \/>\n\t<meta name=\"twitter:data1\" content=\"1 minut\" \/>\n<script type=\"application\/ld+json\" class=\"yoast-schema-graph\">{\"@context\":\"https:\/\/schema.org\",\"@graph\":[{\"@type\":\"WebPage\",\"@id\":\"https:\/\/colibri-jewels.eu\/et\/toode\/hobe-ruuni-poidla-sormus-kuldsete-ruunidega-r-7968\/\",\"url\":\"https:\/\/colibri-jewels.eu\/et\/toode\/hobe-ruuni-poidla-sormus-kuldsete-ruunidega-r-7968\/\",\"name\":\"H\u00f5bedane ruunikujuline p\u00f6idlar\u00f5ngas kuldsete ruunidega \\\"\u00d5nneratas\\\" R-7968 - Colibri jewels\",\"isPartOf\":{\"@id\":\"https:\/\/colibri-jewels.eu\/et\/#website\"},\"primaryImageOfPage\":{\"@id\":\"https:\/\/colibri-jewels.eu\/et\/toode\/hobe-ruuni-poidla-sormus-kuldsete-ruunidega-r-7968\/#primaryimage\"},\"image\":{\"@id\":\"https:\/\/colibri-jewels.eu\/et\/toode\/hobe-ruuni-poidla-sormus-kuldsete-ruunidega-r-7968\/#primaryimage\"},\"thumbnailUrl\":\"https:\/\/colibri-jewels.eu\/wp-content\/uploads\/2022\/05\/r7968web.jpg\",\"datePublished\":\"2022-05-16T19:23:13+00:00\",\"dateModified\":\"2022-06-10T16:54:03+00:00\",\"description\":\"Spetsiaalne ruunir\u00f5nga disain. Kolm kuldset ruuni h\u00f5bes\u00f5rmusel, tehtud rohkem p\u00f6idla jaoks, et omanikule j\u00f5udu lisada.\",\"breadcrumb\":{\"@id\":\"https:\/\/colibri-jewels.eu\/et\/toode\/hobe-ruuni-poidla-sormus-kuldsete-ruunidega-r-7968\/#breadcrumb\"},\"inLanguage\":\"et\",\"potentialAction\":[{\"@type\":\"ReadAction\",\"target\":[\"https:\/\/colibri-jewels.eu\/et\/toode\/hobe-ruuni-poidla-sormus-kuldsete-ruunidega-r-7968\/\"]}]},{\"@type\":\"ImageObject\",\"inLanguage\":\"et\",\"@id\":\"https:\/\/colibri-jewels.eu\/et\/toode\/hobe-ruuni-poidla-sormus-kuldsete-ruunidega-r-7968\/#primaryimage\",\"url\":\"https:\/\/colibri-jewels.eu\/wp-content\/uploads\/2022\/05\/r7968web.jpg\",\"contentUrl\":\"https:\/\/colibri-jewels.eu\/wp-content\/uploads\/2022\/05\/r7968web.jpg\",\"width\":1000,\"height\":1000},{\"@type\":\"BreadcrumbList\",\"@id\":\"https:\/\/colibri-jewels.eu\/et\/toode\/hobe-ruuni-poidla-sormus-kuldsete-ruunidega-r-7968\/#breadcrumb\",\"itemListElement\":[{\"@type\":\"ListItem\",\"position\":1,\"name\":\"\u0413\u043b\u0430\u0432\u043d\u0430\u044f \u0441\u0442\u0440\u0430\u043d\u0438\u0446\u0430\",\"item\":\"https:\/\/colibri-jewels.eu\/et\/\"},{\"@type\":\"ListItem\",\"position\":2,\"name\":\"Pood\",\"item\":\"https:\/\/colibri-jewels.eu\/et\/pood\/\"},{\"@type\":\"ListItem\",\"position\":3,\"name\":\"H\u00f5bedane ruunikujuline p\u00f6idlar\u00f5ngas kuldsete ruunidega &#8220;\u00d5nneratas&#8221; R-7968\"}]},{\"@type\":\"WebSite\",\"@id\":\"https:\/\/colibri-jewels.eu\/et\/#website\",\"url\":\"https:\/\/colibri-jewels.eu\/et\/\",\"name\":\"Colibri jewels\",\"description\":\"jewelry shop\",\"publisher\":{\"@id\":\"https:\/\/colibri-jewels.eu\/et\/#organization\"},\"potentialAction\":[{\"@type\":\"SearchAction\",\"target\":{\"@type\":\"EntryPoint\",\"urlTemplate\":\"https:\/\/colibri-jewels.eu\/et\/?s={search_term_string}\"},\"query-input\":{\"@type\":\"PropertyValueSpecification\",\"valueRequired\":true,\"valueName\":\"search_term_string\"}}],\"inLanguage\":\"et\"},{\"@type\":\"Organization\",\"@id\":\"https:\/\/colibri-jewels.eu\/et\/#organization\",\"name\":\"O\u00dc Colibri\",\"url\":\"https:\/\/colibri-jewels.eu\/et\/\",\"logo\":{\"@type\":\"ImageObject\",\"inLanguage\":\"et\",\"@id\":\"https:\/\/colibri-jewels.eu\/et\/#\/schema\/logo\/image\/\",\"url\":\"https:\/\/dev.colibri-jewels.eu\/wp-content\/uploads\/2021\/03\/colibri.png\",\"contentUrl\":\"https:\/\/dev.colibri-jewels.eu\/wp-content\/uploads\/2021\/03\/colibri.png\",\"width\":227,\"height\":130,\"caption\":\"O\u00dc Colibri\"},\"image\":{\"@id\":\"https:\/\/colibri-jewels.eu\/et\/#\/schema\/logo\/image\/\"},\"sameAs\":[\"https:\/\/www.facebook.com\/colibri.jewels\",\"https:\/\/www.instagram.com\/colibri.jewels\",\"https:\/\/www.tiktok.com\/colibri.jewels\"]}]}<\/script>\n<!-- \/ Yoast SEO Premium plugin. -->","yoast_head_json":{"title":"H\u00f5bedane ruunikujuline p\u00f6idlar\u00f5ngas kuldsete ruunidega \"\u00d5nneratas\" R-7968 - Colibri jewels","description":"Spetsiaalne ruunir\u00f5nga disain. Kolm kuldset ruuni h\u00f5bes\u00f5rmusel, tehtud rohkem p\u00f6idla jaoks, et omanikule j\u00f5udu lisada.","robots":{"index":"index","follow":"follow","max-snippet":"max-snippet:-1","max-image-preview":"max-image-preview:large","max-video-preview":"max-video-preview:-1"},"canonical":"https:\/\/colibri-jewels.eu\/et\/toode\/hobe-ruuni-poidla-sormus-kuldsete-ruunidega-r-7968\/","og_locale":"et_EE","og_type":"article","og_title":"H\u00f5bedane ruunikujuline p\u00f6idlar\u00f5ngas kuldsete ruunidega \"\u00d5nneratas\" R-7968","og_description":"Spetsiaalne ruunir\u00f5nga disain. Kolm kuldset ruuni h\u00f5bes\u00f5rmusel, tehtud rohkem p\u00f6idla jaoks, et omanikule j\u00f5udu lisada.","og_url":"https:\/\/colibri-jewels.eu\/et\/toode\/hobe-ruuni-poidla-sormus-kuldsete-ruunidega-r-7968\/","og_site_name":"Colibri jewels","article_publisher":"https:\/\/www.facebook.com\/colibri.jewels","article_modified_time":"2022-06-10T16:54:03+00:00","og_image":[{"width":1000,"height":1000,"url":"https:\/\/colibri-jewels.eu\/wp-content\/uploads\/2022\/05\/r7968web.jpg","type":"image\/jpeg"}],"twitter_card":"summary_large_image","twitter_misc":{"Est. reading time":"1 minut"},"schema":{"@context":"https:\/\/schema.org","@graph":[{"@type":"WebPage","@id":"https:\/\/colibri-jewels.eu\/et\/toode\/hobe-ruuni-poidla-sormus-kuldsete-ruunidega-r-7968\/","url":"https:\/\/colibri-jewels.eu\/et\/toode\/hobe-ruuni-poidla-sormus-kuldsete-ruunidega-r-7968\/","name":"H\u00f5bedane ruunikujuline p\u00f6idlar\u00f5ngas kuldsete ruunidega \"\u00d5nneratas\" R-7968 - Colibri jewels","isPartOf":{"@id":"https:\/\/colibri-jewels.eu\/et\/#website"},"primaryImageOfPage":{"@id":"https:\/\/colibri-jewels.eu\/et\/toode\/hobe-ruuni-poidla-sormus-kuldsete-ruunidega-r-7968\/#primaryimage"},"image":{"@id":"https:\/\/colibri-jewels.eu\/et\/toode\/hobe-ruuni-poidla-sormus-kuldsete-ruunidega-r-7968\/#primaryimage"},"thumbnailUrl":"https:\/\/colibri-jewels.eu\/wp-content\/uploads\/2022\/05\/r7968web.jpg","datePublished":"2022-05-16T19:23:13+00:00","dateModified":"2022-06-10T16:54:03+00:00","description":"Spetsiaalne ruunir\u00f5nga disain. Kolm kuldset ruuni h\u00f5bes\u00f5rmusel, tehtud rohkem p\u00f6idla jaoks, et omanikule j\u00f5udu lisada.","breadcrumb":{"@id":"https:\/\/colibri-jewels.eu\/et\/toode\/hobe-ruuni-poidla-sormus-kuldsete-ruunidega-r-7968\/#breadcrumb"},"inLanguage":"et","potentialAction":[{"@type":"ReadAction","target":["https:\/\/colibri-jewels.eu\/et\/toode\/hobe-ruuni-poidla-sormus-kuldsete-ruunidega-r-7968\/"]}]},{"@type":"ImageObject","inLanguage":"et","@id":"https:\/\/colibri-jewels.eu\/et\/toode\/hobe-ruuni-poidla-sormus-kuldsete-ruunidega-r-7968\/#primaryimage","url":"https:\/\/colibri-jewels.eu\/wp-content\/uploads\/2022\/05\/r7968web.jpg","contentUrl":"https:\/\/colibri-jewels.eu\/wp-content\/uploads\/2022\/05\/r7968web.jpg","width":1000,"height":1000},{"@type":"BreadcrumbList","@id":"https:\/\/colibri-jewels.eu\/et\/toode\/hobe-ruuni-poidla-sormus-kuldsete-ruunidega-r-7968\/#breadcrumb","itemListElement":[{"@type":"ListItem","position":1,"name":"\u0413\u043b\u0430\u0432\u043d\u0430\u044f \u0441\u0442\u0440\u0430\u043d\u0438\u0446\u0430","item":"https:\/\/colibri-jewels.eu\/et\/"},{"@type":"ListItem","position":2,"name":"Pood","item":"https:\/\/colibri-jewels.eu\/et\/pood\/"},{"@type":"ListItem","position":3,"name":"H\u00f5bedane ruunikujuline p\u00f6idlar\u00f5ngas kuldsete ruunidega &#8220;\u00d5nneratas&#8221; R-7968"}]},{"@type":"WebSite","@id":"https:\/\/colibri-jewels.eu\/et\/#website","url":"https:\/\/colibri-jewels.eu\/et\/","name":"Colibri jewels","description":"jewelry shop","publisher":{"@id":"https:\/\/colibri-jewels.eu\/et\/#organization"},"potentialAction":[{"@type":"SearchAction","target":{"@type":"EntryPoint","urlTemplate":"https:\/\/colibri-jewels.eu\/et\/?s={search_term_string}"},"query-input":{"@type":"PropertyValueSpecification","valueRequired":true,"valueName":"search_term_string"}}],"inLanguage":"et"},{"@type":"Organization","@id":"https:\/\/colibri-jewels.eu\/et\/#organization","name":"O\u00dc Colibri","url":"https:\/\/colibri-jewels.eu\/et\/","logo":{"@type":"ImageObject","inLanguage":"et","@id":"https:\/\/colibri-jewels.eu\/et\/#\/schema\/logo\/image\/","url":"https:\/\/dev.colibri-jewels.eu\/wp-content\/uploads\/2021\/03\/colibri.png","contentUrl":"https:\/\/dev.colibri-jewels.eu\/wp-content\/uploads\/2021\/03\/colibri.png","width":227,"height":130,"caption":"O\u00dc Colibri"},"image":{"@id":"https:\/\/colibri-jewels.eu\/et\/#\/schema\/logo\/image\/"},"sameAs":["https:\/\/www.facebook.com\/colibri.jewels","https:\/\/www.instagram.com\/colibri.jewels","https:\/\/www.tiktok.com\/colibri.jewels"]}]}},"_links":{"self":[{"href":"https:\/\/colibri-jewels.eu\/et\/wp-json\/wp\/v2\/product\/26773","targetHints":{"allow":["GET"]}}],"collection":[{"href":"https:\/\/colibri-jewels.eu\/et\/wp-json\/wp\/v2\/product"}],"about":[{"href":"https:\/\/colibri-jewels.eu\/et\/wp-json\/wp\/v2\/types\/product"}],"replies":[{"embeddable":true,"href":"https:\/\/colibri-jewels.eu\/et\/wp-json\/wp\/v2\/comments?post=26773"}],"version-history":[{"count":0,"href":"https:\/\/colibri-jewels.eu\/et\/wp-json\/wp\/v2\/product\/26773\/revisions"}],"wp:featuredmedia":[{"embeddable":true,"href":"https:\/\/colibri-jewels.eu\/et\/wp-json\/wp\/v2\/media\/24718"}],"wp:attachment":[{"href":"https:\/\/colibri-jewels.eu\/et\/wp-json\/wp\/v2\/media?parent=26773"}],"wp:term":[{"taxonomy":"brand","embeddable":true,"href":"https:\/\/colibri-jewels.eu\/et\/wp-json\/wp\/v2\/etheme_brands?post=26773"},{"taxonomy":"product_brand","embeddable":true,"href":"https:\/\/colibri-jewels.eu\/et\/wp-json\/wp\/v2\/product_brand?post=26773"},{"taxonomy":"product_cat","embeddable":true,"href":"https:\/\/colibri-jewels.eu\/et\/wp-json\/wp\/v2\/product_cat?post=26773"},{"taxonomy":"product_tag","embeddable":true,"href":"https:\/\/colibri-jewels.eu\/et\/wp-json\/wp\/v2\/product_tag?post=26773"}],"curies":[{"name":"wp","href":"https:\/\/api.w.org\/{rel}","templated":true}]}}