{"id":26816,"date":"2024-01-10T10:29:27","date_gmt":"2024-01-10T08:29:27","guid":{"rendered":"https:\/\/dev.colibri-jewels.eu\/product\/meditatiivne-tantsukristalliga-ripats-p-7898\/"},"modified":"2024-05-09T10:38:59","modified_gmt":"2024-05-09T07:38:59","slug":"p7898ag","status":"publish","type":"product","link":"https:\/\/colibri-jewels.eu\/et\/toode\/p7898ag\/","title":{"rendered":"Meditatiivne tantsukristalliga ripats P-7898"},"content":{"rendered":"<p>Autori tantsukristallide sari mediteerimiseks ja ruunidega t\u00f6\u00f6tamiseks. Kristallide v\u00e4rvid vastavad t\u0161akrate v\u00e4rvidele, v\u00e4rvile keskendumise mugavuse huvides valige see, mida vajate.<\/p>\n<p>Kristall on fikseeritud nii, et see &#8220;tantsib&#8221; pidevalt liikudes, juhtides sellega perenaise silmadelt tarbetu t\u00e4helepanu k\u00f5rvale.<\/p>\n<p>Kristall on suur, 10 mm l\u00e4bim\u00f5\u00f5duga, s\u00e4rav ja sobib looduslike mineraalide v\u00e4rvidega.<\/p>\n<p>T\u00e4ielik ruuniring \u00fcmbritseb kristalli ja ripatsi k\u00fcljel &#8211; p\u00e4ikeseringi s\u00fcmbol.<\/p>\n<p>Ripatsi keskmine kaal 7,5-8,5 g. Sterling h\u00f5be, roodium kate.<\/p>\n<p>&nbsp;<\/p>\n<p>&nbsp;<\/p>\n<p>&nbsp;<\/p>\n<p>&nbsp;<\/p>\n<p>&nbsp;<\/p>\n<p>&nbsp;<\/p>\n<p>&nbsp;<\/p>\n","protected":false},"excerpt":{"rendered":"<p>Autori tantsukristallide sari mediteerimiseks ja ruunidega t\u00f6\u00f6tamiseks. Kristallide v\u00e4rvid vastavad t\u0161akrate v\u00e4rvidele, v\u00e4rvile keskendumise mugavuse huvides valige see, mida vajate.<\/p>\n<p>Kristall on fikseeritud nii, et see &#8220;tantsib&#8221; pidevalt liikudes, juhtides sellega perenaise silmadelt tarbetu t\u00e4helepanu k\u00f5rvale.<\/p>\n<p>Kristall on suur, 10 mm l\u00e4bim\u00f5\u00f5duga, s\u00e4rav ja sobib looduslike mineraalide v\u00e4rvidega.<\/p>\n<p>T\u00e4ielik ruuniring \u00fcmbritseb kristalli ja ripatsi k\u00fcljel &#8211; p\u00e4ikeseringi s\u00fcmbol.<\/p>\n<p>&nbsp;<\/p>\n","protected":false},"featured_media":23377,"comment_status":"open","ping_status":"closed","template":"","meta":[],"etheme_brands":[],"product_brand":[],"product_cat":[470],"product_tag":[506],"class_list":{"0":"post-26816","1":"product","2":"type-product","3":"status-publish","4":"has-post-thumbnail","6":"product_cat-kaelakeed-ja-ripatsid","7":"product_tag-ruunid","9":"first","10":"instock","11":"shipping-taxable","12":"purchasable","13":"product-type-variable"},"acf":[],"yoast_head":"<!-- This site is optimized with the Yoast SEO Premium plugin v26.5 (Yoast SEO v26.8) - https:\/\/yoast.com\/product\/yoast-seo-premium-wordpress\/ -->\n<title>Meditatiivne tantsukristalliga ripats P-7898 - Colibri jewels<\/title>\n<meta name=\"robots\" content=\"index, follow, max-snippet:-1, max-image-preview:large, max-video-preview:-1\" \/>\n<link rel=\"canonical\" href=\"https:\/\/colibri-jewels.eu\/et\/toode\/p7898ag\/\" \/>\n<meta property=\"og:locale\" content=\"et_EE\" \/>\n<meta property=\"og:type\" content=\"article\" \/>\n<meta property=\"og:title\" content=\"Meditatiivne tantsukristalliga ripats P-7898\" \/>\n<meta property=\"og:description\" content=\"Autori tantsukristallide sari mediteerimiseks ja ruunidega t\u00f6\u00f6tamiseks. Kristallide v\u00e4rvid vastavad t\u0161akrate v\u00e4rvidele, v\u00e4rvile keskendumise mugavuse huvides valige see, mida vajate. Kristall on fikseeritud nii, et see &quot;tantsib&quot; pidevalt liikudes, juhtides sellega perenaise silmadelt tarbetu t\u00e4helepanu k\u00f5rvale. Kristall on suur, 10 mm l\u00e4bim\u00f5\u00f5duga, s\u00e4rav ja sobib looduslike mineraalide v\u00e4rvidega. T\u00e4ielik ruuniring \u00fcmbritseb kristalli ja ripatsi k\u00fcljel - p\u00e4ikeseringi s\u00fcmbol. &nbsp;\" \/>\n<meta property=\"og:url\" content=\"https:\/\/colibri-jewels.eu\/et\/toode\/p7898ag\/\" \/>\n<meta property=\"og:site_name\" content=\"Colibri jewels\" \/>\n<meta property=\"article:publisher\" content=\"https:\/\/www.facebook.com\/colibri.jewels\" \/>\n<meta property=\"article:modified_time\" content=\"2024-05-09T07:38:59+00:00\" \/>\n<meta property=\"og:image\" content=\"https:\/\/colibri-jewels.eu\/wp-content\/uploads\/2021\/03\/p7898web.jpg\" \/>\n\t<meta property=\"og:image:width\" content=\"1000\" \/>\n\t<meta property=\"og:image:height\" content=\"1000\" \/>\n\t<meta property=\"og:image:type\" content=\"image\/jpeg\" \/>\n<meta name=\"twitter:card\" content=\"summary_large_image\" \/>\n<script type=\"application\/ld+json\" class=\"yoast-schema-graph\">{\"@context\":\"https:\/\/schema.org\",\"@graph\":[{\"@type\":\"WebPage\",\"@id\":\"https:\/\/colibri-jewels.eu\/et\/toode\/p7898ag\/\",\"url\":\"https:\/\/colibri-jewels.eu\/et\/toode\/p7898ag\/\",\"name\":\"Meditatiivne tantsukristalliga ripats P-7898 - Colibri jewels\",\"isPartOf\":{\"@id\":\"https:\/\/colibri-jewels.eu\/et\/#website\"},\"primaryImageOfPage\":{\"@id\":\"https:\/\/colibri-jewels.eu\/et\/toode\/p7898ag\/#primaryimage\"},\"image\":{\"@id\":\"https:\/\/colibri-jewels.eu\/et\/toode\/p7898ag\/#primaryimage\"},\"thumbnailUrl\":\"https:\/\/colibri-jewels.eu\/wp-content\/uploads\/2021\/03\/p7898web.jpg\",\"datePublished\":\"2024-01-10T08:29:27+00:00\",\"dateModified\":\"2024-05-09T07:38:59+00:00\",\"breadcrumb\":{\"@id\":\"https:\/\/colibri-jewels.eu\/et\/toode\/p7898ag\/#breadcrumb\"},\"inLanguage\":\"et\",\"potentialAction\":[{\"@type\":\"ReadAction\",\"target\":[\"https:\/\/colibri-jewels.eu\/et\/toode\/p7898ag\/\"]}]},{\"@type\":\"ImageObject\",\"inLanguage\":\"et\",\"@id\":\"https:\/\/colibri-jewels.eu\/et\/toode\/p7898ag\/#primaryimage\",\"url\":\"https:\/\/colibri-jewels.eu\/wp-content\/uploads\/2021\/03\/p7898web.jpg\",\"contentUrl\":\"https:\/\/colibri-jewels.eu\/wp-content\/uploads\/2021\/03\/p7898web.jpg\",\"width\":1000,\"height\":1000},{\"@type\":\"BreadcrumbList\",\"@id\":\"https:\/\/colibri-jewels.eu\/et\/toode\/p7898ag\/#breadcrumb\",\"itemListElement\":[{\"@type\":\"ListItem\",\"position\":1,\"name\":\"\u0413\u043b\u0430\u0432\u043d\u0430\u044f \u0441\u0442\u0440\u0430\u043d\u0438\u0446\u0430\",\"item\":\"https:\/\/colibri-jewels.eu\/et\/\"},{\"@type\":\"ListItem\",\"position\":2,\"name\":\"Pood\",\"item\":\"https:\/\/colibri-jewels.eu\/et\/pood\/\"},{\"@type\":\"ListItem\",\"position\":3,\"name\":\"Meditatiivne tantsukristalliga ripats P-7898\"}]},{\"@type\":\"WebSite\",\"@id\":\"https:\/\/colibri-jewels.eu\/et\/#website\",\"url\":\"https:\/\/colibri-jewels.eu\/et\/\",\"name\":\"Colibri jewels\",\"description\":\"jewelry shop\",\"publisher\":{\"@id\":\"https:\/\/colibri-jewels.eu\/et\/#organization\"},\"potentialAction\":[{\"@type\":\"SearchAction\",\"target\":{\"@type\":\"EntryPoint\",\"urlTemplate\":\"https:\/\/colibri-jewels.eu\/et\/?s={search_term_string}\"},\"query-input\":{\"@type\":\"PropertyValueSpecification\",\"valueRequired\":true,\"valueName\":\"search_term_string\"}}],\"inLanguage\":\"et\"},{\"@type\":\"Organization\",\"@id\":\"https:\/\/colibri-jewels.eu\/et\/#organization\",\"name\":\"O\u00dc Colibri\",\"url\":\"https:\/\/colibri-jewels.eu\/et\/\",\"logo\":{\"@type\":\"ImageObject\",\"inLanguage\":\"et\",\"@id\":\"https:\/\/colibri-jewels.eu\/et\/#\/schema\/logo\/image\/\",\"url\":\"https:\/\/dev.colibri-jewels.eu\/wp-content\/uploads\/2021\/03\/colibri.png\",\"contentUrl\":\"https:\/\/dev.colibri-jewels.eu\/wp-content\/uploads\/2021\/03\/colibri.png\",\"width\":227,\"height\":130,\"caption\":\"O\u00dc Colibri\"},\"image\":{\"@id\":\"https:\/\/colibri-jewels.eu\/et\/#\/schema\/logo\/image\/\"},\"sameAs\":[\"https:\/\/www.facebook.com\/colibri.jewels\",\"https:\/\/www.instagram.com\/colibri.jewels\",\"https:\/\/www.tiktok.com\/colibri.jewels\"]}]}<\/script>\n<!-- \/ Yoast SEO Premium plugin. -->","yoast_head_json":{"title":"Meditatiivne tantsukristalliga ripats P-7898 - Colibri jewels","robots":{"index":"index","follow":"follow","max-snippet":"max-snippet:-1","max-image-preview":"max-image-preview:large","max-video-preview":"max-video-preview:-1"},"canonical":"https:\/\/colibri-jewels.eu\/et\/toode\/p7898ag\/","og_locale":"et_EE","og_type":"article","og_title":"Meditatiivne tantsukristalliga ripats P-7898","og_description":"Autori tantsukristallide sari mediteerimiseks ja ruunidega t\u00f6\u00f6tamiseks. Kristallide v\u00e4rvid vastavad t\u0161akrate v\u00e4rvidele, v\u00e4rvile keskendumise mugavuse huvides valige see, mida vajate. Kristall on fikseeritud nii, et see \"tantsib\" pidevalt liikudes, juhtides sellega perenaise silmadelt tarbetu t\u00e4helepanu k\u00f5rvale. Kristall on suur, 10 mm l\u00e4bim\u00f5\u00f5duga, s\u00e4rav ja sobib looduslike mineraalide v\u00e4rvidega. T\u00e4ielik ruuniring \u00fcmbritseb kristalli ja ripatsi k\u00fcljel - p\u00e4ikeseringi s\u00fcmbol. &nbsp;","og_url":"https:\/\/colibri-jewels.eu\/et\/toode\/p7898ag\/","og_site_name":"Colibri jewels","article_publisher":"https:\/\/www.facebook.com\/colibri.jewels","article_modified_time":"2024-05-09T07:38:59+00:00","og_image":[{"width":1000,"height":1000,"url":"https:\/\/colibri-jewels.eu\/wp-content\/uploads\/2021\/03\/p7898web.jpg","type":"image\/jpeg"}],"twitter_card":"summary_large_image","schema":{"@context":"https:\/\/schema.org","@graph":[{"@type":"WebPage","@id":"https:\/\/colibri-jewels.eu\/et\/toode\/p7898ag\/","url":"https:\/\/colibri-jewels.eu\/et\/toode\/p7898ag\/","name":"Meditatiivne tantsukristalliga ripats P-7898 - Colibri jewels","isPartOf":{"@id":"https:\/\/colibri-jewels.eu\/et\/#website"},"primaryImageOfPage":{"@id":"https:\/\/colibri-jewels.eu\/et\/toode\/p7898ag\/#primaryimage"},"image":{"@id":"https:\/\/colibri-jewels.eu\/et\/toode\/p7898ag\/#primaryimage"},"thumbnailUrl":"https:\/\/colibri-jewels.eu\/wp-content\/uploads\/2021\/03\/p7898web.jpg","datePublished":"2024-01-10T08:29:27+00:00","dateModified":"2024-05-09T07:38:59+00:00","breadcrumb":{"@id":"https:\/\/colibri-jewels.eu\/et\/toode\/p7898ag\/#breadcrumb"},"inLanguage":"et","potentialAction":[{"@type":"ReadAction","target":["https:\/\/colibri-jewels.eu\/et\/toode\/p7898ag\/"]}]},{"@type":"ImageObject","inLanguage":"et","@id":"https:\/\/colibri-jewels.eu\/et\/toode\/p7898ag\/#primaryimage","url":"https:\/\/colibri-jewels.eu\/wp-content\/uploads\/2021\/03\/p7898web.jpg","contentUrl":"https:\/\/colibri-jewels.eu\/wp-content\/uploads\/2021\/03\/p7898web.jpg","width":1000,"height":1000},{"@type":"BreadcrumbList","@id":"https:\/\/colibri-jewels.eu\/et\/toode\/p7898ag\/#breadcrumb","itemListElement":[{"@type":"ListItem","position":1,"name":"\u0413\u043b\u0430\u0432\u043d\u0430\u044f \u0441\u0442\u0440\u0430\u043d\u0438\u0446\u0430","item":"https:\/\/colibri-jewels.eu\/et\/"},{"@type":"ListItem","position":2,"name":"Pood","item":"https:\/\/colibri-jewels.eu\/et\/pood\/"},{"@type":"ListItem","position":3,"name":"Meditatiivne tantsukristalliga ripats P-7898"}]},{"@type":"WebSite","@id":"https:\/\/colibri-jewels.eu\/et\/#website","url":"https:\/\/colibri-jewels.eu\/et\/","name":"Colibri jewels","description":"jewelry shop","publisher":{"@id":"https:\/\/colibri-jewels.eu\/et\/#organization"},"potentialAction":[{"@type":"SearchAction","target":{"@type":"EntryPoint","urlTemplate":"https:\/\/colibri-jewels.eu\/et\/?s={search_term_string}"},"query-input":{"@type":"PropertyValueSpecification","valueRequired":true,"valueName":"search_term_string"}}],"inLanguage":"et"},{"@type":"Organization","@id":"https:\/\/colibri-jewels.eu\/et\/#organization","name":"O\u00dc Colibri","url":"https:\/\/colibri-jewels.eu\/et\/","logo":{"@type":"ImageObject","inLanguage":"et","@id":"https:\/\/colibri-jewels.eu\/et\/#\/schema\/logo\/image\/","url":"https:\/\/dev.colibri-jewels.eu\/wp-content\/uploads\/2021\/03\/colibri.png","contentUrl":"https:\/\/dev.colibri-jewels.eu\/wp-content\/uploads\/2021\/03\/colibri.png","width":227,"height":130,"caption":"O\u00dc Colibri"},"image":{"@id":"https:\/\/colibri-jewels.eu\/et\/#\/schema\/logo\/image\/"},"sameAs":["https:\/\/www.facebook.com\/colibri.jewels","https:\/\/www.instagram.com\/colibri.jewels","https:\/\/www.tiktok.com\/colibri.jewels"]}]}},"_links":{"self":[{"href":"https:\/\/colibri-jewels.eu\/et\/wp-json\/wp\/v2\/product\/26816","targetHints":{"allow":["GET"]}}],"collection":[{"href":"https:\/\/colibri-jewels.eu\/et\/wp-json\/wp\/v2\/product"}],"about":[{"href":"https:\/\/colibri-jewels.eu\/et\/wp-json\/wp\/v2\/types\/product"}],"replies":[{"embeddable":true,"href":"https:\/\/colibri-jewels.eu\/et\/wp-json\/wp\/v2\/comments?post=26816"}],"version-history":[{"count":0,"href":"https:\/\/colibri-jewels.eu\/et\/wp-json\/wp\/v2\/product\/26816\/revisions"}],"wp:featuredmedia":[{"embeddable":true,"href":"https:\/\/colibri-jewels.eu\/et\/wp-json\/wp\/v2\/media\/23377"}],"wp:attachment":[{"href":"https:\/\/colibri-jewels.eu\/et\/wp-json\/wp\/v2\/media?parent=26816"}],"wp:term":[{"taxonomy":"brand","embeddable":true,"href":"https:\/\/colibri-jewels.eu\/et\/wp-json\/wp\/v2\/etheme_brands?post=26816"},{"taxonomy":"product_brand","embeddable":true,"href":"https:\/\/colibri-jewels.eu\/et\/wp-json\/wp\/v2\/product_brand?post=26816"},{"taxonomy":"product_cat","embeddable":true,"href":"https:\/\/colibri-jewels.eu\/et\/wp-json\/wp\/v2\/product_cat?post=26816"},{"taxonomy":"product_tag","embeddable":true,"href":"https:\/\/colibri-jewels.eu\/et\/wp-json\/wp\/v2\/product_tag?post=26816"}],"curies":[{"name":"wp","href":"https:\/\/api.w.org\/{rel}","templated":true}]}}