{"id":27954,"date":"2022-06-09T14:38:12","date_gmt":"2022-06-09T11:38:12","guid":{"rendered":"https:\/\/dev.colibri-jewels.eu\/product\/ruunisormus-vordse-partneri-ligitombamine-r-7705\/"},"modified":"2023-11-06T18:54:34","modified_gmt":"2023-11-06T16:54:34","slug":"ruunirongas-atraktsioon-vordne-partner-r-7705","status":"publish","type":"product","link":"https:\/\/colibri-jewels.eu\/et\/toode\/ruunirongas-atraktsioon-vordne-partner-r-7705\/","title":{"rendered":"Ruunis\u00f5rmus &#8220;V\u00f5rdse partneri ligit\u00f5mbamine&#8221; R-7705"},"content":{"rendered":"<p>Seda s\u00f5rmust kandev inimene meelitab enda poole v\u00f5rdseid huvisid. Samuti t\u00f6\u00f6tatakse v\u00e4lja tugev sisemine j\u00f5ud ja kord inimese s\u00fcsteemi sees.<\/p>\n<p>Ruunivalem koosneb:<\/p>\n<p>THURISAZ \u2013 s\u00f5dalase p\u00fchendumise, enesedistsipliini ja kontrolli ruun<\/p>\n<p>NAUTHIZ \u2013 ruun, mis s\u00fcmboliseerib millegi v\u00f5i kellegi vajalikkust<\/p>\n<p>GEBO \u2013 kingituse ja vastukingituse ruun, partnerluse ja koost\u00f6\u00f6 ruun, vastandite \u00fchtsuse ruun<\/p>\n<p>KENAZ \u2013 avanemise, inspiratsiooni ja individuaalsuse avaldumise ruun<\/p>\n<p>ISA \u2013 sisemise korra ruun, struktuur<\/p>\n","protected":false},"excerpt":{"rendered":"<p>Lai h\u00f5bedane s\u00f5rmus, mille sees on ruunivalem.<\/p>\n<p>Puhas h\u00f5be, mustamine.<\/p>\n","protected":false},"featured_media":27938,"comment_status":"open","ping_status":"closed","template":"","meta":[],"etheme_brands":[],"product_brand":[],"product_cat":[471],"product_tag":[506],"class_list":{"0":"post-27954","1":"product","2":"type-product","3":"status-publish","4":"has-post-thumbnail","6":"product_cat-sormused","7":"product_tag-ruunid","9":"first","10":"instock","11":"shipping-taxable","12":"purchasable","13":"product-type-variable"},"acf":[],"yoast_head":"<!-- This site is optimized with the Yoast SEO Premium plugin v26.5 (Yoast SEO v26.8) - https:\/\/yoast.com\/product\/yoast-seo-premium-wordpress\/ -->\n<title>Ruunis\u00f5rmus &quot;V\u00f5rdse partneri ligit\u00f5mbamine&quot; R-7705 - Colibri jewels<\/title>\n<meta name=\"description\" content=\"Ruunis\u00f5rmus &quot;V\u00f5rdse partneri ligimeelitamine&quot; kutsub universumit appi, et leida endale v\u00f5rdne partner. Runic valem on sees.\" \/>\n<meta name=\"robots\" content=\"index, follow, max-snippet:-1, max-image-preview:large, max-video-preview:-1\" \/>\n<link rel=\"canonical\" href=\"https:\/\/colibri-jewels.eu\/et\/toode\/ruunirongas-atraktsioon-vordne-partner-r-7705\/\" \/>\n<meta property=\"og:locale\" content=\"et_EE\" \/>\n<meta property=\"og:type\" content=\"article\" \/>\n<meta property=\"og:title\" content=\"Ruunis\u00f5rmus &quot;V\u00f5rdse partneri ligit\u00f5mbamine&quot; R-7705\" \/>\n<meta property=\"og:description\" content=\"Ruunis\u00f5rmus &quot;V\u00f5rdse partneri ligimeelitamine&quot; kutsub universumit appi, et leida endale v\u00f5rdne partner. Runic valem on sees.\" \/>\n<meta property=\"og:url\" content=\"https:\/\/colibri-jewels.eu\/et\/toode\/ruunirongas-atraktsioon-vordne-partner-r-7705\/\" \/>\n<meta property=\"og:site_name\" content=\"Colibri jewels\" \/>\n<meta property=\"article:publisher\" content=\"https:\/\/www.facebook.com\/colibri.jewels\" \/>\n<meta property=\"article:modified_time\" content=\"2023-11-06T16:54:34+00:00\" \/>\n<meta property=\"og:image\" content=\"https:\/\/colibri-jewels.eu\/wp-content\/uploads\/2022\/06\/r-7705-web.jpg\" \/>\n\t<meta property=\"og:image:width\" content=\"1000\" \/>\n\t<meta property=\"og:image:height\" content=\"1000\" \/>\n\t<meta property=\"og:image:type\" content=\"image\/jpeg\" \/>\n<meta name=\"twitter:card\" content=\"summary_large_image\" \/>\n<script type=\"application\/ld+json\" class=\"yoast-schema-graph\">{\"@context\":\"https:\/\/schema.org\",\"@graph\":[{\"@type\":\"WebPage\",\"@id\":\"https:\/\/colibri-jewels.eu\/et\/toode\/ruunirongas-atraktsioon-vordne-partner-r-7705\/\",\"url\":\"https:\/\/colibri-jewels.eu\/et\/toode\/ruunirongas-atraktsioon-vordne-partner-r-7705\/\",\"name\":\"Ruunis\u00f5rmus \\\"V\u00f5rdse partneri ligit\u00f5mbamine\\\" R-7705 - Colibri jewels\",\"isPartOf\":{\"@id\":\"https:\/\/colibri-jewels.eu\/et\/#website\"},\"primaryImageOfPage\":{\"@id\":\"https:\/\/colibri-jewels.eu\/et\/toode\/ruunirongas-atraktsioon-vordne-partner-r-7705\/#primaryimage\"},\"image\":{\"@id\":\"https:\/\/colibri-jewels.eu\/et\/toode\/ruunirongas-atraktsioon-vordne-partner-r-7705\/#primaryimage\"},\"thumbnailUrl\":\"https:\/\/colibri-jewels.eu\/wp-content\/uploads\/2022\/06\/r-7705-web.jpg\",\"datePublished\":\"2022-06-09T11:38:12+00:00\",\"dateModified\":\"2023-11-06T16:54:34+00:00\",\"description\":\"Ruunis\u00f5rmus \\\"V\u00f5rdse partneri ligimeelitamine\\\" kutsub universumit appi, et leida endale v\u00f5rdne partner. Runic valem on sees.\",\"breadcrumb\":{\"@id\":\"https:\/\/colibri-jewels.eu\/et\/toode\/ruunirongas-atraktsioon-vordne-partner-r-7705\/#breadcrumb\"},\"inLanguage\":\"et\",\"potentialAction\":[{\"@type\":\"ReadAction\",\"target\":[\"https:\/\/colibri-jewels.eu\/et\/toode\/ruunirongas-atraktsioon-vordne-partner-r-7705\/\"]}]},{\"@type\":\"ImageObject\",\"inLanguage\":\"et\",\"@id\":\"https:\/\/colibri-jewels.eu\/et\/toode\/ruunirongas-atraktsioon-vordne-partner-r-7705\/#primaryimage\",\"url\":\"https:\/\/colibri-jewels.eu\/wp-content\/uploads\/2022\/06\/r-7705-web.jpg\",\"contentUrl\":\"https:\/\/colibri-jewels.eu\/wp-content\/uploads\/2022\/06\/r-7705-web.jpg\",\"width\":1000,\"height\":1000},{\"@type\":\"BreadcrumbList\",\"@id\":\"https:\/\/colibri-jewels.eu\/et\/toode\/ruunirongas-atraktsioon-vordne-partner-r-7705\/#breadcrumb\",\"itemListElement\":[{\"@type\":\"ListItem\",\"position\":1,\"name\":\"\u0413\u043b\u0430\u0432\u043d\u0430\u044f \u0441\u0442\u0440\u0430\u043d\u0438\u0446\u0430\",\"item\":\"https:\/\/colibri-jewels.eu\/et\/\"},{\"@type\":\"ListItem\",\"position\":2,\"name\":\"Pood\",\"item\":\"https:\/\/colibri-jewels.eu\/et\/pood\/\"},{\"@type\":\"ListItem\",\"position\":3,\"name\":\"Ruunis\u00f5rmus &#8220;V\u00f5rdse partneri ligit\u00f5mbamine&#8221; R-7705\"}]},{\"@type\":\"WebSite\",\"@id\":\"https:\/\/colibri-jewels.eu\/et\/#website\",\"url\":\"https:\/\/colibri-jewels.eu\/et\/\",\"name\":\"Colibri jewels\",\"description\":\"jewelry shop\",\"publisher\":{\"@id\":\"https:\/\/colibri-jewels.eu\/et\/#organization\"},\"potentialAction\":[{\"@type\":\"SearchAction\",\"target\":{\"@type\":\"EntryPoint\",\"urlTemplate\":\"https:\/\/colibri-jewels.eu\/et\/?s={search_term_string}\"},\"query-input\":{\"@type\":\"PropertyValueSpecification\",\"valueRequired\":true,\"valueName\":\"search_term_string\"}}],\"inLanguage\":\"et\"},{\"@type\":\"Organization\",\"@id\":\"https:\/\/colibri-jewels.eu\/et\/#organization\",\"name\":\"O\u00dc Colibri\",\"url\":\"https:\/\/colibri-jewels.eu\/et\/\",\"logo\":{\"@type\":\"ImageObject\",\"inLanguage\":\"et\",\"@id\":\"https:\/\/colibri-jewels.eu\/et\/#\/schema\/logo\/image\/\",\"url\":\"https:\/\/dev.colibri-jewels.eu\/wp-content\/uploads\/2021\/03\/colibri.png\",\"contentUrl\":\"https:\/\/dev.colibri-jewels.eu\/wp-content\/uploads\/2021\/03\/colibri.png\",\"width\":227,\"height\":130,\"caption\":\"O\u00dc Colibri\"},\"image\":{\"@id\":\"https:\/\/colibri-jewels.eu\/et\/#\/schema\/logo\/image\/\"},\"sameAs\":[\"https:\/\/www.facebook.com\/colibri.jewels\",\"https:\/\/www.instagram.com\/colibri.jewels\",\"https:\/\/www.tiktok.com\/colibri.jewels\"]}]}<\/script>\n<!-- \/ Yoast SEO Premium plugin. -->","yoast_head_json":{"title":"Ruunis\u00f5rmus \"V\u00f5rdse partneri ligit\u00f5mbamine\" R-7705 - Colibri jewels","description":"Ruunis\u00f5rmus \"V\u00f5rdse partneri ligimeelitamine\" kutsub universumit appi, et leida endale v\u00f5rdne partner. Runic valem on sees.","robots":{"index":"index","follow":"follow","max-snippet":"max-snippet:-1","max-image-preview":"max-image-preview:large","max-video-preview":"max-video-preview:-1"},"canonical":"https:\/\/colibri-jewels.eu\/et\/toode\/ruunirongas-atraktsioon-vordne-partner-r-7705\/","og_locale":"et_EE","og_type":"article","og_title":"Ruunis\u00f5rmus \"V\u00f5rdse partneri ligit\u00f5mbamine\" R-7705","og_description":"Ruunis\u00f5rmus \"V\u00f5rdse partneri ligimeelitamine\" kutsub universumit appi, et leida endale v\u00f5rdne partner. Runic valem on sees.","og_url":"https:\/\/colibri-jewels.eu\/et\/toode\/ruunirongas-atraktsioon-vordne-partner-r-7705\/","og_site_name":"Colibri jewels","article_publisher":"https:\/\/www.facebook.com\/colibri.jewels","article_modified_time":"2023-11-06T16:54:34+00:00","og_image":[{"width":1000,"height":1000,"url":"https:\/\/colibri-jewels.eu\/wp-content\/uploads\/2022\/06\/r-7705-web.jpg","type":"image\/jpeg"}],"twitter_card":"summary_large_image","schema":{"@context":"https:\/\/schema.org","@graph":[{"@type":"WebPage","@id":"https:\/\/colibri-jewels.eu\/et\/toode\/ruunirongas-atraktsioon-vordne-partner-r-7705\/","url":"https:\/\/colibri-jewels.eu\/et\/toode\/ruunirongas-atraktsioon-vordne-partner-r-7705\/","name":"Ruunis\u00f5rmus \"V\u00f5rdse partneri ligit\u00f5mbamine\" R-7705 - Colibri jewels","isPartOf":{"@id":"https:\/\/colibri-jewels.eu\/et\/#website"},"primaryImageOfPage":{"@id":"https:\/\/colibri-jewels.eu\/et\/toode\/ruunirongas-atraktsioon-vordne-partner-r-7705\/#primaryimage"},"image":{"@id":"https:\/\/colibri-jewels.eu\/et\/toode\/ruunirongas-atraktsioon-vordne-partner-r-7705\/#primaryimage"},"thumbnailUrl":"https:\/\/colibri-jewels.eu\/wp-content\/uploads\/2022\/06\/r-7705-web.jpg","datePublished":"2022-06-09T11:38:12+00:00","dateModified":"2023-11-06T16:54:34+00:00","description":"Ruunis\u00f5rmus \"V\u00f5rdse partneri ligimeelitamine\" kutsub universumit appi, et leida endale v\u00f5rdne partner. Runic valem on sees.","breadcrumb":{"@id":"https:\/\/colibri-jewels.eu\/et\/toode\/ruunirongas-atraktsioon-vordne-partner-r-7705\/#breadcrumb"},"inLanguage":"et","potentialAction":[{"@type":"ReadAction","target":["https:\/\/colibri-jewels.eu\/et\/toode\/ruunirongas-atraktsioon-vordne-partner-r-7705\/"]}]},{"@type":"ImageObject","inLanguage":"et","@id":"https:\/\/colibri-jewels.eu\/et\/toode\/ruunirongas-atraktsioon-vordne-partner-r-7705\/#primaryimage","url":"https:\/\/colibri-jewels.eu\/wp-content\/uploads\/2022\/06\/r-7705-web.jpg","contentUrl":"https:\/\/colibri-jewels.eu\/wp-content\/uploads\/2022\/06\/r-7705-web.jpg","width":1000,"height":1000},{"@type":"BreadcrumbList","@id":"https:\/\/colibri-jewels.eu\/et\/toode\/ruunirongas-atraktsioon-vordne-partner-r-7705\/#breadcrumb","itemListElement":[{"@type":"ListItem","position":1,"name":"\u0413\u043b\u0430\u0432\u043d\u0430\u044f \u0441\u0442\u0440\u0430\u043d\u0438\u0446\u0430","item":"https:\/\/colibri-jewels.eu\/et\/"},{"@type":"ListItem","position":2,"name":"Pood","item":"https:\/\/colibri-jewels.eu\/et\/pood\/"},{"@type":"ListItem","position":3,"name":"Ruunis\u00f5rmus &#8220;V\u00f5rdse partneri ligit\u00f5mbamine&#8221; R-7705"}]},{"@type":"WebSite","@id":"https:\/\/colibri-jewels.eu\/et\/#website","url":"https:\/\/colibri-jewels.eu\/et\/","name":"Colibri jewels","description":"jewelry shop","publisher":{"@id":"https:\/\/colibri-jewels.eu\/et\/#organization"},"potentialAction":[{"@type":"SearchAction","target":{"@type":"EntryPoint","urlTemplate":"https:\/\/colibri-jewels.eu\/et\/?s={search_term_string}"},"query-input":{"@type":"PropertyValueSpecification","valueRequired":true,"valueName":"search_term_string"}}],"inLanguage":"et"},{"@type":"Organization","@id":"https:\/\/colibri-jewels.eu\/et\/#organization","name":"O\u00dc Colibri","url":"https:\/\/colibri-jewels.eu\/et\/","logo":{"@type":"ImageObject","inLanguage":"et","@id":"https:\/\/colibri-jewels.eu\/et\/#\/schema\/logo\/image\/","url":"https:\/\/dev.colibri-jewels.eu\/wp-content\/uploads\/2021\/03\/colibri.png","contentUrl":"https:\/\/dev.colibri-jewels.eu\/wp-content\/uploads\/2021\/03\/colibri.png","width":227,"height":130,"caption":"O\u00dc Colibri"},"image":{"@id":"https:\/\/colibri-jewels.eu\/et\/#\/schema\/logo\/image\/"},"sameAs":["https:\/\/www.facebook.com\/colibri.jewels","https:\/\/www.instagram.com\/colibri.jewels","https:\/\/www.tiktok.com\/colibri.jewels"]}]}},"_links":{"self":[{"href":"https:\/\/colibri-jewels.eu\/et\/wp-json\/wp\/v2\/product\/27954","targetHints":{"allow":["GET"]}}],"collection":[{"href":"https:\/\/colibri-jewels.eu\/et\/wp-json\/wp\/v2\/product"}],"about":[{"href":"https:\/\/colibri-jewels.eu\/et\/wp-json\/wp\/v2\/types\/product"}],"replies":[{"embeddable":true,"href":"https:\/\/colibri-jewels.eu\/et\/wp-json\/wp\/v2\/comments?post=27954"}],"version-history":[{"count":0,"href":"https:\/\/colibri-jewels.eu\/et\/wp-json\/wp\/v2\/product\/27954\/revisions"}],"wp:featuredmedia":[{"embeddable":true,"href":"https:\/\/colibri-jewels.eu\/et\/wp-json\/wp\/v2\/media\/27938"}],"wp:attachment":[{"href":"https:\/\/colibri-jewels.eu\/et\/wp-json\/wp\/v2\/media?parent=27954"}],"wp:term":[{"taxonomy":"brand","embeddable":true,"href":"https:\/\/colibri-jewels.eu\/et\/wp-json\/wp\/v2\/etheme_brands?post=27954"},{"taxonomy":"product_brand","embeddable":true,"href":"https:\/\/colibri-jewels.eu\/et\/wp-json\/wp\/v2\/product_brand?post=27954"},{"taxonomy":"product_cat","embeddable":true,"href":"https:\/\/colibri-jewels.eu\/et\/wp-json\/wp\/v2\/product_cat?post=27954"},{"taxonomy":"product_tag","embeddable":true,"href":"https:\/\/colibri-jewels.eu\/et\/wp-json\/wp\/v2\/product_tag?post=27954"}],"curies":[{"name":"wp","href":"https:\/\/api.w.org\/{rel}","templated":true}]}}