{"id":28031,"date":"2024-07-17T20:40:52","date_gmt":"2024-07-17T17:40:52","guid":{"rendered":"https:\/\/dev.colibri-jewels.eu\/product\/totem-ripats-ookull-p-7917\/"},"modified":"2024-07-23T21:48:49","modified_gmt":"2024-07-23T18:48:49","slug":"totem-ripats-ookull-p-7917","status":"publish","type":"product","link":"https:\/\/colibri-jewels.eu\/et\/toode\/totem-ripats-ookull-p-7917\/","title":{"rendered":"Totem ripats &#8220;\u00d6\u00f6kull&#8221; P-7917"},"content":{"rendered":"<p>\u00d6\u00f6kull on naisenergia s\u00fcmbol, kuu ja \u00f6\u00f6 embleem. Mitte \u00fchtegi lindu maailmas ei seostata nii paljude saladuste ja legendidega kui \u00d6\u00f6kulliga. Juba iidsetest aegadest on seda \u00fcmbritsenud m\u00fcstiline aura. See on osaliselt tingitud asjaolust, et \u00f6\u00f6kull on \u00f6\u00f6lind ja inimesed on \u00f6\u00f6d alati tajunud saladuste ja saladuste ajana. Nad kutsusid teda tiivuliseks kassiks. Teda kummardati kui jumalust. Teda vihati kui kuradi kehastust. Muistsed inimesed uskusid, et \u00f6\u00f6kullil on suur tervendav j\u00f5ud. S\u00fcmboolse seose t\u00f5ttu kuuga seostatakse seda lindu viljakuse ja v\u00f5rgutamisega: kuuvalgus kutsub \u00f6\u00f6kulli jahti pidama ja \u00e4ratab meestes iha. \u00d6\u00f6kull on maagia ja pimeduse lind, kes suudab n\u00e4ha n\u00e4htamatut, prohvetliku kingituse ja tarkuse armuke.<\/p>\n","protected":false},"excerpt":{"rendered":"<p>H\u00f5be, kullatud 76 kristalli k\u00e4sitsi seades. Keskmine kaal 5,5 g.<\/p>\n","protected":false},"featured_media":42269,"comment_status":"open","ping_status":"closed","template":"","meta":[],"etheme_brands":[],"product_brand":[],"product_cat":[470],"product_tag":[503],"class_list":{"0":"post-28031","1":"product","2":"type-product","3":"status-publish","4":"has-post-thumbnail","6":"product_cat-kaelakeed-ja-ripatsid","7":"product_tag-loomalik","9":"first","10":"onbackorder","11":"shipping-taxable","12":"purchasable","13":"product-type-simple"},"acf":[],"yoast_head":"<!-- This site is optimized with the Yoast SEO Premium plugin v26.5 (Yoast SEO v26.8) - https:\/\/yoast.com\/product\/yoast-seo-premium-wordpress\/ -->\n<title>Totem ripats &quot;\u00d6\u00f6kull&quot; P-7917 - Colibri jewels<\/title>\n<meta name=\"description\" content=\"Seda h\u00f5bedast &quot;\u00d6\u00f6kull&quot; ripatsit Totemi kollektsioonist saate osta meie juveelipoest veebis v\u00f5i Tallinnas asuvast n\u00e4itusesaalist.\" \/>\n<meta name=\"robots\" content=\"index, follow, max-snippet:-1, max-image-preview:large, max-video-preview:-1\" \/>\n<link rel=\"canonical\" href=\"https:\/\/colibri-jewels.eu\/et\/toode\/totem-ripats-ookull-p-7917\/\" \/>\n<meta property=\"og:locale\" content=\"et_EE\" \/>\n<meta property=\"og:type\" content=\"article\" \/>\n<meta property=\"og:title\" content=\"Totem ripats &quot;\u00d6\u00f6kull&quot; P-7917\" \/>\n<meta property=\"og:description\" content=\"Seda h\u00f5bedast &quot;\u00d6\u00f6kull&quot; ripatsit Totemi kollektsioonist saate osta meie juveelipoest veebis v\u00f5i Tallinnas asuvast n\u00e4itusesaalist.\" \/>\n<meta property=\"og:url\" content=\"https:\/\/colibri-jewels.eu\/et\/toode\/totem-ripats-ookull-p-7917\/\" \/>\n<meta property=\"og:site_name\" content=\"Colibri jewels\" \/>\n<meta property=\"article:publisher\" content=\"https:\/\/www.facebook.com\/colibri.jewels\" \/>\n<meta property=\"article:modified_time\" content=\"2024-07-23T18:48:49+00:00\" \/>\n<meta property=\"og:image\" content=\"https:\/\/colibri-jewels.eu\/wp-content\/uploads\/2024\/07\/silver-totem-pendant-owl-P-7917-2.jpg\" \/>\n\t<meta property=\"og:image:width\" content=\"1000\" \/>\n\t<meta property=\"og:image:height\" content=\"1000\" \/>\n\t<meta property=\"og:image:type\" content=\"image\/jpeg\" \/>\n<meta name=\"twitter:card\" content=\"summary_large_image\" \/>\n<meta name=\"twitter:label1\" content=\"Est. reading time\" \/>\n\t<meta name=\"twitter:data1\" content=\"1 minut\" \/>\n<script type=\"application\/ld+json\" class=\"yoast-schema-graph\">{\"@context\":\"https:\/\/schema.org\",\"@graph\":[{\"@type\":\"WebPage\",\"@id\":\"https:\/\/colibri-jewels.eu\/et\/toode\/totem-ripats-ookull-p-7917\/\",\"url\":\"https:\/\/colibri-jewels.eu\/et\/toode\/totem-ripats-ookull-p-7917\/\",\"name\":\"Totem ripats \\\"\u00d6\u00f6kull\\\" P-7917 - Colibri jewels\",\"isPartOf\":{\"@id\":\"https:\/\/colibri-jewels.eu\/et\/#website\"},\"primaryImageOfPage\":{\"@id\":\"https:\/\/colibri-jewels.eu\/et\/toode\/totem-ripats-ookull-p-7917\/#primaryimage\"},\"image\":{\"@id\":\"https:\/\/colibri-jewels.eu\/et\/toode\/totem-ripats-ookull-p-7917\/#primaryimage\"},\"thumbnailUrl\":\"https:\/\/colibri-jewels.eu\/wp-content\/uploads\/2024\/07\/silver-totem-pendant-owl-P-7917-2.jpg\",\"datePublished\":\"2024-07-17T17:40:52+00:00\",\"dateModified\":\"2024-07-23T18:48:49+00:00\",\"description\":\"Seda h\u00f5bedast \\\"\u00d6\u00f6kull\\\" ripatsit Totemi kollektsioonist saate osta meie juveelipoest veebis v\u00f5i Tallinnas asuvast n\u00e4itusesaalist.\",\"breadcrumb\":{\"@id\":\"https:\/\/colibri-jewels.eu\/et\/toode\/totem-ripats-ookull-p-7917\/#breadcrumb\"},\"inLanguage\":\"et\",\"potentialAction\":[{\"@type\":\"ReadAction\",\"target\":[\"https:\/\/colibri-jewels.eu\/et\/toode\/totem-ripats-ookull-p-7917\/\"]}]},{\"@type\":\"ImageObject\",\"inLanguage\":\"et\",\"@id\":\"https:\/\/colibri-jewels.eu\/et\/toode\/totem-ripats-ookull-p-7917\/#primaryimage\",\"url\":\"https:\/\/colibri-jewels.eu\/wp-content\/uploads\/2024\/07\/silver-totem-pendant-owl-P-7917-2.jpg\",\"contentUrl\":\"https:\/\/colibri-jewels.eu\/wp-content\/uploads\/2024\/07\/silver-totem-pendant-owl-P-7917-2.jpg\",\"width\":1000,\"height\":1000},{\"@type\":\"BreadcrumbList\",\"@id\":\"https:\/\/colibri-jewels.eu\/et\/toode\/totem-ripats-ookull-p-7917\/#breadcrumb\",\"itemListElement\":[{\"@type\":\"ListItem\",\"position\":1,\"name\":\"\u0413\u043b\u0430\u0432\u043d\u0430\u044f \u0441\u0442\u0440\u0430\u043d\u0438\u0446\u0430\",\"item\":\"https:\/\/colibri-jewels.eu\/et\/\"},{\"@type\":\"ListItem\",\"position\":2,\"name\":\"Pood\",\"item\":\"https:\/\/colibri-jewels.eu\/et\/pood\/\"},{\"@type\":\"ListItem\",\"position\":3,\"name\":\"Totem ripats &#8220;\u00d6\u00f6kull&#8221; P-7917\"}]},{\"@type\":\"WebSite\",\"@id\":\"https:\/\/colibri-jewels.eu\/et\/#website\",\"url\":\"https:\/\/colibri-jewels.eu\/et\/\",\"name\":\"Colibri jewels\",\"description\":\"jewelry shop\",\"publisher\":{\"@id\":\"https:\/\/colibri-jewels.eu\/et\/#organization\"},\"potentialAction\":[{\"@type\":\"SearchAction\",\"target\":{\"@type\":\"EntryPoint\",\"urlTemplate\":\"https:\/\/colibri-jewels.eu\/et\/?s={search_term_string}\"},\"query-input\":{\"@type\":\"PropertyValueSpecification\",\"valueRequired\":true,\"valueName\":\"search_term_string\"}}],\"inLanguage\":\"et\"},{\"@type\":\"Organization\",\"@id\":\"https:\/\/colibri-jewels.eu\/et\/#organization\",\"name\":\"O\u00dc Colibri\",\"url\":\"https:\/\/colibri-jewels.eu\/et\/\",\"logo\":{\"@type\":\"ImageObject\",\"inLanguage\":\"et\",\"@id\":\"https:\/\/colibri-jewels.eu\/et\/#\/schema\/logo\/image\/\",\"url\":\"https:\/\/dev.colibri-jewels.eu\/wp-content\/uploads\/2021\/03\/colibri.png\",\"contentUrl\":\"https:\/\/dev.colibri-jewels.eu\/wp-content\/uploads\/2021\/03\/colibri.png\",\"width\":227,\"height\":130,\"caption\":\"O\u00dc Colibri\"},\"image\":{\"@id\":\"https:\/\/colibri-jewels.eu\/et\/#\/schema\/logo\/image\/\"},\"sameAs\":[\"https:\/\/www.facebook.com\/colibri.jewels\",\"https:\/\/www.instagram.com\/colibri.jewels\",\"https:\/\/www.tiktok.com\/colibri.jewels\"]}]}<\/script>\n<!-- \/ Yoast SEO Premium plugin. -->","yoast_head_json":{"title":"Totem ripats \"\u00d6\u00f6kull\" P-7917 - Colibri jewels","description":"Seda h\u00f5bedast \"\u00d6\u00f6kull\" ripatsit Totemi kollektsioonist saate osta meie juveelipoest veebis v\u00f5i Tallinnas asuvast n\u00e4itusesaalist.","robots":{"index":"index","follow":"follow","max-snippet":"max-snippet:-1","max-image-preview":"max-image-preview:large","max-video-preview":"max-video-preview:-1"},"canonical":"https:\/\/colibri-jewels.eu\/et\/toode\/totem-ripats-ookull-p-7917\/","og_locale":"et_EE","og_type":"article","og_title":"Totem ripats \"\u00d6\u00f6kull\" P-7917","og_description":"Seda h\u00f5bedast \"\u00d6\u00f6kull\" ripatsit Totemi kollektsioonist saate osta meie juveelipoest veebis v\u00f5i Tallinnas asuvast n\u00e4itusesaalist.","og_url":"https:\/\/colibri-jewels.eu\/et\/toode\/totem-ripats-ookull-p-7917\/","og_site_name":"Colibri jewels","article_publisher":"https:\/\/www.facebook.com\/colibri.jewels","article_modified_time":"2024-07-23T18:48:49+00:00","og_image":[{"width":1000,"height":1000,"url":"https:\/\/colibri-jewels.eu\/wp-content\/uploads\/2024\/07\/silver-totem-pendant-owl-P-7917-2.jpg","type":"image\/jpeg"}],"twitter_card":"summary_large_image","twitter_misc":{"Est. reading time":"1 minut"},"schema":{"@context":"https:\/\/schema.org","@graph":[{"@type":"WebPage","@id":"https:\/\/colibri-jewels.eu\/et\/toode\/totem-ripats-ookull-p-7917\/","url":"https:\/\/colibri-jewels.eu\/et\/toode\/totem-ripats-ookull-p-7917\/","name":"Totem ripats \"\u00d6\u00f6kull\" P-7917 - Colibri jewels","isPartOf":{"@id":"https:\/\/colibri-jewels.eu\/et\/#website"},"primaryImageOfPage":{"@id":"https:\/\/colibri-jewels.eu\/et\/toode\/totem-ripats-ookull-p-7917\/#primaryimage"},"image":{"@id":"https:\/\/colibri-jewels.eu\/et\/toode\/totem-ripats-ookull-p-7917\/#primaryimage"},"thumbnailUrl":"https:\/\/colibri-jewels.eu\/wp-content\/uploads\/2024\/07\/silver-totem-pendant-owl-P-7917-2.jpg","datePublished":"2024-07-17T17:40:52+00:00","dateModified":"2024-07-23T18:48:49+00:00","description":"Seda h\u00f5bedast \"\u00d6\u00f6kull\" ripatsit Totemi kollektsioonist saate osta meie juveelipoest veebis v\u00f5i Tallinnas asuvast n\u00e4itusesaalist.","breadcrumb":{"@id":"https:\/\/colibri-jewels.eu\/et\/toode\/totem-ripats-ookull-p-7917\/#breadcrumb"},"inLanguage":"et","potentialAction":[{"@type":"ReadAction","target":["https:\/\/colibri-jewels.eu\/et\/toode\/totem-ripats-ookull-p-7917\/"]}]},{"@type":"ImageObject","inLanguage":"et","@id":"https:\/\/colibri-jewels.eu\/et\/toode\/totem-ripats-ookull-p-7917\/#primaryimage","url":"https:\/\/colibri-jewels.eu\/wp-content\/uploads\/2024\/07\/silver-totem-pendant-owl-P-7917-2.jpg","contentUrl":"https:\/\/colibri-jewels.eu\/wp-content\/uploads\/2024\/07\/silver-totem-pendant-owl-P-7917-2.jpg","width":1000,"height":1000},{"@type":"BreadcrumbList","@id":"https:\/\/colibri-jewels.eu\/et\/toode\/totem-ripats-ookull-p-7917\/#breadcrumb","itemListElement":[{"@type":"ListItem","position":1,"name":"\u0413\u043b\u0430\u0432\u043d\u0430\u044f \u0441\u0442\u0440\u0430\u043d\u0438\u0446\u0430","item":"https:\/\/colibri-jewels.eu\/et\/"},{"@type":"ListItem","position":2,"name":"Pood","item":"https:\/\/colibri-jewels.eu\/et\/pood\/"},{"@type":"ListItem","position":3,"name":"Totem ripats &#8220;\u00d6\u00f6kull&#8221; P-7917"}]},{"@type":"WebSite","@id":"https:\/\/colibri-jewels.eu\/et\/#website","url":"https:\/\/colibri-jewels.eu\/et\/","name":"Colibri jewels","description":"jewelry shop","publisher":{"@id":"https:\/\/colibri-jewels.eu\/et\/#organization"},"potentialAction":[{"@type":"SearchAction","target":{"@type":"EntryPoint","urlTemplate":"https:\/\/colibri-jewels.eu\/et\/?s={search_term_string}"},"query-input":{"@type":"PropertyValueSpecification","valueRequired":true,"valueName":"search_term_string"}}],"inLanguage":"et"},{"@type":"Organization","@id":"https:\/\/colibri-jewels.eu\/et\/#organization","name":"O\u00dc Colibri","url":"https:\/\/colibri-jewels.eu\/et\/","logo":{"@type":"ImageObject","inLanguage":"et","@id":"https:\/\/colibri-jewels.eu\/et\/#\/schema\/logo\/image\/","url":"https:\/\/dev.colibri-jewels.eu\/wp-content\/uploads\/2021\/03\/colibri.png","contentUrl":"https:\/\/dev.colibri-jewels.eu\/wp-content\/uploads\/2021\/03\/colibri.png","width":227,"height":130,"caption":"O\u00dc Colibri"},"image":{"@id":"https:\/\/colibri-jewels.eu\/et\/#\/schema\/logo\/image\/"},"sameAs":["https:\/\/www.facebook.com\/colibri.jewels","https:\/\/www.instagram.com\/colibri.jewels","https:\/\/www.tiktok.com\/colibri.jewels"]}]}},"_links":{"self":[{"href":"https:\/\/colibri-jewels.eu\/et\/wp-json\/wp\/v2\/product\/28031","targetHints":{"allow":["GET"]}}],"collection":[{"href":"https:\/\/colibri-jewels.eu\/et\/wp-json\/wp\/v2\/product"}],"about":[{"href":"https:\/\/colibri-jewels.eu\/et\/wp-json\/wp\/v2\/types\/product"}],"replies":[{"embeddable":true,"href":"https:\/\/colibri-jewels.eu\/et\/wp-json\/wp\/v2\/comments?post=28031"}],"version-history":[{"count":0,"href":"https:\/\/colibri-jewels.eu\/et\/wp-json\/wp\/v2\/product\/28031\/revisions"}],"wp:featuredmedia":[{"embeddable":true,"href":"https:\/\/colibri-jewels.eu\/et\/wp-json\/wp\/v2\/media\/42269"}],"wp:attachment":[{"href":"https:\/\/colibri-jewels.eu\/et\/wp-json\/wp\/v2\/media?parent=28031"}],"wp:term":[{"taxonomy":"brand","embeddable":true,"href":"https:\/\/colibri-jewels.eu\/et\/wp-json\/wp\/v2\/etheme_brands?post=28031"},{"taxonomy":"product_brand","embeddable":true,"href":"https:\/\/colibri-jewels.eu\/et\/wp-json\/wp\/v2\/product_brand?post=28031"},{"taxonomy":"product_cat","embeddable":true,"href":"https:\/\/colibri-jewels.eu\/et\/wp-json\/wp\/v2\/product_cat?post=28031"},{"taxonomy":"product_tag","embeddable":true,"href":"https:\/\/colibri-jewels.eu\/et\/wp-json\/wp\/v2\/product_tag?post=28031"}],"curies":[{"name":"wp","href":"https:\/\/api.w.org\/{rel}","templated":true}]}}