{"id":28199,"date":"2022-06-10T21:30:27","date_gmt":"2022-06-10T18:30:27","guid":{"rendered":"https:\/\/dev.colibri-jewels.eu\/product\/valgest-kullast-solitaire-sormus-051-ct-teemandiga-r-8006\/"},"modified":"2024-11-13T20:37:24","modified_gmt":"2024-11-13T18:37:24","slug":"valge-kuld-pasjanss-sormus-0-51-ct-teemant-r-8006","status":"publish","type":"product","link":"https:\/\/colibri-jewels.eu\/et\/toode\/valge-kuld-pasjanss-sormus-0-51-ct-teemant-r-8006\/","title":{"rendered":"Valgest kullast solitaire s\u00f5rmus 0,51 ct teemandiga R-8006"},"content":{"rendered":"<p>Lakooniline s\u00f5rmus 0,48-karaadise teemandiga, mis sobib teile kenasti.<\/p>\n<p>Teemant on H v\u00e4rvi I1 selgus.<\/p>\n<p>S\u00f5rmus on sertifitseeritud Tallinna Gemoloogiakeskuse &#8220;Metrosert&#8221; poolt.<\/p>\n<p>Laos oleva s\u00f5rmuse suurus 16,5, kuid selle briljandiga saame teha teie t\u00e4pse suuruse v\u00f5i isegi teise s\u00f5rmuse!<\/p>\n<p>S\u00f5rmuse kaal 2,0 g.<\/p>\n<p>Saate tellida mis tahes teemandi omadusi, hind s\u00f5ltub teemandist.<\/p>\n","protected":false},"excerpt":{"rendered":"<p>Lakooniline s\u00f5rmus 0,48-karaadise teemandiga, mis sobib teile kenasti.<\/p>\n<p>Teemant on H v\u00e4rvi I1 selgus.<\/p>\n<p>S\u00f5rmus on sertifitseeritud Tallinna Gemoloogiakeskuse &#8220;Metrosert&#8221; poolt.<\/p>\n<p>Laos oleva s\u00f5rmuse suurus 16,5, kuid selle briljandiga saame teha teie t\u00e4pse suuruse v\u00f5i isegi teise s\u00f5rmuse!<\/p>\n<p>S\u00f5rmuse kaal 2,0 g.<\/p>\n","protected":false},"featured_media":28184,"comment_status":"open","ping_status":"closed","template":"","meta":[],"etheme_brands":[],"product_brand":[],"product_cat":[471],"product_tag":[507,476,508],"class_list":{"0":"post-28199","1":"product","2":"type-product","3":"status-publish","4":"has-post-thumbnail","6":"product_cat-sormused","7":"product_tag-allahindlus","8":"product_tag-eksklusiivsed-ehted","9":"product_tag-solitaar","11":"first","12":"instock","13":"sale","14":"shipping-taxable","15":"purchasable","16":"product-type-simple"},"acf":[],"yoast_head":"<!-- This site is optimized with the Yoast SEO Premium plugin v26.5 (Yoast SEO v26.8) - https:\/\/yoast.com\/product\/yoast-seo-premium-wordpress\/ -->\n<title>Valgest kullast solitaire s\u00f5rmus 0,51 ct teemandiga R-8006 - Colibri jewels<\/title>\n<meta name=\"description\" content=\"Elegantne valgest kullast s\u00f5rmus 0,51-karaadise teemandiga, saab teha oma suuruse j\u00e4rgi v\u00f5i tellida selle teemandiga oma disaini!\" \/>\n<meta name=\"robots\" content=\"index, follow, max-snippet:-1, max-image-preview:large, max-video-preview:-1\" \/>\n<link rel=\"canonical\" href=\"https:\/\/colibri-jewels.eu\/et\/toode\/valge-kuld-pasjanss-sormus-0-51-ct-teemant-r-8006\/\" \/>\n<meta property=\"og:locale\" content=\"et_EE\" \/>\n<meta property=\"og:type\" content=\"article\" \/>\n<meta property=\"og:title\" content=\"Valgest kullast solitaire s\u00f5rmus 0,51 ct teemandiga R-8006\" \/>\n<meta property=\"og:description\" content=\"Elegantne valgest kullast s\u00f5rmus 0,51-karaadise teemandiga, saab teha oma suuruse j\u00e4rgi v\u00f5i tellida selle teemandiga oma disaini!\" \/>\n<meta property=\"og:url\" content=\"https:\/\/colibri-jewels.eu\/et\/toode\/valge-kuld-pasjanss-sormus-0-51-ct-teemant-r-8006\/\" \/>\n<meta property=\"og:site_name\" content=\"Colibri jewels\" \/>\n<meta property=\"article:publisher\" content=\"https:\/\/www.facebook.com\/colibri.jewels\" \/>\n<meta property=\"article:modified_time\" content=\"2024-11-13T18:37:24+00:00\" \/>\n<meta property=\"og:image\" content=\"https:\/\/colibri-jewels.eu\/wp-content\/uploads\/2022\/06\/rd-8006-web.jpg\" \/>\n\t<meta property=\"og:image:width\" content=\"1000\" \/>\n\t<meta property=\"og:image:height\" content=\"1000\" \/>\n\t<meta property=\"og:image:type\" content=\"image\/jpeg\" \/>\n<meta name=\"twitter:card\" content=\"summary_large_image\" \/>\n<script type=\"application\/ld+json\" class=\"yoast-schema-graph\">{\"@context\":\"https:\/\/schema.org\",\"@graph\":[{\"@type\":\"WebPage\",\"@id\":\"https:\/\/colibri-jewels.eu\/et\/toode\/valge-kuld-pasjanss-sormus-0-51-ct-teemant-r-8006\/\",\"url\":\"https:\/\/colibri-jewels.eu\/et\/toode\/valge-kuld-pasjanss-sormus-0-51-ct-teemant-r-8006\/\",\"name\":\"Valgest kullast solitaire s\u00f5rmus 0,51 ct teemandiga R-8006 - Colibri jewels\",\"isPartOf\":{\"@id\":\"https:\/\/colibri-jewels.eu\/et\/#website\"},\"primaryImageOfPage\":{\"@id\":\"https:\/\/colibri-jewels.eu\/et\/toode\/valge-kuld-pasjanss-sormus-0-51-ct-teemant-r-8006\/#primaryimage\"},\"image\":{\"@id\":\"https:\/\/colibri-jewels.eu\/et\/toode\/valge-kuld-pasjanss-sormus-0-51-ct-teemant-r-8006\/#primaryimage\"},\"thumbnailUrl\":\"https:\/\/colibri-jewels.eu\/wp-content\/uploads\/2022\/06\/rd-8006-web.jpg\",\"datePublished\":\"2022-06-10T18:30:27+00:00\",\"dateModified\":\"2024-11-13T18:37:24+00:00\",\"description\":\"Elegantne valgest kullast s\u00f5rmus 0,51-karaadise teemandiga, saab teha oma suuruse j\u00e4rgi v\u00f5i tellida selle teemandiga oma disaini!\",\"breadcrumb\":{\"@id\":\"https:\/\/colibri-jewels.eu\/et\/toode\/valge-kuld-pasjanss-sormus-0-51-ct-teemant-r-8006\/#breadcrumb\"},\"inLanguage\":\"et\",\"potentialAction\":[{\"@type\":\"ReadAction\",\"target\":[\"https:\/\/colibri-jewels.eu\/et\/toode\/valge-kuld-pasjanss-sormus-0-51-ct-teemant-r-8006\/\"]}]},{\"@type\":\"ImageObject\",\"inLanguage\":\"et\",\"@id\":\"https:\/\/colibri-jewels.eu\/et\/toode\/valge-kuld-pasjanss-sormus-0-51-ct-teemant-r-8006\/#primaryimage\",\"url\":\"https:\/\/colibri-jewels.eu\/wp-content\/uploads\/2022\/06\/rd-8006-web.jpg\",\"contentUrl\":\"https:\/\/colibri-jewels.eu\/wp-content\/uploads\/2022\/06\/rd-8006-web.jpg\",\"width\":1000,\"height\":1000},{\"@type\":\"BreadcrumbList\",\"@id\":\"https:\/\/colibri-jewels.eu\/et\/toode\/valge-kuld-pasjanss-sormus-0-51-ct-teemant-r-8006\/#breadcrumb\",\"itemListElement\":[{\"@type\":\"ListItem\",\"position\":1,\"name\":\"\u0413\u043b\u0430\u0432\u043d\u0430\u044f \u0441\u0442\u0440\u0430\u043d\u0438\u0446\u0430\",\"item\":\"https:\/\/colibri-jewels.eu\/et\/\"},{\"@type\":\"ListItem\",\"position\":2,\"name\":\"Pood\",\"item\":\"https:\/\/colibri-jewels.eu\/et\/pood\/\"},{\"@type\":\"ListItem\",\"position\":3,\"name\":\"Valgest kullast solitaire s\u00f5rmus 0,51 ct teemandiga R-8006\"}]},{\"@type\":\"WebSite\",\"@id\":\"https:\/\/colibri-jewels.eu\/et\/#website\",\"url\":\"https:\/\/colibri-jewels.eu\/et\/\",\"name\":\"Colibri jewels\",\"description\":\"jewelry shop\",\"publisher\":{\"@id\":\"https:\/\/colibri-jewels.eu\/et\/#organization\"},\"potentialAction\":[{\"@type\":\"SearchAction\",\"target\":{\"@type\":\"EntryPoint\",\"urlTemplate\":\"https:\/\/colibri-jewels.eu\/et\/?s={search_term_string}\"},\"query-input\":{\"@type\":\"PropertyValueSpecification\",\"valueRequired\":true,\"valueName\":\"search_term_string\"}}],\"inLanguage\":\"et\"},{\"@type\":\"Organization\",\"@id\":\"https:\/\/colibri-jewels.eu\/et\/#organization\",\"name\":\"O\u00dc Colibri\",\"url\":\"https:\/\/colibri-jewels.eu\/et\/\",\"logo\":{\"@type\":\"ImageObject\",\"inLanguage\":\"et\",\"@id\":\"https:\/\/colibri-jewels.eu\/et\/#\/schema\/logo\/image\/\",\"url\":\"https:\/\/dev.colibri-jewels.eu\/wp-content\/uploads\/2021\/03\/colibri.png\",\"contentUrl\":\"https:\/\/dev.colibri-jewels.eu\/wp-content\/uploads\/2021\/03\/colibri.png\",\"width\":227,\"height\":130,\"caption\":\"O\u00dc Colibri\"},\"image\":{\"@id\":\"https:\/\/colibri-jewels.eu\/et\/#\/schema\/logo\/image\/\"},\"sameAs\":[\"https:\/\/www.facebook.com\/colibri.jewels\",\"https:\/\/www.instagram.com\/colibri.jewels\",\"https:\/\/www.tiktok.com\/colibri.jewels\"]}]}<\/script>\n<!-- \/ Yoast SEO Premium plugin. -->","yoast_head_json":{"title":"Valgest kullast solitaire s\u00f5rmus 0,51 ct teemandiga R-8006 - Colibri jewels","description":"Elegantne valgest kullast s\u00f5rmus 0,51-karaadise teemandiga, saab teha oma suuruse j\u00e4rgi v\u00f5i tellida selle teemandiga oma disaini!","robots":{"index":"index","follow":"follow","max-snippet":"max-snippet:-1","max-image-preview":"max-image-preview:large","max-video-preview":"max-video-preview:-1"},"canonical":"https:\/\/colibri-jewels.eu\/et\/toode\/valge-kuld-pasjanss-sormus-0-51-ct-teemant-r-8006\/","og_locale":"et_EE","og_type":"article","og_title":"Valgest kullast solitaire s\u00f5rmus 0,51 ct teemandiga R-8006","og_description":"Elegantne valgest kullast s\u00f5rmus 0,51-karaadise teemandiga, saab teha oma suuruse j\u00e4rgi v\u00f5i tellida selle teemandiga oma disaini!","og_url":"https:\/\/colibri-jewels.eu\/et\/toode\/valge-kuld-pasjanss-sormus-0-51-ct-teemant-r-8006\/","og_site_name":"Colibri jewels","article_publisher":"https:\/\/www.facebook.com\/colibri.jewels","article_modified_time":"2024-11-13T18:37:24+00:00","og_image":[{"width":1000,"height":1000,"url":"https:\/\/colibri-jewels.eu\/wp-content\/uploads\/2022\/06\/rd-8006-web.jpg","type":"image\/jpeg"}],"twitter_card":"summary_large_image","schema":{"@context":"https:\/\/schema.org","@graph":[{"@type":"WebPage","@id":"https:\/\/colibri-jewels.eu\/et\/toode\/valge-kuld-pasjanss-sormus-0-51-ct-teemant-r-8006\/","url":"https:\/\/colibri-jewels.eu\/et\/toode\/valge-kuld-pasjanss-sormus-0-51-ct-teemant-r-8006\/","name":"Valgest kullast solitaire s\u00f5rmus 0,51 ct teemandiga R-8006 - Colibri jewels","isPartOf":{"@id":"https:\/\/colibri-jewels.eu\/et\/#website"},"primaryImageOfPage":{"@id":"https:\/\/colibri-jewels.eu\/et\/toode\/valge-kuld-pasjanss-sormus-0-51-ct-teemant-r-8006\/#primaryimage"},"image":{"@id":"https:\/\/colibri-jewels.eu\/et\/toode\/valge-kuld-pasjanss-sormus-0-51-ct-teemant-r-8006\/#primaryimage"},"thumbnailUrl":"https:\/\/colibri-jewels.eu\/wp-content\/uploads\/2022\/06\/rd-8006-web.jpg","datePublished":"2022-06-10T18:30:27+00:00","dateModified":"2024-11-13T18:37:24+00:00","description":"Elegantne valgest kullast s\u00f5rmus 0,51-karaadise teemandiga, saab teha oma suuruse j\u00e4rgi v\u00f5i tellida selle teemandiga oma disaini!","breadcrumb":{"@id":"https:\/\/colibri-jewels.eu\/et\/toode\/valge-kuld-pasjanss-sormus-0-51-ct-teemant-r-8006\/#breadcrumb"},"inLanguage":"et","potentialAction":[{"@type":"ReadAction","target":["https:\/\/colibri-jewels.eu\/et\/toode\/valge-kuld-pasjanss-sormus-0-51-ct-teemant-r-8006\/"]}]},{"@type":"ImageObject","inLanguage":"et","@id":"https:\/\/colibri-jewels.eu\/et\/toode\/valge-kuld-pasjanss-sormus-0-51-ct-teemant-r-8006\/#primaryimage","url":"https:\/\/colibri-jewels.eu\/wp-content\/uploads\/2022\/06\/rd-8006-web.jpg","contentUrl":"https:\/\/colibri-jewels.eu\/wp-content\/uploads\/2022\/06\/rd-8006-web.jpg","width":1000,"height":1000},{"@type":"BreadcrumbList","@id":"https:\/\/colibri-jewels.eu\/et\/toode\/valge-kuld-pasjanss-sormus-0-51-ct-teemant-r-8006\/#breadcrumb","itemListElement":[{"@type":"ListItem","position":1,"name":"\u0413\u043b\u0430\u0432\u043d\u0430\u044f \u0441\u0442\u0440\u0430\u043d\u0438\u0446\u0430","item":"https:\/\/colibri-jewels.eu\/et\/"},{"@type":"ListItem","position":2,"name":"Pood","item":"https:\/\/colibri-jewels.eu\/et\/pood\/"},{"@type":"ListItem","position":3,"name":"Valgest kullast solitaire s\u00f5rmus 0,51 ct teemandiga R-8006"}]},{"@type":"WebSite","@id":"https:\/\/colibri-jewels.eu\/et\/#website","url":"https:\/\/colibri-jewels.eu\/et\/","name":"Colibri jewels","description":"jewelry shop","publisher":{"@id":"https:\/\/colibri-jewels.eu\/et\/#organization"},"potentialAction":[{"@type":"SearchAction","target":{"@type":"EntryPoint","urlTemplate":"https:\/\/colibri-jewels.eu\/et\/?s={search_term_string}"},"query-input":{"@type":"PropertyValueSpecification","valueRequired":true,"valueName":"search_term_string"}}],"inLanguage":"et"},{"@type":"Organization","@id":"https:\/\/colibri-jewels.eu\/et\/#organization","name":"O\u00dc Colibri","url":"https:\/\/colibri-jewels.eu\/et\/","logo":{"@type":"ImageObject","inLanguage":"et","@id":"https:\/\/colibri-jewels.eu\/et\/#\/schema\/logo\/image\/","url":"https:\/\/dev.colibri-jewels.eu\/wp-content\/uploads\/2021\/03\/colibri.png","contentUrl":"https:\/\/dev.colibri-jewels.eu\/wp-content\/uploads\/2021\/03\/colibri.png","width":227,"height":130,"caption":"O\u00dc Colibri"},"image":{"@id":"https:\/\/colibri-jewels.eu\/et\/#\/schema\/logo\/image\/"},"sameAs":["https:\/\/www.facebook.com\/colibri.jewels","https:\/\/www.instagram.com\/colibri.jewels","https:\/\/www.tiktok.com\/colibri.jewels"]}]}},"_links":{"self":[{"href":"https:\/\/colibri-jewels.eu\/et\/wp-json\/wp\/v2\/product\/28199","targetHints":{"allow":["GET"]}}],"collection":[{"href":"https:\/\/colibri-jewels.eu\/et\/wp-json\/wp\/v2\/product"}],"about":[{"href":"https:\/\/colibri-jewels.eu\/et\/wp-json\/wp\/v2\/types\/product"}],"replies":[{"embeddable":true,"href":"https:\/\/colibri-jewels.eu\/et\/wp-json\/wp\/v2\/comments?post=28199"}],"version-history":[{"count":0,"href":"https:\/\/colibri-jewels.eu\/et\/wp-json\/wp\/v2\/product\/28199\/revisions"}],"wp:featuredmedia":[{"embeddable":true,"href":"https:\/\/colibri-jewels.eu\/et\/wp-json\/wp\/v2\/media\/28184"}],"wp:attachment":[{"href":"https:\/\/colibri-jewels.eu\/et\/wp-json\/wp\/v2\/media?parent=28199"}],"wp:term":[{"taxonomy":"brand","embeddable":true,"href":"https:\/\/colibri-jewels.eu\/et\/wp-json\/wp\/v2\/etheme_brands?post=28199"},{"taxonomy":"product_brand","embeddable":true,"href":"https:\/\/colibri-jewels.eu\/et\/wp-json\/wp\/v2\/product_brand?post=28199"},{"taxonomy":"product_cat","embeddable":true,"href":"https:\/\/colibri-jewels.eu\/et\/wp-json\/wp\/v2\/product_cat?post=28199"},{"taxonomy":"product_tag","embeddable":true,"href":"https:\/\/colibri-jewels.eu\/et\/wp-json\/wp\/v2\/product_tag?post=28199"}],"curies":[{"name":"wp","href":"https:\/\/api.w.org\/{rel}","templated":true}]}}