{"id":28248,"date":"2022-05-24T13:40:17","date_gmt":"2022-05-24T10:40:17","guid":{"rendered":"https:\/\/dev.colibri-jewels.eu\/product\/klassikalised-teemantnoobi-stiilis-korvarongad-valgest-kullast-e-8177\/"},"modified":"2023-01-24T18:06:57","modified_gmt":"2023-01-24T16:06:57","slug":"klassikalised-teemantnupu-stiilis-korvarongad-valge-kuld-e-8177","status":"publish","type":"product","link":"https:\/\/colibri-jewels.eu\/et\/toode\/klassikalised-teemantnupu-stiilis-korvarongad-valge-kuld-e-8177\/","title":{"rendered":"Klassikalised teemantn\u00f6\u00f6bi stiilis k\u00f5rvar\u00f5ngad valgest kullast E-8177"},"content":{"rendered":"<p>Iga t\u00fcdruk tahab alati eriline v\u00e4lja n\u00e4ha. Moodsast naisteehete sortimendis saab naine valida endale sobivad ehted, mis sobivad s\u00fcndmuse ja esteetikaga, vastavad tema vajadustele ja isiklikule maitsele. N\u00fc\u00fcd on lai valik ehteid. Siia kuuluvad: kullast, h\u00f5bedast ja plaatinast k\u00f5rvar\u00f5ngad, kaelakeed, k\u00e4ev\u00f5rud, s\u00f5rmused ja kellad, mis on disainitud \u00fcle maailma, et anda ainulaadne t\u00e4iendus teie vabaaja, pidulike ja professionaalsete ansamblite jaoks. Lisaks on n\u00fc\u00fcd saadaval ka isikup\u00e4rastatud ehted, komplektid, prossid, v\u00e4\u00e4riskividest ripatsid ja ripatsid, mis teevad imearmsaid v\u00e4ikeseid kingitusi s\u00fcnnip\u00e4evadeks, j\u00f5uludeks ja erilistel puhkudel.<\/p>\n<p>K\u00f5rvar\u00f5ngaste mudel &#8220;n\u00f6\u00f6bid&#8221;<br \/>\nIga t\u00fcdruku suurep\u00e4rane valik on ainulaadsed k\u00f5rvar\u00f5ngad.<br \/>\nNende k\u00f5rvar\u00f5ngaste silmipimestavale, kuid samas stiilsele stiilile on raske vastu seista. K\u00f5rvar\u00f5ngastel on 38 teemanti kogukaaluga 0,20 karaati. \u00dcmmargused kivid 14k valgest kullast 585 ja pav\u00e9 seade moodustavad padja. Igal teemandil on standardl\u00f5ige 57 tahuga, mille tulemuseks on erakordne s\u00e4ra ja s\u00e4ra. K\u00f5rvar\u00f5ngaste kaal on 2,62 grammi. Neid saab kergesti kanda, ilma eeliseta. Kaugelt vaadates tundub, et su k\u00f5rva ehib tuhat kivi, kuna k\u00f5rvar\u00f5ngad lisavad peent s\u00e4ra, eriti p\u00e4ikese k\u00e4es. Elegantsed valgest kullast teemantn\u00f6\u00f6bid Need n\u00f6\u00f6bikujulised k\u00f5rvar\u00f5ngad on teie kvaliteedi ja ilu garantii!<\/p>\n<p>Valge kulla eelised<br \/>\nSee, kas valge kuld teile sobib, on l\u00f5ppkokkuv\u00f5ttes teie isiklik valik. \u00dcldiselt on see suurep\u00e4rane valik, kui teile meeldib h\u00f5bedase v\u00f5i plaatina neutraalne klassikaline v\u00e4limus.<br \/>\nSellel on palju rohkem vastupidavust ja v\u00e4\u00e4rtust kui h\u00f5bedal, kuid see on odavam kui plaatina.<br \/>\nValge kulla valimise eelised on j\u00e4rgmised:<br \/>\n\u2022 Valge kuld ei tuhmu ega korrodeeru.<br \/>\n\u2022 Valge kuld on palju tempermalmist kui plaatina, mist\u00f5ttu on lihtsam t\u00f6\u00f6tada peente ja keerukate mustritega. See on ka odavam kui plaatina ja sobib ideaalselt neile, kes soovivad, et nende ehted j\u00e4\u00e4ksid teie juurde pikaks ajaks.<br \/>\n\u2022 Valge kulla puhas valge l\u00e4ige on ideaalne teie teemandi s\u00e4ra ja s\u00e4ra esile toomiseks!<\/p>\n<p>Teemantnuppude saladus<br \/>\nNeed on kauakestvad ehted, mis v\u00e4ljendavad p\u00fchendumust ja armastust.<br \/>\nLuksuslik disain on valmistatud esmaklassilisest 14-karaadisest kullast ja on kaetud 38 v\u00e4ikese teemandiga, mis muudab selle v\u00e4ljan\u00e4gemiseks terve teemantheinamaa. Briljantne l\u00f5ige on v\u00e4ga n\u00f5utud, sest see paljastab v\u00e4\u00e4riskivi t\u00e4iuslikkuse \u00fcksikasjalikult. K\u00f5rvar\u00f5ngad kinnitatakse keerdlukkudega, mis suruvad k\u00f5rvar\u00f5ngad kindlalt k\u00f5rvanippude k\u00fclge.<\/p>\n<p>Need teemantk\u00f5rvar\u00f5ngad on ideaalne kingitus!<\/p>\n","protected":false},"excerpt":{"rendered":"<p>Teemandid &#8211; 38 tk. \/ 0,20 ct, t\u00e4ielik briljantl\u00f5ige<br \/>\nvalge kuld 14 kt<br \/>\nK\u00f5rvar\u00f5nga kaal: 2,62 g<\/p>\n","protected":false},"featured_media":26003,"comment_status":"open","ping_status":"closed","template":"","meta":[],"etheme_brands":[],"product_brand":[],"product_cat":[469],"product_tag":[472],"class_list":{"0":"post-28248","1":"product","2":"type-product","3":"status-publish","4":"has-post-thumbnail","6":"product_cat-korvarongad","7":"product_tag-klassika","9":"first","10":"onbackorder","11":"shipping-taxable","12":"purchasable","13":"product-type-simple"},"acf":[],"yoast_head":"<!-- This site is optimized with the Yoast SEO Premium plugin v26.5 (Yoast SEO v26.8) - https:\/\/yoast.com\/product\/yoast-seo-premium-wordpress\/ -->\n<title>Klassikalised teemantn\u00f6\u00f6bi stiilis k\u00f5rvar\u00f5ngad valgest kullast E-8177 - Colibri jewels<\/title>\n<meta name=\"description\" content=\"Klassikalised teemantk\u00f5rvar\u00f5ngad keeratava lukuga, valmistatud valgest kullast. Pave k\u00e4sitsi seadistus, 38 teemanti 0,20 ct. Lihtne kanda.\" \/>\n<meta name=\"robots\" content=\"index, follow, max-snippet:-1, max-image-preview:large, max-video-preview:-1\" \/>\n<link rel=\"canonical\" href=\"https:\/\/colibri-jewels.eu\/et\/toode\/klassikalised-teemantnupu-stiilis-korvarongad-valge-kuld-e-8177\/\" \/>\n<meta property=\"og:locale\" content=\"et_EE\" \/>\n<meta property=\"og:type\" content=\"article\" \/>\n<meta property=\"og:title\" content=\"Klassikalised teemantn\u00f6\u00f6bi stiilis k\u00f5rvar\u00f5ngad valgest kullast E-8177\" \/>\n<meta property=\"og:description\" content=\"Klassikalised teemantk\u00f5rvar\u00f5ngad keeratava lukuga, valmistatud valgest kullast. Pave k\u00e4sitsi seadistus, 38 teemanti 0,20 ct. Lihtne kanda.\" \/>\n<meta property=\"og:url\" content=\"https:\/\/colibri-jewels.eu\/et\/toode\/klassikalised-teemantnupu-stiilis-korvarongad-valge-kuld-e-8177\/\" \/>\n<meta property=\"og:site_name\" content=\"Colibri jewels\" \/>\n<meta property=\"article:publisher\" content=\"https:\/\/www.facebook.com\/colibri.jewels\" \/>\n<meta property=\"article:modified_time\" content=\"2023-01-24T16:06:57+00:00\" \/>\n<meta property=\"og:image\" content=\"https:\/\/colibri-jewels.eu\/wp-content\/uploads\/2022\/05\/ed8177web.jpg\" \/>\n\t<meta property=\"og:image:width\" content=\"1000\" \/>\n\t<meta property=\"og:image:height\" content=\"1000\" \/>\n\t<meta property=\"og:image:type\" content=\"image\/jpeg\" \/>\n<meta name=\"twitter:card\" content=\"summary_large_image\" \/>\n<meta name=\"twitter:label1\" content=\"Est. reading time\" \/>\n\t<meta name=\"twitter:data1\" content=\"2 minutit\" \/>\n<script type=\"application\/ld+json\" class=\"yoast-schema-graph\">{\"@context\":\"https:\/\/schema.org\",\"@graph\":[{\"@type\":\"WebPage\",\"@id\":\"https:\/\/colibri-jewels.eu\/et\/toode\/klassikalised-teemantnupu-stiilis-korvarongad-valge-kuld-e-8177\/\",\"url\":\"https:\/\/colibri-jewels.eu\/et\/toode\/klassikalised-teemantnupu-stiilis-korvarongad-valge-kuld-e-8177\/\",\"name\":\"Klassikalised teemantn\u00f6\u00f6bi stiilis k\u00f5rvar\u00f5ngad valgest kullast E-8177 - Colibri jewels\",\"isPartOf\":{\"@id\":\"https:\/\/colibri-jewels.eu\/et\/#website\"},\"primaryImageOfPage\":{\"@id\":\"https:\/\/colibri-jewels.eu\/et\/toode\/klassikalised-teemantnupu-stiilis-korvarongad-valge-kuld-e-8177\/#primaryimage\"},\"image\":{\"@id\":\"https:\/\/colibri-jewels.eu\/et\/toode\/klassikalised-teemantnupu-stiilis-korvarongad-valge-kuld-e-8177\/#primaryimage\"},\"thumbnailUrl\":\"https:\/\/colibri-jewels.eu\/wp-content\/uploads\/2022\/05\/ed8177web.jpg\",\"datePublished\":\"2022-05-24T10:40:17+00:00\",\"dateModified\":\"2023-01-24T16:06:57+00:00\",\"description\":\"Klassikalised teemantk\u00f5rvar\u00f5ngad keeratava lukuga, valmistatud valgest kullast. Pave k\u00e4sitsi seadistus, 38 teemanti 0,20 ct. Lihtne kanda.\",\"breadcrumb\":{\"@id\":\"https:\/\/colibri-jewels.eu\/et\/toode\/klassikalised-teemantnupu-stiilis-korvarongad-valge-kuld-e-8177\/#breadcrumb\"},\"inLanguage\":\"et\",\"potentialAction\":[{\"@type\":\"ReadAction\",\"target\":[\"https:\/\/colibri-jewels.eu\/et\/toode\/klassikalised-teemantnupu-stiilis-korvarongad-valge-kuld-e-8177\/\"]}]},{\"@type\":\"ImageObject\",\"inLanguage\":\"et\",\"@id\":\"https:\/\/colibri-jewels.eu\/et\/toode\/klassikalised-teemantnupu-stiilis-korvarongad-valge-kuld-e-8177\/#primaryimage\",\"url\":\"https:\/\/colibri-jewels.eu\/wp-content\/uploads\/2022\/05\/ed8177web.jpg\",\"contentUrl\":\"https:\/\/colibri-jewels.eu\/wp-content\/uploads\/2022\/05\/ed8177web.jpg\",\"width\":1000,\"height\":1000},{\"@type\":\"BreadcrumbList\",\"@id\":\"https:\/\/colibri-jewels.eu\/et\/toode\/klassikalised-teemantnupu-stiilis-korvarongad-valge-kuld-e-8177\/#breadcrumb\",\"itemListElement\":[{\"@type\":\"ListItem\",\"position\":1,\"name\":\"\u0413\u043b\u0430\u0432\u043d\u0430\u044f \u0441\u0442\u0440\u0430\u043d\u0438\u0446\u0430\",\"item\":\"https:\/\/colibri-jewels.eu\/et\/\"},{\"@type\":\"ListItem\",\"position\":2,\"name\":\"Pood\",\"item\":\"https:\/\/colibri-jewels.eu\/et\/pood\/\"},{\"@type\":\"ListItem\",\"position\":3,\"name\":\"Klassikalised teemantn\u00f6\u00f6bi stiilis k\u00f5rvar\u00f5ngad valgest kullast E-8177\"}]},{\"@type\":\"WebSite\",\"@id\":\"https:\/\/colibri-jewels.eu\/et\/#website\",\"url\":\"https:\/\/colibri-jewels.eu\/et\/\",\"name\":\"Colibri jewels\",\"description\":\"jewelry shop\",\"publisher\":{\"@id\":\"https:\/\/colibri-jewels.eu\/et\/#organization\"},\"potentialAction\":[{\"@type\":\"SearchAction\",\"target\":{\"@type\":\"EntryPoint\",\"urlTemplate\":\"https:\/\/colibri-jewels.eu\/et\/?s={search_term_string}\"},\"query-input\":{\"@type\":\"PropertyValueSpecification\",\"valueRequired\":true,\"valueName\":\"search_term_string\"}}],\"inLanguage\":\"et\"},{\"@type\":\"Organization\",\"@id\":\"https:\/\/colibri-jewels.eu\/et\/#organization\",\"name\":\"O\u00dc Colibri\",\"url\":\"https:\/\/colibri-jewels.eu\/et\/\",\"logo\":{\"@type\":\"ImageObject\",\"inLanguage\":\"et\",\"@id\":\"https:\/\/colibri-jewels.eu\/et\/#\/schema\/logo\/image\/\",\"url\":\"https:\/\/dev.colibri-jewels.eu\/wp-content\/uploads\/2021\/03\/colibri.png\",\"contentUrl\":\"https:\/\/dev.colibri-jewels.eu\/wp-content\/uploads\/2021\/03\/colibri.png\",\"width\":227,\"height\":130,\"caption\":\"O\u00dc Colibri\"},\"image\":{\"@id\":\"https:\/\/colibri-jewels.eu\/et\/#\/schema\/logo\/image\/\"},\"sameAs\":[\"https:\/\/www.facebook.com\/colibri.jewels\",\"https:\/\/www.instagram.com\/colibri.jewels\",\"https:\/\/www.tiktok.com\/colibri.jewels\"]}]}<\/script>\n<!-- \/ Yoast SEO Premium plugin. -->","yoast_head_json":{"title":"Klassikalised teemantn\u00f6\u00f6bi stiilis k\u00f5rvar\u00f5ngad valgest kullast E-8177 - Colibri jewels","description":"Klassikalised teemantk\u00f5rvar\u00f5ngad keeratava lukuga, valmistatud valgest kullast. Pave k\u00e4sitsi seadistus, 38 teemanti 0,20 ct. Lihtne kanda.","robots":{"index":"index","follow":"follow","max-snippet":"max-snippet:-1","max-image-preview":"max-image-preview:large","max-video-preview":"max-video-preview:-1"},"canonical":"https:\/\/colibri-jewels.eu\/et\/toode\/klassikalised-teemantnupu-stiilis-korvarongad-valge-kuld-e-8177\/","og_locale":"et_EE","og_type":"article","og_title":"Klassikalised teemantn\u00f6\u00f6bi stiilis k\u00f5rvar\u00f5ngad valgest kullast E-8177","og_description":"Klassikalised teemantk\u00f5rvar\u00f5ngad keeratava lukuga, valmistatud valgest kullast. Pave k\u00e4sitsi seadistus, 38 teemanti 0,20 ct. Lihtne kanda.","og_url":"https:\/\/colibri-jewels.eu\/et\/toode\/klassikalised-teemantnupu-stiilis-korvarongad-valge-kuld-e-8177\/","og_site_name":"Colibri jewels","article_publisher":"https:\/\/www.facebook.com\/colibri.jewels","article_modified_time":"2023-01-24T16:06:57+00:00","og_image":[{"width":1000,"height":1000,"url":"https:\/\/colibri-jewels.eu\/wp-content\/uploads\/2022\/05\/ed8177web.jpg","type":"image\/jpeg"}],"twitter_card":"summary_large_image","twitter_misc":{"Est. reading time":"2 minutit"},"schema":{"@context":"https:\/\/schema.org","@graph":[{"@type":"WebPage","@id":"https:\/\/colibri-jewels.eu\/et\/toode\/klassikalised-teemantnupu-stiilis-korvarongad-valge-kuld-e-8177\/","url":"https:\/\/colibri-jewels.eu\/et\/toode\/klassikalised-teemantnupu-stiilis-korvarongad-valge-kuld-e-8177\/","name":"Klassikalised teemantn\u00f6\u00f6bi stiilis k\u00f5rvar\u00f5ngad valgest kullast E-8177 - Colibri jewels","isPartOf":{"@id":"https:\/\/colibri-jewels.eu\/et\/#website"},"primaryImageOfPage":{"@id":"https:\/\/colibri-jewels.eu\/et\/toode\/klassikalised-teemantnupu-stiilis-korvarongad-valge-kuld-e-8177\/#primaryimage"},"image":{"@id":"https:\/\/colibri-jewels.eu\/et\/toode\/klassikalised-teemantnupu-stiilis-korvarongad-valge-kuld-e-8177\/#primaryimage"},"thumbnailUrl":"https:\/\/colibri-jewels.eu\/wp-content\/uploads\/2022\/05\/ed8177web.jpg","datePublished":"2022-05-24T10:40:17+00:00","dateModified":"2023-01-24T16:06:57+00:00","description":"Klassikalised teemantk\u00f5rvar\u00f5ngad keeratava lukuga, valmistatud valgest kullast. Pave k\u00e4sitsi seadistus, 38 teemanti 0,20 ct. Lihtne kanda.","breadcrumb":{"@id":"https:\/\/colibri-jewels.eu\/et\/toode\/klassikalised-teemantnupu-stiilis-korvarongad-valge-kuld-e-8177\/#breadcrumb"},"inLanguage":"et","potentialAction":[{"@type":"ReadAction","target":["https:\/\/colibri-jewels.eu\/et\/toode\/klassikalised-teemantnupu-stiilis-korvarongad-valge-kuld-e-8177\/"]}]},{"@type":"ImageObject","inLanguage":"et","@id":"https:\/\/colibri-jewels.eu\/et\/toode\/klassikalised-teemantnupu-stiilis-korvarongad-valge-kuld-e-8177\/#primaryimage","url":"https:\/\/colibri-jewels.eu\/wp-content\/uploads\/2022\/05\/ed8177web.jpg","contentUrl":"https:\/\/colibri-jewels.eu\/wp-content\/uploads\/2022\/05\/ed8177web.jpg","width":1000,"height":1000},{"@type":"BreadcrumbList","@id":"https:\/\/colibri-jewels.eu\/et\/toode\/klassikalised-teemantnupu-stiilis-korvarongad-valge-kuld-e-8177\/#breadcrumb","itemListElement":[{"@type":"ListItem","position":1,"name":"\u0413\u043b\u0430\u0432\u043d\u0430\u044f \u0441\u0442\u0440\u0430\u043d\u0438\u0446\u0430","item":"https:\/\/colibri-jewels.eu\/et\/"},{"@type":"ListItem","position":2,"name":"Pood","item":"https:\/\/colibri-jewels.eu\/et\/pood\/"},{"@type":"ListItem","position":3,"name":"Klassikalised teemantn\u00f6\u00f6bi stiilis k\u00f5rvar\u00f5ngad valgest kullast E-8177"}]},{"@type":"WebSite","@id":"https:\/\/colibri-jewels.eu\/et\/#website","url":"https:\/\/colibri-jewels.eu\/et\/","name":"Colibri jewels","description":"jewelry shop","publisher":{"@id":"https:\/\/colibri-jewels.eu\/et\/#organization"},"potentialAction":[{"@type":"SearchAction","target":{"@type":"EntryPoint","urlTemplate":"https:\/\/colibri-jewels.eu\/et\/?s={search_term_string}"},"query-input":{"@type":"PropertyValueSpecification","valueRequired":true,"valueName":"search_term_string"}}],"inLanguage":"et"},{"@type":"Organization","@id":"https:\/\/colibri-jewels.eu\/et\/#organization","name":"O\u00dc Colibri","url":"https:\/\/colibri-jewels.eu\/et\/","logo":{"@type":"ImageObject","inLanguage":"et","@id":"https:\/\/colibri-jewels.eu\/et\/#\/schema\/logo\/image\/","url":"https:\/\/dev.colibri-jewels.eu\/wp-content\/uploads\/2021\/03\/colibri.png","contentUrl":"https:\/\/dev.colibri-jewels.eu\/wp-content\/uploads\/2021\/03\/colibri.png","width":227,"height":130,"caption":"O\u00dc Colibri"},"image":{"@id":"https:\/\/colibri-jewels.eu\/et\/#\/schema\/logo\/image\/"},"sameAs":["https:\/\/www.facebook.com\/colibri.jewels","https:\/\/www.instagram.com\/colibri.jewels","https:\/\/www.tiktok.com\/colibri.jewels"]}]}},"_links":{"self":[{"href":"https:\/\/colibri-jewels.eu\/et\/wp-json\/wp\/v2\/product\/28248","targetHints":{"allow":["GET"]}}],"collection":[{"href":"https:\/\/colibri-jewels.eu\/et\/wp-json\/wp\/v2\/product"}],"about":[{"href":"https:\/\/colibri-jewels.eu\/et\/wp-json\/wp\/v2\/types\/product"}],"replies":[{"embeddable":true,"href":"https:\/\/colibri-jewels.eu\/et\/wp-json\/wp\/v2\/comments?post=28248"}],"version-history":[{"count":0,"href":"https:\/\/colibri-jewels.eu\/et\/wp-json\/wp\/v2\/product\/28248\/revisions"}],"wp:featuredmedia":[{"embeddable":true,"href":"https:\/\/colibri-jewels.eu\/et\/wp-json\/wp\/v2\/media\/26003"}],"wp:attachment":[{"href":"https:\/\/colibri-jewels.eu\/et\/wp-json\/wp\/v2\/media?parent=28248"}],"wp:term":[{"taxonomy":"brand","embeddable":true,"href":"https:\/\/colibri-jewels.eu\/et\/wp-json\/wp\/v2\/etheme_brands?post=28248"},{"taxonomy":"product_brand","embeddable":true,"href":"https:\/\/colibri-jewels.eu\/et\/wp-json\/wp\/v2\/product_brand?post=28248"},{"taxonomy":"product_cat","embeddable":true,"href":"https:\/\/colibri-jewels.eu\/et\/wp-json\/wp\/v2\/product_cat?post=28248"},{"taxonomy":"product_tag","embeddable":true,"href":"https:\/\/colibri-jewels.eu\/et\/wp-json\/wp\/v2\/product_tag?post=28248"}],"curies":[{"name":"wp","href":"https:\/\/api.w.org\/{rel}","templated":true}]}}