{"id":28254,"date":"2022-05-23T22:28:55","date_gmt":"2022-05-23T19:28:55","guid":{"rendered":"https:\/\/dev.colibri-jewels.eu\/product\/trendikas-sormus-kahele-sormele-r-7888\/"},"modified":"2022-11-11T11:46:45","modified_gmt":"2022-11-11T09:46:45","slug":"trendikas-sormus-kahe-sorme-jaoks-r-7888","status":"publish","type":"product","link":"https:\/\/colibri-jewels.eu\/et\/toode\/trendikas-sormus-kahe-sorme-jaoks-r-7888\/","title":{"rendered":"Trendikas s\u00f5rmus kahele s\u00f5rmele R-7888"},"content":{"rendered":"<p>Kahel s\u00f5rmel kantav s\u00f5rmus on toodetud \u00fches universaalses suuruses, seda saab veidi painutada oma suuruse j\u00e4rgi.<br \/>\nTellimisel saadaval mis tahes kullav\u00e4rvi.<\/p>\n<p>S\u00f5rmuse keskmine kaal on 3,5 grammi,<br \/>\nKuld 14 kt<\/p>\n<p>Saadaval tellimuse alusel (3-4 n\u00e4dalat)<\/p>\n","protected":false},"excerpt":{"rendered":"<p>Kahel s\u00f5rmel kantav s\u00f5rmus on toodetud \u00fches universaalses suuruses, seda saab veidi painutada oma suuruse j\u00e4rgi.<br \/>\nTellimisel saadaval mis tahes kullav\u00e4rvi.<\/p>\n<p>S\u00f5rmuse keskmine kaal on 3,5 grammi,<br \/>\nKuld 14 kt<\/p>\n<p>Saadaval tellimuse alusel (3-4 n\u00e4dalat)<\/p>\n","protected":false},"featured_media":25961,"comment_status":"open","ping_status":"closed","template":"","meta":[],"etheme_brands":[],"product_brand":[],"product_cat":[471],"product_tag":[505],"class_list":{"0":"post-28254","1":"product","2":"type-product","3":"status-publish","4":"has-post-thumbnail","6":"product_cat-sormused","7":"product_tag-lakooniline","9":"first","10":"onbackorder","11":"shipping-taxable","12":"purchasable","13":"product-type-variable"},"acf":[],"yoast_head":"<!-- This site is optimized with the Yoast SEO Premium plugin v26.5 (Yoast SEO v26.8) - https:\/\/yoast.com\/product\/yoast-seo-premium-wordpress\/ -->\n<title>Trendikas s\u00f5rmus kahele s\u00f5rmele R-7888 - Colibri jewels<\/title>\n<meta name=\"robots\" content=\"index, follow, max-snippet:-1, max-image-preview:large, max-video-preview:-1\" \/>\n<link rel=\"canonical\" href=\"https:\/\/colibri-jewels.eu\/et\/toode\/trendikas-sormus-kahe-sorme-jaoks-r-7888\/\" \/>\n<meta property=\"og:locale\" content=\"et_EE\" \/>\n<meta property=\"og:type\" content=\"article\" \/>\n<meta property=\"og:title\" content=\"Trendikas s\u00f5rmus kahele s\u00f5rmele R-7888\" \/>\n<meta property=\"og:description\" content=\"Kahel s\u00f5rmel kantav s\u00f5rmus on toodetud \u00fches universaalses suuruses, seda saab veidi painutada oma suuruse j\u00e4rgi. Tellimisel saadaval mis tahes kullav\u00e4rvi. S\u00f5rmuse keskmine kaal on 3,5 grammi, Kuld 14 kt Saadaval tellimuse alusel (3-4 n\u00e4dalat)\" \/>\n<meta property=\"og:url\" content=\"https:\/\/colibri-jewels.eu\/et\/toode\/trendikas-sormus-kahe-sorme-jaoks-r-7888\/\" \/>\n<meta property=\"og:site_name\" content=\"Colibri jewels\" \/>\n<meta property=\"article:publisher\" content=\"https:\/\/www.facebook.com\/colibri.jewels\" \/>\n<meta property=\"article:modified_time\" content=\"2022-11-11T09:46:45+00:00\" \/>\n<meta property=\"og:image\" content=\"https:\/\/colibri-jewels.eu\/wp-content\/uploads\/2022\/05\/r7888web.jpg\" \/>\n\t<meta property=\"og:image:width\" content=\"1000\" \/>\n\t<meta property=\"og:image:height\" content=\"1000\" \/>\n\t<meta property=\"og:image:type\" content=\"image\/jpeg\" \/>\n<meta name=\"twitter:card\" content=\"summary_large_image\" \/>\n<script type=\"application\/ld+json\" class=\"yoast-schema-graph\">{\"@context\":\"https:\/\/schema.org\",\"@graph\":[{\"@type\":\"WebPage\",\"@id\":\"https:\/\/colibri-jewels.eu\/et\/toode\/trendikas-sormus-kahe-sorme-jaoks-r-7888\/\",\"url\":\"https:\/\/colibri-jewels.eu\/et\/toode\/trendikas-sormus-kahe-sorme-jaoks-r-7888\/\",\"name\":\"Trendikas s\u00f5rmus kahele s\u00f5rmele R-7888 - Colibri jewels\",\"isPartOf\":{\"@id\":\"https:\/\/colibri-jewels.eu\/et\/#website\"},\"primaryImageOfPage\":{\"@id\":\"https:\/\/colibri-jewels.eu\/et\/toode\/trendikas-sormus-kahe-sorme-jaoks-r-7888\/#primaryimage\"},\"image\":{\"@id\":\"https:\/\/colibri-jewels.eu\/et\/toode\/trendikas-sormus-kahe-sorme-jaoks-r-7888\/#primaryimage\"},\"thumbnailUrl\":\"https:\/\/colibri-jewels.eu\/wp-content\/uploads\/2022\/05\/r7888web.jpg\",\"datePublished\":\"2022-05-23T19:28:55+00:00\",\"dateModified\":\"2022-11-11T09:46:45+00:00\",\"breadcrumb\":{\"@id\":\"https:\/\/colibri-jewels.eu\/et\/toode\/trendikas-sormus-kahe-sorme-jaoks-r-7888\/#breadcrumb\"},\"inLanguage\":\"et\",\"potentialAction\":[{\"@type\":\"ReadAction\",\"target\":[\"https:\/\/colibri-jewels.eu\/et\/toode\/trendikas-sormus-kahe-sorme-jaoks-r-7888\/\"]}]},{\"@type\":\"ImageObject\",\"inLanguage\":\"et\",\"@id\":\"https:\/\/colibri-jewels.eu\/et\/toode\/trendikas-sormus-kahe-sorme-jaoks-r-7888\/#primaryimage\",\"url\":\"https:\/\/colibri-jewels.eu\/wp-content\/uploads\/2022\/05\/r7888web.jpg\",\"contentUrl\":\"https:\/\/colibri-jewels.eu\/wp-content\/uploads\/2022\/05\/r7888web.jpg\",\"width\":1000,\"height\":1000},{\"@type\":\"BreadcrumbList\",\"@id\":\"https:\/\/colibri-jewels.eu\/et\/toode\/trendikas-sormus-kahe-sorme-jaoks-r-7888\/#breadcrumb\",\"itemListElement\":[{\"@type\":\"ListItem\",\"position\":1,\"name\":\"\u0413\u043b\u0430\u0432\u043d\u0430\u044f \u0441\u0442\u0440\u0430\u043d\u0438\u0446\u0430\",\"item\":\"https:\/\/colibri-jewels.eu\/et\/\"},{\"@type\":\"ListItem\",\"position\":2,\"name\":\"Pood\",\"item\":\"https:\/\/colibri-jewels.eu\/et\/pood\/\"},{\"@type\":\"ListItem\",\"position\":3,\"name\":\"Trendikas s\u00f5rmus kahele s\u00f5rmele R-7888\"}]},{\"@type\":\"WebSite\",\"@id\":\"https:\/\/colibri-jewels.eu\/et\/#website\",\"url\":\"https:\/\/colibri-jewels.eu\/et\/\",\"name\":\"Colibri jewels\",\"description\":\"jewelry shop\",\"publisher\":{\"@id\":\"https:\/\/colibri-jewels.eu\/et\/#organization\"},\"potentialAction\":[{\"@type\":\"SearchAction\",\"target\":{\"@type\":\"EntryPoint\",\"urlTemplate\":\"https:\/\/colibri-jewels.eu\/et\/?s={search_term_string}\"},\"query-input\":{\"@type\":\"PropertyValueSpecification\",\"valueRequired\":true,\"valueName\":\"search_term_string\"}}],\"inLanguage\":\"et\"},{\"@type\":\"Organization\",\"@id\":\"https:\/\/colibri-jewels.eu\/et\/#organization\",\"name\":\"O\u00dc Colibri\",\"url\":\"https:\/\/colibri-jewels.eu\/et\/\",\"logo\":{\"@type\":\"ImageObject\",\"inLanguage\":\"et\",\"@id\":\"https:\/\/colibri-jewels.eu\/et\/#\/schema\/logo\/image\/\",\"url\":\"https:\/\/dev.colibri-jewels.eu\/wp-content\/uploads\/2021\/03\/colibri.png\",\"contentUrl\":\"https:\/\/dev.colibri-jewels.eu\/wp-content\/uploads\/2021\/03\/colibri.png\",\"width\":227,\"height\":130,\"caption\":\"O\u00dc Colibri\"},\"image\":{\"@id\":\"https:\/\/colibri-jewels.eu\/et\/#\/schema\/logo\/image\/\"},\"sameAs\":[\"https:\/\/www.facebook.com\/colibri.jewels\",\"https:\/\/www.instagram.com\/colibri.jewels\",\"https:\/\/www.tiktok.com\/colibri.jewels\"]}]}<\/script>\n<!-- \/ Yoast SEO Premium plugin. -->","yoast_head_json":{"title":"Trendikas s\u00f5rmus kahele s\u00f5rmele R-7888 - Colibri jewels","robots":{"index":"index","follow":"follow","max-snippet":"max-snippet:-1","max-image-preview":"max-image-preview:large","max-video-preview":"max-video-preview:-1"},"canonical":"https:\/\/colibri-jewels.eu\/et\/toode\/trendikas-sormus-kahe-sorme-jaoks-r-7888\/","og_locale":"et_EE","og_type":"article","og_title":"Trendikas s\u00f5rmus kahele s\u00f5rmele R-7888","og_description":"Kahel s\u00f5rmel kantav s\u00f5rmus on toodetud \u00fches universaalses suuruses, seda saab veidi painutada oma suuruse j\u00e4rgi. Tellimisel saadaval mis tahes kullav\u00e4rvi. S\u00f5rmuse keskmine kaal on 3,5 grammi, Kuld 14 kt Saadaval tellimuse alusel (3-4 n\u00e4dalat)","og_url":"https:\/\/colibri-jewels.eu\/et\/toode\/trendikas-sormus-kahe-sorme-jaoks-r-7888\/","og_site_name":"Colibri jewels","article_publisher":"https:\/\/www.facebook.com\/colibri.jewels","article_modified_time":"2022-11-11T09:46:45+00:00","og_image":[{"width":1000,"height":1000,"url":"https:\/\/colibri-jewels.eu\/wp-content\/uploads\/2022\/05\/r7888web.jpg","type":"image\/jpeg"}],"twitter_card":"summary_large_image","schema":{"@context":"https:\/\/schema.org","@graph":[{"@type":"WebPage","@id":"https:\/\/colibri-jewels.eu\/et\/toode\/trendikas-sormus-kahe-sorme-jaoks-r-7888\/","url":"https:\/\/colibri-jewels.eu\/et\/toode\/trendikas-sormus-kahe-sorme-jaoks-r-7888\/","name":"Trendikas s\u00f5rmus kahele s\u00f5rmele R-7888 - Colibri jewels","isPartOf":{"@id":"https:\/\/colibri-jewels.eu\/et\/#website"},"primaryImageOfPage":{"@id":"https:\/\/colibri-jewels.eu\/et\/toode\/trendikas-sormus-kahe-sorme-jaoks-r-7888\/#primaryimage"},"image":{"@id":"https:\/\/colibri-jewels.eu\/et\/toode\/trendikas-sormus-kahe-sorme-jaoks-r-7888\/#primaryimage"},"thumbnailUrl":"https:\/\/colibri-jewels.eu\/wp-content\/uploads\/2022\/05\/r7888web.jpg","datePublished":"2022-05-23T19:28:55+00:00","dateModified":"2022-11-11T09:46:45+00:00","breadcrumb":{"@id":"https:\/\/colibri-jewels.eu\/et\/toode\/trendikas-sormus-kahe-sorme-jaoks-r-7888\/#breadcrumb"},"inLanguage":"et","potentialAction":[{"@type":"ReadAction","target":["https:\/\/colibri-jewels.eu\/et\/toode\/trendikas-sormus-kahe-sorme-jaoks-r-7888\/"]}]},{"@type":"ImageObject","inLanguage":"et","@id":"https:\/\/colibri-jewels.eu\/et\/toode\/trendikas-sormus-kahe-sorme-jaoks-r-7888\/#primaryimage","url":"https:\/\/colibri-jewels.eu\/wp-content\/uploads\/2022\/05\/r7888web.jpg","contentUrl":"https:\/\/colibri-jewels.eu\/wp-content\/uploads\/2022\/05\/r7888web.jpg","width":1000,"height":1000},{"@type":"BreadcrumbList","@id":"https:\/\/colibri-jewels.eu\/et\/toode\/trendikas-sormus-kahe-sorme-jaoks-r-7888\/#breadcrumb","itemListElement":[{"@type":"ListItem","position":1,"name":"\u0413\u043b\u0430\u0432\u043d\u0430\u044f \u0441\u0442\u0440\u0430\u043d\u0438\u0446\u0430","item":"https:\/\/colibri-jewels.eu\/et\/"},{"@type":"ListItem","position":2,"name":"Pood","item":"https:\/\/colibri-jewels.eu\/et\/pood\/"},{"@type":"ListItem","position":3,"name":"Trendikas s\u00f5rmus kahele s\u00f5rmele R-7888"}]},{"@type":"WebSite","@id":"https:\/\/colibri-jewels.eu\/et\/#website","url":"https:\/\/colibri-jewels.eu\/et\/","name":"Colibri jewels","description":"jewelry shop","publisher":{"@id":"https:\/\/colibri-jewels.eu\/et\/#organization"},"potentialAction":[{"@type":"SearchAction","target":{"@type":"EntryPoint","urlTemplate":"https:\/\/colibri-jewels.eu\/et\/?s={search_term_string}"},"query-input":{"@type":"PropertyValueSpecification","valueRequired":true,"valueName":"search_term_string"}}],"inLanguage":"et"},{"@type":"Organization","@id":"https:\/\/colibri-jewels.eu\/et\/#organization","name":"O\u00dc Colibri","url":"https:\/\/colibri-jewels.eu\/et\/","logo":{"@type":"ImageObject","inLanguage":"et","@id":"https:\/\/colibri-jewels.eu\/et\/#\/schema\/logo\/image\/","url":"https:\/\/dev.colibri-jewels.eu\/wp-content\/uploads\/2021\/03\/colibri.png","contentUrl":"https:\/\/dev.colibri-jewels.eu\/wp-content\/uploads\/2021\/03\/colibri.png","width":227,"height":130,"caption":"O\u00dc Colibri"},"image":{"@id":"https:\/\/colibri-jewels.eu\/et\/#\/schema\/logo\/image\/"},"sameAs":["https:\/\/www.facebook.com\/colibri.jewels","https:\/\/www.instagram.com\/colibri.jewels","https:\/\/www.tiktok.com\/colibri.jewels"]}]}},"_links":{"self":[{"href":"https:\/\/colibri-jewels.eu\/et\/wp-json\/wp\/v2\/product\/28254","targetHints":{"allow":["GET"]}}],"collection":[{"href":"https:\/\/colibri-jewels.eu\/et\/wp-json\/wp\/v2\/product"}],"about":[{"href":"https:\/\/colibri-jewels.eu\/et\/wp-json\/wp\/v2\/types\/product"}],"replies":[{"embeddable":true,"href":"https:\/\/colibri-jewels.eu\/et\/wp-json\/wp\/v2\/comments?post=28254"}],"version-history":[{"count":0,"href":"https:\/\/colibri-jewels.eu\/et\/wp-json\/wp\/v2\/product\/28254\/revisions"}],"wp:featuredmedia":[{"embeddable":true,"href":"https:\/\/colibri-jewels.eu\/et\/wp-json\/wp\/v2\/media\/25961"}],"wp:attachment":[{"href":"https:\/\/colibri-jewels.eu\/et\/wp-json\/wp\/v2\/media?parent=28254"}],"wp:term":[{"taxonomy":"brand","embeddable":true,"href":"https:\/\/colibri-jewels.eu\/et\/wp-json\/wp\/v2\/etheme_brands?post=28254"},{"taxonomy":"product_brand","embeddable":true,"href":"https:\/\/colibri-jewels.eu\/et\/wp-json\/wp\/v2\/product_brand?post=28254"},{"taxonomy":"product_cat","embeddable":true,"href":"https:\/\/colibri-jewels.eu\/et\/wp-json\/wp\/v2\/product_cat?post=28254"},{"taxonomy":"product_tag","embeddable":true,"href":"https:\/\/colibri-jewels.eu\/et\/wp-json\/wp\/v2\/product_tag?post=28254"}],"curies":[{"name":"wp","href":"https:\/\/api.w.org\/{rel}","templated":true}]}}