{"id":28272,"date":"2024-07-16T11:40:40","date_gmt":"2024-07-16T08:40:40","guid":{"rendered":"https:\/\/dev.colibri-jewels.eu\/product\/valgest-kullast-teemantkorvarongad-e-6688\/"},"modified":"2024-07-16T11:47:58","modified_gmt":"2024-07-16T08:47:58","slug":"valge-kuld-teemant-korvarongad-e-6688","status":"publish","type":"product","link":"https:\/\/colibri-jewels.eu\/et\/toode\/valge-kuld-teemant-korvarongad-e-6688\/","title":{"rendered":"Valgest kullast teemantk\u00f5rvar\u00f5ngad E-6688"},"content":{"rendered":"<p>Lakoonilised, kuid peened k\u00f5rvar\u00f5ngad on naise v\u00e4limuse oluline detail. See l\u00f5petab t\u00e4iusliku kombinatsiooni stiilsest riietusest, pilkup\u00fc\u00fcdvast meigist ja juustest ning erilisest naiselikust v\u00f5lust, mis v\u00f5ib v\u00f5luda iga\u00fcht. V\u00e4ikesed &#8220;diana&#8221; k\u00f5rvar\u00f5ngad ei pruugi kohe t\u00e4helepanu t\u00f5mmata ega tundu liiga meeldej\u00e4\u00e4vad, kuid mingil hetkel r\u00f5hutavad nad k\u00f5nekalt oma omaniku maitset &#8211; elegantset ja aristokraatlikku. 14 t\u00e4isl\u00f5ikelist 0,20-karaadist teemanti on kokku pandud \u00f5rnaks lilleks. Noble white gold 585 on v\u00f5luvalt kombineeritud teemantidega, luues stiilse ajatu kompositsiooni, milles on tunda kuninglikku moodi.<\/p>\n<p>Valge kuld on v\u00e4limuse t\u00fc\u00fcbiga \u00fchilduvuse poolest universaalne, kuid tuleb m\u00e4rkida, et punaste v\u00f5i tumedate juuste, heledate silmade ja nahaga t\u00fcdrukud suudavad sellise kaunistusega paljastada oma ilu uusi tahke. Kuldk\u00f5rvar\u00f5ngad v\u00f5ivad lisada v\u00f5lu igale v\u00e4limusele ja kui tegemist on k\u00fclma valge metalliga koos s\u00e4delevate teemantidega, siis pole ohtu eksida.<\/p>\n<p>Seda t\u00fc\u00fcpi lilledega k\u00f5rvar\u00f5ngad sobivad iga n\u00e4okujuga &#8211; ovaalne, kandiline, &#8220;s\u00fcda&#8221; v\u00f5i \u00fcmmargune. See ehe on isemajandav ja suudab meelitada pilke mis tahes kujutistel &#8211; nii igap\u00e4evastel kui pidulikel. \u00d5rnad k\u00f5rvar\u00f5ngad v\u00f5ivad ranges \u00e4rilises v\u00e4limuses asjakohaselt r\u00f5hutada omaniku head maitset ja koos stiilse ripatsiga saavad neist elegantse \u00f5htuse v\u00e4ljas\u00f5idu aluseks.<\/p>\n<p>K\u00f5rvar\u00f5ngad &#8220;m\u00e4ngivad&#8221; kaunilt kokku kogutud soenguga, millel on vaevu lainelised lokid, mis paistavad v\u00e4lja. Samas ei l\u00e4he miniatuurne ehe kaotsi ka pikkades lendlevates juustes &#8211; \u00fcks osav liigutus lokkide k\u00f5rva taha panemiseks ja teiste silmad neetivad sinu teemantk\u00f5rvar\u00f5ngastest.<\/p>\n<p>Esitades kingituseks 14 briljandiga kuldk\u00f5rvar\u00f5ngad, pole kahtlust, et teie t\u00fcdruk tunneb sellest r\u00f5\u00f5mu. Rafineeritud, asjakohased, kallid on vapustava disainiga ja neid on mugav kanda. Universaalset naastklambrit on mugav kasutada, ehet saab eemaldada ja peale panna ilma k\u00f5rvalise abita, kinnitus on piisavalt turvaline, et ehte kadumise p\u00e4rast ei peaks muretsema ning raskust 1,41g ei ole k\u00f5rvas tunda.<\/p>\n<p>Teemantidega ehted on s\u00e4ravate ja tugevate isiksuste valik, kes teavad, mida nad elult tahavad ja on valmis seda ka teistele demonstreerima. Nad saavad hakkama igasuguste v\u00e4ljakutsetega ja kui need \u00fcle saadakse, j\u00e4\u00e4vad sellised naised alati tippu. Nende v\u00f5lu on tunda alateadlikul tasandil, nad ei anna v\u00e4lja k\u00f5iki oma kaarte korraga, vaid vallutavad enesekindlalt ja j\u00e4rjekindlalt \u00fcmbritsevat oma j\u00f5uga, mis on h\u00e4mmastavalt \u00fchendatud naiseliku \u00f5rnuse ja sarmiga. Sellisele naisele sobivad k\u00f5ige paremini lakoonilise ja vaoshoitud, kuid uskumatult elegantse disainiga teemantk\u00f5rvar\u00f5ngad. Laske oma naisel, nagu see lill teemantk\u00f5rvar\u00f5ngas, avaneda ja vallutada maailm.<\/p>\n<p>Iga meie toodangu ehe on kvaliteedi ja ainulaadse disaini garantii. Kohaletoimetamine toimub \u00fcle maailma igale ostjale soodsatel tingimustel. Ostes otse tootjalt, v\u00f5ite olla kindel teenuse hinna ja kvaliteedi \u00f5igustuses. Loome iga ehte hingega ja soovime, et see tooks kaunitele naistele parimad emotsioonid.<\/p>\n","protected":false},"excerpt":{"rendered":"<p>Ehete komplekt teemantide, kogutud \u00fchte lille.<br \/>\n14 t\u00e4isl\u00f5ikelist teemanti 0,20 ct<\/p>\n<p>K\u00f5rvar\u00f5nga kaal: 1,41 g<br \/>\nvalge kuld 14 kt.<\/p>\n<p>Selle jaoks on ka armas sobiv ripats.<\/p>\n","protected":false},"featured_media":25837,"comment_status":"open","ping_status":"closed","template":"","meta":[],"etheme_brands":[],"product_brand":[],"product_cat":[469],"product_tag":[],"class_list":{"0":"post-28272","1":"product","2":"type-product","3":"status-publish","4":"has-post-thumbnail","6":"product_cat-korvarongad","8":"first","9":"instock","10":"shipping-taxable","11":"purchasable","12":"product-type-simple"},"acf":[],"yoast_head":"<!-- This site is optimized with the Yoast SEO Premium plugin v26.5 (Yoast SEO v26.8) - https:\/\/yoast.com\/product\/yoast-seo-premium-wordpress\/ -->\n<title>Valgest kullast teemantk\u00f5rvar\u00f5ngad E-6688 - Colibri jewels<\/title>\n<meta name=\"robots\" content=\"index, follow, max-snippet:-1, max-image-preview:large, max-video-preview:-1\" \/>\n<link rel=\"canonical\" href=\"https:\/\/colibri-jewels.eu\/et\/toode\/valge-kuld-teemant-korvarongad-e-6688\/\" \/>\n<meta property=\"og:locale\" content=\"et_EE\" \/>\n<meta property=\"og:type\" content=\"article\" \/>\n<meta property=\"og:title\" content=\"Valgest kullast teemantk\u00f5rvar\u00f5ngad E-6688\" \/>\n<meta property=\"og:description\" content=\"Ehete komplekt teemantide, kogutud \u00fchte lille. 14 t\u00e4isl\u00f5ikelist teemanti 0,20 ct K\u00f5rvar\u00f5nga kaal: 1,41 g valge kuld 14 kt. Selle jaoks on ka armas sobiv ripats.\" \/>\n<meta property=\"og:url\" content=\"https:\/\/colibri-jewels.eu\/et\/toode\/valge-kuld-teemant-korvarongad-e-6688\/\" \/>\n<meta property=\"og:site_name\" content=\"Colibri jewels\" \/>\n<meta property=\"article:publisher\" content=\"https:\/\/www.facebook.com\/colibri.jewels\" \/>\n<meta property=\"article:modified_time\" content=\"2024-07-16T08:47:58+00:00\" \/>\n<meta property=\"og:image\" content=\"https:\/\/colibri-jewels.eu\/wp-content\/uploads\/2022\/05\/ED-6688web.jpg\" \/>\n\t<meta property=\"og:image:width\" content=\"1000\" \/>\n\t<meta property=\"og:image:height\" content=\"1000\" \/>\n\t<meta property=\"og:image:type\" content=\"image\/jpeg\" \/>\n<meta name=\"twitter:card\" content=\"summary_large_image\" \/>\n<meta name=\"twitter:label1\" content=\"Est. reading time\" \/>\n\t<meta name=\"twitter:data1\" content=\"2 minutit\" \/>\n<script type=\"application\/ld+json\" class=\"yoast-schema-graph\">{\"@context\":\"https:\/\/schema.org\",\"@graph\":[{\"@type\":\"WebPage\",\"@id\":\"https:\/\/colibri-jewels.eu\/et\/toode\/valge-kuld-teemant-korvarongad-e-6688\/\",\"url\":\"https:\/\/colibri-jewels.eu\/et\/toode\/valge-kuld-teemant-korvarongad-e-6688\/\",\"name\":\"Valgest kullast teemantk\u00f5rvar\u00f5ngad E-6688 - Colibri jewels\",\"isPartOf\":{\"@id\":\"https:\/\/colibri-jewels.eu\/et\/#website\"},\"primaryImageOfPage\":{\"@id\":\"https:\/\/colibri-jewels.eu\/et\/toode\/valge-kuld-teemant-korvarongad-e-6688\/#primaryimage\"},\"image\":{\"@id\":\"https:\/\/colibri-jewels.eu\/et\/toode\/valge-kuld-teemant-korvarongad-e-6688\/#primaryimage\"},\"thumbnailUrl\":\"https:\/\/colibri-jewels.eu\/wp-content\/uploads\/2022\/05\/ED-6688web.jpg\",\"datePublished\":\"2024-07-16T08:40:40+00:00\",\"dateModified\":\"2024-07-16T08:47:58+00:00\",\"breadcrumb\":{\"@id\":\"https:\/\/colibri-jewels.eu\/et\/toode\/valge-kuld-teemant-korvarongad-e-6688\/#breadcrumb\"},\"inLanguage\":\"et\",\"potentialAction\":[{\"@type\":\"ReadAction\",\"target\":[\"https:\/\/colibri-jewels.eu\/et\/toode\/valge-kuld-teemant-korvarongad-e-6688\/\"]}]},{\"@type\":\"ImageObject\",\"inLanguage\":\"et\",\"@id\":\"https:\/\/colibri-jewels.eu\/et\/toode\/valge-kuld-teemant-korvarongad-e-6688\/#primaryimage\",\"url\":\"https:\/\/colibri-jewels.eu\/wp-content\/uploads\/2022\/05\/ED-6688web.jpg\",\"contentUrl\":\"https:\/\/colibri-jewels.eu\/wp-content\/uploads\/2022\/05\/ED-6688web.jpg\",\"width\":1000,\"height\":1000},{\"@type\":\"BreadcrumbList\",\"@id\":\"https:\/\/colibri-jewels.eu\/et\/toode\/valge-kuld-teemant-korvarongad-e-6688\/#breadcrumb\",\"itemListElement\":[{\"@type\":\"ListItem\",\"position\":1,\"name\":\"\u0413\u043b\u0430\u0432\u043d\u0430\u044f \u0441\u0442\u0440\u0430\u043d\u0438\u0446\u0430\",\"item\":\"https:\/\/colibri-jewels.eu\/et\/\"},{\"@type\":\"ListItem\",\"position\":2,\"name\":\"Pood\",\"item\":\"https:\/\/colibri-jewels.eu\/et\/pood\/\"},{\"@type\":\"ListItem\",\"position\":3,\"name\":\"Valgest kullast teemantk\u00f5rvar\u00f5ngad E-6688\"}]},{\"@type\":\"WebSite\",\"@id\":\"https:\/\/colibri-jewels.eu\/et\/#website\",\"url\":\"https:\/\/colibri-jewels.eu\/et\/\",\"name\":\"Colibri jewels\",\"description\":\"jewelry shop\",\"publisher\":{\"@id\":\"https:\/\/colibri-jewels.eu\/et\/#organization\"},\"potentialAction\":[{\"@type\":\"SearchAction\",\"target\":{\"@type\":\"EntryPoint\",\"urlTemplate\":\"https:\/\/colibri-jewels.eu\/et\/?s={search_term_string}\"},\"query-input\":{\"@type\":\"PropertyValueSpecification\",\"valueRequired\":true,\"valueName\":\"search_term_string\"}}],\"inLanguage\":\"et\"},{\"@type\":\"Organization\",\"@id\":\"https:\/\/colibri-jewels.eu\/et\/#organization\",\"name\":\"O\u00dc Colibri\",\"url\":\"https:\/\/colibri-jewels.eu\/et\/\",\"logo\":{\"@type\":\"ImageObject\",\"inLanguage\":\"et\",\"@id\":\"https:\/\/colibri-jewels.eu\/et\/#\/schema\/logo\/image\/\",\"url\":\"https:\/\/dev.colibri-jewels.eu\/wp-content\/uploads\/2021\/03\/colibri.png\",\"contentUrl\":\"https:\/\/dev.colibri-jewels.eu\/wp-content\/uploads\/2021\/03\/colibri.png\",\"width\":227,\"height\":130,\"caption\":\"O\u00dc Colibri\"},\"image\":{\"@id\":\"https:\/\/colibri-jewels.eu\/et\/#\/schema\/logo\/image\/\"},\"sameAs\":[\"https:\/\/www.facebook.com\/colibri.jewels\",\"https:\/\/www.instagram.com\/colibri.jewels\",\"https:\/\/www.tiktok.com\/colibri.jewels\"]}]}<\/script>\n<!-- \/ Yoast SEO Premium plugin. -->","yoast_head_json":{"title":"Valgest kullast teemantk\u00f5rvar\u00f5ngad E-6688 - Colibri jewels","robots":{"index":"index","follow":"follow","max-snippet":"max-snippet:-1","max-image-preview":"max-image-preview:large","max-video-preview":"max-video-preview:-1"},"canonical":"https:\/\/colibri-jewels.eu\/et\/toode\/valge-kuld-teemant-korvarongad-e-6688\/","og_locale":"et_EE","og_type":"article","og_title":"Valgest kullast teemantk\u00f5rvar\u00f5ngad E-6688","og_description":"Ehete komplekt teemantide, kogutud \u00fchte lille. 14 t\u00e4isl\u00f5ikelist teemanti 0,20 ct K\u00f5rvar\u00f5nga kaal: 1,41 g valge kuld 14 kt. Selle jaoks on ka armas sobiv ripats.","og_url":"https:\/\/colibri-jewels.eu\/et\/toode\/valge-kuld-teemant-korvarongad-e-6688\/","og_site_name":"Colibri jewels","article_publisher":"https:\/\/www.facebook.com\/colibri.jewels","article_modified_time":"2024-07-16T08:47:58+00:00","og_image":[{"width":1000,"height":1000,"url":"https:\/\/colibri-jewels.eu\/wp-content\/uploads\/2022\/05\/ED-6688web.jpg","type":"image\/jpeg"}],"twitter_card":"summary_large_image","twitter_misc":{"Est. reading time":"2 minutit"},"schema":{"@context":"https:\/\/schema.org","@graph":[{"@type":"WebPage","@id":"https:\/\/colibri-jewels.eu\/et\/toode\/valge-kuld-teemant-korvarongad-e-6688\/","url":"https:\/\/colibri-jewels.eu\/et\/toode\/valge-kuld-teemant-korvarongad-e-6688\/","name":"Valgest kullast teemantk\u00f5rvar\u00f5ngad E-6688 - Colibri jewels","isPartOf":{"@id":"https:\/\/colibri-jewels.eu\/et\/#website"},"primaryImageOfPage":{"@id":"https:\/\/colibri-jewels.eu\/et\/toode\/valge-kuld-teemant-korvarongad-e-6688\/#primaryimage"},"image":{"@id":"https:\/\/colibri-jewels.eu\/et\/toode\/valge-kuld-teemant-korvarongad-e-6688\/#primaryimage"},"thumbnailUrl":"https:\/\/colibri-jewels.eu\/wp-content\/uploads\/2022\/05\/ED-6688web.jpg","datePublished":"2024-07-16T08:40:40+00:00","dateModified":"2024-07-16T08:47:58+00:00","breadcrumb":{"@id":"https:\/\/colibri-jewels.eu\/et\/toode\/valge-kuld-teemant-korvarongad-e-6688\/#breadcrumb"},"inLanguage":"et","potentialAction":[{"@type":"ReadAction","target":["https:\/\/colibri-jewels.eu\/et\/toode\/valge-kuld-teemant-korvarongad-e-6688\/"]}]},{"@type":"ImageObject","inLanguage":"et","@id":"https:\/\/colibri-jewels.eu\/et\/toode\/valge-kuld-teemant-korvarongad-e-6688\/#primaryimage","url":"https:\/\/colibri-jewels.eu\/wp-content\/uploads\/2022\/05\/ED-6688web.jpg","contentUrl":"https:\/\/colibri-jewels.eu\/wp-content\/uploads\/2022\/05\/ED-6688web.jpg","width":1000,"height":1000},{"@type":"BreadcrumbList","@id":"https:\/\/colibri-jewels.eu\/et\/toode\/valge-kuld-teemant-korvarongad-e-6688\/#breadcrumb","itemListElement":[{"@type":"ListItem","position":1,"name":"\u0413\u043b\u0430\u0432\u043d\u0430\u044f \u0441\u0442\u0440\u0430\u043d\u0438\u0446\u0430","item":"https:\/\/colibri-jewels.eu\/et\/"},{"@type":"ListItem","position":2,"name":"Pood","item":"https:\/\/colibri-jewels.eu\/et\/pood\/"},{"@type":"ListItem","position":3,"name":"Valgest kullast teemantk\u00f5rvar\u00f5ngad E-6688"}]},{"@type":"WebSite","@id":"https:\/\/colibri-jewels.eu\/et\/#website","url":"https:\/\/colibri-jewels.eu\/et\/","name":"Colibri jewels","description":"jewelry shop","publisher":{"@id":"https:\/\/colibri-jewels.eu\/et\/#organization"},"potentialAction":[{"@type":"SearchAction","target":{"@type":"EntryPoint","urlTemplate":"https:\/\/colibri-jewels.eu\/et\/?s={search_term_string}"},"query-input":{"@type":"PropertyValueSpecification","valueRequired":true,"valueName":"search_term_string"}}],"inLanguage":"et"},{"@type":"Organization","@id":"https:\/\/colibri-jewels.eu\/et\/#organization","name":"O\u00dc Colibri","url":"https:\/\/colibri-jewels.eu\/et\/","logo":{"@type":"ImageObject","inLanguage":"et","@id":"https:\/\/colibri-jewels.eu\/et\/#\/schema\/logo\/image\/","url":"https:\/\/dev.colibri-jewels.eu\/wp-content\/uploads\/2021\/03\/colibri.png","contentUrl":"https:\/\/dev.colibri-jewels.eu\/wp-content\/uploads\/2021\/03\/colibri.png","width":227,"height":130,"caption":"O\u00dc Colibri"},"image":{"@id":"https:\/\/colibri-jewels.eu\/et\/#\/schema\/logo\/image\/"},"sameAs":["https:\/\/www.facebook.com\/colibri.jewels","https:\/\/www.instagram.com\/colibri.jewels","https:\/\/www.tiktok.com\/colibri.jewels"]}]}},"_links":{"self":[{"href":"https:\/\/colibri-jewels.eu\/et\/wp-json\/wp\/v2\/product\/28272","targetHints":{"allow":["GET"]}}],"collection":[{"href":"https:\/\/colibri-jewels.eu\/et\/wp-json\/wp\/v2\/product"}],"about":[{"href":"https:\/\/colibri-jewels.eu\/et\/wp-json\/wp\/v2\/types\/product"}],"replies":[{"embeddable":true,"href":"https:\/\/colibri-jewels.eu\/et\/wp-json\/wp\/v2\/comments?post=28272"}],"version-history":[{"count":0,"href":"https:\/\/colibri-jewels.eu\/et\/wp-json\/wp\/v2\/product\/28272\/revisions"}],"wp:featuredmedia":[{"embeddable":true,"href":"https:\/\/colibri-jewels.eu\/et\/wp-json\/wp\/v2\/media\/25837"}],"wp:attachment":[{"href":"https:\/\/colibri-jewels.eu\/et\/wp-json\/wp\/v2\/media?parent=28272"}],"wp:term":[{"taxonomy":"brand","embeddable":true,"href":"https:\/\/colibri-jewels.eu\/et\/wp-json\/wp\/v2\/etheme_brands?post=28272"},{"taxonomy":"product_brand","embeddable":true,"href":"https:\/\/colibri-jewels.eu\/et\/wp-json\/wp\/v2\/product_brand?post=28272"},{"taxonomy":"product_cat","embeddable":true,"href":"https:\/\/colibri-jewels.eu\/et\/wp-json\/wp\/v2\/product_cat?post=28272"},{"taxonomy":"product_tag","embeddable":true,"href":"https:\/\/colibri-jewels.eu\/et\/wp-json\/wp\/v2\/product_tag?post=28272"}],"curies":[{"name":"wp","href":"https:\/\/api.w.org\/{rel}","templated":true}]}}