{"id":28304,"date":"2022-05-21T22:35:32","date_gmt":"2022-05-21T19:35:32","guid":{"rendered":"https:\/\/dev.colibri-jewels.eu\/product\/klassikalises-stiilis-valgest-kullast-teemantkorvarongad-e-8168\/"},"modified":"2022-07-19T21:42:19","modified_gmt":"2022-07-19T18:42:19","slug":"klassikalises-stiilis-valge-kuld-teemant-korvarongad-e-8168","status":"publish","type":"product","link":"https:\/\/colibri-jewels.eu\/et\/toode\/klassikalises-stiilis-valge-kuld-teemant-korvarongad-e-8168\/","title":{"rendered":"Klassikalises stiilis valgest kullast teemantk\u00f5rvar\u00f5ngad E-8168"},"content":{"rendered":"<p>Teemantidega k\u00f5rvar\u00f5ngad on t\u00f5eline luksuse, elegantsi ja maitse s\u00fcmbol. T\u00e4nu oma minimalistlikule disainile t\u00e4iendavad need suurep\u00e4raselt iga v\u00e4limust \u2013 romantilist, \u00e4rilist, trendikat ja juhuslikku. Korralikud ja mugavad trukid sobivad t\u00fcdrukutele ja naistele, kes hindavad oma mugavust ja eelistavad klassikalisi ehteid, mis sobivad igas olukorras.<br \/>\nValge kulla ja teemantide kombinatsiooni k\u00f5rvar\u00f5ngastes peetakse \u00fcheks edukamaks ja keerukamaks ning sobib igat t\u00fc\u00fcpi v\u00e4limusega. Kuna teemant ise on s\u00e4rav ja suurejooneline kivi, tuleb lakoonilisest disainist vaid kasu, kuna see ei t\u00f5mba t\u00e4helepanu ebavajalike detailidega. 14k valge kuld on ideaalne seade k\u00f5ige k\u00f5vemate teemantide jaoks, mitte ainult oma v\u00e4limuse, vaid ka omaduste t\u00f5ttu. See on parim hinna ja kvaliteedi suhe, sest valge kuld ei ole v\u00e4limuselt plaatinast halvem. Kullast k\u00f5rvar\u00f5ngaid on lihtne hooldada, s\u00e4ilitades suurejoonelise v\u00e4limuse aastaid.<br \/>\nT\u00e4isl\u00f5ikelised teemandid on k\u00f5rgeima kvaliteediga v\u00e4\u00e4riskivid, mis on l\u00f5igatud 57 tahuga ringis. Selline pindade arv tagab ehete k\u00f5ige s\u00e4ravama s\u00e4ra t\u00e4nu maksimaalsele valguse peegeldusele teemandi s\u00fcgavustes. T\u00e4isl\u00f5iget peetakse v\u00f5itmatuks klassikaks, kuna see toob ehte ilu ja s\u00e4ra parimal v\u00f5imalikul viisil esile. Teemanti tabav valguskiir peegeldub t\u00e4ielikult kaks korda tagumistelt tahkudelt ja v\u00e4ljub seej\u00e4rel l\u00e4bi kivi esik\u00fclje, luues maksimaalse s\u00e4ra.<br \/>\nNaastu kujundust eristavad erinevat t\u00fc\u00fcpi klambrid, mis erinevad nii oma t\u00f6\u00f6kindluse kui ka kivi kinnitamise meetodi poolest. Pakutud mudelil on praktiline kruvilukk. Vardal on niit, mis v\u00f5imaldab k\u00f5rvar\u00f5nga kindlalt kinnitada ja v\u00e4ltida ehete juhuslikku kadumist. Nendel valgest kullast k\u00f5rvar\u00f5ngastel on teemanthark, need on minimalistlikud, kuid samas v\u00e4ga kvaliteetsed ja turvalised. See avab kivi v\u00f5imalikult palju p\u00e4ikesekiirtele, kinnitades selle samal ajal kindlalt ehtesse. Samal ajal on piigid valmistatud s\u00fcdamete kujul. Kena peidetud s\u00f5num.<br \/>\nLoomulikult m\u00e4ngib k\u00f5rvar\u00f5ngaste valikul olulist rolli ehete suurus ja kaal. Liiga trotslikud, massiivsed, pikad, stiililt sobimatud v\u00f5i soenguga kombineerimata k\u00f5rvar\u00f5ngad v\u00f5ivad rikkuda iga moeka v\u00e4limuse, r\u00e4\u00e4kimata k\u00f5rvanibude deformatsioonist. Klassikaliste teemantnaastudega see oht \u00f5nneks ei \u00e4hvarda. Puhas kuldk\u00f5rvar\u00f5ngad, millest iga\u00fcks on 0,16-karaadise (3 mm l\u00e4bim\u00f5\u00f5duga) teemantidega, ei t\u00f5mba labasid, tekitades ebamugavust. Neist saab hiilgav aktsent, mis lisab pildile kergust ja rafineeritust. Lisaks n\u00e4evad need v\u00e4lja v\u00e4ga aristokraatlikud ja juhivad k\u00f5igi t\u00e4helepanu \u00f5nneliku omaniku n\u00e4o ja soengu elegantsusele.<br \/>\nOstes klassikalisi teemantidega kuldk\u00f5rvar\u00f5ngaid, ei saa te mitte ainult asja, mis s\u00e4ilitab oma v\u00e4\u00e4rtuse s\u00f5ltumata ajast. Nendest ehetest saab kindlasti \u00fcks teie lemmikuid t\u00e4nu oma silmatorkamatule peenele ilule koos mitmek\u00fclgsusega.<\/p>\n","protected":false},"excerpt":{"rendered":"<p>valge kuld 14 kt<br \/>\nteemante 2 t\u00e4isl\u00f5ikega 0,32 ct<br \/>\nkaal 1,17 g<\/p>\n","protected":false},"featured_media":25510,"comment_status":"open","ping_status":"closed","template":"","meta":[],"etheme_brands":[],"product_brand":[],"product_cat":[469],"product_tag":[],"class_list":{"0":"post-28304","1":"product","2":"type-product","3":"status-publish","4":"has-post-thumbnail","6":"product_cat-korvarongad","8":"first","9":"outofstock","10":"shipping-taxable","11":"purchasable","12":"product-type-simple"},"acf":[],"yoast_head":"<!-- This site is optimized with the Yoast SEO Premium plugin v26.5 (Yoast SEO v26.8) - https:\/\/yoast.com\/product\/yoast-seo-premium-wordpress\/ -->\n<title>Klassikalises stiilis valgest kullast teemantk\u00f5rvar\u00f5ngad E-8168 - Colibri jewels<\/title>\n<meta name=\"description\" content=\"Klassikalisemas stiilis valgest kullast teemantidega k\u00f5rvar\u00f5ngad keeratava lukuga. 0,32-karaadised teemandid on asetatud v\u00e4ikeste s\u00fcdamekujuliste harudesse. Nii armas s\u00f5num armastatud inimesele. Saate neid osta korraga meie juveelipoest v\u00f5i tellida m\u00f5nes muus metallis v\u00e4rvitoonis.\" \/>\n<meta name=\"robots\" content=\"index, follow, max-snippet:-1, max-image-preview:large, max-video-preview:-1\" \/>\n<link rel=\"canonical\" href=\"https:\/\/colibri-jewels.eu\/et\/toode\/klassikalises-stiilis-valge-kuld-teemant-korvarongad-e-8168\/\" \/>\n<meta property=\"og:locale\" content=\"et_EE\" \/>\n<meta property=\"og:type\" content=\"article\" \/>\n<meta property=\"og:title\" content=\"Klassikalises stiilis valgest kullast teemantk\u00f5rvar\u00f5ngad E-8168\" \/>\n<meta property=\"og:description\" content=\"Klassikalisemas stiilis valgest kullast teemantidega k\u00f5rvar\u00f5ngad keeratava lukuga. 0,32-karaadised teemandid on asetatud v\u00e4ikeste s\u00fcdamekujuliste harudesse. Nii armas s\u00f5num armastatud inimesele. Saate neid osta korraga meie juveelipoest v\u00f5i tellida m\u00f5nes muus metallis v\u00e4rvitoonis.\" \/>\n<meta property=\"og:url\" content=\"https:\/\/colibri-jewels.eu\/et\/toode\/klassikalises-stiilis-valge-kuld-teemant-korvarongad-e-8168\/\" \/>\n<meta property=\"og:site_name\" content=\"Colibri jewels\" \/>\n<meta property=\"article:publisher\" content=\"https:\/\/www.facebook.com\/colibri.jewels\" \/>\n<meta property=\"article:modified_time\" content=\"2022-07-19T18:42:19+00:00\" \/>\n<meta property=\"og:image\" content=\"https:\/\/colibri-jewels.eu\/wp-content\/uploads\/2022\/05\/ED-8168w-k.jpg\" \/>\n\t<meta property=\"og:image:width\" content=\"1000\" \/>\n\t<meta property=\"og:image:height\" content=\"1000\" \/>\n\t<meta property=\"og:image:type\" content=\"image\/jpeg\" \/>\n<meta name=\"twitter:card\" content=\"summary_large_image\" \/>\n<meta name=\"twitter:label1\" content=\"Est. reading time\" \/>\n\t<meta name=\"twitter:data1\" content=\"2 minutit\" \/>\n<script type=\"application\/ld+json\" class=\"yoast-schema-graph\">{\"@context\":\"https:\/\/schema.org\",\"@graph\":[{\"@type\":\"WebPage\",\"@id\":\"https:\/\/colibri-jewels.eu\/et\/toode\/klassikalises-stiilis-valge-kuld-teemant-korvarongad-e-8168\/\",\"url\":\"https:\/\/colibri-jewels.eu\/et\/toode\/klassikalises-stiilis-valge-kuld-teemant-korvarongad-e-8168\/\",\"name\":\"Klassikalises stiilis valgest kullast teemantk\u00f5rvar\u00f5ngad E-8168 - Colibri jewels\",\"isPartOf\":{\"@id\":\"https:\/\/colibri-jewels.eu\/et\/#website\"},\"primaryImageOfPage\":{\"@id\":\"https:\/\/colibri-jewels.eu\/et\/toode\/klassikalises-stiilis-valge-kuld-teemant-korvarongad-e-8168\/#primaryimage\"},\"image\":{\"@id\":\"https:\/\/colibri-jewels.eu\/et\/toode\/klassikalises-stiilis-valge-kuld-teemant-korvarongad-e-8168\/#primaryimage\"},\"thumbnailUrl\":\"https:\/\/colibri-jewels.eu\/wp-content\/uploads\/2022\/05\/ED-8168w-k.jpg\",\"datePublished\":\"2022-05-21T19:35:32+00:00\",\"dateModified\":\"2022-07-19T18:42:19+00:00\",\"description\":\"Klassikalisemas stiilis valgest kullast teemantidega k\u00f5rvar\u00f5ngad keeratava lukuga. 0,32-karaadised teemandid on asetatud v\u00e4ikeste s\u00fcdamekujuliste harudesse. Nii armas s\u00f5num armastatud inimesele. Saate neid osta korraga meie juveelipoest v\u00f5i tellida m\u00f5nes muus metallis v\u00e4rvitoonis.\",\"breadcrumb\":{\"@id\":\"https:\/\/colibri-jewels.eu\/et\/toode\/klassikalises-stiilis-valge-kuld-teemant-korvarongad-e-8168\/#breadcrumb\"},\"inLanguage\":\"et\",\"potentialAction\":[{\"@type\":\"ReadAction\",\"target\":[\"https:\/\/colibri-jewels.eu\/et\/toode\/klassikalises-stiilis-valge-kuld-teemant-korvarongad-e-8168\/\"]}]},{\"@type\":\"ImageObject\",\"inLanguage\":\"et\",\"@id\":\"https:\/\/colibri-jewels.eu\/et\/toode\/klassikalises-stiilis-valge-kuld-teemant-korvarongad-e-8168\/#primaryimage\",\"url\":\"https:\/\/colibri-jewels.eu\/wp-content\/uploads\/2022\/05\/ED-8168w-k.jpg\",\"contentUrl\":\"https:\/\/colibri-jewels.eu\/wp-content\/uploads\/2022\/05\/ED-8168w-k.jpg\",\"width\":1000,\"height\":1000},{\"@type\":\"BreadcrumbList\",\"@id\":\"https:\/\/colibri-jewels.eu\/et\/toode\/klassikalises-stiilis-valge-kuld-teemant-korvarongad-e-8168\/#breadcrumb\",\"itemListElement\":[{\"@type\":\"ListItem\",\"position\":1,\"name\":\"\u0413\u043b\u0430\u0432\u043d\u0430\u044f \u0441\u0442\u0440\u0430\u043d\u0438\u0446\u0430\",\"item\":\"https:\/\/colibri-jewels.eu\/et\/\"},{\"@type\":\"ListItem\",\"position\":2,\"name\":\"Pood\",\"item\":\"https:\/\/colibri-jewels.eu\/et\/pood\/\"},{\"@type\":\"ListItem\",\"position\":3,\"name\":\"Klassikalises stiilis valgest kullast teemantk\u00f5rvar\u00f5ngad E-8168\"}]},{\"@type\":\"WebSite\",\"@id\":\"https:\/\/colibri-jewels.eu\/et\/#website\",\"url\":\"https:\/\/colibri-jewels.eu\/et\/\",\"name\":\"Colibri jewels\",\"description\":\"jewelry shop\",\"publisher\":{\"@id\":\"https:\/\/colibri-jewels.eu\/et\/#organization\"},\"potentialAction\":[{\"@type\":\"SearchAction\",\"target\":{\"@type\":\"EntryPoint\",\"urlTemplate\":\"https:\/\/colibri-jewels.eu\/et\/?s={search_term_string}\"},\"query-input\":{\"@type\":\"PropertyValueSpecification\",\"valueRequired\":true,\"valueName\":\"search_term_string\"}}],\"inLanguage\":\"et\"},{\"@type\":\"Organization\",\"@id\":\"https:\/\/colibri-jewels.eu\/et\/#organization\",\"name\":\"O\u00dc Colibri\",\"url\":\"https:\/\/colibri-jewels.eu\/et\/\",\"logo\":{\"@type\":\"ImageObject\",\"inLanguage\":\"et\",\"@id\":\"https:\/\/colibri-jewels.eu\/et\/#\/schema\/logo\/image\/\",\"url\":\"https:\/\/dev.colibri-jewels.eu\/wp-content\/uploads\/2021\/03\/colibri.png\",\"contentUrl\":\"https:\/\/dev.colibri-jewels.eu\/wp-content\/uploads\/2021\/03\/colibri.png\",\"width\":227,\"height\":130,\"caption\":\"O\u00dc Colibri\"},\"image\":{\"@id\":\"https:\/\/colibri-jewels.eu\/et\/#\/schema\/logo\/image\/\"},\"sameAs\":[\"https:\/\/www.facebook.com\/colibri.jewels\",\"https:\/\/www.instagram.com\/colibri.jewels\",\"https:\/\/www.tiktok.com\/colibri.jewels\"]}]}<\/script>\n<!-- \/ Yoast SEO Premium plugin. -->","yoast_head_json":{"title":"Klassikalises stiilis valgest kullast teemantk\u00f5rvar\u00f5ngad E-8168 - Colibri jewels","description":"Klassikalisemas stiilis valgest kullast teemantidega k\u00f5rvar\u00f5ngad keeratava lukuga. 0,32-karaadised teemandid on asetatud v\u00e4ikeste s\u00fcdamekujuliste harudesse. Nii armas s\u00f5num armastatud inimesele. Saate neid osta korraga meie juveelipoest v\u00f5i tellida m\u00f5nes muus metallis v\u00e4rvitoonis.","robots":{"index":"index","follow":"follow","max-snippet":"max-snippet:-1","max-image-preview":"max-image-preview:large","max-video-preview":"max-video-preview:-1"},"canonical":"https:\/\/colibri-jewels.eu\/et\/toode\/klassikalises-stiilis-valge-kuld-teemant-korvarongad-e-8168\/","og_locale":"et_EE","og_type":"article","og_title":"Klassikalises stiilis valgest kullast teemantk\u00f5rvar\u00f5ngad E-8168","og_description":"Klassikalisemas stiilis valgest kullast teemantidega k\u00f5rvar\u00f5ngad keeratava lukuga. 0,32-karaadised teemandid on asetatud v\u00e4ikeste s\u00fcdamekujuliste harudesse. Nii armas s\u00f5num armastatud inimesele. Saate neid osta korraga meie juveelipoest v\u00f5i tellida m\u00f5nes muus metallis v\u00e4rvitoonis.","og_url":"https:\/\/colibri-jewels.eu\/et\/toode\/klassikalises-stiilis-valge-kuld-teemant-korvarongad-e-8168\/","og_site_name":"Colibri jewels","article_publisher":"https:\/\/www.facebook.com\/colibri.jewels","article_modified_time":"2022-07-19T18:42:19+00:00","og_image":[{"width":1000,"height":1000,"url":"https:\/\/colibri-jewels.eu\/wp-content\/uploads\/2022\/05\/ED-8168w-k.jpg","type":"image\/jpeg"}],"twitter_card":"summary_large_image","twitter_misc":{"Est. reading time":"2 minutit"},"schema":{"@context":"https:\/\/schema.org","@graph":[{"@type":"WebPage","@id":"https:\/\/colibri-jewels.eu\/et\/toode\/klassikalises-stiilis-valge-kuld-teemant-korvarongad-e-8168\/","url":"https:\/\/colibri-jewels.eu\/et\/toode\/klassikalises-stiilis-valge-kuld-teemant-korvarongad-e-8168\/","name":"Klassikalises stiilis valgest kullast teemantk\u00f5rvar\u00f5ngad E-8168 - Colibri jewels","isPartOf":{"@id":"https:\/\/colibri-jewels.eu\/et\/#website"},"primaryImageOfPage":{"@id":"https:\/\/colibri-jewels.eu\/et\/toode\/klassikalises-stiilis-valge-kuld-teemant-korvarongad-e-8168\/#primaryimage"},"image":{"@id":"https:\/\/colibri-jewels.eu\/et\/toode\/klassikalises-stiilis-valge-kuld-teemant-korvarongad-e-8168\/#primaryimage"},"thumbnailUrl":"https:\/\/colibri-jewels.eu\/wp-content\/uploads\/2022\/05\/ED-8168w-k.jpg","datePublished":"2022-05-21T19:35:32+00:00","dateModified":"2022-07-19T18:42:19+00:00","description":"Klassikalisemas stiilis valgest kullast teemantidega k\u00f5rvar\u00f5ngad keeratava lukuga. 0,32-karaadised teemandid on asetatud v\u00e4ikeste s\u00fcdamekujuliste harudesse. Nii armas s\u00f5num armastatud inimesele. Saate neid osta korraga meie juveelipoest v\u00f5i tellida m\u00f5nes muus metallis v\u00e4rvitoonis.","breadcrumb":{"@id":"https:\/\/colibri-jewels.eu\/et\/toode\/klassikalises-stiilis-valge-kuld-teemant-korvarongad-e-8168\/#breadcrumb"},"inLanguage":"et","potentialAction":[{"@type":"ReadAction","target":["https:\/\/colibri-jewels.eu\/et\/toode\/klassikalises-stiilis-valge-kuld-teemant-korvarongad-e-8168\/"]}]},{"@type":"ImageObject","inLanguage":"et","@id":"https:\/\/colibri-jewels.eu\/et\/toode\/klassikalises-stiilis-valge-kuld-teemant-korvarongad-e-8168\/#primaryimage","url":"https:\/\/colibri-jewels.eu\/wp-content\/uploads\/2022\/05\/ED-8168w-k.jpg","contentUrl":"https:\/\/colibri-jewels.eu\/wp-content\/uploads\/2022\/05\/ED-8168w-k.jpg","width":1000,"height":1000},{"@type":"BreadcrumbList","@id":"https:\/\/colibri-jewels.eu\/et\/toode\/klassikalises-stiilis-valge-kuld-teemant-korvarongad-e-8168\/#breadcrumb","itemListElement":[{"@type":"ListItem","position":1,"name":"\u0413\u043b\u0430\u0432\u043d\u0430\u044f \u0441\u0442\u0440\u0430\u043d\u0438\u0446\u0430","item":"https:\/\/colibri-jewels.eu\/et\/"},{"@type":"ListItem","position":2,"name":"Pood","item":"https:\/\/colibri-jewels.eu\/et\/pood\/"},{"@type":"ListItem","position":3,"name":"Klassikalises stiilis valgest kullast teemantk\u00f5rvar\u00f5ngad E-8168"}]},{"@type":"WebSite","@id":"https:\/\/colibri-jewels.eu\/et\/#website","url":"https:\/\/colibri-jewels.eu\/et\/","name":"Colibri jewels","description":"jewelry shop","publisher":{"@id":"https:\/\/colibri-jewels.eu\/et\/#organization"},"potentialAction":[{"@type":"SearchAction","target":{"@type":"EntryPoint","urlTemplate":"https:\/\/colibri-jewels.eu\/et\/?s={search_term_string}"},"query-input":{"@type":"PropertyValueSpecification","valueRequired":true,"valueName":"search_term_string"}}],"inLanguage":"et"},{"@type":"Organization","@id":"https:\/\/colibri-jewels.eu\/et\/#organization","name":"O\u00dc Colibri","url":"https:\/\/colibri-jewels.eu\/et\/","logo":{"@type":"ImageObject","inLanguage":"et","@id":"https:\/\/colibri-jewels.eu\/et\/#\/schema\/logo\/image\/","url":"https:\/\/dev.colibri-jewels.eu\/wp-content\/uploads\/2021\/03\/colibri.png","contentUrl":"https:\/\/dev.colibri-jewels.eu\/wp-content\/uploads\/2021\/03\/colibri.png","width":227,"height":130,"caption":"O\u00dc Colibri"},"image":{"@id":"https:\/\/colibri-jewels.eu\/et\/#\/schema\/logo\/image\/"},"sameAs":["https:\/\/www.facebook.com\/colibri.jewels","https:\/\/www.instagram.com\/colibri.jewels","https:\/\/www.tiktok.com\/colibri.jewels"]}]}},"_links":{"self":[{"href":"https:\/\/colibri-jewels.eu\/et\/wp-json\/wp\/v2\/product\/28304","targetHints":{"allow":["GET"]}}],"collection":[{"href":"https:\/\/colibri-jewels.eu\/et\/wp-json\/wp\/v2\/product"}],"about":[{"href":"https:\/\/colibri-jewels.eu\/et\/wp-json\/wp\/v2\/types\/product"}],"replies":[{"embeddable":true,"href":"https:\/\/colibri-jewels.eu\/et\/wp-json\/wp\/v2\/comments?post=28304"}],"version-history":[{"count":0,"href":"https:\/\/colibri-jewels.eu\/et\/wp-json\/wp\/v2\/product\/28304\/revisions"}],"wp:featuredmedia":[{"embeddable":true,"href":"https:\/\/colibri-jewels.eu\/et\/wp-json\/wp\/v2\/media\/25510"}],"wp:attachment":[{"href":"https:\/\/colibri-jewels.eu\/et\/wp-json\/wp\/v2\/media?parent=28304"}],"wp:term":[{"taxonomy":"brand","embeddable":true,"href":"https:\/\/colibri-jewels.eu\/et\/wp-json\/wp\/v2\/etheme_brands?post=28304"},{"taxonomy":"product_brand","embeddable":true,"href":"https:\/\/colibri-jewels.eu\/et\/wp-json\/wp\/v2\/product_brand?post=28304"},{"taxonomy":"product_cat","embeddable":true,"href":"https:\/\/colibri-jewels.eu\/et\/wp-json\/wp\/v2\/product_cat?post=28304"},{"taxonomy":"product_tag","embeddable":true,"href":"https:\/\/colibri-jewels.eu\/et\/wp-json\/wp\/v2\/product_tag?post=28304"}],"curies":[{"name":"wp","href":"https:\/\/api.w.org\/{rel}","templated":true}]}}