{"id":28309,"date":"2022-05-21T21:09:43","date_gmt":"2022-05-21T18:09:43","guid":{"rendered":"https:\/\/dev.colibri-jewels.eu\/product\/eksklusiivsed-day-night-trafo-korvarongad-sidrunitopaasiga\/"},"modified":"2022-05-21T21:09:43","modified_gmt":"2022-05-21T18:09:43","slug":"eksklusiivsed-paev-oo-trafo-korvarongad-sidrun-topaasiga","status":"publish","type":"product","link":"https:\/\/colibri-jewels.eu\/et\/toode\/eksklusiivsed-paev-oo-trafo-korvarongad-sidrun-topaasiga\/","title":{"rendered":"Eksklusiivsed Day-night trafo k\u00f5rvar\u00f5ngad sidrunitopaasiga"},"content":{"rendered":"<p>Kollektsiooni idee seisneb selle mitmek\u00fclgsuses. P\u00e4evasel ajal &#8211; need on lihtsalt k\u00f5rvar\u00f5ngad ja suure kollase topaasiga kaelakee, mis on m\u00f5eldud neile, kelle staatus lubab neil t\u00f6\u00f6l suuri kive kanda.<\/p>\n<p>Kuid paari liigutusega muutuvad kaelakee ja k\u00f5rvar\u00f5ngad v\u00e4ljapeetud \u00f5htuste ehete meistriteoseks teemantripatsidega. Ripatsite kinnituss\u00fcsteem on t\u00e4iesti n\u00e4htamatu, lukke pole vaja. AGA! Need ei tule \u00e4ra, ei l\u00e4he kaduma, kinnitus ise on uuenduslik ja t\u00f6\u00f6kindel.<br \/>\nAutori kujundus, koopiaid pole!<\/p>\n<p>K\u00f5rvar\u00f5ngad<br \/>\nKuld 14 kt, kollane, kogukaal 22,55 g<br \/>\nTeemandid &#8211; 172 tk, 2,68 ct<br \/>\nTopaasid &#8211; 29,3 ct<\/p>\n<p><a href=\"https:\/\/www.youtube.com\/shorts\/APmdmPocXWA\">vaata selle komplekti videot siit<\/a><\/p>\n","protected":false},"excerpt":{"rendered":"<p>K\u00f5rvar\u00f5ngad<br \/>\nKuld 14 kt, kollane, kogukaal 22,55 g<br \/>\nTeemandid &#8211; 172 tk, 2,68 ct<br \/>\nTopaasid &#8211; 29,3 ct<\/p>\n","protected":false},"featured_media":25468,"comment_status":"open","ping_status":"closed","template":"","meta":[],"etheme_brands":[],"product_brand":[],"product_cat":[469],"product_tag":[476],"class_list":{"0":"post-28309","1":"product","2":"type-product","3":"status-publish","4":"has-post-thumbnail","6":"product_cat-korvarongad","7":"product_tag-eksklusiivsed-ehted","9":"first","10":"instock","11":"shipping-taxable","12":"purchasable","13":"product-type-simple"},"acf":[],"yoast_head":"<!-- This site is optimized with the Yoast SEO Premium plugin v26.5 (Yoast SEO v26.8) - https:\/\/yoast.com\/product\/yoast-seo-premium-wordpress\/ -->\n<title>Eksklusiivsed Day-night trafo k\u00f5rvar\u00f5ngad sidrunitopaasiga - Colibri jewels<\/title>\n<meta name=\"description\" content=\"Tallinnas saadaolevate eksklusiivse kollektsiooni n\u00e4idetel. Eksklusiivsed teemantk\u00f5rvar\u00f5ngad ja kaelakee teemantide kaskaadiga. Ripatsid saab lahti v\u00f5tta ja neid suurep\u00e4raseid sidrunitopaase saab eraldi kanda. Ostke need meie ehete veebipoest v\u00f5i tellige endale midagi erilist.\" \/>\n<meta name=\"robots\" content=\"index, follow, max-snippet:-1, max-image-preview:large, max-video-preview:-1\" \/>\n<link rel=\"canonical\" href=\"https:\/\/colibri-jewels.eu\/et\/toode\/eksklusiivsed-paev-oo-trafo-korvarongad-sidrun-topaasiga\/\" \/>\n<meta property=\"og:locale\" content=\"et_EE\" \/>\n<meta property=\"og:type\" content=\"article\" \/>\n<meta property=\"og:title\" content=\"Eksklusiivsed Day-night trafo k\u00f5rvar\u00f5ngad sidrunitopaasiga\" \/>\n<meta property=\"og:description\" content=\"Tallinnas saadaolevate eksklusiivse kollektsiooni n\u00e4idetel. Eksklusiivsed teemantk\u00f5rvar\u00f5ngad ja kaelakee teemantide kaskaadiga. Ripatsid saab lahti v\u00f5tta ja neid suurep\u00e4raseid sidrunitopaase saab eraldi kanda. Ostke need meie ehete veebipoest v\u00f5i tellige endale midagi erilist.\" \/>\n<meta property=\"og:url\" content=\"https:\/\/colibri-jewels.eu\/et\/toode\/eksklusiivsed-paev-oo-trafo-korvarongad-sidrun-topaasiga\/\" \/>\n<meta property=\"og:site_name\" content=\"Colibri jewels\" \/>\n<meta property=\"article:publisher\" content=\"https:\/\/www.facebook.com\/colibri.jewels\" \/>\n<meta property=\"og:image\" content=\"https:\/\/colibri-jewels.eu\/wp-content\/uploads\/2022\/05\/E-00641web1.jpg\" \/>\n\t<meta property=\"og:image:width\" content=\"1000\" \/>\n\t<meta property=\"og:image:height\" content=\"1000\" \/>\n\t<meta property=\"og:image:type\" content=\"image\/jpeg\" \/>\n<meta name=\"twitter:card\" content=\"summary_large_image\" \/>\n<meta name=\"twitter:label1\" content=\"Est. reading time\" \/>\n\t<meta name=\"twitter:data1\" content=\"1 minut\" \/>\n<script type=\"application\/ld+json\" class=\"yoast-schema-graph\">{\"@context\":\"https:\/\/schema.org\",\"@graph\":[{\"@type\":\"WebPage\",\"@id\":\"https:\/\/colibri-jewels.eu\/et\/toode\/eksklusiivsed-paev-oo-trafo-korvarongad-sidrun-topaasiga\/\",\"url\":\"https:\/\/colibri-jewels.eu\/et\/toode\/eksklusiivsed-paev-oo-trafo-korvarongad-sidrun-topaasiga\/\",\"name\":\"Eksklusiivsed Day-night trafo k\u00f5rvar\u00f5ngad sidrunitopaasiga - Colibri jewels\",\"isPartOf\":{\"@id\":\"https:\/\/colibri-jewels.eu\/et\/#website\"},\"primaryImageOfPage\":{\"@id\":\"https:\/\/colibri-jewels.eu\/et\/toode\/eksklusiivsed-paev-oo-trafo-korvarongad-sidrun-topaasiga\/#primaryimage\"},\"image\":{\"@id\":\"https:\/\/colibri-jewels.eu\/et\/toode\/eksklusiivsed-paev-oo-trafo-korvarongad-sidrun-topaasiga\/#primaryimage\"},\"thumbnailUrl\":\"https:\/\/colibri-jewels.eu\/wp-content\/uploads\/2022\/05\/E-00641web1.jpg\",\"datePublished\":\"2022-05-21T18:09:43+00:00\",\"description\":\"Tallinnas saadaolevate eksklusiivse kollektsiooni n\u00e4idetel. Eksklusiivsed teemantk\u00f5rvar\u00f5ngad ja kaelakee teemantide kaskaadiga. Ripatsid saab lahti v\u00f5tta ja neid suurep\u00e4raseid sidrunitopaase saab eraldi kanda. Ostke need meie ehete veebipoest v\u00f5i tellige endale midagi erilist.\",\"breadcrumb\":{\"@id\":\"https:\/\/colibri-jewels.eu\/et\/toode\/eksklusiivsed-paev-oo-trafo-korvarongad-sidrun-topaasiga\/#breadcrumb\"},\"inLanguage\":\"et\",\"potentialAction\":[{\"@type\":\"ReadAction\",\"target\":[\"https:\/\/colibri-jewels.eu\/et\/toode\/eksklusiivsed-paev-oo-trafo-korvarongad-sidrun-topaasiga\/\"]}]},{\"@type\":\"ImageObject\",\"inLanguage\":\"et\",\"@id\":\"https:\/\/colibri-jewels.eu\/et\/toode\/eksklusiivsed-paev-oo-trafo-korvarongad-sidrun-topaasiga\/#primaryimage\",\"url\":\"https:\/\/colibri-jewels.eu\/wp-content\/uploads\/2022\/05\/E-00641web1.jpg\",\"contentUrl\":\"https:\/\/colibri-jewels.eu\/wp-content\/uploads\/2022\/05\/E-00641web1.jpg\",\"width\":1000,\"height\":1000},{\"@type\":\"BreadcrumbList\",\"@id\":\"https:\/\/colibri-jewels.eu\/et\/toode\/eksklusiivsed-paev-oo-trafo-korvarongad-sidrun-topaasiga\/#breadcrumb\",\"itemListElement\":[{\"@type\":\"ListItem\",\"position\":1,\"name\":\"\u0413\u043b\u0430\u0432\u043d\u0430\u044f \u0441\u0442\u0440\u0430\u043d\u0438\u0446\u0430\",\"item\":\"https:\/\/colibri-jewels.eu\/et\/\"},{\"@type\":\"ListItem\",\"position\":2,\"name\":\"Pood\",\"item\":\"https:\/\/colibri-jewels.eu\/et\/pood\/\"},{\"@type\":\"ListItem\",\"position\":3,\"name\":\"Eksklusiivsed Day-night trafo k\u00f5rvar\u00f5ngad sidrunitopaasiga\"}]},{\"@type\":\"WebSite\",\"@id\":\"https:\/\/colibri-jewels.eu\/et\/#website\",\"url\":\"https:\/\/colibri-jewels.eu\/et\/\",\"name\":\"Colibri jewels\",\"description\":\"jewelry shop\",\"publisher\":{\"@id\":\"https:\/\/colibri-jewels.eu\/et\/#organization\"},\"potentialAction\":[{\"@type\":\"SearchAction\",\"target\":{\"@type\":\"EntryPoint\",\"urlTemplate\":\"https:\/\/colibri-jewels.eu\/et\/?s={search_term_string}\"},\"query-input\":{\"@type\":\"PropertyValueSpecification\",\"valueRequired\":true,\"valueName\":\"search_term_string\"}}],\"inLanguage\":\"et\"},{\"@type\":\"Organization\",\"@id\":\"https:\/\/colibri-jewels.eu\/et\/#organization\",\"name\":\"O\u00dc Colibri\",\"url\":\"https:\/\/colibri-jewels.eu\/et\/\",\"logo\":{\"@type\":\"ImageObject\",\"inLanguage\":\"et\",\"@id\":\"https:\/\/colibri-jewels.eu\/et\/#\/schema\/logo\/image\/\",\"url\":\"https:\/\/dev.colibri-jewels.eu\/wp-content\/uploads\/2021\/03\/colibri.png\",\"contentUrl\":\"https:\/\/dev.colibri-jewels.eu\/wp-content\/uploads\/2021\/03\/colibri.png\",\"width\":227,\"height\":130,\"caption\":\"O\u00dc Colibri\"},\"image\":{\"@id\":\"https:\/\/colibri-jewels.eu\/et\/#\/schema\/logo\/image\/\"},\"sameAs\":[\"https:\/\/www.facebook.com\/colibri.jewels\",\"https:\/\/www.instagram.com\/colibri.jewels\",\"https:\/\/www.tiktok.com\/colibri.jewels\"]}]}<\/script>\n<!-- \/ Yoast SEO Premium plugin. -->","yoast_head_json":{"title":"Eksklusiivsed Day-night trafo k\u00f5rvar\u00f5ngad sidrunitopaasiga - Colibri jewels","description":"Tallinnas saadaolevate eksklusiivse kollektsiooni n\u00e4idetel. Eksklusiivsed teemantk\u00f5rvar\u00f5ngad ja kaelakee teemantide kaskaadiga. Ripatsid saab lahti v\u00f5tta ja neid suurep\u00e4raseid sidrunitopaase saab eraldi kanda. Ostke need meie ehete veebipoest v\u00f5i tellige endale midagi erilist.","robots":{"index":"index","follow":"follow","max-snippet":"max-snippet:-1","max-image-preview":"max-image-preview:large","max-video-preview":"max-video-preview:-1"},"canonical":"https:\/\/colibri-jewels.eu\/et\/toode\/eksklusiivsed-paev-oo-trafo-korvarongad-sidrun-topaasiga\/","og_locale":"et_EE","og_type":"article","og_title":"Eksklusiivsed Day-night trafo k\u00f5rvar\u00f5ngad sidrunitopaasiga","og_description":"Tallinnas saadaolevate eksklusiivse kollektsiooni n\u00e4idetel. Eksklusiivsed teemantk\u00f5rvar\u00f5ngad ja kaelakee teemantide kaskaadiga. Ripatsid saab lahti v\u00f5tta ja neid suurep\u00e4raseid sidrunitopaase saab eraldi kanda. Ostke need meie ehete veebipoest v\u00f5i tellige endale midagi erilist.","og_url":"https:\/\/colibri-jewels.eu\/et\/toode\/eksklusiivsed-paev-oo-trafo-korvarongad-sidrun-topaasiga\/","og_site_name":"Colibri jewels","article_publisher":"https:\/\/www.facebook.com\/colibri.jewels","og_image":[{"width":1000,"height":1000,"url":"https:\/\/colibri-jewels.eu\/wp-content\/uploads\/2022\/05\/E-00641web1.jpg","type":"image\/jpeg"}],"twitter_card":"summary_large_image","twitter_misc":{"Est. reading time":"1 minut"},"schema":{"@context":"https:\/\/schema.org","@graph":[{"@type":"WebPage","@id":"https:\/\/colibri-jewels.eu\/et\/toode\/eksklusiivsed-paev-oo-trafo-korvarongad-sidrun-topaasiga\/","url":"https:\/\/colibri-jewels.eu\/et\/toode\/eksklusiivsed-paev-oo-trafo-korvarongad-sidrun-topaasiga\/","name":"Eksklusiivsed Day-night trafo k\u00f5rvar\u00f5ngad sidrunitopaasiga - Colibri jewels","isPartOf":{"@id":"https:\/\/colibri-jewels.eu\/et\/#website"},"primaryImageOfPage":{"@id":"https:\/\/colibri-jewels.eu\/et\/toode\/eksklusiivsed-paev-oo-trafo-korvarongad-sidrun-topaasiga\/#primaryimage"},"image":{"@id":"https:\/\/colibri-jewels.eu\/et\/toode\/eksklusiivsed-paev-oo-trafo-korvarongad-sidrun-topaasiga\/#primaryimage"},"thumbnailUrl":"https:\/\/colibri-jewels.eu\/wp-content\/uploads\/2022\/05\/E-00641web1.jpg","datePublished":"2022-05-21T18:09:43+00:00","description":"Tallinnas saadaolevate eksklusiivse kollektsiooni n\u00e4idetel. Eksklusiivsed teemantk\u00f5rvar\u00f5ngad ja kaelakee teemantide kaskaadiga. Ripatsid saab lahti v\u00f5tta ja neid suurep\u00e4raseid sidrunitopaase saab eraldi kanda. Ostke need meie ehete veebipoest v\u00f5i tellige endale midagi erilist.","breadcrumb":{"@id":"https:\/\/colibri-jewels.eu\/et\/toode\/eksklusiivsed-paev-oo-trafo-korvarongad-sidrun-topaasiga\/#breadcrumb"},"inLanguage":"et","potentialAction":[{"@type":"ReadAction","target":["https:\/\/colibri-jewels.eu\/et\/toode\/eksklusiivsed-paev-oo-trafo-korvarongad-sidrun-topaasiga\/"]}]},{"@type":"ImageObject","inLanguage":"et","@id":"https:\/\/colibri-jewels.eu\/et\/toode\/eksklusiivsed-paev-oo-trafo-korvarongad-sidrun-topaasiga\/#primaryimage","url":"https:\/\/colibri-jewels.eu\/wp-content\/uploads\/2022\/05\/E-00641web1.jpg","contentUrl":"https:\/\/colibri-jewels.eu\/wp-content\/uploads\/2022\/05\/E-00641web1.jpg","width":1000,"height":1000},{"@type":"BreadcrumbList","@id":"https:\/\/colibri-jewels.eu\/et\/toode\/eksklusiivsed-paev-oo-trafo-korvarongad-sidrun-topaasiga\/#breadcrumb","itemListElement":[{"@type":"ListItem","position":1,"name":"\u0413\u043b\u0430\u0432\u043d\u0430\u044f \u0441\u0442\u0440\u0430\u043d\u0438\u0446\u0430","item":"https:\/\/colibri-jewels.eu\/et\/"},{"@type":"ListItem","position":2,"name":"Pood","item":"https:\/\/colibri-jewels.eu\/et\/pood\/"},{"@type":"ListItem","position":3,"name":"Eksklusiivsed Day-night trafo k\u00f5rvar\u00f5ngad sidrunitopaasiga"}]},{"@type":"WebSite","@id":"https:\/\/colibri-jewels.eu\/et\/#website","url":"https:\/\/colibri-jewels.eu\/et\/","name":"Colibri jewels","description":"jewelry shop","publisher":{"@id":"https:\/\/colibri-jewels.eu\/et\/#organization"},"potentialAction":[{"@type":"SearchAction","target":{"@type":"EntryPoint","urlTemplate":"https:\/\/colibri-jewels.eu\/et\/?s={search_term_string}"},"query-input":{"@type":"PropertyValueSpecification","valueRequired":true,"valueName":"search_term_string"}}],"inLanguage":"et"},{"@type":"Organization","@id":"https:\/\/colibri-jewels.eu\/et\/#organization","name":"O\u00dc Colibri","url":"https:\/\/colibri-jewels.eu\/et\/","logo":{"@type":"ImageObject","inLanguage":"et","@id":"https:\/\/colibri-jewels.eu\/et\/#\/schema\/logo\/image\/","url":"https:\/\/dev.colibri-jewels.eu\/wp-content\/uploads\/2021\/03\/colibri.png","contentUrl":"https:\/\/dev.colibri-jewels.eu\/wp-content\/uploads\/2021\/03\/colibri.png","width":227,"height":130,"caption":"O\u00dc Colibri"},"image":{"@id":"https:\/\/colibri-jewels.eu\/et\/#\/schema\/logo\/image\/"},"sameAs":["https:\/\/www.facebook.com\/colibri.jewels","https:\/\/www.instagram.com\/colibri.jewels","https:\/\/www.tiktok.com\/colibri.jewels"]}]}},"_links":{"self":[{"href":"https:\/\/colibri-jewels.eu\/et\/wp-json\/wp\/v2\/product\/28309","targetHints":{"allow":["GET"]}}],"collection":[{"href":"https:\/\/colibri-jewels.eu\/et\/wp-json\/wp\/v2\/product"}],"about":[{"href":"https:\/\/colibri-jewels.eu\/et\/wp-json\/wp\/v2\/types\/product"}],"replies":[{"embeddable":true,"href":"https:\/\/colibri-jewels.eu\/et\/wp-json\/wp\/v2\/comments?post=28309"}],"version-history":[{"count":0,"href":"https:\/\/colibri-jewels.eu\/et\/wp-json\/wp\/v2\/product\/28309\/revisions"}],"wp:featuredmedia":[{"embeddable":true,"href":"https:\/\/colibri-jewels.eu\/et\/wp-json\/wp\/v2\/media\/25468"}],"wp:attachment":[{"href":"https:\/\/colibri-jewels.eu\/et\/wp-json\/wp\/v2\/media?parent=28309"}],"wp:term":[{"taxonomy":"brand","embeddable":true,"href":"https:\/\/colibri-jewels.eu\/et\/wp-json\/wp\/v2\/etheme_brands?post=28309"},{"taxonomy":"product_brand","embeddable":true,"href":"https:\/\/colibri-jewels.eu\/et\/wp-json\/wp\/v2\/product_brand?post=28309"},{"taxonomy":"product_cat","embeddable":true,"href":"https:\/\/colibri-jewels.eu\/et\/wp-json\/wp\/v2\/product_cat?post=28309"},{"taxonomy":"product_tag","embeddable":true,"href":"https:\/\/colibri-jewels.eu\/et\/wp-json\/wp\/v2\/product_tag?post=28309"}],"curies":[{"name":"wp","href":"https:\/\/api.w.org\/{rel}","templated":true}]}}