{"id":28310,"date":"2022-05-21T20:22:01","date_gmt":"2022-05-21T17:22:01","guid":{"rendered":"https:\/\/dev.colibri-jewels.eu\/product\/hundi-lips-n-8171\/"},"modified":"2022-05-21T20:22:01","modified_gmt":"2022-05-21T17:22:01","slug":"the-wolf-bolo-tie-n-8171-2","status":"publish","type":"product","link":"https:\/\/colibri-jewels.eu\/et\/toode\/the-wolf-bolo-tie-n-8171-2\/","title":{"rendered":"Hundi lips N-8171"},"content":{"rendered":"<p>R\u00fcnnakuvalmis Hundi kirjeldamatu j\u00f5ud, mis on loodud v\u00e4\u00e4rismetallist. Kunagi ei r\u00fcnda p\u00f5hjuseta esimesena \u2013 Hunt on oma tugevuselt hirmu\u00e4ratav. Tema kihvadest on peaaegu v\u00f5imatu lahti saada. Vaadake seda ripatsit. Iga v\u00f5imsa irve lihas, iga hammas v\u00f5imsas l\u00f5ualuus, kuri pilk \u2013 seda saab kogu aeg j\u00e4lgida. Kui mitte hirmus \ud83d\ude42<\/p>\n<p>Loodud nahast n\u00f6\u00f6riga nn &#8220;kauboi lipsu&#8221; v\u00f5i &#8220;bolo lipsu&#8221; kujul. Saab kanda s\u00e4rgi krae all v\u00f5i lihtsalt T-s\u00e4rgi peal. Seda juhul, kui hunt on teie metsaline.<\/p>\n<p>Puhas h\u00f5be, kogukaal 38,45 g. Mustamine, roodiumkate. K\u00e4sitsi valmistatud, eksklusiivne disain.<\/p>\n<p><a href=\"https:\/\/www.youtube.com\/watch?v=U8lU-s4xA9o\">vaata Hundi videot siit<\/a><\/p>\n","protected":false},"excerpt":{"rendered":"<p>R\u00fcnnakuvalmis Hundi kirjeldamatu j\u00f5ud, mis on loodud v\u00e4\u00e4rismetallist. Kunagi ei r\u00fcnda p\u00f5hjuseta esimesena \u2013 Hunt on oma tugevuselt hirmu\u00e4ratav. Tema kihvadest on peaaegu v\u00f5imatu lahti saada. Vaadake seda ripatsit. Iga v\u00f5imsa irve lihas, iga hammas v\u00f5imsas l\u00f5ualuus, kuri pilk \u2013 seda saab kogu aeg j\u00e4lgida. Kui mitte hirmus \ud83d\ude42<\/p>\n<p>Loodud nahast n\u00f6\u00f6riga nn &#8220;kauboi lipsu&#8221; v\u00f5i &#8220;bolo lipsu&#8221; kujul. Saab kanda s\u00e4rgi krae all v\u00f5i lihtsalt T-s\u00e4rgi peal. Seda juhul, kui hunt on teie metsaline.<\/p>\n<p>Puhas h\u00f5be, kogukaal 38,45 g. Mustamine, roodiumkate. K\u00e4sitsi valmistatud, eksklusiivne disain.<\/p>\n","protected":false},"featured_media":25409,"comment_status":"open","ping_status":"closed","template":"","meta":[],"etheme_brands":[],"product_brand":[],"product_cat":[470],"product_tag":[476,503],"class_list":{"0":"post-28310","1":"product","2":"type-product","3":"status-publish","4":"has-post-thumbnail","6":"product_cat-kaelakeed-ja-ripatsid","7":"product_tag-eksklusiivsed-ehted","8":"product_tag-loomalik","10":"first","11":"instock","12":"shipping-taxable","13":"purchasable","14":"product-type-simple"},"acf":[],"yoast_head":"<!-- This site is optimized with the Yoast SEO Premium plugin v26.5 (Yoast SEO v26.8) - https:\/\/yoast.com\/product\/yoast-seo-premium-wordpress\/ -->\n<title>Hundi lips N-8171 - Colibri jewels<\/title>\n<meta name=\"description\" content=\"R\u00fcnnakuvalmis Hundi kirjeldamatu j\u00f5ud, mis on loodud v\u00e4\u00e4rismetallist. Kunagi ei r\u00fcnda p\u00f5hjuseta esimesena \u2013 Hunt on oma tugevuselt hirmu\u00e4ratav. Tema kihvadest on peaaegu v\u00f5imatu lahti saada. Vaadake seda ripatsit. Iga v\u00f5imsa irve lihas, iga hammas v\u00f5imsas l\u00f5ualuus, kuri pilk \u2013 seda saab kogu aeg j\u00e4lgida. Kui mitte hirmutav :) Loodud nahast n\u00f6\u00f6riga nn &quot;kauboi lipsu&quot; v\u00f5i &quot;bolo lipsu&quot; kujul. Saab kanda s\u00e4rgi krae all v\u00f5i lihtsalt T-s\u00e4rgi peal. Seda juhul, kui hunt on teie metsaline. Sterling h\u00f5be, kogukaal 38,45 g. Mustamine, roodiumkate. K\u00e4sitsi valmistatud, eksklusiivne disain. Ostke meie juveelipoest veebist v\u00f5i n\u00e4itusesaalist.\" \/>\n<meta name=\"robots\" content=\"index, follow, max-snippet:-1, max-image-preview:large, max-video-preview:-1\" \/>\n<link rel=\"canonical\" href=\"https:\/\/colibri-jewels.eu\/et\/toode\/the-wolf-bolo-tie-n-8171-2\/\" \/>\n<meta property=\"og:locale\" content=\"et_EE\" \/>\n<meta property=\"og:type\" content=\"article\" \/>\n<meta property=\"og:title\" content=\"Hundi lips N-8171\" \/>\n<meta property=\"og:description\" content=\"R\u00fcnnakuvalmis Hundi kirjeldamatu j\u00f5ud, mis on loodud v\u00e4\u00e4rismetallist. Kunagi ei r\u00fcnda p\u00f5hjuseta esimesena \u2013 Hunt on oma tugevuselt hirmu\u00e4ratav. Tema kihvadest on peaaegu v\u00f5imatu lahti saada. Vaadake seda ripatsit. Iga v\u00f5imsa irve lihas, iga hammas v\u00f5imsas l\u00f5ualuus, kuri pilk \u2013 seda saab kogu aeg j\u00e4lgida. Kui mitte hirmutav :) Loodud nahast n\u00f6\u00f6riga nn &quot;kauboi lipsu&quot; v\u00f5i &quot;bolo lipsu&quot; kujul. Saab kanda s\u00e4rgi krae all v\u00f5i lihtsalt T-s\u00e4rgi peal. Seda juhul, kui hunt on teie metsaline. Sterling h\u00f5be, kogukaal 38,45 g. Mustamine, roodiumkate. K\u00e4sitsi valmistatud, eksklusiivne disain. Ostke meie juveelipoest veebist v\u00f5i n\u00e4itusesaalist.\" \/>\n<meta property=\"og:url\" content=\"https:\/\/colibri-jewels.eu\/et\/toode\/the-wolf-bolo-tie-n-8171-2\/\" \/>\n<meta property=\"og:site_name\" content=\"Colibri jewels\" \/>\n<meta property=\"article:publisher\" content=\"https:\/\/www.facebook.com\/colibri.jewels\" \/>\n<meta property=\"og:image\" content=\"https:\/\/colibri-jewels.eu\/wp-content\/uploads\/2022\/05\/N-8171-4.jpg\" \/>\n\t<meta property=\"og:image:width\" content=\"1000\" \/>\n\t<meta property=\"og:image:height\" content=\"1000\" \/>\n\t<meta property=\"og:image:type\" content=\"image\/jpeg\" \/>\n<meta name=\"twitter:card\" content=\"summary_large_image\" \/>\n<meta name=\"twitter:label1\" content=\"Est. reading time\" \/>\n\t<meta name=\"twitter:data1\" content=\"1 minut\" \/>\n<script type=\"application\/ld+json\" class=\"yoast-schema-graph\">{\"@context\":\"https:\/\/schema.org\",\"@graph\":[{\"@type\":\"WebPage\",\"@id\":\"https:\/\/colibri-jewels.eu\/et\/toode\/the-wolf-bolo-tie-n-8171-2\/\",\"url\":\"https:\/\/colibri-jewels.eu\/et\/toode\/the-wolf-bolo-tie-n-8171-2\/\",\"name\":\"Hundi lips N-8171 - Colibri jewels\",\"isPartOf\":{\"@id\":\"https:\/\/colibri-jewels.eu\/et\/#website\"},\"primaryImageOfPage\":{\"@id\":\"https:\/\/colibri-jewels.eu\/et\/toode\/the-wolf-bolo-tie-n-8171-2\/#primaryimage\"},\"image\":{\"@id\":\"https:\/\/colibri-jewels.eu\/et\/toode\/the-wolf-bolo-tie-n-8171-2\/#primaryimage\"},\"thumbnailUrl\":\"https:\/\/colibri-jewels.eu\/wp-content\/uploads\/2022\/05\/N-8171-4.jpg\",\"datePublished\":\"2022-05-21T17:22:01+00:00\",\"description\":\"R\u00fcnnakuvalmis Hundi kirjeldamatu j\u00f5ud, mis on loodud v\u00e4\u00e4rismetallist. Kunagi ei r\u00fcnda p\u00f5hjuseta esimesena \u2013 Hunt on oma tugevuselt hirmu\u00e4ratav. Tema kihvadest on peaaegu v\u00f5imatu lahti saada. Vaadake seda ripatsit. Iga v\u00f5imsa irve lihas, iga hammas v\u00f5imsas l\u00f5ualuus, kuri pilk \u2013 seda saab kogu aeg j\u00e4lgida. Kui mitte hirmutav :) Loodud nahast n\u00f6\u00f6riga nn \\\"kauboi lipsu\\\" v\u00f5i \\\"bolo lipsu\\\" kujul. Saab kanda s\u00e4rgi krae all v\u00f5i lihtsalt T-s\u00e4rgi peal. Seda juhul, kui hunt on teie metsaline. Sterling h\u00f5be, kogukaal 38,45 g. Mustamine, roodiumkate. K\u00e4sitsi valmistatud, eksklusiivne disain. Ostke meie juveelipoest veebist v\u00f5i n\u00e4itusesaalist.\",\"breadcrumb\":{\"@id\":\"https:\/\/colibri-jewels.eu\/et\/toode\/the-wolf-bolo-tie-n-8171-2\/#breadcrumb\"},\"inLanguage\":\"et\",\"potentialAction\":[{\"@type\":\"ReadAction\",\"target\":[\"https:\/\/colibri-jewels.eu\/et\/toode\/the-wolf-bolo-tie-n-8171-2\/\"]}]},{\"@type\":\"ImageObject\",\"inLanguage\":\"et\",\"@id\":\"https:\/\/colibri-jewels.eu\/et\/toode\/the-wolf-bolo-tie-n-8171-2\/#primaryimage\",\"url\":\"https:\/\/colibri-jewels.eu\/wp-content\/uploads\/2022\/05\/N-8171-4.jpg\",\"contentUrl\":\"https:\/\/colibri-jewels.eu\/wp-content\/uploads\/2022\/05\/N-8171-4.jpg\",\"width\":1000,\"height\":1000},{\"@type\":\"BreadcrumbList\",\"@id\":\"https:\/\/colibri-jewels.eu\/et\/toode\/the-wolf-bolo-tie-n-8171-2\/#breadcrumb\",\"itemListElement\":[{\"@type\":\"ListItem\",\"position\":1,\"name\":\"\u0413\u043b\u0430\u0432\u043d\u0430\u044f \u0441\u0442\u0440\u0430\u043d\u0438\u0446\u0430\",\"item\":\"https:\/\/colibri-jewels.eu\/et\/\"},{\"@type\":\"ListItem\",\"position\":2,\"name\":\"Pood\",\"item\":\"https:\/\/colibri-jewels.eu\/et\/pood\/\"},{\"@type\":\"ListItem\",\"position\":3,\"name\":\"Hundi lips N-8171\"}]},{\"@type\":\"WebSite\",\"@id\":\"https:\/\/colibri-jewels.eu\/et\/#website\",\"url\":\"https:\/\/colibri-jewels.eu\/et\/\",\"name\":\"Colibri jewels\",\"description\":\"jewelry shop\",\"publisher\":{\"@id\":\"https:\/\/colibri-jewels.eu\/et\/#organization\"},\"potentialAction\":[{\"@type\":\"SearchAction\",\"target\":{\"@type\":\"EntryPoint\",\"urlTemplate\":\"https:\/\/colibri-jewels.eu\/et\/?s={search_term_string}\"},\"query-input\":{\"@type\":\"PropertyValueSpecification\",\"valueRequired\":true,\"valueName\":\"search_term_string\"}}],\"inLanguage\":\"et\"},{\"@type\":\"Organization\",\"@id\":\"https:\/\/colibri-jewels.eu\/et\/#organization\",\"name\":\"O\u00dc Colibri\",\"url\":\"https:\/\/colibri-jewels.eu\/et\/\",\"logo\":{\"@type\":\"ImageObject\",\"inLanguage\":\"et\",\"@id\":\"https:\/\/colibri-jewels.eu\/et\/#\/schema\/logo\/image\/\",\"url\":\"https:\/\/dev.colibri-jewels.eu\/wp-content\/uploads\/2021\/03\/colibri.png\",\"contentUrl\":\"https:\/\/dev.colibri-jewels.eu\/wp-content\/uploads\/2021\/03\/colibri.png\",\"width\":227,\"height\":130,\"caption\":\"O\u00dc Colibri\"},\"image\":{\"@id\":\"https:\/\/colibri-jewels.eu\/et\/#\/schema\/logo\/image\/\"},\"sameAs\":[\"https:\/\/www.facebook.com\/colibri.jewels\",\"https:\/\/www.instagram.com\/colibri.jewels\",\"https:\/\/www.tiktok.com\/colibri.jewels\"]}]}<\/script>\n<!-- \/ Yoast SEO Premium plugin. -->","yoast_head_json":{"title":"Hundi lips N-8171 - Colibri jewels","description":"R\u00fcnnakuvalmis Hundi kirjeldamatu j\u00f5ud, mis on loodud v\u00e4\u00e4rismetallist. Kunagi ei r\u00fcnda p\u00f5hjuseta esimesena \u2013 Hunt on oma tugevuselt hirmu\u00e4ratav. Tema kihvadest on peaaegu v\u00f5imatu lahti saada. Vaadake seda ripatsit. Iga v\u00f5imsa irve lihas, iga hammas v\u00f5imsas l\u00f5ualuus, kuri pilk \u2013 seda saab kogu aeg j\u00e4lgida. Kui mitte hirmutav :) Loodud nahast n\u00f6\u00f6riga nn \"kauboi lipsu\" v\u00f5i \"bolo lipsu\" kujul. Saab kanda s\u00e4rgi krae all v\u00f5i lihtsalt T-s\u00e4rgi peal. Seda juhul, kui hunt on teie metsaline. Sterling h\u00f5be, kogukaal 38,45 g. Mustamine, roodiumkate. K\u00e4sitsi valmistatud, eksklusiivne disain. Ostke meie juveelipoest veebist v\u00f5i n\u00e4itusesaalist.","robots":{"index":"index","follow":"follow","max-snippet":"max-snippet:-1","max-image-preview":"max-image-preview:large","max-video-preview":"max-video-preview:-1"},"canonical":"https:\/\/colibri-jewels.eu\/et\/toode\/the-wolf-bolo-tie-n-8171-2\/","og_locale":"et_EE","og_type":"article","og_title":"Hundi lips N-8171","og_description":"R\u00fcnnakuvalmis Hundi kirjeldamatu j\u00f5ud, mis on loodud v\u00e4\u00e4rismetallist. Kunagi ei r\u00fcnda p\u00f5hjuseta esimesena \u2013 Hunt on oma tugevuselt hirmu\u00e4ratav. Tema kihvadest on peaaegu v\u00f5imatu lahti saada. Vaadake seda ripatsit. Iga v\u00f5imsa irve lihas, iga hammas v\u00f5imsas l\u00f5ualuus, kuri pilk \u2013 seda saab kogu aeg j\u00e4lgida. Kui mitte hirmutav :) Loodud nahast n\u00f6\u00f6riga nn \"kauboi lipsu\" v\u00f5i \"bolo lipsu\" kujul. Saab kanda s\u00e4rgi krae all v\u00f5i lihtsalt T-s\u00e4rgi peal. Seda juhul, kui hunt on teie metsaline. Sterling h\u00f5be, kogukaal 38,45 g. Mustamine, roodiumkate. K\u00e4sitsi valmistatud, eksklusiivne disain. Ostke meie juveelipoest veebist v\u00f5i n\u00e4itusesaalist.","og_url":"https:\/\/colibri-jewels.eu\/et\/toode\/the-wolf-bolo-tie-n-8171-2\/","og_site_name":"Colibri jewels","article_publisher":"https:\/\/www.facebook.com\/colibri.jewels","og_image":[{"width":1000,"height":1000,"url":"https:\/\/colibri-jewels.eu\/wp-content\/uploads\/2022\/05\/N-8171-4.jpg","type":"image\/jpeg"}],"twitter_card":"summary_large_image","twitter_misc":{"Est. reading time":"1 minut"},"schema":{"@context":"https:\/\/schema.org","@graph":[{"@type":"WebPage","@id":"https:\/\/colibri-jewels.eu\/et\/toode\/the-wolf-bolo-tie-n-8171-2\/","url":"https:\/\/colibri-jewels.eu\/et\/toode\/the-wolf-bolo-tie-n-8171-2\/","name":"Hundi lips N-8171 - Colibri jewels","isPartOf":{"@id":"https:\/\/colibri-jewels.eu\/et\/#website"},"primaryImageOfPage":{"@id":"https:\/\/colibri-jewels.eu\/et\/toode\/the-wolf-bolo-tie-n-8171-2\/#primaryimage"},"image":{"@id":"https:\/\/colibri-jewels.eu\/et\/toode\/the-wolf-bolo-tie-n-8171-2\/#primaryimage"},"thumbnailUrl":"https:\/\/colibri-jewels.eu\/wp-content\/uploads\/2022\/05\/N-8171-4.jpg","datePublished":"2022-05-21T17:22:01+00:00","description":"R\u00fcnnakuvalmis Hundi kirjeldamatu j\u00f5ud, mis on loodud v\u00e4\u00e4rismetallist. Kunagi ei r\u00fcnda p\u00f5hjuseta esimesena \u2013 Hunt on oma tugevuselt hirmu\u00e4ratav. Tema kihvadest on peaaegu v\u00f5imatu lahti saada. Vaadake seda ripatsit. Iga v\u00f5imsa irve lihas, iga hammas v\u00f5imsas l\u00f5ualuus, kuri pilk \u2013 seda saab kogu aeg j\u00e4lgida. Kui mitte hirmutav :) Loodud nahast n\u00f6\u00f6riga nn \"kauboi lipsu\" v\u00f5i \"bolo lipsu\" kujul. Saab kanda s\u00e4rgi krae all v\u00f5i lihtsalt T-s\u00e4rgi peal. Seda juhul, kui hunt on teie metsaline. Sterling h\u00f5be, kogukaal 38,45 g. Mustamine, roodiumkate. K\u00e4sitsi valmistatud, eksklusiivne disain. Ostke meie juveelipoest veebist v\u00f5i n\u00e4itusesaalist.","breadcrumb":{"@id":"https:\/\/colibri-jewels.eu\/et\/toode\/the-wolf-bolo-tie-n-8171-2\/#breadcrumb"},"inLanguage":"et","potentialAction":[{"@type":"ReadAction","target":["https:\/\/colibri-jewels.eu\/et\/toode\/the-wolf-bolo-tie-n-8171-2\/"]}]},{"@type":"ImageObject","inLanguage":"et","@id":"https:\/\/colibri-jewels.eu\/et\/toode\/the-wolf-bolo-tie-n-8171-2\/#primaryimage","url":"https:\/\/colibri-jewels.eu\/wp-content\/uploads\/2022\/05\/N-8171-4.jpg","contentUrl":"https:\/\/colibri-jewels.eu\/wp-content\/uploads\/2022\/05\/N-8171-4.jpg","width":1000,"height":1000},{"@type":"BreadcrumbList","@id":"https:\/\/colibri-jewels.eu\/et\/toode\/the-wolf-bolo-tie-n-8171-2\/#breadcrumb","itemListElement":[{"@type":"ListItem","position":1,"name":"\u0413\u043b\u0430\u0432\u043d\u0430\u044f \u0441\u0442\u0440\u0430\u043d\u0438\u0446\u0430","item":"https:\/\/colibri-jewels.eu\/et\/"},{"@type":"ListItem","position":2,"name":"Pood","item":"https:\/\/colibri-jewels.eu\/et\/pood\/"},{"@type":"ListItem","position":3,"name":"Hundi lips N-8171"}]},{"@type":"WebSite","@id":"https:\/\/colibri-jewels.eu\/et\/#website","url":"https:\/\/colibri-jewels.eu\/et\/","name":"Colibri jewels","description":"jewelry shop","publisher":{"@id":"https:\/\/colibri-jewels.eu\/et\/#organization"},"potentialAction":[{"@type":"SearchAction","target":{"@type":"EntryPoint","urlTemplate":"https:\/\/colibri-jewels.eu\/et\/?s={search_term_string}"},"query-input":{"@type":"PropertyValueSpecification","valueRequired":true,"valueName":"search_term_string"}}],"inLanguage":"et"},{"@type":"Organization","@id":"https:\/\/colibri-jewels.eu\/et\/#organization","name":"O\u00dc Colibri","url":"https:\/\/colibri-jewels.eu\/et\/","logo":{"@type":"ImageObject","inLanguage":"et","@id":"https:\/\/colibri-jewels.eu\/et\/#\/schema\/logo\/image\/","url":"https:\/\/dev.colibri-jewels.eu\/wp-content\/uploads\/2021\/03\/colibri.png","contentUrl":"https:\/\/dev.colibri-jewels.eu\/wp-content\/uploads\/2021\/03\/colibri.png","width":227,"height":130,"caption":"O\u00dc Colibri"},"image":{"@id":"https:\/\/colibri-jewels.eu\/et\/#\/schema\/logo\/image\/"},"sameAs":["https:\/\/www.facebook.com\/colibri.jewels","https:\/\/www.instagram.com\/colibri.jewels","https:\/\/www.tiktok.com\/colibri.jewels"]}]}},"_links":{"self":[{"href":"https:\/\/colibri-jewels.eu\/et\/wp-json\/wp\/v2\/product\/28310","targetHints":{"allow":["GET"]}}],"collection":[{"href":"https:\/\/colibri-jewels.eu\/et\/wp-json\/wp\/v2\/product"}],"about":[{"href":"https:\/\/colibri-jewels.eu\/et\/wp-json\/wp\/v2\/types\/product"}],"replies":[{"embeddable":true,"href":"https:\/\/colibri-jewels.eu\/et\/wp-json\/wp\/v2\/comments?post=28310"}],"version-history":[{"count":0,"href":"https:\/\/colibri-jewels.eu\/et\/wp-json\/wp\/v2\/product\/28310\/revisions"}],"wp:featuredmedia":[{"embeddable":true,"href":"https:\/\/colibri-jewels.eu\/et\/wp-json\/wp\/v2\/media\/25409"}],"wp:attachment":[{"href":"https:\/\/colibri-jewels.eu\/et\/wp-json\/wp\/v2\/media?parent=28310"}],"wp:term":[{"taxonomy":"brand","embeddable":true,"href":"https:\/\/colibri-jewels.eu\/et\/wp-json\/wp\/v2\/etheme_brands?post=28310"},{"taxonomy":"product_brand","embeddable":true,"href":"https:\/\/colibri-jewels.eu\/et\/wp-json\/wp\/v2\/product_brand?post=28310"},{"taxonomy":"product_cat","embeddable":true,"href":"https:\/\/colibri-jewels.eu\/et\/wp-json\/wp\/v2\/product_cat?post=28310"},{"taxonomy":"product_tag","embeddable":true,"href":"https:\/\/colibri-jewels.eu\/et\/wp-json\/wp\/v2\/product_tag?post=28310"}],"curies":[{"name":"wp","href":"https:\/\/api.w.org\/{rel}","templated":true}]}}