{"id":28312,"date":"2024-04-01T18:16:51","date_gmt":"2024-04-01T15:16:51","guid":{"rendered":"https:\/\/dev.colibri-jewels.eu\/product\/totem-ripats-fox-p-8203\/"},"modified":"2024-04-08T20:30:45","modified_gmt":"2024-04-08T17:30:45","slug":"totem-ripats-rebane-p-8203","status":"publish","type":"product","link":"https:\/\/colibri-jewels.eu\/et\/toode\/totem-ripats-rebane-p-8203\/","title":{"rendered":"Totem ripats &#8220;Fox&#8221; P-8203"},"content":{"rendered":"<p>Uus kauaoodatud totemripats &#8220;Fox&#8221; totemikollektsiooni j\u00e4tkuks. H\u00f5bedamine, kullamine, mustamine, roodiumiga katmine. K\u00e4sit\u00f6\u00f6, autori eskiis.<\/p>\n<p>Rebane on perekondlik olend. Rebased elavad tavaliselt v\u00e4ikestes r\u00fchmades, \u00fcksikuid rebaseid on vaid \u00fcksikud liigid. Rebane on suhteliselt v\u00e4ikese kehaga, kuid tema tohutu kohev saba lisab v\u00e4limusele vol\u00fc\u00fcmi ja efektsust \u2013 rebane v\u00f5ib esmapilgul tunduda palju suurem, kui ta tegelikult on. Rebane j\u00e4tab mulje ja selles pole tal v\u00f5rdset. Rebane on kiskja ja loomulikult on tal teravad kihvad, nii et naljad on temaga halvad &#8211; ta teab, kuidas enda ja oma pere eest seista. Rebasel on v\u00f5ime kahaneda v\u00e4ikseimaks suuruseks, et libiseda k\u00f5ige kitsamasse auku, kuhu keegi ei p\u00e4\u00e4se. Ta lihtsalt h\u00e4mmastab oma kavaluse ja leidlikkusega k\u00f5iki, kes julgevad talle vastu hakata. Kuid \u00fcldiselt eelistab rebane v\u00e4ltida konfliktsituatsioone, kuigi kui tegemist on t\u00f5eliste j\u00f5ukatsumistega, kaitseb ta oma \u00f5igusi l\u00f5puni. Muide, \u00e4ris aitab selle looma totem koguda olulist teavet. Rebase totem patroneerib turundajaid.<br \/>\nRebaseinimesed kohanevad h\u00e4sti iga uue keskkonnaga, nad on reeglina tasakaalukad, meeldiva v\u00e4limusega ja nende naeratus on lihtsalt vastupandamatu. Rebaseinimesed on targad, kiire taibuga ja kavalad. Nende liigutused on graatsilised. Neil on h\u00e4sti arenenud kuues meel. Rebaseinimesed j\u00e4lgivad t\u00e4helepanelikult k\u00f5ike, mis juhtub, j\u00e4tmata silmist v\u00e4himatki detaili. Nad teevad olulisi otsuseid kiiresti ja lihtsalt.<br \/>\nFox on kamuflaa\u017eimeister. Kellegi teise imago selga panemine ja vastase petmine ei maksa talle midagi. Rebane on ideaalne strateeg, ta on endas ja oma v\u00f5imetes kindel, seisab kindlalt jalul. Teda on peaaegu v\u00f5imatu segadusse ajada &#8211; ja \u00e4rge proovige. See on v\u00e4ga tark olend. Kuid tal on ka negatiivseid k\u00fclgi, nagu pettus, teatud pealiskaudsus hinnangutes ja kahepalgelisus. Rebane on ei, ei, ja ta petab. Ta lihtsalt ei kujuta ennast ilma selleta ette.<br \/>\nRebane kui tootem \u00f5petab tajuma visuaalset informatsiooni, eelistades seda helile v\u00f5i m\u00f5nele muule. Samuti \u00f5petab rebane esialgu varju j\u00e4\u00e4ma, olema n\u00e4htamatu, mitte s\u00e4rama ja olema omamoodi hall kardinal. Rebase totem suudab sind kaitsta kavalate, v\u00e4ledate ja \u00fcleolevate inimeste eest, kes tahavad sind ainult \u00e4ra kasutada ega anna midagi vastu. Rebane ei luba sul kunagi selle peal jalgu p\u00fchkida. Rebane teeb kergesti kindlaks teiste t\u00f5elised kavatsused, sel juhul hoiatades ohu eest. Rebaseinimesed lahendavad kergesti k\u00f5ik probleemid ja ei karda riskantsetes ettev\u00f5tmistes kaasa l\u00fc\u00fca.<br \/>\nRebase totem on r\u00e4ndur l\u00e4bi maailmade ja reaalsuste. Ta annab oskuse n\u00e4ha teist maailma ja suhelda vaimudega. Ja rebasesaba, mis aitab sellel metsalisel jahil olles tasakaalu hoida, annab sulle oskuse kiiresti korda seada k\u00f5ik oma elus, mis eba\u00f5nnestub. Samuti \u00f5petab rebane meid olema paindlikud, hindama s\u00fcndmuste k\u00f5iki v\u00f5imalikke tagaj\u00e4rgi enne \u017eeste tegemist.<br \/>\nKui teie totem on rebane, on teil suurep\u00e4rane k\u00f5neoskus ja saate vabalt r\u00e4\u00e4kida peaaegu igal teemal, j\u00e4ttes vestluskaaslasele p\u00fcsiva mulje.<br \/>\nKui reisite koos perega, p\u00f6\u00f6rduge abi saamiseks rebase poole ja see totem kaitseb teid teel tekkivate probleemide eest. Kas leidsite end raskes olukorras? Kutsu rebane v\u00e4lja ja ta aitab sul viimasel hetkel minema libiseda. Rebane r\u00e4\u00e4gib sulle, kuidas k\u00f5ik ja k\u00f5ik segadusse ajades olukord enda kasuks p\u00f6\u00f6rata ja sellest aukalt v\u00e4lja tulla, j\u00e4ttes k\u00f5ik ninapidi.<\/p>\n","protected":false},"excerpt":{"rendered":"<p>Traditsioonilises stiilis Totemi ripats &#8220;The Fox&#8221;<\/p>\n<p>Puhas h\u00f5be, mustamine, kullatud. K\u00e4sitsi valmistatud.<\/p>\n","protected":false},"featured_media":41519,"comment_status":"open","ping_status":"closed","template":"","meta":[],"etheme_brands":[],"product_brand":[],"product_cat":[470],"product_tag":[],"class_list":{"0":"post-28312","1":"product","2":"type-product","3":"status-publish","4":"has-post-thumbnail","6":"product_cat-kaelakeed-ja-ripatsid","8":"first","9":"instock","10":"shipping-taxable","11":"purchasable","12":"product-type-simple"},"acf":[],"yoast_head":"<!-- This site is optimized with the Yoast SEO Premium plugin v26.5 (Yoast SEO v26.8) - https:\/\/yoast.com\/product\/yoast-seo-premium-wordpress\/ -->\n<title>Totem ripats &quot;Fox&quot; P-8203 - Colibri jewels<\/title>\n<meta name=\"robots\" content=\"index, follow, max-snippet:-1, max-image-preview:large, max-video-preview:-1\" \/>\n<link rel=\"canonical\" href=\"https:\/\/colibri-jewels.eu\/et\/toode\/totem-ripats-rebane-p-8203\/\" \/>\n<meta property=\"og:locale\" content=\"et_EE\" \/>\n<meta property=\"og:type\" content=\"article\" \/>\n<meta property=\"og:title\" content=\"Totem ripats &quot;Fox&quot; P-8203\" \/>\n<meta property=\"og:description\" content=\"Traditsioonilises stiilis Totemi ripats &quot;The Fox&quot; Puhas h\u00f5be, mustamine, kullatud. K\u00e4sitsi valmistatud.\" \/>\n<meta property=\"og:url\" content=\"https:\/\/colibri-jewels.eu\/et\/toode\/totem-ripats-rebane-p-8203\/\" \/>\n<meta property=\"og:site_name\" content=\"Colibri jewels\" \/>\n<meta property=\"article:publisher\" content=\"https:\/\/www.facebook.com\/colibri.jewels\" \/>\n<meta property=\"article:modified_time\" content=\"2024-04-08T17:30:45+00:00\" \/>\n<meta property=\"og:image\" content=\"https:\/\/colibri-jewels.eu\/wp-content\/uploads\/2024\/04\/silver-totem-pendant-fox-P-8203.jpg\" \/>\n\t<meta property=\"og:image:width\" content=\"1000\" \/>\n\t<meta property=\"og:image:height\" content=\"1000\" \/>\n\t<meta property=\"og:image:type\" content=\"image\/jpeg\" \/>\n<meta name=\"twitter:card\" content=\"summary_large_image\" \/>\n<meta name=\"twitter:label1\" content=\"Est. reading time\" \/>\n\t<meta name=\"twitter:data1\" content=\"3 minutit\" \/>\n<script type=\"application\/ld+json\" class=\"yoast-schema-graph\">{\"@context\":\"https:\/\/schema.org\",\"@graph\":[{\"@type\":\"WebPage\",\"@id\":\"https:\/\/colibri-jewels.eu\/et\/toode\/totem-ripats-rebane-p-8203\/\",\"url\":\"https:\/\/colibri-jewels.eu\/et\/toode\/totem-ripats-rebane-p-8203\/\",\"name\":\"Totem ripats \\\"Fox\\\" P-8203 - Colibri jewels\",\"isPartOf\":{\"@id\":\"https:\/\/colibri-jewels.eu\/et\/#website\"},\"primaryImageOfPage\":{\"@id\":\"https:\/\/colibri-jewels.eu\/et\/toode\/totem-ripats-rebane-p-8203\/#primaryimage\"},\"image\":{\"@id\":\"https:\/\/colibri-jewels.eu\/et\/toode\/totem-ripats-rebane-p-8203\/#primaryimage\"},\"thumbnailUrl\":\"https:\/\/colibri-jewels.eu\/wp-content\/uploads\/2024\/04\/silver-totem-pendant-fox-P-8203.jpg\",\"datePublished\":\"2024-04-01T15:16:51+00:00\",\"dateModified\":\"2024-04-08T17:30:45+00:00\",\"breadcrumb\":{\"@id\":\"https:\/\/colibri-jewels.eu\/et\/toode\/totem-ripats-rebane-p-8203\/#breadcrumb\"},\"inLanguage\":\"et\",\"potentialAction\":[{\"@type\":\"ReadAction\",\"target\":[\"https:\/\/colibri-jewels.eu\/et\/toode\/totem-ripats-rebane-p-8203\/\"]}]},{\"@type\":\"ImageObject\",\"inLanguage\":\"et\",\"@id\":\"https:\/\/colibri-jewels.eu\/et\/toode\/totem-ripats-rebane-p-8203\/#primaryimage\",\"url\":\"https:\/\/colibri-jewels.eu\/wp-content\/uploads\/2024\/04\/silver-totem-pendant-fox-P-8203.jpg\",\"contentUrl\":\"https:\/\/colibri-jewels.eu\/wp-content\/uploads\/2024\/04\/silver-totem-pendant-fox-P-8203.jpg\",\"width\":1000,\"height\":1000},{\"@type\":\"BreadcrumbList\",\"@id\":\"https:\/\/colibri-jewels.eu\/et\/toode\/totem-ripats-rebane-p-8203\/#breadcrumb\",\"itemListElement\":[{\"@type\":\"ListItem\",\"position\":1,\"name\":\"\u0413\u043b\u0430\u0432\u043d\u0430\u044f \u0441\u0442\u0440\u0430\u043d\u0438\u0446\u0430\",\"item\":\"https:\/\/colibri-jewels.eu\/et\/\"},{\"@type\":\"ListItem\",\"position\":2,\"name\":\"Pood\",\"item\":\"https:\/\/colibri-jewels.eu\/et\/pood\/\"},{\"@type\":\"ListItem\",\"position\":3,\"name\":\"Totem ripats &#8220;Fox&#8221; P-8203\"}]},{\"@type\":\"WebSite\",\"@id\":\"https:\/\/colibri-jewels.eu\/et\/#website\",\"url\":\"https:\/\/colibri-jewels.eu\/et\/\",\"name\":\"Colibri jewels\",\"description\":\"jewelry shop\",\"publisher\":{\"@id\":\"https:\/\/colibri-jewels.eu\/et\/#organization\"},\"potentialAction\":[{\"@type\":\"SearchAction\",\"target\":{\"@type\":\"EntryPoint\",\"urlTemplate\":\"https:\/\/colibri-jewels.eu\/et\/?s={search_term_string}\"},\"query-input\":{\"@type\":\"PropertyValueSpecification\",\"valueRequired\":true,\"valueName\":\"search_term_string\"}}],\"inLanguage\":\"et\"},{\"@type\":\"Organization\",\"@id\":\"https:\/\/colibri-jewels.eu\/et\/#organization\",\"name\":\"O\u00dc Colibri\",\"url\":\"https:\/\/colibri-jewels.eu\/et\/\",\"logo\":{\"@type\":\"ImageObject\",\"inLanguage\":\"et\",\"@id\":\"https:\/\/colibri-jewels.eu\/et\/#\/schema\/logo\/image\/\",\"url\":\"https:\/\/dev.colibri-jewels.eu\/wp-content\/uploads\/2021\/03\/colibri.png\",\"contentUrl\":\"https:\/\/dev.colibri-jewels.eu\/wp-content\/uploads\/2021\/03\/colibri.png\",\"width\":227,\"height\":130,\"caption\":\"O\u00dc Colibri\"},\"image\":{\"@id\":\"https:\/\/colibri-jewels.eu\/et\/#\/schema\/logo\/image\/\"},\"sameAs\":[\"https:\/\/www.facebook.com\/colibri.jewels\",\"https:\/\/www.instagram.com\/colibri.jewels\",\"https:\/\/www.tiktok.com\/colibri.jewels\"]}]}<\/script>\n<!-- \/ Yoast SEO Premium plugin. -->","yoast_head_json":{"title":"Totem ripats \"Fox\" P-8203 - Colibri jewels","robots":{"index":"index","follow":"follow","max-snippet":"max-snippet:-1","max-image-preview":"max-image-preview:large","max-video-preview":"max-video-preview:-1"},"canonical":"https:\/\/colibri-jewels.eu\/et\/toode\/totem-ripats-rebane-p-8203\/","og_locale":"et_EE","og_type":"article","og_title":"Totem ripats \"Fox\" P-8203","og_description":"Traditsioonilises stiilis Totemi ripats \"The Fox\" Puhas h\u00f5be, mustamine, kullatud. K\u00e4sitsi valmistatud.","og_url":"https:\/\/colibri-jewels.eu\/et\/toode\/totem-ripats-rebane-p-8203\/","og_site_name":"Colibri jewels","article_publisher":"https:\/\/www.facebook.com\/colibri.jewels","article_modified_time":"2024-04-08T17:30:45+00:00","og_image":[{"width":1000,"height":1000,"url":"https:\/\/colibri-jewels.eu\/wp-content\/uploads\/2024\/04\/silver-totem-pendant-fox-P-8203.jpg","type":"image\/jpeg"}],"twitter_card":"summary_large_image","twitter_misc":{"Est. reading time":"3 minutit"},"schema":{"@context":"https:\/\/schema.org","@graph":[{"@type":"WebPage","@id":"https:\/\/colibri-jewels.eu\/et\/toode\/totem-ripats-rebane-p-8203\/","url":"https:\/\/colibri-jewels.eu\/et\/toode\/totem-ripats-rebane-p-8203\/","name":"Totem ripats \"Fox\" P-8203 - Colibri jewels","isPartOf":{"@id":"https:\/\/colibri-jewels.eu\/et\/#website"},"primaryImageOfPage":{"@id":"https:\/\/colibri-jewels.eu\/et\/toode\/totem-ripats-rebane-p-8203\/#primaryimage"},"image":{"@id":"https:\/\/colibri-jewels.eu\/et\/toode\/totem-ripats-rebane-p-8203\/#primaryimage"},"thumbnailUrl":"https:\/\/colibri-jewels.eu\/wp-content\/uploads\/2024\/04\/silver-totem-pendant-fox-P-8203.jpg","datePublished":"2024-04-01T15:16:51+00:00","dateModified":"2024-04-08T17:30:45+00:00","breadcrumb":{"@id":"https:\/\/colibri-jewels.eu\/et\/toode\/totem-ripats-rebane-p-8203\/#breadcrumb"},"inLanguage":"et","potentialAction":[{"@type":"ReadAction","target":["https:\/\/colibri-jewels.eu\/et\/toode\/totem-ripats-rebane-p-8203\/"]}]},{"@type":"ImageObject","inLanguage":"et","@id":"https:\/\/colibri-jewels.eu\/et\/toode\/totem-ripats-rebane-p-8203\/#primaryimage","url":"https:\/\/colibri-jewels.eu\/wp-content\/uploads\/2024\/04\/silver-totem-pendant-fox-P-8203.jpg","contentUrl":"https:\/\/colibri-jewels.eu\/wp-content\/uploads\/2024\/04\/silver-totem-pendant-fox-P-8203.jpg","width":1000,"height":1000},{"@type":"BreadcrumbList","@id":"https:\/\/colibri-jewels.eu\/et\/toode\/totem-ripats-rebane-p-8203\/#breadcrumb","itemListElement":[{"@type":"ListItem","position":1,"name":"\u0413\u043b\u0430\u0432\u043d\u0430\u044f \u0441\u0442\u0440\u0430\u043d\u0438\u0446\u0430","item":"https:\/\/colibri-jewels.eu\/et\/"},{"@type":"ListItem","position":2,"name":"Pood","item":"https:\/\/colibri-jewels.eu\/et\/pood\/"},{"@type":"ListItem","position":3,"name":"Totem ripats &#8220;Fox&#8221; P-8203"}]},{"@type":"WebSite","@id":"https:\/\/colibri-jewels.eu\/et\/#website","url":"https:\/\/colibri-jewels.eu\/et\/","name":"Colibri jewels","description":"jewelry shop","publisher":{"@id":"https:\/\/colibri-jewels.eu\/et\/#organization"},"potentialAction":[{"@type":"SearchAction","target":{"@type":"EntryPoint","urlTemplate":"https:\/\/colibri-jewels.eu\/et\/?s={search_term_string}"},"query-input":{"@type":"PropertyValueSpecification","valueRequired":true,"valueName":"search_term_string"}}],"inLanguage":"et"},{"@type":"Organization","@id":"https:\/\/colibri-jewels.eu\/et\/#organization","name":"O\u00dc Colibri","url":"https:\/\/colibri-jewels.eu\/et\/","logo":{"@type":"ImageObject","inLanguage":"et","@id":"https:\/\/colibri-jewels.eu\/et\/#\/schema\/logo\/image\/","url":"https:\/\/dev.colibri-jewels.eu\/wp-content\/uploads\/2021\/03\/colibri.png","contentUrl":"https:\/\/dev.colibri-jewels.eu\/wp-content\/uploads\/2021\/03\/colibri.png","width":227,"height":130,"caption":"O\u00dc Colibri"},"image":{"@id":"https:\/\/colibri-jewels.eu\/et\/#\/schema\/logo\/image\/"},"sameAs":["https:\/\/www.facebook.com\/colibri.jewels","https:\/\/www.instagram.com\/colibri.jewels","https:\/\/www.tiktok.com\/colibri.jewels"]}]}},"_links":{"self":[{"href":"https:\/\/colibri-jewels.eu\/et\/wp-json\/wp\/v2\/product\/28312","targetHints":{"allow":["GET"]}}],"collection":[{"href":"https:\/\/colibri-jewels.eu\/et\/wp-json\/wp\/v2\/product"}],"about":[{"href":"https:\/\/colibri-jewels.eu\/et\/wp-json\/wp\/v2\/types\/product"}],"replies":[{"embeddable":true,"href":"https:\/\/colibri-jewels.eu\/et\/wp-json\/wp\/v2\/comments?post=28312"}],"version-history":[{"count":0,"href":"https:\/\/colibri-jewels.eu\/et\/wp-json\/wp\/v2\/product\/28312\/revisions"}],"wp:featuredmedia":[{"embeddable":true,"href":"https:\/\/colibri-jewels.eu\/et\/wp-json\/wp\/v2\/media\/41519"}],"wp:attachment":[{"href":"https:\/\/colibri-jewels.eu\/et\/wp-json\/wp\/v2\/media?parent=28312"}],"wp:term":[{"taxonomy":"brand","embeddable":true,"href":"https:\/\/colibri-jewels.eu\/et\/wp-json\/wp\/v2\/etheme_brands?post=28312"},{"taxonomy":"product_brand","embeddable":true,"href":"https:\/\/colibri-jewels.eu\/et\/wp-json\/wp\/v2\/product_brand?post=28312"},{"taxonomy":"product_cat","embeddable":true,"href":"https:\/\/colibri-jewels.eu\/et\/wp-json\/wp\/v2\/product_cat?post=28312"},{"taxonomy":"product_tag","embeddable":true,"href":"https:\/\/colibri-jewels.eu\/et\/wp-json\/wp\/v2\/product_tag?post=28312"}],"curies":[{"name":"wp","href":"https:\/\/api.w.org\/{rel}","templated":true}]}}