{"id":28315,"date":"2022-05-21T17:40:28","date_gmt":"2022-05-21T14:40:28","guid":{"rendered":"https:\/\/dev.colibri-jewels.eu\/product\/runic-armastuse-amulett-naistele-emailiga-p-7599\/"},"modified":"2022-05-21T17:40:28","modified_gmt":"2022-05-21T14:40:28","slug":"runic-love-amulett-naiste-emailiga-p-7599","status":"publish","type":"product","link":"https:\/\/colibri-jewels.eu\/et\/toode\/runic-love-amulett-naiste-emailiga-p-7599\/","title":{"rendered":"Runic armastuse amulett naistele emailiga P-7599"},"content":{"rendered":"<p>Selle amuleti kandmine aitab meelitada omanikule suurt armastust ja harmoonilisi suhteid.<br \/>\nRuuniloits koosneb:<br \/>\nKENAZ ruun \u2013 avanemise ja inspiratsiooni ruun<br \/>\nGEBO ruun \u2013 kingituse ja vastukingituse ruun, partnerluse ja koost\u00f6\u00f6 ruun, vastandite \u00fchtsus<br \/>\nLAGUZ \u2013 intuitsiooni, puhta voolu ja kujutlusv\u00f5ime ruun, siseringi maagia ruun<\/p>\n<p>H\u00f5bedane, kullatud, kahev\u00e4rviline email<\/p>\n","protected":false},"excerpt":{"rendered":"<p>Selle amuleti kandmine aitab meelitada omanikule suurt armastust ja harmoonilisi suhteid.<br \/>\nRuuniloits koosneb:<br \/>\nKENAZ ruun \u2013 avanemise ja inspiratsiooni ruun<br \/>\nGEBO ruun \u2013 kingituse ja vastukingituse ruun, partnerluse ja koost\u00f6\u00f6 ruun, vastandite \u00fchtsus<br \/>\nLAGUZ \u2013 intuitsiooni, puhta voolu ja kujutlusv\u00f5ime ruun, siseringi maagia ruun<\/p>\n<p>H\u00f5bedane, kullatud, kahev\u00e4rviline email<\/p>\n","protected":false},"featured_media":25360,"comment_status":"open","ping_status":"closed","template":"","meta":[],"etheme_brands":[],"product_brand":[],"product_cat":[470],"product_tag":[506],"class_list":{"0":"post-28315","1":"product","2":"type-product","3":"status-publish","4":"has-post-thumbnail","6":"product_cat-kaelakeed-ja-ripatsid","7":"product_tag-ruunid","9":"first","10":"outofstock","11":"shipping-taxable","12":"purchasable","13":"product-type-simple"},"acf":[],"yoast_head":"<!-- This site is optimized with the Yoast SEO Premium plugin v26.5 (Yoast SEO v26.8) - https:\/\/yoast.com\/product\/yoast-seo-premium-wordpress\/ -->\n<title>Runic armastuse amulett naistele emailiga P-7599 - Colibri jewels<\/title>\n<meta name=\"robots\" content=\"index, follow, max-snippet:-1, max-image-preview:large, max-video-preview:-1\" \/>\n<link rel=\"canonical\" href=\"https:\/\/colibri-jewels.eu\/et\/toode\/runic-love-amulett-naiste-emailiga-p-7599\/\" \/>\n<meta property=\"og:locale\" content=\"et_EE\" \/>\n<meta property=\"og:type\" content=\"article\" \/>\n<meta property=\"og:title\" content=\"Runic armastuse amulett naistele emailiga P-7599\" \/>\n<meta property=\"og:description\" content=\"Selle amuleti kandmine aitab meelitada omanikule suurt armastust ja harmoonilisi suhteid. Ruuniloits koosneb: KENAZ ruun \u2013 avanemise ja inspiratsiooni ruun GEBO ruun \u2013 kingituse ja vastukingituse ruun, partnerluse ja koost\u00f6\u00f6 ruun, vastandite \u00fchtsus LAGUZ \u2013 intuitsiooni, puhta voolu ja kujutlusv\u00f5ime ruun, siseringi maagia ruun H\u00f5bedane, kullatud, kahev\u00e4rviline email\" \/>\n<meta property=\"og:url\" content=\"https:\/\/colibri-jewels.eu\/et\/toode\/runic-love-amulett-naiste-emailiga-p-7599\/\" \/>\n<meta property=\"og:site_name\" content=\"Colibri jewels\" \/>\n<meta property=\"article:publisher\" content=\"https:\/\/www.facebook.com\/colibri.jewels\" \/>\n<meta property=\"og:image\" content=\"https:\/\/colibri-jewels.eu\/wp-content\/uploads\/2022\/05\/P-7599web5.jpg\" \/>\n\t<meta property=\"og:image:width\" content=\"1000\" \/>\n\t<meta property=\"og:image:height\" content=\"1000\" \/>\n\t<meta property=\"og:image:type\" content=\"image\/jpeg\" \/>\n<meta name=\"twitter:card\" content=\"summary_large_image\" \/>\n<script type=\"application\/ld+json\" class=\"yoast-schema-graph\">{\"@context\":\"https:\/\/schema.org\",\"@graph\":[{\"@type\":\"WebPage\",\"@id\":\"https:\/\/colibri-jewels.eu\/et\/toode\/runic-love-amulett-naiste-emailiga-p-7599\/\",\"url\":\"https:\/\/colibri-jewels.eu\/et\/toode\/runic-love-amulett-naiste-emailiga-p-7599\/\",\"name\":\"Runic armastuse amulett naistele emailiga P-7599 - Colibri jewels\",\"isPartOf\":{\"@id\":\"https:\/\/colibri-jewels.eu\/et\/#website\"},\"primaryImageOfPage\":{\"@id\":\"https:\/\/colibri-jewels.eu\/et\/toode\/runic-love-amulett-naiste-emailiga-p-7599\/#primaryimage\"},\"image\":{\"@id\":\"https:\/\/colibri-jewels.eu\/et\/toode\/runic-love-amulett-naiste-emailiga-p-7599\/#primaryimage\"},\"thumbnailUrl\":\"https:\/\/colibri-jewels.eu\/wp-content\/uploads\/2022\/05\/P-7599web5.jpg\",\"datePublished\":\"2022-05-21T14:40:28+00:00\",\"breadcrumb\":{\"@id\":\"https:\/\/colibri-jewels.eu\/et\/toode\/runic-love-amulett-naiste-emailiga-p-7599\/#breadcrumb\"},\"inLanguage\":\"et\",\"potentialAction\":[{\"@type\":\"ReadAction\",\"target\":[\"https:\/\/colibri-jewels.eu\/et\/toode\/runic-love-amulett-naiste-emailiga-p-7599\/\"]}]},{\"@type\":\"ImageObject\",\"inLanguage\":\"et\",\"@id\":\"https:\/\/colibri-jewels.eu\/et\/toode\/runic-love-amulett-naiste-emailiga-p-7599\/#primaryimage\",\"url\":\"https:\/\/colibri-jewels.eu\/wp-content\/uploads\/2022\/05\/P-7599web5.jpg\",\"contentUrl\":\"https:\/\/colibri-jewels.eu\/wp-content\/uploads\/2022\/05\/P-7599web5.jpg\",\"width\":1000,\"height\":1000},{\"@type\":\"BreadcrumbList\",\"@id\":\"https:\/\/colibri-jewels.eu\/et\/toode\/runic-love-amulett-naiste-emailiga-p-7599\/#breadcrumb\",\"itemListElement\":[{\"@type\":\"ListItem\",\"position\":1,\"name\":\"\u0413\u043b\u0430\u0432\u043d\u0430\u044f \u0441\u0442\u0440\u0430\u043d\u0438\u0446\u0430\",\"item\":\"https:\/\/colibri-jewels.eu\/et\/\"},{\"@type\":\"ListItem\",\"position\":2,\"name\":\"Pood\",\"item\":\"https:\/\/colibri-jewels.eu\/et\/pood\/\"},{\"@type\":\"ListItem\",\"position\":3,\"name\":\"Runic armastuse amulett naistele emailiga P-7599\"}]},{\"@type\":\"WebSite\",\"@id\":\"https:\/\/colibri-jewels.eu\/et\/#website\",\"url\":\"https:\/\/colibri-jewels.eu\/et\/\",\"name\":\"Colibri jewels\",\"description\":\"jewelry shop\",\"publisher\":{\"@id\":\"https:\/\/colibri-jewels.eu\/et\/#organization\"},\"potentialAction\":[{\"@type\":\"SearchAction\",\"target\":{\"@type\":\"EntryPoint\",\"urlTemplate\":\"https:\/\/colibri-jewels.eu\/et\/?s={search_term_string}\"},\"query-input\":{\"@type\":\"PropertyValueSpecification\",\"valueRequired\":true,\"valueName\":\"search_term_string\"}}],\"inLanguage\":\"et\"},{\"@type\":\"Organization\",\"@id\":\"https:\/\/colibri-jewels.eu\/et\/#organization\",\"name\":\"O\u00dc Colibri\",\"url\":\"https:\/\/colibri-jewels.eu\/et\/\",\"logo\":{\"@type\":\"ImageObject\",\"inLanguage\":\"et\",\"@id\":\"https:\/\/colibri-jewels.eu\/et\/#\/schema\/logo\/image\/\",\"url\":\"https:\/\/dev.colibri-jewels.eu\/wp-content\/uploads\/2021\/03\/colibri.png\",\"contentUrl\":\"https:\/\/dev.colibri-jewels.eu\/wp-content\/uploads\/2021\/03\/colibri.png\",\"width\":227,\"height\":130,\"caption\":\"O\u00dc Colibri\"},\"image\":{\"@id\":\"https:\/\/colibri-jewels.eu\/et\/#\/schema\/logo\/image\/\"},\"sameAs\":[\"https:\/\/www.facebook.com\/colibri.jewels\",\"https:\/\/www.instagram.com\/colibri.jewels\",\"https:\/\/www.tiktok.com\/colibri.jewels\"]}]}<\/script>\n<!-- \/ Yoast SEO Premium plugin. -->","yoast_head_json":{"title":"Runic armastuse amulett naistele emailiga P-7599 - Colibri jewels","robots":{"index":"index","follow":"follow","max-snippet":"max-snippet:-1","max-image-preview":"max-image-preview:large","max-video-preview":"max-video-preview:-1"},"canonical":"https:\/\/colibri-jewels.eu\/et\/toode\/runic-love-amulett-naiste-emailiga-p-7599\/","og_locale":"et_EE","og_type":"article","og_title":"Runic armastuse amulett naistele emailiga P-7599","og_description":"Selle amuleti kandmine aitab meelitada omanikule suurt armastust ja harmoonilisi suhteid. Ruuniloits koosneb: KENAZ ruun \u2013 avanemise ja inspiratsiooni ruun GEBO ruun \u2013 kingituse ja vastukingituse ruun, partnerluse ja koost\u00f6\u00f6 ruun, vastandite \u00fchtsus LAGUZ \u2013 intuitsiooni, puhta voolu ja kujutlusv\u00f5ime ruun, siseringi maagia ruun H\u00f5bedane, kullatud, kahev\u00e4rviline email","og_url":"https:\/\/colibri-jewels.eu\/et\/toode\/runic-love-amulett-naiste-emailiga-p-7599\/","og_site_name":"Colibri jewels","article_publisher":"https:\/\/www.facebook.com\/colibri.jewels","og_image":[{"width":1000,"height":1000,"url":"https:\/\/colibri-jewels.eu\/wp-content\/uploads\/2022\/05\/P-7599web5.jpg","type":"image\/jpeg"}],"twitter_card":"summary_large_image","schema":{"@context":"https:\/\/schema.org","@graph":[{"@type":"WebPage","@id":"https:\/\/colibri-jewels.eu\/et\/toode\/runic-love-amulett-naiste-emailiga-p-7599\/","url":"https:\/\/colibri-jewels.eu\/et\/toode\/runic-love-amulett-naiste-emailiga-p-7599\/","name":"Runic armastuse amulett naistele emailiga P-7599 - Colibri jewels","isPartOf":{"@id":"https:\/\/colibri-jewels.eu\/et\/#website"},"primaryImageOfPage":{"@id":"https:\/\/colibri-jewels.eu\/et\/toode\/runic-love-amulett-naiste-emailiga-p-7599\/#primaryimage"},"image":{"@id":"https:\/\/colibri-jewels.eu\/et\/toode\/runic-love-amulett-naiste-emailiga-p-7599\/#primaryimage"},"thumbnailUrl":"https:\/\/colibri-jewels.eu\/wp-content\/uploads\/2022\/05\/P-7599web5.jpg","datePublished":"2022-05-21T14:40:28+00:00","breadcrumb":{"@id":"https:\/\/colibri-jewels.eu\/et\/toode\/runic-love-amulett-naiste-emailiga-p-7599\/#breadcrumb"},"inLanguage":"et","potentialAction":[{"@type":"ReadAction","target":["https:\/\/colibri-jewels.eu\/et\/toode\/runic-love-amulett-naiste-emailiga-p-7599\/"]}]},{"@type":"ImageObject","inLanguage":"et","@id":"https:\/\/colibri-jewels.eu\/et\/toode\/runic-love-amulett-naiste-emailiga-p-7599\/#primaryimage","url":"https:\/\/colibri-jewels.eu\/wp-content\/uploads\/2022\/05\/P-7599web5.jpg","contentUrl":"https:\/\/colibri-jewels.eu\/wp-content\/uploads\/2022\/05\/P-7599web5.jpg","width":1000,"height":1000},{"@type":"BreadcrumbList","@id":"https:\/\/colibri-jewels.eu\/et\/toode\/runic-love-amulett-naiste-emailiga-p-7599\/#breadcrumb","itemListElement":[{"@type":"ListItem","position":1,"name":"\u0413\u043b\u0430\u0432\u043d\u0430\u044f \u0441\u0442\u0440\u0430\u043d\u0438\u0446\u0430","item":"https:\/\/colibri-jewels.eu\/et\/"},{"@type":"ListItem","position":2,"name":"Pood","item":"https:\/\/colibri-jewels.eu\/et\/pood\/"},{"@type":"ListItem","position":3,"name":"Runic armastuse amulett naistele emailiga P-7599"}]},{"@type":"WebSite","@id":"https:\/\/colibri-jewels.eu\/et\/#website","url":"https:\/\/colibri-jewels.eu\/et\/","name":"Colibri jewels","description":"jewelry shop","publisher":{"@id":"https:\/\/colibri-jewels.eu\/et\/#organization"},"potentialAction":[{"@type":"SearchAction","target":{"@type":"EntryPoint","urlTemplate":"https:\/\/colibri-jewels.eu\/et\/?s={search_term_string}"},"query-input":{"@type":"PropertyValueSpecification","valueRequired":true,"valueName":"search_term_string"}}],"inLanguage":"et"},{"@type":"Organization","@id":"https:\/\/colibri-jewels.eu\/et\/#organization","name":"O\u00dc Colibri","url":"https:\/\/colibri-jewels.eu\/et\/","logo":{"@type":"ImageObject","inLanguage":"et","@id":"https:\/\/colibri-jewels.eu\/et\/#\/schema\/logo\/image\/","url":"https:\/\/dev.colibri-jewels.eu\/wp-content\/uploads\/2021\/03\/colibri.png","contentUrl":"https:\/\/dev.colibri-jewels.eu\/wp-content\/uploads\/2021\/03\/colibri.png","width":227,"height":130,"caption":"O\u00dc Colibri"},"image":{"@id":"https:\/\/colibri-jewels.eu\/et\/#\/schema\/logo\/image\/"},"sameAs":["https:\/\/www.facebook.com\/colibri.jewels","https:\/\/www.instagram.com\/colibri.jewels","https:\/\/www.tiktok.com\/colibri.jewels"]}]}},"_links":{"self":[{"href":"https:\/\/colibri-jewels.eu\/et\/wp-json\/wp\/v2\/product\/28315","targetHints":{"allow":["GET"]}}],"collection":[{"href":"https:\/\/colibri-jewels.eu\/et\/wp-json\/wp\/v2\/product"}],"about":[{"href":"https:\/\/colibri-jewels.eu\/et\/wp-json\/wp\/v2\/types\/product"}],"replies":[{"embeddable":true,"href":"https:\/\/colibri-jewels.eu\/et\/wp-json\/wp\/v2\/comments?post=28315"}],"version-history":[{"count":0,"href":"https:\/\/colibri-jewels.eu\/et\/wp-json\/wp\/v2\/product\/28315\/revisions"}],"wp:featuredmedia":[{"embeddable":true,"href":"https:\/\/colibri-jewels.eu\/et\/wp-json\/wp\/v2\/media\/25360"}],"wp:attachment":[{"href":"https:\/\/colibri-jewels.eu\/et\/wp-json\/wp\/v2\/media?parent=28315"}],"wp:term":[{"taxonomy":"brand","embeddable":true,"href":"https:\/\/colibri-jewels.eu\/et\/wp-json\/wp\/v2\/etheme_brands?post=28315"},{"taxonomy":"product_brand","embeddable":true,"href":"https:\/\/colibri-jewels.eu\/et\/wp-json\/wp\/v2\/product_brand?post=28315"},{"taxonomy":"product_cat","embeddable":true,"href":"https:\/\/colibri-jewels.eu\/et\/wp-json\/wp\/v2\/product_cat?post=28315"},{"taxonomy":"product_tag","embeddable":true,"href":"https:\/\/colibri-jewels.eu\/et\/wp-json\/wp\/v2\/product_tag?post=28315"}],"curies":[{"name":"wp","href":"https:\/\/api.w.org\/{rel}","templated":true}]}}