{"id":28317,"date":"2022-05-21T17:00:27","date_gmt":"2022-05-21T14:00:27","guid":{"rendered":"https:\/\/dev.colibri-jewels.eu\/product\/ruuni-amulett-muutuste-paike-p-7592\/"},"modified":"2022-05-21T17:00:27","modified_gmt":"2022-05-21T14:00:27","slug":"ruuni-amulett-muutuste-paike-p-7592","status":"publish","type":"product","link":"https:\/\/colibri-jewels.eu\/et\/toode\/ruuni-amulett-muutuste-paike-p-7592\/","title":{"rendered":"Ruuni amulett &#8220;Muutuste p\u00e4ike&#8221; P-7592"},"content":{"rendered":"<p>Toob oma omaniku muutused valitud eluvaldkonda, avab v\u00f5imaluse muutusteks. Kui sinu soov on t\u00e4itunud \u2013 lase oma ruunil puhata. Pange see voolava vee \u00e4\u00e4rde v\u00f5i kividele.<br \/>\nRuuniloits koosneb:<br \/>\nEHWAZ ruun \u2013 muutuste ja liikumise ruun, mis aitab alustada sisemist transformatsiooni ja edenemist<br \/>\nINGUZ \u2013 pikaajaliste projektide ja v\u00f5imsa tervise ruun<br \/>\nSOWULO ruun \u2013 p\u00e4ikese, v\u00f5idu, v\u00e4e ja j\u00f5u ruun<br \/>\nALGIZ ruun, mis kutsub jumalaid kaitsma ja patrooniks<\/p>\n","protected":false},"excerpt":{"rendered":"<p>Toob oma omaniku muutused valitud eluvaldkonda, avab v\u00f5imaluse muutusteks. Kui sinu soov on t\u00e4itunud \u2013 lase oma ruunil puhata. Pange see voolava vee \u00e4\u00e4rde v\u00f5i kividele.<br \/>\nRuuniloits koosneb:<br \/>\nEHWAZ ruun \u2013 muutuste ja liikumise ruun, mis aitab alustada sisemist transformatsiooni ja edenemist<br \/>\nINGUZ \u2013 pikaajaliste projektide ja v\u00f5imsa tervise ruun<br \/>\nSOWULO ruun \u2013 p\u00e4ikese, v\u00f5idu, v\u00e4e ja j\u00f5u ruun<br \/>\nALGIZ ruun, mis kutsub jumalaid kaitsma ja patrooniks<\/p>\n","protected":false},"featured_media":25303,"comment_status":"open","ping_status":"closed","template":"","meta":[],"etheme_brands":[],"product_brand":[],"product_cat":[470],"product_tag":[506],"class_list":{"0":"post-28317","1":"product","2":"type-product","3":"status-publish","4":"has-post-thumbnail","6":"product_cat-kaelakeed-ja-ripatsid","7":"product_tag-ruunid","9":"first","10":"instock","11":"shipping-taxable","12":"purchasable","13":"product-type-simple"},"acf":[],"yoast_head":"<!-- This site is optimized with the Yoast SEO Premium plugin v26.5 (Yoast SEO v26.8) - https:\/\/yoast.com\/product\/yoast-seo-premium-wordpress\/ -->\n<title>Ruuni amulett &quot;Muutuste p\u00e4ike&quot; P-7592 - Colibri jewels<\/title>\n<meta name=\"robots\" content=\"index, follow, max-snippet:-1, max-image-preview:large, max-video-preview:-1\" \/>\n<link rel=\"canonical\" href=\"https:\/\/colibri-jewels.eu\/et\/toode\/ruuni-amulett-muutuste-paike-p-7592\/\" \/>\n<meta property=\"og:locale\" content=\"et_EE\" \/>\n<meta property=\"og:type\" content=\"article\" \/>\n<meta property=\"og:title\" content=\"Ruuni amulett &quot;Muutuste p\u00e4ike&quot; P-7592\" \/>\n<meta property=\"og:description\" content=\"Toob oma omaniku muutused valitud eluvaldkonda, avab v\u00f5imaluse muutusteks. Kui sinu soov on t\u00e4itunud \u2013 lase oma ruunil puhata. Pange see voolava vee \u00e4\u00e4rde v\u00f5i kividele. Ruuniloits koosneb: EHWAZ ruun \u2013 muutuste ja liikumise ruun, mis aitab alustada sisemist transformatsiooni ja edenemist INGUZ \u2013 pikaajaliste projektide ja v\u00f5imsa tervise ruun SOWULO ruun \u2013 p\u00e4ikese, v\u00f5idu, v\u00e4e ja j\u00f5u ruun ALGIZ ruun, mis kutsub jumalaid kaitsma ja patrooniks\" \/>\n<meta property=\"og:url\" content=\"https:\/\/colibri-jewels.eu\/et\/toode\/ruuni-amulett-muutuste-paike-p-7592\/\" \/>\n<meta property=\"og:site_name\" content=\"Colibri jewels\" \/>\n<meta property=\"article:publisher\" content=\"https:\/\/www.facebook.com\/colibri.jewels\" \/>\n<meta property=\"og:image\" content=\"https:\/\/colibri-jewels.eu\/wp-content\/uploads\/2022\/05\/P-7592web.jpg\" \/>\n\t<meta property=\"og:image:width\" content=\"1000\" \/>\n\t<meta property=\"og:image:height\" content=\"1000\" \/>\n\t<meta property=\"og:image:type\" content=\"image\/jpeg\" \/>\n<meta name=\"twitter:card\" content=\"summary_large_image\" \/>\n<script type=\"application\/ld+json\" class=\"yoast-schema-graph\">{\"@context\":\"https:\/\/schema.org\",\"@graph\":[{\"@type\":\"WebPage\",\"@id\":\"https:\/\/colibri-jewels.eu\/et\/toode\/ruuni-amulett-muutuste-paike-p-7592\/\",\"url\":\"https:\/\/colibri-jewels.eu\/et\/toode\/ruuni-amulett-muutuste-paike-p-7592\/\",\"name\":\"Ruuni amulett \\\"Muutuste p\u00e4ike\\\" P-7592 - Colibri jewels\",\"isPartOf\":{\"@id\":\"https:\/\/colibri-jewels.eu\/et\/#website\"},\"primaryImageOfPage\":{\"@id\":\"https:\/\/colibri-jewels.eu\/et\/toode\/ruuni-amulett-muutuste-paike-p-7592\/#primaryimage\"},\"image\":{\"@id\":\"https:\/\/colibri-jewels.eu\/et\/toode\/ruuni-amulett-muutuste-paike-p-7592\/#primaryimage\"},\"thumbnailUrl\":\"https:\/\/colibri-jewels.eu\/wp-content\/uploads\/2022\/05\/P-7592web.jpg\",\"datePublished\":\"2022-05-21T14:00:27+00:00\",\"breadcrumb\":{\"@id\":\"https:\/\/colibri-jewels.eu\/et\/toode\/ruuni-amulett-muutuste-paike-p-7592\/#breadcrumb\"},\"inLanguage\":\"et\",\"potentialAction\":[{\"@type\":\"ReadAction\",\"target\":[\"https:\/\/colibri-jewels.eu\/et\/toode\/ruuni-amulett-muutuste-paike-p-7592\/\"]}]},{\"@type\":\"ImageObject\",\"inLanguage\":\"et\",\"@id\":\"https:\/\/colibri-jewels.eu\/et\/toode\/ruuni-amulett-muutuste-paike-p-7592\/#primaryimage\",\"url\":\"https:\/\/colibri-jewels.eu\/wp-content\/uploads\/2022\/05\/P-7592web.jpg\",\"contentUrl\":\"https:\/\/colibri-jewels.eu\/wp-content\/uploads\/2022\/05\/P-7592web.jpg\",\"width\":1000,\"height\":1000},{\"@type\":\"BreadcrumbList\",\"@id\":\"https:\/\/colibri-jewels.eu\/et\/toode\/ruuni-amulett-muutuste-paike-p-7592\/#breadcrumb\",\"itemListElement\":[{\"@type\":\"ListItem\",\"position\":1,\"name\":\"\u0413\u043b\u0430\u0432\u043d\u0430\u044f \u0441\u0442\u0440\u0430\u043d\u0438\u0446\u0430\",\"item\":\"https:\/\/colibri-jewels.eu\/et\/\"},{\"@type\":\"ListItem\",\"position\":2,\"name\":\"Pood\",\"item\":\"https:\/\/colibri-jewels.eu\/et\/pood\/\"},{\"@type\":\"ListItem\",\"position\":3,\"name\":\"Ruuni amulett &#8220;Muutuste p\u00e4ike&#8221; P-7592\"}]},{\"@type\":\"WebSite\",\"@id\":\"https:\/\/colibri-jewels.eu\/et\/#website\",\"url\":\"https:\/\/colibri-jewels.eu\/et\/\",\"name\":\"Colibri jewels\",\"description\":\"jewelry shop\",\"publisher\":{\"@id\":\"https:\/\/colibri-jewels.eu\/et\/#organization\"},\"potentialAction\":[{\"@type\":\"SearchAction\",\"target\":{\"@type\":\"EntryPoint\",\"urlTemplate\":\"https:\/\/colibri-jewels.eu\/et\/?s={search_term_string}\"},\"query-input\":{\"@type\":\"PropertyValueSpecification\",\"valueRequired\":true,\"valueName\":\"search_term_string\"}}],\"inLanguage\":\"et\"},{\"@type\":\"Organization\",\"@id\":\"https:\/\/colibri-jewels.eu\/et\/#organization\",\"name\":\"O\u00dc Colibri\",\"url\":\"https:\/\/colibri-jewels.eu\/et\/\",\"logo\":{\"@type\":\"ImageObject\",\"inLanguage\":\"et\",\"@id\":\"https:\/\/colibri-jewels.eu\/et\/#\/schema\/logo\/image\/\",\"url\":\"https:\/\/dev.colibri-jewels.eu\/wp-content\/uploads\/2021\/03\/colibri.png\",\"contentUrl\":\"https:\/\/dev.colibri-jewels.eu\/wp-content\/uploads\/2021\/03\/colibri.png\",\"width\":227,\"height\":130,\"caption\":\"O\u00dc Colibri\"},\"image\":{\"@id\":\"https:\/\/colibri-jewels.eu\/et\/#\/schema\/logo\/image\/\"},\"sameAs\":[\"https:\/\/www.facebook.com\/colibri.jewels\",\"https:\/\/www.instagram.com\/colibri.jewels\",\"https:\/\/www.tiktok.com\/colibri.jewels\"]}]}<\/script>\n<!-- \/ Yoast SEO Premium plugin. -->","yoast_head_json":{"title":"Ruuni amulett \"Muutuste p\u00e4ike\" P-7592 - Colibri jewels","robots":{"index":"index","follow":"follow","max-snippet":"max-snippet:-1","max-image-preview":"max-image-preview:large","max-video-preview":"max-video-preview:-1"},"canonical":"https:\/\/colibri-jewels.eu\/et\/toode\/ruuni-amulett-muutuste-paike-p-7592\/","og_locale":"et_EE","og_type":"article","og_title":"Ruuni amulett \"Muutuste p\u00e4ike\" P-7592","og_description":"Toob oma omaniku muutused valitud eluvaldkonda, avab v\u00f5imaluse muutusteks. Kui sinu soov on t\u00e4itunud \u2013 lase oma ruunil puhata. Pange see voolava vee \u00e4\u00e4rde v\u00f5i kividele. Ruuniloits koosneb: EHWAZ ruun \u2013 muutuste ja liikumise ruun, mis aitab alustada sisemist transformatsiooni ja edenemist INGUZ \u2013 pikaajaliste projektide ja v\u00f5imsa tervise ruun SOWULO ruun \u2013 p\u00e4ikese, v\u00f5idu, v\u00e4e ja j\u00f5u ruun ALGIZ ruun, mis kutsub jumalaid kaitsma ja patrooniks","og_url":"https:\/\/colibri-jewels.eu\/et\/toode\/ruuni-amulett-muutuste-paike-p-7592\/","og_site_name":"Colibri jewels","article_publisher":"https:\/\/www.facebook.com\/colibri.jewels","og_image":[{"width":1000,"height":1000,"url":"https:\/\/colibri-jewels.eu\/wp-content\/uploads\/2022\/05\/P-7592web.jpg","type":"image\/jpeg"}],"twitter_card":"summary_large_image","schema":{"@context":"https:\/\/schema.org","@graph":[{"@type":"WebPage","@id":"https:\/\/colibri-jewels.eu\/et\/toode\/ruuni-amulett-muutuste-paike-p-7592\/","url":"https:\/\/colibri-jewels.eu\/et\/toode\/ruuni-amulett-muutuste-paike-p-7592\/","name":"Ruuni amulett \"Muutuste p\u00e4ike\" P-7592 - Colibri jewels","isPartOf":{"@id":"https:\/\/colibri-jewels.eu\/et\/#website"},"primaryImageOfPage":{"@id":"https:\/\/colibri-jewels.eu\/et\/toode\/ruuni-amulett-muutuste-paike-p-7592\/#primaryimage"},"image":{"@id":"https:\/\/colibri-jewels.eu\/et\/toode\/ruuni-amulett-muutuste-paike-p-7592\/#primaryimage"},"thumbnailUrl":"https:\/\/colibri-jewels.eu\/wp-content\/uploads\/2022\/05\/P-7592web.jpg","datePublished":"2022-05-21T14:00:27+00:00","breadcrumb":{"@id":"https:\/\/colibri-jewels.eu\/et\/toode\/ruuni-amulett-muutuste-paike-p-7592\/#breadcrumb"},"inLanguage":"et","potentialAction":[{"@type":"ReadAction","target":["https:\/\/colibri-jewels.eu\/et\/toode\/ruuni-amulett-muutuste-paike-p-7592\/"]}]},{"@type":"ImageObject","inLanguage":"et","@id":"https:\/\/colibri-jewels.eu\/et\/toode\/ruuni-amulett-muutuste-paike-p-7592\/#primaryimage","url":"https:\/\/colibri-jewels.eu\/wp-content\/uploads\/2022\/05\/P-7592web.jpg","contentUrl":"https:\/\/colibri-jewels.eu\/wp-content\/uploads\/2022\/05\/P-7592web.jpg","width":1000,"height":1000},{"@type":"BreadcrumbList","@id":"https:\/\/colibri-jewels.eu\/et\/toode\/ruuni-amulett-muutuste-paike-p-7592\/#breadcrumb","itemListElement":[{"@type":"ListItem","position":1,"name":"\u0413\u043b\u0430\u0432\u043d\u0430\u044f \u0441\u0442\u0440\u0430\u043d\u0438\u0446\u0430","item":"https:\/\/colibri-jewels.eu\/et\/"},{"@type":"ListItem","position":2,"name":"Pood","item":"https:\/\/colibri-jewels.eu\/et\/pood\/"},{"@type":"ListItem","position":3,"name":"Ruuni amulett &#8220;Muutuste p\u00e4ike&#8221; P-7592"}]},{"@type":"WebSite","@id":"https:\/\/colibri-jewels.eu\/et\/#website","url":"https:\/\/colibri-jewels.eu\/et\/","name":"Colibri jewels","description":"jewelry shop","publisher":{"@id":"https:\/\/colibri-jewels.eu\/et\/#organization"},"potentialAction":[{"@type":"SearchAction","target":{"@type":"EntryPoint","urlTemplate":"https:\/\/colibri-jewels.eu\/et\/?s={search_term_string}"},"query-input":{"@type":"PropertyValueSpecification","valueRequired":true,"valueName":"search_term_string"}}],"inLanguage":"et"},{"@type":"Organization","@id":"https:\/\/colibri-jewels.eu\/et\/#organization","name":"O\u00dc Colibri","url":"https:\/\/colibri-jewels.eu\/et\/","logo":{"@type":"ImageObject","inLanguage":"et","@id":"https:\/\/colibri-jewels.eu\/et\/#\/schema\/logo\/image\/","url":"https:\/\/dev.colibri-jewels.eu\/wp-content\/uploads\/2021\/03\/colibri.png","contentUrl":"https:\/\/dev.colibri-jewels.eu\/wp-content\/uploads\/2021\/03\/colibri.png","width":227,"height":130,"caption":"O\u00dc Colibri"},"image":{"@id":"https:\/\/colibri-jewels.eu\/et\/#\/schema\/logo\/image\/"},"sameAs":["https:\/\/www.facebook.com\/colibri.jewels","https:\/\/www.instagram.com\/colibri.jewels","https:\/\/www.tiktok.com\/colibri.jewels"]}]}},"_links":{"self":[{"href":"https:\/\/colibri-jewels.eu\/et\/wp-json\/wp\/v2\/product\/28317","targetHints":{"allow":["GET"]}}],"collection":[{"href":"https:\/\/colibri-jewels.eu\/et\/wp-json\/wp\/v2\/product"}],"about":[{"href":"https:\/\/colibri-jewels.eu\/et\/wp-json\/wp\/v2\/types\/product"}],"replies":[{"embeddable":true,"href":"https:\/\/colibri-jewels.eu\/et\/wp-json\/wp\/v2\/comments?post=28317"}],"version-history":[{"count":0,"href":"https:\/\/colibri-jewels.eu\/et\/wp-json\/wp\/v2\/product\/28317\/revisions"}],"wp:featuredmedia":[{"embeddable":true,"href":"https:\/\/colibri-jewels.eu\/et\/wp-json\/wp\/v2\/media\/25303"}],"wp:attachment":[{"href":"https:\/\/colibri-jewels.eu\/et\/wp-json\/wp\/v2\/media?parent=28317"}],"wp:term":[{"taxonomy":"brand","embeddable":true,"href":"https:\/\/colibri-jewels.eu\/et\/wp-json\/wp\/v2\/etheme_brands?post=28317"},{"taxonomy":"product_brand","embeddable":true,"href":"https:\/\/colibri-jewels.eu\/et\/wp-json\/wp\/v2\/product_brand?post=28317"},{"taxonomy":"product_cat","embeddable":true,"href":"https:\/\/colibri-jewels.eu\/et\/wp-json\/wp\/v2\/product_cat?post=28317"},{"taxonomy":"product_tag","embeddable":true,"href":"https:\/\/colibri-jewels.eu\/et\/wp-json\/wp\/v2\/product_tag?post=28317"}],"curies":[{"name":"wp","href":"https:\/\/api.w.org\/{rel}","templated":true}]}}