{"id":28323,"date":"2022-05-20T21:58:31","date_gmt":"2022-05-20T18:58:31","guid":{"rendered":"https:\/\/dev.colibri-jewels.eu\/product\/kaitsebarjaar-ruuni-amulett-p-7598\/"},"modified":"2022-05-20T21:58:31","modified_gmt":"2022-05-20T18:58:31","slug":"kaitsev-barjaar-runic-amulett-p-7598","status":"publish","type":"product","link":"https:\/\/colibri-jewels.eu\/et\/toode\/kaitsev-barjaar-runic-amulett-p-7598\/","title":{"rendered":"Kaitsebarj\u00e4\u00e4r ruuni amulett P-7598"},"content":{"rendered":"<p>Selle amuleti kandmine loob selle omaniku \u00fcmber v\u00f5imsa energeetilise kilbi, mis neutraliseerib teiste inimeste negatiivse energia, kaitseb kurja silma ja musta maagia eest. Kaitseb k\u00f5iki uusi projekte \u00e4ris ja suhetes, kaitseb ka rasedust.<br \/>\nRUNIC SPELL koosneb: kahest ruunist THURISAZ \u2013 agressiivse maagia ruunid, mis toimivad nagu roosi okas \u2013 mida rohkem on survet \u2013 seda halvem on r\u00fcndaja tervis ja TEIWAZ ruun \u2013 s\u00f5dalase ruun, mis annab v\u00f5idutahte, j\u00f5u ja edu lahingud.<\/p>\n<p>K\u00e4sitsi valmistatud, kahepoolne, autentne disain.<\/p>\n<p>H\u00f5bedamine, mustamine, kullatud.<\/p>\n","protected":false},"excerpt":{"rendered":"<p>Selle amuleti kandmine loob selle omaniku \u00fcmber v\u00f5imsa energeetilise kilbi, mis neutraliseerib teiste inimeste negatiivse energia, kaitseb kurja silma ja musta maagia eest. Kaitseb k\u00f5iki uusi projekte \u00e4ris ja suhetes, kaitseb ka rasedust.<br \/>\nRUNIC SPELL koosneb: kahest ruunist THURISAZ \u2013 agressiivse maagia ruunid, mis toimivad nagu roosi okas \u2013 mida rohkem on survet \u2013 seda halvem on r\u00fcndaja tervis ja TEIWAZ ruun \u2013 s\u00f5dalase ruun, mis annab v\u00f5idutahte, j\u00f5u ja edu lahingud.<\/p>\n<p>K\u00e4sitsi valmistatud, kahepoolne, autentne disain.<\/p>\n<p>H\u00f5bedamine, mustamine, kullatud.<\/p>\n","protected":false},"featured_media":25219,"comment_status":"open","ping_status":"closed","template":"","meta":[],"etheme_brands":[],"product_brand":[],"product_cat":[470],"product_tag":[506],"class_list":{"0":"post-28323","1":"product","2":"type-product","3":"status-publish","4":"has-post-thumbnail","6":"product_cat-kaelakeed-ja-ripatsid","7":"product_tag-ruunid","9":"first","10":"instock","11":"shipping-taxable","12":"purchasable","13":"product-type-simple"},"acf":[],"yoast_head":"<!-- This site is optimized with the Yoast SEO Premium plugin v26.5 (Yoast SEO v26.8) - https:\/\/yoast.com\/product\/yoast-seo-premium-wordpress\/ -->\n<title>Kaitsebarj\u00e4\u00e4r ruuni amulett P-7598 - Colibri jewels<\/title>\n<meta name=\"description\" content=\"Skandinaavia ruuniamulett &quot;Kaitsebarj\u00e4\u00e4r&quot; kahe Thurisazi ruuni ja \u00fche Teiwaziga. K\u00e4sitsi valmistatud. Loodud koost\u00f6\u00f6s ruunispetsialistiga.\" \/>\n<meta name=\"robots\" content=\"index, follow, max-snippet:-1, max-image-preview:large, max-video-preview:-1\" \/>\n<link rel=\"canonical\" href=\"https:\/\/colibri-jewels.eu\/et\/toode\/kaitsev-barjaar-runic-amulett-p-7598\/\" \/>\n<meta property=\"og:locale\" content=\"et_EE\" \/>\n<meta property=\"og:type\" content=\"article\" \/>\n<meta property=\"og:title\" content=\"Kaitsebarj\u00e4\u00e4r ruuni amulett P-7598\" \/>\n<meta property=\"og:description\" content=\"Skandinaavia ruuniamulett &quot;Kaitsebarj\u00e4\u00e4r&quot; kahe Thurisazi ruuni ja \u00fche Teiwaziga. K\u00e4sitsi valmistatud. Loodud koost\u00f6\u00f6s ruunispetsialistiga.\" \/>\n<meta property=\"og:url\" content=\"https:\/\/colibri-jewels.eu\/et\/toode\/kaitsev-barjaar-runic-amulett-p-7598\/\" \/>\n<meta property=\"og:site_name\" content=\"Colibri jewels\" \/>\n<meta property=\"article:publisher\" content=\"https:\/\/www.facebook.com\/colibri.jewels\" \/>\n<meta property=\"og:image\" content=\"https:\/\/colibri-jewels.eu\/wp-content\/uploads\/2022\/05\/P-7598web.jpg\" \/>\n\t<meta property=\"og:image:width\" content=\"1000\" \/>\n\t<meta property=\"og:image:height\" content=\"1000\" \/>\n\t<meta property=\"og:image:type\" content=\"image\/jpeg\" \/>\n<meta name=\"twitter:card\" content=\"summary_large_image\" \/>\n<script type=\"application\/ld+json\" class=\"yoast-schema-graph\">{\"@context\":\"https:\/\/schema.org\",\"@graph\":[{\"@type\":\"WebPage\",\"@id\":\"https:\/\/colibri-jewels.eu\/et\/toode\/kaitsev-barjaar-runic-amulett-p-7598\/\",\"url\":\"https:\/\/colibri-jewels.eu\/et\/toode\/kaitsev-barjaar-runic-amulett-p-7598\/\",\"name\":\"Kaitsebarj\u00e4\u00e4r ruuni amulett P-7598 - Colibri jewels\",\"isPartOf\":{\"@id\":\"https:\/\/colibri-jewels.eu\/et\/#website\"},\"primaryImageOfPage\":{\"@id\":\"https:\/\/colibri-jewels.eu\/et\/toode\/kaitsev-barjaar-runic-amulett-p-7598\/#primaryimage\"},\"image\":{\"@id\":\"https:\/\/colibri-jewels.eu\/et\/toode\/kaitsev-barjaar-runic-amulett-p-7598\/#primaryimage\"},\"thumbnailUrl\":\"https:\/\/colibri-jewels.eu\/wp-content\/uploads\/2022\/05\/P-7598web.jpg\",\"datePublished\":\"2022-05-20T18:58:31+00:00\",\"description\":\"Skandinaavia ruuniamulett \\\"Kaitsebarj\u00e4\u00e4r\\\" kahe Thurisazi ruuni ja \u00fche Teiwaziga. K\u00e4sitsi valmistatud. Loodud koost\u00f6\u00f6s ruunispetsialistiga.\",\"breadcrumb\":{\"@id\":\"https:\/\/colibri-jewels.eu\/et\/toode\/kaitsev-barjaar-runic-amulett-p-7598\/#breadcrumb\"},\"inLanguage\":\"et\",\"potentialAction\":[{\"@type\":\"ReadAction\",\"target\":[\"https:\/\/colibri-jewels.eu\/et\/toode\/kaitsev-barjaar-runic-amulett-p-7598\/\"]}]},{\"@type\":\"ImageObject\",\"inLanguage\":\"et\",\"@id\":\"https:\/\/colibri-jewels.eu\/et\/toode\/kaitsev-barjaar-runic-amulett-p-7598\/#primaryimage\",\"url\":\"https:\/\/colibri-jewels.eu\/wp-content\/uploads\/2022\/05\/P-7598web.jpg\",\"contentUrl\":\"https:\/\/colibri-jewels.eu\/wp-content\/uploads\/2022\/05\/P-7598web.jpg\",\"width\":1000,\"height\":1000},{\"@type\":\"BreadcrumbList\",\"@id\":\"https:\/\/colibri-jewels.eu\/et\/toode\/kaitsev-barjaar-runic-amulett-p-7598\/#breadcrumb\",\"itemListElement\":[{\"@type\":\"ListItem\",\"position\":1,\"name\":\"\u0413\u043b\u0430\u0432\u043d\u0430\u044f \u0441\u0442\u0440\u0430\u043d\u0438\u0446\u0430\",\"item\":\"https:\/\/colibri-jewels.eu\/et\/\"},{\"@type\":\"ListItem\",\"position\":2,\"name\":\"Pood\",\"item\":\"https:\/\/colibri-jewels.eu\/et\/pood\/\"},{\"@type\":\"ListItem\",\"position\":3,\"name\":\"Kaitsebarj\u00e4\u00e4r ruuni amulett P-7598\"}]},{\"@type\":\"WebSite\",\"@id\":\"https:\/\/colibri-jewels.eu\/et\/#website\",\"url\":\"https:\/\/colibri-jewels.eu\/et\/\",\"name\":\"Colibri jewels\",\"description\":\"jewelry shop\",\"publisher\":{\"@id\":\"https:\/\/colibri-jewels.eu\/et\/#organization\"},\"potentialAction\":[{\"@type\":\"SearchAction\",\"target\":{\"@type\":\"EntryPoint\",\"urlTemplate\":\"https:\/\/colibri-jewels.eu\/et\/?s={search_term_string}\"},\"query-input\":{\"@type\":\"PropertyValueSpecification\",\"valueRequired\":true,\"valueName\":\"search_term_string\"}}],\"inLanguage\":\"et\"},{\"@type\":\"Organization\",\"@id\":\"https:\/\/colibri-jewels.eu\/et\/#organization\",\"name\":\"O\u00dc Colibri\",\"url\":\"https:\/\/colibri-jewels.eu\/et\/\",\"logo\":{\"@type\":\"ImageObject\",\"inLanguage\":\"et\",\"@id\":\"https:\/\/colibri-jewels.eu\/et\/#\/schema\/logo\/image\/\",\"url\":\"https:\/\/dev.colibri-jewels.eu\/wp-content\/uploads\/2021\/03\/colibri.png\",\"contentUrl\":\"https:\/\/dev.colibri-jewels.eu\/wp-content\/uploads\/2021\/03\/colibri.png\",\"width\":227,\"height\":130,\"caption\":\"O\u00dc Colibri\"},\"image\":{\"@id\":\"https:\/\/colibri-jewels.eu\/et\/#\/schema\/logo\/image\/\"},\"sameAs\":[\"https:\/\/www.facebook.com\/colibri.jewels\",\"https:\/\/www.instagram.com\/colibri.jewels\",\"https:\/\/www.tiktok.com\/colibri.jewels\"]}]}<\/script>\n<!-- \/ Yoast SEO Premium plugin. -->","yoast_head_json":{"title":"Kaitsebarj\u00e4\u00e4r ruuni amulett P-7598 - Colibri jewels","description":"Skandinaavia ruuniamulett \"Kaitsebarj\u00e4\u00e4r\" kahe Thurisazi ruuni ja \u00fche Teiwaziga. K\u00e4sitsi valmistatud. Loodud koost\u00f6\u00f6s ruunispetsialistiga.","robots":{"index":"index","follow":"follow","max-snippet":"max-snippet:-1","max-image-preview":"max-image-preview:large","max-video-preview":"max-video-preview:-1"},"canonical":"https:\/\/colibri-jewels.eu\/et\/toode\/kaitsev-barjaar-runic-amulett-p-7598\/","og_locale":"et_EE","og_type":"article","og_title":"Kaitsebarj\u00e4\u00e4r ruuni amulett P-7598","og_description":"Skandinaavia ruuniamulett \"Kaitsebarj\u00e4\u00e4r\" kahe Thurisazi ruuni ja \u00fche Teiwaziga. K\u00e4sitsi valmistatud. Loodud koost\u00f6\u00f6s ruunispetsialistiga.","og_url":"https:\/\/colibri-jewels.eu\/et\/toode\/kaitsev-barjaar-runic-amulett-p-7598\/","og_site_name":"Colibri jewels","article_publisher":"https:\/\/www.facebook.com\/colibri.jewels","og_image":[{"width":1000,"height":1000,"url":"https:\/\/colibri-jewels.eu\/wp-content\/uploads\/2022\/05\/P-7598web.jpg","type":"image\/jpeg"}],"twitter_card":"summary_large_image","schema":{"@context":"https:\/\/schema.org","@graph":[{"@type":"WebPage","@id":"https:\/\/colibri-jewels.eu\/et\/toode\/kaitsev-barjaar-runic-amulett-p-7598\/","url":"https:\/\/colibri-jewels.eu\/et\/toode\/kaitsev-barjaar-runic-amulett-p-7598\/","name":"Kaitsebarj\u00e4\u00e4r ruuni amulett P-7598 - Colibri jewels","isPartOf":{"@id":"https:\/\/colibri-jewels.eu\/et\/#website"},"primaryImageOfPage":{"@id":"https:\/\/colibri-jewels.eu\/et\/toode\/kaitsev-barjaar-runic-amulett-p-7598\/#primaryimage"},"image":{"@id":"https:\/\/colibri-jewels.eu\/et\/toode\/kaitsev-barjaar-runic-amulett-p-7598\/#primaryimage"},"thumbnailUrl":"https:\/\/colibri-jewels.eu\/wp-content\/uploads\/2022\/05\/P-7598web.jpg","datePublished":"2022-05-20T18:58:31+00:00","description":"Skandinaavia ruuniamulett \"Kaitsebarj\u00e4\u00e4r\" kahe Thurisazi ruuni ja \u00fche Teiwaziga. K\u00e4sitsi valmistatud. Loodud koost\u00f6\u00f6s ruunispetsialistiga.","breadcrumb":{"@id":"https:\/\/colibri-jewels.eu\/et\/toode\/kaitsev-barjaar-runic-amulett-p-7598\/#breadcrumb"},"inLanguage":"et","potentialAction":[{"@type":"ReadAction","target":["https:\/\/colibri-jewels.eu\/et\/toode\/kaitsev-barjaar-runic-amulett-p-7598\/"]}]},{"@type":"ImageObject","inLanguage":"et","@id":"https:\/\/colibri-jewels.eu\/et\/toode\/kaitsev-barjaar-runic-amulett-p-7598\/#primaryimage","url":"https:\/\/colibri-jewels.eu\/wp-content\/uploads\/2022\/05\/P-7598web.jpg","contentUrl":"https:\/\/colibri-jewels.eu\/wp-content\/uploads\/2022\/05\/P-7598web.jpg","width":1000,"height":1000},{"@type":"BreadcrumbList","@id":"https:\/\/colibri-jewels.eu\/et\/toode\/kaitsev-barjaar-runic-amulett-p-7598\/#breadcrumb","itemListElement":[{"@type":"ListItem","position":1,"name":"\u0413\u043b\u0430\u0432\u043d\u0430\u044f \u0441\u0442\u0440\u0430\u043d\u0438\u0446\u0430","item":"https:\/\/colibri-jewels.eu\/et\/"},{"@type":"ListItem","position":2,"name":"Pood","item":"https:\/\/colibri-jewels.eu\/et\/pood\/"},{"@type":"ListItem","position":3,"name":"Kaitsebarj\u00e4\u00e4r ruuni amulett P-7598"}]},{"@type":"WebSite","@id":"https:\/\/colibri-jewels.eu\/et\/#website","url":"https:\/\/colibri-jewels.eu\/et\/","name":"Colibri jewels","description":"jewelry shop","publisher":{"@id":"https:\/\/colibri-jewels.eu\/et\/#organization"},"potentialAction":[{"@type":"SearchAction","target":{"@type":"EntryPoint","urlTemplate":"https:\/\/colibri-jewels.eu\/et\/?s={search_term_string}"},"query-input":{"@type":"PropertyValueSpecification","valueRequired":true,"valueName":"search_term_string"}}],"inLanguage":"et"},{"@type":"Organization","@id":"https:\/\/colibri-jewels.eu\/et\/#organization","name":"O\u00dc Colibri","url":"https:\/\/colibri-jewels.eu\/et\/","logo":{"@type":"ImageObject","inLanguage":"et","@id":"https:\/\/colibri-jewels.eu\/et\/#\/schema\/logo\/image\/","url":"https:\/\/dev.colibri-jewels.eu\/wp-content\/uploads\/2021\/03\/colibri.png","contentUrl":"https:\/\/dev.colibri-jewels.eu\/wp-content\/uploads\/2021\/03\/colibri.png","width":227,"height":130,"caption":"O\u00dc Colibri"},"image":{"@id":"https:\/\/colibri-jewels.eu\/et\/#\/schema\/logo\/image\/"},"sameAs":["https:\/\/www.facebook.com\/colibri.jewels","https:\/\/www.instagram.com\/colibri.jewels","https:\/\/www.tiktok.com\/colibri.jewels"]}]}},"_links":{"self":[{"href":"https:\/\/colibri-jewels.eu\/et\/wp-json\/wp\/v2\/product\/28323","targetHints":{"allow":["GET"]}}],"collection":[{"href":"https:\/\/colibri-jewels.eu\/et\/wp-json\/wp\/v2\/product"}],"about":[{"href":"https:\/\/colibri-jewels.eu\/et\/wp-json\/wp\/v2\/types\/product"}],"replies":[{"embeddable":true,"href":"https:\/\/colibri-jewels.eu\/et\/wp-json\/wp\/v2\/comments?post=28323"}],"version-history":[{"count":0,"href":"https:\/\/colibri-jewels.eu\/et\/wp-json\/wp\/v2\/product\/28323\/revisions"}],"wp:featuredmedia":[{"embeddable":true,"href":"https:\/\/colibri-jewels.eu\/et\/wp-json\/wp\/v2\/media\/25219"}],"wp:attachment":[{"href":"https:\/\/colibri-jewels.eu\/et\/wp-json\/wp\/v2\/media?parent=28323"}],"wp:term":[{"taxonomy":"brand","embeddable":true,"href":"https:\/\/colibri-jewels.eu\/et\/wp-json\/wp\/v2\/etheme_brands?post=28323"},{"taxonomy":"product_brand","embeddable":true,"href":"https:\/\/colibri-jewels.eu\/et\/wp-json\/wp\/v2\/product_brand?post=28323"},{"taxonomy":"product_cat","embeddable":true,"href":"https:\/\/colibri-jewels.eu\/et\/wp-json\/wp\/v2\/product_cat?post=28323"},{"taxonomy":"product_tag","embeddable":true,"href":"https:\/\/colibri-jewels.eu\/et\/wp-json\/wp\/v2\/product_tag?post=28323"}],"curies":[{"name":"wp","href":"https:\/\/api.w.org\/{rel}","templated":true}]}}