{"id":28324,"date":"2022-05-20T21:29:18","date_gmt":"2022-05-20T18:29:18","guid":{"rendered":"https:\/\/dev.colibri-jewels.eu\/product\/ruuniringiga-ouduskiiver-emailiga-amulett-koike-parimat-meelitades-p-7707\/"},"modified":"2022-07-23T22:03:44","modified_gmt":"2022-07-23T19:03:44","slug":"ouduse-kiiver-ruuniringiga-meelitab-koige-parim-email-amulett-p-7707","status":"publish","type":"product","link":"https:\/\/colibri-jewels.eu\/et\/toode\/ouduse-kiiver-ruuniringiga-meelitab-koige-parim-email-amulett-p-7707\/","title":{"rendered":"Ruuniringiga \u00f5uduskiiver, emailiga amulett &#8220;K\u00f5ike parimat meelitades&#8221;, P-7707"},"content":{"rendered":"<p>\u00dcks v\u00f5imsamaid amulette. See aitab koguda ja s\u00e4\u00e4sta sisemisi j\u00f5ude, kaitstes inimese elu, tugevdab tema potentsiaali ja v\u00f5imeid.<br \/>\nAmuleti keskel asub \u00f5uduskiiver, mis koosneb kaheksast ALGIZ-i ruunist, kutsudes jumalate patrooniks ja kaitseks. Ja v\u00e4limine ring on t\u00e4is FUTARKH \u2013 v\u00f5luring, mis \u00fchendab endas t\u00e4htsamaid iidseid ruune. Just FUTARKH ring on see, mis on kutsutud tasakaalustama meie soove ja v\u00f5imeid, avama uksi lihtsatele teedele ja vabastama v\u00f5ime n\u00e4ha k\u00f5iki v\u00f5imalusi.<\/p>\n<p>Sterling h\u00f5be, mustamine, kullatud, kahepoolne valge ja must emailiga, k\u00e4sitsi valmistatud.<\/p>\n","protected":false},"excerpt":{"rendered":"<p>\u00dcks v\u00f5imsamaid amulette. See aitab koguda ja s\u00e4\u00e4sta sisemisi j\u00f5ude, kaitstes inimese elu, tugevdab tema potentsiaali ja v\u00f5imeid.<br \/>\nAmuleti keskel asub \u00f5uduskiiver, mis koosneb kaheksast ALGIZ-i ruunist, kutsudes jumalate patrooniks ja kaitseks. Ja v\u00e4limine ring on t\u00e4is FUTARKH \u2013 v\u00f5luring, mis \u00fchendab endas t\u00e4htsamaid iidseid ruune. Just FUTARKH ring on see, mis on kutsutud tasakaalustama meie soove ja v\u00f5imeid, avama uksi lihtsatele teedele ja vabastama v\u00f5ime n\u00e4ha k\u00f5iki v\u00f5imalusi.<\/p>\n<p>Sterling h\u00f5be, mustamine, kullatud, emailitud. K\u00e4sitsi valmistatud.<\/p>\n","protected":false},"featured_media":25203,"comment_status":"open","ping_status":"closed","template":"","meta":[],"etheme_brands":[],"product_brand":[],"product_cat":[470],"product_tag":[506],"class_list":{"0":"post-28324","1":"product","2":"type-product","3":"status-publish","4":"has-post-thumbnail","6":"product_cat-kaelakeed-ja-ripatsid","7":"product_tag-ruunid","9":"first","10":"outofstock","11":"shipping-taxable","12":"purchasable","13":"product-type-simple"},"acf":[],"yoast_head":"<!-- This site is optimized with the Yoast SEO Premium plugin v26.5 (Yoast SEO v26.8) - https:\/\/yoast.com\/product\/yoast-seo-premium-wordpress\/ -->\n<title>Ruuniringiga \u00f5uduskiiver, emailiga amulett &quot;K\u00f5ike parimat meelitades&quot;, P-7707 - Colibri jewels<\/title>\n<meta name=\"description\" content=\"\u00dcks kuulsamaid Skandinaavia viikingite s\u00fcmboleid \u2013 h\u00f5bedast valmistatud \u00f5uduskiiver ehk Aegishialmur. Suurim ruuniringiga varustatud amulett Futarkh. K\u00e4sitsi valmistatud ripats. H\u00f5bedamine, mustamine, kullamine, email. Ostke meie juveelipoest veebist v\u00f5i n\u00e4itusesaalist.\" \/>\n<meta name=\"robots\" content=\"index, follow, max-snippet:-1, max-image-preview:large, max-video-preview:-1\" \/>\n<link rel=\"canonical\" href=\"https:\/\/colibri-jewels.eu\/et\/toode\/ouduse-kiiver-ruuniringiga-meelitab-koige-parim-email-amulett-p-7707\/\" \/>\n<meta property=\"og:locale\" content=\"et_EE\" \/>\n<meta property=\"og:type\" content=\"article\" \/>\n<meta property=\"og:title\" content=\"Ruuniringiga \u00f5uduskiiver, emailiga amulett &quot;K\u00f5ike parimat meelitades&quot;, P-7707\" \/>\n<meta property=\"og:description\" content=\"\u00dcks kuulsamaid Skandinaavia viikingite s\u00fcmboleid \u2013 h\u00f5bedast valmistatud \u00f5uduskiiver ehk Aegishialmur. Suurim ruuniringiga varustatud amulett Futarkh. K\u00e4sitsi valmistatud ripats. H\u00f5bedamine, mustamine, kullamine, email. Ostke meie juveelipoest veebist v\u00f5i n\u00e4itusesaalist.\" \/>\n<meta property=\"og:url\" content=\"https:\/\/colibri-jewels.eu\/et\/toode\/ouduse-kiiver-ruuniringiga-meelitab-koige-parim-email-amulett-p-7707\/\" \/>\n<meta property=\"og:site_name\" content=\"Colibri jewels\" \/>\n<meta property=\"article:publisher\" content=\"https:\/\/www.facebook.com\/colibri.jewels\" \/>\n<meta property=\"article:modified_time\" content=\"2022-07-23T19:03:44+00:00\" \/>\n<meta property=\"og:image\" content=\"https:\/\/colibri-jewels.eu\/wp-content\/uploads\/2022\/05\/p-7707web5.jpg\" \/>\n\t<meta property=\"og:image:width\" content=\"1000\" \/>\n\t<meta property=\"og:image:height\" content=\"1000\" \/>\n\t<meta property=\"og:image:type\" content=\"image\/jpeg\" \/>\n<meta name=\"twitter:card\" content=\"summary_large_image\" \/>\n<script type=\"application\/ld+json\" class=\"yoast-schema-graph\">{\"@context\":\"https:\/\/schema.org\",\"@graph\":[{\"@type\":\"WebPage\",\"@id\":\"https:\/\/colibri-jewels.eu\/et\/toode\/ouduse-kiiver-ruuniringiga-meelitab-koige-parim-email-amulett-p-7707\/\",\"url\":\"https:\/\/colibri-jewels.eu\/et\/toode\/ouduse-kiiver-ruuniringiga-meelitab-koige-parim-email-amulett-p-7707\/\",\"name\":\"Ruuniringiga \u00f5uduskiiver, emailiga amulett \\\"K\u00f5ike parimat meelitades\\\", P-7707 - Colibri jewels\",\"isPartOf\":{\"@id\":\"https:\/\/colibri-jewels.eu\/et\/#website\"},\"primaryImageOfPage\":{\"@id\":\"https:\/\/colibri-jewels.eu\/et\/toode\/ouduse-kiiver-ruuniringiga-meelitab-koige-parim-email-amulett-p-7707\/#primaryimage\"},\"image\":{\"@id\":\"https:\/\/colibri-jewels.eu\/et\/toode\/ouduse-kiiver-ruuniringiga-meelitab-koige-parim-email-amulett-p-7707\/#primaryimage\"},\"thumbnailUrl\":\"https:\/\/colibri-jewels.eu\/wp-content\/uploads\/2022\/05\/p-7707web5.jpg\",\"datePublished\":\"2022-05-20T18:29:18+00:00\",\"dateModified\":\"2022-07-23T19:03:44+00:00\",\"description\":\"\u00dcks kuulsamaid Skandinaavia viikingite s\u00fcmboleid \u2013 h\u00f5bedast valmistatud \u00f5uduskiiver ehk Aegishialmur. Suurim ruuniringiga varustatud amulett Futarkh. K\u00e4sitsi valmistatud ripats. H\u00f5bedamine, mustamine, kullamine, email. Ostke meie juveelipoest veebist v\u00f5i n\u00e4itusesaalist.\",\"breadcrumb\":{\"@id\":\"https:\/\/colibri-jewels.eu\/et\/toode\/ouduse-kiiver-ruuniringiga-meelitab-koige-parim-email-amulett-p-7707\/#breadcrumb\"},\"inLanguage\":\"et\",\"potentialAction\":[{\"@type\":\"ReadAction\",\"target\":[\"https:\/\/colibri-jewels.eu\/et\/toode\/ouduse-kiiver-ruuniringiga-meelitab-koige-parim-email-amulett-p-7707\/\"]}]},{\"@type\":\"ImageObject\",\"inLanguage\":\"et\",\"@id\":\"https:\/\/colibri-jewels.eu\/et\/toode\/ouduse-kiiver-ruuniringiga-meelitab-koige-parim-email-amulett-p-7707\/#primaryimage\",\"url\":\"https:\/\/colibri-jewels.eu\/wp-content\/uploads\/2022\/05\/p-7707web5.jpg\",\"contentUrl\":\"https:\/\/colibri-jewels.eu\/wp-content\/uploads\/2022\/05\/p-7707web5.jpg\",\"width\":1000,\"height\":1000},{\"@type\":\"BreadcrumbList\",\"@id\":\"https:\/\/colibri-jewels.eu\/et\/toode\/ouduse-kiiver-ruuniringiga-meelitab-koige-parim-email-amulett-p-7707\/#breadcrumb\",\"itemListElement\":[{\"@type\":\"ListItem\",\"position\":1,\"name\":\"\u0413\u043b\u0430\u0432\u043d\u0430\u044f \u0441\u0442\u0440\u0430\u043d\u0438\u0446\u0430\",\"item\":\"https:\/\/colibri-jewels.eu\/et\/\"},{\"@type\":\"ListItem\",\"position\":2,\"name\":\"Pood\",\"item\":\"https:\/\/colibri-jewels.eu\/et\/pood\/\"},{\"@type\":\"ListItem\",\"position\":3,\"name\":\"Ruuniringiga \u00f5uduskiiver, emailiga amulett &#8220;K\u00f5ike parimat meelitades&#8221;, P-7707\"}]},{\"@type\":\"WebSite\",\"@id\":\"https:\/\/colibri-jewels.eu\/et\/#website\",\"url\":\"https:\/\/colibri-jewels.eu\/et\/\",\"name\":\"Colibri jewels\",\"description\":\"jewelry shop\",\"publisher\":{\"@id\":\"https:\/\/colibri-jewels.eu\/et\/#organization\"},\"potentialAction\":[{\"@type\":\"SearchAction\",\"target\":{\"@type\":\"EntryPoint\",\"urlTemplate\":\"https:\/\/colibri-jewels.eu\/et\/?s={search_term_string}\"},\"query-input\":{\"@type\":\"PropertyValueSpecification\",\"valueRequired\":true,\"valueName\":\"search_term_string\"}}],\"inLanguage\":\"et\"},{\"@type\":\"Organization\",\"@id\":\"https:\/\/colibri-jewels.eu\/et\/#organization\",\"name\":\"O\u00dc Colibri\",\"url\":\"https:\/\/colibri-jewels.eu\/et\/\",\"logo\":{\"@type\":\"ImageObject\",\"inLanguage\":\"et\",\"@id\":\"https:\/\/colibri-jewels.eu\/et\/#\/schema\/logo\/image\/\",\"url\":\"https:\/\/dev.colibri-jewels.eu\/wp-content\/uploads\/2021\/03\/colibri.png\",\"contentUrl\":\"https:\/\/dev.colibri-jewels.eu\/wp-content\/uploads\/2021\/03\/colibri.png\",\"width\":227,\"height\":130,\"caption\":\"O\u00dc Colibri\"},\"image\":{\"@id\":\"https:\/\/colibri-jewels.eu\/et\/#\/schema\/logo\/image\/\"},\"sameAs\":[\"https:\/\/www.facebook.com\/colibri.jewels\",\"https:\/\/www.instagram.com\/colibri.jewels\",\"https:\/\/www.tiktok.com\/colibri.jewels\"]}]}<\/script>\n<!-- \/ Yoast SEO Premium plugin. -->","yoast_head_json":{"title":"Ruuniringiga \u00f5uduskiiver, emailiga amulett \"K\u00f5ike parimat meelitades\", P-7707 - Colibri jewels","description":"\u00dcks kuulsamaid Skandinaavia viikingite s\u00fcmboleid \u2013 h\u00f5bedast valmistatud \u00f5uduskiiver ehk Aegishialmur. Suurim ruuniringiga varustatud amulett Futarkh. K\u00e4sitsi valmistatud ripats. H\u00f5bedamine, mustamine, kullamine, email. Ostke meie juveelipoest veebist v\u00f5i n\u00e4itusesaalist.","robots":{"index":"index","follow":"follow","max-snippet":"max-snippet:-1","max-image-preview":"max-image-preview:large","max-video-preview":"max-video-preview:-1"},"canonical":"https:\/\/colibri-jewels.eu\/et\/toode\/ouduse-kiiver-ruuniringiga-meelitab-koige-parim-email-amulett-p-7707\/","og_locale":"et_EE","og_type":"article","og_title":"Ruuniringiga \u00f5uduskiiver, emailiga amulett \"K\u00f5ike parimat meelitades\", P-7707","og_description":"\u00dcks kuulsamaid Skandinaavia viikingite s\u00fcmboleid \u2013 h\u00f5bedast valmistatud \u00f5uduskiiver ehk Aegishialmur. Suurim ruuniringiga varustatud amulett Futarkh. K\u00e4sitsi valmistatud ripats. H\u00f5bedamine, mustamine, kullamine, email. Ostke meie juveelipoest veebist v\u00f5i n\u00e4itusesaalist.","og_url":"https:\/\/colibri-jewels.eu\/et\/toode\/ouduse-kiiver-ruuniringiga-meelitab-koige-parim-email-amulett-p-7707\/","og_site_name":"Colibri jewels","article_publisher":"https:\/\/www.facebook.com\/colibri.jewels","article_modified_time":"2022-07-23T19:03:44+00:00","og_image":[{"width":1000,"height":1000,"url":"https:\/\/colibri-jewels.eu\/wp-content\/uploads\/2022\/05\/p-7707web5.jpg","type":"image\/jpeg"}],"twitter_card":"summary_large_image","schema":{"@context":"https:\/\/schema.org","@graph":[{"@type":"WebPage","@id":"https:\/\/colibri-jewels.eu\/et\/toode\/ouduse-kiiver-ruuniringiga-meelitab-koige-parim-email-amulett-p-7707\/","url":"https:\/\/colibri-jewels.eu\/et\/toode\/ouduse-kiiver-ruuniringiga-meelitab-koige-parim-email-amulett-p-7707\/","name":"Ruuniringiga \u00f5uduskiiver, emailiga amulett \"K\u00f5ike parimat meelitades\", P-7707 - Colibri jewels","isPartOf":{"@id":"https:\/\/colibri-jewels.eu\/et\/#website"},"primaryImageOfPage":{"@id":"https:\/\/colibri-jewels.eu\/et\/toode\/ouduse-kiiver-ruuniringiga-meelitab-koige-parim-email-amulett-p-7707\/#primaryimage"},"image":{"@id":"https:\/\/colibri-jewels.eu\/et\/toode\/ouduse-kiiver-ruuniringiga-meelitab-koige-parim-email-amulett-p-7707\/#primaryimage"},"thumbnailUrl":"https:\/\/colibri-jewels.eu\/wp-content\/uploads\/2022\/05\/p-7707web5.jpg","datePublished":"2022-05-20T18:29:18+00:00","dateModified":"2022-07-23T19:03:44+00:00","description":"\u00dcks kuulsamaid Skandinaavia viikingite s\u00fcmboleid \u2013 h\u00f5bedast valmistatud \u00f5uduskiiver ehk Aegishialmur. Suurim ruuniringiga varustatud amulett Futarkh. K\u00e4sitsi valmistatud ripats. H\u00f5bedamine, mustamine, kullamine, email. Ostke meie juveelipoest veebist v\u00f5i n\u00e4itusesaalist.","breadcrumb":{"@id":"https:\/\/colibri-jewels.eu\/et\/toode\/ouduse-kiiver-ruuniringiga-meelitab-koige-parim-email-amulett-p-7707\/#breadcrumb"},"inLanguage":"et","potentialAction":[{"@type":"ReadAction","target":["https:\/\/colibri-jewels.eu\/et\/toode\/ouduse-kiiver-ruuniringiga-meelitab-koige-parim-email-amulett-p-7707\/"]}]},{"@type":"ImageObject","inLanguage":"et","@id":"https:\/\/colibri-jewels.eu\/et\/toode\/ouduse-kiiver-ruuniringiga-meelitab-koige-parim-email-amulett-p-7707\/#primaryimage","url":"https:\/\/colibri-jewels.eu\/wp-content\/uploads\/2022\/05\/p-7707web5.jpg","contentUrl":"https:\/\/colibri-jewels.eu\/wp-content\/uploads\/2022\/05\/p-7707web5.jpg","width":1000,"height":1000},{"@type":"BreadcrumbList","@id":"https:\/\/colibri-jewels.eu\/et\/toode\/ouduse-kiiver-ruuniringiga-meelitab-koige-parim-email-amulett-p-7707\/#breadcrumb","itemListElement":[{"@type":"ListItem","position":1,"name":"\u0413\u043b\u0430\u0432\u043d\u0430\u044f \u0441\u0442\u0440\u0430\u043d\u0438\u0446\u0430","item":"https:\/\/colibri-jewels.eu\/et\/"},{"@type":"ListItem","position":2,"name":"Pood","item":"https:\/\/colibri-jewels.eu\/et\/pood\/"},{"@type":"ListItem","position":3,"name":"Ruuniringiga \u00f5uduskiiver, emailiga amulett &#8220;K\u00f5ike parimat meelitades&#8221;, P-7707"}]},{"@type":"WebSite","@id":"https:\/\/colibri-jewels.eu\/et\/#website","url":"https:\/\/colibri-jewels.eu\/et\/","name":"Colibri jewels","description":"jewelry shop","publisher":{"@id":"https:\/\/colibri-jewels.eu\/et\/#organization"},"potentialAction":[{"@type":"SearchAction","target":{"@type":"EntryPoint","urlTemplate":"https:\/\/colibri-jewels.eu\/et\/?s={search_term_string}"},"query-input":{"@type":"PropertyValueSpecification","valueRequired":true,"valueName":"search_term_string"}}],"inLanguage":"et"},{"@type":"Organization","@id":"https:\/\/colibri-jewels.eu\/et\/#organization","name":"O\u00dc Colibri","url":"https:\/\/colibri-jewels.eu\/et\/","logo":{"@type":"ImageObject","inLanguage":"et","@id":"https:\/\/colibri-jewels.eu\/et\/#\/schema\/logo\/image\/","url":"https:\/\/dev.colibri-jewels.eu\/wp-content\/uploads\/2021\/03\/colibri.png","contentUrl":"https:\/\/dev.colibri-jewels.eu\/wp-content\/uploads\/2021\/03\/colibri.png","width":227,"height":130,"caption":"O\u00dc Colibri"},"image":{"@id":"https:\/\/colibri-jewels.eu\/et\/#\/schema\/logo\/image\/"},"sameAs":["https:\/\/www.facebook.com\/colibri.jewels","https:\/\/www.instagram.com\/colibri.jewels","https:\/\/www.tiktok.com\/colibri.jewels"]}]}},"_links":{"self":[{"href":"https:\/\/colibri-jewels.eu\/et\/wp-json\/wp\/v2\/product\/28324","targetHints":{"allow":["GET"]}}],"collection":[{"href":"https:\/\/colibri-jewels.eu\/et\/wp-json\/wp\/v2\/product"}],"about":[{"href":"https:\/\/colibri-jewels.eu\/et\/wp-json\/wp\/v2\/types\/product"}],"replies":[{"embeddable":true,"href":"https:\/\/colibri-jewels.eu\/et\/wp-json\/wp\/v2\/comments?post=28324"}],"version-history":[{"count":0,"href":"https:\/\/colibri-jewels.eu\/et\/wp-json\/wp\/v2\/product\/28324\/revisions"}],"wp:featuredmedia":[{"embeddable":true,"href":"https:\/\/colibri-jewels.eu\/et\/wp-json\/wp\/v2\/media\/25203"}],"wp:attachment":[{"href":"https:\/\/colibri-jewels.eu\/et\/wp-json\/wp\/v2\/media?parent=28324"}],"wp:term":[{"taxonomy":"brand","embeddable":true,"href":"https:\/\/colibri-jewels.eu\/et\/wp-json\/wp\/v2\/etheme_brands?post=28324"},{"taxonomy":"product_brand","embeddable":true,"href":"https:\/\/colibri-jewels.eu\/et\/wp-json\/wp\/v2\/product_brand?post=28324"},{"taxonomy":"product_cat","embeddable":true,"href":"https:\/\/colibri-jewels.eu\/et\/wp-json\/wp\/v2\/product_cat?post=28324"},{"taxonomy":"product_tag","embeddable":true,"href":"https:\/\/colibri-jewels.eu\/et\/wp-json\/wp\/v2\/product_tag?post=28324"}],"curies":[{"name":"wp","href":"https:\/\/api.w.org\/{rel}","templated":true}]}}