{"id":28326,"date":"2022-05-20T18:37:07","date_gmt":"2022-05-20T15:37:07","guid":{"rendered":"https:\/\/dev.colibri-jewels.eu\/product\/kuldse-teemandiga-ripats-nahtamatu-seadistusega-p-00724\/"},"modified":"2022-07-28T12:09:48","modified_gmt":"2022-07-28T09:09:48","slug":"kuldne-teemant-ripats-nahtamatu-seadistusega-p-00724","status":"publish","type":"product","link":"https:\/\/colibri-jewels.eu\/et\/toode\/kuldne-teemant-ripats-nahtamatu-seadistusega-p-00724\/","title":{"rendered":"Kuldse teemandiga ripats n\u00e4htamatu seadistusega P-00724"},"content":{"rendered":"<p>Peaaegu n\u00e4htamatu teemantide asetus paneb meid n\u00e4gema \u00fcht suurt tahket teemanti, kuigi neid on 30.<br \/>\nteemandid &#8211; 30 tk t\u00e4isl\u00f5ikega, 0,49 ct, G\/VS2<br \/>\nvalge kuld 14 kt<br \/>\nkaal 1,16 g<\/p>\n","protected":false},"excerpt":{"rendered":"<p>Peaaegu n\u00e4htamatu teemantide asetus paneb meid n\u00e4gema \u00fcht suurt tahket teemanti, kuigi neid on 30.<br \/>\nteemandid &#8211; 30 tk t\u00e4isl\u00f5ikega, 0,49 ct, G\/VS2<br \/>\nvalge kuld 14 kt<br \/>\nkaal 1,16 g<\/p>\n","protected":false},"featured_media":25164,"comment_status":"open","ping_status":"closed","template":"","meta":[],"etheme_brands":[],"product_brand":[],"product_cat":[470],"product_tag":[476],"class_list":{"0":"post-28326","1":"product","2":"type-product","3":"status-publish","4":"has-post-thumbnail","6":"product_cat-kaelakeed-ja-ripatsid","7":"product_tag-eksklusiivsed-ehted","9":"first","10":"instock","11":"shipping-taxable","12":"purchasable","13":"product-type-simple"},"acf":[],"yoast_head":"<!-- This site is optimized with the Yoast SEO Premium plugin v26.5 (Yoast SEO v26.8) - https:\/\/yoast.com\/product\/yoast-seo-premium-wordpress\/ -->\n<title>Kuldse teemandiga ripats n\u00e4htamatu seadistusega P-00724 - Colibri jewels<\/title>\n<meta name=\"description\" content=\"Eksklusiivsed kuldsed teemandiga k\u00f5rvar\u00f5ngad, kus peaaegu n\u00e4htamatu teemantide asetus paneb meid n\u00e4gema \u00fchte suurt tahket teemanti, kuigi neid on 30. Ostke meie juveelipoest veebist v\u00f5i n\u00e4itusesaalist.\" \/>\n<meta name=\"robots\" content=\"index, follow, max-snippet:-1, max-image-preview:large, max-video-preview:-1\" \/>\n<link rel=\"canonical\" href=\"https:\/\/colibri-jewels.eu\/et\/toode\/kuldne-teemant-ripats-nahtamatu-seadistusega-p-00724\/\" \/>\n<meta property=\"og:locale\" content=\"et_EE\" \/>\n<meta property=\"og:type\" content=\"article\" \/>\n<meta property=\"og:title\" content=\"Kuldse teemandiga ripats n\u00e4htamatu seadistusega P-00724\" \/>\n<meta property=\"og:description\" content=\"Eksklusiivsed kuldsed teemandiga k\u00f5rvar\u00f5ngad, kus peaaegu n\u00e4htamatu teemantide asetus paneb meid n\u00e4gema \u00fchte suurt tahket teemanti, kuigi neid on 30. Ostke meie juveelipoest veebist v\u00f5i n\u00e4itusesaalist.\" \/>\n<meta property=\"og:url\" content=\"https:\/\/colibri-jewels.eu\/et\/toode\/kuldne-teemant-ripats-nahtamatu-seadistusega-p-00724\/\" \/>\n<meta property=\"og:site_name\" content=\"Colibri jewels\" \/>\n<meta property=\"article:publisher\" content=\"https:\/\/www.facebook.com\/colibri.jewels\" \/>\n<meta property=\"article:modified_time\" content=\"2022-07-28T09:09:48+00:00\" \/>\n<meta property=\"og:image\" content=\"https:\/\/colibri-jewels.eu\/wp-content\/uploads\/2022\/05\/ed-00724web-1.jpg\" \/>\n\t<meta property=\"og:image:width\" content=\"1000\" \/>\n\t<meta property=\"og:image:height\" content=\"1000\" \/>\n\t<meta property=\"og:image:type\" content=\"image\/jpeg\" \/>\n<meta name=\"twitter:card\" content=\"summary_large_image\" \/>\n<script type=\"application\/ld+json\" class=\"yoast-schema-graph\">{\"@context\":\"https:\/\/schema.org\",\"@graph\":[{\"@type\":\"WebPage\",\"@id\":\"https:\/\/colibri-jewels.eu\/et\/toode\/kuldne-teemant-ripats-nahtamatu-seadistusega-p-00724\/\",\"url\":\"https:\/\/colibri-jewels.eu\/et\/toode\/kuldne-teemant-ripats-nahtamatu-seadistusega-p-00724\/\",\"name\":\"Kuldse teemandiga ripats n\u00e4htamatu seadistusega P-00724 - Colibri jewels\",\"isPartOf\":{\"@id\":\"https:\/\/colibri-jewels.eu\/et\/#website\"},\"primaryImageOfPage\":{\"@id\":\"https:\/\/colibri-jewels.eu\/et\/toode\/kuldne-teemant-ripats-nahtamatu-seadistusega-p-00724\/#primaryimage\"},\"image\":{\"@id\":\"https:\/\/colibri-jewels.eu\/et\/toode\/kuldne-teemant-ripats-nahtamatu-seadistusega-p-00724\/#primaryimage\"},\"thumbnailUrl\":\"https:\/\/colibri-jewels.eu\/wp-content\/uploads\/2022\/05\/ed-00724web-1.jpg\",\"datePublished\":\"2022-05-20T15:37:07+00:00\",\"dateModified\":\"2022-07-28T09:09:48+00:00\",\"description\":\"Eksklusiivsed kuldsed teemandiga k\u00f5rvar\u00f5ngad, kus peaaegu n\u00e4htamatu teemantide asetus paneb meid n\u00e4gema \u00fchte suurt tahket teemanti, kuigi neid on 30. Ostke meie juveelipoest veebist v\u00f5i n\u00e4itusesaalist.\",\"breadcrumb\":{\"@id\":\"https:\/\/colibri-jewels.eu\/et\/toode\/kuldne-teemant-ripats-nahtamatu-seadistusega-p-00724\/#breadcrumb\"},\"inLanguage\":\"et\",\"potentialAction\":[{\"@type\":\"ReadAction\",\"target\":[\"https:\/\/colibri-jewels.eu\/et\/toode\/kuldne-teemant-ripats-nahtamatu-seadistusega-p-00724\/\"]}]},{\"@type\":\"ImageObject\",\"inLanguage\":\"et\",\"@id\":\"https:\/\/colibri-jewels.eu\/et\/toode\/kuldne-teemant-ripats-nahtamatu-seadistusega-p-00724\/#primaryimage\",\"url\":\"https:\/\/colibri-jewels.eu\/wp-content\/uploads\/2022\/05\/ed-00724web-1.jpg\",\"contentUrl\":\"https:\/\/colibri-jewels.eu\/wp-content\/uploads\/2022\/05\/ed-00724web-1.jpg\",\"width\":1000,\"height\":1000},{\"@type\":\"BreadcrumbList\",\"@id\":\"https:\/\/colibri-jewels.eu\/et\/toode\/kuldne-teemant-ripats-nahtamatu-seadistusega-p-00724\/#breadcrumb\",\"itemListElement\":[{\"@type\":\"ListItem\",\"position\":1,\"name\":\"\u0413\u043b\u0430\u0432\u043d\u0430\u044f \u0441\u0442\u0440\u0430\u043d\u0438\u0446\u0430\",\"item\":\"https:\/\/colibri-jewels.eu\/et\/\"},{\"@type\":\"ListItem\",\"position\":2,\"name\":\"Pood\",\"item\":\"https:\/\/colibri-jewels.eu\/et\/pood\/\"},{\"@type\":\"ListItem\",\"position\":3,\"name\":\"Kuldse teemandiga ripats n\u00e4htamatu seadistusega P-00724\"}]},{\"@type\":\"WebSite\",\"@id\":\"https:\/\/colibri-jewels.eu\/et\/#website\",\"url\":\"https:\/\/colibri-jewels.eu\/et\/\",\"name\":\"Colibri jewels\",\"description\":\"jewelry shop\",\"publisher\":{\"@id\":\"https:\/\/colibri-jewels.eu\/et\/#organization\"},\"potentialAction\":[{\"@type\":\"SearchAction\",\"target\":{\"@type\":\"EntryPoint\",\"urlTemplate\":\"https:\/\/colibri-jewels.eu\/et\/?s={search_term_string}\"},\"query-input\":{\"@type\":\"PropertyValueSpecification\",\"valueRequired\":true,\"valueName\":\"search_term_string\"}}],\"inLanguage\":\"et\"},{\"@type\":\"Organization\",\"@id\":\"https:\/\/colibri-jewels.eu\/et\/#organization\",\"name\":\"O\u00dc Colibri\",\"url\":\"https:\/\/colibri-jewels.eu\/et\/\",\"logo\":{\"@type\":\"ImageObject\",\"inLanguage\":\"et\",\"@id\":\"https:\/\/colibri-jewels.eu\/et\/#\/schema\/logo\/image\/\",\"url\":\"https:\/\/dev.colibri-jewels.eu\/wp-content\/uploads\/2021\/03\/colibri.png\",\"contentUrl\":\"https:\/\/dev.colibri-jewels.eu\/wp-content\/uploads\/2021\/03\/colibri.png\",\"width\":227,\"height\":130,\"caption\":\"O\u00dc Colibri\"},\"image\":{\"@id\":\"https:\/\/colibri-jewels.eu\/et\/#\/schema\/logo\/image\/\"},\"sameAs\":[\"https:\/\/www.facebook.com\/colibri.jewels\",\"https:\/\/www.instagram.com\/colibri.jewels\",\"https:\/\/www.tiktok.com\/colibri.jewels\"]}]}<\/script>\n<!-- \/ Yoast SEO Premium plugin. -->","yoast_head_json":{"title":"Kuldse teemandiga ripats n\u00e4htamatu seadistusega P-00724 - Colibri jewels","description":"Eksklusiivsed kuldsed teemandiga k\u00f5rvar\u00f5ngad, kus peaaegu n\u00e4htamatu teemantide asetus paneb meid n\u00e4gema \u00fchte suurt tahket teemanti, kuigi neid on 30. Ostke meie juveelipoest veebist v\u00f5i n\u00e4itusesaalist.","robots":{"index":"index","follow":"follow","max-snippet":"max-snippet:-1","max-image-preview":"max-image-preview:large","max-video-preview":"max-video-preview:-1"},"canonical":"https:\/\/colibri-jewels.eu\/et\/toode\/kuldne-teemant-ripats-nahtamatu-seadistusega-p-00724\/","og_locale":"et_EE","og_type":"article","og_title":"Kuldse teemandiga ripats n\u00e4htamatu seadistusega P-00724","og_description":"Eksklusiivsed kuldsed teemandiga k\u00f5rvar\u00f5ngad, kus peaaegu n\u00e4htamatu teemantide asetus paneb meid n\u00e4gema \u00fchte suurt tahket teemanti, kuigi neid on 30. Ostke meie juveelipoest veebist v\u00f5i n\u00e4itusesaalist.","og_url":"https:\/\/colibri-jewels.eu\/et\/toode\/kuldne-teemant-ripats-nahtamatu-seadistusega-p-00724\/","og_site_name":"Colibri jewels","article_publisher":"https:\/\/www.facebook.com\/colibri.jewels","article_modified_time":"2022-07-28T09:09:48+00:00","og_image":[{"width":1000,"height":1000,"url":"https:\/\/colibri-jewels.eu\/wp-content\/uploads\/2022\/05\/ed-00724web-1.jpg","type":"image\/jpeg"}],"twitter_card":"summary_large_image","schema":{"@context":"https:\/\/schema.org","@graph":[{"@type":"WebPage","@id":"https:\/\/colibri-jewels.eu\/et\/toode\/kuldne-teemant-ripats-nahtamatu-seadistusega-p-00724\/","url":"https:\/\/colibri-jewels.eu\/et\/toode\/kuldne-teemant-ripats-nahtamatu-seadistusega-p-00724\/","name":"Kuldse teemandiga ripats n\u00e4htamatu seadistusega P-00724 - Colibri jewels","isPartOf":{"@id":"https:\/\/colibri-jewels.eu\/et\/#website"},"primaryImageOfPage":{"@id":"https:\/\/colibri-jewels.eu\/et\/toode\/kuldne-teemant-ripats-nahtamatu-seadistusega-p-00724\/#primaryimage"},"image":{"@id":"https:\/\/colibri-jewels.eu\/et\/toode\/kuldne-teemant-ripats-nahtamatu-seadistusega-p-00724\/#primaryimage"},"thumbnailUrl":"https:\/\/colibri-jewels.eu\/wp-content\/uploads\/2022\/05\/ed-00724web-1.jpg","datePublished":"2022-05-20T15:37:07+00:00","dateModified":"2022-07-28T09:09:48+00:00","description":"Eksklusiivsed kuldsed teemandiga k\u00f5rvar\u00f5ngad, kus peaaegu n\u00e4htamatu teemantide asetus paneb meid n\u00e4gema \u00fchte suurt tahket teemanti, kuigi neid on 30. Ostke meie juveelipoest veebist v\u00f5i n\u00e4itusesaalist.","breadcrumb":{"@id":"https:\/\/colibri-jewels.eu\/et\/toode\/kuldne-teemant-ripats-nahtamatu-seadistusega-p-00724\/#breadcrumb"},"inLanguage":"et","potentialAction":[{"@type":"ReadAction","target":["https:\/\/colibri-jewels.eu\/et\/toode\/kuldne-teemant-ripats-nahtamatu-seadistusega-p-00724\/"]}]},{"@type":"ImageObject","inLanguage":"et","@id":"https:\/\/colibri-jewels.eu\/et\/toode\/kuldne-teemant-ripats-nahtamatu-seadistusega-p-00724\/#primaryimage","url":"https:\/\/colibri-jewels.eu\/wp-content\/uploads\/2022\/05\/ed-00724web-1.jpg","contentUrl":"https:\/\/colibri-jewels.eu\/wp-content\/uploads\/2022\/05\/ed-00724web-1.jpg","width":1000,"height":1000},{"@type":"BreadcrumbList","@id":"https:\/\/colibri-jewels.eu\/et\/toode\/kuldne-teemant-ripats-nahtamatu-seadistusega-p-00724\/#breadcrumb","itemListElement":[{"@type":"ListItem","position":1,"name":"\u0413\u043b\u0430\u0432\u043d\u0430\u044f \u0441\u0442\u0440\u0430\u043d\u0438\u0446\u0430","item":"https:\/\/colibri-jewels.eu\/et\/"},{"@type":"ListItem","position":2,"name":"Pood","item":"https:\/\/colibri-jewels.eu\/et\/pood\/"},{"@type":"ListItem","position":3,"name":"Kuldse teemandiga ripats n\u00e4htamatu seadistusega P-00724"}]},{"@type":"WebSite","@id":"https:\/\/colibri-jewels.eu\/et\/#website","url":"https:\/\/colibri-jewels.eu\/et\/","name":"Colibri jewels","description":"jewelry shop","publisher":{"@id":"https:\/\/colibri-jewels.eu\/et\/#organization"},"potentialAction":[{"@type":"SearchAction","target":{"@type":"EntryPoint","urlTemplate":"https:\/\/colibri-jewels.eu\/et\/?s={search_term_string}"},"query-input":{"@type":"PropertyValueSpecification","valueRequired":true,"valueName":"search_term_string"}}],"inLanguage":"et"},{"@type":"Organization","@id":"https:\/\/colibri-jewels.eu\/et\/#organization","name":"O\u00dc Colibri","url":"https:\/\/colibri-jewels.eu\/et\/","logo":{"@type":"ImageObject","inLanguage":"et","@id":"https:\/\/colibri-jewels.eu\/et\/#\/schema\/logo\/image\/","url":"https:\/\/dev.colibri-jewels.eu\/wp-content\/uploads\/2021\/03\/colibri.png","contentUrl":"https:\/\/dev.colibri-jewels.eu\/wp-content\/uploads\/2021\/03\/colibri.png","width":227,"height":130,"caption":"O\u00dc Colibri"},"image":{"@id":"https:\/\/colibri-jewels.eu\/et\/#\/schema\/logo\/image\/"},"sameAs":["https:\/\/www.facebook.com\/colibri.jewels","https:\/\/www.instagram.com\/colibri.jewels","https:\/\/www.tiktok.com\/colibri.jewels"]}]}},"_links":{"self":[{"href":"https:\/\/colibri-jewels.eu\/et\/wp-json\/wp\/v2\/product\/28326","targetHints":{"allow":["GET"]}}],"collection":[{"href":"https:\/\/colibri-jewels.eu\/et\/wp-json\/wp\/v2\/product"}],"about":[{"href":"https:\/\/colibri-jewels.eu\/et\/wp-json\/wp\/v2\/types\/product"}],"replies":[{"embeddable":true,"href":"https:\/\/colibri-jewels.eu\/et\/wp-json\/wp\/v2\/comments?post=28326"}],"version-history":[{"count":0,"href":"https:\/\/colibri-jewels.eu\/et\/wp-json\/wp\/v2\/product\/28326\/revisions"}],"wp:featuredmedia":[{"embeddable":true,"href":"https:\/\/colibri-jewels.eu\/et\/wp-json\/wp\/v2\/media\/25164"}],"wp:attachment":[{"href":"https:\/\/colibri-jewels.eu\/et\/wp-json\/wp\/v2\/media?parent=28326"}],"wp:term":[{"taxonomy":"brand","embeddable":true,"href":"https:\/\/colibri-jewels.eu\/et\/wp-json\/wp\/v2\/etheme_brands?post=28326"},{"taxonomy":"product_brand","embeddable":true,"href":"https:\/\/colibri-jewels.eu\/et\/wp-json\/wp\/v2\/product_brand?post=28326"},{"taxonomy":"product_cat","embeddable":true,"href":"https:\/\/colibri-jewels.eu\/et\/wp-json\/wp\/v2\/product_cat?post=28326"},{"taxonomy":"product_tag","embeddable":true,"href":"https:\/\/colibri-jewels.eu\/et\/wp-json\/wp\/v2\/product_tag?post=28326"}],"curies":[{"name":"wp","href":"https:\/\/api.w.org\/{rel}","templated":true}]}}