{"id":28335,"date":"2022-05-18T22:33:49","date_gmt":"2022-05-18T19:33:49","guid":{"rendered":"https:\/\/dev.colibri-jewels.eu\/product\/hobedane-grifooni-ripats-totemikollektsioonist-p-8081\/"},"modified":"2022-06-11T22:29:40","modified_gmt":"2022-06-11T19:29:40","slug":"hobe-grifooni-ripats-totemikollektsioonist-p-8081","status":"publish","type":"product","link":"https:\/\/colibri-jewels.eu\/et\/toode\/hobe-grifooni-ripats-totemikollektsioonist-p-8081\/","title":{"rendered":"H\u00f5bedane grifooni ripats totemikollektsioonist, P-8081"},"content":{"rendered":"<p>Grifiin on vanim \u00fchendav ja p\u00fcha s\u00fcmbol slaavi, t\u00fcrgi, ugri ja teiste rahvaste jaoks, kes elavad ulatuslikul territooriumil Euroopast kuni Vaikse ookeanini Sk\u00fc\u00fctia (Suur Tartari, Vene impeerium) territooriumil.<br \/>\nGrifooni kujutisi on palju riietel, relvadel, hobuste rakmetel, anumatel, ehetel, t\u00e4toveeringutel, aga ka selle kirjeldusi. Ja mis on huvitav &#8211; grifiine kirjeldati mitte kui vapustavat olendit, vaid kui t\u00f5elist olendit &#8211; nad kirjeldasid \u00fcksikasjalikult: elupaika, pesitsusmeetodit, toidu hankimise meetodit. Huvitav fakt: ladinakeelses traditsioonis, kui tuli r\u00e4\u00e4kida grifidest kui kuskil maailma \u00e4\u00e4realadel elavatest olenditest, ei mainitud grifiine peaaegu kunagi ainsuses ja autorid m\u00e4\u00e4rasid nad sugukonnaks (ladina keeles: inimesed, h\u00f5im , liigid), mida kasutati rohkem inimeste kui loomade koosluste puhul. Herodotos ei pidanud griffiinide all silmas koletisi, vaid inimeste kogukondi. V\u00f5ib-olla m\u00f5jutas just see s\u00f5nakasutus griffinide samastamist teatud p\u00f5hjas elava rahvaga. Keskaegsetes kirjutistes ja XII-XIII sajandi kaartidel v\u00f5ib leida v\u00e4ljendi &#8220;raisakotkaste halvad inimesed&#8221;.<br \/>\nKeskajal s\u00fcmboliseeris grifoon kotka ja l\u00f5vi kombineeritud omadusi \u2013 valvsust ja julgust. Grifiini kujutise looma-linnu olemus annab tunnistust selle \u00fcldistavast iseloomust, taevaidee sulandumisest maise looduse ideega ja ennek\u00f5ike selle taimestikuga. Igori ja Svjatoslavi ajastu vene inimesed pidasid grifooni looduse meistriks, k\u00f5rgeima n\u00e4htamatu j\u00f5u tahte t\u00e4ideviijaks.<br \/>\nTavaliselt kirjeldati grifiine kui metsikuid ja ohtlikke olendeid, kuid ainult neile, kes nende valdusse tungivad. Vana-Egiptuse traditsioonis kombineeris grifoon oma l\u00f5vi kujutises, kehastades kuningat ja pistrikut, mis oli taevajumal Horuse s\u00fcmbol. Vana kuningriigi ajastul oli grifoon v\u00f5iduka valitseja s\u00fcmbol, kes &#8220;k\u00f5nnib oma vaenlaste v\u00e4risevatel kehadel&#8221;.<br \/>\nKreekas s\u00fcmboliseeris grifoon v\u00e4ge, kes oli oma j\u00f5us kindel, kuid samal ajal kaval ja valvas. Nad uskusid, et grifiinid on jumalate s\u00f5numitoojad ja suudavad kaitsta inimesi tulevaste probleemide eest. Ka grifide iseloom oli erinev. \u00dcldiselt oli grifoon uhke, julge ja vabadust armastav metsaline, kes ei tunnistanud kellegi \u00fclemv\u00f5imu.<br \/>\nK\u00f5ik grifooni s\u00fcmboolsed omadused ja tema toteemilised omadused on omistatavad nii tervele inimeste kogukonnale kui ka \u00fcksikisikule.<\/p>\n","protected":false},"excerpt":{"rendered":"<p>H\u00f5beripats &#8220;Griffin&#8221; Totem kollektsioonist kuubikutega tsirkooniumoksiididega, osaliselt kullatud.<\/p>\n","protected":false},"featured_media":24931,"comment_status":"open","ping_status":"closed","template":"","meta":[],"etheme_brands":[],"product_brand":[],"product_cat":[470],"product_tag":[503],"class_list":{"0":"post-28335","1":"product","2":"type-product","3":"status-publish","4":"has-post-thumbnail","6":"product_cat-kaelakeed-ja-ripatsid","7":"product_tag-loomalik","9":"first","10":"instock","11":"shipping-taxable","12":"purchasable","13":"product-type-simple"},"acf":[],"yoast_head":"<!-- This site is optimized with the Yoast SEO Premium plugin v26.5 (Yoast SEO v26.8) - https:\/\/yoast.com\/product\/yoast-seo-premium-wordpress\/ -->\n<title>H\u00f5bedane grifooni ripats totemikollektsioonist, P-8081 - Colibri jewels<\/title>\n<meta name=\"description\" content=\"\u00dcks tuntumaid totemiolendeid Griffin on tehtud h\u00f5bedast nagu ripats ning seda ja k\u00f5iki teisi toteme saab osta ka Colibri juveelipoest.\" \/>\n<meta name=\"robots\" content=\"index, follow, max-snippet:-1, max-image-preview:large, max-video-preview:-1\" \/>\n<link rel=\"canonical\" href=\"https:\/\/colibri-jewels.eu\/et\/toode\/hobe-grifooni-ripats-totemikollektsioonist-p-8081\/\" \/>\n<meta property=\"og:locale\" content=\"et_EE\" \/>\n<meta property=\"og:type\" content=\"article\" \/>\n<meta property=\"og:title\" content=\"H\u00f5bedane grifooni ripats totemikollektsioonist, P-8081\" \/>\n<meta property=\"og:description\" content=\"\u00dcks tuntumaid totemiolendeid Griffin on tehtud h\u00f5bedast nagu ripats ning seda ja k\u00f5iki teisi toteme saab osta ka Colibri juveelipoest.\" \/>\n<meta property=\"og:url\" content=\"https:\/\/colibri-jewels.eu\/et\/toode\/hobe-grifooni-ripats-totemikollektsioonist-p-8081\/\" \/>\n<meta property=\"og:site_name\" content=\"Colibri jewels\" \/>\n<meta property=\"article:publisher\" content=\"https:\/\/www.facebook.com\/colibri.jewels\" \/>\n<meta property=\"article:modified_time\" content=\"2022-06-11T19:29:40+00:00\" \/>\n<meta property=\"og:image\" content=\"https:\/\/colibri-jewels.eu\/wp-content\/uploads\/2022\/05\/PCz-8081web.jpg\" \/>\n\t<meta property=\"og:image:width\" content=\"1000\" \/>\n\t<meta property=\"og:image:height\" content=\"1000\" \/>\n\t<meta property=\"og:image:type\" content=\"image\/jpeg\" \/>\n<meta name=\"twitter:card\" content=\"summary_large_image\" \/>\n<meta name=\"twitter:label1\" content=\"Est. reading time\" \/>\n\t<meta name=\"twitter:data1\" content=\"2 minutit\" \/>\n<script type=\"application\/ld+json\" class=\"yoast-schema-graph\">{\"@context\":\"https:\/\/schema.org\",\"@graph\":[{\"@type\":\"WebPage\",\"@id\":\"https:\/\/colibri-jewels.eu\/et\/toode\/hobe-grifooni-ripats-totemikollektsioonist-p-8081\/\",\"url\":\"https:\/\/colibri-jewels.eu\/et\/toode\/hobe-grifooni-ripats-totemikollektsioonist-p-8081\/\",\"name\":\"H\u00f5bedane grifooni ripats totemikollektsioonist, P-8081 - Colibri jewels\",\"isPartOf\":{\"@id\":\"https:\/\/colibri-jewels.eu\/et\/#website\"},\"primaryImageOfPage\":{\"@id\":\"https:\/\/colibri-jewels.eu\/et\/toode\/hobe-grifooni-ripats-totemikollektsioonist-p-8081\/#primaryimage\"},\"image\":{\"@id\":\"https:\/\/colibri-jewels.eu\/et\/toode\/hobe-grifooni-ripats-totemikollektsioonist-p-8081\/#primaryimage\"},\"thumbnailUrl\":\"https:\/\/colibri-jewels.eu\/wp-content\/uploads\/2022\/05\/PCz-8081web.jpg\",\"datePublished\":\"2022-05-18T19:33:49+00:00\",\"dateModified\":\"2022-06-11T19:29:40+00:00\",\"description\":\"\u00dcks tuntumaid totemiolendeid Griffin on tehtud h\u00f5bedast nagu ripats ning seda ja k\u00f5iki teisi toteme saab osta ka Colibri juveelipoest.\",\"breadcrumb\":{\"@id\":\"https:\/\/colibri-jewels.eu\/et\/toode\/hobe-grifooni-ripats-totemikollektsioonist-p-8081\/#breadcrumb\"},\"inLanguage\":\"et\",\"potentialAction\":[{\"@type\":\"ReadAction\",\"target\":[\"https:\/\/colibri-jewels.eu\/et\/toode\/hobe-grifooni-ripats-totemikollektsioonist-p-8081\/\"]}]},{\"@type\":\"ImageObject\",\"inLanguage\":\"et\",\"@id\":\"https:\/\/colibri-jewels.eu\/et\/toode\/hobe-grifooni-ripats-totemikollektsioonist-p-8081\/#primaryimage\",\"url\":\"https:\/\/colibri-jewels.eu\/wp-content\/uploads\/2022\/05\/PCz-8081web.jpg\",\"contentUrl\":\"https:\/\/colibri-jewels.eu\/wp-content\/uploads\/2022\/05\/PCz-8081web.jpg\",\"width\":1000,\"height\":1000},{\"@type\":\"BreadcrumbList\",\"@id\":\"https:\/\/colibri-jewels.eu\/et\/toode\/hobe-grifooni-ripats-totemikollektsioonist-p-8081\/#breadcrumb\",\"itemListElement\":[{\"@type\":\"ListItem\",\"position\":1,\"name\":\"\u0413\u043b\u0430\u0432\u043d\u0430\u044f \u0441\u0442\u0440\u0430\u043d\u0438\u0446\u0430\",\"item\":\"https:\/\/colibri-jewels.eu\/et\/\"},{\"@type\":\"ListItem\",\"position\":2,\"name\":\"Pood\",\"item\":\"https:\/\/colibri-jewels.eu\/et\/pood\/\"},{\"@type\":\"ListItem\",\"position\":3,\"name\":\"H\u00f5bedane grifooni ripats totemikollektsioonist, P-8081\"}]},{\"@type\":\"WebSite\",\"@id\":\"https:\/\/colibri-jewels.eu\/et\/#website\",\"url\":\"https:\/\/colibri-jewels.eu\/et\/\",\"name\":\"Colibri jewels\",\"description\":\"jewelry shop\",\"publisher\":{\"@id\":\"https:\/\/colibri-jewels.eu\/et\/#organization\"},\"potentialAction\":[{\"@type\":\"SearchAction\",\"target\":{\"@type\":\"EntryPoint\",\"urlTemplate\":\"https:\/\/colibri-jewels.eu\/et\/?s={search_term_string}\"},\"query-input\":{\"@type\":\"PropertyValueSpecification\",\"valueRequired\":true,\"valueName\":\"search_term_string\"}}],\"inLanguage\":\"et\"},{\"@type\":\"Organization\",\"@id\":\"https:\/\/colibri-jewels.eu\/et\/#organization\",\"name\":\"O\u00dc Colibri\",\"url\":\"https:\/\/colibri-jewels.eu\/et\/\",\"logo\":{\"@type\":\"ImageObject\",\"inLanguage\":\"et\",\"@id\":\"https:\/\/colibri-jewels.eu\/et\/#\/schema\/logo\/image\/\",\"url\":\"https:\/\/dev.colibri-jewels.eu\/wp-content\/uploads\/2021\/03\/colibri.png\",\"contentUrl\":\"https:\/\/dev.colibri-jewels.eu\/wp-content\/uploads\/2021\/03\/colibri.png\",\"width\":227,\"height\":130,\"caption\":\"O\u00dc Colibri\"},\"image\":{\"@id\":\"https:\/\/colibri-jewels.eu\/et\/#\/schema\/logo\/image\/\"},\"sameAs\":[\"https:\/\/www.facebook.com\/colibri.jewels\",\"https:\/\/www.instagram.com\/colibri.jewels\",\"https:\/\/www.tiktok.com\/colibri.jewels\"]}]}<\/script>\n<!-- \/ Yoast SEO Premium plugin. -->","yoast_head_json":{"title":"H\u00f5bedane grifooni ripats totemikollektsioonist, P-8081 - Colibri jewels","description":"\u00dcks tuntumaid totemiolendeid Griffin on tehtud h\u00f5bedast nagu ripats ning seda ja k\u00f5iki teisi toteme saab osta ka Colibri juveelipoest.","robots":{"index":"index","follow":"follow","max-snippet":"max-snippet:-1","max-image-preview":"max-image-preview:large","max-video-preview":"max-video-preview:-1"},"canonical":"https:\/\/colibri-jewels.eu\/et\/toode\/hobe-grifooni-ripats-totemikollektsioonist-p-8081\/","og_locale":"et_EE","og_type":"article","og_title":"H\u00f5bedane grifooni ripats totemikollektsioonist, P-8081","og_description":"\u00dcks tuntumaid totemiolendeid Griffin on tehtud h\u00f5bedast nagu ripats ning seda ja k\u00f5iki teisi toteme saab osta ka Colibri juveelipoest.","og_url":"https:\/\/colibri-jewels.eu\/et\/toode\/hobe-grifooni-ripats-totemikollektsioonist-p-8081\/","og_site_name":"Colibri jewels","article_publisher":"https:\/\/www.facebook.com\/colibri.jewels","article_modified_time":"2022-06-11T19:29:40+00:00","og_image":[{"width":1000,"height":1000,"url":"https:\/\/colibri-jewels.eu\/wp-content\/uploads\/2022\/05\/PCz-8081web.jpg","type":"image\/jpeg"}],"twitter_card":"summary_large_image","twitter_misc":{"Est. reading time":"2 minutit"},"schema":{"@context":"https:\/\/schema.org","@graph":[{"@type":"WebPage","@id":"https:\/\/colibri-jewels.eu\/et\/toode\/hobe-grifooni-ripats-totemikollektsioonist-p-8081\/","url":"https:\/\/colibri-jewels.eu\/et\/toode\/hobe-grifooni-ripats-totemikollektsioonist-p-8081\/","name":"H\u00f5bedane grifooni ripats totemikollektsioonist, P-8081 - Colibri jewels","isPartOf":{"@id":"https:\/\/colibri-jewels.eu\/et\/#website"},"primaryImageOfPage":{"@id":"https:\/\/colibri-jewels.eu\/et\/toode\/hobe-grifooni-ripats-totemikollektsioonist-p-8081\/#primaryimage"},"image":{"@id":"https:\/\/colibri-jewels.eu\/et\/toode\/hobe-grifooni-ripats-totemikollektsioonist-p-8081\/#primaryimage"},"thumbnailUrl":"https:\/\/colibri-jewels.eu\/wp-content\/uploads\/2022\/05\/PCz-8081web.jpg","datePublished":"2022-05-18T19:33:49+00:00","dateModified":"2022-06-11T19:29:40+00:00","description":"\u00dcks tuntumaid totemiolendeid Griffin on tehtud h\u00f5bedast nagu ripats ning seda ja k\u00f5iki teisi toteme saab osta ka Colibri juveelipoest.","breadcrumb":{"@id":"https:\/\/colibri-jewels.eu\/et\/toode\/hobe-grifooni-ripats-totemikollektsioonist-p-8081\/#breadcrumb"},"inLanguage":"et","potentialAction":[{"@type":"ReadAction","target":["https:\/\/colibri-jewels.eu\/et\/toode\/hobe-grifooni-ripats-totemikollektsioonist-p-8081\/"]}]},{"@type":"ImageObject","inLanguage":"et","@id":"https:\/\/colibri-jewels.eu\/et\/toode\/hobe-grifooni-ripats-totemikollektsioonist-p-8081\/#primaryimage","url":"https:\/\/colibri-jewels.eu\/wp-content\/uploads\/2022\/05\/PCz-8081web.jpg","contentUrl":"https:\/\/colibri-jewels.eu\/wp-content\/uploads\/2022\/05\/PCz-8081web.jpg","width":1000,"height":1000},{"@type":"BreadcrumbList","@id":"https:\/\/colibri-jewels.eu\/et\/toode\/hobe-grifooni-ripats-totemikollektsioonist-p-8081\/#breadcrumb","itemListElement":[{"@type":"ListItem","position":1,"name":"\u0413\u043b\u0430\u0432\u043d\u0430\u044f \u0441\u0442\u0440\u0430\u043d\u0438\u0446\u0430","item":"https:\/\/colibri-jewels.eu\/et\/"},{"@type":"ListItem","position":2,"name":"Pood","item":"https:\/\/colibri-jewels.eu\/et\/pood\/"},{"@type":"ListItem","position":3,"name":"H\u00f5bedane grifooni ripats totemikollektsioonist, P-8081"}]},{"@type":"WebSite","@id":"https:\/\/colibri-jewels.eu\/et\/#website","url":"https:\/\/colibri-jewels.eu\/et\/","name":"Colibri jewels","description":"jewelry shop","publisher":{"@id":"https:\/\/colibri-jewels.eu\/et\/#organization"},"potentialAction":[{"@type":"SearchAction","target":{"@type":"EntryPoint","urlTemplate":"https:\/\/colibri-jewels.eu\/et\/?s={search_term_string}"},"query-input":{"@type":"PropertyValueSpecification","valueRequired":true,"valueName":"search_term_string"}}],"inLanguage":"et"},{"@type":"Organization","@id":"https:\/\/colibri-jewels.eu\/et\/#organization","name":"O\u00dc Colibri","url":"https:\/\/colibri-jewels.eu\/et\/","logo":{"@type":"ImageObject","inLanguage":"et","@id":"https:\/\/colibri-jewels.eu\/et\/#\/schema\/logo\/image\/","url":"https:\/\/dev.colibri-jewels.eu\/wp-content\/uploads\/2021\/03\/colibri.png","contentUrl":"https:\/\/dev.colibri-jewels.eu\/wp-content\/uploads\/2021\/03\/colibri.png","width":227,"height":130,"caption":"O\u00dc Colibri"},"image":{"@id":"https:\/\/colibri-jewels.eu\/et\/#\/schema\/logo\/image\/"},"sameAs":["https:\/\/www.facebook.com\/colibri.jewels","https:\/\/www.instagram.com\/colibri.jewels","https:\/\/www.tiktok.com\/colibri.jewels"]}]}},"_links":{"self":[{"href":"https:\/\/colibri-jewels.eu\/et\/wp-json\/wp\/v2\/product\/28335","targetHints":{"allow":["GET"]}}],"collection":[{"href":"https:\/\/colibri-jewels.eu\/et\/wp-json\/wp\/v2\/product"}],"about":[{"href":"https:\/\/colibri-jewels.eu\/et\/wp-json\/wp\/v2\/types\/product"}],"replies":[{"embeddable":true,"href":"https:\/\/colibri-jewels.eu\/et\/wp-json\/wp\/v2\/comments?post=28335"}],"version-history":[{"count":0,"href":"https:\/\/colibri-jewels.eu\/et\/wp-json\/wp\/v2\/product\/28335\/revisions"}],"wp:featuredmedia":[{"embeddable":true,"href":"https:\/\/colibri-jewels.eu\/et\/wp-json\/wp\/v2\/media\/24931"}],"wp:attachment":[{"href":"https:\/\/colibri-jewels.eu\/et\/wp-json\/wp\/v2\/media?parent=28335"}],"wp:term":[{"taxonomy":"brand","embeddable":true,"href":"https:\/\/colibri-jewels.eu\/et\/wp-json\/wp\/v2\/etheme_brands?post=28335"},{"taxonomy":"product_brand","embeddable":true,"href":"https:\/\/colibri-jewels.eu\/et\/wp-json\/wp\/v2\/product_brand?post=28335"},{"taxonomy":"product_cat","embeddable":true,"href":"https:\/\/colibri-jewels.eu\/et\/wp-json\/wp\/v2\/product_cat?post=28335"},{"taxonomy":"product_tag","embeddable":true,"href":"https:\/\/colibri-jewels.eu\/et\/wp-json\/wp\/v2\/product_tag?post=28335"}],"curies":[{"name":"wp","href":"https:\/\/api.w.org\/{rel}","templated":true}]}}