{"id":28339,"date":"2022-05-18T21:56:13","date_gmt":"2022-05-18T18:56:13","guid":{"rendered":"https:\/\/dev.colibri-jewels.eu\/product\/hobedast-ja-emailist-ripats-armastusega-eestist-p-8137\/"},"modified":"2022-05-18T21:56:13","modified_gmt":"2022-05-18T18:56:13","slug":"hobe-ja-email-ripats-eestist-armastusega-p-8137","status":"publish","type":"product","link":"https:\/\/colibri-jewels.eu\/et\/toode\/hobe-ja-email-ripats-eestist-armastusega-p-8137\/","title":{"rendered":"H\u00f5bedast ja emailist ripats &#8220;Armastusega Eestist&#8221; P-8137"},"content":{"rendered":"<p>Eesti armsaim ja kaunim s\u00fcmboolne kollektsioon. K\u00f5ik on loodud armastusega selle riigi vastu. Iga t\u00fckk on ainulaadne, k\u00f5ik k\u00e4sitsi valmistatud. See p\u00e4\u00e4sukeseripats s\u00fcmboliseerib oma vabal maal rahulikus taevas lendavat vaba lindu. Valmistatud kolme emailv\u00e4rviga Eesti ametlikust s\u00fcmboolikast.<\/p>\n","protected":false},"excerpt":{"rendered":"<p>S\u00fcmboolne ripats p\u00e4\u00e4sukesega pilvedes. 3 emaili v\u00e4rvi.<\/p>\n","protected":false},"featured_media":24912,"comment_status":"open","ping_status":"closed","template":"","meta":[],"etheme_brands":[],"product_brand":[],"product_cat":[470],"product_tag":[475],"class_list":{"0":"post-28339","1":"product","2":"type-product","3":"status-publish","4":"has-post-thumbnail","6":"product_cat-kaelakeed-ja-ripatsid","7":"product_tag-eesti-sumbolid","9":"first","10":"instock","11":"shipping-taxable","12":"purchasable","13":"product-type-simple"},"acf":[],"yoast_head":"<!-- This site is optimized with the Yoast SEO Premium plugin v26.5 (Yoast SEO v26.8) - https:\/\/yoast.com\/product\/yoast-seo-premium-wordpress\/ -->\n<title>H\u00f5bedast ja emailist ripats &quot;Armastusega Eestist&quot; P-8137 - Colibri jewels<\/title>\n<meta name=\"description\" content=\"Eesti armsaim ja kaunim s\u00fcmboolne kollektsioon. K\u00f5ik on loodud armastusega selle riigi vastu. Iga t\u00fckk on ainulaadne, k\u00f5ik k\u00e4sitsi valmistatud. See p\u00e4\u00e4sukeseripats s\u00fcmboliseerib oma vabal maal rahulikus taevas lendavat vaba lindu. Valmistatud kolme emailv\u00e4rviga Eesti ametlikust s\u00fcmboolikast.\" \/>\n<meta name=\"robots\" content=\"index, follow, max-snippet:-1, max-image-preview:large, max-video-preview:-1\" \/>\n<link rel=\"canonical\" href=\"https:\/\/colibri-jewels.eu\/et\/toode\/hobe-ja-email-ripats-eestist-armastusega-p-8137\/\" \/>\n<meta property=\"og:locale\" content=\"et_EE\" \/>\n<meta property=\"og:type\" content=\"article\" \/>\n<meta property=\"og:title\" content=\"H\u00f5bedast ja emailist ripats &quot;Armastusega Eestist&quot; P-8137\" \/>\n<meta property=\"og:description\" content=\"Eesti armsaim ja kaunim s\u00fcmboolne kollektsioon. K\u00f5ik on loodud armastusega selle riigi vastu. Iga t\u00fckk on ainulaadne, k\u00f5ik k\u00e4sitsi valmistatud. See p\u00e4\u00e4sukeseripats s\u00fcmboliseerib oma vabal maal rahulikus taevas lendavat vaba lindu. Valmistatud kolme emailv\u00e4rviga Eesti ametlikust s\u00fcmboolikast.\" \/>\n<meta property=\"og:url\" content=\"https:\/\/colibri-jewels.eu\/et\/toode\/hobe-ja-email-ripats-eestist-armastusega-p-8137\/\" \/>\n<meta property=\"og:site_name\" content=\"Colibri jewels\" \/>\n<meta property=\"article:publisher\" content=\"https:\/\/www.facebook.com\/colibri.jewels\" \/>\n<meta property=\"og:image\" content=\"https:\/\/colibri-jewels.eu\/wp-content\/uploads\/2022\/05\/P-8137web.jpg\" \/>\n\t<meta property=\"og:image:width\" content=\"1000\" \/>\n\t<meta property=\"og:image:height\" content=\"1000\" \/>\n\t<meta property=\"og:image:type\" content=\"image\/jpeg\" \/>\n<meta name=\"twitter:card\" content=\"summary_large_image\" \/>\n<script type=\"application\/ld+json\" class=\"yoast-schema-graph\">{\"@context\":\"https:\/\/schema.org\",\"@graph\":[{\"@type\":\"WebPage\",\"@id\":\"https:\/\/colibri-jewels.eu\/et\/toode\/hobe-ja-email-ripats-eestist-armastusega-p-8137\/\",\"url\":\"https:\/\/colibri-jewels.eu\/et\/toode\/hobe-ja-email-ripats-eestist-armastusega-p-8137\/\",\"name\":\"H\u00f5bedast ja emailist ripats \\\"Armastusega Eestist\\\" P-8137 - Colibri jewels\",\"isPartOf\":{\"@id\":\"https:\/\/colibri-jewels.eu\/et\/#website\"},\"primaryImageOfPage\":{\"@id\":\"https:\/\/colibri-jewels.eu\/et\/toode\/hobe-ja-email-ripats-eestist-armastusega-p-8137\/#primaryimage\"},\"image\":{\"@id\":\"https:\/\/colibri-jewels.eu\/et\/toode\/hobe-ja-email-ripats-eestist-armastusega-p-8137\/#primaryimage\"},\"thumbnailUrl\":\"https:\/\/colibri-jewels.eu\/wp-content\/uploads\/2022\/05\/P-8137web.jpg\",\"datePublished\":\"2022-05-18T18:56:13+00:00\",\"description\":\"Eesti armsaim ja kaunim s\u00fcmboolne kollektsioon. K\u00f5ik on loodud armastusega selle riigi vastu. Iga t\u00fckk on ainulaadne, k\u00f5ik k\u00e4sitsi valmistatud. See p\u00e4\u00e4sukeseripats s\u00fcmboliseerib oma vabal maal rahulikus taevas lendavat vaba lindu. Valmistatud kolme emailv\u00e4rviga Eesti ametlikust s\u00fcmboolikast.\",\"breadcrumb\":{\"@id\":\"https:\/\/colibri-jewels.eu\/et\/toode\/hobe-ja-email-ripats-eestist-armastusega-p-8137\/#breadcrumb\"},\"inLanguage\":\"et\",\"potentialAction\":[{\"@type\":\"ReadAction\",\"target\":[\"https:\/\/colibri-jewels.eu\/et\/toode\/hobe-ja-email-ripats-eestist-armastusega-p-8137\/\"]}]},{\"@type\":\"ImageObject\",\"inLanguage\":\"et\",\"@id\":\"https:\/\/colibri-jewels.eu\/et\/toode\/hobe-ja-email-ripats-eestist-armastusega-p-8137\/#primaryimage\",\"url\":\"https:\/\/colibri-jewels.eu\/wp-content\/uploads\/2022\/05\/P-8137web.jpg\",\"contentUrl\":\"https:\/\/colibri-jewels.eu\/wp-content\/uploads\/2022\/05\/P-8137web.jpg\",\"width\":1000,\"height\":1000},{\"@type\":\"BreadcrumbList\",\"@id\":\"https:\/\/colibri-jewels.eu\/et\/toode\/hobe-ja-email-ripats-eestist-armastusega-p-8137\/#breadcrumb\",\"itemListElement\":[{\"@type\":\"ListItem\",\"position\":1,\"name\":\"\u0413\u043b\u0430\u0432\u043d\u0430\u044f \u0441\u0442\u0440\u0430\u043d\u0438\u0446\u0430\",\"item\":\"https:\/\/colibri-jewels.eu\/et\/\"},{\"@type\":\"ListItem\",\"position\":2,\"name\":\"Pood\",\"item\":\"https:\/\/colibri-jewels.eu\/et\/pood\/\"},{\"@type\":\"ListItem\",\"position\":3,\"name\":\"H\u00f5bedast ja emailist ripats &#8220;Armastusega Eestist&#8221; P-8137\"}]},{\"@type\":\"WebSite\",\"@id\":\"https:\/\/colibri-jewels.eu\/et\/#website\",\"url\":\"https:\/\/colibri-jewels.eu\/et\/\",\"name\":\"Colibri jewels\",\"description\":\"jewelry shop\",\"publisher\":{\"@id\":\"https:\/\/colibri-jewels.eu\/et\/#organization\"},\"potentialAction\":[{\"@type\":\"SearchAction\",\"target\":{\"@type\":\"EntryPoint\",\"urlTemplate\":\"https:\/\/colibri-jewels.eu\/et\/?s={search_term_string}\"},\"query-input\":{\"@type\":\"PropertyValueSpecification\",\"valueRequired\":true,\"valueName\":\"search_term_string\"}}],\"inLanguage\":\"et\"},{\"@type\":\"Organization\",\"@id\":\"https:\/\/colibri-jewels.eu\/et\/#organization\",\"name\":\"O\u00dc Colibri\",\"url\":\"https:\/\/colibri-jewels.eu\/et\/\",\"logo\":{\"@type\":\"ImageObject\",\"inLanguage\":\"et\",\"@id\":\"https:\/\/colibri-jewels.eu\/et\/#\/schema\/logo\/image\/\",\"url\":\"https:\/\/dev.colibri-jewels.eu\/wp-content\/uploads\/2021\/03\/colibri.png\",\"contentUrl\":\"https:\/\/dev.colibri-jewels.eu\/wp-content\/uploads\/2021\/03\/colibri.png\",\"width\":227,\"height\":130,\"caption\":\"O\u00dc Colibri\"},\"image\":{\"@id\":\"https:\/\/colibri-jewels.eu\/et\/#\/schema\/logo\/image\/\"},\"sameAs\":[\"https:\/\/www.facebook.com\/colibri.jewels\",\"https:\/\/www.instagram.com\/colibri.jewels\",\"https:\/\/www.tiktok.com\/colibri.jewels\"]}]}<\/script>\n<!-- \/ Yoast SEO Premium plugin. -->","yoast_head_json":{"title":"H\u00f5bedast ja emailist ripats \"Armastusega Eestist\" P-8137 - Colibri jewels","description":"Eesti armsaim ja kaunim s\u00fcmboolne kollektsioon. K\u00f5ik on loodud armastusega selle riigi vastu. Iga t\u00fckk on ainulaadne, k\u00f5ik k\u00e4sitsi valmistatud. See p\u00e4\u00e4sukeseripats s\u00fcmboliseerib oma vabal maal rahulikus taevas lendavat vaba lindu. Valmistatud kolme emailv\u00e4rviga Eesti ametlikust s\u00fcmboolikast.","robots":{"index":"index","follow":"follow","max-snippet":"max-snippet:-1","max-image-preview":"max-image-preview:large","max-video-preview":"max-video-preview:-1"},"canonical":"https:\/\/colibri-jewels.eu\/et\/toode\/hobe-ja-email-ripats-eestist-armastusega-p-8137\/","og_locale":"et_EE","og_type":"article","og_title":"H\u00f5bedast ja emailist ripats \"Armastusega Eestist\" P-8137","og_description":"Eesti armsaim ja kaunim s\u00fcmboolne kollektsioon. K\u00f5ik on loodud armastusega selle riigi vastu. Iga t\u00fckk on ainulaadne, k\u00f5ik k\u00e4sitsi valmistatud. See p\u00e4\u00e4sukeseripats s\u00fcmboliseerib oma vabal maal rahulikus taevas lendavat vaba lindu. Valmistatud kolme emailv\u00e4rviga Eesti ametlikust s\u00fcmboolikast.","og_url":"https:\/\/colibri-jewels.eu\/et\/toode\/hobe-ja-email-ripats-eestist-armastusega-p-8137\/","og_site_name":"Colibri jewels","article_publisher":"https:\/\/www.facebook.com\/colibri.jewels","og_image":[{"width":1000,"height":1000,"url":"https:\/\/colibri-jewels.eu\/wp-content\/uploads\/2022\/05\/P-8137web.jpg","type":"image\/jpeg"}],"twitter_card":"summary_large_image","schema":{"@context":"https:\/\/schema.org","@graph":[{"@type":"WebPage","@id":"https:\/\/colibri-jewels.eu\/et\/toode\/hobe-ja-email-ripats-eestist-armastusega-p-8137\/","url":"https:\/\/colibri-jewels.eu\/et\/toode\/hobe-ja-email-ripats-eestist-armastusega-p-8137\/","name":"H\u00f5bedast ja emailist ripats \"Armastusega Eestist\" P-8137 - Colibri jewels","isPartOf":{"@id":"https:\/\/colibri-jewels.eu\/et\/#website"},"primaryImageOfPage":{"@id":"https:\/\/colibri-jewels.eu\/et\/toode\/hobe-ja-email-ripats-eestist-armastusega-p-8137\/#primaryimage"},"image":{"@id":"https:\/\/colibri-jewels.eu\/et\/toode\/hobe-ja-email-ripats-eestist-armastusega-p-8137\/#primaryimage"},"thumbnailUrl":"https:\/\/colibri-jewels.eu\/wp-content\/uploads\/2022\/05\/P-8137web.jpg","datePublished":"2022-05-18T18:56:13+00:00","description":"Eesti armsaim ja kaunim s\u00fcmboolne kollektsioon. K\u00f5ik on loodud armastusega selle riigi vastu. Iga t\u00fckk on ainulaadne, k\u00f5ik k\u00e4sitsi valmistatud. See p\u00e4\u00e4sukeseripats s\u00fcmboliseerib oma vabal maal rahulikus taevas lendavat vaba lindu. Valmistatud kolme emailv\u00e4rviga Eesti ametlikust s\u00fcmboolikast.","breadcrumb":{"@id":"https:\/\/colibri-jewels.eu\/et\/toode\/hobe-ja-email-ripats-eestist-armastusega-p-8137\/#breadcrumb"},"inLanguage":"et","potentialAction":[{"@type":"ReadAction","target":["https:\/\/colibri-jewels.eu\/et\/toode\/hobe-ja-email-ripats-eestist-armastusega-p-8137\/"]}]},{"@type":"ImageObject","inLanguage":"et","@id":"https:\/\/colibri-jewels.eu\/et\/toode\/hobe-ja-email-ripats-eestist-armastusega-p-8137\/#primaryimage","url":"https:\/\/colibri-jewels.eu\/wp-content\/uploads\/2022\/05\/P-8137web.jpg","contentUrl":"https:\/\/colibri-jewels.eu\/wp-content\/uploads\/2022\/05\/P-8137web.jpg","width":1000,"height":1000},{"@type":"BreadcrumbList","@id":"https:\/\/colibri-jewels.eu\/et\/toode\/hobe-ja-email-ripats-eestist-armastusega-p-8137\/#breadcrumb","itemListElement":[{"@type":"ListItem","position":1,"name":"\u0413\u043b\u0430\u0432\u043d\u0430\u044f \u0441\u0442\u0440\u0430\u043d\u0438\u0446\u0430","item":"https:\/\/colibri-jewels.eu\/et\/"},{"@type":"ListItem","position":2,"name":"Pood","item":"https:\/\/colibri-jewels.eu\/et\/pood\/"},{"@type":"ListItem","position":3,"name":"H\u00f5bedast ja emailist ripats &#8220;Armastusega Eestist&#8221; P-8137"}]},{"@type":"WebSite","@id":"https:\/\/colibri-jewels.eu\/et\/#website","url":"https:\/\/colibri-jewels.eu\/et\/","name":"Colibri jewels","description":"jewelry shop","publisher":{"@id":"https:\/\/colibri-jewels.eu\/et\/#organization"},"potentialAction":[{"@type":"SearchAction","target":{"@type":"EntryPoint","urlTemplate":"https:\/\/colibri-jewels.eu\/et\/?s={search_term_string}"},"query-input":{"@type":"PropertyValueSpecification","valueRequired":true,"valueName":"search_term_string"}}],"inLanguage":"et"},{"@type":"Organization","@id":"https:\/\/colibri-jewels.eu\/et\/#organization","name":"O\u00dc Colibri","url":"https:\/\/colibri-jewels.eu\/et\/","logo":{"@type":"ImageObject","inLanguage":"et","@id":"https:\/\/colibri-jewels.eu\/et\/#\/schema\/logo\/image\/","url":"https:\/\/dev.colibri-jewels.eu\/wp-content\/uploads\/2021\/03\/colibri.png","contentUrl":"https:\/\/dev.colibri-jewels.eu\/wp-content\/uploads\/2021\/03\/colibri.png","width":227,"height":130,"caption":"O\u00dc Colibri"},"image":{"@id":"https:\/\/colibri-jewels.eu\/et\/#\/schema\/logo\/image\/"},"sameAs":["https:\/\/www.facebook.com\/colibri.jewels","https:\/\/www.instagram.com\/colibri.jewels","https:\/\/www.tiktok.com\/colibri.jewels"]}]}},"_links":{"self":[{"href":"https:\/\/colibri-jewels.eu\/et\/wp-json\/wp\/v2\/product\/28339","targetHints":{"allow":["GET"]}}],"collection":[{"href":"https:\/\/colibri-jewels.eu\/et\/wp-json\/wp\/v2\/product"}],"about":[{"href":"https:\/\/colibri-jewels.eu\/et\/wp-json\/wp\/v2\/types\/product"}],"replies":[{"embeddable":true,"href":"https:\/\/colibri-jewels.eu\/et\/wp-json\/wp\/v2\/comments?post=28339"}],"version-history":[{"count":0,"href":"https:\/\/colibri-jewels.eu\/et\/wp-json\/wp\/v2\/product\/28339\/revisions"}],"wp:featuredmedia":[{"embeddable":true,"href":"https:\/\/colibri-jewels.eu\/et\/wp-json\/wp\/v2\/media\/24912"}],"wp:attachment":[{"href":"https:\/\/colibri-jewels.eu\/et\/wp-json\/wp\/v2\/media?parent=28339"}],"wp:term":[{"taxonomy":"brand","embeddable":true,"href":"https:\/\/colibri-jewels.eu\/et\/wp-json\/wp\/v2\/etheme_brands?post=28339"},{"taxonomy":"product_brand","embeddable":true,"href":"https:\/\/colibri-jewels.eu\/et\/wp-json\/wp\/v2\/product_brand?post=28339"},{"taxonomy":"product_cat","embeddable":true,"href":"https:\/\/colibri-jewels.eu\/et\/wp-json\/wp\/v2\/product_cat?post=28339"},{"taxonomy":"product_tag","embeddable":true,"href":"https:\/\/colibri-jewels.eu\/et\/wp-json\/wp\/v2\/product_tag?post=28339"}],"curies":[{"name":"wp","href":"https:\/\/api.w.org\/{rel}","templated":true}]}}