{"id":28360,"date":"2022-05-16T21:26:19","date_gmt":"2022-05-16T18:26:19","guid":{"rendered":"https:\/\/dev.colibri-jewels.eu\/product\/luksuslik-hobedane-unicorn-ripats-p-7828\/"},"modified":"2022-05-16T21:26:19","modified_gmt":"2022-05-16T18:26:19","slug":"luksus-hobe-ukssarvik-ripats-p-7828","status":"publish","type":"product","link":"https:\/\/colibri-jewels.eu\/et\/toode\/luksus-hobe-ukssarvik-ripats-p-7828\/","title":{"rendered":"Luksuslik h\u00f5bedane Unicorn ripats P-7828"},"content":{"rendered":"<p>Luksuslik kahepoolne suur ripats Unicorniga Totem kollektsioonist.<\/p>\n<p>\u00dckssarvik on v\u00f5imas, tulihingeline ja \u00fcllas loom. Selles ei ole liigset alandlikkust, koketeerimist ega piiramatut aktsepteerimist k\u00f5igi ja k\u00f5igega. Vaimsete loomade kuningriigis on \u00dckssarvik t\u00f5e ja korra, j\u00f5u, p\u00fchaduse, hea tervise ja \u00f5igluse, jumaliku halastuse ja puhtuse s\u00fcmbol.<br \/>\n\u00dckssarvik on totem, mis annab sulle v\u00f5ime n\u00e4ha t\u00f5de, annab j\u00f5udu ja teadmisi selle kaitsmiseks ja maailma toomiseks. Tema poole saab ja tulebki kriisihetkedel p\u00f6\u00f6rduda, \u00dckssarvik on see loomalik j\u00f5ud, mis p\u00fchib minema takistused ja mida ei saa alistada ega ohjeldada.<\/p>\n<p>Tema v\u00f5imuses on t\u00f5sta teid teadlikkuse tasemele, mis v\u00f5imaldab teil saada teavet tee ja saatuse kohta.<\/p>\n","protected":false},"excerpt":{"rendered":"<p>Luksuslik kahepoolne suur ripats Unicorniga Totem kollektsioonist.<\/p>\n","protected":false},"featured_media":24658,"comment_status":"open","ping_status":"closed","template":"","meta":[],"etheme_brands":[],"product_brand":[],"product_cat":[470],"product_tag":[503],"class_list":{"0":"post-28360","1":"product","2":"type-product","3":"status-publish","4":"has-post-thumbnail","6":"product_cat-kaelakeed-ja-ripatsid","7":"product_tag-loomalik","9":"first","10":"instock","11":"shipping-taxable","12":"purchasable","13":"product-type-simple"},"acf":[],"yoast_head":"<!-- This site is optimized with the Yoast SEO Premium plugin v26.5 (Yoast SEO v26.8) - https:\/\/yoast.com\/product\/yoast-seo-premium-wordpress\/ -->\n<title>Luksuslik h\u00f5bedane Unicorn ripats P-7828 - Colibri jewels<\/title>\n<meta name=\"robots\" content=\"index, follow, max-snippet:-1, max-image-preview:large, max-video-preview:-1\" \/>\n<link rel=\"canonical\" href=\"https:\/\/colibri-jewels.eu\/et\/toode\/luksus-hobe-ukssarvik-ripats-p-7828\/\" \/>\n<meta property=\"og:locale\" content=\"et_EE\" \/>\n<meta property=\"og:type\" content=\"article\" \/>\n<meta property=\"og:title\" content=\"Luksuslik h\u00f5bedane Unicorn ripats P-7828\" \/>\n<meta property=\"og:description\" content=\"Luksuslik kahepoolne suur ripats Unicorniga Totem kollektsioonist.\" \/>\n<meta property=\"og:url\" content=\"https:\/\/colibri-jewels.eu\/et\/toode\/luksus-hobe-ukssarvik-ripats-p-7828\/\" \/>\n<meta property=\"og:site_name\" content=\"Colibri jewels\" \/>\n<meta property=\"article:publisher\" content=\"https:\/\/www.facebook.com\/colibri.jewels\" \/>\n<meta property=\"og:image\" content=\"https:\/\/colibri-jewels.eu\/wp-content\/uploads\/2022\/05\/PCz-7828web.jpg\" \/>\n\t<meta property=\"og:image:width\" content=\"1000\" \/>\n\t<meta property=\"og:image:height\" content=\"1000\" \/>\n\t<meta property=\"og:image:type\" content=\"image\/jpeg\" \/>\n<meta name=\"twitter:card\" content=\"summary_large_image\" \/>\n<meta name=\"twitter:label1\" content=\"Est. reading time\" \/>\n\t<meta name=\"twitter:data1\" content=\"1 minut\" \/>\n<script type=\"application\/ld+json\" class=\"yoast-schema-graph\">{\"@context\":\"https:\/\/schema.org\",\"@graph\":[{\"@type\":\"WebPage\",\"@id\":\"https:\/\/colibri-jewels.eu\/et\/toode\/luksus-hobe-ukssarvik-ripats-p-7828\/\",\"url\":\"https:\/\/colibri-jewels.eu\/et\/toode\/luksus-hobe-ukssarvik-ripats-p-7828\/\",\"name\":\"Luksuslik h\u00f5bedane Unicorn ripats P-7828 - Colibri jewels\",\"isPartOf\":{\"@id\":\"https:\/\/colibri-jewels.eu\/et\/#website\"},\"primaryImageOfPage\":{\"@id\":\"https:\/\/colibri-jewels.eu\/et\/toode\/luksus-hobe-ukssarvik-ripats-p-7828\/#primaryimage\"},\"image\":{\"@id\":\"https:\/\/colibri-jewels.eu\/et\/toode\/luksus-hobe-ukssarvik-ripats-p-7828\/#primaryimage\"},\"thumbnailUrl\":\"https:\/\/colibri-jewels.eu\/wp-content\/uploads\/2022\/05\/PCz-7828web.jpg\",\"datePublished\":\"2022-05-16T18:26:19+00:00\",\"breadcrumb\":{\"@id\":\"https:\/\/colibri-jewels.eu\/et\/toode\/luksus-hobe-ukssarvik-ripats-p-7828\/#breadcrumb\"},\"inLanguage\":\"et\",\"potentialAction\":[{\"@type\":\"ReadAction\",\"target\":[\"https:\/\/colibri-jewels.eu\/et\/toode\/luksus-hobe-ukssarvik-ripats-p-7828\/\"]}]},{\"@type\":\"ImageObject\",\"inLanguage\":\"et\",\"@id\":\"https:\/\/colibri-jewels.eu\/et\/toode\/luksus-hobe-ukssarvik-ripats-p-7828\/#primaryimage\",\"url\":\"https:\/\/colibri-jewels.eu\/wp-content\/uploads\/2022\/05\/PCz-7828web.jpg\",\"contentUrl\":\"https:\/\/colibri-jewels.eu\/wp-content\/uploads\/2022\/05\/PCz-7828web.jpg\",\"width\":1000,\"height\":1000},{\"@type\":\"BreadcrumbList\",\"@id\":\"https:\/\/colibri-jewels.eu\/et\/toode\/luksus-hobe-ukssarvik-ripats-p-7828\/#breadcrumb\",\"itemListElement\":[{\"@type\":\"ListItem\",\"position\":1,\"name\":\"\u0413\u043b\u0430\u0432\u043d\u0430\u044f \u0441\u0442\u0440\u0430\u043d\u0438\u0446\u0430\",\"item\":\"https:\/\/colibri-jewels.eu\/et\/\"},{\"@type\":\"ListItem\",\"position\":2,\"name\":\"Pood\",\"item\":\"https:\/\/colibri-jewels.eu\/et\/pood\/\"},{\"@type\":\"ListItem\",\"position\":3,\"name\":\"Luksuslik h\u00f5bedane Unicorn ripats P-7828\"}]},{\"@type\":\"WebSite\",\"@id\":\"https:\/\/colibri-jewels.eu\/et\/#website\",\"url\":\"https:\/\/colibri-jewels.eu\/et\/\",\"name\":\"Colibri jewels\",\"description\":\"jewelry shop\",\"publisher\":{\"@id\":\"https:\/\/colibri-jewels.eu\/et\/#organization\"},\"potentialAction\":[{\"@type\":\"SearchAction\",\"target\":{\"@type\":\"EntryPoint\",\"urlTemplate\":\"https:\/\/colibri-jewels.eu\/et\/?s={search_term_string}\"},\"query-input\":{\"@type\":\"PropertyValueSpecification\",\"valueRequired\":true,\"valueName\":\"search_term_string\"}}],\"inLanguage\":\"et\"},{\"@type\":\"Organization\",\"@id\":\"https:\/\/colibri-jewels.eu\/et\/#organization\",\"name\":\"O\u00dc Colibri\",\"url\":\"https:\/\/colibri-jewels.eu\/et\/\",\"logo\":{\"@type\":\"ImageObject\",\"inLanguage\":\"et\",\"@id\":\"https:\/\/colibri-jewels.eu\/et\/#\/schema\/logo\/image\/\",\"url\":\"https:\/\/dev.colibri-jewels.eu\/wp-content\/uploads\/2021\/03\/colibri.png\",\"contentUrl\":\"https:\/\/dev.colibri-jewels.eu\/wp-content\/uploads\/2021\/03\/colibri.png\",\"width\":227,\"height\":130,\"caption\":\"O\u00dc Colibri\"},\"image\":{\"@id\":\"https:\/\/colibri-jewels.eu\/et\/#\/schema\/logo\/image\/\"},\"sameAs\":[\"https:\/\/www.facebook.com\/colibri.jewels\",\"https:\/\/www.instagram.com\/colibri.jewels\",\"https:\/\/www.tiktok.com\/colibri.jewels\"]}]}<\/script>\n<!-- \/ Yoast SEO Premium plugin. -->","yoast_head_json":{"title":"Luksuslik h\u00f5bedane Unicorn ripats P-7828 - Colibri jewels","robots":{"index":"index","follow":"follow","max-snippet":"max-snippet:-1","max-image-preview":"max-image-preview:large","max-video-preview":"max-video-preview:-1"},"canonical":"https:\/\/colibri-jewels.eu\/et\/toode\/luksus-hobe-ukssarvik-ripats-p-7828\/","og_locale":"et_EE","og_type":"article","og_title":"Luksuslik h\u00f5bedane Unicorn ripats P-7828","og_description":"Luksuslik kahepoolne suur ripats Unicorniga Totem kollektsioonist.","og_url":"https:\/\/colibri-jewels.eu\/et\/toode\/luksus-hobe-ukssarvik-ripats-p-7828\/","og_site_name":"Colibri jewels","article_publisher":"https:\/\/www.facebook.com\/colibri.jewels","og_image":[{"width":1000,"height":1000,"url":"https:\/\/colibri-jewels.eu\/wp-content\/uploads\/2022\/05\/PCz-7828web.jpg","type":"image\/jpeg"}],"twitter_card":"summary_large_image","twitter_misc":{"Est. reading time":"1 minut"},"schema":{"@context":"https:\/\/schema.org","@graph":[{"@type":"WebPage","@id":"https:\/\/colibri-jewels.eu\/et\/toode\/luksus-hobe-ukssarvik-ripats-p-7828\/","url":"https:\/\/colibri-jewels.eu\/et\/toode\/luksus-hobe-ukssarvik-ripats-p-7828\/","name":"Luksuslik h\u00f5bedane Unicorn ripats P-7828 - Colibri jewels","isPartOf":{"@id":"https:\/\/colibri-jewels.eu\/et\/#website"},"primaryImageOfPage":{"@id":"https:\/\/colibri-jewels.eu\/et\/toode\/luksus-hobe-ukssarvik-ripats-p-7828\/#primaryimage"},"image":{"@id":"https:\/\/colibri-jewels.eu\/et\/toode\/luksus-hobe-ukssarvik-ripats-p-7828\/#primaryimage"},"thumbnailUrl":"https:\/\/colibri-jewels.eu\/wp-content\/uploads\/2022\/05\/PCz-7828web.jpg","datePublished":"2022-05-16T18:26:19+00:00","breadcrumb":{"@id":"https:\/\/colibri-jewels.eu\/et\/toode\/luksus-hobe-ukssarvik-ripats-p-7828\/#breadcrumb"},"inLanguage":"et","potentialAction":[{"@type":"ReadAction","target":["https:\/\/colibri-jewels.eu\/et\/toode\/luksus-hobe-ukssarvik-ripats-p-7828\/"]}]},{"@type":"ImageObject","inLanguage":"et","@id":"https:\/\/colibri-jewels.eu\/et\/toode\/luksus-hobe-ukssarvik-ripats-p-7828\/#primaryimage","url":"https:\/\/colibri-jewels.eu\/wp-content\/uploads\/2022\/05\/PCz-7828web.jpg","contentUrl":"https:\/\/colibri-jewels.eu\/wp-content\/uploads\/2022\/05\/PCz-7828web.jpg","width":1000,"height":1000},{"@type":"BreadcrumbList","@id":"https:\/\/colibri-jewels.eu\/et\/toode\/luksus-hobe-ukssarvik-ripats-p-7828\/#breadcrumb","itemListElement":[{"@type":"ListItem","position":1,"name":"\u0413\u043b\u0430\u0432\u043d\u0430\u044f \u0441\u0442\u0440\u0430\u043d\u0438\u0446\u0430","item":"https:\/\/colibri-jewels.eu\/et\/"},{"@type":"ListItem","position":2,"name":"Pood","item":"https:\/\/colibri-jewels.eu\/et\/pood\/"},{"@type":"ListItem","position":3,"name":"Luksuslik h\u00f5bedane Unicorn ripats P-7828"}]},{"@type":"WebSite","@id":"https:\/\/colibri-jewels.eu\/et\/#website","url":"https:\/\/colibri-jewels.eu\/et\/","name":"Colibri jewels","description":"jewelry shop","publisher":{"@id":"https:\/\/colibri-jewels.eu\/et\/#organization"},"potentialAction":[{"@type":"SearchAction","target":{"@type":"EntryPoint","urlTemplate":"https:\/\/colibri-jewels.eu\/et\/?s={search_term_string}"},"query-input":{"@type":"PropertyValueSpecification","valueRequired":true,"valueName":"search_term_string"}}],"inLanguage":"et"},{"@type":"Organization","@id":"https:\/\/colibri-jewels.eu\/et\/#organization","name":"O\u00dc Colibri","url":"https:\/\/colibri-jewels.eu\/et\/","logo":{"@type":"ImageObject","inLanguage":"et","@id":"https:\/\/colibri-jewels.eu\/et\/#\/schema\/logo\/image\/","url":"https:\/\/dev.colibri-jewels.eu\/wp-content\/uploads\/2021\/03\/colibri.png","contentUrl":"https:\/\/dev.colibri-jewels.eu\/wp-content\/uploads\/2021\/03\/colibri.png","width":227,"height":130,"caption":"O\u00dc Colibri"},"image":{"@id":"https:\/\/colibri-jewels.eu\/et\/#\/schema\/logo\/image\/"},"sameAs":["https:\/\/www.facebook.com\/colibri.jewels","https:\/\/www.instagram.com\/colibri.jewels","https:\/\/www.tiktok.com\/colibri.jewels"]}]}},"_links":{"self":[{"href":"https:\/\/colibri-jewels.eu\/et\/wp-json\/wp\/v2\/product\/28360","targetHints":{"allow":["GET"]}}],"collection":[{"href":"https:\/\/colibri-jewels.eu\/et\/wp-json\/wp\/v2\/product"}],"about":[{"href":"https:\/\/colibri-jewels.eu\/et\/wp-json\/wp\/v2\/types\/product"}],"replies":[{"embeddable":true,"href":"https:\/\/colibri-jewels.eu\/et\/wp-json\/wp\/v2\/comments?post=28360"}],"version-history":[{"count":0,"href":"https:\/\/colibri-jewels.eu\/et\/wp-json\/wp\/v2\/product\/28360\/revisions"}],"wp:featuredmedia":[{"embeddable":true,"href":"https:\/\/colibri-jewels.eu\/et\/wp-json\/wp\/v2\/media\/24658"}],"wp:attachment":[{"href":"https:\/\/colibri-jewels.eu\/et\/wp-json\/wp\/v2\/media?parent=28360"}],"wp:term":[{"taxonomy":"brand","embeddable":true,"href":"https:\/\/colibri-jewels.eu\/et\/wp-json\/wp\/v2\/etheme_brands?post=28360"},{"taxonomy":"product_brand","embeddable":true,"href":"https:\/\/colibri-jewels.eu\/et\/wp-json\/wp\/v2\/product_brand?post=28360"},{"taxonomy":"product_cat","embeddable":true,"href":"https:\/\/colibri-jewels.eu\/et\/wp-json\/wp\/v2\/product_cat?post=28360"},{"taxonomy":"product_tag","embeddable":true,"href":"https:\/\/colibri-jewels.eu\/et\/wp-json\/wp\/v2\/product_tag?post=28360"}],"curies":[{"name":"wp","href":"https:\/\/api.w.org\/{rel}","templated":true}]}}