{"id":28362,"date":"2024-04-04T13:50:18","date_gmt":"2024-04-04T10:50:18","guid":{"rendered":"https:\/\/dev.colibri-jewels.eu\/product\/hobedane-estonia-kolmevarviline-ripats-paasukesega-p-7994\/"},"modified":"2024-04-04T14:28:31","modified_gmt":"2024-04-04T11:28:31","slug":"hobe-eesti-kolmevarvi-ripats-paasukesega-p-7994","status":"publish","type":"product","link":"https:\/\/colibri-jewels.eu\/et\/toode\/hobe-eesti-kolmevarvi-ripats-paasukesega-p-7994\/","title":{"rendered":"H\u00f5bedane Estonia kolmev\u00e4rviline ripats p\u00e4\u00e4sukesega P-7994"},"content":{"rendered":"<div class=\"w-full text-token-text-primary\" data-testid=\"conversation-turn-3\">\n<div class=\"px-4 py-2 justify-center text-base md:gap-6 m-auto\">\n<div class=\"flex flex-1 text-base mx-auto gap-3 md:px-5 lg:px-1 xl:px-5 md:max-w-3xl lg:max-w-[40rem] xl:max-w-[48rem] group final-completion\">\n<div class=\"relative flex w-full flex-col agent-turn\">\n<div class=\"flex-col gap-1 md:gap-3\">\n<div class=\"flex flex-grow flex-col max-w-full\">\n<div class=\"min-h-[20px] text-message flex flex-col items-start gap-3 whitespace-pre-wrap break-words [.text-message+&amp;]:mt-5 overflow-x-auto\" data-message-author-role=\"assistant\" data-message-id=\"96f1e0d0-660a-4b13-a7f6-5a6f8775dff7\">\n<div class=\"markdown prose w-full break-words dark:prose-invert light\">\n<p>Avastage Eesti p\u00e4randi olemus meie suurep\u00e4rase h\u00f5beripatsiga, mis on austusavaldus rahva rikkalikule s\u00fcmboolikale. T\u00e4pselt valmistatud ripatsil on elegantne origami-stiilis p\u00e4\u00e4suke, kes t\u00f5useb graatsiliselt s\u00e4rava ringi sees, mida ehivad Eesti lipuv\u00e4rvides trapetsikujulised kristallid.<\/p>\n<p>Oleme selle linnu seadnud nii, et ta lendab k\u00f5rgel, taeva poole. Sest nad lendavad k\u00f5rgel ainult siis, kui taevas on sinine ja turvaline. Me k\u00f5ik tahame, et meie taevas oleks turvaline ja rahulik.<\/p>\n<p>Iga pilk tabab traditsiooni ja \u00fchtsuse vaimu, muutes selle ajatu teoseks, mida hellitada. Lisage oma stiili Eestimaine ja nautige kultuurilist v\u00f5lu meie Eesti s\u00fcmbolite kollektsiooni ripatsiga juba t\u00e4na.<\/p>\n<p>Puhas h\u00f5be, roodium kate. K\u00e4sitsi valmistatud.<\/p>\n<\/div>\n<\/div>\n<\/div>\n<\/div>\n<\/div>\n<\/div>\n<\/div>\n<\/div>\n","protected":false},"excerpt":{"rendered":"<p>Spetsiaalselt Eesti jaoks loodud rahvuss\u00fcmboliga ripats &#8211; p\u00e4\u00e4suke, mis on \u00fcmbritsetud Eesti v\u00e4rvidega.<\/p>\n<p>Puhas h\u00f5be. K\u00e4sitsi valmistatud.<\/p>\n","protected":false},"featured_media":24632,"comment_status":"open","ping_status":"closed","template":"","meta":[],"etheme_brands":[],"product_brand":[],"product_cat":[470],"product_tag":[475],"class_list":{"0":"post-28362","1":"product","2":"type-product","3":"status-publish","4":"has-post-thumbnail","6":"product_cat-kaelakeed-ja-ripatsid","7":"product_tag-eesti-sumbolid","9":"first","10":"instock","11":"shipping-taxable","12":"purchasable","13":"product-type-simple"},"acf":[],"yoast_head":"<!-- This site is optimized with the Yoast SEO Premium plugin v26.5 (Yoast SEO v26.8) - https:\/\/yoast.com\/product\/yoast-seo-premium-wordpress\/ -->\n<title>H\u00f5bedane Estonia kolmev\u00e4rviline ripats p\u00e4\u00e4sukesega P-7994 - Colibri jewels<\/title>\n<meta name=\"description\" content=\"H\u00f5bedast ripats, mida saad osta meie veebipoest, Eesti rahvuss\u00fcmboolika kollektsioonist. P\u00e4\u00e4suke valmistatud origami stiilis, \u00fcmbritsetud sini-must-valge kolmev\u00e4rviliste trapetsikujuliste kristallidega. K\u00e4sitsi valmistatud.\" \/>\n<meta name=\"robots\" content=\"index, follow, max-snippet:-1, max-image-preview:large, max-video-preview:-1\" \/>\n<link rel=\"canonical\" href=\"https:\/\/colibri-jewels.eu\/et\/toode\/hobe-eesti-kolmevarvi-ripats-paasukesega-p-7994\/\" \/>\n<meta property=\"og:locale\" content=\"et_EE\" \/>\n<meta property=\"og:type\" content=\"article\" \/>\n<meta property=\"og:title\" content=\"H\u00f5bedane Estonia kolmev\u00e4rviline ripats p\u00e4\u00e4sukesega P-7994\" \/>\n<meta property=\"og:description\" content=\"H\u00f5bedast ripats, mida saad osta meie veebipoest, Eesti rahvuss\u00fcmboolika kollektsioonist. P\u00e4\u00e4suke valmistatud origami stiilis, \u00fcmbritsetud sini-must-valge kolmev\u00e4rviliste trapetsikujuliste kristallidega. K\u00e4sitsi valmistatud.\" \/>\n<meta property=\"og:url\" content=\"https:\/\/colibri-jewels.eu\/et\/toode\/hobe-eesti-kolmevarvi-ripats-paasukesega-p-7994\/\" \/>\n<meta property=\"og:site_name\" content=\"Colibri jewels\" \/>\n<meta property=\"article:publisher\" content=\"https:\/\/www.facebook.com\/colibri.jewels\" \/>\n<meta property=\"article:modified_time\" content=\"2024-04-04T11:28:31+00:00\" \/>\n<meta property=\"og:image\" content=\"https:\/\/colibri-jewels.eu\/wp-content\/uploads\/2022\/05\/PCz-7994web.jpg\" \/>\n\t<meta property=\"og:image:width\" content=\"1000\" \/>\n\t<meta property=\"og:image:height\" content=\"1000\" \/>\n\t<meta property=\"og:image:type\" content=\"image\/jpeg\" \/>\n<meta name=\"twitter:card\" content=\"summary_large_image\" \/>\n<meta name=\"twitter:label1\" content=\"Est. reading time\" \/>\n\t<meta name=\"twitter:data1\" content=\"1 minut\" \/>\n<script type=\"application\/ld+json\" class=\"yoast-schema-graph\">{\"@context\":\"https:\/\/schema.org\",\"@graph\":[{\"@type\":\"WebPage\",\"@id\":\"https:\/\/colibri-jewels.eu\/et\/toode\/hobe-eesti-kolmevarvi-ripats-paasukesega-p-7994\/\",\"url\":\"https:\/\/colibri-jewels.eu\/et\/toode\/hobe-eesti-kolmevarvi-ripats-paasukesega-p-7994\/\",\"name\":\"H\u00f5bedane Estonia kolmev\u00e4rviline ripats p\u00e4\u00e4sukesega P-7994 - Colibri jewels\",\"isPartOf\":{\"@id\":\"https:\/\/colibri-jewels.eu\/et\/#website\"},\"primaryImageOfPage\":{\"@id\":\"https:\/\/colibri-jewels.eu\/et\/toode\/hobe-eesti-kolmevarvi-ripats-paasukesega-p-7994\/#primaryimage\"},\"image\":{\"@id\":\"https:\/\/colibri-jewels.eu\/et\/toode\/hobe-eesti-kolmevarvi-ripats-paasukesega-p-7994\/#primaryimage\"},\"thumbnailUrl\":\"https:\/\/colibri-jewels.eu\/wp-content\/uploads\/2022\/05\/PCz-7994web.jpg\",\"datePublished\":\"2024-04-04T10:50:18+00:00\",\"dateModified\":\"2024-04-04T11:28:31+00:00\",\"description\":\"H\u00f5bedast ripats, mida saad osta meie veebipoest, Eesti rahvuss\u00fcmboolika kollektsioonist. P\u00e4\u00e4suke valmistatud origami stiilis, \u00fcmbritsetud sini-must-valge kolmev\u00e4rviliste trapetsikujuliste kristallidega. K\u00e4sitsi valmistatud.\",\"breadcrumb\":{\"@id\":\"https:\/\/colibri-jewels.eu\/et\/toode\/hobe-eesti-kolmevarvi-ripats-paasukesega-p-7994\/#breadcrumb\"},\"inLanguage\":\"et\",\"potentialAction\":[{\"@type\":\"ReadAction\",\"target\":[\"https:\/\/colibri-jewels.eu\/et\/toode\/hobe-eesti-kolmevarvi-ripats-paasukesega-p-7994\/\"]}]},{\"@type\":\"ImageObject\",\"inLanguage\":\"et\",\"@id\":\"https:\/\/colibri-jewels.eu\/et\/toode\/hobe-eesti-kolmevarvi-ripats-paasukesega-p-7994\/#primaryimage\",\"url\":\"https:\/\/colibri-jewels.eu\/wp-content\/uploads\/2022\/05\/PCz-7994web.jpg\",\"contentUrl\":\"https:\/\/colibri-jewels.eu\/wp-content\/uploads\/2022\/05\/PCz-7994web.jpg\",\"width\":1000,\"height\":1000},{\"@type\":\"BreadcrumbList\",\"@id\":\"https:\/\/colibri-jewels.eu\/et\/toode\/hobe-eesti-kolmevarvi-ripats-paasukesega-p-7994\/#breadcrumb\",\"itemListElement\":[{\"@type\":\"ListItem\",\"position\":1,\"name\":\"\u0413\u043b\u0430\u0432\u043d\u0430\u044f \u0441\u0442\u0440\u0430\u043d\u0438\u0446\u0430\",\"item\":\"https:\/\/colibri-jewels.eu\/et\/\"},{\"@type\":\"ListItem\",\"position\":2,\"name\":\"Pood\",\"item\":\"https:\/\/colibri-jewels.eu\/et\/pood\/\"},{\"@type\":\"ListItem\",\"position\":3,\"name\":\"H\u00f5bedane Estonia kolmev\u00e4rviline ripats p\u00e4\u00e4sukesega P-7994\"}]},{\"@type\":\"WebSite\",\"@id\":\"https:\/\/colibri-jewels.eu\/et\/#website\",\"url\":\"https:\/\/colibri-jewels.eu\/et\/\",\"name\":\"Colibri jewels\",\"description\":\"jewelry shop\",\"publisher\":{\"@id\":\"https:\/\/colibri-jewels.eu\/et\/#organization\"},\"potentialAction\":[{\"@type\":\"SearchAction\",\"target\":{\"@type\":\"EntryPoint\",\"urlTemplate\":\"https:\/\/colibri-jewels.eu\/et\/?s={search_term_string}\"},\"query-input\":{\"@type\":\"PropertyValueSpecification\",\"valueRequired\":true,\"valueName\":\"search_term_string\"}}],\"inLanguage\":\"et\"},{\"@type\":\"Organization\",\"@id\":\"https:\/\/colibri-jewels.eu\/et\/#organization\",\"name\":\"O\u00dc Colibri\",\"url\":\"https:\/\/colibri-jewels.eu\/et\/\",\"logo\":{\"@type\":\"ImageObject\",\"inLanguage\":\"et\",\"@id\":\"https:\/\/colibri-jewels.eu\/et\/#\/schema\/logo\/image\/\",\"url\":\"https:\/\/dev.colibri-jewels.eu\/wp-content\/uploads\/2021\/03\/colibri.png\",\"contentUrl\":\"https:\/\/dev.colibri-jewels.eu\/wp-content\/uploads\/2021\/03\/colibri.png\",\"width\":227,\"height\":130,\"caption\":\"O\u00dc Colibri\"},\"image\":{\"@id\":\"https:\/\/colibri-jewels.eu\/et\/#\/schema\/logo\/image\/\"},\"sameAs\":[\"https:\/\/www.facebook.com\/colibri.jewels\",\"https:\/\/www.instagram.com\/colibri.jewels\",\"https:\/\/www.tiktok.com\/colibri.jewels\"]}]}<\/script>\n<!-- \/ Yoast SEO Premium plugin. -->","yoast_head_json":{"title":"H\u00f5bedane Estonia kolmev\u00e4rviline ripats p\u00e4\u00e4sukesega P-7994 - Colibri jewels","description":"H\u00f5bedast ripats, mida saad osta meie veebipoest, Eesti rahvuss\u00fcmboolika kollektsioonist. P\u00e4\u00e4suke valmistatud origami stiilis, \u00fcmbritsetud sini-must-valge kolmev\u00e4rviliste trapetsikujuliste kristallidega. K\u00e4sitsi valmistatud.","robots":{"index":"index","follow":"follow","max-snippet":"max-snippet:-1","max-image-preview":"max-image-preview:large","max-video-preview":"max-video-preview:-1"},"canonical":"https:\/\/colibri-jewels.eu\/et\/toode\/hobe-eesti-kolmevarvi-ripats-paasukesega-p-7994\/","og_locale":"et_EE","og_type":"article","og_title":"H\u00f5bedane Estonia kolmev\u00e4rviline ripats p\u00e4\u00e4sukesega P-7994","og_description":"H\u00f5bedast ripats, mida saad osta meie veebipoest, Eesti rahvuss\u00fcmboolika kollektsioonist. P\u00e4\u00e4suke valmistatud origami stiilis, \u00fcmbritsetud sini-must-valge kolmev\u00e4rviliste trapetsikujuliste kristallidega. K\u00e4sitsi valmistatud.","og_url":"https:\/\/colibri-jewels.eu\/et\/toode\/hobe-eesti-kolmevarvi-ripats-paasukesega-p-7994\/","og_site_name":"Colibri jewels","article_publisher":"https:\/\/www.facebook.com\/colibri.jewels","article_modified_time":"2024-04-04T11:28:31+00:00","og_image":[{"width":1000,"height":1000,"url":"https:\/\/colibri-jewels.eu\/wp-content\/uploads\/2022\/05\/PCz-7994web.jpg","type":"image\/jpeg"}],"twitter_card":"summary_large_image","twitter_misc":{"Est. reading time":"1 minut"},"schema":{"@context":"https:\/\/schema.org","@graph":[{"@type":"WebPage","@id":"https:\/\/colibri-jewels.eu\/et\/toode\/hobe-eesti-kolmevarvi-ripats-paasukesega-p-7994\/","url":"https:\/\/colibri-jewels.eu\/et\/toode\/hobe-eesti-kolmevarvi-ripats-paasukesega-p-7994\/","name":"H\u00f5bedane Estonia kolmev\u00e4rviline ripats p\u00e4\u00e4sukesega P-7994 - Colibri jewels","isPartOf":{"@id":"https:\/\/colibri-jewels.eu\/et\/#website"},"primaryImageOfPage":{"@id":"https:\/\/colibri-jewels.eu\/et\/toode\/hobe-eesti-kolmevarvi-ripats-paasukesega-p-7994\/#primaryimage"},"image":{"@id":"https:\/\/colibri-jewels.eu\/et\/toode\/hobe-eesti-kolmevarvi-ripats-paasukesega-p-7994\/#primaryimage"},"thumbnailUrl":"https:\/\/colibri-jewels.eu\/wp-content\/uploads\/2022\/05\/PCz-7994web.jpg","datePublished":"2024-04-04T10:50:18+00:00","dateModified":"2024-04-04T11:28:31+00:00","description":"H\u00f5bedast ripats, mida saad osta meie veebipoest, Eesti rahvuss\u00fcmboolika kollektsioonist. P\u00e4\u00e4suke valmistatud origami stiilis, \u00fcmbritsetud sini-must-valge kolmev\u00e4rviliste trapetsikujuliste kristallidega. K\u00e4sitsi valmistatud.","breadcrumb":{"@id":"https:\/\/colibri-jewels.eu\/et\/toode\/hobe-eesti-kolmevarvi-ripats-paasukesega-p-7994\/#breadcrumb"},"inLanguage":"et","potentialAction":[{"@type":"ReadAction","target":["https:\/\/colibri-jewels.eu\/et\/toode\/hobe-eesti-kolmevarvi-ripats-paasukesega-p-7994\/"]}]},{"@type":"ImageObject","inLanguage":"et","@id":"https:\/\/colibri-jewels.eu\/et\/toode\/hobe-eesti-kolmevarvi-ripats-paasukesega-p-7994\/#primaryimage","url":"https:\/\/colibri-jewels.eu\/wp-content\/uploads\/2022\/05\/PCz-7994web.jpg","contentUrl":"https:\/\/colibri-jewels.eu\/wp-content\/uploads\/2022\/05\/PCz-7994web.jpg","width":1000,"height":1000},{"@type":"BreadcrumbList","@id":"https:\/\/colibri-jewels.eu\/et\/toode\/hobe-eesti-kolmevarvi-ripats-paasukesega-p-7994\/#breadcrumb","itemListElement":[{"@type":"ListItem","position":1,"name":"\u0413\u043b\u0430\u0432\u043d\u0430\u044f \u0441\u0442\u0440\u0430\u043d\u0438\u0446\u0430","item":"https:\/\/colibri-jewels.eu\/et\/"},{"@type":"ListItem","position":2,"name":"Pood","item":"https:\/\/colibri-jewels.eu\/et\/pood\/"},{"@type":"ListItem","position":3,"name":"H\u00f5bedane Estonia kolmev\u00e4rviline ripats p\u00e4\u00e4sukesega P-7994"}]},{"@type":"WebSite","@id":"https:\/\/colibri-jewels.eu\/et\/#website","url":"https:\/\/colibri-jewels.eu\/et\/","name":"Colibri jewels","description":"jewelry shop","publisher":{"@id":"https:\/\/colibri-jewels.eu\/et\/#organization"},"potentialAction":[{"@type":"SearchAction","target":{"@type":"EntryPoint","urlTemplate":"https:\/\/colibri-jewels.eu\/et\/?s={search_term_string}"},"query-input":{"@type":"PropertyValueSpecification","valueRequired":true,"valueName":"search_term_string"}}],"inLanguage":"et"},{"@type":"Organization","@id":"https:\/\/colibri-jewels.eu\/et\/#organization","name":"O\u00dc Colibri","url":"https:\/\/colibri-jewels.eu\/et\/","logo":{"@type":"ImageObject","inLanguage":"et","@id":"https:\/\/colibri-jewels.eu\/et\/#\/schema\/logo\/image\/","url":"https:\/\/dev.colibri-jewels.eu\/wp-content\/uploads\/2021\/03\/colibri.png","contentUrl":"https:\/\/dev.colibri-jewels.eu\/wp-content\/uploads\/2021\/03\/colibri.png","width":227,"height":130,"caption":"O\u00dc Colibri"},"image":{"@id":"https:\/\/colibri-jewels.eu\/et\/#\/schema\/logo\/image\/"},"sameAs":["https:\/\/www.facebook.com\/colibri.jewels","https:\/\/www.instagram.com\/colibri.jewels","https:\/\/www.tiktok.com\/colibri.jewels"]}]}},"_links":{"self":[{"href":"https:\/\/colibri-jewels.eu\/et\/wp-json\/wp\/v2\/product\/28362","targetHints":{"allow":["GET"]}}],"collection":[{"href":"https:\/\/colibri-jewels.eu\/et\/wp-json\/wp\/v2\/product"}],"about":[{"href":"https:\/\/colibri-jewels.eu\/et\/wp-json\/wp\/v2\/types\/product"}],"replies":[{"embeddable":true,"href":"https:\/\/colibri-jewels.eu\/et\/wp-json\/wp\/v2\/comments?post=28362"}],"version-history":[{"count":0,"href":"https:\/\/colibri-jewels.eu\/et\/wp-json\/wp\/v2\/product\/28362\/revisions"}],"wp:featuredmedia":[{"embeddable":true,"href":"https:\/\/colibri-jewels.eu\/et\/wp-json\/wp\/v2\/media\/24632"}],"wp:attachment":[{"href":"https:\/\/colibri-jewels.eu\/et\/wp-json\/wp\/v2\/media?parent=28362"}],"wp:term":[{"taxonomy":"brand","embeddable":true,"href":"https:\/\/colibri-jewels.eu\/et\/wp-json\/wp\/v2\/etheme_brands?post=28362"},{"taxonomy":"product_brand","embeddable":true,"href":"https:\/\/colibri-jewels.eu\/et\/wp-json\/wp\/v2\/product_brand?post=28362"},{"taxonomy":"product_cat","embeddable":true,"href":"https:\/\/colibri-jewels.eu\/et\/wp-json\/wp\/v2\/product_cat?post=28362"},{"taxonomy":"product_tag","embeddable":true,"href":"https:\/\/colibri-jewels.eu\/et\/wp-json\/wp\/v2\/product_tag?post=28362"}],"curies":[{"name":"wp","href":"https:\/\/api.w.org\/{rel}","templated":true}]}}