{"id":28365,"date":"2022-05-15T21:08:53","date_gmt":"2022-05-15T18:08:53","guid":{"rendered":"https:\/\/dev.colibri-jewels.eu\/product\/kuldne-klassikaline-diana-sormus-safiiri-ja-briljantidega-r-4235\/"},"modified":"2022-12-12T20:32:28","modified_gmt":"2022-12-12T18:32:28","slug":"kuldne-klassikaline-diaana-sormus-safiiri-ja-teemantidega-r-4235","status":"publish","type":"product","link":"https:\/\/colibri-jewels.eu\/et\/toode\/kuldne-klassikaline-diaana-sormus-safiiri-ja-teemantidega-r-4235\/","title":{"rendered":"Kuldne klassikaline &#8220;Diana&#8221; s\u00f5rmus safiiri ja briljantidega R-4235"},"content":{"rendered":"<p>Kas otsite ideaalset kingitust sellele erilisele inimesele oma elus? \u00c4ra otsige kaugemale kui see vapustav safiirist ehtekomplekt! Safiiride s\u00fcgavsinine toon on lihtsalt k\u00fctkestav ja annab kindlasti avalduse. Iga komplekti osa on asjatundlikult meisterdatud ja esitleb safiiride ilu t\u00e4iuslikkuseni. Safiirid on s\u00e4delevas teemantraamis, mis p\u00fc\u00fcab kaunilt valgust. See ehtekomplekt on ideaalne viis lisada igale riietusele rafineeritust ja luksust. Olgu selleks eriliseks s\u00fcndmuseks v\u00f5i lihtsalt oma igap\u00e4evasesse garderoobi s\u00e4ra lisamiseks, see safiirist ehtekomplekt avaldab kindlasti muljet. \u00c4rge j\u00e4tke seda vapustavat komplekti ilma \u2013 tellige kohe!<\/p>\n<p>S\u00f5rmus komplektist:<\/p>\n<p>Teemandid &#8211; 10 t\u00e4isl\u00f5ikelist, 0,22 ct<br \/>\nSafiir 0,42 ct<br \/>\nKollane kuld 14 kt<br \/>\nkaal 2,23 g<br \/>\nSuurus 17,5<\/p>\n","protected":false},"excerpt":{"rendered":"<p>Klassikalises stiilis s\u00f5rmus<br \/>\nTeemandid &#8211; 10 t\u00e4isl\u00f5ikelist, 0,22 ct<br \/>\nSafiir 0,42 ct<br \/>\nKollane kuld 14 kt<br \/>\nkaal 2,23 g<br \/>\nSuurus 17,5<\/p>\n","protected":false},"featured_media":24606,"comment_status":"open","ping_status":"closed","template":"","meta":[],"etheme_brands":[],"product_brand":[],"product_cat":[471],"product_tag":[474,472],"class_list":{"0":"post-28365","1":"product","2":"type-product","3":"status-publish","4":"has-post-thumbnail","6":"product_cat-sormused","7":"product_tag-kihlasormused","8":"product_tag-klassika","10":"first","11":"instock","12":"shipping-taxable","13":"purchasable","14":"product-type-simple"},"acf":[],"yoast_head":"<!-- This site is optimized with the Yoast SEO Premium plugin v26.5 (Yoast SEO v26.8) - https:\/\/yoast.com\/product\/yoast-seo-premium-wordpress\/ -->\n<title>Kuldne klassikaline &quot;Diana&quot; s\u00f5rmus safiiri ja briljantidega R-4235 - Colibri jewels<\/title>\n<meta name=\"description\" content=\"Osta see v\u00e4ga klassikalises stiilis kuldne safiiri ja briljantidega s\u00f5rmus meie juveelipoest Tallinnas v\u00f5i veebist Colibri Jewels&#039;lt!\" \/>\n<meta name=\"robots\" content=\"index, follow, max-snippet:-1, max-image-preview:large, max-video-preview:-1\" \/>\n<link rel=\"canonical\" href=\"https:\/\/colibri-jewels.eu\/et\/toode\/kuldne-klassikaline-diaana-sormus-safiiri-ja-teemantidega-r-4235\/\" \/>\n<meta property=\"og:locale\" content=\"et_EE\" \/>\n<meta property=\"og:type\" content=\"article\" \/>\n<meta property=\"og:title\" content=\"Kuldne klassikaline &quot;Diana&quot; s\u00f5rmus safiiri ja briljantidega R-4235\" \/>\n<meta property=\"og:description\" content=\"Osta see v\u00e4ga klassikalises stiilis kuldne safiiri ja briljantidega s\u00f5rmus meie juveelipoest Tallinnas v\u00f5i veebist Colibri Jewels&#039;lt!\" \/>\n<meta property=\"og:url\" content=\"https:\/\/colibri-jewels.eu\/et\/toode\/kuldne-klassikaline-diaana-sormus-safiiri-ja-teemantidega-r-4235\/\" \/>\n<meta property=\"og:site_name\" content=\"Colibri jewels\" \/>\n<meta property=\"article:publisher\" content=\"https:\/\/www.facebook.com\/colibri.jewels\" \/>\n<meta property=\"article:modified_time\" content=\"2022-12-12T18:32:28+00:00\" \/>\n<meta property=\"og:image\" content=\"https:\/\/colibri-jewels.eu\/wp-content\/uploads\/2022\/05\/r4235web-1.jpg\" \/>\n\t<meta property=\"og:image:width\" content=\"1000\" \/>\n\t<meta property=\"og:image:height\" content=\"1000\" \/>\n\t<meta property=\"og:image:type\" content=\"image\/jpeg\" \/>\n<meta name=\"twitter:card\" content=\"summary_large_image\" \/>\n<meta name=\"twitter:label1\" content=\"Est. reading time\" \/>\n\t<meta name=\"twitter:data1\" content=\"1 minut\" \/>\n<script type=\"application\/ld+json\" class=\"yoast-schema-graph\">{\"@context\":\"https:\/\/schema.org\",\"@graph\":[{\"@type\":\"WebPage\",\"@id\":\"https:\/\/colibri-jewels.eu\/et\/toode\/kuldne-klassikaline-diaana-sormus-safiiri-ja-teemantidega-r-4235\/\",\"url\":\"https:\/\/colibri-jewels.eu\/et\/toode\/kuldne-klassikaline-diaana-sormus-safiiri-ja-teemantidega-r-4235\/\",\"name\":\"Kuldne klassikaline \\\"Diana\\\" s\u00f5rmus safiiri ja briljantidega R-4235 - Colibri jewels\",\"isPartOf\":{\"@id\":\"https:\/\/colibri-jewels.eu\/et\/#website\"},\"primaryImageOfPage\":{\"@id\":\"https:\/\/colibri-jewels.eu\/et\/toode\/kuldne-klassikaline-diaana-sormus-safiiri-ja-teemantidega-r-4235\/#primaryimage\"},\"image\":{\"@id\":\"https:\/\/colibri-jewels.eu\/et\/toode\/kuldne-klassikaline-diaana-sormus-safiiri-ja-teemantidega-r-4235\/#primaryimage\"},\"thumbnailUrl\":\"https:\/\/colibri-jewels.eu\/wp-content\/uploads\/2022\/05\/r4235web-1.jpg\",\"datePublished\":\"2022-05-15T18:08:53+00:00\",\"dateModified\":\"2022-12-12T18:32:28+00:00\",\"description\":\"Osta see v\u00e4ga klassikalises stiilis kuldne safiiri ja briljantidega s\u00f5rmus meie juveelipoest Tallinnas v\u00f5i veebist Colibri Jewels'lt!\",\"breadcrumb\":{\"@id\":\"https:\/\/colibri-jewels.eu\/et\/toode\/kuldne-klassikaline-diaana-sormus-safiiri-ja-teemantidega-r-4235\/#breadcrumb\"},\"inLanguage\":\"et\",\"potentialAction\":[{\"@type\":\"ReadAction\",\"target\":[\"https:\/\/colibri-jewels.eu\/et\/toode\/kuldne-klassikaline-diaana-sormus-safiiri-ja-teemantidega-r-4235\/\"]}]},{\"@type\":\"ImageObject\",\"inLanguage\":\"et\",\"@id\":\"https:\/\/colibri-jewels.eu\/et\/toode\/kuldne-klassikaline-diaana-sormus-safiiri-ja-teemantidega-r-4235\/#primaryimage\",\"url\":\"https:\/\/colibri-jewels.eu\/wp-content\/uploads\/2022\/05\/r4235web-1.jpg\",\"contentUrl\":\"https:\/\/colibri-jewels.eu\/wp-content\/uploads\/2022\/05\/r4235web-1.jpg\",\"width\":1000,\"height\":1000},{\"@type\":\"BreadcrumbList\",\"@id\":\"https:\/\/colibri-jewels.eu\/et\/toode\/kuldne-klassikaline-diaana-sormus-safiiri-ja-teemantidega-r-4235\/#breadcrumb\",\"itemListElement\":[{\"@type\":\"ListItem\",\"position\":1,\"name\":\"\u0413\u043b\u0430\u0432\u043d\u0430\u044f \u0441\u0442\u0440\u0430\u043d\u0438\u0446\u0430\",\"item\":\"https:\/\/colibri-jewels.eu\/et\/\"},{\"@type\":\"ListItem\",\"position\":2,\"name\":\"Pood\",\"item\":\"https:\/\/colibri-jewels.eu\/et\/pood\/\"},{\"@type\":\"ListItem\",\"position\":3,\"name\":\"Kuldne klassikaline &#8220;Diana&#8221; s\u00f5rmus safiiri ja briljantidega R-4235\"}]},{\"@type\":\"WebSite\",\"@id\":\"https:\/\/colibri-jewels.eu\/et\/#website\",\"url\":\"https:\/\/colibri-jewels.eu\/et\/\",\"name\":\"Colibri jewels\",\"description\":\"jewelry shop\",\"publisher\":{\"@id\":\"https:\/\/colibri-jewels.eu\/et\/#organization\"},\"potentialAction\":[{\"@type\":\"SearchAction\",\"target\":{\"@type\":\"EntryPoint\",\"urlTemplate\":\"https:\/\/colibri-jewels.eu\/et\/?s={search_term_string}\"},\"query-input\":{\"@type\":\"PropertyValueSpecification\",\"valueRequired\":true,\"valueName\":\"search_term_string\"}}],\"inLanguage\":\"et\"},{\"@type\":\"Organization\",\"@id\":\"https:\/\/colibri-jewels.eu\/et\/#organization\",\"name\":\"O\u00dc Colibri\",\"url\":\"https:\/\/colibri-jewels.eu\/et\/\",\"logo\":{\"@type\":\"ImageObject\",\"inLanguage\":\"et\",\"@id\":\"https:\/\/colibri-jewels.eu\/et\/#\/schema\/logo\/image\/\",\"url\":\"https:\/\/dev.colibri-jewels.eu\/wp-content\/uploads\/2021\/03\/colibri.png\",\"contentUrl\":\"https:\/\/dev.colibri-jewels.eu\/wp-content\/uploads\/2021\/03\/colibri.png\",\"width\":227,\"height\":130,\"caption\":\"O\u00dc Colibri\"},\"image\":{\"@id\":\"https:\/\/colibri-jewels.eu\/et\/#\/schema\/logo\/image\/\"},\"sameAs\":[\"https:\/\/www.facebook.com\/colibri.jewels\",\"https:\/\/www.instagram.com\/colibri.jewels\",\"https:\/\/www.tiktok.com\/colibri.jewels\"]}]}<\/script>\n<!-- \/ Yoast SEO Premium plugin. -->","yoast_head_json":{"title":"Kuldne klassikaline \"Diana\" s\u00f5rmus safiiri ja briljantidega R-4235 - Colibri jewels","description":"Osta see v\u00e4ga klassikalises stiilis kuldne safiiri ja briljantidega s\u00f5rmus meie juveelipoest Tallinnas v\u00f5i veebist Colibri Jewels'lt!","robots":{"index":"index","follow":"follow","max-snippet":"max-snippet:-1","max-image-preview":"max-image-preview:large","max-video-preview":"max-video-preview:-1"},"canonical":"https:\/\/colibri-jewels.eu\/et\/toode\/kuldne-klassikaline-diaana-sormus-safiiri-ja-teemantidega-r-4235\/","og_locale":"et_EE","og_type":"article","og_title":"Kuldne klassikaline \"Diana\" s\u00f5rmus safiiri ja briljantidega R-4235","og_description":"Osta see v\u00e4ga klassikalises stiilis kuldne safiiri ja briljantidega s\u00f5rmus meie juveelipoest Tallinnas v\u00f5i veebist Colibri Jewels'lt!","og_url":"https:\/\/colibri-jewels.eu\/et\/toode\/kuldne-klassikaline-diaana-sormus-safiiri-ja-teemantidega-r-4235\/","og_site_name":"Colibri jewels","article_publisher":"https:\/\/www.facebook.com\/colibri.jewels","article_modified_time":"2022-12-12T18:32:28+00:00","og_image":[{"width":1000,"height":1000,"url":"https:\/\/colibri-jewels.eu\/wp-content\/uploads\/2022\/05\/r4235web-1.jpg","type":"image\/jpeg"}],"twitter_card":"summary_large_image","twitter_misc":{"Est. reading time":"1 minut"},"schema":{"@context":"https:\/\/schema.org","@graph":[{"@type":"WebPage","@id":"https:\/\/colibri-jewels.eu\/et\/toode\/kuldne-klassikaline-diaana-sormus-safiiri-ja-teemantidega-r-4235\/","url":"https:\/\/colibri-jewels.eu\/et\/toode\/kuldne-klassikaline-diaana-sormus-safiiri-ja-teemantidega-r-4235\/","name":"Kuldne klassikaline \"Diana\" s\u00f5rmus safiiri ja briljantidega R-4235 - Colibri jewels","isPartOf":{"@id":"https:\/\/colibri-jewels.eu\/et\/#website"},"primaryImageOfPage":{"@id":"https:\/\/colibri-jewels.eu\/et\/toode\/kuldne-klassikaline-diaana-sormus-safiiri-ja-teemantidega-r-4235\/#primaryimage"},"image":{"@id":"https:\/\/colibri-jewels.eu\/et\/toode\/kuldne-klassikaline-diaana-sormus-safiiri-ja-teemantidega-r-4235\/#primaryimage"},"thumbnailUrl":"https:\/\/colibri-jewels.eu\/wp-content\/uploads\/2022\/05\/r4235web-1.jpg","datePublished":"2022-05-15T18:08:53+00:00","dateModified":"2022-12-12T18:32:28+00:00","description":"Osta see v\u00e4ga klassikalises stiilis kuldne safiiri ja briljantidega s\u00f5rmus meie juveelipoest Tallinnas v\u00f5i veebist Colibri Jewels'lt!","breadcrumb":{"@id":"https:\/\/colibri-jewels.eu\/et\/toode\/kuldne-klassikaline-diaana-sormus-safiiri-ja-teemantidega-r-4235\/#breadcrumb"},"inLanguage":"et","potentialAction":[{"@type":"ReadAction","target":["https:\/\/colibri-jewels.eu\/et\/toode\/kuldne-klassikaline-diaana-sormus-safiiri-ja-teemantidega-r-4235\/"]}]},{"@type":"ImageObject","inLanguage":"et","@id":"https:\/\/colibri-jewels.eu\/et\/toode\/kuldne-klassikaline-diaana-sormus-safiiri-ja-teemantidega-r-4235\/#primaryimage","url":"https:\/\/colibri-jewels.eu\/wp-content\/uploads\/2022\/05\/r4235web-1.jpg","contentUrl":"https:\/\/colibri-jewels.eu\/wp-content\/uploads\/2022\/05\/r4235web-1.jpg","width":1000,"height":1000},{"@type":"BreadcrumbList","@id":"https:\/\/colibri-jewels.eu\/et\/toode\/kuldne-klassikaline-diaana-sormus-safiiri-ja-teemantidega-r-4235\/#breadcrumb","itemListElement":[{"@type":"ListItem","position":1,"name":"\u0413\u043b\u0430\u0432\u043d\u0430\u044f \u0441\u0442\u0440\u0430\u043d\u0438\u0446\u0430","item":"https:\/\/colibri-jewels.eu\/et\/"},{"@type":"ListItem","position":2,"name":"Pood","item":"https:\/\/colibri-jewels.eu\/et\/pood\/"},{"@type":"ListItem","position":3,"name":"Kuldne klassikaline &#8220;Diana&#8221; s\u00f5rmus safiiri ja briljantidega R-4235"}]},{"@type":"WebSite","@id":"https:\/\/colibri-jewels.eu\/et\/#website","url":"https:\/\/colibri-jewels.eu\/et\/","name":"Colibri jewels","description":"jewelry shop","publisher":{"@id":"https:\/\/colibri-jewels.eu\/et\/#organization"},"potentialAction":[{"@type":"SearchAction","target":{"@type":"EntryPoint","urlTemplate":"https:\/\/colibri-jewels.eu\/et\/?s={search_term_string}"},"query-input":{"@type":"PropertyValueSpecification","valueRequired":true,"valueName":"search_term_string"}}],"inLanguage":"et"},{"@type":"Organization","@id":"https:\/\/colibri-jewels.eu\/et\/#organization","name":"O\u00dc Colibri","url":"https:\/\/colibri-jewels.eu\/et\/","logo":{"@type":"ImageObject","inLanguage":"et","@id":"https:\/\/colibri-jewels.eu\/et\/#\/schema\/logo\/image\/","url":"https:\/\/dev.colibri-jewels.eu\/wp-content\/uploads\/2021\/03\/colibri.png","contentUrl":"https:\/\/dev.colibri-jewels.eu\/wp-content\/uploads\/2021\/03\/colibri.png","width":227,"height":130,"caption":"O\u00dc Colibri"},"image":{"@id":"https:\/\/colibri-jewels.eu\/et\/#\/schema\/logo\/image\/"},"sameAs":["https:\/\/www.facebook.com\/colibri.jewels","https:\/\/www.instagram.com\/colibri.jewels","https:\/\/www.tiktok.com\/colibri.jewels"]}]}},"_links":{"self":[{"href":"https:\/\/colibri-jewels.eu\/et\/wp-json\/wp\/v2\/product\/28365","targetHints":{"allow":["GET"]}}],"collection":[{"href":"https:\/\/colibri-jewels.eu\/et\/wp-json\/wp\/v2\/product"}],"about":[{"href":"https:\/\/colibri-jewels.eu\/et\/wp-json\/wp\/v2\/types\/product"}],"replies":[{"embeddable":true,"href":"https:\/\/colibri-jewels.eu\/et\/wp-json\/wp\/v2\/comments?post=28365"}],"version-history":[{"count":0,"href":"https:\/\/colibri-jewels.eu\/et\/wp-json\/wp\/v2\/product\/28365\/revisions"}],"wp:featuredmedia":[{"embeddable":true,"href":"https:\/\/colibri-jewels.eu\/et\/wp-json\/wp\/v2\/media\/24606"}],"wp:attachment":[{"href":"https:\/\/colibri-jewels.eu\/et\/wp-json\/wp\/v2\/media?parent=28365"}],"wp:term":[{"taxonomy":"brand","embeddable":true,"href":"https:\/\/colibri-jewels.eu\/et\/wp-json\/wp\/v2\/etheme_brands?post=28365"},{"taxonomy":"product_brand","embeddable":true,"href":"https:\/\/colibri-jewels.eu\/et\/wp-json\/wp\/v2\/product_brand?post=28365"},{"taxonomy":"product_cat","embeddable":true,"href":"https:\/\/colibri-jewels.eu\/et\/wp-json\/wp\/v2\/product_cat?post=28365"},{"taxonomy":"product_tag","embeddable":true,"href":"https:\/\/colibri-jewels.eu\/et\/wp-json\/wp\/v2\/product_tag?post=28365"}],"curies":[{"name":"wp","href":"https:\/\/api.w.org\/{rel}","templated":true}]}}