{"id":28370,"date":"2024-10-17T16:20:14","date_gmt":"2024-10-17T13:20:14","guid":{"rendered":"https:\/\/dev.colibri-jewels.eu\/product\/thori-kirves-hobedane-amulett-p-8173\/"},"modified":"2024-11-15T21:49:09","modified_gmt":"2024-11-15T19:49:09","slug":"okkad-kirves-hobe-amulett-p-8173","status":"publish","type":"product","link":"https:\/\/colibri-jewels.eu\/et\/toode\/okkad-kirves-hobe-amulett-p-8173\/","title":{"rendered":"Thori kirves h\u00f5bedane amulett P-8173"},"content":{"rendered":"<p><strong>Thori vasar koos Odini ronkadega<\/strong><br \/>\nSelles ripatsis on \u00fchendatud kaks v\u00f5imsat P\u00f5hjala m\u00fctoloogia s\u00fcmbolit: Thori vasar, tuntud ka kui Mj\u00f6lnir, ja Odini rongad &#8211; Huginn ja Muninn. Mj\u00f6lnir, jumal Thori v\u00f5imas vasar, esindab j\u00f5udu, kaitset ja h\u00e4vitavat j\u00f5udu. Sellega kaitses Thor nii inimeste kui ka jumalate valdkonda hiiglaste ja tumedate j\u00f5udude eest. Ripatsi tagak\u00fcljel on kujutatud Huginn ja Muninn, Odini rongad, kes lendasid iga p\u00e4ev m\u00f6\u00f6da maailmu, tuues kaasa oma meistritarkust ja teadmisi. \u00dcheskoos s\u00fcmboliseerivad need j\u00f5u ja intellekti harmooniat, luues amuleti, mis mitte ainult ei kaitse, vaid ka juhatab selle kandjat tarkuse teele.    <\/p>\n<p>Kahepoolne h\u00f5bedane.<\/p>\n<p>On kaks varianti &#8211; mustamine kullaga v\u00f5i ilma.<\/p>\n<p>Kaal umbes 13 grammi. Stiilne, soliidne disain.<\/p>\n","protected":false},"excerpt":{"rendered":"<p>Legendaarne Skandinaavia s\u00fcmbol \u2013 Thori kirves Odyni varestega.<\/p>\n<p>Kahepoolne, h\u00f5be 925*.<\/p>\n<p>On kaks varianti &#8211; mustamine kullaga v\u00f5i ilma.<\/p>\n<p>Kaal umbes 13 grammi.<\/p>\n","protected":false},"featured_media":24431,"comment_status":"open","ping_status":"closed","template":"","meta":[],"etheme_brands":[],"product_brand":[],"product_cat":[470],"product_tag":[741,506],"class_list":{"0":"post-28370","1":"product","2":"type-product","3":"status-publish","4":"has-post-thumbnail","6":"product_cat-kaelakeed-ja-ripatsid","7":"product_tag-ehted-meestele","8":"product_tag-ruunid","10":"first","11":"instock","12":"shipping-taxable","13":"purchasable","14":"product-type-variable"},"acf":[],"yoast_head":"<!-- This site is optimized with the Yoast SEO Premium plugin v26.5 (Yoast SEO v26.8) - https:\/\/yoast.com\/product\/yoast-seo-premium-wordpress\/ -->\n<title>Thori kirves h\u00f5bedane amulett P-8173 - Colibri jewels<\/title>\n<meta name=\"robots\" content=\"index, follow, max-snippet:-1, max-image-preview:large, max-video-preview:-1\" \/>\n<link rel=\"canonical\" href=\"https:\/\/colibri-jewels.eu\/et\/toode\/okkad-kirves-hobe-amulett-p-8173\/\" \/>\n<meta property=\"og:locale\" content=\"et_EE\" \/>\n<meta property=\"og:type\" content=\"article\" \/>\n<meta property=\"og:title\" content=\"Thori kirves h\u00f5bedane amulett P-8173\" \/>\n<meta property=\"og:description\" content=\"Legendaarne Skandinaavia s\u00fcmbol \u2013 Thori kirves Odyni varestega. Kahepoolne, h\u00f5be 925*. On kaks varianti - mustamine kullaga v\u00f5i ilma. Kaal umbes 13 grammi.\" \/>\n<meta property=\"og:url\" content=\"https:\/\/colibri-jewels.eu\/et\/toode\/okkad-kirves-hobe-amulett-p-8173\/\" \/>\n<meta property=\"og:site_name\" content=\"Colibri jewels\" \/>\n<meta property=\"article:publisher\" content=\"https:\/\/www.facebook.com\/colibri.jewels\" \/>\n<meta property=\"article:modified_time\" content=\"2024-11-15T19:49:09+00:00\" \/>\n<meta property=\"og:image\" content=\"https:\/\/colibri-jewels.eu\/wp-content\/uploads\/2022\/05\/p-8173web2.jpg\" \/>\n\t<meta property=\"og:image:width\" content=\"1000\" \/>\n\t<meta property=\"og:image:height\" content=\"1000\" \/>\n\t<meta property=\"og:image:type\" content=\"image\/jpeg\" \/>\n<meta name=\"twitter:card\" content=\"summary_large_image\" \/>\n<meta name=\"twitter:label1\" content=\"Est. reading time\" \/>\n\t<meta name=\"twitter:data1\" content=\"1 minut\" \/>\n<script type=\"application\/ld+json\" class=\"yoast-schema-graph\">{\"@context\":\"https:\/\/schema.org\",\"@graph\":[{\"@type\":\"WebPage\",\"@id\":\"https:\/\/colibri-jewels.eu\/et\/toode\/okkad-kirves-hobe-amulett-p-8173\/\",\"url\":\"https:\/\/colibri-jewels.eu\/et\/toode\/okkad-kirves-hobe-amulett-p-8173\/\",\"name\":\"Thori kirves h\u00f5bedane amulett P-8173 - Colibri jewels\",\"isPartOf\":{\"@id\":\"https:\/\/colibri-jewels.eu\/et\/#website\"},\"primaryImageOfPage\":{\"@id\":\"https:\/\/colibri-jewels.eu\/et\/toode\/okkad-kirves-hobe-amulett-p-8173\/#primaryimage\"},\"image\":{\"@id\":\"https:\/\/colibri-jewels.eu\/et\/toode\/okkad-kirves-hobe-amulett-p-8173\/#primaryimage\"},\"thumbnailUrl\":\"https:\/\/colibri-jewels.eu\/wp-content\/uploads\/2022\/05\/p-8173web2.jpg\",\"datePublished\":\"2024-10-17T13:20:14+00:00\",\"dateModified\":\"2024-11-15T19:49:09+00:00\",\"breadcrumb\":{\"@id\":\"https:\/\/colibri-jewels.eu\/et\/toode\/okkad-kirves-hobe-amulett-p-8173\/#breadcrumb\"},\"inLanguage\":\"et\",\"potentialAction\":[{\"@type\":\"ReadAction\",\"target\":[\"https:\/\/colibri-jewels.eu\/et\/toode\/okkad-kirves-hobe-amulett-p-8173\/\"]}]},{\"@type\":\"ImageObject\",\"inLanguage\":\"et\",\"@id\":\"https:\/\/colibri-jewels.eu\/et\/toode\/okkad-kirves-hobe-amulett-p-8173\/#primaryimage\",\"url\":\"https:\/\/colibri-jewels.eu\/wp-content\/uploads\/2022\/05\/p-8173web2.jpg\",\"contentUrl\":\"https:\/\/colibri-jewels.eu\/wp-content\/uploads\/2022\/05\/p-8173web2.jpg\",\"width\":1000,\"height\":1000},{\"@type\":\"BreadcrumbList\",\"@id\":\"https:\/\/colibri-jewels.eu\/et\/toode\/okkad-kirves-hobe-amulett-p-8173\/#breadcrumb\",\"itemListElement\":[{\"@type\":\"ListItem\",\"position\":1,\"name\":\"\u0413\u043b\u0430\u0432\u043d\u0430\u044f \u0441\u0442\u0440\u0430\u043d\u0438\u0446\u0430\",\"item\":\"https:\/\/colibri-jewels.eu\/et\/\"},{\"@type\":\"ListItem\",\"position\":2,\"name\":\"Pood\",\"item\":\"https:\/\/colibri-jewels.eu\/et\/pood\/\"},{\"@type\":\"ListItem\",\"position\":3,\"name\":\"Thori kirves h\u00f5bedane amulett P-8173\"}]},{\"@type\":\"WebSite\",\"@id\":\"https:\/\/colibri-jewels.eu\/et\/#website\",\"url\":\"https:\/\/colibri-jewels.eu\/et\/\",\"name\":\"Colibri jewels\",\"description\":\"jewelry shop\",\"publisher\":{\"@id\":\"https:\/\/colibri-jewels.eu\/et\/#organization\"},\"potentialAction\":[{\"@type\":\"SearchAction\",\"target\":{\"@type\":\"EntryPoint\",\"urlTemplate\":\"https:\/\/colibri-jewels.eu\/et\/?s={search_term_string}\"},\"query-input\":{\"@type\":\"PropertyValueSpecification\",\"valueRequired\":true,\"valueName\":\"search_term_string\"}}],\"inLanguage\":\"et\"},{\"@type\":\"Organization\",\"@id\":\"https:\/\/colibri-jewels.eu\/et\/#organization\",\"name\":\"O\u00dc Colibri\",\"url\":\"https:\/\/colibri-jewels.eu\/et\/\",\"logo\":{\"@type\":\"ImageObject\",\"inLanguage\":\"et\",\"@id\":\"https:\/\/colibri-jewels.eu\/et\/#\/schema\/logo\/image\/\",\"url\":\"https:\/\/dev.colibri-jewels.eu\/wp-content\/uploads\/2021\/03\/colibri.png\",\"contentUrl\":\"https:\/\/dev.colibri-jewels.eu\/wp-content\/uploads\/2021\/03\/colibri.png\",\"width\":227,\"height\":130,\"caption\":\"O\u00dc Colibri\"},\"image\":{\"@id\":\"https:\/\/colibri-jewels.eu\/et\/#\/schema\/logo\/image\/\"},\"sameAs\":[\"https:\/\/www.facebook.com\/colibri.jewels\",\"https:\/\/www.instagram.com\/colibri.jewels\",\"https:\/\/www.tiktok.com\/colibri.jewels\"]}]}<\/script>\n<!-- \/ Yoast SEO Premium plugin. -->","yoast_head_json":{"title":"Thori kirves h\u00f5bedane amulett P-8173 - Colibri jewels","robots":{"index":"index","follow":"follow","max-snippet":"max-snippet:-1","max-image-preview":"max-image-preview:large","max-video-preview":"max-video-preview:-1"},"canonical":"https:\/\/colibri-jewels.eu\/et\/toode\/okkad-kirves-hobe-amulett-p-8173\/","og_locale":"et_EE","og_type":"article","og_title":"Thori kirves h\u00f5bedane amulett P-8173","og_description":"Legendaarne Skandinaavia s\u00fcmbol \u2013 Thori kirves Odyni varestega. Kahepoolne, h\u00f5be 925*. On kaks varianti - mustamine kullaga v\u00f5i ilma. Kaal umbes 13 grammi.","og_url":"https:\/\/colibri-jewels.eu\/et\/toode\/okkad-kirves-hobe-amulett-p-8173\/","og_site_name":"Colibri jewels","article_publisher":"https:\/\/www.facebook.com\/colibri.jewels","article_modified_time":"2024-11-15T19:49:09+00:00","og_image":[{"width":1000,"height":1000,"url":"https:\/\/colibri-jewels.eu\/wp-content\/uploads\/2022\/05\/p-8173web2.jpg","type":"image\/jpeg"}],"twitter_card":"summary_large_image","twitter_misc":{"Est. reading time":"1 minut"},"schema":{"@context":"https:\/\/schema.org","@graph":[{"@type":"WebPage","@id":"https:\/\/colibri-jewels.eu\/et\/toode\/okkad-kirves-hobe-amulett-p-8173\/","url":"https:\/\/colibri-jewels.eu\/et\/toode\/okkad-kirves-hobe-amulett-p-8173\/","name":"Thori kirves h\u00f5bedane amulett P-8173 - Colibri jewels","isPartOf":{"@id":"https:\/\/colibri-jewels.eu\/et\/#website"},"primaryImageOfPage":{"@id":"https:\/\/colibri-jewels.eu\/et\/toode\/okkad-kirves-hobe-amulett-p-8173\/#primaryimage"},"image":{"@id":"https:\/\/colibri-jewels.eu\/et\/toode\/okkad-kirves-hobe-amulett-p-8173\/#primaryimage"},"thumbnailUrl":"https:\/\/colibri-jewels.eu\/wp-content\/uploads\/2022\/05\/p-8173web2.jpg","datePublished":"2024-10-17T13:20:14+00:00","dateModified":"2024-11-15T19:49:09+00:00","breadcrumb":{"@id":"https:\/\/colibri-jewels.eu\/et\/toode\/okkad-kirves-hobe-amulett-p-8173\/#breadcrumb"},"inLanguage":"et","potentialAction":[{"@type":"ReadAction","target":["https:\/\/colibri-jewels.eu\/et\/toode\/okkad-kirves-hobe-amulett-p-8173\/"]}]},{"@type":"ImageObject","inLanguage":"et","@id":"https:\/\/colibri-jewels.eu\/et\/toode\/okkad-kirves-hobe-amulett-p-8173\/#primaryimage","url":"https:\/\/colibri-jewels.eu\/wp-content\/uploads\/2022\/05\/p-8173web2.jpg","contentUrl":"https:\/\/colibri-jewels.eu\/wp-content\/uploads\/2022\/05\/p-8173web2.jpg","width":1000,"height":1000},{"@type":"BreadcrumbList","@id":"https:\/\/colibri-jewels.eu\/et\/toode\/okkad-kirves-hobe-amulett-p-8173\/#breadcrumb","itemListElement":[{"@type":"ListItem","position":1,"name":"\u0413\u043b\u0430\u0432\u043d\u0430\u044f \u0441\u0442\u0440\u0430\u043d\u0438\u0446\u0430","item":"https:\/\/colibri-jewels.eu\/et\/"},{"@type":"ListItem","position":2,"name":"Pood","item":"https:\/\/colibri-jewels.eu\/et\/pood\/"},{"@type":"ListItem","position":3,"name":"Thori kirves h\u00f5bedane amulett P-8173"}]},{"@type":"WebSite","@id":"https:\/\/colibri-jewels.eu\/et\/#website","url":"https:\/\/colibri-jewels.eu\/et\/","name":"Colibri jewels","description":"jewelry shop","publisher":{"@id":"https:\/\/colibri-jewels.eu\/et\/#organization"},"potentialAction":[{"@type":"SearchAction","target":{"@type":"EntryPoint","urlTemplate":"https:\/\/colibri-jewels.eu\/et\/?s={search_term_string}"},"query-input":{"@type":"PropertyValueSpecification","valueRequired":true,"valueName":"search_term_string"}}],"inLanguage":"et"},{"@type":"Organization","@id":"https:\/\/colibri-jewels.eu\/et\/#organization","name":"O\u00dc Colibri","url":"https:\/\/colibri-jewels.eu\/et\/","logo":{"@type":"ImageObject","inLanguage":"et","@id":"https:\/\/colibri-jewels.eu\/et\/#\/schema\/logo\/image\/","url":"https:\/\/dev.colibri-jewels.eu\/wp-content\/uploads\/2021\/03\/colibri.png","contentUrl":"https:\/\/dev.colibri-jewels.eu\/wp-content\/uploads\/2021\/03\/colibri.png","width":227,"height":130,"caption":"O\u00dc Colibri"},"image":{"@id":"https:\/\/colibri-jewels.eu\/et\/#\/schema\/logo\/image\/"},"sameAs":["https:\/\/www.facebook.com\/colibri.jewels","https:\/\/www.instagram.com\/colibri.jewels","https:\/\/www.tiktok.com\/colibri.jewels"]}]}},"_links":{"self":[{"href":"https:\/\/colibri-jewels.eu\/et\/wp-json\/wp\/v2\/product\/28370","targetHints":{"allow":["GET"]}}],"collection":[{"href":"https:\/\/colibri-jewels.eu\/et\/wp-json\/wp\/v2\/product"}],"about":[{"href":"https:\/\/colibri-jewels.eu\/et\/wp-json\/wp\/v2\/types\/product"}],"replies":[{"embeddable":true,"href":"https:\/\/colibri-jewels.eu\/et\/wp-json\/wp\/v2\/comments?post=28370"}],"version-history":[{"count":0,"href":"https:\/\/colibri-jewels.eu\/et\/wp-json\/wp\/v2\/product\/28370\/revisions"}],"wp:featuredmedia":[{"embeddable":true,"href":"https:\/\/colibri-jewels.eu\/et\/wp-json\/wp\/v2\/media\/24431"}],"wp:attachment":[{"href":"https:\/\/colibri-jewels.eu\/et\/wp-json\/wp\/v2\/media?parent=28370"}],"wp:term":[{"taxonomy":"brand","embeddable":true,"href":"https:\/\/colibri-jewels.eu\/et\/wp-json\/wp\/v2\/etheme_brands?post=28370"},{"taxonomy":"product_brand","embeddable":true,"href":"https:\/\/colibri-jewels.eu\/et\/wp-json\/wp\/v2\/product_brand?post=28370"},{"taxonomy":"product_cat","embeddable":true,"href":"https:\/\/colibri-jewels.eu\/et\/wp-json\/wp\/v2\/product_cat?post=28370"},{"taxonomy":"product_tag","embeddable":true,"href":"https:\/\/colibri-jewels.eu\/et\/wp-json\/wp\/v2\/product_tag?post=28370"}],"curies":[{"name":"wp","href":"https:\/\/api.w.org\/{rel}","templated":true}]}}