{"id":28380,"date":"2022-05-14T20:44:02","date_gmt":"2022-05-14T17:44:02","guid":{"rendered":"https:\/\/dev.colibri-jewels.eu\/product\/karu-ripats-eksklusiivsele-totemikollektsioonile-p-8085-ag\/"},"modified":"2023-07-10T19:32:54","modified_gmt":"2023-07-10T16:32:54","slug":"p8085ag","status":"publish","type":"product","link":"https:\/\/colibri-jewels.eu\/et\/toode\/p8085ag\/","title":{"rendered":"Karu ripats eksklusiivsele totemikollektsioonile P-8085 Ag"},"content":{"rendered":"<p>Karu on Maa tugevuse ja tugevuse enda s\u00fcmbol. Karu kui Totem annab inimesele v\u00f5ime suhelda Maa j\u00f5ududega, j\u00f5u ja enesekindluse, juhiomadused, raviv\u00f5imed, armastuse \u00fcksinduse ja rahu vastu. Karu vaim on raskel ajal tugevaks toeks. See annab julguse ja stabiilse aluse inimesele, kes seisab silmitsi probleemidega. Totem karu on lugupeetud juhi totem, kes v\u00f5tab vastutuse enda ja teiste inimeste elude eest.<\/p>\n<p>Sterling h\u00f5be, k\u00e4sitsi valmistatud. Eksklusiivne disain.<\/p>\n","protected":false},"excerpt":{"rendered":"<p>Karu on Maa tugevuse ja tugevuse enda s\u00fcmbol. Karu kui Totem annab inimesele v\u00f5ime suhelda Maa j\u00f5ududega, j\u00f5u ja enesekindluse, juhiomadused, raviv\u00f5imed, armastuse \u00fcksinduse ja rahu vastu. Karu vaim on raskel ajal tugevaks toeks. See annab julguse ja stabiilse aluse inimesele, kes seisab silmitsi probleemidega. Totem karu on lugupeetud juhi totem, kes v\u00f5tab vastutuse enda ja teiste inimeste elude eest.<\/p>\n<p>Sterling h\u00f5be, k\u00e4sitsi valmistatud. Eksklusiivne disain.<\/p>\n","protected":false},"featured_media":24118,"comment_status":"open","ping_status":"closed","template":"","meta":[],"etheme_brands":[],"product_brand":[],"product_cat":[470],"product_tag":[741,503],"class_list":{"0":"post-28380","1":"product","2":"type-product","3":"status-publish","4":"has-post-thumbnail","6":"product_cat-kaelakeed-ja-ripatsid","7":"product_tag-ehted-meestele","8":"product_tag-loomalik","10":"first","11":"instock","12":"shipping-taxable","13":"purchasable","14":"product-type-simple"},"acf":[],"yoast_head":"<!-- This site is optimized with the Yoast SEO Premium plugin v26.5 (Yoast SEO v26.8) - https:\/\/yoast.com\/product\/yoast-seo-premium-wordpress\/ -->\n<title>Karu ripats eksklusiivsele totemikollektsioonile P-8085 Ag - Colibri jewels<\/title>\n<meta name=\"robots\" content=\"index, follow, max-snippet:-1, max-image-preview:large, max-video-preview:-1\" \/>\n<link rel=\"canonical\" href=\"https:\/\/colibri-jewels.eu\/et\/toode\/p8085ag\/\" \/>\n<meta property=\"og:locale\" content=\"et_EE\" \/>\n<meta property=\"og:type\" content=\"article\" \/>\n<meta property=\"og:title\" content=\"Karu ripats eksklusiivsele totemikollektsioonile P-8085 Ag\" \/>\n<meta property=\"og:description\" content=\"Karu on Maa tugevuse ja tugevuse enda s\u00fcmbol. Karu kui Totem annab inimesele v\u00f5ime suhelda Maa j\u00f5ududega, j\u00f5u ja enesekindluse, juhiomadused, raviv\u00f5imed, armastuse \u00fcksinduse ja rahu vastu. Karu vaim on raskel ajal tugevaks toeks. See annab julguse ja stabiilse aluse inimesele, kes seisab silmitsi probleemidega. Totem karu on lugupeetud juhi totem, kes v\u00f5tab vastutuse enda ja teiste inimeste elude eest. Sterling h\u00f5be, k\u00e4sitsi valmistatud. Eksklusiivne disain.\" \/>\n<meta property=\"og:url\" content=\"https:\/\/colibri-jewels.eu\/et\/toode\/p8085ag\/\" \/>\n<meta property=\"og:site_name\" content=\"Colibri jewels\" \/>\n<meta property=\"article:publisher\" content=\"https:\/\/www.facebook.com\/colibri.jewels\" \/>\n<meta property=\"article:modified_time\" content=\"2023-07-10T16:32:54+00:00\" \/>\n<meta property=\"og:image\" content=\"https:\/\/colibri-jewels.eu\/wp-content\/uploads\/2022\/05\/P-8085web.jpg\" \/>\n\t<meta property=\"og:image:width\" content=\"1000\" \/>\n\t<meta property=\"og:image:height\" content=\"1000\" \/>\n\t<meta property=\"og:image:type\" content=\"image\/jpeg\" \/>\n<meta name=\"twitter:card\" content=\"summary_large_image\" \/>\n<script type=\"application\/ld+json\" class=\"yoast-schema-graph\">{\"@context\":\"https:\/\/schema.org\",\"@graph\":[{\"@type\":\"WebPage\",\"@id\":\"https:\/\/colibri-jewels.eu\/et\/toode\/p8085ag\/\",\"url\":\"https:\/\/colibri-jewels.eu\/et\/toode\/p8085ag\/\",\"name\":\"Karu ripats eksklusiivsele totemikollektsioonile P-8085 Ag - Colibri jewels\",\"isPartOf\":{\"@id\":\"https:\/\/colibri-jewels.eu\/et\/#website\"},\"primaryImageOfPage\":{\"@id\":\"https:\/\/colibri-jewels.eu\/et\/toode\/p8085ag\/#primaryimage\"},\"image\":{\"@id\":\"https:\/\/colibri-jewels.eu\/et\/toode\/p8085ag\/#primaryimage\"},\"thumbnailUrl\":\"https:\/\/colibri-jewels.eu\/wp-content\/uploads\/2022\/05\/P-8085web.jpg\",\"datePublished\":\"2022-05-14T17:44:02+00:00\",\"dateModified\":\"2023-07-10T16:32:54+00:00\",\"breadcrumb\":{\"@id\":\"https:\/\/colibri-jewels.eu\/et\/toode\/p8085ag\/#breadcrumb\"},\"inLanguage\":\"et\",\"potentialAction\":[{\"@type\":\"ReadAction\",\"target\":[\"https:\/\/colibri-jewels.eu\/et\/toode\/p8085ag\/\"]}]},{\"@type\":\"ImageObject\",\"inLanguage\":\"et\",\"@id\":\"https:\/\/colibri-jewels.eu\/et\/toode\/p8085ag\/#primaryimage\",\"url\":\"https:\/\/colibri-jewels.eu\/wp-content\/uploads\/2022\/05\/P-8085web.jpg\",\"contentUrl\":\"https:\/\/colibri-jewels.eu\/wp-content\/uploads\/2022\/05\/P-8085web.jpg\",\"width\":1000,\"height\":1000},{\"@type\":\"BreadcrumbList\",\"@id\":\"https:\/\/colibri-jewels.eu\/et\/toode\/p8085ag\/#breadcrumb\",\"itemListElement\":[{\"@type\":\"ListItem\",\"position\":1,\"name\":\"\u0413\u043b\u0430\u0432\u043d\u0430\u044f \u0441\u0442\u0440\u0430\u043d\u0438\u0446\u0430\",\"item\":\"https:\/\/colibri-jewels.eu\/et\/\"},{\"@type\":\"ListItem\",\"position\":2,\"name\":\"Pood\",\"item\":\"https:\/\/colibri-jewels.eu\/et\/pood\/\"},{\"@type\":\"ListItem\",\"position\":3,\"name\":\"Karu ripats eksklusiivsele totemikollektsioonile P-8085 Ag\"}]},{\"@type\":\"WebSite\",\"@id\":\"https:\/\/colibri-jewels.eu\/et\/#website\",\"url\":\"https:\/\/colibri-jewels.eu\/et\/\",\"name\":\"Colibri jewels\",\"description\":\"jewelry shop\",\"publisher\":{\"@id\":\"https:\/\/colibri-jewels.eu\/et\/#organization\"},\"potentialAction\":[{\"@type\":\"SearchAction\",\"target\":{\"@type\":\"EntryPoint\",\"urlTemplate\":\"https:\/\/colibri-jewels.eu\/et\/?s={search_term_string}\"},\"query-input\":{\"@type\":\"PropertyValueSpecification\",\"valueRequired\":true,\"valueName\":\"search_term_string\"}}],\"inLanguage\":\"et\"},{\"@type\":\"Organization\",\"@id\":\"https:\/\/colibri-jewels.eu\/et\/#organization\",\"name\":\"O\u00dc Colibri\",\"url\":\"https:\/\/colibri-jewels.eu\/et\/\",\"logo\":{\"@type\":\"ImageObject\",\"inLanguage\":\"et\",\"@id\":\"https:\/\/colibri-jewels.eu\/et\/#\/schema\/logo\/image\/\",\"url\":\"https:\/\/dev.colibri-jewels.eu\/wp-content\/uploads\/2021\/03\/colibri.png\",\"contentUrl\":\"https:\/\/dev.colibri-jewels.eu\/wp-content\/uploads\/2021\/03\/colibri.png\",\"width\":227,\"height\":130,\"caption\":\"O\u00dc Colibri\"},\"image\":{\"@id\":\"https:\/\/colibri-jewels.eu\/et\/#\/schema\/logo\/image\/\"},\"sameAs\":[\"https:\/\/www.facebook.com\/colibri.jewels\",\"https:\/\/www.instagram.com\/colibri.jewels\",\"https:\/\/www.tiktok.com\/colibri.jewels\"]}]}<\/script>\n<!-- \/ Yoast SEO Premium plugin. -->","yoast_head_json":{"title":"Karu ripats eksklusiivsele totemikollektsioonile P-8085 Ag - Colibri jewels","robots":{"index":"index","follow":"follow","max-snippet":"max-snippet:-1","max-image-preview":"max-image-preview:large","max-video-preview":"max-video-preview:-1"},"canonical":"https:\/\/colibri-jewels.eu\/et\/toode\/p8085ag\/","og_locale":"et_EE","og_type":"article","og_title":"Karu ripats eksklusiivsele totemikollektsioonile P-8085 Ag","og_description":"Karu on Maa tugevuse ja tugevuse enda s\u00fcmbol. Karu kui Totem annab inimesele v\u00f5ime suhelda Maa j\u00f5ududega, j\u00f5u ja enesekindluse, juhiomadused, raviv\u00f5imed, armastuse \u00fcksinduse ja rahu vastu. Karu vaim on raskel ajal tugevaks toeks. See annab julguse ja stabiilse aluse inimesele, kes seisab silmitsi probleemidega. Totem karu on lugupeetud juhi totem, kes v\u00f5tab vastutuse enda ja teiste inimeste elude eest. Sterling h\u00f5be, k\u00e4sitsi valmistatud. Eksklusiivne disain.","og_url":"https:\/\/colibri-jewels.eu\/et\/toode\/p8085ag\/","og_site_name":"Colibri jewels","article_publisher":"https:\/\/www.facebook.com\/colibri.jewels","article_modified_time":"2023-07-10T16:32:54+00:00","og_image":[{"width":1000,"height":1000,"url":"https:\/\/colibri-jewels.eu\/wp-content\/uploads\/2022\/05\/P-8085web.jpg","type":"image\/jpeg"}],"twitter_card":"summary_large_image","schema":{"@context":"https:\/\/schema.org","@graph":[{"@type":"WebPage","@id":"https:\/\/colibri-jewels.eu\/et\/toode\/p8085ag\/","url":"https:\/\/colibri-jewels.eu\/et\/toode\/p8085ag\/","name":"Karu ripats eksklusiivsele totemikollektsioonile P-8085 Ag - Colibri jewels","isPartOf":{"@id":"https:\/\/colibri-jewels.eu\/et\/#website"},"primaryImageOfPage":{"@id":"https:\/\/colibri-jewels.eu\/et\/toode\/p8085ag\/#primaryimage"},"image":{"@id":"https:\/\/colibri-jewels.eu\/et\/toode\/p8085ag\/#primaryimage"},"thumbnailUrl":"https:\/\/colibri-jewels.eu\/wp-content\/uploads\/2022\/05\/P-8085web.jpg","datePublished":"2022-05-14T17:44:02+00:00","dateModified":"2023-07-10T16:32:54+00:00","breadcrumb":{"@id":"https:\/\/colibri-jewels.eu\/et\/toode\/p8085ag\/#breadcrumb"},"inLanguage":"et","potentialAction":[{"@type":"ReadAction","target":["https:\/\/colibri-jewels.eu\/et\/toode\/p8085ag\/"]}]},{"@type":"ImageObject","inLanguage":"et","@id":"https:\/\/colibri-jewels.eu\/et\/toode\/p8085ag\/#primaryimage","url":"https:\/\/colibri-jewels.eu\/wp-content\/uploads\/2022\/05\/P-8085web.jpg","contentUrl":"https:\/\/colibri-jewels.eu\/wp-content\/uploads\/2022\/05\/P-8085web.jpg","width":1000,"height":1000},{"@type":"BreadcrumbList","@id":"https:\/\/colibri-jewels.eu\/et\/toode\/p8085ag\/#breadcrumb","itemListElement":[{"@type":"ListItem","position":1,"name":"\u0413\u043b\u0430\u0432\u043d\u0430\u044f \u0441\u0442\u0440\u0430\u043d\u0438\u0446\u0430","item":"https:\/\/colibri-jewels.eu\/et\/"},{"@type":"ListItem","position":2,"name":"Pood","item":"https:\/\/colibri-jewels.eu\/et\/pood\/"},{"@type":"ListItem","position":3,"name":"Karu ripats eksklusiivsele totemikollektsioonile P-8085 Ag"}]},{"@type":"WebSite","@id":"https:\/\/colibri-jewels.eu\/et\/#website","url":"https:\/\/colibri-jewels.eu\/et\/","name":"Colibri jewels","description":"jewelry shop","publisher":{"@id":"https:\/\/colibri-jewels.eu\/et\/#organization"},"potentialAction":[{"@type":"SearchAction","target":{"@type":"EntryPoint","urlTemplate":"https:\/\/colibri-jewels.eu\/et\/?s={search_term_string}"},"query-input":{"@type":"PropertyValueSpecification","valueRequired":true,"valueName":"search_term_string"}}],"inLanguage":"et"},{"@type":"Organization","@id":"https:\/\/colibri-jewels.eu\/et\/#organization","name":"O\u00dc Colibri","url":"https:\/\/colibri-jewels.eu\/et\/","logo":{"@type":"ImageObject","inLanguage":"et","@id":"https:\/\/colibri-jewels.eu\/et\/#\/schema\/logo\/image\/","url":"https:\/\/dev.colibri-jewels.eu\/wp-content\/uploads\/2021\/03\/colibri.png","contentUrl":"https:\/\/dev.colibri-jewels.eu\/wp-content\/uploads\/2021\/03\/colibri.png","width":227,"height":130,"caption":"O\u00dc Colibri"},"image":{"@id":"https:\/\/colibri-jewels.eu\/et\/#\/schema\/logo\/image\/"},"sameAs":["https:\/\/www.facebook.com\/colibri.jewels","https:\/\/www.instagram.com\/colibri.jewels","https:\/\/www.tiktok.com\/colibri.jewels"]}]}},"_links":{"self":[{"href":"https:\/\/colibri-jewels.eu\/et\/wp-json\/wp\/v2\/product\/28380","targetHints":{"allow":["GET"]}}],"collection":[{"href":"https:\/\/colibri-jewels.eu\/et\/wp-json\/wp\/v2\/product"}],"about":[{"href":"https:\/\/colibri-jewels.eu\/et\/wp-json\/wp\/v2\/types\/product"}],"replies":[{"embeddable":true,"href":"https:\/\/colibri-jewels.eu\/et\/wp-json\/wp\/v2\/comments?post=28380"}],"version-history":[{"count":0,"href":"https:\/\/colibri-jewels.eu\/et\/wp-json\/wp\/v2\/product\/28380\/revisions"}],"wp:featuredmedia":[{"embeddable":true,"href":"https:\/\/colibri-jewels.eu\/et\/wp-json\/wp\/v2\/media\/24118"}],"wp:attachment":[{"href":"https:\/\/colibri-jewels.eu\/et\/wp-json\/wp\/v2\/media?parent=28380"}],"wp:term":[{"taxonomy":"brand","embeddable":true,"href":"https:\/\/colibri-jewels.eu\/et\/wp-json\/wp\/v2\/etheme_brands?post=28380"},{"taxonomy":"product_brand","embeddable":true,"href":"https:\/\/colibri-jewels.eu\/et\/wp-json\/wp\/v2\/product_brand?post=28380"},{"taxonomy":"product_cat","embeddable":true,"href":"https:\/\/colibri-jewels.eu\/et\/wp-json\/wp\/v2\/product_cat?post=28380"},{"taxonomy":"product_tag","embeddable":true,"href":"https:\/\/colibri-jewels.eu\/et\/wp-json\/wp\/v2\/product_tag?post=28380"}],"curies":[{"name":"wp","href":"https:\/\/api.w.org\/{rel}","templated":true}]}}