{"id":28474,"date":"2022-05-13T22:55:06","date_gmt":"2022-05-13T19:55:06","guid":{"rendered":"https:\/\/dev.colibri-jewels.eu\/product\/kuldsed-klassikalises-stiilis-smaragdist-ja-teemantkorvarongad-e-5567\/"},"modified":"2022-05-13T22:55:06","modified_gmt":"2022-05-13T19:55:06","slug":"ede5567-2","status":"publish","type":"product","link":"https:\/\/colibri-jewels.eu\/et\/toode\/ede5567-2\/","title":{"rendered":"Kuldsed klassikalises stiilis smaragdist ja teemantk\u00f5rvar\u00f5ngad E-5567"},"content":{"rendered":"<p>V\u00e4ikesi kuldseid smaragdide ja teemantidega k\u00f5rvar\u00f5ngaid pole nii lihtne kaotada ja neid on v\u00f5imatu peast v\u00e4lja visata. Kui soovite valida sobiva ehte, mis sobib igaks elujuhtumiks &#8211; valige need kuldk\u00f5rvar\u00f5ngad. Nad n\u00e4evad suurep\u00e4rased v\u00e4lja erinevate riietusstiilidega, nii peakattega kui ilma.<\/p>\n<p>Ega asjata valitakse juba pikka aega smaragdidega kuldk\u00f5rvar\u00f5ngaid ja keerdlukkudega teemante. V\u00e4\u00e4rismetallid m\u00f5jutavad tervist ja ilu. T\u00fcdruku jaoks on p\u00e4evasel ajal oluline olla atraktiivne, r\u00f5hutada tugevaid k\u00fclgi.<br \/>\nSelleks sobivad usaldusv\u00e4\u00e4rse disainiga k\u00f5rvar\u00f5ngad, millel pole piiranguid. Tervitatav on ka stiili rangus, nii j\u00e4tab inimene unustamatu mulje. V\u00e4\u00e4rismetallide ja klassikalise stiili abil on v\u00f5imalik ja vajalik saavutada teiste asukoht. Ja loomulikult on smaragdid ja teemandid silmadele meeldivaks kaunistuseks. V\u00e4ikesed smaragdid annavad v\u00e4ga t\u00e4pse s\u00e4ra ja p\u00e4evavalguses on isegi s\u00e4ra n\u00e4ha.<\/p>\n","protected":false},"excerpt":{"rendered":"<p>Pisikesed klassikalised keermelukuga smaragdist ja teemantk\u00f5rvar\u00f5ngad.<br \/>\nSmaragdid &#8211; 0,22 ct<br \/>\nTeemandid 28 \/ 0,12 ct, t\u00e4isl\u00f5ikega<br \/>\nRoosa kuld 585*<br \/>\nK\u00f5rvar\u00f5nga kaal 1,78 g<\/p>\n","protected":false},"featured_media":23859,"comment_status":"open","ping_status":"closed","template":"","meta":[],"etheme_brands":[],"product_brand":[],"product_cat":[469],"product_tag":[472],"class_list":{"0":"post-28474","1":"product","2":"type-product","3":"status-publish","4":"has-post-thumbnail","6":"product_cat-korvarongad","7":"product_tag-klassika","9":"first","10":"onbackorder","11":"shipping-taxable","12":"purchasable","13":"product-type-simple"},"acf":[],"yoast_head":"<!-- This site is optimized with the Yoast SEO Premium plugin v26.5 (Yoast SEO v26.8) - https:\/\/yoast.com\/product\/yoast-seo-premium-wordpress\/ -->\n<title>Kuldsed klassikalises stiilis smaragdist ja teemantk\u00f5rvar\u00f5ngad E-5567 - Colibri jewels<\/title>\n<meta name=\"description\" content=\"Meie veebipoest saad osta kuldseid smaragdide ja briljantidega k\u00f5rvar\u00f5ngaid. Parima kvaliteediga ehted Ukraina juveelitehastest \u00fclemaailmse kohaletoimetamisega.\" \/>\n<meta name=\"robots\" content=\"index, follow, max-snippet:-1, max-image-preview:large, max-video-preview:-1\" \/>\n<link rel=\"canonical\" href=\"https:\/\/colibri-jewels.eu\/et\/toode\/ede5567-2\/\" \/>\n<meta property=\"og:locale\" content=\"et_EE\" \/>\n<meta property=\"og:type\" content=\"article\" \/>\n<meta property=\"og:title\" content=\"Kuldsed klassikalises stiilis smaragdist ja teemantk\u00f5rvar\u00f5ngad E-5567\" \/>\n<meta property=\"og:description\" content=\"Meie veebipoest saad osta kuldseid smaragdide ja briljantidega k\u00f5rvar\u00f5ngaid. Parima kvaliteediga ehted Ukraina juveelitehastest \u00fclemaailmse kohaletoimetamisega.\" \/>\n<meta property=\"og:url\" content=\"https:\/\/colibri-jewels.eu\/et\/toode\/ede5567-2\/\" \/>\n<meta property=\"og:site_name\" content=\"Colibri jewels\" \/>\n<meta property=\"article:publisher\" content=\"https:\/\/www.facebook.com\/colibri.jewels\" \/>\n<meta property=\"og:image\" content=\"https:\/\/colibri-jewels.eu\/wp-content\/uploads\/2022\/05\/EDE-5567web.jpg\" \/>\n\t<meta property=\"og:image:width\" content=\"1000\" \/>\n\t<meta property=\"og:image:height\" content=\"1000\" \/>\n\t<meta property=\"og:image:type\" content=\"image\/jpeg\" \/>\n<meta name=\"twitter:card\" content=\"summary_large_image\" \/>\n<meta name=\"twitter:label1\" content=\"Est. reading time\" \/>\n\t<meta name=\"twitter:data1\" content=\"1 minut\" \/>\n<script type=\"application\/ld+json\" class=\"yoast-schema-graph\">{\"@context\":\"https:\/\/schema.org\",\"@graph\":[{\"@type\":\"WebPage\",\"@id\":\"https:\/\/colibri-jewels.eu\/et\/toode\/ede5567-2\/\",\"url\":\"https:\/\/colibri-jewels.eu\/et\/toode\/ede5567-2\/\",\"name\":\"Kuldsed klassikalises stiilis smaragdist ja teemantk\u00f5rvar\u00f5ngad E-5567 - Colibri jewels\",\"isPartOf\":{\"@id\":\"https:\/\/colibri-jewels.eu\/et\/#website\"},\"primaryImageOfPage\":{\"@id\":\"https:\/\/colibri-jewels.eu\/et\/toode\/ede5567-2\/#primaryimage\"},\"image\":{\"@id\":\"https:\/\/colibri-jewels.eu\/et\/toode\/ede5567-2\/#primaryimage\"},\"thumbnailUrl\":\"https:\/\/colibri-jewels.eu\/wp-content\/uploads\/2022\/05\/EDE-5567web.jpg\",\"datePublished\":\"2022-05-13T19:55:06+00:00\",\"description\":\"Meie veebipoest saad osta kuldseid smaragdide ja briljantidega k\u00f5rvar\u00f5ngaid. Parima kvaliteediga ehted Ukraina juveelitehastest \u00fclemaailmse kohaletoimetamisega.\",\"breadcrumb\":{\"@id\":\"https:\/\/colibri-jewels.eu\/et\/toode\/ede5567-2\/#breadcrumb\"},\"inLanguage\":\"et\",\"potentialAction\":[{\"@type\":\"ReadAction\",\"target\":[\"https:\/\/colibri-jewels.eu\/et\/toode\/ede5567-2\/\"]}]},{\"@type\":\"ImageObject\",\"inLanguage\":\"et\",\"@id\":\"https:\/\/colibri-jewels.eu\/et\/toode\/ede5567-2\/#primaryimage\",\"url\":\"https:\/\/colibri-jewels.eu\/wp-content\/uploads\/2022\/05\/EDE-5567web.jpg\",\"contentUrl\":\"https:\/\/colibri-jewels.eu\/wp-content\/uploads\/2022\/05\/EDE-5567web.jpg\",\"width\":1000,\"height\":1000},{\"@type\":\"BreadcrumbList\",\"@id\":\"https:\/\/colibri-jewels.eu\/et\/toode\/ede5567-2\/#breadcrumb\",\"itemListElement\":[{\"@type\":\"ListItem\",\"position\":1,\"name\":\"\u0413\u043b\u0430\u0432\u043d\u0430\u044f \u0441\u0442\u0440\u0430\u043d\u0438\u0446\u0430\",\"item\":\"https:\/\/colibri-jewels.eu\/et\/\"},{\"@type\":\"ListItem\",\"position\":2,\"name\":\"Pood\",\"item\":\"https:\/\/colibri-jewels.eu\/et\/pood\/\"},{\"@type\":\"ListItem\",\"position\":3,\"name\":\"Kuldsed klassikalises stiilis smaragdist ja teemantk\u00f5rvar\u00f5ngad E-5567\"}]},{\"@type\":\"WebSite\",\"@id\":\"https:\/\/colibri-jewels.eu\/et\/#website\",\"url\":\"https:\/\/colibri-jewels.eu\/et\/\",\"name\":\"Colibri jewels\",\"description\":\"jewelry shop\",\"publisher\":{\"@id\":\"https:\/\/colibri-jewels.eu\/et\/#organization\"},\"potentialAction\":[{\"@type\":\"SearchAction\",\"target\":{\"@type\":\"EntryPoint\",\"urlTemplate\":\"https:\/\/colibri-jewels.eu\/et\/?s={search_term_string}\"},\"query-input\":{\"@type\":\"PropertyValueSpecification\",\"valueRequired\":true,\"valueName\":\"search_term_string\"}}],\"inLanguage\":\"et\"},{\"@type\":\"Organization\",\"@id\":\"https:\/\/colibri-jewels.eu\/et\/#organization\",\"name\":\"O\u00dc Colibri\",\"url\":\"https:\/\/colibri-jewels.eu\/et\/\",\"logo\":{\"@type\":\"ImageObject\",\"inLanguage\":\"et\",\"@id\":\"https:\/\/colibri-jewels.eu\/et\/#\/schema\/logo\/image\/\",\"url\":\"https:\/\/dev.colibri-jewels.eu\/wp-content\/uploads\/2021\/03\/colibri.png\",\"contentUrl\":\"https:\/\/dev.colibri-jewels.eu\/wp-content\/uploads\/2021\/03\/colibri.png\",\"width\":227,\"height\":130,\"caption\":\"O\u00dc Colibri\"},\"image\":{\"@id\":\"https:\/\/colibri-jewels.eu\/et\/#\/schema\/logo\/image\/\"},\"sameAs\":[\"https:\/\/www.facebook.com\/colibri.jewels\",\"https:\/\/www.instagram.com\/colibri.jewels\",\"https:\/\/www.tiktok.com\/colibri.jewels\"]}]}<\/script>\n<!-- \/ Yoast SEO Premium plugin. -->","yoast_head_json":{"title":"Kuldsed klassikalises stiilis smaragdist ja teemantk\u00f5rvar\u00f5ngad E-5567 - Colibri jewels","description":"Meie veebipoest saad osta kuldseid smaragdide ja briljantidega k\u00f5rvar\u00f5ngaid. Parima kvaliteediga ehted Ukraina juveelitehastest \u00fclemaailmse kohaletoimetamisega.","robots":{"index":"index","follow":"follow","max-snippet":"max-snippet:-1","max-image-preview":"max-image-preview:large","max-video-preview":"max-video-preview:-1"},"canonical":"https:\/\/colibri-jewels.eu\/et\/toode\/ede5567-2\/","og_locale":"et_EE","og_type":"article","og_title":"Kuldsed klassikalises stiilis smaragdist ja teemantk\u00f5rvar\u00f5ngad E-5567","og_description":"Meie veebipoest saad osta kuldseid smaragdide ja briljantidega k\u00f5rvar\u00f5ngaid. Parima kvaliteediga ehted Ukraina juveelitehastest \u00fclemaailmse kohaletoimetamisega.","og_url":"https:\/\/colibri-jewels.eu\/et\/toode\/ede5567-2\/","og_site_name":"Colibri jewels","article_publisher":"https:\/\/www.facebook.com\/colibri.jewels","og_image":[{"width":1000,"height":1000,"url":"https:\/\/colibri-jewels.eu\/wp-content\/uploads\/2022\/05\/EDE-5567web.jpg","type":"image\/jpeg"}],"twitter_card":"summary_large_image","twitter_misc":{"Est. reading time":"1 minut"},"schema":{"@context":"https:\/\/schema.org","@graph":[{"@type":"WebPage","@id":"https:\/\/colibri-jewels.eu\/et\/toode\/ede5567-2\/","url":"https:\/\/colibri-jewels.eu\/et\/toode\/ede5567-2\/","name":"Kuldsed klassikalises stiilis smaragdist ja teemantk\u00f5rvar\u00f5ngad E-5567 - Colibri jewels","isPartOf":{"@id":"https:\/\/colibri-jewels.eu\/et\/#website"},"primaryImageOfPage":{"@id":"https:\/\/colibri-jewels.eu\/et\/toode\/ede5567-2\/#primaryimage"},"image":{"@id":"https:\/\/colibri-jewels.eu\/et\/toode\/ede5567-2\/#primaryimage"},"thumbnailUrl":"https:\/\/colibri-jewels.eu\/wp-content\/uploads\/2022\/05\/EDE-5567web.jpg","datePublished":"2022-05-13T19:55:06+00:00","description":"Meie veebipoest saad osta kuldseid smaragdide ja briljantidega k\u00f5rvar\u00f5ngaid. Parima kvaliteediga ehted Ukraina juveelitehastest \u00fclemaailmse kohaletoimetamisega.","breadcrumb":{"@id":"https:\/\/colibri-jewels.eu\/et\/toode\/ede5567-2\/#breadcrumb"},"inLanguage":"et","potentialAction":[{"@type":"ReadAction","target":["https:\/\/colibri-jewels.eu\/et\/toode\/ede5567-2\/"]}]},{"@type":"ImageObject","inLanguage":"et","@id":"https:\/\/colibri-jewels.eu\/et\/toode\/ede5567-2\/#primaryimage","url":"https:\/\/colibri-jewels.eu\/wp-content\/uploads\/2022\/05\/EDE-5567web.jpg","contentUrl":"https:\/\/colibri-jewels.eu\/wp-content\/uploads\/2022\/05\/EDE-5567web.jpg","width":1000,"height":1000},{"@type":"BreadcrumbList","@id":"https:\/\/colibri-jewels.eu\/et\/toode\/ede5567-2\/#breadcrumb","itemListElement":[{"@type":"ListItem","position":1,"name":"\u0413\u043b\u0430\u0432\u043d\u0430\u044f \u0441\u0442\u0440\u0430\u043d\u0438\u0446\u0430","item":"https:\/\/colibri-jewels.eu\/et\/"},{"@type":"ListItem","position":2,"name":"Pood","item":"https:\/\/colibri-jewels.eu\/et\/pood\/"},{"@type":"ListItem","position":3,"name":"Kuldsed klassikalises stiilis smaragdist ja teemantk\u00f5rvar\u00f5ngad E-5567"}]},{"@type":"WebSite","@id":"https:\/\/colibri-jewels.eu\/et\/#website","url":"https:\/\/colibri-jewels.eu\/et\/","name":"Colibri jewels","description":"jewelry shop","publisher":{"@id":"https:\/\/colibri-jewels.eu\/et\/#organization"},"potentialAction":[{"@type":"SearchAction","target":{"@type":"EntryPoint","urlTemplate":"https:\/\/colibri-jewels.eu\/et\/?s={search_term_string}"},"query-input":{"@type":"PropertyValueSpecification","valueRequired":true,"valueName":"search_term_string"}}],"inLanguage":"et"},{"@type":"Organization","@id":"https:\/\/colibri-jewels.eu\/et\/#organization","name":"O\u00dc Colibri","url":"https:\/\/colibri-jewels.eu\/et\/","logo":{"@type":"ImageObject","inLanguage":"et","@id":"https:\/\/colibri-jewels.eu\/et\/#\/schema\/logo\/image\/","url":"https:\/\/dev.colibri-jewels.eu\/wp-content\/uploads\/2021\/03\/colibri.png","contentUrl":"https:\/\/dev.colibri-jewels.eu\/wp-content\/uploads\/2021\/03\/colibri.png","width":227,"height":130,"caption":"O\u00dc Colibri"},"image":{"@id":"https:\/\/colibri-jewels.eu\/et\/#\/schema\/logo\/image\/"},"sameAs":["https:\/\/www.facebook.com\/colibri.jewels","https:\/\/www.instagram.com\/colibri.jewels","https:\/\/www.tiktok.com\/colibri.jewels"]}]}},"_links":{"self":[{"href":"https:\/\/colibri-jewels.eu\/et\/wp-json\/wp\/v2\/product\/28474","targetHints":{"allow":["GET"]}}],"collection":[{"href":"https:\/\/colibri-jewels.eu\/et\/wp-json\/wp\/v2\/product"}],"about":[{"href":"https:\/\/colibri-jewels.eu\/et\/wp-json\/wp\/v2\/types\/product"}],"replies":[{"embeddable":true,"href":"https:\/\/colibri-jewels.eu\/et\/wp-json\/wp\/v2\/comments?post=28474"}],"version-history":[{"count":0,"href":"https:\/\/colibri-jewels.eu\/et\/wp-json\/wp\/v2\/product\/28474\/revisions"}],"wp:featuredmedia":[{"embeddable":true,"href":"https:\/\/colibri-jewels.eu\/et\/wp-json\/wp\/v2\/media\/23859"}],"wp:attachment":[{"href":"https:\/\/colibri-jewels.eu\/et\/wp-json\/wp\/v2\/media?parent=28474"}],"wp:term":[{"taxonomy":"brand","embeddable":true,"href":"https:\/\/colibri-jewels.eu\/et\/wp-json\/wp\/v2\/etheme_brands?post=28474"},{"taxonomy":"product_brand","embeddable":true,"href":"https:\/\/colibri-jewels.eu\/et\/wp-json\/wp\/v2\/product_brand?post=28474"},{"taxonomy":"product_cat","embeddable":true,"href":"https:\/\/colibri-jewels.eu\/et\/wp-json\/wp\/v2\/product_cat?post=28474"},{"taxonomy":"product_tag","embeddable":true,"href":"https:\/\/colibri-jewels.eu\/et\/wp-json\/wp\/v2\/product_tag?post=28474"}],"curies":[{"name":"wp","href":"https:\/\/api.w.org\/{rel}","templated":true}]}}