{"id":28638,"date":"2022-06-16T19:48:18","date_gmt":"2022-06-16T16:48:18","guid":{"rendered":"https:\/\/dev.colibri-jewels.eu\/product\/hobedane-mansett-korvarongas-crown-smaragdide-ja-teemantidega-e-6938\/"},"modified":"2022-06-16T19:48:18","modified_gmt":"2022-06-16T16:48:18","slug":"hobe-manseti-korvarongas-kroon-smaragdide-ja-teemantidega-e-6938","status":"publish","type":"product","link":"https:\/\/colibri-jewels.eu\/et\/toode\/hobe-manseti-korvarongas-kroon-smaragdide-ja-teemantidega-e-6938\/","title":{"rendered":"H\u00f5bedane mansett-k\u00f5rvar\u00f5ngas &#8220;Crown&#8221; smaragdide ja teemantidega E-6938"},"content":{"rendered":"<p>V\u00e4ike ja t\u00e4pne h\u00f5bedane k\u00f5rvar\u00f5ngas smaragdide ja teemantidega. Armas kroon teile.<\/p>\n<p>Teemandid &#8211; 5 tk., 0,02 ct<\/p>\n<p>Smaragdid 6 tk., 0,07 ct<\/p>\n<p><iframe loading=\"lazy\" title=\"EE 6938\" width=\"1170\" height=\"878\" src=\"https:\/\/www.youtube.com\/embed\/leVOrR6H9K8?feature=oembed\" frameborder=\"0\" allow=\"accelerometer; autoplay; clipboard-write; encrypted-media; gyroscope; picture-in-picture; web-share\" referrerpolicy=\"strict-origin-when-cross-origin\" allowfullscreen><\/iframe><\/p>\n","protected":false},"excerpt":{"rendered":"<p>V\u00e4ike ja t\u00e4pne h\u00f5bedane k\u00f5rvar\u00f5ngas smaragdide ja teemantidega. Armas kroon teile.<\/p>\n<p>Teemandid &#8211; 5 tk., 0,02 ct<\/p>\n<p>Smaragdid 6 tk., 0,07 ct<\/p>\n","protected":false},"featured_media":28631,"comment_status":"open","ping_status":"closed","template":"","meta":[],"etheme_brands":[],"product_brand":[],"product_cat":[469],"product_tag":[],"class_list":{"0":"post-28638","1":"product","2":"type-product","3":"status-publish","4":"has-post-thumbnail","6":"product_cat-korvarongad","8":"first","9":"outofstock","10":"shipping-taxable","11":"purchasable","12":"product-type-simple"},"acf":[],"yoast_head":"<!-- This site is optimized with the Yoast SEO Premium plugin v26.5 (Yoast SEO v26.8) - https:\/\/yoast.com\/product\/yoast-seo-premium-wordpress\/ -->\n<title>H\u00f5bedane mansett-k\u00f5rvar\u00f5ngas &quot;Crown&quot; smaragdide ja teemantidega E-6938 - Colibri jewels<\/title>\n<meta name=\"description\" content=\"Stiilne h\u00f5bedane k\u00f5rvar\u00f5ngas naturaalsete smaragdide ja teemantidega osta meie veebipoest v\u00f5i k\u00fclasta meie esindussaali Tallinnas.\" \/>\n<meta name=\"robots\" content=\"index, follow, max-snippet:-1, max-image-preview:large, max-video-preview:-1\" \/>\n<link rel=\"canonical\" href=\"https:\/\/colibri-jewels.eu\/et\/toode\/hobe-manseti-korvarongas-kroon-smaragdide-ja-teemantidega-e-6938\/\" \/>\n<meta property=\"og:locale\" content=\"et_EE\" \/>\n<meta property=\"og:type\" content=\"article\" \/>\n<meta property=\"og:title\" content=\"H\u00f5bedane mansett-k\u00f5rvar\u00f5ngas &quot;Crown&quot; smaragdide ja teemantidega E-6938\" \/>\n<meta property=\"og:description\" content=\"Stiilne h\u00f5bedane k\u00f5rvar\u00f5ngas naturaalsete smaragdide ja teemantidega osta meie veebipoest v\u00f5i k\u00fclasta meie esindussaali Tallinnas.\" \/>\n<meta property=\"og:url\" content=\"https:\/\/colibri-jewels.eu\/et\/toode\/hobe-manseti-korvarongas-kroon-smaragdide-ja-teemantidega-e-6938\/\" \/>\n<meta property=\"og:site_name\" content=\"Colibri jewels\" \/>\n<meta property=\"article:publisher\" content=\"https:\/\/www.facebook.com\/colibri.jewels\" \/>\n<meta property=\"og:image\" content=\"https:\/\/colibri-jewels.eu\/wp-content\/uploads\/2022\/06\/e-6938-web.jpg\" \/>\n\t<meta property=\"og:image:width\" content=\"1000\" \/>\n\t<meta property=\"og:image:height\" content=\"1000\" \/>\n\t<meta property=\"og:image:type\" content=\"image\/jpeg\" \/>\n<meta name=\"twitter:card\" content=\"summary_large_image\" \/>\n<script type=\"application\/ld+json\" class=\"yoast-schema-graph\">{\"@context\":\"https:\/\/schema.org\",\"@graph\":[{\"@type\":\"WebPage\",\"@id\":\"https:\/\/colibri-jewels.eu\/et\/toode\/hobe-manseti-korvarongas-kroon-smaragdide-ja-teemantidega-e-6938\/\",\"url\":\"https:\/\/colibri-jewels.eu\/et\/toode\/hobe-manseti-korvarongas-kroon-smaragdide-ja-teemantidega-e-6938\/\",\"name\":\"H\u00f5bedane mansett-k\u00f5rvar\u00f5ngas \\\"Crown\\\" smaragdide ja teemantidega E-6938 - Colibri jewels\",\"isPartOf\":{\"@id\":\"https:\/\/colibri-jewels.eu\/et\/#website\"},\"primaryImageOfPage\":{\"@id\":\"https:\/\/colibri-jewels.eu\/et\/toode\/hobe-manseti-korvarongas-kroon-smaragdide-ja-teemantidega-e-6938\/#primaryimage\"},\"image\":{\"@id\":\"https:\/\/colibri-jewels.eu\/et\/toode\/hobe-manseti-korvarongas-kroon-smaragdide-ja-teemantidega-e-6938\/#primaryimage\"},\"thumbnailUrl\":\"https:\/\/colibri-jewels.eu\/wp-content\/uploads\/2022\/06\/e-6938-web.jpg\",\"datePublished\":\"2022-06-16T16:48:18+00:00\",\"description\":\"Stiilne h\u00f5bedane k\u00f5rvar\u00f5ngas naturaalsete smaragdide ja teemantidega osta meie veebipoest v\u00f5i k\u00fclasta meie esindussaali Tallinnas.\",\"breadcrumb\":{\"@id\":\"https:\/\/colibri-jewels.eu\/et\/toode\/hobe-manseti-korvarongas-kroon-smaragdide-ja-teemantidega-e-6938\/#breadcrumb\"},\"inLanguage\":\"et\",\"potentialAction\":[{\"@type\":\"ReadAction\",\"target\":[\"https:\/\/colibri-jewels.eu\/et\/toode\/hobe-manseti-korvarongas-kroon-smaragdide-ja-teemantidega-e-6938\/\"]}]},{\"@type\":\"ImageObject\",\"inLanguage\":\"et\",\"@id\":\"https:\/\/colibri-jewels.eu\/et\/toode\/hobe-manseti-korvarongas-kroon-smaragdide-ja-teemantidega-e-6938\/#primaryimage\",\"url\":\"https:\/\/colibri-jewels.eu\/wp-content\/uploads\/2022\/06\/e-6938-web.jpg\",\"contentUrl\":\"https:\/\/colibri-jewels.eu\/wp-content\/uploads\/2022\/06\/e-6938-web.jpg\",\"width\":1000,\"height\":1000},{\"@type\":\"BreadcrumbList\",\"@id\":\"https:\/\/colibri-jewels.eu\/et\/toode\/hobe-manseti-korvarongas-kroon-smaragdide-ja-teemantidega-e-6938\/#breadcrumb\",\"itemListElement\":[{\"@type\":\"ListItem\",\"position\":1,\"name\":\"\u0413\u043b\u0430\u0432\u043d\u0430\u044f \u0441\u0442\u0440\u0430\u043d\u0438\u0446\u0430\",\"item\":\"https:\/\/colibri-jewels.eu\/et\/\"},{\"@type\":\"ListItem\",\"position\":2,\"name\":\"Pood\",\"item\":\"https:\/\/colibri-jewels.eu\/et\/pood\/\"},{\"@type\":\"ListItem\",\"position\":3,\"name\":\"H\u00f5bedane mansett-k\u00f5rvar\u00f5ngas &#8220;Crown&#8221; smaragdide ja teemantidega E-6938\"}]},{\"@type\":\"WebSite\",\"@id\":\"https:\/\/colibri-jewels.eu\/et\/#website\",\"url\":\"https:\/\/colibri-jewels.eu\/et\/\",\"name\":\"Colibri jewels\",\"description\":\"jewelry shop\",\"publisher\":{\"@id\":\"https:\/\/colibri-jewels.eu\/et\/#organization\"},\"potentialAction\":[{\"@type\":\"SearchAction\",\"target\":{\"@type\":\"EntryPoint\",\"urlTemplate\":\"https:\/\/colibri-jewels.eu\/et\/?s={search_term_string}\"},\"query-input\":{\"@type\":\"PropertyValueSpecification\",\"valueRequired\":true,\"valueName\":\"search_term_string\"}}],\"inLanguage\":\"et\"},{\"@type\":\"Organization\",\"@id\":\"https:\/\/colibri-jewels.eu\/et\/#organization\",\"name\":\"O\u00dc Colibri\",\"url\":\"https:\/\/colibri-jewels.eu\/et\/\",\"logo\":{\"@type\":\"ImageObject\",\"inLanguage\":\"et\",\"@id\":\"https:\/\/colibri-jewels.eu\/et\/#\/schema\/logo\/image\/\",\"url\":\"https:\/\/dev.colibri-jewels.eu\/wp-content\/uploads\/2021\/03\/colibri.png\",\"contentUrl\":\"https:\/\/dev.colibri-jewels.eu\/wp-content\/uploads\/2021\/03\/colibri.png\",\"width\":227,\"height\":130,\"caption\":\"O\u00dc Colibri\"},\"image\":{\"@id\":\"https:\/\/colibri-jewels.eu\/et\/#\/schema\/logo\/image\/\"},\"sameAs\":[\"https:\/\/www.facebook.com\/colibri.jewels\",\"https:\/\/www.instagram.com\/colibri.jewels\",\"https:\/\/www.tiktok.com\/colibri.jewels\"]}]}<\/script>\n<!-- \/ Yoast SEO Premium plugin. -->","yoast_head_json":{"title":"H\u00f5bedane mansett-k\u00f5rvar\u00f5ngas \"Crown\" smaragdide ja teemantidega E-6938 - Colibri jewels","description":"Stiilne h\u00f5bedane k\u00f5rvar\u00f5ngas naturaalsete smaragdide ja teemantidega osta meie veebipoest v\u00f5i k\u00fclasta meie esindussaali Tallinnas.","robots":{"index":"index","follow":"follow","max-snippet":"max-snippet:-1","max-image-preview":"max-image-preview:large","max-video-preview":"max-video-preview:-1"},"canonical":"https:\/\/colibri-jewels.eu\/et\/toode\/hobe-manseti-korvarongas-kroon-smaragdide-ja-teemantidega-e-6938\/","og_locale":"et_EE","og_type":"article","og_title":"H\u00f5bedane mansett-k\u00f5rvar\u00f5ngas \"Crown\" smaragdide ja teemantidega E-6938","og_description":"Stiilne h\u00f5bedane k\u00f5rvar\u00f5ngas naturaalsete smaragdide ja teemantidega osta meie veebipoest v\u00f5i k\u00fclasta meie esindussaali Tallinnas.","og_url":"https:\/\/colibri-jewels.eu\/et\/toode\/hobe-manseti-korvarongas-kroon-smaragdide-ja-teemantidega-e-6938\/","og_site_name":"Colibri jewels","article_publisher":"https:\/\/www.facebook.com\/colibri.jewels","og_image":[{"width":1000,"height":1000,"url":"https:\/\/colibri-jewels.eu\/wp-content\/uploads\/2022\/06\/e-6938-web.jpg","type":"image\/jpeg"}],"twitter_card":"summary_large_image","schema":{"@context":"https:\/\/schema.org","@graph":[{"@type":"WebPage","@id":"https:\/\/colibri-jewels.eu\/et\/toode\/hobe-manseti-korvarongas-kroon-smaragdide-ja-teemantidega-e-6938\/","url":"https:\/\/colibri-jewels.eu\/et\/toode\/hobe-manseti-korvarongas-kroon-smaragdide-ja-teemantidega-e-6938\/","name":"H\u00f5bedane mansett-k\u00f5rvar\u00f5ngas \"Crown\" smaragdide ja teemantidega E-6938 - Colibri jewels","isPartOf":{"@id":"https:\/\/colibri-jewels.eu\/et\/#website"},"primaryImageOfPage":{"@id":"https:\/\/colibri-jewels.eu\/et\/toode\/hobe-manseti-korvarongas-kroon-smaragdide-ja-teemantidega-e-6938\/#primaryimage"},"image":{"@id":"https:\/\/colibri-jewels.eu\/et\/toode\/hobe-manseti-korvarongas-kroon-smaragdide-ja-teemantidega-e-6938\/#primaryimage"},"thumbnailUrl":"https:\/\/colibri-jewels.eu\/wp-content\/uploads\/2022\/06\/e-6938-web.jpg","datePublished":"2022-06-16T16:48:18+00:00","description":"Stiilne h\u00f5bedane k\u00f5rvar\u00f5ngas naturaalsete smaragdide ja teemantidega osta meie veebipoest v\u00f5i k\u00fclasta meie esindussaali Tallinnas.","breadcrumb":{"@id":"https:\/\/colibri-jewels.eu\/et\/toode\/hobe-manseti-korvarongas-kroon-smaragdide-ja-teemantidega-e-6938\/#breadcrumb"},"inLanguage":"et","potentialAction":[{"@type":"ReadAction","target":["https:\/\/colibri-jewels.eu\/et\/toode\/hobe-manseti-korvarongas-kroon-smaragdide-ja-teemantidega-e-6938\/"]}]},{"@type":"ImageObject","inLanguage":"et","@id":"https:\/\/colibri-jewels.eu\/et\/toode\/hobe-manseti-korvarongas-kroon-smaragdide-ja-teemantidega-e-6938\/#primaryimage","url":"https:\/\/colibri-jewels.eu\/wp-content\/uploads\/2022\/06\/e-6938-web.jpg","contentUrl":"https:\/\/colibri-jewels.eu\/wp-content\/uploads\/2022\/06\/e-6938-web.jpg","width":1000,"height":1000},{"@type":"BreadcrumbList","@id":"https:\/\/colibri-jewels.eu\/et\/toode\/hobe-manseti-korvarongas-kroon-smaragdide-ja-teemantidega-e-6938\/#breadcrumb","itemListElement":[{"@type":"ListItem","position":1,"name":"\u0413\u043b\u0430\u0432\u043d\u0430\u044f \u0441\u0442\u0440\u0430\u043d\u0438\u0446\u0430","item":"https:\/\/colibri-jewels.eu\/et\/"},{"@type":"ListItem","position":2,"name":"Pood","item":"https:\/\/colibri-jewels.eu\/et\/pood\/"},{"@type":"ListItem","position":3,"name":"H\u00f5bedane mansett-k\u00f5rvar\u00f5ngas &#8220;Crown&#8221; smaragdide ja teemantidega E-6938"}]},{"@type":"WebSite","@id":"https:\/\/colibri-jewels.eu\/et\/#website","url":"https:\/\/colibri-jewels.eu\/et\/","name":"Colibri jewels","description":"jewelry shop","publisher":{"@id":"https:\/\/colibri-jewels.eu\/et\/#organization"},"potentialAction":[{"@type":"SearchAction","target":{"@type":"EntryPoint","urlTemplate":"https:\/\/colibri-jewels.eu\/et\/?s={search_term_string}"},"query-input":{"@type":"PropertyValueSpecification","valueRequired":true,"valueName":"search_term_string"}}],"inLanguage":"et"},{"@type":"Organization","@id":"https:\/\/colibri-jewels.eu\/et\/#organization","name":"O\u00dc Colibri","url":"https:\/\/colibri-jewels.eu\/et\/","logo":{"@type":"ImageObject","inLanguage":"et","@id":"https:\/\/colibri-jewels.eu\/et\/#\/schema\/logo\/image\/","url":"https:\/\/dev.colibri-jewels.eu\/wp-content\/uploads\/2021\/03\/colibri.png","contentUrl":"https:\/\/dev.colibri-jewels.eu\/wp-content\/uploads\/2021\/03\/colibri.png","width":227,"height":130,"caption":"O\u00dc Colibri"},"image":{"@id":"https:\/\/colibri-jewels.eu\/et\/#\/schema\/logo\/image\/"},"sameAs":["https:\/\/www.facebook.com\/colibri.jewels","https:\/\/www.instagram.com\/colibri.jewels","https:\/\/www.tiktok.com\/colibri.jewels"]}]}},"_links":{"self":[{"href":"https:\/\/colibri-jewels.eu\/et\/wp-json\/wp\/v2\/product\/28638","targetHints":{"allow":["GET"]}}],"collection":[{"href":"https:\/\/colibri-jewels.eu\/et\/wp-json\/wp\/v2\/product"}],"about":[{"href":"https:\/\/colibri-jewels.eu\/et\/wp-json\/wp\/v2\/types\/product"}],"replies":[{"embeddable":true,"href":"https:\/\/colibri-jewels.eu\/et\/wp-json\/wp\/v2\/comments?post=28638"}],"version-history":[{"count":0,"href":"https:\/\/colibri-jewels.eu\/et\/wp-json\/wp\/v2\/product\/28638\/revisions"}],"wp:featuredmedia":[{"embeddable":true,"href":"https:\/\/colibri-jewels.eu\/et\/wp-json\/wp\/v2\/media\/28631"}],"wp:attachment":[{"href":"https:\/\/colibri-jewels.eu\/et\/wp-json\/wp\/v2\/media?parent=28638"}],"wp:term":[{"taxonomy":"brand","embeddable":true,"href":"https:\/\/colibri-jewels.eu\/et\/wp-json\/wp\/v2\/etheme_brands?post=28638"},{"taxonomy":"product_brand","embeddable":true,"href":"https:\/\/colibri-jewels.eu\/et\/wp-json\/wp\/v2\/product_brand?post=28638"},{"taxonomy":"product_cat","embeddable":true,"href":"https:\/\/colibri-jewels.eu\/et\/wp-json\/wp\/v2\/product_cat?post=28638"},{"taxonomy":"product_tag","embeddable":true,"href":"https:\/\/colibri-jewels.eu\/et\/wp-json\/wp\/v2\/product_tag?post=28638"}],"curies":[{"name":"wp","href":"https:\/\/api.w.org\/{rel}","templated":true}]}}