{"id":29381,"date":"2022-07-21T18:10:11","date_gmt":"2022-07-21T15:10:11","guid":{"rendered":"https:\/\/dev.colibri-jewels.eu\/product\/kuldsed-korvarongad-safiiride-ja-teemantidega-bs-93\/"},"modified":"2022-12-12T20:20:24","modified_gmt":"2022-12-12T18:20:24","slug":"golden-earrings-with-sapphires-and-diamonds","status":"publish","type":"product","link":"https:\/\/colibri-jewels.eu\/et\/toode\/golden-earrings-with-sapphires-and-diamonds\/","title":{"rendered":"Kuldsed k\u00f5rvar\u00f5ngad safiiride ja teemantidega BS-93"},"content":{"rendered":"<p>Kas otsite ideaalset kingitust sellele erilisele inimesele oma elus? \u00c4ra otsige kaugemale kui see vapustav safiirist ehtekomplekt! Safiiride s\u00fcgavsinine toon on lihtsalt k\u00fctkestav ja annab kindlasti avalduse. Iga komplekti osa on asjatundlikult meisterdatud ja esitleb safiiride ilu t\u00e4iuslikkuseni. Safiirid on s\u00e4delevas teemantraamis, mis p\u00fc\u00fcab kaunilt valgust. See ehtekomplekt on ideaalne viis lisada igale riietusele rafineeritust ja luksust. Olgu selleks eriliseks s\u00fcndmuseks v\u00f5i lihtsalt oma igap\u00e4evasesse garderoobi s\u00e4ra lisamiseks, see safiirist ehtekomplekt avaldab kindlasti muljet. \u00c4rge j\u00e4tke seda vapustavat komplekti ilma \u2013 tellige kohe!<\/p>\n<p>K\u00f5rvar\u00f5ngad komplektist:<\/p>\n<p>Roosa kuld 585*<\/p>\n<p>Teemandid 22 tk, 0,45 ct<\/p>\n<p>Safiire 2 tk, 1,04 ct (6*4 mm)<\/p>\n<p>K\u00f5rvar\u00f5ngaste kaal 3,58 g<\/p>\n","protected":false},"excerpt":{"rendered":"<p>Roosa kuld 585*<\/p>\n<p>Teemandid 22 tk, 0,45 ct<\/p>\n<p>Safiire 2 tk, 1,04 ct (6*4 mm)<\/p>\n<p>K\u00f5rvar\u00f5ngaste kaal 3,58 g<\/p>\n","protected":false},"featured_media":29369,"comment_status":"open","ping_status":"closed","template":"","meta":[],"etheme_brands":[],"product_brand":[],"product_cat":[469],"product_tag":[472],"class_list":{"0":"post-29381","1":"product","2":"type-product","3":"status-publish","4":"has-post-thumbnail","6":"product_cat-korvarongad","7":"product_tag-klassika","9":"first","10":"onbackorder","11":"shipping-taxable","12":"purchasable","13":"product-type-simple"},"acf":[],"yoast_head":"<!-- This site is optimized with the Yoast SEO Premium plugin v26.5 (Yoast SEO v26.8) - https:\/\/yoast.com\/product\/yoast-seo-premium-wordpress\/ -->\n<title>Kuldsed k\u00f5rvar\u00f5ngad safiiride ja teemantidega BS-93 - Colibri jewels<\/title>\n<meta name=\"description\" content=\"Kuldsed safiirist ja teemantidest k\u00f5rvar\u00f5ngad k\u00f5ige klassikalisemas stiilis. Usaldusv\u00e4\u00e4rne klamber, 14 kt kuld. On olemas ka selline r\u00f5ngas.\" \/>\n<meta name=\"robots\" content=\"index, follow, max-snippet:-1, max-image-preview:large, max-video-preview:-1\" \/>\n<link rel=\"canonical\" href=\"https:\/\/colibri-jewels.eu\/et\/toode\/golden-earrings-with-sapphires-and-diamonds\/\" \/>\n<meta property=\"og:locale\" content=\"et_EE\" \/>\n<meta property=\"og:type\" content=\"article\" \/>\n<meta property=\"og:title\" content=\"Kuldsed k\u00f5rvar\u00f5ngad safiiride ja teemantidega BS-93\" \/>\n<meta property=\"og:description\" content=\"Kuldsed safiirist ja teemantidest k\u00f5rvar\u00f5ngad k\u00f5ige klassikalisemas stiilis. Usaldusv\u00e4\u00e4rne klamber, 14 kt kuld. On olemas ka selline r\u00f5ngas.\" \/>\n<meta property=\"og:url\" content=\"https:\/\/colibri-jewels.eu\/et\/toode\/golden-earrings-with-sapphires-and-diamonds\/\" \/>\n<meta property=\"og:site_name\" content=\"Colibri jewels\" \/>\n<meta property=\"article:publisher\" content=\"https:\/\/www.facebook.com\/colibri.jewels\" \/>\n<meta property=\"article:modified_time\" content=\"2022-12-12T18:20:24+00:00\" \/>\n<meta property=\"og:image\" content=\"https:\/\/colibri-jewels.eu\/wp-content\/uploads\/2022\/07\/bs-93web.jpg\" \/>\n\t<meta property=\"og:image:width\" content=\"1000\" \/>\n\t<meta property=\"og:image:height\" content=\"1000\" \/>\n\t<meta property=\"og:image:type\" content=\"image\/jpeg\" \/>\n<meta name=\"twitter:card\" content=\"summary_large_image\" \/>\n<meta name=\"twitter:label1\" content=\"Est. reading time\" \/>\n\t<meta name=\"twitter:data1\" content=\"1 minut\" \/>\n<script type=\"application\/ld+json\" class=\"yoast-schema-graph\">{\"@context\":\"https:\/\/schema.org\",\"@graph\":[{\"@type\":\"WebPage\",\"@id\":\"https:\/\/colibri-jewels.eu\/et\/toode\/golden-earrings-with-sapphires-and-diamonds\/\",\"url\":\"https:\/\/colibri-jewels.eu\/et\/toode\/golden-earrings-with-sapphires-and-diamonds\/\",\"name\":\"Kuldsed k\u00f5rvar\u00f5ngad safiiride ja teemantidega BS-93 - Colibri jewels\",\"isPartOf\":{\"@id\":\"https:\/\/colibri-jewels.eu\/et\/#website\"},\"primaryImageOfPage\":{\"@id\":\"https:\/\/colibri-jewels.eu\/et\/toode\/golden-earrings-with-sapphires-and-diamonds\/#primaryimage\"},\"image\":{\"@id\":\"https:\/\/colibri-jewels.eu\/et\/toode\/golden-earrings-with-sapphires-and-diamonds\/#primaryimage\"},\"thumbnailUrl\":\"https:\/\/colibri-jewels.eu\/wp-content\/uploads\/2022\/07\/bs-93web.jpg\",\"datePublished\":\"2022-07-21T15:10:11+00:00\",\"dateModified\":\"2022-12-12T18:20:24+00:00\",\"description\":\"Kuldsed safiirist ja teemantidest k\u00f5rvar\u00f5ngad k\u00f5ige klassikalisemas stiilis. Usaldusv\u00e4\u00e4rne klamber, 14 kt kuld. On olemas ka selline r\u00f5ngas.\",\"breadcrumb\":{\"@id\":\"https:\/\/colibri-jewels.eu\/et\/toode\/golden-earrings-with-sapphires-and-diamonds\/#breadcrumb\"},\"inLanguage\":\"et\",\"potentialAction\":[{\"@type\":\"ReadAction\",\"target\":[\"https:\/\/colibri-jewels.eu\/et\/toode\/golden-earrings-with-sapphires-and-diamonds\/\"]}]},{\"@type\":\"ImageObject\",\"inLanguage\":\"et\",\"@id\":\"https:\/\/colibri-jewels.eu\/et\/toode\/golden-earrings-with-sapphires-and-diamonds\/#primaryimage\",\"url\":\"https:\/\/colibri-jewels.eu\/wp-content\/uploads\/2022\/07\/bs-93web.jpg\",\"contentUrl\":\"https:\/\/colibri-jewels.eu\/wp-content\/uploads\/2022\/07\/bs-93web.jpg\",\"width\":1000,\"height\":1000},{\"@type\":\"BreadcrumbList\",\"@id\":\"https:\/\/colibri-jewels.eu\/et\/toode\/golden-earrings-with-sapphires-and-diamonds\/#breadcrumb\",\"itemListElement\":[{\"@type\":\"ListItem\",\"position\":1,\"name\":\"\u0413\u043b\u0430\u0432\u043d\u0430\u044f \u0441\u0442\u0440\u0430\u043d\u0438\u0446\u0430\",\"item\":\"https:\/\/colibri-jewels.eu\/et\/\"},{\"@type\":\"ListItem\",\"position\":2,\"name\":\"Pood\",\"item\":\"https:\/\/colibri-jewels.eu\/et\/pood\/\"},{\"@type\":\"ListItem\",\"position\":3,\"name\":\"Kuldsed k\u00f5rvar\u00f5ngad safiiride ja teemantidega BS-93\"}]},{\"@type\":\"WebSite\",\"@id\":\"https:\/\/colibri-jewels.eu\/et\/#website\",\"url\":\"https:\/\/colibri-jewels.eu\/et\/\",\"name\":\"Colibri jewels\",\"description\":\"jewelry shop\",\"publisher\":{\"@id\":\"https:\/\/colibri-jewels.eu\/et\/#organization\"},\"potentialAction\":[{\"@type\":\"SearchAction\",\"target\":{\"@type\":\"EntryPoint\",\"urlTemplate\":\"https:\/\/colibri-jewels.eu\/et\/?s={search_term_string}\"},\"query-input\":{\"@type\":\"PropertyValueSpecification\",\"valueRequired\":true,\"valueName\":\"search_term_string\"}}],\"inLanguage\":\"et\"},{\"@type\":\"Organization\",\"@id\":\"https:\/\/colibri-jewels.eu\/et\/#organization\",\"name\":\"O\u00dc Colibri\",\"url\":\"https:\/\/colibri-jewels.eu\/et\/\",\"logo\":{\"@type\":\"ImageObject\",\"inLanguage\":\"et\",\"@id\":\"https:\/\/colibri-jewels.eu\/et\/#\/schema\/logo\/image\/\",\"url\":\"https:\/\/dev.colibri-jewels.eu\/wp-content\/uploads\/2021\/03\/colibri.png\",\"contentUrl\":\"https:\/\/dev.colibri-jewels.eu\/wp-content\/uploads\/2021\/03\/colibri.png\",\"width\":227,\"height\":130,\"caption\":\"O\u00dc Colibri\"},\"image\":{\"@id\":\"https:\/\/colibri-jewels.eu\/et\/#\/schema\/logo\/image\/\"},\"sameAs\":[\"https:\/\/www.facebook.com\/colibri.jewels\",\"https:\/\/www.instagram.com\/colibri.jewels\",\"https:\/\/www.tiktok.com\/colibri.jewels\"]}]}<\/script>\n<!-- \/ Yoast SEO Premium plugin. -->","yoast_head_json":{"title":"Kuldsed k\u00f5rvar\u00f5ngad safiiride ja teemantidega BS-93 - Colibri jewels","description":"Kuldsed safiirist ja teemantidest k\u00f5rvar\u00f5ngad k\u00f5ige klassikalisemas stiilis. Usaldusv\u00e4\u00e4rne klamber, 14 kt kuld. On olemas ka selline r\u00f5ngas.","robots":{"index":"index","follow":"follow","max-snippet":"max-snippet:-1","max-image-preview":"max-image-preview:large","max-video-preview":"max-video-preview:-1"},"canonical":"https:\/\/colibri-jewels.eu\/et\/toode\/golden-earrings-with-sapphires-and-diamonds\/","og_locale":"et_EE","og_type":"article","og_title":"Kuldsed k\u00f5rvar\u00f5ngad safiiride ja teemantidega BS-93","og_description":"Kuldsed safiirist ja teemantidest k\u00f5rvar\u00f5ngad k\u00f5ige klassikalisemas stiilis. Usaldusv\u00e4\u00e4rne klamber, 14 kt kuld. On olemas ka selline r\u00f5ngas.","og_url":"https:\/\/colibri-jewels.eu\/et\/toode\/golden-earrings-with-sapphires-and-diamonds\/","og_site_name":"Colibri jewels","article_publisher":"https:\/\/www.facebook.com\/colibri.jewels","article_modified_time":"2022-12-12T18:20:24+00:00","og_image":[{"width":1000,"height":1000,"url":"https:\/\/colibri-jewels.eu\/wp-content\/uploads\/2022\/07\/bs-93web.jpg","type":"image\/jpeg"}],"twitter_card":"summary_large_image","twitter_misc":{"Est. reading time":"1 minut"},"schema":{"@context":"https:\/\/schema.org","@graph":[{"@type":"WebPage","@id":"https:\/\/colibri-jewels.eu\/et\/toode\/golden-earrings-with-sapphires-and-diamonds\/","url":"https:\/\/colibri-jewels.eu\/et\/toode\/golden-earrings-with-sapphires-and-diamonds\/","name":"Kuldsed k\u00f5rvar\u00f5ngad safiiride ja teemantidega BS-93 - Colibri jewels","isPartOf":{"@id":"https:\/\/colibri-jewels.eu\/et\/#website"},"primaryImageOfPage":{"@id":"https:\/\/colibri-jewels.eu\/et\/toode\/golden-earrings-with-sapphires-and-diamonds\/#primaryimage"},"image":{"@id":"https:\/\/colibri-jewels.eu\/et\/toode\/golden-earrings-with-sapphires-and-diamonds\/#primaryimage"},"thumbnailUrl":"https:\/\/colibri-jewels.eu\/wp-content\/uploads\/2022\/07\/bs-93web.jpg","datePublished":"2022-07-21T15:10:11+00:00","dateModified":"2022-12-12T18:20:24+00:00","description":"Kuldsed safiirist ja teemantidest k\u00f5rvar\u00f5ngad k\u00f5ige klassikalisemas stiilis. Usaldusv\u00e4\u00e4rne klamber, 14 kt kuld. On olemas ka selline r\u00f5ngas.","breadcrumb":{"@id":"https:\/\/colibri-jewels.eu\/et\/toode\/golden-earrings-with-sapphires-and-diamonds\/#breadcrumb"},"inLanguage":"et","potentialAction":[{"@type":"ReadAction","target":["https:\/\/colibri-jewels.eu\/et\/toode\/golden-earrings-with-sapphires-and-diamonds\/"]}]},{"@type":"ImageObject","inLanguage":"et","@id":"https:\/\/colibri-jewels.eu\/et\/toode\/golden-earrings-with-sapphires-and-diamonds\/#primaryimage","url":"https:\/\/colibri-jewels.eu\/wp-content\/uploads\/2022\/07\/bs-93web.jpg","contentUrl":"https:\/\/colibri-jewels.eu\/wp-content\/uploads\/2022\/07\/bs-93web.jpg","width":1000,"height":1000},{"@type":"BreadcrumbList","@id":"https:\/\/colibri-jewels.eu\/et\/toode\/golden-earrings-with-sapphires-and-diamonds\/#breadcrumb","itemListElement":[{"@type":"ListItem","position":1,"name":"\u0413\u043b\u0430\u0432\u043d\u0430\u044f \u0441\u0442\u0440\u0430\u043d\u0438\u0446\u0430","item":"https:\/\/colibri-jewels.eu\/et\/"},{"@type":"ListItem","position":2,"name":"Pood","item":"https:\/\/colibri-jewels.eu\/et\/pood\/"},{"@type":"ListItem","position":3,"name":"Kuldsed k\u00f5rvar\u00f5ngad safiiride ja teemantidega BS-93"}]},{"@type":"WebSite","@id":"https:\/\/colibri-jewels.eu\/et\/#website","url":"https:\/\/colibri-jewels.eu\/et\/","name":"Colibri jewels","description":"jewelry shop","publisher":{"@id":"https:\/\/colibri-jewels.eu\/et\/#organization"},"potentialAction":[{"@type":"SearchAction","target":{"@type":"EntryPoint","urlTemplate":"https:\/\/colibri-jewels.eu\/et\/?s={search_term_string}"},"query-input":{"@type":"PropertyValueSpecification","valueRequired":true,"valueName":"search_term_string"}}],"inLanguage":"et"},{"@type":"Organization","@id":"https:\/\/colibri-jewels.eu\/et\/#organization","name":"O\u00dc Colibri","url":"https:\/\/colibri-jewels.eu\/et\/","logo":{"@type":"ImageObject","inLanguage":"et","@id":"https:\/\/colibri-jewels.eu\/et\/#\/schema\/logo\/image\/","url":"https:\/\/dev.colibri-jewels.eu\/wp-content\/uploads\/2021\/03\/colibri.png","contentUrl":"https:\/\/dev.colibri-jewels.eu\/wp-content\/uploads\/2021\/03\/colibri.png","width":227,"height":130,"caption":"O\u00dc Colibri"},"image":{"@id":"https:\/\/colibri-jewels.eu\/et\/#\/schema\/logo\/image\/"},"sameAs":["https:\/\/www.facebook.com\/colibri.jewels","https:\/\/www.instagram.com\/colibri.jewels","https:\/\/www.tiktok.com\/colibri.jewels"]}]}},"_links":{"self":[{"href":"https:\/\/colibri-jewels.eu\/et\/wp-json\/wp\/v2\/product\/29381","targetHints":{"allow":["GET"]}}],"collection":[{"href":"https:\/\/colibri-jewels.eu\/et\/wp-json\/wp\/v2\/product"}],"about":[{"href":"https:\/\/colibri-jewels.eu\/et\/wp-json\/wp\/v2\/types\/product"}],"replies":[{"embeddable":true,"href":"https:\/\/colibri-jewels.eu\/et\/wp-json\/wp\/v2\/comments?post=29381"}],"version-history":[{"count":0,"href":"https:\/\/colibri-jewels.eu\/et\/wp-json\/wp\/v2\/product\/29381\/revisions"}],"wp:featuredmedia":[{"embeddable":true,"href":"https:\/\/colibri-jewels.eu\/et\/wp-json\/wp\/v2\/media\/29369"}],"wp:attachment":[{"href":"https:\/\/colibri-jewels.eu\/et\/wp-json\/wp\/v2\/media?parent=29381"}],"wp:term":[{"taxonomy":"brand","embeddable":true,"href":"https:\/\/colibri-jewels.eu\/et\/wp-json\/wp\/v2\/etheme_brands?post=29381"},{"taxonomy":"product_brand","embeddable":true,"href":"https:\/\/colibri-jewels.eu\/et\/wp-json\/wp\/v2\/product_brand?post=29381"},{"taxonomy":"product_cat","embeddable":true,"href":"https:\/\/colibri-jewels.eu\/et\/wp-json\/wp\/v2\/product_cat?post=29381"},{"taxonomy":"product_tag","embeddable":true,"href":"https:\/\/colibri-jewels.eu\/et\/wp-json\/wp\/v2\/product_tag?post=29381"}],"curies":[{"name":"wp","href":"https:\/\/api.w.org\/{rel}","templated":true}]}}