{"id":29641,"date":"2022-07-31T17:36:56","date_gmt":"2022-07-31T14:36:56","guid":{"rendered":"https:\/\/dev.colibri-jewels.eu\/product\/armas-kuldne-smaragd-sormus-r-5566\/"},"modified":"2022-11-30T21:34:03","modified_gmt":"2022-11-30T19:34:03","slug":"armas-kuldne-emerald-rongad-r-5566","status":"publish","type":"product","link":"https:\/\/colibri-jewels.eu\/et\/toode\/armas-kuldne-emerald-rongad-r-5566\/","title":{"rendered":"Armas kuldne smaragd s\u00f5rmus R-5566"},"content":{"rendered":"<p>Armas ja elegantne smaragdiga s\u00f5rmus teemantraamiga.<\/p>\n<p>Smaragd 0,11 ct (3 mm)<\/p>\n<p>Teemandid 14 tk., 0,06 ct<\/p>\n<p>Suurus &#8211; 17.5<\/p>\n<p>S\u00f5rmuse kaal 2,37 g<\/p>\n","protected":false},"excerpt":{"rendered":"<p>Smaragd 0,11 ct (3 mm)<\/p>\n<p>Teemandid 14 tk., 0,06 ct<\/p>\n<p>Suurus &#8211; 17.5<\/p>\n<p>S\u00f5rmuse kaal 2,37 g<\/p>\n","protected":false},"featured_media":29638,"comment_status":"open","ping_status":"closed","template":"","meta":[],"etheme_brands":[],"product_brand":[],"product_cat":[471],"product_tag":[472,499],"class_list":{"0":"post-29641","1":"product","2":"type-product","3":"status-publish","4":"has-post-thumbnail","6":"product_cat-sormused","7":"product_tag-klassika","8":"product_tag-romantiline","10":"first","11":"instock","12":"shipping-taxable","13":"purchasable","14":"product-type-simple"},"acf":[],"yoast_head":"<!-- This site is optimized with the Yoast SEO Premium plugin v26.5 (Yoast SEO v26.8) - https:\/\/yoast.com\/product\/yoast-seo-premium-wordpress\/ -->\n<title>Armas kuldne smaragd s\u00f5rmus R-5566 - Colibri jewels<\/title>\n<meta name=\"description\" content=\"Armas ja elegantne smaragdiga s\u00f5rmus teemantraamiga. Paistab t\u00f5esti v\u00e4ga intelligentne! Ostke seda meie ehtekodu veebis v\u00f5i k\u00fclastage meie n\u00e4itusesaali!\" \/>\n<meta name=\"robots\" content=\"index, follow, max-snippet:-1, max-image-preview:large, max-video-preview:-1\" \/>\n<link rel=\"canonical\" href=\"https:\/\/colibri-jewels.eu\/et\/toode\/armas-kuldne-emerald-rongad-r-5566\/\" \/>\n<meta property=\"og:locale\" content=\"et_EE\" \/>\n<meta property=\"og:type\" content=\"article\" \/>\n<meta property=\"og:title\" content=\"Armas kuldne smaragd s\u00f5rmus R-5566\" \/>\n<meta property=\"og:description\" content=\"Armas ja elegantne smaragdiga s\u00f5rmus teemantraamiga. Paistab t\u00f5esti v\u00e4ga intelligentne! Ostke seda meie ehtekodu veebis v\u00f5i k\u00fclastage meie n\u00e4itusesaali!\" \/>\n<meta property=\"og:url\" content=\"https:\/\/colibri-jewels.eu\/et\/toode\/armas-kuldne-emerald-rongad-r-5566\/\" \/>\n<meta property=\"og:site_name\" content=\"Colibri jewels\" \/>\n<meta property=\"article:publisher\" content=\"https:\/\/www.facebook.com\/colibri.jewels\" \/>\n<meta property=\"article:modified_time\" content=\"2022-11-30T19:34:03+00:00\" \/>\n<meta property=\"og:image\" content=\"https:\/\/colibri-jewels.eu\/wp-content\/uploads\/2022\/07\/R-5566-web.jpg\" \/>\n\t<meta property=\"og:image:width\" content=\"1000\" \/>\n\t<meta property=\"og:image:height\" content=\"1000\" \/>\n\t<meta property=\"og:image:type\" content=\"image\/jpeg\" \/>\n<meta name=\"twitter:card\" content=\"summary_large_image\" \/>\n<script type=\"application\/ld+json\" class=\"yoast-schema-graph\">{\"@context\":\"https:\/\/schema.org\",\"@graph\":[{\"@type\":\"WebPage\",\"@id\":\"https:\/\/colibri-jewels.eu\/et\/toode\/armas-kuldne-emerald-rongad-r-5566\/\",\"url\":\"https:\/\/colibri-jewels.eu\/et\/toode\/armas-kuldne-emerald-rongad-r-5566\/\",\"name\":\"Armas kuldne smaragd s\u00f5rmus R-5566 - Colibri jewels\",\"isPartOf\":{\"@id\":\"https:\/\/colibri-jewels.eu\/et\/#website\"},\"primaryImageOfPage\":{\"@id\":\"https:\/\/colibri-jewels.eu\/et\/toode\/armas-kuldne-emerald-rongad-r-5566\/#primaryimage\"},\"image\":{\"@id\":\"https:\/\/colibri-jewels.eu\/et\/toode\/armas-kuldne-emerald-rongad-r-5566\/#primaryimage\"},\"thumbnailUrl\":\"https:\/\/colibri-jewels.eu\/wp-content\/uploads\/2022\/07\/R-5566-web.jpg\",\"datePublished\":\"2022-07-31T14:36:56+00:00\",\"dateModified\":\"2022-11-30T19:34:03+00:00\",\"description\":\"Armas ja elegantne smaragdiga s\u00f5rmus teemantraamiga. Paistab t\u00f5esti v\u00e4ga intelligentne! Ostke seda meie ehtekodu veebis v\u00f5i k\u00fclastage meie n\u00e4itusesaali!\",\"breadcrumb\":{\"@id\":\"https:\/\/colibri-jewels.eu\/et\/toode\/armas-kuldne-emerald-rongad-r-5566\/#breadcrumb\"},\"inLanguage\":\"et\",\"potentialAction\":[{\"@type\":\"ReadAction\",\"target\":[\"https:\/\/colibri-jewels.eu\/et\/toode\/armas-kuldne-emerald-rongad-r-5566\/\"]}]},{\"@type\":\"ImageObject\",\"inLanguage\":\"et\",\"@id\":\"https:\/\/colibri-jewels.eu\/et\/toode\/armas-kuldne-emerald-rongad-r-5566\/#primaryimage\",\"url\":\"https:\/\/colibri-jewels.eu\/wp-content\/uploads\/2022\/07\/R-5566-web.jpg\",\"contentUrl\":\"https:\/\/colibri-jewels.eu\/wp-content\/uploads\/2022\/07\/R-5566-web.jpg\",\"width\":1000,\"height\":1000},{\"@type\":\"BreadcrumbList\",\"@id\":\"https:\/\/colibri-jewels.eu\/et\/toode\/armas-kuldne-emerald-rongad-r-5566\/#breadcrumb\",\"itemListElement\":[{\"@type\":\"ListItem\",\"position\":1,\"name\":\"\u0413\u043b\u0430\u0432\u043d\u0430\u044f \u0441\u0442\u0440\u0430\u043d\u0438\u0446\u0430\",\"item\":\"https:\/\/colibri-jewels.eu\/et\/\"},{\"@type\":\"ListItem\",\"position\":2,\"name\":\"Pood\",\"item\":\"https:\/\/colibri-jewels.eu\/et\/pood\/\"},{\"@type\":\"ListItem\",\"position\":3,\"name\":\"Armas kuldne smaragd s\u00f5rmus R-5566\"}]},{\"@type\":\"WebSite\",\"@id\":\"https:\/\/colibri-jewels.eu\/et\/#website\",\"url\":\"https:\/\/colibri-jewels.eu\/et\/\",\"name\":\"Colibri jewels\",\"description\":\"jewelry shop\",\"publisher\":{\"@id\":\"https:\/\/colibri-jewels.eu\/et\/#organization\"},\"potentialAction\":[{\"@type\":\"SearchAction\",\"target\":{\"@type\":\"EntryPoint\",\"urlTemplate\":\"https:\/\/colibri-jewels.eu\/et\/?s={search_term_string}\"},\"query-input\":{\"@type\":\"PropertyValueSpecification\",\"valueRequired\":true,\"valueName\":\"search_term_string\"}}],\"inLanguage\":\"et\"},{\"@type\":\"Organization\",\"@id\":\"https:\/\/colibri-jewels.eu\/et\/#organization\",\"name\":\"O\u00dc Colibri\",\"url\":\"https:\/\/colibri-jewels.eu\/et\/\",\"logo\":{\"@type\":\"ImageObject\",\"inLanguage\":\"et\",\"@id\":\"https:\/\/colibri-jewels.eu\/et\/#\/schema\/logo\/image\/\",\"url\":\"https:\/\/dev.colibri-jewels.eu\/wp-content\/uploads\/2021\/03\/colibri.png\",\"contentUrl\":\"https:\/\/dev.colibri-jewels.eu\/wp-content\/uploads\/2021\/03\/colibri.png\",\"width\":227,\"height\":130,\"caption\":\"O\u00dc Colibri\"},\"image\":{\"@id\":\"https:\/\/colibri-jewels.eu\/et\/#\/schema\/logo\/image\/\"},\"sameAs\":[\"https:\/\/www.facebook.com\/colibri.jewels\",\"https:\/\/www.instagram.com\/colibri.jewels\",\"https:\/\/www.tiktok.com\/colibri.jewels\"]}]}<\/script>\n<!-- \/ Yoast SEO Premium plugin. -->","yoast_head_json":{"title":"Armas kuldne smaragd s\u00f5rmus R-5566 - Colibri jewels","description":"Armas ja elegantne smaragdiga s\u00f5rmus teemantraamiga. Paistab t\u00f5esti v\u00e4ga intelligentne! Ostke seda meie ehtekodu veebis v\u00f5i k\u00fclastage meie n\u00e4itusesaali!","robots":{"index":"index","follow":"follow","max-snippet":"max-snippet:-1","max-image-preview":"max-image-preview:large","max-video-preview":"max-video-preview:-1"},"canonical":"https:\/\/colibri-jewels.eu\/et\/toode\/armas-kuldne-emerald-rongad-r-5566\/","og_locale":"et_EE","og_type":"article","og_title":"Armas kuldne smaragd s\u00f5rmus R-5566","og_description":"Armas ja elegantne smaragdiga s\u00f5rmus teemantraamiga. Paistab t\u00f5esti v\u00e4ga intelligentne! Ostke seda meie ehtekodu veebis v\u00f5i k\u00fclastage meie n\u00e4itusesaali!","og_url":"https:\/\/colibri-jewels.eu\/et\/toode\/armas-kuldne-emerald-rongad-r-5566\/","og_site_name":"Colibri jewels","article_publisher":"https:\/\/www.facebook.com\/colibri.jewels","article_modified_time":"2022-11-30T19:34:03+00:00","og_image":[{"width":1000,"height":1000,"url":"https:\/\/colibri-jewels.eu\/wp-content\/uploads\/2022\/07\/R-5566-web.jpg","type":"image\/jpeg"}],"twitter_card":"summary_large_image","schema":{"@context":"https:\/\/schema.org","@graph":[{"@type":"WebPage","@id":"https:\/\/colibri-jewels.eu\/et\/toode\/armas-kuldne-emerald-rongad-r-5566\/","url":"https:\/\/colibri-jewels.eu\/et\/toode\/armas-kuldne-emerald-rongad-r-5566\/","name":"Armas kuldne smaragd s\u00f5rmus R-5566 - Colibri jewels","isPartOf":{"@id":"https:\/\/colibri-jewels.eu\/et\/#website"},"primaryImageOfPage":{"@id":"https:\/\/colibri-jewels.eu\/et\/toode\/armas-kuldne-emerald-rongad-r-5566\/#primaryimage"},"image":{"@id":"https:\/\/colibri-jewels.eu\/et\/toode\/armas-kuldne-emerald-rongad-r-5566\/#primaryimage"},"thumbnailUrl":"https:\/\/colibri-jewels.eu\/wp-content\/uploads\/2022\/07\/R-5566-web.jpg","datePublished":"2022-07-31T14:36:56+00:00","dateModified":"2022-11-30T19:34:03+00:00","description":"Armas ja elegantne smaragdiga s\u00f5rmus teemantraamiga. Paistab t\u00f5esti v\u00e4ga intelligentne! Ostke seda meie ehtekodu veebis v\u00f5i k\u00fclastage meie n\u00e4itusesaali!","breadcrumb":{"@id":"https:\/\/colibri-jewels.eu\/et\/toode\/armas-kuldne-emerald-rongad-r-5566\/#breadcrumb"},"inLanguage":"et","potentialAction":[{"@type":"ReadAction","target":["https:\/\/colibri-jewels.eu\/et\/toode\/armas-kuldne-emerald-rongad-r-5566\/"]}]},{"@type":"ImageObject","inLanguage":"et","@id":"https:\/\/colibri-jewels.eu\/et\/toode\/armas-kuldne-emerald-rongad-r-5566\/#primaryimage","url":"https:\/\/colibri-jewels.eu\/wp-content\/uploads\/2022\/07\/R-5566-web.jpg","contentUrl":"https:\/\/colibri-jewels.eu\/wp-content\/uploads\/2022\/07\/R-5566-web.jpg","width":1000,"height":1000},{"@type":"BreadcrumbList","@id":"https:\/\/colibri-jewels.eu\/et\/toode\/armas-kuldne-emerald-rongad-r-5566\/#breadcrumb","itemListElement":[{"@type":"ListItem","position":1,"name":"\u0413\u043b\u0430\u0432\u043d\u0430\u044f \u0441\u0442\u0440\u0430\u043d\u0438\u0446\u0430","item":"https:\/\/colibri-jewels.eu\/et\/"},{"@type":"ListItem","position":2,"name":"Pood","item":"https:\/\/colibri-jewels.eu\/et\/pood\/"},{"@type":"ListItem","position":3,"name":"Armas kuldne smaragd s\u00f5rmus R-5566"}]},{"@type":"WebSite","@id":"https:\/\/colibri-jewels.eu\/et\/#website","url":"https:\/\/colibri-jewels.eu\/et\/","name":"Colibri jewels","description":"jewelry shop","publisher":{"@id":"https:\/\/colibri-jewels.eu\/et\/#organization"},"potentialAction":[{"@type":"SearchAction","target":{"@type":"EntryPoint","urlTemplate":"https:\/\/colibri-jewels.eu\/et\/?s={search_term_string}"},"query-input":{"@type":"PropertyValueSpecification","valueRequired":true,"valueName":"search_term_string"}}],"inLanguage":"et"},{"@type":"Organization","@id":"https:\/\/colibri-jewels.eu\/et\/#organization","name":"O\u00dc Colibri","url":"https:\/\/colibri-jewels.eu\/et\/","logo":{"@type":"ImageObject","inLanguage":"et","@id":"https:\/\/colibri-jewels.eu\/et\/#\/schema\/logo\/image\/","url":"https:\/\/dev.colibri-jewels.eu\/wp-content\/uploads\/2021\/03\/colibri.png","contentUrl":"https:\/\/dev.colibri-jewels.eu\/wp-content\/uploads\/2021\/03\/colibri.png","width":227,"height":130,"caption":"O\u00dc Colibri"},"image":{"@id":"https:\/\/colibri-jewels.eu\/et\/#\/schema\/logo\/image\/"},"sameAs":["https:\/\/www.facebook.com\/colibri.jewels","https:\/\/www.instagram.com\/colibri.jewels","https:\/\/www.tiktok.com\/colibri.jewels"]}]}},"_links":{"self":[{"href":"https:\/\/colibri-jewels.eu\/et\/wp-json\/wp\/v2\/product\/29641","targetHints":{"allow":["GET"]}}],"collection":[{"href":"https:\/\/colibri-jewels.eu\/et\/wp-json\/wp\/v2\/product"}],"about":[{"href":"https:\/\/colibri-jewels.eu\/et\/wp-json\/wp\/v2\/types\/product"}],"replies":[{"embeddable":true,"href":"https:\/\/colibri-jewels.eu\/et\/wp-json\/wp\/v2\/comments?post=29641"}],"version-history":[{"count":0,"href":"https:\/\/colibri-jewels.eu\/et\/wp-json\/wp\/v2\/product\/29641\/revisions"}],"wp:featuredmedia":[{"embeddable":true,"href":"https:\/\/colibri-jewels.eu\/et\/wp-json\/wp\/v2\/media\/29638"}],"wp:attachment":[{"href":"https:\/\/colibri-jewels.eu\/et\/wp-json\/wp\/v2\/media?parent=29641"}],"wp:term":[{"taxonomy":"brand","embeddable":true,"href":"https:\/\/colibri-jewels.eu\/et\/wp-json\/wp\/v2\/etheme_brands?post=29641"},{"taxonomy":"product_brand","embeddable":true,"href":"https:\/\/colibri-jewels.eu\/et\/wp-json\/wp\/v2\/product_brand?post=29641"},{"taxonomy":"product_cat","embeddable":true,"href":"https:\/\/colibri-jewels.eu\/et\/wp-json\/wp\/v2\/product_cat?post=29641"},{"taxonomy":"product_tag","embeddable":true,"href":"https:\/\/colibri-jewels.eu\/et\/wp-json\/wp\/v2\/product_tag?post=29641"}],"curies":[{"name":"wp","href":"https:\/\/api.w.org\/{rel}","templated":true}]}}