{"id":32454,"date":"2023-02-07T18:19:41","date_gmt":"2023-02-07T16:19:41","guid":{"rendered":"https:\/\/dev.colibri-jewels.eu\/product\/armas-roosa-kuldne-kaelakee-jaatis\/"},"modified":"2023-02-07T18:19:41","modified_gmt":"2023-02-07T16:19:41","slug":"cute-golden-necklace-ice-cream-in-pink","status":"publish","type":"product","link":"https:\/\/colibri-jewels.eu\/et\/toode\/cute-golden-necklace-ice-cream-in-pink\/","title":{"rendered":"Armas roosa kuldne kaelakee &#8220;J\u00e4\u00e4tis&#8221;."},"content":{"rendered":"<p>Meie kollektsiooni k\u00f5ige armsam kuldne kaelakee. Loodud Kiievi ehtestuudio &#8220;Arcanite&#8221; poolt.<\/p>\n<p>Erkroosa laboris kasvatatud ja k\u00e4sitsi l\u00f5igatud kristall samast stuudiost, sellesse kaelakee sisse seatud.<\/p>\n<p>Roosa kuld 14kt, keti pikkus 45cm.<\/p>\n<p>Laboris kasvatatud roosa safiir 3,5 ct.<\/p>\n<p>Kaelakee kaal 3,24 g.<\/p>\n","protected":false},"excerpt":{"rendered":"<p>Meie kollektsiooni k\u00f5ige armsam kuldne kaelakee. Loodud Kiievi ehtestuudio &#8220;Arcanite&#8221; poolt.<\/p>\n<p>Erkroosa laboris kasvatatud ja k\u00e4sitsi l\u00f5igatud kristall samast stuudiost, sellesse kaelakee sisse seatud.<\/p>\n<p>Roosa kuld 14kt, keti pikkus 45cm.<\/p>\n<p>Laboris kasvatatud roosa safiir 3,5 ct.<\/p>\n<p>Kaelakee kaal 3,24 g.<\/p>\n","protected":false},"featured_media":32426,"comment_status":"open","ping_status":"closed","template":"","meta":[],"etheme_brands":[],"product_brand":[],"product_cat":[470],"product_tag":[],"class_list":{"0":"post-32454","1":"product","2":"type-product","3":"status-publish","4":"has-post-thumbnail","6":"product_cat-kaelakeed-ja-ripatsid","8":"first","9":"instock","10":"shipping-taxable","11":"purchasable","12":"product-type-simple"},"acf":[],"yoast_head":"<!-- This site is optimized with the Yoast SEO Premium plugin v26.5 (Yoast SEO v26.8) - https:\/\/yoast.com\/product\/yoast-seo-premium-wordpress\/ -->\n<title>Armas roosa kuldne kaelakee &quot;J\u00e4\u00e4tis&quot;. - Colibri jewels<\/title>\n<meta name=\"robots\" content=\"index, follow, max-snippet:-1, max-image-preview:large, max-video-preview:-1\" \/>\n<link rel=\"canonical\" href=\"https:\/\/colibri-jewels.eu\/et\/toode\/cute-golden-necklace-ice-cream-in-pink\/\" \/>\n<meta property=\"og:locale\" content=\"et_EE\" \/>\n<meta property=\"og:type\" content=\"article\" \/>\n<meta property=\"og:title\" content=\"Armas roosa kuldne kaelakee &quot;J\u00e4\u00e4tis&quot;.\" \/>\n<meta property=\"og:description\" content=\"Meie kollektsiooni k\u00f5ige armsam kuldne kaelakee. Loodud Kiievi ehtestuudio &quot;Arcanite&quot; poolt. Erkroosa laboris kasvatatud ja k\u00e4sitsi l\u00f5igatud kristall samast stuudiost, sellesse kaelakee sisse seatud. Roosa kuld 14kt, keti pikkus 45cm. Laboris kasvatatud roosa safiir 3,5 ct. Kaelakee kaal 3,24 g.\" \/>\n<meta property=\"og:url\" content=\"https:\/\/colibri-jewels.eu\/et\/toode\/cute-golden-necklace-ice-cream-in-pink\/\" \/>\n<meta property=\"og:site_name\" content=\"Colibri jewels\" \/>\n<meta property=\"article:publisher\" content=\"https:\/\/www.facebook.com\/colibri.jewels\" \/>\n<meta property=\"og:image\" content=\"https:\/\/colibri-jewels.eu\/wp-content\/uploads\/2023\/02\/ice-cream-pink2.jpg\" \/>\n\t<meta property=\"og:image:width\" content=\"1000\" \/>\n\t<meta property=\"og:image:height\" content=\"1000\" \/>\n\t<meta property=\"og:image:type\" content=\"image\/jpeg\" \/>\n<meta name=\"twitter:card\" content=\"summary_large_image\" \/>\n<script type=\"application\/ld+json\" class=\"yoast-schema-graph\">{\"@context\":\"https:\/\/schema.org\",\"@graph\":[{\"@type\":\"WebPage\",\"@id\":\"https:\/\/colibri-jewels.eu\/et\/toode\/cute-golden-necklace-ice-cream-in-pink\/\",\"url\":\"https:\/\/colibri-jewels.eu\/et\/toode\/cute-golden-necklace-ice-cream-in-pink\/\",\"name\":\"Armas roosa kuldne kaelakee \\\"J\u00e4\u00e4tis\\\". - Colibri jewels\",\"isPartOf\":{\"@id\":\"https:\/\/colibri-jewels.eu\/et\/#website\"},\"primaryImageOfPage\":{\"@id\":\"https:\/\/colibri-jewels.eu\/et\/toode\/cute-golden-necklace-ice-cream-in-pink\/#primaryimage\"},\"image\":{\"@id\":\"https:\/\/colibri-jewels.eu\/et\/toode\/cute-golden-necklace-ice-cream-in-pink\/#primaryimage\"},\"thumbnailUrl\":\"https:\/\/colibri-jewels.eu\/wp-content\/uploads\/2023\/02\/ice-cream-pink2.jpg\",\"datePublished\":\"2023-02-07T16:19:41+00:00\",\"breadcrumb\":{\"@id\":\"https:\/\/colibri-jewels.eu\/et\/toode\/cute-golden-necklace-ice-cream-in-pink\/#breadcrumb\"},\"inLanguage\":\"et\",\"potentialAction\":[{\"@type\":\"ReadAction\",\"target\":[\"https:\/\/colibri-jewels.eu\/et\/toode\/cute-golden-necklace-ice-cream-in-pink\/\"]}]},{\"@type\":\"ImageObject\",\"inLanguage\":\"et\",\"@id\":\"https:\/\/colibri-jewels.eu\/et\/toode\/cute-golden-necklace-ice-cream-in-pink\/#primaryimage\",\"url\":\"https:\/\/colibri-jewels.eu\/wp-content\/uploads\/2023\/02\/ice-cream-pink2.jpg\",\"contentUrl\":\"https:\/\/colibri-jewels.eu\/wp-content\/uploads\/2023\/02\/ice-cream-pink2.jpg\",\"width\":1000,\"height\":1000},{\"@type\":\"BreadcrumbList\",\"@id\":\"https:\/\/colibri-jewels.eu\/et\/toode\/cute-golden-necklace-ice-cream-in-pink\/#breadcrumb\",\"itemListElement\":[{\"@type\":\"ListItem\",\"position\":1,\"name\":\"\u0413\u043b\u0430\u0432\u043d\u0430\u044f \u0441\u0442\u0440\u0430\u043d\u0438\u0446\u0430\",\"item\":\"https:\/\/colibri-jewels.eu\/et\/\"},{\"@type\":\"ListItem\",\"position\":2,\"name\":\"Pood\",\"item\":\"https:\/\/colibri-jewels.eu\/et\/pood\/\"},{\"@type\":\"ListItem\",\"position\":3,\"name\":\"Armas roosa kuldne kaelakee &#8220;J\u00e4\u00e4tis&#8221;.\"}]},{\"@type\":\"WebSite\",\"@id\":\"https:\/\/colibri-jewels.eu\/et\/#website\",\"url\":\"https:\/\/colibri-jewels.eu\/et\/\",\"name\":\"Colibri jewels\",\"description\":\"jewelry shop\",\"publisher\":{\"@id\":\"https:\/\/colibri-jewels.eu\/et\/#organization\"},\"potentialAction\":[{\"@type\":\"SearchAction\",\"target\":{\"@type\":\"EntryPoint\",\"urlTemplate\":\"https:\/\/colibri-jewels.eu\/et\/?s={search_term_string}\"},\"query-input\":{\"@type\":\"PropertyValueSpecification\",\"valueRequired\":true,\"valueName\":\"search_term_string\"}}],\"inLanguage\":\"et\"},{\"@type\":\"Organization\",\"@id\":\"https:\/\/colibri-jewels.eu\/et\/#organization\",\"name\":\"O\u00dc Colibri\",\"url\":\"https:\/\/colibri-jewels.eu\/et\/\",\"logo\":{\"@type\":\"ImageObject\",\"inLanguage\":\"et\",\"@id\":\"https:\/\/colibri-jewels.eu\/et\/#\/schema\/logo\/image\/\",\"url\":\"https:\/\/dev.colibri-jewels.eu\/wp-content\/uploads\/2021\/03\/colibri.png\",\"contentUrl\":\"https:\/\/dev.colibri-jewels.eu\/wp-content\/uploads\/2021\/03\/colibri.png\",\"width\":227,\"height\":130,\"caption\":\"O\u00dc Colibri\"},\"image\":{\"@id\":\"https:\/\/colibri-jewels.eu\/et\/#\/schema\/logo\/image\/\"},\"sameAs\":[\"https:\/\/www.facebook.com\/colibri.jewels\",\"https:\/\/www.instagram.com\/colibri.jewels\",\"https:\/\/www.tiktok.com\/colibri.jewels\"]}]}<\/script>\n<!-- \/ Yoast SEO Premium plugin. -->","yoast_head_json":{"title":"Armas roosa kuldne kaelakee \"J\u00e4\u00e4tis\". - Colibri jewels","robots":{"index":"index","follow":"follow","max-snippet":"max-snippet:-1","max-image-preview":"max-image-preview:large","max-video-preview":"max-video-preview:-1"},"canonical":"https:\/\/colibri-jewels.eu\/et\/toode\/cute-golden-necklace-ice-cream-in-pink\/","og_locale":"et_EE","og_type":"article","og_title":"Armas roosa kuldne kaelakee \"J\u00e4\u00e4tis\".","og_description":"Meie kollektsiooni k\u00f5ige armsam kuldne kaelakee. Loodud Kiievi ehtestuudio \"Arcanite\" poolt. Erkroosa laboris kasvatatud ja k\u00e4sitsi l\u00f5igatud kristall samast stuudiost, sellesse kaelakee sisse seatud. Roosa kuld 14kt, keti pikkus 45cm. Laboris kasvatatud roosa safiir 3,5 ct. Kaelakee kaal 3,24 g.","og_url":"https:\/\/colibri-jewels.eu\/et\/toode\/cute-golden-necklace-ice-cream-in-pink\/","og_site_name":"Colibri jewels","article_publisher":"https:\/\/www.facebook.com\/colibri.jewels","og_image":[{"width":1000,"height":1000,"url":"https:\/\/colibri-jewels.eu\/wp-content\/uploads\/2023\/02\/ice-cream-pink2.jpg","type":"image\/jpeg"}],"twitter_card":"summary_large_image","schema":{"@context":"https:\/\/schema.org","@graph":[{"@type":"WebPage","@id":"https:\/\/colibri-jewels.eu\/et\/toode\/cute-golden-necklace-ice-cream-in-pink\/","url":"https:\/\/colibri-jewels.eu\/et\/toode\/cute-golden-necklace-ice-cream-in-pink\/","name":"Armas roosa kuldne kaelakee \"J\u00e4\u00e4tis\". - Colibri jewels","isPartOf":{"@id":"https:\/\/colibri-jewels.eu\/et\/#website"},"primaryImageOfPage":{"@id":"https:\/\/colibri-jewels.eu\/et\/toode\/cute-golden-necklace-ice-cream-in-pink\/#primaryimage"},"image":{"@id":"https:\/\/colibri-jewels.eu\/et\/toode\/cute-golden-necklace-ice-cream-in-pink\/#primaryimage"},"thumbnailUrl":"https:\/\/colibri-jewels.eu\/wp-content\/uploads\/2023\/02\/ice-cream-pink2.jpg","datePublished":"2023-02-07T16:19:41+00:00","breadcrumb":{"@id":"https:\/\/colibri-jewels.eu\/et\/toode\/cute-golden-necklace-ice-cream-in-pink\/#breadcrumb"},"inLanguage":"et","potentialAction":[{"@type":"ReadAction","target":["https:\/\/colibri-jewels.eu\/et\/toode\/cute-golden-necklace-ice-cream-in-pink\/"]}]},{"@type":"ImageObject","inLanguage":"et","@id":"https:\/\/colibri-jewels.eu\/et\/toode\/cute-golden-necklace-ice-cream-in-pink\/#primaryimage","url":"https:\/\/colibri-jewels.eu\/wp-content\/uploads\/2023\/02\/ice-cream-pink2.jpg","contentUrl":"https:\/\/colibri-jewels.eu\/wp-content\/uploads\/2023\/02\/ice-cream-pink2.jpg","width":1000,"height":1000},{"@type":"BreadcrumbList","@id":"https:\/\/colibri-jewels.eu\/et\/toode\/cute-golden-necklace-ice-cream-in-pink\/#breadcrumb","itemListElement":[{"@type":"ListItem","position":1,"name":"\u0413\u043b\u0430\u0432\u043d\u0430\u044f \u0441\u0442\u0440\u0430\u043d\u0438\u0446\u0430","item":"https:\/\/colibri-jewels.eu\/et\/"},{"@type":"ListItem","position":2,"name":"Pood","item":"https:\/\/colibri-jewels.eu\/et\/pood\/"},{"@type":"ListItem","position":3,"name":"Armas roosa kuldne kaelakee &#8220;J\u00e4\u00e4tis&#8221;."}]},{"@type":"WebSite","@id":"https:\/\/colibri-jewels.eu\/et\/#website","url":"https:\/\/colibri-jewels.eu\/et\/","name":"Colibri jewels","description":"jewelry shop","publisher":{"@id":"https:\/\/colibri-jewels.eu\/et\/#organization"},"potentialAction":[{"@type":"SearchAction","target":{"@type":"EntryPoint","urlTemplate":"https:\/\/colibri-jewels.eu\/et\/?s={search_term_string}"},"query-input":{"@type":"PropertyValueSpecification","valueRequired":true,"valueName":"search_term_string"}}],"inLanguage":"et"},{"@type":"Organization","@id":"https:\/\/colibri-jewels.eu\/et\/#organization","name":"O\u00dc Colibri","url":"https:\/\/colibri-jewels.eu\/et\/","logo":{"@type":"ImageObject","inLanguage":"et","@id":"https:\/\/colibri-jewels.eu\/et\/#\/schema\/logo\/image\/","url":"https:\/\/dev.colibri-jewels.eu\/wp-content\/uploads\/2021\/03\/colibri.png","contentUrl":"https:\/\/dev.colibri-jewels.eu\/wp-content\/uploads\/2021\/03\/colibri.png","width":227,"height":130,"caption":"O\u00dc Colibri"},"image":{"@id":"https:\/\/colibri-jewels.eu\/et\/#\/schema\/logo\/image\/"},"sameAs":["https:\/\/www.facebook.com\/colibri.jewels","https:\/\/www.instagram.com\/colibri.jewels","https:\/\/www.tiktok.com\/colibri.jewels"]}]}},"_links":{"self":[{"href":"https:\/\/colibri-jewels.eu\/et\/wp-json\/wp\/v2\/product\/32454","targetHints":{"allow":["GET"]}}],"collection":[{"href":"https:\/\/colibri-jewels.eu\/et\/wp-json\/wp\/v2\/product"}],"about":[{"href":"https:\/\/colibri-jewels.eu\/et\/wp-json\/wp\/v2\/types\/product"}],"replies":[{"embeddable":true,"href":"https:\/\/colibri-jewels.eu\/et\/wp-json\/wp\/v2\/comments?post=32454"}],"version-history":[{"count":0,"href":"https:\/\/colibri-jewels.eu\/et\/wp-json\/wp\/v2\/product\/32454\/revisions"}],"wp:featuredmedia":[{"embeddable":true,"href":"https:\/\/colibri-jewels.eu\/et\/wp-json\/wp\/v2\/media\/32426"}],"wp:attachment":[{"href":"https:\/\/colibri-jewels.eu\/et\/wp-json\/wp\/v2\/media?parent=32454"}],"wp:term":[{"taxonomy":"brand","embeddable":true,"href":"https:\/\/colibri-jewels.eu\/et\/wp-json\/wp\/v2\/etheme_brands?post=32454"},{"taxonomy":"product_brand","embeddable":true,"href":"https:\/\/colibri-jewels.eu\/et\/wp-json\/wp\/v2\/product_brand?post=32454"},{"taxonomy":"product_cat","embeddable":true,"href":"https:\/\/colibri-jewels.eu\/et\/wp-json\/wp\/v2\/product_cat?post=32454"},{"taxonomy":"product_tag","embeddable":true,"href":"https:\/\/colibri-jewels.eu\/et\/wp-json\/wp\/v2\/product_tag?post=32454"}],"curies":[{"name":"wp","href":"https:\/\/api.w.org\/{rel}","templated":true}]}}