{"id":33058,"date":"2023-03-24T14:56:45","date_gmt":"2023-03-24T12:56:45","guid":{"rendered":"https:\/\/dev.colibri-jewels.eu\/?post_type=product&#038;p=33058"},"modified":"2023-04-05T18:52:26","modified_gmt":"2023-04-05T15:52:26","slug":"classic-style-7-mm-wedding-ring","status":"publish","type":"product","link":"https:\/\/colibri-jewels.eu\/et\/toode\/classic-style-7-mm-wedding-ring\/","title":{"rendered":"Klassikalises stiilis 7 mm abielus\u00f5rmus"},"content":{"rendered":"<p>\u00dcks klassikalisemaid abielus\u00f5rmuste mudeleid. V\u00f5imalik tellida igas suuruses ja kullav\u00e4rvi. Samuti saame s\u00f5rmusesse s\u00e4ttida v\u00e4ikese teemandi v\u00f5i n\u00e4iteks muuta selle kahev\u00e4rviliseks.<\/p>\n<p>Keskmine kaal kullas 14 kt &#8211; 4,80-5,70 g (olenevalt suurusest). V\u00f5ib valmistada ka teie kullast.<\/p>\n<p>Hind on antud n\u00e4iteks \u00fche s\u00f5rmuse kohta 18.0 suuruses.<\/p>\n<p>Lisateabe saamiseks v\u00f5tke minuga \u00fchendust.<\/p>\n<p>&nbsp;<\/p>\n","protected":false},"excerpt":{"rendered":"<p>\u00dcks klassikalisemaid abielus\u00f5rmuste mudeleid. V\u00f5imalik tellida igas suuruses ja kullav\u00e4rvi. Samuti saame s\u00f5rmusesse s\u00e4ttida v\u00e4ikese teemandi v\u00f5i n\u00e4iteks muuta selle kahev\u00e4rviliseks.<\/p>\n<p>Keskmine kaal kullas 14 kt &#8211; 4,80-5,70 g (olenevalt suurusest). V\u00f5ib valmistada ka teie kullast.<\/p>\n<p>Hind on antud n\u00e4iteks \u00fche s\u00f5rmuse kohta 18.0 suuruses.<\/p>\n","protected":false},"featured_media":33076,"comment_status":"open","ping_status":"closed","template":"","meta":[],"etheme_brands":[],"product_brand":[],"product_cat":[471],"product_tag":[],"class_list":{"0":"post-33058","1":"product","2":"type-product","3":"status-publish","4":"has-post-thumbnail","6":"product_cat-sormused","8":"first","9":"instock","10":"shipping-taxable","11":"purchasable","12":"product-type-simple"},"acf":[],"yoast_head":"<!-- This site is optimized with the Yoast SEO Premium plugin v26.5 (Yoast SEO v26.8) - https:\/\/yoast.com\/product\/yoast-seo-premium-wordpress\/ -->\n<title>Klassikalises stiilis 7 mm abielus\u00f5rmus - Colibri jewels<\/title>\n<meta name=\"robots\" content=\"index, follow, max-snippet:-1, max-image-preview:large, max-video-preview:-1\" \/>\n<link rel=\"canonical\" href=\"https:\/\/colibri-jewels.eu\/et\/toode\/classic-style-7-mm-wedding-ring\/\" \/>\n<meta property=\"og:locale\" content=\"et_EE\" \/>\n<meta property=\"og:type\" content=\"article\" \/>\n<meta property=\"og:title\" content=\"Klassikalises stiilis 7 mm abielus\u00f5rmus\" \/>\n<meta property=\"og:description\" content=\"\u00dcks klassikalisemaid abielus\u00f5rmuste mudeleid. V\u00f5imalik tellida igas suuruses ja kullav\u00e4rvi. Samuti saame s\u00f5rmusesse s\u00e4ttida v\u00e4ikese teemandi v\u00f5i n\u00e4iteks muuta selle kahev\u00e4rviliseks.  Keskmine kaal kullas 14 kt - 4,80-5,70 g (olenevalt suurusest). V\u00f5ib valmistada ka teie kullast.  Hind on antud n\u00e4iteks \u00fche s\u00f5rmuse kohta 18.0 suuruses.\" \/>\n<meta property=\"og:url\" content=\"https:\/\/colibri-jewels.eu\/et\/toode\/classic-style-7-mm-wedding-ring\/\" \/>\n<meta property=\"og:site_name\" content=\"Colibri jewels\" \/>\n<meta property=\"article:publisher\" content=\"https:\/\/www.facebook.com\/colibri.jewels\" \/>\n<meta property=\"article:modified_time\" content=\"2023-04-05T15:52:26+00:00\" \/>\n<meta property=\"og:image\" content=\"https:\/\/colibri-jewels.eu\/wp-content\/uploads\/2023\/03\/IMG_5412.jpg\" \/>\n\t<meta property=\"og:image:width\" content=\"1000\" \/>\n\t<meta property=\"og:image:height\" content=\"1000\" \/>\n\t<meta property=\"og:image:type\" content=\"image\/jpeg\" \/>\n<meta name=\"twitter:card\" content=\"summary_large_image\" \/>\n<script type=\"application\/ld+json\" class=\"yoast-schema-graph\">{\"@context\":\"https:\/\/schema.org\",\"@graph\":[{\"@type\":\"WebPage\",\"@id\":\"https:\/\/colibri-jewels.eu\/et\/toode\/classic-style-7-mm-wedding-ring\/\",\"url\":\"https:\/\/colibri-jewels.eu\/et\/toode\/classic-style-7-mm-wedding-ring\/\",\"name\":\"Klassikalises stiilis 7 mm abielus\u00f5rmus - Colibri jewels\",\"isPartOf\":{\"@id\":\"https:\/\/colibri-jewels.eu\/et\/#website\"},\"primaryImageOfPage\":{\"@id\":\"https:\/\/colibri-jewels.eu\/et\/toode\/classic-style-7-mm-wedding-ring\/#primaryimage\"},\"image\":{\"@id\":\"https:\/\/colibri-jewels.eu\/et\/toode\/classic-style-7-mm-wedding-ring\/#primaryimage\"},\"thumbnailUrl\":\"https:\/\/colibri-jewels.eu\/wp-content\/uploads\/2023\/03\/IMG_5412.jpg\",\"datePublished\":\"2023-03-24T12:56:45+00:00\",\"dateModified\":\"2023-04-05T15:52:26+00:00\",\"breadcrumb\":{\"@id\":\"https:\/\/colibri-jewels.eu\/et\/toode\/classic-style-7-mm-wedding-ring\/#breadcrumb\"},\"inLanguage\":\"et\",\"potentialAction\":[{\"@type\":\"ReadAction\",\"target\":[\"https:\/\/colibri-jewels.eu\/et\/toode\/classic-style-7-mm-wedding-ring\/\"]}]},{\"@type\":\"ImageObject\",\"inLanguage\":\"et\",\"@id\":\"https:\/\/colibri-jewels.eu\/et\/toode\/classic-style-7-mm-wedding-ring\/#primaryimage\",\"url\":\"https:\/\/colibri-jewels.eu\/wp-content\/uploads\/2023\/03\/IMG_5412.jpg\",\"contentUrl\":\"https:\/\/colibri-jewels.eu\/wp-content\/uploads\/2023\/03\/IMG_5412.jpg\",\"width\":1000,\"height\":1000},{\"@type\":\"BreadcrumbList\",\"@id\":\"https:\/\/colibri-jewels.eu\/et\/toode\/classic-style-7-mm-wedding-ring\/#breadcrumb\",\"itemListElement\":[{\"@type\":\"ListItem\",\"position\":1,\"name\":\"\u0413\u043b\u0430\u0432\u043d\u0430\u044f \u0441\u0442\u0440\u0430\u043d\u0438\u0446\u0430\",\"item\":\"https:\/\/colibri-jewels.eu\/et\/\"},{\"@type\":\"ListItem\",\"position\":2,\"name\":\"Pood\",\"item\":\"https:\/\/colibri-jewels.eu\/et\/pood\/\"},{\"@type\":\"ListItem\",\"position\":3,\"name\":\"Klassikalises stiilis 7 mm abielus\u00f5rmus\"}]},{\"@type\":\"WebSite\",\"@id\":\"https:\/\/colibri-jewels.eu\/et\/#website\",\"url\":\"https:\/\/colibri-jewels.eu\/et\/\",\"name\":\"Colibri jewels\",\"description\":\"jewelry shop\",\"publisher\":{\"@id\":\"https:\/\/colibri-jewels.eu\/et\/#organization\"},\"potentialAction\":[{\"@type\":\"SearchAction\",\"target\":{\"@type\":\"EntryPoint\",\"urlTemplate\":\"https:\/\/colibri-jewels.eu\/et\/?s={search_term_string}\"},\"query-input\":{\"@type\":\"PropertyValueSpecification\",\"valueRequired\":true,\"valueName\":\"search_term_string\"}}],\"inLanguage\":\"et\"},{\"@type\":\"Organization\",\"@id\":\"https:\/\/colibri-jewels.eu\/et\/#organization\",\"name\":\"O\u00dc Colibri\",\"url\":\"https:\/\/colibri-jewels.eu\/et\/\",\"logo\":{\"@type\":\"ImageObject\",\"inLanguage\":\"et\",\"@id\":\"https:\/\/colibri-jewels.eu\/et\/#\/schema\/logo\/image\/\",\"url\":\"https:\/\/dev.colibri-jewels.eu\/wp-content\/uploads\/2021\/03\/colibri.png\",\"contentUrl\":\"https:\/\/dev.colibri-jewels.eu\/wp-content\/uploads\/2021\/03\/colibri.png\",\"width\":227,\"height\":130,\"caption\":\"O\u00dc Colibri\"},\"image\":{\"@id\":\"https:\/\/colibri-jewels.eu\/et\/#\/schema\/logo\/image\/\"},\"sameAs\":[\"https:\/\/www.facebook.com\/colibri.jewels\",\"https:\/\/www.instagram.com\/colibri.jewels\",\"https:\/\/www.tiktok.com\/colibri.jewels\"]}]}<\/script>\n<!-- \/ Yoast SEO Premium plugin. -->","yoast_head_json":{"title":"Klassikalises stiilis 7 mm abielus\u00f5rmus - Colibri jewels","robots":{"index":"index","follow":"follow","max-snippet":"max-snippet:-1","max-image-preview":"max-image-preview:large","max-video-preview":"max-video-preview:-1"},"canonical":"https:\/\/colibri-jewels.eu\/et\/toode\/classic-style-7-mm-wedding-ring\/","og_locale":"et_EE","og_type":"article","og_title":"Klassikalises stiilis 7 mm abielus\u00f5rmus","og_description":"\u00dcks klassikalisemaid abielus\u00f5rmuste mudeleid. V\u00f5imalik tellida igas suuruses ja kullav\u00e4rvi. Samuti saame s\u00f5rmusesse s\u00e4ttida v\u00e4ikese teemandi v\u00f5i n\u00e4iteks muuta selle kahev\u00e4rviliseks.  Keskmine kaal kullas 14 kt - 4,80-5,70 g (olenevalt suurusest). V\u00f5ib valmistada ka teie kullast.  Hind on antud n\u00e4iteks \u00fche s\u00f5rmuse kohta 18.0 suuruses.","og_url":"https:\/\/colibri-jewels.eu\/et\/toode\/classic-style-7-mm-wedding-ring\/","og_site_name":"Colibri jewels","article_publisher":"https:\/\/www.facebook.com\/colibri.jewels","article_modified_time":"2023-04-05T15:52:26+00:00","og_image":[{"width":1000,"height":1000,"url":"https:\/\/colibri-jewels.eu\/wp-content\/uploads\/2023\/03\/IMG_5412.jpg","type":"image\/jpeg"}],"twitter_card":"summary_large_image","schema":{"@context":"https:\/\/schema.org","@graph":[{"@type":"WebPage","@id":"https:\/\/colibri-jewels.eu\/et\/toode\/classic-style-7-mm-wedding-ring\/","url":"https:\/\/colibri-jewels.eu\/et\/toode\/classic-style-7-mm-wedding-ring\/","name":"Klassikalises stiilis 7 mm abielus\u00f5rmus - Colibri jewels","isPartOf":{"@id":"https:\/\/colibri-jewels.eu\/et\/#website"},"primaryImageOfPage":{"@id":"https:\/\/colibri-jewels.eu\/et\/toode\/classic-style-7-mm-wedding-ring\/#primaryimage"},"image":{"@id":"https:\/\/colibri-jewels.eu\/et\/toode\/classic-style-7-mm-wedding-ring\/#primaryimage"},"thumbnailUrl":"https:\/\/colibri-jewels.eu\/wp-content\/uploads\/2023\/03\/IMG_5412.jpg","datePublished":"2023-03-24T12:56:45+00:00","dateModified":"2023-04-05T15:52:26+00:00","breadcrumb":{"@id":"https:\/\/colibri-jewels.eu\/et\/toode\/classic-style-7-mm-wedding-ring\/#breadcrumb"},"inLanguage":"et","potentialAction":[{"@type":"ReadAction","target":["https:\/\/colibri-jewels.eu\/et\/toode\/classic-style-7-mm-wedding-ring\/"]}]},{"@type":"ImageObject","inLanguage":"et","@id":"https:\/\/colibri-jewels.eu\/et\/toode\/classic-style-7-mm-wedding-ring\/#primaryimage","url":"https:\/\/colibri-jewels.eu\/wp-content\/uploads\/2023\/03\/IMG_5412.jpg","contentUrl":"https:\/\/colibri-jewels.eu\/wp-content\/uploads\/2023\/03\/IMG_5412.jpg","width":1000,"height":1000},{"@type":"BreadcrumbList","@id":"https:\/\/colibri-jewels.eu\/et\/toode\/classic-style-7-mm-wedding-ring\/#breadcrumb","itemListElement":[{"@type":"ListItem","position":1,"name":"\u0413\u043b\u0430\u0432\u043d\u0430\u044f \u0441\u0442\u0440\u0430\u043d\u0438\u0446\u0430","item":"https:\/\/colibri-jewels.eu\/et\/"},{"@type":"ListItem","position":2,"name":"Pood","item":"https:\/\/colibri-jewels.eu\/et\/pood\/"},{"@type":"ListItem","position":3,"name":"Klassikalises stiilis 7 mm abielus\u00f5rmus"}]},{"@type":"WebSite","@id":"https:\/\/colibri-jewels.eu\/et\/#website","url":"https:\/\/colibri-jewels.eu\/et\/","name":"Colibri jewels","description":"jewelry shop","publisher":{"@id":"https:\/\/colibri-jewels.eu\/et\/#organization"},"potentialAction":[{"@type":"SearchAction","target":{"@type":"EntryPoint","urlTemplate":"https:\/\/colibri-jewels.eu\/et\/?s={search_term_string}"},"query-input":{"@type":"PropertyValueSpecification","valueRequired":true,"valueName":"search_term_string"}}],"inLanguage":"et"},{"@type":"Organization","@id":"https:\/\/colibri-jewels.eu\/et\/#organization","name":"O\u00dc Colibri","url":"https:\/\/colibri-jewels.eu\/et\/","logo":{"@type":"ImageObject","inLanguage":"et","@id":"https:\/\/colibri-jewels.eu\/et\/#\/schema\/logo\/image\/","url":"https:\/\/dev.colibri-jewels.eu\/wp-content\/uploads\/2021\/03\/colibri.png","contentUrl":"https:\/\/dev.colibri-jewels.eu\/wp-content\/uploads\/2021\/03\/colibri.png","width":227,"height":130,"caption":"O\u00dc Colibri"},"image":{"@id":"https:\/\/colibri-jewels.eu\/et\/#\/schema\/logo\/image\/"},"sameAs":["https:\/\/www.facebook.com\/colibri.jewels","https:\/\/www.instagram.com\/colibri.jewels","https:\/\/www.tiktok.com\/colibri.jewels"]}]}},"_links":{"self":[{"href":"https:\/\/colibri-jewels.eu\/et\/wp-json\/wp\/v2\/product\/33058","targetHints":{"allow":["GET"]}}],"collection":[{"href":"https:\/\/colibri-jewels.eu\/et\/wp-json\/wp\/v2\/product"}],"about":[{"href":"https:\/\/colibri-jewels.eu\/et\/wp-json\/wp\/v2\/types\/product"}],"replies":[{"embeddable":true,"href":"https:\/\/colibri-jewels.eu\/et\/wp-json\/wp\/v2\/comments?post=33058"}],"version-history":[{"count":0,"href":"https:\/\/colibri-jewels.eu\/et\/wp-json\/wp\/v2\/product\/33058\/revisions"}],"wp:featuredmedia":[{"embeddable":true,"href":"https:\/\/colibri-jewels.eu\/et\/wp-json\/wp\/v2\/media\/33076"}],"wp:attachment":[{"href":"https:\/\/colibri-jewels.eu\/et\/wp-json\/wp\/v2\/media?parent=33058"}],"wp:term":[{"taxonomy":"brand","embeddable":true,"href":"https:\/\/colibri-jewels.eu\/et\/wp-json\/wp\/v2\/etheme_brands?post=33058"},{"taxonomy":"product_brand","embeddable":true,"href":"https:\/\/colibri-jewels.eu\/et\/wp-json\/wp\/v2\/product_brand?post=33058"},{"taxonomy":"product_cat","embeddable":true,"href":"https:\/\/colibri-jewels.eu\/et\/wp-json\/wp\/v2\/product_cat?post=33058"},{"taxonomy":"product_tag","embeddable":true,"href":"https:\/\/colibri-jewels.eu\/et\/wp-json\/wp\/v2\/product_tag?post=33058"}],"curies":[{"name":"wp","href":"https:\/\/api.w.org\/{rel}","templated":true}]}}