{"id":33172,"date":"2023-03-24T16:29:23","date_gmt":"2023-03-24T14:29:23","guid":{"rendered":"https:\/\/dev.colibri-jewels.eu\/?post_type=product&#038;p=33172"},"modified":"2023-04-05T18:51:41","modified_gmt":"2023-04-05T15:51:41","slug":"wide-wedding-ring-with-romantic-pattern","status":"publish","type":"product","link":"https:\/\/colibri-jewels.eu\/et\/toode\/wide-wedding-ring-with-romantic-pattern\/","title":{"rendered":"Lai abielus\u00f5rmus romantilise mustriga"},"content":{"rendered":"<p>Lai abielus\u00f5rmus romantilise mustriga ja musta v\u00e4rviga v\u00f5i musta roodiumiga, kui see on valmistatud kullast.<\/p>\n<p>V\u00f5imalik tellida igas suuruses ja kullav\u00e4rvi.<\/p>\n<p>Keskmine kaal kullas 14 kt &#8211; 6,50-9,50 g, h\u00f5bedas &#8211; 5,00-7,50 (olenevalt suurusest).<\/p>\n<p>V\u00f5ib valmistada ka teie kullast.<\/p>\n<p>Hind on antud n\u00e4iteks \u00fche s\u00f5rmuse kohta 18.0 suuruses.<\/p>\n<p>Lisateabe saamiseks v\u00f5tke minuga \u00fchendust.<\/p>\n<p>&nbsp;<\/p>\n","protected":false},"excerpt":{"rendered":"<p>Lai abielus\u00f5rmus romantilise mustriga ja musta v\u00e4rviga v\u00f5i musta roodiumiga, kui see on valmistatud kullast.<\/p>\n<p>V\u00f5imalik tellida igas suuruses ja kullav\u00e4rvi.<\/p>\n<p>Keskmine kaal kullas 14 kt &#8211; 6,50-9,50 g, h\u00f5bedas &#8211; 5,00-7,50 (olenevalt suurusest).<\/p>\n<p>V\u00f5ib valmistada ka teie kullast.<\/p>\n<p>Hind on antud n\u00e4iteks \u00fche s\u00f5rmuse kohta 18.0 suuruses.<\/p>\n<p>Lisateabe saamiseks v\u00f5tke minuga \u00fchendust.<\/p>\n","protected":false},"featured_media":33194,"comment_status":"open","ping_status":"closed","template":"","meta":[],"etheme_brands":[],"product_brand":[],"product_cat":[471],"product_tag":[],"class_list":{"0":"post-33172","1":"product","2":"type-product","3":"status-publish","4":"has-post-thumbnail","6":"product_cat-sormused","8":"first","9":"instock","10":"shipping-taxable","11":"purchasable","12":"product-type-variable"},"acf":[],"yoast_head":"<!-- This site is optimized with the Yoast SEO Premium plugin v26.5 (Yoast SEO v26.8) - https:\/\/yoast.com\/product\/yoast-seo-premium-wordpress\/ -->\n<title>Lai abielus\u00f5rmus romantilise mustriga - Colibri jewels<\/title>\n<meta name=\"robots\" content=\"index, follow, max-snippet:-1, max-image-preview:large, max-video-preview:-1\" \/>\n<link rel=\"canonical\" href=\"https:\/\/colibri-jewels.eu\/et\/toode\/wide-wedding-ring-with-romantic-pattern\/\" \/>\n<meta property=\"og:locale\" content=\"et_EE\" \/>\n<meta property=\"og:type\" content=\"article\" \/>\n<meta property=\"og:title\" content=\"Lai abielus\u00f5rmus romantilise mustriga\" \/>\n<meta property=\"og:description\" content=\"Lai abielus\u00f5rmus romantilise mustriga ja musta v\u00e4rviga v\u00f5i musta roodiumiga, kui see on valmistatud kullast.  V\u00f5imalik tellida igas suuruses ja kullav\u00e4rvi.  Keskmine kaal kullas 14 kt - 6,50-9,50 g, h\u00f5bedas - 5,00-7,50 (olenevalt suurusest).  V\u00f5ib valmistada ka teie kullast.  Hind on antud n\u00e4iteks \u00fche s\u00f5rmuse kohta 18.0 suuruses.  Lisateabe saamiseks v\u00f5tke minuga \u00fchendust.\" \/>\n<meta property=\"og:url\" content=\"https:\/\/colibri-jewels.eu\/et\/toode\/wide-wedding-ring-with-romantic-pattern\/\" \/>\n<meta property=\"og:site_name\" content=\"Colibri jewels\" \/>\n<meta property=\"article:publisher\" content=\"https:\/\/www.facebook.com\/colibri.jewels\" \/>\n<meta property=\"article:modified_time\" content=\"2023-04-05T15:51:41+00:00\" \/>\n<meta property=\"og:image\" content=\"https:\/\/colibri-jewels.eu\/wp-content\/uploads\/2023\/03\/heart-wedding.jpg\" \/>\n\t<meta property=\"og:image:width\" content=\"1000\" \/>\n\t<meta property=\"og:image:height\" content=\"1000\" \/>\n\t<meta property=\"og:image:type\" content=\"image\/jpeg\" \/>\n<meta name=\"twitter:card\" content=\"summary_large_image\" \/>\n<script type=\"application\/ld+json\" class=\"yoast-schema-graph\">{\"@context\":\"https:\/\/schema.org\",\"@graph\":[{\"@type\":\"WebPage\",\"@id\":\"https:\/\/colibri-jewels.eu\/et\/toode\/wide-wedding-ring-with-romantic-pattern\/\",\"url\":\"https:\/\/colibri-jewels.eu\/et\/toode\/wide-wedding-ring-with-romantic-pattern\/\",\"name\":\"Lai abielus\u00f5rmus romantilise mustriga - Colibri jewels\",\"isPartOf\":{\"@id\":\"https:\/\/colibri-jewels.eu\/et\/#website\"},\"primaryImageOfPage\":{\"@id\":\"https:\/\/colibri-jewels.eu\/et\/toode\/wide-wedding-ring-with-romantic-pattern\/#primaryimage\"},\"image\":{\"@id\":\"https:\/\/colibri-jewels.eu\/et\/toode\/wide-wedding-ring-with-romantic-pattern\/#primaryimage\"},\"thumbnailUrl\":\"https:\/\/colibri-jewels.eu\/wp-content\/uploads\/2023\/03\/heart-wedding.jpg\",\"datePublished\":\"2023-03-24T14:29:23+00:00\",\"dateModified\":\"2023-04-05T15:51:41+00:00\",\"breadcrumb\":{\"@id\":\"https:\/\/colibri-jewels.eu\/et\/toode\/wide-wedding-ring-with-romantic-pattern\/#breadcrumb\"},\"inLanguage\":\"et\",\"potentialAction\":[{\"@type\":\"ReadAction\",\"target\":[\"https:\/\/colibri-jewels.eu\/et\/toode\/wide-wedding-ring-with-romantic-pattern\/\"]}]},{\"@type\":\"ImageObject\",\"inLanguage\":\"et\",\"@id\":\"https:\/\/colibri-jewels.eu\/et\/toode\/wide-wedding-ring-with-romantic-pattern\/#primaryimage\",\"url\":\"https:\/\/colibri-jewels.eu\/wp-content\/uploads\/2023\/03\/heart-wedding.jpg\",\"contentUrl\":\"https:\/\/colibri-jewels.eu\/wp-content\/uploads\/2023\/03\/heart-wedding.jpg\",\"width\":1000,\"height\":1000},{\"@type\":\"BreadcrumbList\",\"@id\":\"https:\/\/colibri-jewels.eu\/et\/toode\/wide-wedding-ring-with-romantic-pattern\/#breadcrumb\",\"itemListElement\":[{\"@type\":\"ListItem\",\"position\":1,\"name\":\"\u0413\u043b\u0430\u0432\u043d\u0430\u044f \u0441\u0442\u0440\u0430\u043d\u0438\u0446\u0430\",\"item\":\"https:\/\/colibri-jewels.eu\/et\/\"},{\"@type\":\"ListItem\",\"position\":2,\"name\":\"Pood\",\"item\":\"https:\/\/colibri-jewels.eu\/et\/pood\/\"},{\"@type\":\"ListItem\",\"position\":3,\"name\":\"Lai abielus\u00f5rmus romantilise mustriga\"}]},{\"@type\":\"WebSite\",\"@id\":\"https:\/\/colibri-jewels.eu\/et\/#website\",\"url\":\"https:\/\/colibri-jewels.eu\/et\/\",\"name\":\"Colibri jewels\",\"description\":\"jewelry shop\",\"publisher\":{\"@id\":\"https:\/\/colibri-jewels.eu\/et\/#organization\"},\"potentialAction\":[{\"@type\":\"SearchAction\",\"target\":{\"@type\":\"EntryPoint\",\"urlTemplate\":\"https:\/\/colibri-jewels.eu\/et\/?s={search_term_string}\"},\"query-input\":{\"@type\":\"PropertyValueSpecification\",\"valueRequired\":true,\"valueName\":\"search_term_string\"}}],\"inLanguage\":\"et\"},{\"@type\":\"Organization\",\"@id\":\"https:\/\/colibri-jewels.eu\/et\/#organization\",\"name\":\"O\u00dc Colibri\",\"url\":\"https:\/\/colibri-jewels.eu\/et\/\",\"logo\":{\"@type\":\"ImageObject\",\"inLanguage\":\"et\",\"@id\":\"https:\/\/colibri-jewels.eu\/et\/#\/schema\/logo\/image\/\",\"url\":\"https:\/\/dev.colibri-jewels.eu\/wp-content\/uploads\/2021\/03\/colibri.png\",\"contentUrl\":\"https:\/\/dev.colibri-jewels.eu\/wp-content\/uploads\/2021\/03\/colibri.png\",\"width\":227,\"height\":130,\"caption\":\"O\u00dc Colibri\"},\"image\":{\"@id\":\"https:\/\/colibri-jewels.eu\/et\/#\/schema\/logo\/image\/\"},\"sameAs\":[\"https:\/\/www.facebook.com\/colibri.jewels\",\"https:\/\/www.instagram.com\/colibri.jewels\",\"https:\/\/www.tiktok.com\/colibri.jewels\"]}]}<\/script>\n<!-- \/ Yoast SEO Premium plugin. -->","yoast_head_json":{"title":"Lai abielus\u00f5rmus romantilise mustriga - Colibri jewels","robots":{"index":"index","follow":"follow","max-snippet":"max-snippet:-1","max-image-preview":"max-image-preview:large","max-video-preview":"max-video-preview:-1"},"canonical":"https:\/\/colibri-jewels.eu\/et\/toode\/wide-wedding-ring-with-romantic-pattern\/","og_locale":"et_EE","og_type":"article","og_title":"Lai abielus\u00f5rmus romantilise mustriga","og_description":"Lai abielus\u00f5rmus romantilise mustriga ja musta v\u00e4rviga v\u00f5i musta roodiumiga, kui see on valmistatud kullast.  V\u00f5imalik tellida igas suuruses ja kullav\u00e4rvi.  Keskmine kaal kullas 14 kt - 6,50-9,50 g, h\u00f5bedas - 5,00-7,50 (olenevalt suurusest).  V\u00f5ib valmistada ka teie kullast.  Hind on antud n\u00e4iteks \u00fche s\u00f5rmuse kohta 18.0 suuruses.  Lisateabe saamiseks v\u00f5tke minuga \u00fchendust.","og_url":"https:\/\/colibri-jewels.eu\/et\/toode\/wide-wedding-ring-with-romantic-pattern\/","og_site_name":"Colibri jewels","article_publisher":"https:\/\/www.facebook.com\/colibri.jewels","article_modified_time":"2023-04-05T15:51:41+00:00","og_image":[{"width":1000,"height":1000,"url":"https:\/\/colibri-jewels.eu\/wp-content\/uploads\/2023\/03\/heart-wedding.jpg","type":"image\/jpeg"}],"twitter_card":"summary_large_image","schema":{"@context":"https:\/\/schema.org","@graph":[{"@type":"WebPage","@id":"https:\/\/colibri-jewels.eu\/et\/toode\/wide-wedding-ring-with-romantic-pattern\/","url":"https:\/\/colibri-jewels.eu\/et\/toode\/wide-wedding-ring-with-romantic-pattern\/","name":"Lai abielus\u00f5rmus romantilise mustriga - Colibri jewels","isPartOf":{"@id":"https:\/\/colibri-jewels.eu\/et\/#website"},"primaryImageOfPage":{"@id":"https:\/\/colibri-jewels.eu\/et\/toode\/wide-wedding-ring-with-romantic-pattern\/#primaryimage"},"image":{"@id":"https:\/\/colibri-jewels.eu\/et\/toode\/wide-wedding-ring-with-romantic-pattern\/#primaryimage"},"thumbnailUrl":"https:\/\/colibri-jewels.eu\/wp-content\/uploads\/2023\/03\/heart-wedding.jpg","datePublished":"2023-03-24T14:29:23+00:00","dateModified":"2023-04-05T15:51:41+00:00","breadcrumb":{"@id":"https:\/\/colibri-jewels.eu\/et\/toode\/wide-wedding-ring-with-romantic-pattern\/#breadcrumb"},"inLanguage":"et","potentialAction":[{"@type":"ReadAction","target":["https:\/\/colibri-jewels.eu\/et\/toode\/wide-wedding-ring-with-romantic-pattern\/"]}]},{"@type":"ImageObject","inLanguage":"et","@id":"https:\/\/colibri-jewels.eu\/et\/toode\/wide-wedding-ring-with-romantic-pattern\/#primaryimage","url":"https:\/\/colibri-jewels.eu\/wp-content\/uploads\/2023\/03\/heart-wedding.jpg","contentUrl":"https:\/\/colibri-jewels.eu\/wp-content\/uploads\/2023\/03\/heart-wedding.jpg","width":1000,"height":1000},{"@type":"BreadcrumbList","@id":"https:\/\/colibri-jewels.eu\/et\/toode\/wide-wedding-ring-with-romantic-pattern\/#breadcrumb","itemListElement":[{"@type":"ListItem","position":1,"name":"\u0413\u043b\u0430\u0432\u043d\u0430\u044f \u0441\u0442\u0440\u0430\u043d\u0438\u0446\u0430","item":"https:\/\/colibri-jewels.eu\/et\/"},{"@type":"ListItem","position":2,"name":"Pood","item":"https:\/\/colibri-jewels.eu\/et\/pood\/"},{"@type":"ListItem","position":3,"name":"Lai abielus\u00f5rmus romantilise mustriga"}]},{"@type":"WebSite","@id":"https:\/\/colibri-jewels.eu\/et\/#website","url":"https:\/\/colibri-jewels.eu\/et\/","name":"Colibri jewels","description":"jewelry shop","publisher":{"@id":"https:\/\/colibri-jewels.eu\/et\/#organization"},"potentialAction":[{"@type":"SearchAction","target":{"@type":"EntryPoint","urlTemplate":"https:\/\/colibri-jewels.eu\/et\/?s={search_term_string}"},"query-input":{"@type":"PropertyValueSpecification","valueRequired":true,"valueName":"search_term_string"}}],"inLanguage":"et"},{"@type":"Organization","@id":"https:\/\/colibri-jewels.eu\/et\/#organization","name":"O\u00dc Colibri","url":"https:\/\/colibri-jewels.eu\/et\/","logo":{"@type":"ImageObject","inLanguage":"et","@id":"https:\/\/colibri-jewels.eu\/et\/#\/schema\/logo\/image\/","url":"https:\/\/dev.colibri-jewels.eu\/wp-content\/uploads\/2021\/03\/colibri.png","contentUrl":"https:\/\/dev.colibri-jewels.eu\/wp-content\/uploads\/2021\/03\/colibri.png","width":227,"height":130,"caption":"O\u00dc Colibri"},"image":{"@id":"https:\/\/colibri-jewels.eu\/et\/#\/schema\/logo\/image\/"},"sameAs":["https:\/\/www.facebook.com\/colibri.jewels","https:\/\/www.instagram.com\/colibri.jewels","https:\/\/www.tiktok.com\/colibri.jewels"]}]}},"_links":{"self":[{"href":"https:\/\/colibri-jewels.eu\/et\/wp-json\/wp\/v2\/product\/33172","targetHints":{"allow":["GET"]}}],"collection":[{"href":"https:\/\/colibri-jewels.eu\/et\/wp-json\/wp\/v2\/product"}],"about":[{"href":"https:\/\/colibri-jewels.eu\/et\/wp-json\/wp\/v2\/types\/product"}],"replies":[{"embeddable":true,"href":"https:\/\/colibri-jewels.eu\/et\/wp-json\/wp\/v2\/comments?post=33172"}],"version-history":[{"count":0,"href":"https:\/\/colibri-jewels.eu\/et\/wp-json\/wp\/v2\/product\/33172\/revisions"}],"wp:featuredmedia":[{"embeddable":true,"href":"https:\/\/colibri-jewels.eu\/et\/wp-json\/wp\/v2\/media\/33194"}],"wp:attachment":[{"href":"https:\/\/colibri-jewels.eu\/et\/wp-json\/wp\/v2\/media?parent=33172"}],"wp:term":[{"taxonomy":"brand","embeddable":true,"href":"https:\/\/colibri-jewels.eu\/et\/wp-json\/wp\/v2\/etheme_brands?post=33172"},{"taxonomy":"product_brand","embeddable":true,"href":"https:\/\/colibri-jewels.eu\/et\/wp-json\/wp\/v2\/product_brand?post=33172"},{"taxonomy":"product_cat","embeddable":true,"href":"https:\/\/colibri-jewels.eu\/et\/wp-json\/wp\/v2\/product_cat?post=33172"},{"taxonomy":"product_tag","embeddable":true,"href":"https:\/\/colibri-jewels.eu\/et\/wp-json\/wp\/v2\/product_tag?post=33172"}],"curies":[{"name":"wp","href":"https:\/\/api.w.org\/{rel}","templated":true}]}}