{"id":33204,"date":"2023-03-25T10:28:15","date_gmt":"2023-03-25T08:28:15","guid":{"rendered":"https:\/\/dev.colibri-jewels.eu\/product\/eksklusiivne-hobedast-ripats-kuuma-filigraanse-emailiga-lille-kolmhark\/"},"modified":"2023-07-13T11:14:42","modified_gmt":"2023-07-13T08:14:42","slug":"exclusive-silver-pendant-with-hot-filigree-enamel-flower-trident","status":"publish","type":"product","link":"https:\/\/colibri-jewels.eu\/et\/toode\/exclusive-silver-pendant-with-hot-filigree-enamel-flower-trident\/","title":{"rendered":"Eksklusiivne h\u00f5bedast ripats kuuma filigraanse emailiga &#8220;Lille Kolmhark&#8221;"},"content":{"rendered":"<p>Tutvustame peent h\u00f5bedast kuuma filigraanse emailiga ripatsit, millel on lilledest kujustatud Ukraina tridenti muster. See on t\u00f5eline meistriteos, mis kehastab Ukraina kultuuri ilu ja keerukust. Haruldase ja keerulise filigraanse emaili tehnikaga meisterdatud ripats demonstreerib k\u00f5rgeimat viimistlemise ja kunstilisuse taset.<\/p>\n<p>Filigraanse emaili tehnika h\u00f5lmab emaili hoolikat kandmist h\u00f5bedasele alusele, luues keerukaid kujundusi, mis on nii \u00f5rnad kui ka vastupidavad. Tulemuseks on vapustav ehe, mis on \u00fchtaegu ajatu ja kordumatu. Eriti silmatorkav on lilledest valmistatud Ukraina kolmhargi muster, mis viitab Ukraina rikkalikule ajaloole ja traditsioonidele.<\/p>\n<p>Selle ripatsi teeb veelgi erilisemaks asjaolu, et see on k\u00e4sitsi valmistatud Ukrainas, riigis, mis praegu vaevleb s\u00f5jas. Vaatamata v\u00e4ljakutsetele loovad Ukraina ehtemeistrid j\u00e4tkuvalt kauneid ja ainulaadseid kunstiteoseid, nagu see ripats, mis t\u00e4histavad nende riigi ja kultuuri ilu.<\/p>\n<p>Kas otsite erilist kingitust v\u00f5i soovite end lihtsalt millegi t\u00f5eliselt erakordsega hellitada, lilledest valmistatud Ukraina tridenti mustriga h\u00f5bedane kuum filigraanne emailripats on ideaalne valik. See on ainulaadne t\u00fckk, mis j\u00e4\u00e4b teile paljudeks aastateks kalliks. Tellige kohe ja kogege haruldast ja kaunist filigraanse emaili tehnikat, mis on valminud Ukraina osavate k\u00e4tega.<\/p>\n<p>&nbsp;<\/p>\n<p>&nbsp;<\/p>\n","protected":false},"excerpt":{"rendered":"<p>Tutvustame peent h\u00f5bedast kuuma filigraanse emailiga ripatsit, millel on lilledest kujustatud Ukraina tridenti muster. See on t\u00f5eline meistriteos, mis kehastab Ukraina kultuuri ilu ja keerukust. Haruldase ja keerulise filigraanse emaili tehnikaga meisterdatud ripats demonstreerib k\u00f5rgeimat viimistlemise ja kunstilisuse taset.<\/p>\n<p>&nbsp;<\/p>\n","protected":false},"featured_media":33201,"comment_status":"open","ping_status":"closed","template":"","meta":[],"etheme_brands":[],"product_brand":[],"product_cat":[470],"product_tag":[477,738],"class_list":{"0":"post-33204","1":"product","2":"type-product","3":"status-publish","4":"has-post-thumbnail","6":"product_cat-kaelakeed-ja-ripatsid","7":"product_tag-lille-teema","8":"product_tag-ukraina-sumboolika","10":"first","11":"onbackorder","12":"shipping-taxable","13":"purchasable","14":"product-type-simple"},"acf":[],"yoast_head":"<!-- This site is optimized with the Yoast SEO Premium plugin v26.5 (Yoast SEO v26.8) - https:\/\/yoast.com\/product\/yoast-seo-premium-wordpress\/ -->\n<title>Eksklusiivne h\u00f5bedast ripats kuuma filigraanse emailiga &quot;Lille Kolmhark&quot; - Colibri jewels<\/title>\n<meta name=\"description\" content=\"Lilledest vormistatud peen filigraanne emailripats Ukraina tridenti mustriga, t\u00f5eline meistriteos, mis on valmistatud haruldase ja keerulise filigraanse emaili tehnikaga, k\u00f5rgeima meisterlikkuse ja kunstilisusega.\" \/>\n<meta name=\"robots\" content=\"index, follow, max-snippet:-1, max-image-preview:large, max-video-preview:-1\" \/>\n<link rel=\"canonical\" href=\"https:\/\/colibri-jewels.eu\/et\/toode\/exclusive-silver-pendant-with-hot-filigree-enamel-flower-trident\/\" \/>\n<meta property=\"og:locale\" content=\"et_EE\" \/>\n<meta property=\"og:type\" content=\"article\" \/>\n<meta property=\"og:title\" content=\"Eksklusiivne h\u00f5bedast ripats kuuma filigraanse emailiga &quot;Lille Kolmhark&quot;\" \/>\n<meta property=\"og:description\" content=\"Lilledest vormistatud peen filigraanne emailripats Ukraina tridenti mustriga, t\u00f5eline meistriteos, mis on valmistatud haruldase ja keerulise filigraanse emaili tehnikaga, k\u00f5rgeima meisterlikkuse ja kunstilisusega.\" \/>\n<meta property=\"og:url\" content=\"https:\/\/colibri-jewels.eu\/et\/toode\/exclusive-silver-pendant-with-hot-filigree-enamel-flower-trident\/\" \/>\n<meta property=\"og:site_name\" content=\"Colibri jewels\" \/>\n<meta property=\"article:publisher\" content=\"https:\/\/www.facebook.com\/colibri.jewels\" \/>\n<meta property=\"article:modified_time\" content=\"2023-07-13T08:14:42+00:00\" \/>\n<meta property=\"og:image\" content=\"https:\/\/colibri-jewels.eu\/wp-content\/uploads\/2023\/03\/photo_2023-03-25_10-12-19.jpg\" \/>\n\t<meta property=\"og:image:width\" content=\"1000\" \/>\n\t<meta property=\"og:image:height\" content=\"1000\" \/>\n\t<meta property=\"og:image:type\" content=\"image\/jpeg\" \/>\n<meta name=\"twitter:card\" content=\"summary_large_image\" \/>\n<meta name=\"twitter:label1\" content=\"Est. reading time\" \/>\n\t<meta name=\"twitter:data1\" content=\"1 minut\" \/>\n<script type=\"application\/ld+json\" class=\"yoast-schema-graph\">{\"@context\":\"https:\/\/schema.org\",\"@graph\":[{\"@type\":\"WebPage\",\"@id\":\"https:\/\/colibri-jewels.eu\/et\/toode\/exclusive-silver-pendant-with-hot-filigree-enamel-flower-trident\/\",\"url\":\"https:\/\/colibri-jewels.eu\/et\/toode\/exclusive-silver-pendant-with-hot-filigree-enamel-flower-trident\/\",\"name\":\"Eksklusiivne h\u00f5bedast ripats kuuma filigraanse emailiga \\\"Lille Kolmhark\\\" - Colibri jewels\",\"isPartOf\":{\"@id\":\"https:\/\/colibri-jewels.eu\/et\/#website\"},\"primaryImageOfPage\":{\"@id\":\"https:\/\/colibri-jewels.eu\/et\/toode\/exclusive-silver-pendant-with-hot-filigree-enamel-flower-trident\/#primaryimage\"},\"image\":{\"@id\":\"https:\/\/colibri-jewels.eu\/et\/toode\/exclusive-silver-pendant-with-hot-filigree-enamel-flower-trident\/#primaryimage\"},\"thumbnailUrl\":\"https:\/\/colibri-jewels.eu\/wp-content\/uploads\/2023\/03\/photo_2023-03-25_10-12-19.jpg\",\"datePublished\":\"2023-03-25T08:28:15+00:00\",\"dateModified\":\"2023-07-13T08:14:42+00:00\",\"description\":\"Lilledest vormistatud peen filigraanne emailripats Ukraina tridenti mustriga, t\u00f5eline meistriteos, mis on valmistatud haruldase ja keerulise filigraanse emaili tehnikaga, k\u00f5rgeima meisterlikkuse ja kunstilisusega.\",\"breadcrumb\":{\"@id\":\"https:\/\/colibri-jewels.eu\/et\/toode\/exclusive-silver-pendant-with-hot-filigree-enamel-flower-trident\/#breadcrumb\"},\"inLanguage\":\"et\",\"potentialAction\":[{\"@type\":\"ReadAction\",\"target\":[\"https:\/\/colibri-jewels.eu\/et\/toode\/exclusive-silver-pendant-with-hot-filigree-enamel-flower-trident\/\"]}]},{\"@type\":\"ImageObject\",\"inLanguage\":\"et\",\"@id\":\"https:\/\/colibri-jewels.eu\/et\/toode\/exclusive-silver-pendant-with-hot-filigree-enamel-flower-trident\/#primaryimage\",\"url\":\"https:\/\/colibri-jewels.eu\/wp-content\/uploads\/2023\/03\/photo_2023-03-25_10-12-19.jpg\",\"contentUrl\":\"https:\/\/colibri-jewels.eu\/wp-content\/uploads\/2023\/03\/photo_2023-03-25_10-12-19.jpg\",\"width\":1000,\"height\":1000},{\"@type\":\"BreadcrumbList\",\"@id\":\"https:\/\/colibri-jewels.eu\/et\/toode\/exclusive-silver-pendant-with-hot-filigree-enamel-flower-trident\/#breadcrumb\",\"itemListElement\":[{\"@type\":\"ListItem\",\"position\":1,\"name\":\"\u0413\u043b\u0430\u0432\u043d\u0430\u044f \u0441\u0442\u0440\u0430\u043d\u0438\u0446\u0430\",\"item\":\"https:\/\/colibri-jewels.eu\/et\/\"},{\"@type\":\"ListItem\",\"position\":2,\"name\":\"Pood\",\"item\":\"https:\/\/colibri-jewels.eu\/et\/pood\/\"},{\"@type\":\"ListItem\",\"position\":3,\"name\":\"Eksklusiivne h\u00f5bedast ripats kuuma filigraanse emailiga &#8220;Lille Kolmhark&#8221;\"}]},{\"@type\":\"WebSite\",\"@id\":\"https:\/\/colibri-jewels.eu\/et\/#website\",\"url\":\"https:\/\/colibri-jewels.eu\/et\/\",\"name\":\"Colibri jewels\",\"description\":\"jewelry shop\",\"publisher\":{\"@id\":\"https:\/\/colibri-jewels.eu\/et\/#organization\"},\"potentialAction\":[{\"@type\":\"SearchAction\",\"target\":{\"@type\":\"EntryPoint\",\"urlTemplate\":\"https:\/\/colibri-jewels.eu\/et\/?s={search_term_string}\"},\"query-input\":{\"@type\":\"PropertyValueSpecification\",\"valueRequired\":true,\"valueName\":\"search_term_string\"}}],\"inLanguage\":\"et\"},{\"@type\":\"Organization\",\"@id\":\"https:\/\/colibri-jewels.eu\/et\/#organization\",\"name\":\"O\u00dc Colibri\",\"url\":\"https:\/\/colibri-jewels.eu\/et\/\",\"logo\":{\"@type\":\"ImageObject\",\"inLanguage\":\"et\",\"@id\":\"https:\/\/colibri-jewels.eu\/et\/#\/schema\/logo\/image\/\",\"url\":\"https:\/\/dev.colibri-jewels.eu\/wp-content\/uploads\/2021\/03\/colibri.png\",\"contentUrl\":\"https:\/\/dev.colibri-jewels.eu\/wp-content\/uploads\/2021\/03\/colibri.png\",\"width\":227,\"height\":130,\"caption\":\"O\u00dc Colibri\"},\"image\":{\"@id\":\"https:\/\/colibri-jewels.eu\/et\/#\/schema\/logo\/image\/\"},\"sameAs\":[\"https:\/\/www.facebook.com\/colibri.jewels\",\"https:\/\/www.instagram.com\/colibri.jewels\",\"https:\/\/www.tiktok.com\/colibri.jewels\"]}]}<\/script>\n<!-- \/ Yoast SEO Premium plugin. -->","yoast_head_json":{"title":"Eksklusiivne h\u00f5bedast ripats kuuma filigraanse emailiga \"Lille Kolmhark\" - Colibri jewels","description":"Lilledest vormistatud peen filigraanne emailripats Ukraina tridenti mustriga, t\u00f5eline meistriteos, mis on valmistatud haruldase ja keerulise filigraanse emaili tehnikaga, k\u00f5rgeima meisterlikkuse ja kunstilisusega.","robots":{"index":"index","follow":"follow","max-snippet":"max-snippet:-1","max-image-preview":"max-image-preview:large","max-video-preview":"max-video-preview:-1"},"canonical":"https:\/\/colibri-jewels.eu\/et\/toode\/exclusive-silver-pendant-with-hot-filigree-enamel-flower-trident\/","og_locale":"et_EE","og_type":"article","og_title":"Eksklusiivne h\u00f5bedast ripats kuuma filigraanse emailiga \"Lille Kolmhark\"","og_description":"Lilledest vormistatud peen filigraanne emailripats Ukraina tridenti mustriga, t\u00f5eline meistriteos, mis on valmistatud haruldase ja keerulise filigraanse emaili tehnikaga, k\u00f5rgeima meisterlikkuse ja kunstilisusega.","og_url":"https:\/\/colibri-jewels.eu\/et\/toode\/exclusive-silver-pendant-with-hot-filigree-enamel-flower-trident\/","og_site_name":"Colibri jewels","article_publisher":"https:\/\/www.facebook.com\/colibri.jewels","article_modified_time":"2023-07-13T08:14:42+00:00","og_image":[{"width":1000,"height":1000,"url":"https:\/\/colibri-jewels.eu\/wp-content\/uploads\/2023\/03\/photo_2023-03-25_10-12-19.jpg","type":"image\/jpeg"}],"twitter_card":"summary_large_image","twitter_misc":{"Est. reading time":"1 minut"},"schema":{"@context":"https:\/\/schema.org","@graph":[{"@type":"WebPage","@id":"https:\/\/colibri-jewels.eu\/et\/toode\/exclusive-silver-pendant-with-hot-filigree-enamel-flower-trident\/","url":"https:\/\/colibri-jewels.eu\/et\/toode\/exclusive-silver-pendant-with-hot-filigree-enamel-flower-trident\/","name":"Eksklusiivne h\u00f5bedast ripats kuuma filigraanse emailiga \"Lille Kolmhark\" - Colibri jewels","isPartOf":{"@id":"https:\/\/colibri-jewels.eu\/et\/#website"},"primaryImageOfPage":{"@id":"https:\/\/colibri-jewels.eu\/et\/toode\/exclusive-silver-pendant-with-hot-filigree-enamel-flower-trident\/#primaryimage"},"image":{"@id":"https:\/\/colibri-jewels.eu\/et\/toode\/exclusive-silver-pendant-with-hot-filigree-enamel-flower-trident\/#primaryimage"},"thumbnailUrl":"https:\/\/colibri-jewels.eu\/wp-content\/uploads\/2023\/03\/photo_2023-03-25_10-12-19.jpg","datePublished":"2023-03-25T08:28:15+00:00","dateModified":"2023-07-13T08:14:42+00:00","description":"Lilledest vormistatud peen filigraanne emailripats Ukraina tridenti mustriga, t\u00f5eline meistriteos, mis on valmistatud haruldase ja keerulise filigraanse emaili tehnikaga, k\u00f5rgeima meisterlikkuse ja kunstilisusega.","breadcrumb":{"@id":"https:\/\/colibri-jewels.eu\/et\/toode\/exclusive-silver-pendant-with-hot-filigree-enamel-flower-trident\/#breadcrumb"},"inLanguage":"et","potentialAction":[{"@type":"ReadAction","target":["https:\/\/colibri-jewels.eu\/et\/toode\/exclusive-silver-pendant-with-hot-filigree-enamel-flower-trident\/"]}]},{"@type":"ImageObject","inLanguage":"et","@id":"https:\/\/colibri-jewels.eu\/et\/toode\/exclusive-silver-pendant-with-hot-filigree-enamel-flower-trident\/#primaryimage","url":"https:\/\/colibri-jewels.eu\/wp-content\/uploads\/2023\/03\/photo_2023-03-25_10-12-19.jpg","contentUrl":"https:\/\/colibri-jewels.eu\/wp-content\/uploads\/2023\/03\/photo_2023-03-25_10-12-19.jpg","width":1000,"height":1000},{"@type":"BreadcrumbList","@id":"https:\/\/colibri-jewels.eu\/et\/toode\/exclusive-silver-pendant-with-hot-filigree-enamel-flower-trident\/#breadcrumb","itemListElement":[{"@type":"ListItem","position":1,"name":"\u0413\u043b\u0430\u0432\u043d\u0430\u044f \u0441\u0442\u0440\u0430\u043d\u0438\u0446\u0430","item":"https:\/\/colibri-jewels.eu\/et\/"},{"@type":"ListItem","position":2,"name":"Pood","item":"https:\/\/colibri-jewels.eu\/et\/pood\/"},{"@type":"ListItem","position":3,"name":"Eksklusiivne h\u00f5bedast ripats kuuma filigraanse emailiga &#8220;Lille Kolmhark&#8221;"}]},{"@type":"WebSite","@id":"https:\/\/colibri-jewels.eu\/et\/#website","url":"https:\/\/colibri-jewels.eu\/et\/","name":"Colibri jewels","description":"jewelry shop","publisher":{"@id":"https:\/\/colibri-jewels.eu\/et\/#organization"},"potentialAction":[{"@type":"SearchAction","target":{"@type":"EntryPoint","urlTemplate":"https:\/\/colibri-jewels.eu\/et\/?s={search_term_string}"},"query-input":{"@type":"PropertyValueSpecification","valueRequired":true,"valueName":"search_term_string"}}],"inLanguage":"et"},{"@type":"Organization","@id":"https:\/\/colibri-jewels.eu\/et\/#organization","name":"O\u00dc Colibri","url":"https:\/\/colibri-jewels.eu\/et\/","logo":{"@type":"ImageObject","inLanguage":"et","@id":"https:\/\/colibri-jewels.eu\/et\/#\/schema\/logo\/image\/","url":"https:\/\/dev.colibri-jewels.eu\/wp-content\/uploads\/2021\/03\/colibri.png","contentUrl":"https:\/\/dev.colibri-jewels.eu\/wp-content\/uploads\/2021\/03\/colibri.png","width":227,"height":130,"caption":"O\u00dc Colibri"},"image":{"@id":"https:\/\/colibri-jewels.eu\/et\/#\/schema\/logo\/image\/"},"sameAs":["https:\/\/www.facebook.com\/colibri.jewels","https:\/\/www.instagram.com\/colibri.jewels","https:\/\/www.tiktok.com\/colibri.jewels"]}]}},"_links":{"self":[{"href":"https:\/\/colibri-jewels.eu\/et\/wp-json\/wp\/v2\/product\/33204","targetHints":{"allow":["GET"]}}],"collection":[{"href":"https:\/\/colibri-jewels.eu\/et\/wp-json\/wp\/v2\/product"}],"about":[{"href":"https:\/\/colibri-jewels.eu\/et\/wp-json\/wp\/v2\/types\/product"}],"replies":[{"embeddable":true,"href":"https:\/\/colibri-jewels.eu\/et\/wp-json\/wp\/v2\/comments?post=33204"}],"version-history":[{"count":0,"href":"https:\/\/colibri-jewels.eu\/et\/wp-json\/wp\/v2\/product\/33204\/revisions"}],"wp:featuredmedia":[{"embeddable":true,"href":"https:\/\/colibri-jewels.eu\/et\/wp-json\/wp\/v2\/media\/33201"}],"wp:attachment":[{"href":"https:\/\/colibri-jewels.eu\/et\/wp-json\/wp\/v2\/media?parent=33204"}],"wp:term":[{"taxonomy":"brand","embeddable":true,"href":"https:\/\/colibri-jewels.eu\/et\/wp-json\/wp\/v2\/etheme_brands?post=33204"},{"taxonomy":"product_brand","embeddable":true,"href":"https:\/\/colibri-jewels.eu\/et\/wp-json\/wp\/v2\/product_brand?post=33204"},{"taxonomy":"product_cat","embeddable":true,"href":"https:\/\/colibri-jewels.eu\/et\/wp-json\/wp\/v2\/product_cat?post=33204"},{"taxonomy":"product_tag","embeddable":true,"href":"https:\/\/colibri-jewels.eu\/et\/wp-json\/wp\/v2\/product_tag?post=33204"}],"curies":[{"name":"wp","href":"https:\/\/api.w.org\/{rel}","templated":true}]}}