{"id":33216,"date":"2023-03-25T17:40:02","date_gmt":"2023-03-25T15:40:02","guid":{"rendered":"https:\/\/dev.colibri-jewels.eu\/product\/ainulaadne-hobedast-ripats-kuuma-filigraanse-emailiga-ingli-sodalane\/"},"modified":"2023-07-13T11:13:47","modified_gmt":"2023-07-13T08:13:47","slug":"unique-silver-pendant-with-hot-filigree-enamel-angel-warrior","status":"publish","type":"product","link":"https:\/\/colibri-jewels.eu\/et\/toode\/unique-silver-pendant-with-hot-filigree-enamel-angel-warrior\/","title":{"rendered":"Ainulaadne h\u00f5bedast ripats kuuma filigraanse emailiga &#8220;Ingli s\u00f5dalane&#8221;"},"content":{"rendered":"<p>Tutvustame meie peent filigraanse emailiga h\u00f5bedast ripatsit, millel on vapustav Ukraina lipuv\u00e4rvides tiibadega s\u00f5jaingli kujutis. See ainulaadne t\u00fckk s\u00fcmboliseerib Ukraina s\u00f5durite julgust ja j\u00f5udu, kes v\u00f5itlevad oma riigi vabaduse eest.<\/p>\n<p>See ripats, mis on valmistatud iidse filigraanse emaili kunsti abil, on ehete valmistamise meistriteos. Keeruline disain on tehtud peenest h\u00f5bedast traatidest keerates ja kududes, et luua \u00f5rn pitsitaoline muster. Seej\u00e4rel kantakse ettevaatlikult peale v\u00e4rvilise emaili kihid, mille tulemuseks on elav ja vastupidav viimistlus.<\/p>\n<p>See filigraanse emaili tehnika on v\u00e4ga keeruline ja aegan\u00f5udev, mist\u00f5ttu on see ripats kaasaegses ehtemaailmas haruldane. Iga t\u00fckk on meisterdatud kvalifitseeritud kunstnik-juveliiri poolt, kes on valdanud seda keerukat kunstivormi, tagades, et iga ripats on ainulaadne kunstiteos.<\/p>\n<p>Selles ripatsis olevad s\u00f5jaingli kollakassinised tiivad on austusavaldus Ukraina rahvale ning nende v\u00f5itlusele iseseisvuse ja suver\u00e4\u00e4nsuse eest. Disain on inspireeritud legendidest iidsetest s\u00f5dalastest, kes v\u00f5itlesid oma maa eest ning nende p\u00e4rand elab edasi l\u00e4bi selle v\u00f5imsa j\u00f5u ja julguse s\u00fcmboli.<\/p>\n<p>Lisaks silmapaistvale kollase-sinise v\u00e4rvikombinatsioonile saab seda ripatsit tellimisel kohandada ka teistes v\u00e4rvides, muutes selle mitmek\u00fclgseks t\u00e4ienduseks igale ehtekollektsioonile. Olenemata sellest, kas kannate seda selleks, et n\u00e4idata oma toetust Ukrainale v\u00f5i lihtsalt hinnata filigraanse emaili ilu, saab sellest ripatsist kindlasti kallis m\u00e4lestus paljudeks aastateks.<\/p>\n","protected":false},"excerpt":{"rendered":"<p>h\u00f5be 925*<\/p>\n<p>Unikaalne filigraanne kuumemail<\/p>\n","protected":false},"featured_media":33210,"comment_status":"open","ping_status":"closed","template":"","meta":[],"etheme_brands":[],"product_brand":[],"product_cat":[470],"product_tag":[738],"class_list":{"0":"post-33216","1":"product","2":"type-product","3":"status-publish","4":"has-post-thumbnail","6":"product_cat-kaelakeed-ja-ripatsid","7":"product_tag-ukraina-sumboolika","9":"first","10":"onbackorder","11":"shipping-taxable","12":"purchasable","13":"product-type-simple"},"acf":[],"yoast_head":"<!-- This site is optimized with the Yoast SEO Premium plugin v26.5 (Yoast SEO v26.8) - https:\/\/yoast.com\/product\/yoast-seo-premium-wordpress\/ -->\n<title>Ainulaadne h\u00f5bedast ripats kuuma filigraanse emailiga &quot;Ingli s\u00f5dalane&quot; - Colibri jewels<\/title>\n<meta name=\"robots\" content=\"index, follow, max-snippet:-1, max-image-preview:large, max-video-preview:-1\" \/>\n<link rel=\"canonical\" href=\"https:\/\/colibri-jewels.eu\/et\/toode\/unique-silver-pendant-with-hot-filigree-enamel-angel-warrior\/\" \/>\n<meta property=\"og:locale\" content=\"et_EE\" \/>\n<meta property=\"og:type\" content=\"article\" \/>\n<meta property=\"og:title\" content=\"Ainulaadne h\u00f5bedast ripats kuuma filigraanse emailiga &quot;Ingli s\u00f5dalane&quot;\" \/>\n<meta property=\"og:description\" content=\"h\u00f5be 925* Unikaalne filigraanne kuumemail\" \/>\n<meta property=\"og:url\" content=\"https:\/\/colibri-jewels.eu\/et\/toode\/unique-silver-pendant-with-hot-filigree-enamel-angel-warrior\/\" \/>\n<meta property=\"og:site_name\" content=\"Colibri jewels\" \/>\n<meta property=\"article:publisher\" content=\"https:\/\/www.facebook.com\/colibri.jewels\" \/>\n<meta property=\"article:modified_time\" content=\"2023-07-13T08:13:47+00:00\" \/>\n<meta property=\"og:image\" content=\"https:\/\/colibri-jewels.eu\/wp-content\/uploads\/2023\/03\/warrior_angel1.jpg\" \/>\n\t<meta property=\"og:image:width\" content=\"1000\" \/>\n\t<meta property=\"og:image:height\" content=\"1000\" \/>\n\t<meta property=\"og:image:type\" content=\"image\/jpeg\" \/>\n<meta name=\"twitter:card\" content=\"summary_large_image\" \/>\n<meta name=\"twitter:label1\" content=\"Est. reading time\" \/>\n\t<meta name=\"twitter:data1\" content=\"1 minut\" \/>\n<script type=\"application\/ld+json\" class=\"yoast-schema-graph\">{\"@context\":\"https:\/\/schema.org\",\"@graph\":[{\"@type\":\"WebPage\",\"@id\":\"https:\/\/colibri-jewels.eu\/et\/toode\/unique-silver-pendant-with-hot-filigree-enamel-angel-warrior\/\",\"url\":\"https:\/\/colibri-jewels.eu\/et\/toode\/unique-silver-pendant-with-hot-filigree-enamel-angel-warrior\/\",\"name\":\"Ainulaadne h\u00f5bedast ripats kuuma filigraanse emailiga \\\"Ingli s\u00f5dalane\\\" - Colibri jewels\",\"isPartOf\":{\"@id\":\"https:\/\/colibri-jewels.eu\/et\/#website\"},\"primaryImageOfPage\":{\"@id\":\"https:\/\/colibri-jewels.eu\/et\/toode\/unique-silver-pendant-with-hot-filigree-enamel-angel-warrior\/#primaryimage\"},\"image\":{\"@id\":\"https:\/\/colibri-jewels.eu\/et\/toode\/unique-silver-pendant-with-hot-filigree-enamel-angel-warrior\/#primaryimage\"},\"thumbnailUrl\":\"https:\/\/colibri-jewels.eu\/wp-content\/uploads\/2023\/03\/warrior_angel1.jpg\",\"datePublished\":\"2023-03-25T15:40:02+00:00\",\"dateModified\":\"2023-07-13T08:13:47+00:00\",\"breadcrumb\":{\"@id\":\"https:\/\/colibri-jewels.eu\/et\/toode\/unique-silver-pendant-with-hot-filigree-enamel-angel-warrior\/#breadcrumb\"},\"inLanguage\":\"et\",\"potentialAction\":[{\"@type\":\"ReadAction\",\"target\":[\"https:\/\/colibri-jewels.eu\/et\/toode\/unique-silver-pendant-with-hot-filigree-enamel-angel-warrior\/\"]}]},{\"@type\":\"ImageObject\",\"inLanguage\":\"et\",\"@id\":\"https:\/\/colibri-jewels.eu\/et\/toode\/unique-silver-pendant-with-hot-filigree-enamel-angel-warrior\/#primaryimage\",\"url\":\"https:\/\/colibri-jewels.eu\/wp-content\/uploads\/2023\/03\/warrior_angel1.jpg\",\"contentUrl\":\"https:\/\/colibri-jewels.eu\/wp-content\/uploads\/2023\/03\/warrior_angel1.jpg\",\"width\":1000,\"height\":1000},{\"@type\":\"BreadcrumbList\",\"@id\":\"https:\/\/colibri-jewels.eu\/et\/toode\/unique-silver-pendant-with-hot-filigree-enamel-angel-warrior\/#breadcrumb\",\"itemListElement\":[{\"@type\":\"ListItem\",\"position\":1,\"name\":\"\u0413\u043b\u0430\u0432\u043d\u0430\u044f \u0441\u0442\u0440\u0430\u043d\u0438\u0446\u0430\",\"item\":\"https:\/\/colibri-jewels.eu\/et\/\"},{\"@type\":\"ListItem\",\"position\":2,\"name\":\"Pood\",\"item\":\"https:\/\/colibri-jewels.eu\/et\/pood\/\"},{\"@type\":\"ListItem\",\"position\":3,\"name\":\"Ainulaadne h\u00f5bedast ripats kuuma filigraanse emailiga &#8220;Ingli s\u00f5dalane&#8221;\"}]},{\"@type\":\"WebSite\",\"@id\":\"https:\/\/colibri-jewels.eu\/et\/#website\",\"url\":\"https:\/\/colibri-jewels.eu\/et\/\",\"name\":\"Colibri jewels\",\"description\":\"jewelry shop\",\"publisher\":{\"@id\":\"https:\/\/colibri-jewels.eu\/et\/#organization\"},\"potentialAction\":[{\"@type\":\"SearchAction\",\"target\":{\"@type\":\"EntryPoint\",\"urlTemplate\":\"https:\/\/colibri-jewels.eu\/et\/?s={search_term_string}\"},\"query-input\":{\"@type\":\"PropertyValueSpecification\",\"valueRequired\":true,\"valueName\":\"search_term_string\"}}],\"inLanguage\":\"et\"},{\"@type\":\"Organization\",\"@id\":\"https:\/\/colibri-jewels.eu\/et\/#organization\",\"name\":\"O\u00dc Colibri\",\"url\":\"https:\/\/colibri-jewels.eu\/et\/\",\"logo\":{\"@type\":\"ImageObject\",\"inLanguage\":\"et\",\"@id\":\"https:\/\/colibri-jewels.eu\/et\/#\/schema\/logo\/image\/\",\"url\":\"https:\/\/dev.colibri-jewels.eu\/wp-content\/uploads\/2021\/03\/colibri.png\",\"contentUrl\":\"https:\/\/dev.colibri-jewels.eu\/wp-content\/uploads\/2021\/03\/colibri.png\",\"width\":227,\"height\":130,\"caption\":\"O\u00dc Colibri\"},\"image\":{\"@id\":\"https:\/\/colibri-jewels.eu\/et\/#\/schema\/logo\/image\/\"},\"sameAs\":[\"https:\/\/www.facebook.com\/colibri.jewels\",\"https:\/\/www.instagram.com\/colibri.jewels\",\"https:\/\/www.tiktok.com\/colibri.jewels\"]}]}<\/script>\n<!-- \/ Yoast SEO Premium plugin. -->","yoast_head_json":{"title":"Ainulaadne h\u00f5bedast ripats kuuma filigraanse emailiga \"Ingli s\u00f5dalane\" - Colibri jewels","robots":{"index":"index","follow":"follow","max-snippet":"max-snippet:-1","max-image-preview":"max-image-preview:large","max-video-preview":"max-video-preview:-1"},"canonical":"https:\/\/colibri-jewels.eu\/et\/toode\/unique-silver-pendant-with-hot-filigree-enamel-angel-warrior\/","og_locale":"et_EE","og_type":"article","og_title":"Ainulaadne h\u00f5bedast ripats kuuma filigraanse emailiga \"Ingli s\u00f5dalane\"","og_description":"h\u00f5be 925* Unikaalne filigraanne kuumemail","og_url":"https:\/\/colibri-jewels.eu\/et\/toode\/unique-silver-pendant-with-hot-filigree-enamel-angel-warrior\/","og_site_name":"Colibri jewels","article_publisher":"https:\/\/www.facebook.com\/colibri.jewels","article_modified_time":"2023-07-13T08:13:47+00:00","og_image":[{"width":1000,"height":1000,"url":"https:\/\/colibri-jewels.eu\/wp-content\/uploads\/2023\/03\/warrior_angel1.jpg","type":"image\/jpeg"}],"twitter_card":"summary_large_image","twitter_misc":{"Est. reading time":"1 minut"},"schema":{"@context":"https:\/\/schema.org","@graph":[{"@type":"WebPage","@id":"https:\/\/colibri-jewels.eu\/et\/toode\/unique-silver-pendant-with-hot-filigree-enamel-angel-warrior\/","url":"https:\/\/colibri-jewels.eu\/et\/toode\/unique-silver-pendant-with-hot-filigree-enamel-angel-warrior\/","name":"Ainulaadne h\u00f5bedast ripats kuuma filigraanse emailiga \"Ingli s\u00f5dalane\" - Colibri jewels","isPartOf":{"@id":"https:\/\/colibri-jewels.eu\/et\/#website"},"primaryImageOfPage":{"@id":"https:\/\/colibri-jewels.eu\/et\/toode\/unique-silver-pendant-with-hot-filigree-enamel-angel-warrior\/#primaryimage"},"image":{"@id":"https:\/\/colibri-jewels.eu\/et\/toode\/unique-silver-pendant-with-hot-filigree-enamel-angel-warrior\/#primaryimage"},"thumbnailUrl":"https:\/\/colibri-jewels.eu\/wp-content\/uploads\/2023\/03\/warrior_angel1.jpg","datePublished":"2023-03-25T15:40:02+00:00","dateModified":"2023-07-13T08:13:47+00:00","breadcrumb":{"@id":"https:\/\/colibri-jewels.eu\/et\/toode\/unique-silver-pendant-with-hot-filigree-enamel-angel-warrior\/#breadcrumb"},"inLanguage":"et","potentialAction":[{"@type":"ReadAction","target":["https:\/\/colibri-jewels.eu\/et\/toode\/unique-silver-pendant-with-hot-filigree-enamel-angel-warrior\/"]}]},{"@type":"ImageObject","inLanguage":"et","@id":"https:\/\/colibri-jewels.eu\/et\/toode\/unique-silver-pendant-with-hot-filigree-enamel-angel-warrior\/#primaryimage","url":"https:\/\/colibri-jewels.eu\/wp-content\/uploads\/2023\/03\/warrior_angel1.jpg","contentUrl":"https:\/\/colibri-jewels.eu\/wp-content\/uploads\/2023\/03\/warrior_angel1.jpg","width":1000,"height":1000},{"@type":"BreadcrumbList","@id":"https:\/\/colibri-jewels.eu\/et\/toode\/unique-silver-pendant-with-hot-filigree-enamel-angel-warrior\/#breadcrumb","itemListElement":[{"@type":"ListItem","position":1,"name":"\u0413\u043b\u0430\u0432\u043d\u0430\u044f \u0441\u0442\u0440\u0430\u043d\u0438\u0446\u0430","item":"https:\/\/colibri-jewels.eu\/et\/"},{"@type":"ListItem","position":2,"name":"Pood","item":"https:\/\/colibri-jewels.eu\/et\/pood\/"},{"@type":"ListItem","position":3,"name":"Ainulaadne h\u00f5bedast ripats kuuma filigraanse emailiga &#8220;Ingli s\u00f5dalane&#8221;"}]},{"@type":"WebSite","@id":"https:\/\/colibri-jewels.eu\/et\/#website","url":"https:\/\/colibri-jewels.eu\/et\/","name":"Colibri jewels","description":"jewelry shop","publisher":{"@id":"https:\/\/colibri-jewels.eu\/et\/#organization"},"potentialAction":[{"@type":"SearchAction","target":{"@type":"EntryPoint","urlTemplate":"https:\/\/colibri-jewels.eu\/et\/?s={search_term_string}"},"query-input":{"@type":"PropertyValueSpecification","valueRequired":true,"valueName":"search_term_string"}}],"inLanguage":"et"},{"@type":"Organization","@id":"https:\/\/colibri-jewels.eu\/et\/#organization","name":"O\u00dc Colibri","url":"https:\/\/colibri-jewels.eu\/et\/","logo":{"@type":"ImageObject","inLanguage":"et","@id":"https:\/\/colibri-jewels.eu\/et\/#\/schema\/logo\/image\/","url":"https:\/\/dev.colibri-jewels.eu\/wp-content\/uploads\/2021\/03\/colibri.png","contentUrl":"https:\/\/dev.colibri-jewels.eu\/wp-content\/uploads\/2021\/03\/colibri.png","width":227,"height":130,"caption":"O\u00dc Colibri"},"image":{"@id":"https:\/\/colibri-jewels.eu\/et\/#\/schema\/logo\/image\/"},"sameAs":["https:\/\/www.facebook.com\/colibri.jewels","https:\/\/www.instagram.com\/colibri.jewels","https:\/\/www.tiktok.com\/colibri.jewels"]}]}},"_links":{"self":[{"href":"https:\/\/colibri-jewels.eu\/et\/wp-json\/wp\/v2\/product\/33216","targetHints":{"allow":["GET"]}}],"collection":[{"href":"https:\/\/colibri-jewels.eu\/et\/wp-json\/wp\/v2\/product"}],"about":[{"href":"https:\/\/colibri-jewels.eu\/et\/wp-json\/wp\/v2\/types\/product"}],"replies":[{"embeddable":true,"href":"https:\/\/colibri-jewels.eu\/et\/wp-json\/wp\/v2\/comments?post=33216"}],"version-history":[{"count":0,"href":"https:\/\/colibri-jewels.eu\/et\/wp-json\/wp\/v2\/product\/33216\/revisions"}],"wp:featuredmedia":[{"embeddable":true,"href":"https:\/\/colibri-jewels.eu\/et\/wp-json\/wp\/v2\/media\/33210"}],"wp:attachment":[{"href":"https:\/\/colibri-jewels.eu\/et\/wp-json\/wp\/v2\/media?parent=33216"}],"wp:term":[{"taxonomy":"brand","embeddable":true,"href":"https:\/\/colibri-jewels.eu\/et\/wp-json\/wp\/v2\/etheme_brands?post=33216"},{"taxonomy":"product_brand","embeddable":true,"href":"https:\/\/colibri-jewels.eu\/et\/wp-json\/wp\/v2\/product_brand?post=33216"},{"taxonomy":"product_cat","embeddable":true,"href":"https:\/\/colibri-jewels.eu\/et\/wp-json\/wp\/v2\/product_cat?post=33216"},{"taxonomy":"product_tag","embeddable":true,"href":"https:\/\/colibri-jewels.eu\/et\/wp-json\/wp\/v2\/product_tag?post=33216"}],"curies":[{"name":"wp","href":"https:\/\/api.w.org\/{rel}","templated":true}]}}