{"id":33240,"date":"2023-03-25T18:00:25","date_gmt":"2023-03-25T16:00:25","guid":{"rendered":"https:\/\/dev.colibri-jewels.eu\/product\/valgest-kullast-hele-siniste-topaasidega-igavikusormus-r-8220\/"},"modified":"2023-03-25T18:14:32","modified_gmt":"2023-03-25T16:14:32","slug":"white-gold-eternity-ring-with-blue-topazes-r-8220","status":"publish","type":"product","link":"https:\/\/colibri-jewels.eu\/et\/toode\/white-gold-eternity-ring-with-blue-topazes-r-8220\/","title":{"rendered":"Valgest kullast hele-siniste topaasidega igavikus\u00f5rmus R-8220"},"content":{"rendered":"<div class=\"flex-1 overflow-hidden\">\n<div class=\"react-scroll-to-bottom--css-tcnza-79elbk h-full dark:bg-gray-800\">\n<div class=\"react-scroll-to-bottom--css-tcnza-1n7m0yu\">\n<div class=\"flex flex-col items-center text-sm dark:bg-gray-800\">\n<div class=\"group w-full text-gray-800 dark:text-gray-100 border-b border-black\/10 dark:border-gray-900\/50 bg-gray-50 dark:bg-[#444654]\">\n<div class=\"text-base gap-4 md:gap-6 md:max-w-2xl lg:max-w-2xl xl:max-w-3xl p-4 md:py-6 flex lg:px-0 m-auto\">\n<div class=\"relative flex w-[calc(100%-50px)] flex-col gap-1 md:gap-3 lg:w-[calc(100%-115px)]\">\n<div class=\"flex flex-grow flex-col gap-3\">\n<div class=\"min-h-[20px] flex flex-col items-start gap-4 whitespace-pre-wrap\">\n<div class=\"markdown prose w-full break-words dark:prose-invert light\">\n<p>See valgest kullast s\u00f5rmus, mida kaunistavad s\u00e4delevad sinised topaasid, mis \u00fcmbritsevad kogu \u00fcmber s\u00f5rmust. See peen t\u00fckk on ideaalne t\u00e4iendus igale ehtekollektsioonile, lisades igale riietusele elegantsi ja rafineeritust. Saate seda kanda nii eraldi kui ka m\u00f5ne muu oma kollektsiooni kuuluva s\u00f5rmusega.<\/p>\n<p>See 14 kt valgest kullast valmistatud s\u00f5rmus on nii vastupidav kui ka ajatu ning m\u00f5eldud kestma aastaid. S\u00f5rmus on asjatundlikult valmistatud, et tagada mugav istumine, samas kui erksad sinised topaasid \u0160veitsi v\u00e4rvid pakuvad v\u00e4rvi ja s\u00e4ra, mis p\u00f6\u00f6rab t\u00e4helepanu k\u00f5ikjale, kuhu l\u00e4hete.<\/p>\n<p>Sinine topaas on tuntud oma rahustavate omaduste poolest, muutes selle s\u00f5rmuse mitte ainult stiilseks aksessuaariks, vaid ka t\u00e4hendusrikkaks. B\u00e4ndi \u00fcmbritsevad sinised topaasid s\u00fcmboliseerivad l\u00f5pmatust ja igavest armastust, muutes selle s\u00f5rmuse ideaalseks kingituseks kellelegi erilisele.<\/p>\n<p>Olenemata sellest, kas soovite lisada oma igap\u00e4evasele v\u00e4limusele glamuuri v\u00f5i teha avaldust m\u00f5nel erilisel s\u00fcndmusel, see s\u00f5rmus pimestab kindlasti. Ajatu disaini ja oivalise viimistletud viimistlusega on see t\u00fckk, mida hoiate aareena veel aastaid.<\/p>\n<p>Miks siis oodata? Hellitage ennast v\u00f5i kedagi erilist selle v\u00f5rratu siniste topaasidega valgest kullast s\u00f5rmust juba t\u00e4na ning lisage oma ehtekollektsioonile glamuuri ja rafineeritust.<\/p>\n<p>Laos olev s\u00f5rmus on suurusega 16,5, kuid tellida saab endale sobiva suuruse!<\/p>\n<\/div>\n<\/div>\n<\/div>\n<\/div>\n<\/div>\n<\/div>\n<\/div>\n<p>&nbsp;<\/p>\n<\/div>\n<\/div>\n<\/div>\n","protected":false},"excerpt":{"rendered":"<p>Valge kuld 14 kt<\/p>\n<p>S\u00f5rmuse suurus 16,5<\/p>\n<p>S\u00f5rmuse kaal 1,35 g.<\/p>\n","protected":false},"featured_media":33225,"comment_status":"open","ping_status":"closed","template":"","meta":[],"etheme_brands":[],"product_brand":[],"product_cat":[471],"product_tag":[],"class_list":{"0":"post-33240","1":"product","2":"type-product","3":"status-publish","4":"has-post-thumbnail","6":"product_cat-sormused","8":"first","9":"instock","10":"shipping-taxable","11":"purchasable","12":"product-type-simple"},"acf":[],"yoast_head":"<!-- This site is optimized with the Yoast SEO Premium plugin v26.5 (Yoast SEO v26.8) - https:\/\/yoast.com\/product\/yoast-seo-premium-wordpress\/ -->\n<title>Valgest kullast hele-siniste topaasidega igavikus\u00f5rmus R-8220 - Colibri jewels<\/title>\n<meta name=\"robots\" content=\"index, follow, max-snippet:-1, max-image-preview:large, max-video-preview:-1\" \/>\n<link rel=\"canonical\" href=\"https:\/\/colibri-jewels.eu\/et\/toode\/white-gold-eternity-ring-with-blue-topazes-r-8220\/\" \/>\n<meta property=\"og:locale\" content=\"et_EE\" \/>\n<meta property=\"og:type\" content=\"article\" \/>\n<meta property=\"og:title\" content=\"Valgest kullast hele-siniste topaasidega igavikus\u00f5rmus R-8220\" \/>\n<meta property=\"og:description\" content=\"Valge kuld 14 kt S\u00f5rmuse suurus 16,5 S\u00f5rmuse kaal 1,35 g.\" \/>\n<meta property=\"og:url\" content=\"https:\/\/colibri-jewels.eu\/et\/toode\/white-gold-eternity-ring-with-blue-topazes-r-8220\/\" \/>\n<meta property=\"og:site_name\" content=\"Colibri jewels\" \/>\n<meta property=\"article:publisher\" content=\"https:\/\/www.facebook.com\/colibri.jewels\" \/>\n<meta property=\"article:modified_time\" content=\"2023-03-25T16:14:32+00:00\" \/>\n<meta property=\"og:image\" content=\"https:\/\/colibri-jewels.eu\/wp-content\/uploads\/2023\/03\/RT-8220w4.jpg\" \/>\n\t<meta property=\"og:image:width\" content=\"1000\" \/>\n\t<meta property=\"og:image:height\" content=\"1000\" \/>\n\t<meta property=\"og:image:type\" content=\"image\/jpeg\" \/>\n<meta name=\"twitter:card\" content=\"summary_large_image\" \/>\n<meta name=\"twitter:label1\" content=\"Est. reading time\" \/>\n\t<meta name=\"twitter:data1\" content=\"1 minut\" \/>\n<script type=\"application\/ld+json\" class=\"yoast-schema-graph\">{\"@context\":\"https:\/\/schema.org\",\"@graph\":[{\"@type\":\"WebPage\",\"@id\":\"https:\/\/colibri-jewels.eu\/et\/toode\/white-gold-eternity-ring-with-blue-topazes-r-8220\/\",\"url\":\"https:\/\/colibri-jewels.eu\/et\/toode\/white-gold-eternity-ring-with-blue-topazes-r-8220\/\",\"name\":\"Valgest kullast hele-siniste topaasidega igavikus\u00f5rmus R-8220 - Colibri jewels\",\"isPartOf\":{\"@id\":\"https:\/\/colibri-jewels.eu\/et\/#website\"},\"primaryImageOfPage\":{\"@id\":\"https:\/\/colibri-jewels.eu\/et\/toode\/white-gold-eternity-ring-with-blue-topazes-r-8220\/#primaryimage\"},\"image\":{\"@id\":\"https:\/\/colibri-jewels.eu\/et\/toode\/white-gold-eternity-ring-with-blue-topazes-r-8220\/#primaryimage\"},\"thumbnailUrl\":\"https:\/\/colibri-jewels.eu\/wp-content\/uploads\/2023\/03\/RT-8220w4.jpg\",\"datePublished\":\"2023-03-25T16:00:25+00:00\",\"dateModified\":\"2023-03-25T16:14:32+00:00\",\"breadcrumb\":{\"@id\":\"https:\/\/colibri-jewels.eu\/et\/toode\/white-gold-eternity-ring-with-blue-topazes-r-8220\/#breadcrumb\"},\"inLanguage\":\"et\",\"potentialAction\":[{\"@type\":\"ReadAction\",\"target\":[\"https:\/\/colibri-jewels.eu\/et\/toode\/white-gold-eternity-ring-with-blue-topazes-r-8220\/\"]}]},{\"@type\":\"ImageObject\",\"inLanguage\":\"et\",\"@id\":\"https:\/\/colibri-jewels.eu\/et\/toode\/white-gold-eternity-ring-with-blue-topazes-r-8220\/#primaryimage\",\"url\":\"https:\/\/colibri-jewels.eu\/wp-content\/uploads\/2023\/03\/RT-8220w4.jpg\",\"contentUrl\":\"https:\/\/colibri-jewels.eu\/wp-content\/uploads\/2023\/03\/RT-8220w4.jpg\",\"width\":1000,\"height\":1000},{\"@type\":\"BreadcrumbList\",\"@id\":\"https:\/\/colibri-jewels.eu\/et\/toode\/white-gold-eternity-ring-with-blue-topazes-r-8220\/#breadcrumb\",\"itemListElement\":[{\"@type\":\"ListItem\",\"position\":1,\"name\":\"\u0413\u043b\u0430\u0432\u043d\u0430\u044f \u0441\u0442\u0440\u0430\u043d\u0438\u0446\u0430\",\"item\":\"https:\/\/colibri-jewels.eu\/et\/\"},{\"@type\":\"ListItem\",\"position\":2,\"name\":\"Pood\",\"item\":\"https:\/\/colibri-jewels.eu\/et\/pood\/\"},{\"@type\":\"ListItem\",\"position\":3,\"name\":\"Valgest kullast hele-siniste topaasidega igavikus\u00f5rmus R-8220\"}]},{\"@type\":\"WebSite\",\"@id\":\"https:\/\/colibri-jewels.eu\/et\/#website\",\"url\":\"https:\/\/colibri-jewels.eu\/et\/\",\"name\":\"Colibri jewels\",\"description\":\"jewelry shop\",\"publisher\":{\"@id\":\"https:\/\/colibri-jewels.eu\/et\/#organization\"},\"potentialAction\":[{\"@type\":\"SearchAction\",\"target\":{\"@type\":\"EntryPoint\",\"urlTemplate\":\"https:\/\/colibri-jewels.eu\/et\/?s={search_term_string}\"},\"query-input\":{\"@type\":\"PropertyValueSpecification\",\"valueRequired\":true,\"valueName\":\"search_term_string\"}}],\"inLanguage\":\"et\"},{\"@type\":\"Organization\",\"@id\":\"https:\/\/colibri-jewels.eu\/et\/#organization\",\"name\":\"O\u00dc Colibri\",\"url\":\"https:\/\/colibri-jewels.eu\/et\/\",\"logo\":{\"@type\":\"ImageObject\",\"inLanguage\":\"et\",\"@id\":\"https:\/\/colibri-jewels.eu\/et\/#\/schema\/logo\/image\/\",\"url\":\"https:\/\/dev.colibri-jewels.eu\/wp-content\/uploads\/2021\/03\/colibri.png\",\"contentUrl\":\"https:\/\/dev.colibri-jewels.eu\/wp-content\/uploads\/2021\/03\/colibri.png\",\"width\":227,\"height\":130,\"caption\":\"O\u00dc Colibri\"},\"image\":{\"@id\":\"https:\/\/colibri-jewels.eu\/et\/#\/schema\/logo\/image\/\"},\"sameAs\":[\"https:\/\/www.facebook.com\/colibri.jewels\",\"https:\/\/www.instagram.com\/colibri.jewels\",\"https:\/\/www.tiktok.com\/colibri.jewels\"]}]}<\/script>\n<!-- \/ Yoast SEO Premium plugin. -->","yoast_head_json":{"title":"Valgest kullast hele-siniste topaasidega igavikus\u00f5rmus R-8220 - Colibri jewels","robots":{"index":"index","follow":"follow","max-snippet":"max-snippet:-1","max-image-preview":"max-image-preview:large","max-video-preview":"max-video-preview:-1"},"canonical":"https:\/\/colibri-jewels.eu\/et\/toode\/white-gold-eternity-ring-with-blue-topazes-r-8220\/","og_locale":"et_EE","og_type":"article","og_title":"Valgest kullast hele-siniste topaasidega igavikus\u00f5rmus R-8220","og_description":"Valge kuld 14 kt S\u00f5rmuse suurus 16,5 S\u00f5rmuse kaal 1,35 g.","og_url":"https:\/\/colibri-jewels.eu\/et\/toode\/white-gold-eternity-ring-with-blue-topazes-r-8220\/","og_site_name":"Colibri jewels","article_publisher":"https:\/\/www.facebook.com\/colibri.jewels","article_modified_time":"2023-03-25T16:14:32+00:00","og_image":[{"width":1000,"height":1000,"url":"https:\/\/colibri-jewels.eu\/wp-content\/uploads\/2023\/03\/RT-8220w4.jpg","type":"image\/jpeg"}],"twitter_card":"summary_large_image","twitter_misc":{"Est. reading time":"1 minut"},"schema":{"@context":"https:\/\/schema.org","@graph":[{"@type":"WebPage","@id":"https:\/\/colibri-jewels.eu\/et\/toode\/white-gold-eternity-ring-with-blue-topazes-r-8220\/","url":"https:\/\/colibri-jewels.eu\/et\/toode\/white-gold-eternity-ring-with-blue-topazes-r-8220\/","name":"Valgest kullast hele-siniste topaasidega igavikus\u00f5rmus R-8220 - Colibri jewels","isPartOf":{"@id":"https:\/\/colibri-jewels.eu\/et\/#website"},"primaryImageOfPage":{"@id":"https:\/\/colibri-jewels.eu\/et\/toode\/white-gold-eternity-ring-with-blue-topazes-r-8220\/#primaryimage"},"image":{"@id":"https:\/\/colibri-jewels.eu\/et\/toode\/white-gold-eternity-ring-with-blue-topazes-r-8220\/#primaryimage"},"thumbnailUrl":"https:\/\/colibri-jewels.eu\/wp-content\/uploads\/2023\/03\/RT-8220w4.jpg","datePublished":"2023-03-25T16:00:25+00:00","dateModified":"2023-03-25T16:14:32+00:00","breadcrumb":{"@id":"https:\/\/colibri-jewels.eu\/et\/toode\/white-gold-eternity-ring-with-blue-topazes-r-8220\/#breadcrumb"},"inLanguage":"et","potentialAction":[{"@type":"ReadAction","target":["https:\/\/colibri-jewels.eu\/et\/toode\/white-gold-eternity-ring-with-blue-topazes-r-8220\/"]}]},{"@type":"ImageObject","inLanguage":"et","@id":"https:\/\/colibri-jewels.eu\/et\/toode\/white-gold-eternity-ring-with-blue-topazes-r-8220\/#primaryimage","url":"https:\/\/colibri-jewels.eu\/wp-content\/uploads\/2023\/03\/RT-8220w4.jpg","contentUrl":"https:\/\/colibri-jewels.eu\/wp-content\/uploads\/2023\/03\/RT-8220w4.jpg","width":1000,"height":1000},{"@type":"BreadcrumbList","@id":"https:\/\/colibri-jewels.eu\/et\/toode\/white-gold-eternity-ring-with-blue-topazes-r-8220\/#breadcrumb","itemListElement":[{"@type":"ListItem","position":1,"name":"\u0413\u043b\u0430\u0432\u043d\u0430\u044f \u0441\u0442\u0440\u0430\u043d\u0438\u0446\u0430","item":"https:\/\/colibri-jewels.eu\/et\/"},{"@type":"ListItem","position":2,"name":"Pood","item":"https:\/\/colibri-jewels.eu\/et\/pood\/"},{"@type":"ListItem","position":3,"name":"Valgest kullast hele-siniste topaasidega igavikus\u00f5rmus R-8220"}]},{"@type":"WebSite","@id":"https:\/\/colibri-jewels.eu\/et\/#website","url":"https:\/\/colibri-jewels.eu\/et\/","name":"Colibri jewels","description":"jewelry shop","publisher":{"@id":"https:\/\/colibri-jewels.eu\/et\/#organization"},"potentialAction":[{"@type":"SearchAction","target":{"@type":"EntryPoint","urlTemplate":"https:\/\/colibri-jewels.eu\/et\/?s={search_term_string}"},"query-input":{"@type":"PropertyValueSpecification","valueRequired":true,"valueName":"search_term_string"}}],"inLanguage":"et"},{"@type":"Organization","@id":"https:\/\/colibri-jewels.eu\/et\/#organization","name":"O\u00dc Colibri","url":"https:\/\/colibri-jewels.eu\/et\/","logo":{"@type":"ImageObject","inLanguage":"et","@id":"https:\/\/colibri-jewels.eu\/et\/#\/schema\/logo\/image\/","url":"https:\/\/dev.colibri-jewels.eu\/wp-content\/uploads\/2021\/03\/colibri.png","contentUrl":"https:\/\/dev.colibri-jewels.eu\/wp-content\/uploads\/2021\/03\/colibri.png","width":227,"height":130,"caption":"O\u00dc Colibri"},"image":{"@id":"https:\/\/colibri-jewels.eu\/et\/#\/schema\/logo\/image\/"},"sameAs":["https:\/\/www.facebook.com\/colibri.jewels","https:\/\/www.instagram.com\/colibri.jewels","https:\/\/www.tiktok.com\/colibri.jewels"]}]}},"_links":{"self":[{"href":"https:\/\/colibri-jewels.eu\/et\/wp-json\/wp\/v2\/product\/33240","targetHints":{"allow":["GET"]}}],"collection":[{"href":"https:\/\/colibri-jewels.eu\/et\/wp-json\/wp\/v2\/product"}],"about":[{"href":"https:\/\/colibri-jewels.eu\/et\/wp-json\/wp\/v2\/types\/product"}],"replies":[{"embeddable":true,"href":"https:\/\/colibri-jewels.eu\/et\/wp-json\/wp\/v2\/comments?post=33240"}],"version-history":[{"count":0,"href":"https:\/\/colibri-jewels.eu\/et\/wp-json\/wp\/v2\/product\/33240\/revisions"}],"wp:featuredmedia":[{"embeddable":true,"href":"https:\/\/colibri-jewels.eu\/et\/wp-json\/wp\/v2\/media\/33225"}],"wp:attachment":[{"href":"https:\/\/colibri-jewels.eu\/et\/wp-json\/wp\/v2\/media?parent=33240"}],"wp:term":[{"taxonomy":"brand","embeddable":true,"href":"https:\/\/colibri-jewels.eu\/et\/wp-json\/wp\/v2\/etheme_brands?post=33240"},{"taxonomy":"product_brand","embeddable":true,"href":"https:\/\/colibri-jewels.eu\/et\/wp-json\/wp\/v2\/product_brand?post=33240"},{"taxonomy":"product_cat","embeddable":true,"href":"https:\/\/colibri-jewels.eu\/et\/wp-json\/wp\/v2\/product_cat?post=33240"},{"taxonomy":"product_tag","embeddable":true,"href":"https:\/\/colibri-jewels.eu\/et\/wp-json\/wp\/v2\/product_tag?post=33240"}],"curies":[{"name":"wp","href":"https:\/\/api.w.org\/{rel}","templated":true}]}}