{"id":33261,"date":"2023-03-25T21:41:19","date_gmt":"2023-03-25T19:41:19","guid":{"rendered":"https:\/\/dev.colibri-jewels.eu\/product\/hobedast-korvarongad-laboris-kasvatatud-smaragdidega-e-6118\/"},"modified":"2023-03-25T21:41:19","modified_gmt":"2023-03-25T19:41:19","slug":"silver-earrings-with-lab-grown-emeralds-e-6118","status":"publish","type":"product","link":"https:\/\/colibri-jewels.eu\/et\/toode\/silver-earrings-with-lab-grown-emeralds-e-6118\/","title":{"rendered":"H\u00f5bedast k\u00f5rvar\u00f5ngad laboris kasvatatud smaragdidega E-6118"},"content":{"rendered":"<p>T\u00e4iustage oma ehtekollektsiooni meie suurep\u00e4raste h\u00f5bek\u00f5rvar\u00f5ngastega, millel on imelised laboris kasvatatud smaragdid. Asjatundlikult valmistatud ja t\u00e4pselt seatud t\u00fckid p\u00f6\u00f6ravad kindlasti pead ja annavad avalduse.<\/p>\n<p>Kvaliteetsest h\u00f5bedast valmistatud detailid on loodud kestma ja s\u00e4ilitama oma hiilgava s\u00e4ra aja jooksul. K\u00f5rvar\u00f5ngaste kumer disain (vali ka komplekti s\u00f5rmus) loob silmatorkava ja pilkup\u00fc\u00fcdva v\u00e4limuse, samas kui laboris kasvatatud smaragdid lisavad rafineeritust ja elegantsi.<\/p>\n<p>Neid laboris kasvatatud smaragde kasvatatakse ja l\u00f5igatakse k\u00e4sitsi Kiievis, tagades, et iga kivi on k\u00f5rgeima kvaliteedi ja t\u00e4psusega. Nende t\u00fckkide jaoks kasutatav r\u00f6\u00f6paseade on keeruline ja h\u00f5beehete puhul ebatavaline, tuues esile peen viimistluse ja t\u00e4helepanu detailidele, mis igas ehtes sisaldub.<\/p>\n<p>Lisaks on k\u00f5rvar\u00f5ngastel usaldusv\u00e4\u00e4rsed klassikalised klambrid, mis tagavad nende kandmisel kindla istuvuse ja meelerahu. \u00dcksk\u00f5ik, kas riietute eriliseks s\u00fcndmuseks v\u00f5i lisate oma igap\u00e4evasele v\u00e4limusele elegantsi, need t\u00fckid avaldavad kindlasti muljet.<\/p>\n<p>Laboris kasvatatud smaragdid on eetiline ja j\u00e4tkusuutlik alternatiiv looduslikele v\u00e4\u00e4riskividele ning need pakuvad sama vapustavat ilu ja s\u00e4ra ilma k\u00f5rge hinna ja keskkonnam\u00f5juta. Lisaks p\u00fc\u00fcavad nad oma t\u00e4pse l\u00f5ike ja selgusega kindlasti iga liigutusega valgust ja s\u00e4ra.<\/p>\n<p>Hellitage ennast v\u00f5i kedagi erilist nende vapustavate h\u00f5bek\u00f5rvar\u00f5ngastega laboris kasvatatud smaragdidega juba t\u00e4na ning lisage oma ehtekollektsioonile elegantsi ja rafineeritust.<\/p>\n","protected":false},"excerpt":{"rendered":"<p>H\u00f5bek\u00f5rvar\u00f5ngad laboris kasvatatud smaragdidega<\/p>\n<p>24 tk., \u00fcmmargune teemantl\u00f5ige, 2,0 mm tk, 0,67 ct<\/p>\n<p>K\u00f5rvar\u00f5nga kaal 4,24 g.<\/p>\n","protected":false},"featured_media":33243,"comment_status":"open","ping_status":"closed","template":"","meta":[],"etheme_brands":[],"product_brand":[],"product_cat":[469],"product_tag":[],"class_list":{"0":"post-33261","1":"product","2":"type-product","3":"status-publish","4":"has-post-thumbnail","6":"product_cat-korvarongad","8":"first","9":"instock","10":"shipping-taxable","11":"purchasable","12":"product-type-simple"},"acf":[],"yoast_head":"<!-- This site is optimized with the Yoast SEO Premium plugin v26.5 (Yoast SEO v26.8) - https:\/\/yoast.com\/product\/yoast-seo-premium-wordpress\/ -->\n<title>H\u00f5bedast k\u00f5rvar\u00f5ngad laboris kasvatatud smaragdidega E-6118 - Colibri jewels<\/title>\n<meta name=\"robots\" content=\"index, follow, max-snippet:-1, max-image-preview:large, max-video-preview:-1\" \/>\n<link rel=\"canonical\" href=\"https:\/\/colibri-jewels.eu\/et\/toode\/silver-earrings-with-lab-grown-emeralds-e-6118\/\" \/>\n<meta property=\"og:locale\" content=\"et_EE\" \/>\n<meta property=\"og:type\" content=\"article\" \/>\n<meta property=\"og:title\" content=\"H\u00f5bedast k\u00f5rvar\u00f5ngad laboris kasvatatud smaragdidega E-6118\" \/>\n<meta property=\"og:description\" content=\"H\u00f5bek\u00f5rvar\u00f5ngad laboris kasvatatud smaragdidega 24 tk., \u00fcmmargune teemantl\u00f5ige, 2,0 mm tk, 0,67 ct K\u00f5rvar\u00f5nga kaal 4,24 g.\" \/>\n<meta property=\"og:url\" content=\"https:\/\/colibri-jewels.eu\/et\/toode\/silver-earrings-with-lab-grown-emeralds-e-6118\/\" \/>\n<meta property=\"og:site_name\" content=\"Colibri jewels\" \/>\n<meta property=\"article:publisher\" content=\"https:\/\/www.facebook.com\/colibri.jewels\" \/>\n<meta property=\"og:image\" content=\"https:\/\/colibri-jewels.eu\/wp-content\/uploads\/2023\/03\/ESE-6118web1.jpg\" \/>\n\t<meta property=\"og:image:width\" content=\"1000\" \/>\n\t<meta property=\"og:image:height\" content=\"1000\" \/>\n\t<meta property=\"og:image:type\" content=\"image\/jpeg\" \/>\n<meta name=\"twitter:card\" content=\"summary_large_image\" \/>\n<meta name=\"twitter:label1\" content=\"Est. reading time\" \/>\n\t<meta name=\"twitter:data1\" content=\"1 minut\" \/>\n<script type=\"application\/ld+json\" class=\"yoast-schema-graph\">{\"@context\":\"https:\/\/schema.org\",\"@graph\":[{\"@type\":\"WebPage\",\"@id\":\"https:\/\/colibri-jewels.eu\/et\/toode\/silver-earrings-with-lab-grown-emeralds-e-6118\/\",\"url\":\"https:\/\/colibri-jewels.eu\/et\/toode\/silver-earrings-with-lab-grown-emeralds-e-6118\/\",\"name\":\"H\u00f5bedast k\u00f5rvar\u00f5ngad laboris kasvatatud smaragdidega E-6118 - Colibri jewels\",\"isPartOf\":{\"@id\":\"https:\/\/colibri-jewels.eu\/et\/#website\"},\"primaryImageOfPage\":{\"@id\":\"https:\/\/colibri-jewels.eu\/et\/toode\/silver-earrings-with-lab-grown-emeralds-e-6118\/#primaryimage\"},\"image\":{\"@id\":\"https:\/\/colibri-jewels.eu\/et\/toode\/silver-earrings-with-lab-grown-emeralds-e-6118\/#primaryimage\"},\"thumbnailUrl\":\"https:\/\/colibri-jewels.eu\/wp-content\/uploads\/2023\/03\/ESE-6118web1.jpg\",\"datePublished\":\"2023-03-25T19:41:19+00:00\",\"breadcrumb\":{\"@id\":\"https:\/\/colibri-jewels.eu\/et\/toode\/silver-earrings-with-lab-grown-emeralds-e-6118\/#breadcrumb\"},\"inLanguage\":\"et\",\"potentialAction\":[{\"@type\":\"ReadAction\",\"target\":[\"https:\/\/colibri-jewels.eu\/et\/toode\/silver-earrings-with-lab-grown-emeralds-e-6118\/\"]}]},{\"@type\":\"ImageObject\",\"inLanguage\":\"et\",\"@id\":\"https:\/\/colibri-jewels.eu\/et\/toode\/silver-earrings-with-lab-grown-emeralds-e-6118\/#primaryimage\",\"url\":\"https:\/\/colibri-jewels.eu\/wp-content\/uploads\/2023\/03\/ESE-6118web1.jpg\",\"contentUrl\":\"https:\/\/colibri-jewels.eu\/wp-content\/uploads\/2023\/03\/ESE-6118web1.jpg\",\"width\":1000,\"height\":1000},{\"@type\":\"BreadcrumbList\",\"@id\":\"https:\/\/colibri-jewels.eu\/et\/toode\/silver-earrings-with-lab-grown-emeralds-e-6118\/#breadcrumb\",\"itemListElement\":[{\"@type\":\"ListItem\",\"position\":1,\"name\":\"\u0413\u043b\u0430\u0432\u043d\u0430\u044f \u0441\u0442\u0440\u0430\u043d\u0438\u0446\u0430\",\"item\":\"https:\/\/colibri-jewels.eu\/et\/\"},{\"@type\":\"ListItem\",\"position\":2,\"name\":\"Pood\",\"item\":\"https:\/\/colibri-jewels.eu\/et\/pood\/\"},{\"@type\":\"ListItem\",\"position\":3,\"name\":\"H\u00f5bedast k\u00f5rvar\u00f5ngad laboris kasvatatud smaragdidega E-6118\"}]},{\"@type\":\"WebSite\",\"@id\":\"https:\/\/colibri-jewels.eu\/et\/#website\",\"url\":\"https:\/\/colibri-jewels.eu\/et\/\",\"name\":\"Colibri jewels\",\"description\":\"jewelry shop\",\"publisher\":{\"@id\":\"https:\/\/colibri-jewels.eu\/et\/#organization\"},\"potentialAction\":[{\"@type\":\"SearchAction\",\"target\":{\"@type\":\"EntryPoint\",\"urlTemplate\":\"https:\/\/colibri-jewels.eu\/et\/?s={search_term_string}\"},\"query-input\":{\"@type\":\"PropertyValueSpecification\",\"valueRequired\":true,\"valueName\":\"search_term_string\"}}],\"inLanguage\":\"et\"},{\"@type\":\"Organization\",\"@id\":\"https:\/\/colibri-jewels.eu\/et\/#organization\",\"name\":\"O\u00dc Colibri\",\"url\":\"https:\/\/colibri-jewels.eu\/et\/\",\"logo\":{\"@type\":\"ImageObject\",\"inLanguage\":\"et\",\"@id\":\"https:\/\/colibri-jewels.eu\/et\/#\/schema\/logo\/image\/\",\"url\":\"https:\/\/dev.colibri-jewels.eu\/wp-content\/uploads\/2021\/03\/colibri.png\",\"contentUrl\":\"https:\/\/dev.colibri-jewels.eu\/wp-content\/uploads\/2021\/03\/colibri.png\",\"width\":227,\"height\":130,\"caption\":\"O\u00dc Colibri\"},\"image\":{\"@id\":\"https:\/\/colibri-jewels.eu\/et\/#\/schema\/logo\/image\/\"},\"sameAs\":[\"https:\/\/www.facebook.com\/colibri.jewels\",\"https:\/\/www.instagram.com\/colibri.jewels\",\"https:\/\/www.tiktok.com\/colibri.jewels\"]}]}<\/script>\n<!-- \/ Yoast SEO Premium plugin. -->","yoast_head_json":{"title":"H\u00f5bedast k\u00f5rvar\u00f5ngad laboris kasvatatud smaragdidega E-6118 - Colibri jewels","robots":{"index":"index","follow":"follow","max-snippet":"max-snippet:-1","max-image-preview":"max-image-preview:large","max-video-preview":"max-video-preview:-1"},"canonical":"https:\/\/colibri-jewels.eu\/et\/toode\/silver-earrings-with-lab-grown-emeralds-e-6118\/","og_locale":"et_EE","og_type":"article","og_title":"H\u00f5bedast k\u00f5rvar\u00f5ngad laboris kasvatatud smaragdidega E-6118","og_description":"H\u00f5bek\u00f5rvar\u00f5ngad laboris kasvatatud smaragdidega 24 tk., \u00fcmmargune teemantl\u00f5ige, 2,0 mm tk, 0,67 ct K\u00f5rvar\u00f5nga kaal 4,24 g.","og_url":"https:\/\/colibri-jewels.eu\/et\/toode\/silver-earrings-with-lab-grown-emeralds-e-6118\/","og_site_name":"Colibri jewels","article_publisher":"https:\/\/www.facebook.com\/colibri.jewels","og_image":[{"width":1000,"height":1000,"url":"https:\/\/colibri-jewels.eu\/wp-content\/uploads\/2023\/03\/ESE-6118web1.jpg","type":"image\/jpeg"}],"twitter_card":"summary_large_image","twitter_misc":{"Est. reading time":"1 minut"},"schema":{"@context":"https:\/\/schema.org","@graph":[{"@type":"WebPage","@id":"https:\/\/colibri-jewels.eu\/et\/toode\/silver-earrings-with-lab-grown-emeralds-e-6118\/","url":"https:\/\/colibri-jewels.eu\/et\/toode\/silver-earrings-with-lab-grown-emeralds-e-6118\/","name":"H\u00f5bedast k\u00f5rvar\u00f5ngad laboris kasvatatud smaragdidega E-6118 - Colibri jewels","isPartOf":{"@id":"https:\/\/colibri-jewels.eu\/et\/#website"},"primaryImageOfPage":{"@id":"https:\/\/colibri-jewels.eu\/et\/toode\/silver-earrings-with-lab-grown-emeralds-e-6118\/#primaryimage"},"image":{"@id":"https:\/\/colibri-jewels.eu\/et\/toode\/silver-earrings-with-lab-grown-emeralds-e-6118\/#primaryimage"},"thumbnailUrl":"https:\/\/colibri-jewels.eu\/wp-content\/uploads\/2023\/03\/ESE-6118web1.jpg","datePublished":"2023-03-25T19:41:19+00:00","breadcrumb":{"@id":"https:\/\/colibri-jewels.eu\/et\/toode\/silver-earrings-with-lab-grown-emeralds-e-6118\/#breadcrumb"},"inLanguage":"et","potentialAction":[{"@type":"ReadAction","target":["https:\/\/colibri-jewels.eu\/et\/toode\/silver-earrings-with-lab-grown-emeralds-e-6118\/"]}]},{"@type":"ImageObject","inLanguage":"et","@id":"https:\/\/colibri-jewels.eu\/et\/toode\/silver-earrings-with-lab-grown-emeralds-e-6118\/#primaryimage","url":"https:\/\/colibri-jewels.eu\/wp-content\/uploads\/2023\/03\/ESE-6118web1.jpg","contentUrl":"https:\/\/colibri-jewels.eu\/wp-content\/uploads\/2023\/03\/ESE-6118web1.jpg","width":1000,"height":1000},{"@type":"BreadcrumbList","@id":"https:\/\/colibri-jewels.eu\/et\/toode\/silver-earrings-with-lab-grown-emeralds-e-6118\/#breadcrumb","itemListElement":[{"@type":"ListItem","position":1,"name":"\u0413\u043b\u0430\u0432\u043d\u0430\u044f \u0441\u0442\u0440\u0430\u043d\u0438\u0446\u0430","item":"https:\/\/colibri-jewels.eu\/et\/"},{"@type":"ListItem","position":2,"name":"Pood","item":"https:\/\/colibri-jewels.eu\/et\/pood\/"},{"@type":"ListItem","position":3,"name":"H\u00f5bedast k\u00f5rvar\u00f5ngad laboris kasvatatud smaragdidega E-6118"}]},{"@type":"WebSite","@id":"https:\/\/colibri-jewels.eu\/et\/#website","url":"https:\/\/colibri-jewels.eu\/et\/","name":"Colibri jewels","description":"jewelry shop","publisher":{"@id":"https:\/\/colibri-jewels.eu\/et\/#organization"},"potentialAction":[{"@type":"SearchAction","target":{"@type":"EntryPoint","urlTemplate":"https:\/\/colibri-jewels.eu\/et\/?s={search_term_string}"},"query-input":{"@type":"PropertyValueSpecification","valueRequired":true,"valueName":"search_term_string"}}],"inLanguage":"et"},{"@type":"Organization","@id":"https:\/\/colibri-jewels.eu\/et\/#organization","name":"O\u00dc Colibri","url":"https:\/\/colibri-jewels.eu\/et\/","logo":{"@type":"ImageObject","inLanguage":"et","@id":"https:\/\/colibri-jewels.eu\/et\/#\/schema\/logo\/image\/","url":"https:\/\/dev.colibri-jewels.eu\/wp-content\/uploads\/2021\/03\/colibri.png","contentUrl":"https:\/\/dev.colibri-jewels.eu\/wp-content\/uploads\/2021\/03\/colibri.png","width":227,"height":130,"caption":"O\u00dc Colibri"},"image":{"@id":"https:\/\/colibri-jewels.eu\/et\/#\/schema\/logo\/image\/"},"sameAs":["https:\/\/www.facebook.com\/colibri.jewels","https:\/\/www.instagram.com\/colibri.jewels","https:\/\/www.tiktok.com\/colibri.jewels"]}]}},"_links":{"self":[{"href":"https:\/\/colibri-jewels.eu\/et\/wp-json\/wp\/v2\/product\/33261","targetHints":{"allow":["GET"]}}],"collection":[{"href":"https:\/\/colibri-jewels.eu\/et\/wp-json\/wp\/v2\/product"}],"about":[{"href":"https:\/\/colibri-jewels.eu\/et\/wp-json\/wp\/v2\/types\/product"}],"replies":[{"embeddable":true,"href":"https:\/\/colibri-jewels.eu\/et\/wp-json\/wp\/v2\/comments?post=33261"}],"version-history":[{"count":0,"href":"https:\/\/colibri-jewels.eu\/et\/wp-json\/wp\/v2\/product\/33261\/revisions"}],"wp:featuredmedia":[{"embeddable":true,"href":"https:\/\/colibri-jewels.eu\/et\/wp-json\/wp\/v2\/media\/33243"}],"wp:attachment":[{"href":"https:\/\/colibri-jewels.eu\/et\/wp-json\/wp\/v2\/media?parent=33261"}],"wp:term":[{"taxonomy":"brand","embeddable":true,"href":"https:\/\/colibri-jewels.eu\/et\/wp-json\/wp\/v2\/etheme_brands?post=33261"},{"taxonomy":"product_brand","embeddable":true,"href":"https:\/\/colibri-jewels.eu\/et\/wp-json\/wp\/v2\/product_brand?post=33261"},{"taxonomy":"product_cat","embeddable":true,"href":"https:\/\/colibri-jewels.eu\/et\/wp-json\/wp\/v2\/product_cat?post=33261"},{"taxonomy":"product_tag","embeddable":true,"href":"https:\/\/colibri-jewels.eu\/et\/wp-json\/wp\/v2\/product_tag?post=33261"}],"curies":[{"name":"wp","href":"https:\/\/api.w.org\/{rel}","templated":true}]}}