{"id":33366,"date":"2023-04-02T21:51:36","date_gmt":"2023-04-02T18:51:36","guid":{"rendered":"https:\/\/dev.colibri-jewels.eu\/product\/kuldne-sormus-tsitriinide-ja-topaasidega-r-00825\/"},"modified":"2023-07-13T11:10:56","modified_gmt":"2023-07-13T08:10:56","slug":"golden-ring-with-citrines-and-topazes-r-00825","status":"publish","type":"product","link":"https:\/\/colibri-jewels.eu\/et\/toode\/golden-ring-with-citrines-and-topazes-r-00825\/","title":{"rendered":"Kuldne s\u00f5rmus tsitriinide ja topaasidega R-00825"},"content":{"rendered":"<p>Tutvustame meie uut eritellimusel valmistatud kulds\u00f5rmust, t\u00e4iuslikku patriotismi ja stiili s\u00fcmbolit! See s\u00f5rmus on valmistatud kahest reast uhketest kollaste tsitriinide ja siniste topaasidega kividest, mis on elegantne noogutus Ukraina lipu v\u00e4rvidele.<\/p>\n<p>Lakoonilises stiilis disainitud s\u00f5rmus sobib suurep\u00e4raselt igap\u00e4evaseks kandmiseks, olenemata sellest, kas l\u00e4hete kontorisse, ajate asju v\u00f5i veedate aega l\u00e4hedastega. See kuldne s\u00f5rmus on sile ja mugav, keeruka kivide seadistusega.<\/p>\n<p>Kui otsite ainulaadset viisi oma Ukraina uhkuse n\u00e4itamiseks, on see kuldne s\u00f5rmus ideaalne valik. Ja kui eelistate teistsugust v\u00e4rvikombinatsiooni, koostame meeleldi teie jaoks kohandatud tellimuse.<\/p>\n<p>Telli endale juba t\u00e4na oma kulds\u00f5rmus ja kanna oma patriotismi uhkusega!<\/p>\n","protected":false},"excerpt":{"rendered":"<p>Roosa kuld 14 kt.<\/p>\n<p>S\u00f5rmuse kaal 3,12 g<\/p>\n<p>Tsitriinid 10 tk., 0,31 ct<\/p>\n<p>Topaasid 10 tk., 0,42 ct<\/p>\n","protected":false},"featured_media":33363,"comment_status":"open","ping_status":"closed","template":"","meta":[],"etheme_brands":[],"product_brand":[],"product_cat":[471],"product_tag":[738],"class_list":{"0":"post-33366","1":"product","2":"type-product","3":"status-publish","4":"has-post-thumbnail","6":"product_cat-sormused","7":"product_tag-ukraina-sumboolika","9":"first","10":"onbackorder","11":"shipping-taxable","12":"purchasable","13":"product-type-simple"},"acf":[],"yoast_head":"<!-- This site is optimized with the Yoast SEO Premium plugin v26.5 (Yoast SEO v26.8) - https:\/\/yoast.com\/product\/yoast-seo-premium-wordpress\/ -->\n<title>Kuldne s\u00f5rmus tsitriinide ja topaasidega R-00825 - Colibri jewels<\/title>\n<meta name=\"robots\" content=\"index, follow, max-snippet:-1, max-image-preview:large, max-video-preview:-1\" \/>\n<link rel=\"canonical\" href=\"https:\/\/colibri-jewels.eu\/et\/toode\/golden-ring-with-citrines-and-topazes-r-00825\/\" \/>\n<meta property=\"og:locale\" content=\"et_EE\" \/>\n<meta property=\"og:type\" content=\"article\" \/>\n<meta property=\"og:title\" content=\"Kuldne s\u00f5rmus tsitriinide ja topaasidega R-00825\" \/>\n<meta property=\"og:description\" content=\"Roosa kuld 14 kt. S\u00f5rmuse kaal 3,12 g Tsitriinid 10 tk., 0,31 ct Topaasid 10 tk., 0,42 ct\" \/>\n<meta property=\"og:url\" content=\"https:\/\/colibri-jewels.eu\/et\/toode\/golden-ring-with-citrines-and-topazes-r-00825\/\" \/>\n<meta property=\"og:site_name\" content=\"Colibri jewels\" \/>\n<meta property=\"article:publisher\" content=\"https:\/\/www.facebook.com\/colibri.jewels\" \/>\n<meta property=\"article:modified_time\" content=\"2023-07-13T08:10:56+00:00\" \/>\n<meta property=\"og:image\" content=\"https:\/\/colibri-jewels.eu\/wp-content\/uploads\/2023\/04\/R-00825_1.jpg\" \/>\n\t<meta property=\"og:image:width\" content=\"1000\" \/>\n\t<meta property=\"og:image:height\" content=\"1000\" \/>\n\t<meta property=\"og:image:type\" content=\"image\/jpeg\" \/>\n<meta name=\"twitter:card\" content=\"summary_large_image\" \/>\n<meta name=\"twitter:label1\" content=\"Est. reading time\" \/>\n\t<meta name=\"twitter:data1\" content=\"1 minut\" \/>\n<script type=\"application\/ld+json\" class=\"yoast-schema-graph\">{\"@context\":\"https:\/\/schema.org\",\"@graph\":[{\"@type\":\"WebPage\",\"@id\":\"https:\/\/colibri-jewels.eu\/et\/toode\/golden-ring-with-citrines-and-topazes-r-00825\/\",\"url\":\"https:\/\/colibri-jewels.eu\/et\/toode\/golden-ring-with-citrines-and-topazes-r-00825\/\",\"name\":\"Kuldne s\u00f5rmus tsitriinide ja topaasidega R-00825 - Colibri jewels\",\"isPartOf\":{\"@id\":\"https:\/\/colibri-jewels.eu\/et\/#website\"},\"primaryImageOfPage\":{\"@id\":\"https:\/\/colibri-jewels.eu\/et\/toode\/golden-ring-with-citrines-and-topazes-r-00825\/#primaryimage\"},\"image\":{\"@id\":\"https:\/\/colibri-jewels.eu\/et\/toode\/golden-ring-with-citrines-and-topazes-r-00825\/#primaryimage\"},\"thumbnailUrl\":\"https:\/\/colibri-jewels.eu\/wp-content\/uploads\/2023\/04\/R-00825_1.jpg\",\"datePublished\":\"2023-04-02T18:51:36+00:00\",\"dateModified\":\"2023-07-13T08:10:56+00:00\",\"breadcrumb\":{\"@id\":\"https:\/\/colibri-jewels.eu\/et\/toode\/golden-ring-with-citrines-and-topazes-r-00825\/#breadcrumb\"},\"inLanguage\":\"et\",\"potentialAction\":[{\"@type\":\"ReadAction\",\"target\":[\"https:\/\/colibri-jewels.eu\/et\/toode\/golden-ring-with-citrines-and-topazes-r-00825\/\"]}]},{\"@type\":\"ImageObject\",\"inLanguage\":\"et\",\"@id\":\"https:\/\/colibri-jewels.eu\/et\/toode\/golden-ring-with-citrines-and-topazes-r-00825\/#primaryimage\",\"url\":\"https:\/\/colibri-jewels.eu\/wp-content\/uploads\/2023\/04\/R-00825_1.jpg\",\"contentUrl\":\"https:\/\/colibri-jewels.eu\/wp-content\/uploads\/2023\/04\/R-00825_1.jpg\",\"width\":1000,\"height\":1000},{\"@type\":\"BreadcrumbList\",\"@id\":\"https:\/\/colibri-jewels.eu\/et\/toode\/golden-ring-with-citrines-and-topazes-r-00825\/#breadcrumb\",\"itemListElement\":[{\"@type\":\"ListItem\",\"position\":1,\"name\":\"\u0413\u043b\u0430\u0432\u043d\u0430\u044f \u0441\u0442\u0440\u0430\u043d\u0438\u0446\u0430\",\"item\":\"https:\/\/colibri-jewels.eu\/et\/\"},{\"@type\":\"ListItem\",\"position\":2,\"name\":\"Pood\",\"item\":\"https:\/\/colibri-jewels.eu\/et\/pood\/\"},{\"@type\":\"ListItem\",\"position\":3,\"name\":\"Kuldne s\u00f5rmus tsitriinide ja topaasidega R-00825\"}]},{\"@type\":\"WebSite\",\"@id\":\"https:\/\/colibri-jewels.eu\/et\/#website\",\"url\":\"https:\/\/colibri-jewels.eu\/et\/\",\"name\":\"Colibri jewels\",\"description\":\"jewelry shop\",\"publisher\":{\"@id\":\"https:\/\/colibri-jewels.eu\/et\/#organization\"},\"potentialAction\":[{\"@type\":\"SearchAction\",\"target\":{\"@type\":\"EntryPoint\",\"urlTemplate\":\"https:\/\/colibri-jewels.eu\/et\/?s={search_term_string}\"},\"query-input\":{\"@type\":\"PropertyValueSpecification\",\"valueRequired\":true,\"valueName\":\"search_term_string\"}}],\"inLanguage\":\"et\"},{\"@type\":\"Organization\",\"@id\":\"https:\/\/colibri-jewels.eu\/et\/#organization\",\"name\":\"O\u00dc Colibri\",\"url\":\"https:\/\/colibri-jewels.eu\/et\/\",\"logo\":{\"@type\":\"ImageObject\",\"inLanguage\":\"et\",\"@id\":\"https:\/\/colibri-jewels.eu\/et\/#\/schema\/logo\/image\/\",\"url\":\"https:\/\/dev.colibri-jewels.eu\/wp-content\/uploads\/2021\/03\/colibri.png\",\"contentUrl\":\"https:\/\/dev.colibri-jewels.eu\/wp-content\/uploads\/2021\/03\/colibri.png\",\"width\":227,\"height\":130,\"caption\":\"O\u00dc Colibri\"},\"image\":{\"@id\":\"https:\/\/colibri-jewels.eu\/et\/#\/schema\/logo\/image\/\"},\"sameAs\":[\"https:\/\/www.facebook.com\/colibri.jewels\",\"https:\/\/www.instagram.com\/colibri.jewels\",\"https:\/\/www.tiktok.com\/colibri.jewels\"]}]}<\/script>\n<!-- \/ Yoast SEO Premium plugin. -->","yoast_head_json":{"title":"Kuldne s\u00f5rmus tsitriinide ja topaasidega R-00825 - Colibri jewels","robots":{"index":"index","follow":"follow","max-snippet":"max-snippet:-1","max-image-preview":"max-image-preview:large","max-video-preview":"max-video-preview:-1"},"canonical":"https:\/\/colibri-jewels.eu\/et\/toode\/golden-ring-with-citrines-and-topazes-r-00825\/","og_locale":"et_EE","og_type":"article","og_title":"Kuldne s\u00f5rmus tsitriinide ja topaasidega R-00825","og_description":"Roosa kuld 14 kt. S\u00f5rmuse kaal 3,12 g Tsitriinid 10 tk., 0,31 ct Topaasid 10 tk., 0,42 ct","og_url":"https:\/\/colibri-jewels.eu\/et\/toode\/golden-ring-with-citrines-and-topazes-r-00825\/","og_site_name":"Colibri jewels","article_publisher":"https:\/\/www.facebook.com\/colibri.jewels","article_modified_time":"2023-07-13T08:10:56+00:00","og_image":[{"width":1000,"height":1000,"url":"https:\/\/colibri-jewels.eu\/wp-content\/uploads\/2023\/04\/R-00825_1.jpg","type":"image\/jpeg"}],"twitter_card":"summary_large_image","twitter_misc":{"Est. reading time":"1 minut"},"schema":{"@context":"https:\/\/schema.org","@graph":[{"@type":"WebPage","@id":"https:\/\/colibri-jewels.eu\/et\/toode\/golden-ring-with-citrines-and-topazes-r-00825\/","url":"https:\/\/colibri-jewels.eu\/et\/toode\/golden-ring-with-citrines-and-topazes-r-00825\/","name":"Kuldne s\u00f5rmus tsitriinide ja topaasidega R-00825 - Colibri jewels","isPartOf":{"@id":"https:\/\/colibri-jewels.eu\/et\/#website"},"primaryImageOfPage":{"@id":"https:\/\/colibri-jewels.eu\/et\/toode\/golden-ring-with-citrines-and-topazes-r-00825\/#primaryimage"},"image":{"@id":"https:\/\/colibri-jewels.eu\/et\/toode\/golden-ring-with-citrines-and-topazes-r-00825\/#primaryimage"},"thumbnailUrl":"https:\/\/colibri-jewels.eu\/wp-content\/uploads\/2023\/04\/R-00825_1.jpg","datePublished":"2023-04-02T18:51:36+00:00","dateModified":"2023-07-13T08:10:56+00:00","breadcrumb":{"@id":"https:\/\/colibri-jewels.eu\/et\/toode\/golden-ring-with-citrines-and-topazes-r-00825\/#breadcrumb"},"inLanguage":"et","potentialAction":[{"@type":"ReadAction","target":["https:\/\/colibri-jewels.eu\/et\/toode\/golden-ring-with-citrines-and-topazes-r-00825\/"]}]},{"@type":"ImageObject","inLanguage":"et","@id":"https:\/\/colibri-jewels.eu\/et\/toode\/golden-ring-with-citrines-and-topazes-r-00825\/#primaryimage","url":"https:\/\/colibri-jewels.eu\/wp-content\/uploads\/2023\/04\/R-00825_1.jpg","contentUrl":"https:\/\/colibri-jewels.eu\/wp-content\/uploads\/2023\/04\/R-00825_1.jpg","width":1000,"height":1000},{"@type":"BreadcrumbList","@id":"https:\/\/colibri-jewels.eu\/et\/toode\/golden-ring-with-citrines-and-topazes-r-00825\/#breadcrumb","itemListElement":[{"@type":"ListItem","position":1,"name":"\u0413\u043b\u0430\u0432\u043d\u0430\u044f \u0441\u0442\u0440\u0430\u043d\u0438\u0446\u0430","item":"https:\/\/colibri-jewels.eu\/et\/"},{"@type":"ListItem","position":2,"name":"Pood","item":"https:\/\/colibri-jewels.eu\/et\/pood\/"},{"@type":"ListItem","position":3,"name":"Kuldne s\u00f5rmus tsitriinide ja topaasidega R-00825"}]},{"@type":"WebSite","@id":"https:\/\/colibri-jewels.eu\/et\/#website","url":"https:\/\/colibri-jewels.eu\/et\/","name":"Colibri jewels","description":"jewelry shop","publisher":{"@id":"https:\/\/colibri-jewels.eu\/et\/#organization"},"potentialAction":[{"@type":"SearchAction","target":{"@type":"EntryPoint","urlTemplate":"https:\/\/colibri-jewels.eu\/et\/?s={search_term_string}"},"query-input":{"@type":"PropertyValueSpecification","valueRequired":true,"valueName":"search_term_string"}}],"inLanguage":"et"},{"@type":"Organization","@id":"https:\/\/colibri-jewels.eu\/et\/#organization","name":"O\u00dc Colibri","url":"https:\/\/colibri-jewels.eu\/et\/","logo":{"@type":"ImageObject","inLanguage":"et","@id":"https:\/\/colibri-jewels.eu\/et\/#\/schema\/logo\/image\/","url":"https:\/\/dev.colibri-jewels.eu\/wp-content\/uploads\/2021\/03\/colibri.png","contentUrl":"https:\/\/dev.colibri-jewels.eu\/wp-content\/uploads\/2021\/03\/colibri.png","width":227,"height":130,"caption":"O\u00dc Colibri"},"image":{"@id":"https:\/\/colibri-jewels.eu\/et\/#\/schema\/logo\/image\/"},"sameAs":["https:\/\/www.facebook.com\/colibri.jewels","https:\/\/www.instagram.com\/colibri.jewels","https:\/\/www.tiktok.com\/colibri.jewels"]}]}},"_links":{"self":[{"href":"https:\/\/colibri-jewels.eu\/et\/wp-json\/wp\/v2\/product\/33366","targetHints":{"allow":["GET"]}}],"collection":[{"href":"https:\/\/colibri-jewels.eu\/et\/wp-json\/wp\/v2\/product"}],"about":[{"href":"https:\/\/colibri-jewels.eu\/et\/wp-json\/wp\/v2\/types\/product"}],"replies":[{"embeddable":true,"href":"https:\/\/colibri-jewels.eu\/et\/wp-json\/wp\/v2\/comments?post=33366"}],"version-history":[{"count":0,"href":"https:\/\/colibri-jewels.eu\/et\/wp-json\/wp\/v2\/product\/33366\/revisions"}],"wp:featuredmedia":[{"embeddable":true,"href":"https:\/\/colibri-jewels.eu\/et\/wp-json\/wp\/v2\/media\/33363"}],"wp:attachment":[{"href":"https:\/\/colibri-jewels.eu\/et\/wp-json\/wp\/v2\/media?parent=33366"}],"wp:term":[{"taxonomy":"brand","embeddable":true,"href":"https:\/\/colibri-jewels.eu\/et\/wp-json\/wp\/v2\/etheme_brands?post=33366"},{"taxonomy":"product_brand","embeddable":true,"href":"https:\/\/colibri-jewels.eu\/et\/wp-json\/wp\/v2\/product_brand?post=33366"},{"taxonomy":"product_cat","embeddable":true,"href":"https:\/\/colibri-jewels.eu\/et\/wp-json\/wp\/v2\/product_cat?post=33366"},{"taxonomy":"product_tag","embeddable":true,"href":"https:\/\/colibri-jewels.eu\/et\/wp-json\/wp\/v2\/product_tag?post=33366"}],"curies":[{"name":"wp","href":"https:\/\/api.w.org\/{rel}","templated":true}]}}