{"id":33749,"date":"2023-04-07T19:01:11","date_gmt":"2023-04-07T16:01:11","guid":{"rendered":"https:\/\/dev.colibri-jewels.eu\/product\/valgest-kullast-korvarongad-hele-siniste-topaaside-ja-teemantidega-e-6708\/"},"modified":"2023-04-11T10:39:18","modified_gmt":"2023-04-11T07:39:18","slug":"white-gold-earrings-with-blue-topazes-and-diamonds-e-6708","status":"publish","type":"product","link":"https:\/\/colibri-jewels.eu\/et\/toode\/white-gold-earrings-with-blue-topazes-and-diamonds-e-6708\/","title":{"rendered":"Valgest kullast k\u00f5rvar\u00f5ngad hele-siniste topaaside ja teemantidega E-6708"},"content":{"rendered":"<p>Nii eksklusiivselt s\u00e4ravad kui ka luksussinised topaas- ja teemantk\u00f5rvar\u00f5ngad. Igal k\u00f5rvar\u00f5ngal on kolm horisontaalselt asetsevat ovaalset sinist topaasi, mis on paigutatud \u00fcksteise alla, ja kuus s\u00e4delevat teemanti k\u00fclgedel. Klassikalised inglise klambrid tagavad turvalise ja mugava istuvuse, mist\u00f5ttu need k\u00f5rvar\u00f5ngad sobivad ideaalselt igap\u00e4evaseks kandmiseks v\u00f5i erilistel puhkudel.<\/p>\n<p>Nendes k\u00f5rvar\u00f5ngastes olevad sinised topaasid valiti nende s\u00e4rava v\u00e4rvi ja selguse t\u00f5ttu, luues briljantidega s\u00e4rava ja pilkup\u00fc\u00fcdva kombinatsiooni. Kalliskivide ovaalne kuju on \u00fchtaegu ajatu ja kaasaegne, muutes need k\u00f5rvar\u00f5ngad mitmek\u00fclgseks t\u00e4ienduseks igasse ehtekollektsiooni.<\/p>\n<p>Asjatundliku t\u00e4psusega ja detailidele t\u00e4helepanu p\u00f6\u00f6ratud k\u00f5rvar\u00f5ngad on valmistatud valgest kullast ja m\u00f5eldud kestma kogu elu. Teemandid on asetatud tugevasse harusse, mis tagab nende p\u00fcsimise ja s\u00e4ra iga liigutusega.<\/p>\n<p>Sinine topaas on kivi, mis v\u00e4idetavalt soodustab rahulikkust, l\u00f5\u00f5gastust ja vaimset selgust, samas kui teemandid s\u00fcmboliseerivad armastust, p\u00fchendumust ja j\u00f5udu. Selle v\u00f5imsa v\u00e4\u00e4riskivide kombinatsiooniga teevad need k\u00f5rvar\u00f5ngad t\u00e4hendusrikka kingituse endale v\u00f5i l\u00e4hedasele.<\/p>\n<p>Colibri jewels &#8217;is tunneme uhkust oma p\u00fchendumuse \u00fcle kvaliteedile ja klientide rahulolule. Ostke enesekindlalt, teades, et saate kauni ja h\u00e4sti valmistatud ehte, mida hinnatakse veel aastaid. Tellige oma sinised topaas- ja teemantk\u00f5rvar\u00f5ngad juba t\u00e4na ning kogege selle ajatu disaini ilu ja elegantsi.<\/p>\n","protected":false},"excerpt":{"rendered":"<p>Sinised topaasid 6 tk, 1,76 ct<\/p>\n<p>Teemandid 12 tk, t\u00e4isl\u00f5ikega 0,14 ct<\/p>\n<p>Valge kuld 14 kt<\/p>\n<p>K\u00f5rvar\u00f5nga kaal 3,35 g.<\/p>\n","protected":false},"featured_media":33743,"comment_status":"open","ping_status":"closed","template":"","meta":[],"etheme_brands":[],"product_brand":[],"product_cat":[469],"product_tag":[],"class_list":{"0":"post-33749","1":"product","2":"type-product","3":"status-publish","4":"has-post-thumbnail","6":"product_cat-korvarongad","8":"first","9":"instock","10":"shipping-taxable","11":"purchasable","12":"product-type-simple"},"acf":[],"yoast_head":"<!-- This site is optimized with the Yoast SEO Premium plugin v26.5 (Yoast SEO v26.8) - https:\/\/yoast.com\/product\/yoast-seo-premium-wordpress\/ -->\n<title>Valgest kullast k\u00f5rvar\u00f5ngad hele-siniste topaaside ja teemantidega E-6708 - Colibri jewels<\/title>\n<meta name=\"robots\" content=\"index, follow, max-snippet:-1, max-image-preview:large, max-video-preview:-1\" \/>\n<link rel=\"canonical\" href=\"https:\/\/colibri-jewels.eu\/et\/toode\/white-gold-earrings-with-blue-topazes-and-diamonds-e-6708\/\" \/>\n<meta property=\"og:locale\" content=\"et_EE\" \/>\n<meta property=\"og:type\" content=\"article\" \/>\n<meta property=\"og:title\" content=\"Valgest kullast k\u00f5rvar\u00f5ngad hele-siniste topaaside ja teemantidega E-6708\" \/>\n<meta property=\"og:description\" content=\"Sinised topaasid 6 tk, 1,76 ct  Teemandid 12 tk, t\u00e4isl\u00f5ikega 0,14 ct  Valge kuld 14 kt  K\u00f5rvar\u00f5nga kaal 3,35 g.\" \/>\n<meta property=\"og:url\" content=\"https:\/\/colibri-jewels.eu\/et\/toode\/white-gold-earrings-with-blue-topazes-and-diamonds-e-6708\/\" \/>\n<meta property=\"og:site_name\" content=\"Colibri jewels\" \/>\n<meta property=\"article:publisher\" content=\"https:\/\/www.facebook.com\/colibri.jewels\" \/>\n<meta property=\"article:modified_time\" content=\"2023-04-11T07:39:18+00:00\" \/>\n<meta property=\"og:image\" content=\"https:\/\/colibri-jewels.eu\/wp-content\/uploads\/2023\/04\/ET-6708web.jpg\" \/>\n\t<meta property=\"og:image:width\" content=\"1000\" \/>\n\t<meta property=\"og:image:height\" content=\"1000\" \/>\n\t<meta property=\"og:image:type\" content=\"image\/jpeg\" \/>\n<meta name=\"twitter:card\" content=\"summary_large_image\" \/>\n<meta name=\"twitter:label1\" content=\"Est. reading time\" \/>\n\t<meta name=\"twitter:data1\" content=\"1 minut\" \/>\n<script type=\"application\/ld+json\" class=\"yoast-schema-graph\">{\"@context\":\"https:\/\/schema.org\",\"@graph\":[{\"@type\":\"WebPage\",\"@id\":\"https:\/\/colibri-jewels.eu\/et\/toode\/white-gold-earrings-with-blue-topazes-and-diamonds-e-6708\/\",\"url\":\"https:\/\/colibri-jewels.eu\/et\/toode\/white-gold-earrings-with-blue-topazes-and-diamonds-e-6708\/\",\"name\":\"Valgest kullast k\u00f5rvar\u00f5ngad hele-siniste topaaside ja teemantidega E-6708 - Colibri jewels\",\"isPartOf\":{\"@id\":\"https:\/\/colibri-jewels.eu\/et\/#website\"},\"primaryImageOfPage\":{\"@id\":\"https:\/\/colibri-jewels.eu\/et\/toode\/white-gold-earrings-with-blue-topazes-and-diamonds-e-6708\/#primaryimage\"},\"image\":{\"@id\":\"https:\/\/colibri-jewels.eu\/et\/toode\/white-gold-earrings-with-blue-topazes-and-diamonds-e-6708\/#primaryimage\"},\"thumbnailUrl\":\"https:\/\/colibri-jewels.eu\/wp-content\/uploads\/2023\/04\/ET-6708web.jpg\",\"datePublished\":\"2023-04-07T16:01:11+00:00\",\"dateModified\":\"2023-04-11T07:39:18+00:00\",\"breadcrumb\":{\"@id\":\"https:\/\/colibri-jewels.eu\/et\/toode\/white-gold-earrings-with-blue-topazes-and-diamonds-e-6708\/#breadcrumb\"},\"inLanguage\":\"et\",\"potentialAction\":[{\"@type\":\"ReadAction\",\"target\":[\"https:\/\/colibri-jewels.eu\/et\/toode\/white-gold-earrings-with-blue-topazes-and-diamonds-e-6708\/\"]}]},{\"@type\":\"ImageObject\",\"inLanguage\":\"et\",\"@id\":\"https:\/\/colibri-jewels.eu\/et\/toode\/white-gold-earrings-with-blue-topazes-and-diamonds-e-6708\/#primaryimage\",\"url\":\"https:\/\/colibri-jewels.eu\/wp-content\/uploads\/2023\/04\/ET-6708web.jpg\",\"contentUrl\":\"https:\/\/colibri-jewels.eu\/wp-content\/uploads\/2023\/04\/ET-6708web.jpg\",\"width\":1000,\"height\":1000},{\"@type\":\"BreadcrumbList\",\"@id\":\"https:\/\/colibri-jewels.eu\/et\/toode\/white-gold-earrings-with-blue-topazes-and-diamonds-e-6708\/#breadcrumb\",\"itemListElement\":[{\"@type\":\"ListItem\",\"position\":1,\"name\":\"\u0413\u043b\u0430\u0432\u043d\u0430\u044f \u0441\u0442\u0440\u0430\u043d\u0438\u0446\u0430\",\"item\":\"https:\/\/colibri-jewels.eu\/et\/\"},{\"@type\":\"ListItem\",\"position\":2,\"name\":\"Pood\",\"item\":\"https:\/\/colibri-jewels.eu\/et\/pood\/\"},{\"@type\":\"ListItem\",\"position\":3,\"name\":\"Valgest kullast k\u00f5rvar\u00f5ngad hele-siniste topaaside ja teemantidega E-6708\"}]},{\"@type\":\"WebSite\",\"@id\":\"https:\/\/colibri-jewels.eu\/et\/#website\",\"url\":\"https:\/\/colibri-jewels.eu\/et\/\",\"name\":\"Colibri jewels\",\"description\":\"jewelry shop\",\"publisher\":{\"@id\":\"https:\/\/colibri-jewels.eu\/et\/#organization\"},\"potentialAction\":[{\"@type\":\"SearchAction\",\"target\":{\"@type\":\"EntryPoint\",\"urlTemplate\":\"https:\/\/colibri-jewels.eu\/et\/?s={search_term_string}\"},\"query-input\":{\"@type\":\"PropertyValueSpecification\",\"valueRequired\":true,\"valueName\":\"search_term_string\"}}],\"inLanguage\":\"et\"},{\"@type\":\"Organization\",\"@id\":\"https:\/\/colibri-jewels.eu\/et\/#organization\",\"name\":\"O\u00dc Colibri\",\"url\":\"https:\/\/colibri-jewels.eu\/et\/\",\"logo\":{\"@type\":\"ImageObject\",\"inLanguage\":\"et\",\"@id\":\"https:\/\/colibri-jewels.eu\/et\/#\/schema\/logo\/image\/\",\"url\":\"https:\/\/dev.colibri-jewels.eu\/wp-content\/uploads\/2021\/03\/colibri.png\",\"contentUrl\":\"https:\/\/dev.colibri-jewels.eu\/wp-content\/uploads\/2021\/03\/colibri.png\",\"width\":227,\"height\":130,\"caption\":\"O\u00dc Colibri\"},\"image\":{\"@id\":\"https:\/\/colibri-jewels.eu\/et\/#\/schema\/logo\/image\/\"},\"sameAs\":[\"https:\/\/www.facebook.com\/colibri.jewels\",\"https:\/\/www.instagram.com\/colibri.jewels\",\"https:\/\/www.tiktok.com\/colibri.jewels\"]}]}<\/script>\n<!-- \/ Yoast SEO Premium plugin. -->","yoast_head_json":{"title":"Valgest kullast k\u00f5rvar\u00f5ngad hele-siniste topaaside ja teemantidega E-6708 - Colibri jewels","robots":{"index":"index","follow":"follow","max-snippet":"max-snippet:-1","max-image-preview":"max-image-preview:large","max-video-preview":"max-video-preview:-1"},"canonical":"https:\/\/colibri-jewels.eu\/et\/toode\/white-gold-earrings-with-blue-topazes-and-diamonds-e-6708\/","og_locale":"et_EE","og_type":"article","og_title":"Valgest kullast k\u00f5rvar\u00f5ngad hele-siniste topaaside ja teemantidega E-6708","og_description":"Sinised topaasid 6 tk, 1,76 ct  Teemandid 12 tk, t\u00e4isl\u00f5ikega 0,14 ct  Valge kuld 14 kt  K\u00f5rvar\u00f5nga kaal 3,35 g.","og_url":"https:\/\/colibri-jewels.eu\/et\/toode\/white-gold-earrings-with-blue-topazes-and-diamonds-e-6708\/","og_site_name":"Colibri jewels","article_publisher":"https:\/\/www.facebook.com\/colibri.jewels","article_modified_time":"2023-04-11T07:39:18+00:00","og_image":[{"width":1000,"height":1000,"url":"https:\/\/colibri-jewels.eu\/wp-content\/uploads\/2023\/04\/ET-6708web.jpg","type":"image\/jpeg"}],"twitter_card":"summary_large_image","twitter_misc":{"Est. reading time":"1 minut"},"schema":{"@context":"https:\/\/schema.org","@graph":[{"@type":"WebPage","@id":"https:\/\/colibri-jewels.eu\/et\/toode\/white-gold-earrings-with-blue-topazes-and-diamonds-e-6708\/","url":"https:\/\/colibri-jewels.eu\/et\/toode\/white-gold-earrings-with-blue-topazes-and-diamonds-e-6708\/","name":"Valgest kullast k\u00f5rvar\u00f5ngad hele-siniste topaaside ja teemantidega E-6708 - Colibri jewels","isPartOf":{"@id":"https:\/\/colibri-jewels.eu\/et\/#website"},"primaryImageOfPage":{"@id":"https:\/\/colibri-jewels.eu\/et\/toode\/white-gold-earrings-with-blue-topazes-and-diamonds-e-6708\/#primaryimage"},"image":{"@id":"https:\/\/colibri-jewels.eu\/et\/toode\/white-gold-earrings-with-blue-topazes-and-diamonds-e-6708\/#primaryimage"},"thumbnailUrl":"https:\/\/colibri-jewels.eu\/wp-content\/uploads\/2023\/04\/ET-6708web.jpg","datePublished":"2023-04-07T16:01:11+00:00","dateModified":"2023-04-11T07:39:18+00:00","breadcrumb":{"@id":"https:\/\/colibri-jewels.eu\/et\/toode\/white-gold-earrings-with-blue-topazes-and-diamonds-e-6708\/#breadcrumb"},"inLanguage":"et","potentialAction":[{"@type":"ReadAction","target":["https:\/\/colibri-jewels.eu\/et\/toode\/white-gold-earrings-with-blue-topazes-and-diamonds-e-6708\/"]}]},{"@type":"ImageObject","inLanguage":"et","@id":"https:\/\/colibri-jewels.eu\/et\/toode\/white-gold-earrings-with-blue-topazes-and-diamonds-e-6708\/#primaryimage","url":"https:\/\/colibri-jewels.eu\/wp-content\/uploads\/2023\/04\/ET-6708web.jpg","contentUrl":"https:\/\/colibri-jewels.eu\/wp-content\/uploads\/2023\/04\/ET-6708web.jpg","width":1000,"height":1000},{"@type":"BreadcrumbList","@id":"https:\/\/colibri-jewels.eu\/et\/toode\/white-gold-earrings-with-blue-topazes-and-diamonds-e-6708\/#breadcrumb","itemListElement":[{"@type":"ListItem","position":1,"name":"\u0413\u043b\u0430\u0432\u043d\u0430\u044f \u0441\u0442\u0440\u0430\u043d\u0438\u0446\u0430","item":"https:\/\/colibri-jewels.eu\/et\/"},{"@type":"ListItem","position":2,"name":"Pood","item":"https:\/\/colibri-jewels.eu\/et\/pood\/"},{"@type":"ListItem","position":3,"name":"Valgest kullast k\u00f5rvar\u00f5ngad hele-siniste topaaside ja teemantidega E-6708"}]},{"@type":"WebSite","@id":"https:\/\/colibri-jewels.eu\/et\/#website","url":"https:\/\/colibri-jewels.eu\/et\/","name":"Colibri jewels","description":"jewelry shop","publisher":{"@id":"https:\/\/colibri-jewels.eu\/et\/#organization"},"potentialAction":[{"@type":"SearchAction","target":{"@type":"EntryPoint","urlTemplate":"https:\/\/colibri-jewels.eu\/et\/?s={search_term_string}"},"query-input":{"@type":"PropertyValueSpecification","valueRequired":true,"valueName":"search_term_string"}}],"inLanguage":"et"},{"@type":"Organization","@id":"https:\/\/colibri-jewels.eu\/et\/#organization","name":"O\u00dc Colibri","url":"https:\/\/colibri-jewels.eu\/et\/","logo":{"@type":"ImageObject","inLanguage":"et","@id":"https:\/\/colibri-jewels.eu\/et\/#\/schema\/logo\/image\/","url":"https:\/\/dev.colibri-jewels.eu\/wp-content\/uploads\/2021\/03\/colibri.png","contentUrl":"https:\/\/dev.colibri-jewels.eu\/wp-content\/uploads\/2021\/03\/colibri.png","width":227,"height":130,"caption":"O\u00dc Colibri"},"image":{"@id":"https:\/\/colibri-jewels.eu\/et\/#\/schema\/logo\/image\/"},"sameAs":["https:\/\/www.facebook.com\/colibri.jewels","https:\/\/www.instagram.com\/colibri.jewels","https:\/\/www.tiktok.com\/colibri.jewels"]}]}},"_links":{"self":[{"href":"https:\/\/colibri-jewels.eu\/et\/wp-json\/wp\/v2\/product\/33749","targetHints":{"allow":["GET"]}}],"collection":[{"href":"https:\/\/colibri-jewels.eu\/et\/wp-json\/wp\/v2\/product"}],"about":[{"href":"https:\/\/colibri-jewels.eu\/et\/wp-json\/wp\/v2\/types\/product"}],"replies":[{"embeddable":true,"href":"https:\/\/colibri-jewels.eu\/et\/wp-json\/wp\/v2\/comments?post=33749"}],"version-history":[{"count":0,"href":"https:\/\/colibri-jewels.eu\/et\/wp-json\/wp\/v2\/product\/33749\/revisions"}],"wp:featuredmedia":[{"embeddable":true,"href":"https:\/\/colibri-jewels.eu\/et\/wp-json\/wp\/v2\/media\/33743"}],"wp:attachment":[{"href":"https:\/\/colibri-jewels.eu\/et\/wp-json\/wp\/v2\/media?parent=33749"}],"wp:term":[{"taxonomy":"brand","embeddable":true,"href":"https:\/\/colibri-jewels.eu\/et\/wp-json\/wp\/v2\/etheme_brands?post=33749"},{"taxonomy":"product_brand","embeddable":true,"href":"https:\/\/colibri-jewels.eu\/et\/wp-json\/wp\/v2\/product_brand?post=33749"},{"taxonomy":"product_cat","embeddable":true,"href":"https:\/\/colibri-jewels.eu\/et\/wp-json\/wp\/v2\/product_cat?post=33749"},{"taxonomy":"product_tag","embeddable":true,"href":"https:\/\/colibri-jewels.eu\/et\/wp-json\/wp\/v2\/product_tag?post=33749"}],"curies":[{"name":"wp","href":"https:\/\/api.w.org\/{rel}","templated":true}]}}