{"id":33812,"date":"2023-04-09T18:34:19","date_gmt":"2023-04-09T15:34:19","guid":{"rendered":"https:\/\/dev.colibri-jewels.eu\/product\/hobedane-kaevoru-hamsa-punasel-nooril-punase-voi-sinise-kristalliga\/"},"modified":"2024-09-02T14:12:32","modified_gmt":"2024-09-02T11:12:32","slug":"silver-bracelet-hamsa-on-a-red-cord-with-red-or-blue-crystal","status":"publish","type":"product","link":"https:\/\/colibri-jewels.eu\/et\/toode\/silver-bracelet-hamsa-on-a-red-cord-with-red-or-blue-crystal\/","title":{"rendered":"H\u00f5bedane k\u00e4ev\u00f5ru &#8220;Hamsa&#8221; punasel n\u00f6\u00f6ril punase kristalliga"},"content":{"rendered":"<p>Hamsa on peopesakujuline amulett, mis on populaarne kogu P\u00f5hja-Aafrikas ja L\u00e4his-Idas ning mida kasutatakse tavaliselt ehetes ja seinakattematerjalides. Hamsal on mitu nime: &#8220;Fatima k\u00e4si&#8221;, &#8220;Miriami k\u00e4si&#8221;, see on p\u00fcha s\u00fcmbol India kultuuris, budismis, P\u00f5hja-Ameerika indiaanlased.<sup id=\"cite_ref-Gonz\u00e1lez-Wippler1991_7-0\" class=\"reference\"><\/sup> K\u00e4si (Hamsa), eriti avatud parem k\u00e4si, on kaitsem\u00e4rk, mis esindab ka \u00f5nnistusi, j\u00f5udu ja j\u00f5udu ning mida peetakse kurja silma k\u00f5rvalekaldumiseks v\u00f5imsaks.<sup id=\"cite_ref-Sonbolp355_2-5\" class=\"reference\"><\/sup> K\u00e4si (Hamsa), eriti avatud parem k\u00e4si, on kaitsem\u00e4rk, mis esindab ka \u00f5nnistusi, j\u00f5udu ja j\u00f5udu ning mida peetakse kurja silma k\u00f5rvalekaldumiseks v\u00f5imsaks. Meil on Hamsa k\u00e4ev\u00f5rud valmistatud h\u00f5bedast, selle variandi keskel on silmas kas punased v\u00f5i sinised kristallid.<\/p>\n","protected":false},"excerpt":{"rendered":"<p>Hamsa on peopesakujuline amulett, mis on populaarne kogu P\u00f5hja-Aafrikas ja L\u00e4his-Idas ning mida kasutatakse tavaliselt ehetes ja seinakattematerjalides. Hamsal on mitu nime: &#8220;Fatima k\u00e4si&#8221;, &#8220;Miriami&#8230;<\/p>\n","protected":false},"featured_media":33788,"comment_status":"open","ping_status":"closed","template":"","meta":[],"etheme_brands":[],"product_brand":[],"product_cat":[467],"product_tag":[507],"class_list":{"0":"post-33812","1":"product","2":"type-product","3":"status-publish","4":"has-post-thumbnail","6":"product_cat-kaevoru","7":"product_tag-allahindlus","9":"first","10":"outofstock","11":"sale","12":"shipping-taxable","13":"purchasable","14":"product-type-simple"},"acf":[],"yoast_head":"<!-- This site is optimized with the Yoast SEO Premium plugin v26.5 (Yoast SEO v26.8) - https:\/\/yoast.com\/product\/yoast-seo-premium-wordpress\/ -->\n<title>H\u00f5bedane k\u00e4ev\u00f5ru &quot;Hamsa&quot; punasel n\u00f6\u00f6ril punase kristalliga - Colibri jewels<\/title>\n<meta name=\"robots\" content=\"index, follow, max-snippet:-1, max-image-preview:large, max-video-preview:-1\" \/>\n<link rel=\"canonical\" href=\"https:\/\/colibri-jewels.eu\/et\/toode\/silver-bracelet-hamsa-on-a-red-cord-with-red-or-blue-crystal\/\" \/>\n<meta property=\"og:locale\" content=\"et_EE\" \/>\n<meta property=\"og:type\" content=\"article\" \/>\n<meta property=\"og:title\" content=\"H\u00f5bedane k\u00e4ev\u00f5ru &quot;Hamsa&quot; punasel n\u00f6\u00f6ril punase kristalliga\" \/>\n<meta property=\"og:description\" content=\"Hamsa on peopesakujuline amulett, mis on populaarne kogu P\u00f5hja-Aafrikas ja L\u00e4his-Idas ning mida kasutatakse tavaliselt ehetes ja seinakattematerjalides. Hamsal on mitu nime: &#8220;Fatima k\u00e4si&#8221;, &#8220;Miriami...\" \/>\n<meta property=\"og:url\" content=\"https:\/\/colibri-jewels.eu\/et\/toode\/silver-bracelet-hamsa-on-a-red-cord-with-red-or-blue-crystal\/\" \/>\n<meta property=\"og:site_name\" content=\"Colibri jewels\" \/>\n<meta property=\"article:publisher\" content=\"https:\/\/www.facebook.com\/colibri.jewels\" \/>\n<meta property=\"article:modified_time\" content=\"2024-09-02T11:12:32+00:00\" \/>\n<meta property=\"og:image\" content=\"https:\/\/colibri-jewels.eu\/wp-content\/uploads\/2023\/04\/Hamsa_red.jpg\" \/>\n\t<meta property=\"og:image:width\" content=\"1000\" \/>\n\t<meta property=\"og:image:height\" content=\"1000\" \/>\n\t<meta property=\"og:image:type\" content=\"image\/jpeg\" \/>\n<meta name=\"twitter:card\" content=\"summary_large_image\" \/>\n<meta name=\"twitter:label1\" content=\"Est. reading time\" \/>\n\t<meta name=\"twitter:data1\" content=\"1 minut\" \/>\n<script type=\"application\/ld+json\" class=\"yoast-schema-graph\">{\"@context\":\"https:\/\/schema.org\",\"@graph\":[{\"@type\":\"WebPage\",\"@id\":\"https:\/\/colibri-jewels.eu\/et\/toode\/silver-bracelet-hamsa-on-a-red-cord-with-red-or-blue-crystal\/\",\"url\":\"https:\/\/colibri-jewels.eu\/et\/toode\/silver-bracelet-hamsa-on-a-red-cord-with-red-or-blue-crystal\/\",\"name\":\"H\u00f5bedane k\u00e4ev\u00f5ru \\\"Hamsa\\\" punasel n\u00f6\u00f6ril punase kristalliga - Colibri jewels\",\"isPartOf\":{\"@id\":\"https:\/\/colibri-jewels.eu\/et\/#website\"},\"primaryImageOfPage\":{\"@id\":\"https:\/\/colibri-jewels.eu\/et\/toode\/silver-bracelet-hamsa-on-a-red-cord-with-red-or-blue-crystal\/#primaryimage\"},\"image\":{\"@id\":\"https:\/\/colibri-jewels.eu\/et\/toode\/silver-bracelet-hamsa-on-a-red-cord-with-red-or-blue-crystal\/#primaryimage\"},\"thumbnailUrl\":\"https:\/\/colibri-jewels.eu\/wp-content\/uploads\/2023\/04\/Hamsa_red.jpg\",\"datePublished\":\"2023-04-09T15:34:19+00:00\",\"dateModified\":\"2024-09-02T11:12:32+00:00\",\"breadcrumb\":{\"@id\":\"https:\/\/colibri-jewels.eu\/et\/toode\/silver-bracelet-hamsa-on-a-red-cord-with-red-or-blue-crystal\/#breadcrumb\"},\"inLanguage\":\"et\",\"potentialAction\":[{\"@type\":\"ReadAction\",\"target\":[\"https:\/\/colibri-jewels.eu\/et\/toode\/silver-bracelet-hamsa-on-a-red-cord-with-red-or-blue-crystal\/\"]}]},{\"@type\":\"ImageObject\",\"inLanguage\":\"et\",\"@id\":\"https:\/\/colibri-jewels.eu\/et\/toode\/silver-bracelet-hamsa-on-a-red-cord-with-red-or-blue-crystal\/#primaryimage\",\"url\":\"https:\/\/colibri-jewels.eu\/wp-content\/uploads\/2023\/04\/Hamsa_red.jpg\",\"contentUrl\":\"https:\/\/colibri-jewels.eu\/wp-content\/uploads\/2023\/04\/Hamsa_red.jpg\",\"width\":1000,\"height\":1000},{\"@type\":\"BreadcrumbList\",\"@id\":\"https:\/\/colibri-jewels.eu\/et\/toode\/silver-bracelet-hamsa-on-a-red-cord-with-red-or-blue-crystal\/#breadcrumb\",\"itemListElement\":[{\"@type\":\"ListItem\",\"position\":1,\"name\":\"\u0413\u043b\u0430\u0432\u043d\u0430\u044f \u0441\u0442\u0440\u0430\u043d\u0438\u0446\u0430\",\"item\":\"https:\/\/colibri-jewels.eu\/et\/\"},{\"@type\":\"ListItem\",\"position\":2,\"name\":\"Pood\",\"item\":\"https:\/\/colibri-jewels.eu\/et\/pood\/\"},{\"@type\":\"ListItem\",\"position\":3,\"name\":\"H\u00f5bedane k\u00e4ev\u00f5ru &#8220;Hamsa&#8221; punasel n\u00f6\u00f6ril punase kristalliga\"}]},{\"@type\":\"WebSite\",\"@id\":\"https:\/\/colibri-jewels.eu\/et\/#website\",\"url\":\"https:\/\/colibri-jewels.eu\/et\/\",\"name\":\"Colibri jewels\",\"description\":\"jewelry shop\",\"publisher\":{\"@id\":\"https:\/\/colibri-jewels.eu\/et\/#organization\"},\"potentialAction\":[{\"@type\":\"SearchAction\",\"target\":{\"@type\":\"EntryPoint\",\"urlTemplate\":\"https:\/\/colibri-jewels.eu\/et\/?s={search_term_string}\"},\"query-input\":{\"@type\":\"PropertyValueSpecification\",\"valueRequired\":true,\"valueName\":\"search_term_string\"}}],\"inLanguage\":\"et\"},{\"@type\":\"Organization\",\"@id\":\"https:\/\/colibri-jewels.eu\/et\/#organization\",\"name\":\"O\u00dc Colibri\",\"url\":\"https:\/\/colibri-jewels.eu\/et\/\",\"logo\":{\"@type\":\"ImageObject\",\"inLanguage\":\"et\",\"@id\":\"https:\/\/colibri-jewels.eu\/et\/#\/schema\/logo\/image\/\",\"url\":\"https:\/\/dev.colibri-jewels.eu\/wp-content\/uploads\/2021\/03\/colibri.png\",\"contentUrl\":\"https:\/\/dev.colibri-jewels.eu\/wp-content\/uploads\/2021\/03\/colibri.png\",\"width\":227,\"height\":130,\"caption\":\"O\u00dc Colibri\"},\"image\":{\"@id\":\"https:\/\/colibri-jewels.eu\/et\/#\/schema\/logo\/image\/\"},\"sameAs\":[\"https:\/\/www.facebook.com\/colibri.jewels\",\"https:\/\/www.instagram.com\/colibri.jewels\",\"https:\/\/www.tiktok.com\/colibri.jewels\"]}]}<\/script>\n<!-- \/ Yoast SEO Premium plugin. -->","yoast_head_json":{"title":"H\u00f5bedane k\u00e4ev\u00f5ru \"Hamsa\" punasel n\u00f6\u00f6ril punase kristalliga - Colibri jewels","robots":{"index":"index","follow":"follow","max-snippet":"max-snippet:-1","max-image-preview":"max-image-preview:large","max-video-preview":"max-video-preview:-1"},"canonical":"https:\/\/colibri-jewels.eu\/et\/toode\/silver-bracelet-hamsa-on-a-red-cord-with-red-or-blue-crystal\/","og_locale":"et_EE","og_type":"article","og_title":"H\u00f5bedane k\u00e4ev\u00f5ru \"Hamsa\" punasel n\u00f6\u00f6ril punase kristalliga","og_description":"Hamsa on peopesakujuline amulett, mis on populaarne kogu P\u00f5hja-Aafrikas ja L\u00e4his-Idas ning mida kasutatakse tavaliselt ehetes ja seinakattematerjalides. Hamsal on mitu nime: &#8220;Fatima k\u00e4si&#8221;, &#8220;Miriami...","og_url":"https:\/\/colibri-jewels.eu\/et\/toode\/silver-bracelet-hamsa-on-a-red-cord-with-red-or-blue-crystal\/","og_site_name":"Colibri jewels","article_publisher":"https:\/\/www.facebook.com\/colibri.jewels","article_modified_time":"2024-09-02T11:12:32+00:00","og_image":[{"width":1000,"height":1000,"url":"https:\/\/colibri-jewels.eu\/wp-content\/uploads\/2023\/04\/Hamsa_red.jpg","type":"image\/jpeg"}],"twitter_card":"summary_large_image","twitter_misc":{"Est. reading time":"1 minut"},"schema":{"@context":"https:\/\/schema.org","@graph":[{"@type":"WebPage","@id":"https:\/\/colibri-jewels.eu\/et\/toode\/silver-bracelet-hamsa-on-a-red-cord-with-red-or-blue-crystal\/","url":"https:\/\/colibri-jewels.eu\/et\/toode\/silver-bracelet-hamsa-on-a-red-cord-with-red-or-blue-crystal\/","name":"H\u00f5bedane k\u00e4ev\u00f5ru \"Hamsa\" punasel n\u00f6\u00f6ril punase kristalliga - Colibri jewels","isPartOf":{"@id":"https:\/\/colibri-jewels.eu\/et\/#website"},"primaryImageOfPage":{"@id":"https:\/\/colibri-jewels.eu\/et\/toode\/silver-bracelet-hamsa-on-a-red-cord-with-red-or-blue-crystal\/#primaryimage"},"image":{"@id":"https:\/\/colibri-jewels.eu\/et\/toode\/silver-bracelet-hamsa-on-a-red-cord-with-red-or-blue-crystal\/#primaryimage"},"thumbnailUrl":"https:\/\/colibri-jewels.eu\/wp-content\/uploads\/2023\/04\/Hamsa_red.jpg","datePublished":"2023-04-09T15:34:19+00:00","dateModified":"2024-09-02T11:12:32+00:00","breadcrumb":{"@id":"https:\/\/colibri-jewels.eu\/et\/toode\/silver-bracelet-hamsa-on-a-red-cord-with-red-or-blue-crystal\/#breadcrumb"},"inLanguage":"et","potentialAction":[{"@type":"ReadAction","target":["https:\/\/colibri-jewels.eu\/et\/toode\/silver-bracelet-hamsa-on-a-red-cord-with-red-or-blue-crystal\/"]}]},{"@type":"ImageObject","inLanguage":"et","@id":"https:\/\/colibri-jewels.eu\/et\/toode\/silver-bracelet-hamsa-on-a-red-cord-with-red-or-blue-crystal\/#primaryimage","url":"https:\/\/colibri-jewels.eu\/wp-content\/uploads\/2023\/04\/Hamsa_red.jpg","contentUrl":"https:\/\/colibri-jewels.eu\/wp-content\/uploads\/2023\/04\/Hamsa_red.jpg","width":1000,"height":1000},{"@type":"BreadcrumbList","@id":"https:\/\/colibri-jewels.eu\/et\/toode\/silver-bracelet-hamsa-on-a-red-cord-with-red-or-blue-crystal\/#breadcrumb","itemListElement":[{"@type":"ListItem","position":1,"name":"\u0413\u043b\u0430\u0432\u043d\u0430\u044f \u0441\u0442\u0440\u0430\u043d\u0438\u0446\u0430","item":"https:\/\/colibri-jewels.eu\/et\/"},{"@type":"ListItem","position":2,"name":"Pood","item":"https:\/\/colibri-jewels.eu\/et\/pood\/"},{"@type":"ListItem","position":3,"name":"H\u00f5bedane k\u00e4ev\u00f5ru &#8220;Hamsa&#8221; punasel n\u00f6\u00f6ril punase kristalliga"}]},{"@type":"WebSite","@id":"https:\/\/colibri-jewels.eu\/et\/#website","url":"https:\/\/colibri-jewels.eu\/et\/","name":"Colibri jewels","description":"jewelry shop","publisher":{"@id":"https:\/\/colibri-jewels.eu\/et\/#organization"},"potentialAction":[{"@type":"SearchAction","target":{"@type":"EntryPoint","urlTemplate":"https:\/\/colibri-jewels.eu\/et\/?s={search_term_string}"},"query-input":{"@type":"PropertyValueSpecification","valueRequired":true,"valueName":"search_term_string"}}],"inLanguage":"et"},{"@type":"Organization","@id":"https:\/\/colibri-jewels.eu\/et\/#organization","name":"O\u00dc Colibri","url":"https:\/\/colibri-jewels.eu\/et\/","logo":{"@type":"ImageObject","inLanguage":"et","@id":"https:\/\/colibri-jewels.eu\/et\/#\/schema\/logo\/image\/","url":"https:\/\/dev.colibri-jewels.eu\/wp-content\/uploads\/2021\/03\/colibri.png","contentUrl":"https:\/\/dev.colibri-jewels.eu\/wp-content\/uploads\/2021\/03\/colibri.png","width":227,"height":130,"caption":"O\u00dc Colibri"},"image":{"@id":"https:\/\/colibri-jewels.eu\/et\/#\/schema\/logo\/image\/"},"sameAs":["https:\/\/www.facebook.com\/colibri.jewels","https:\/\/www.instagram.com\/colibri.jewels","https:\/\/www.tiktok.com\/colibri.jewels"]}]}},"_links":{"self":[{"href":"https:\/\/colibri-jewels.eu\/et\/wp-json\/wp\/v2\/product\/33812","targetHints":{"allow":["GET"]}}],"collection":[{"href":"https:\/\/colibri-jewels.eu\/et\/wp-json\/wp\/v2\/product"}],"about":[{"href":"https:\/\/colibri-jewels.eu\/et\/wp-json\/wp\/v2\/types\/product"}],"replies":[{"embeddable":true,"href":"https:\/\/colibri-jewels.eu\/et\/wp-json\/wp\/v2\/comments?post=33812"}],"version-history":[{"count":0,"href":"https:\/\/colibri-jewels.eu\/et\/wp-json\/wp\/v2\/product\/33812\/revisions"}],"wp:featuredmedia":[{"embeddable":true,"href":"https:\/\/colibri-jewels.eu\/et\/wp-json\/wp\/v2\/media\/33788"}],"wp:attachment":[{"href":"https:\/\/colibri-jewels.eu\/et\/wp-json\/wp\/v2\/media?parent=33812"}],"wp:term":[{"taxonomy":"brand","embeddable":true,"href":"https:\/\/colibri-jewels.eu\/et\/wp-json\/wp\/v2\/etheme_brands?post=33812"},{"taxonomy":"product_brand","embeddable":true,"href":"https:\/\/colibri-jewels.eu\/et\/wp-json\/wp\/v2\/product_brand?post=33812"},{"taxonomy":"product_cat","embeddable":true,"href":"https:\/\/colibri-jewels.eu\/et\/wp-json\/wp\/v2\/product_cat?post=33812"},{"taxonomy":"product_tag","embeddable":true,"href":"https:\/\/colibri-jewels.eu\/et\/wp-json\/wp\/v2\/product_tag?post=33812"}],"curies":[{"name":"wp","href":"https:\/\/api.w.org\/{rel}","templated":true}]}}