{"id":34006,"date":"2023-04-30T14:08:28","date_gmt":"2023-04-30T11:08:28","guid":{"rendered":"https:\/\/dev.colibri-jewels.eu\/product\/eksklusiivne-hobeemailist-ripats-hobedane-hirv-p-00514\/"},"modified":"2023-04-30T14:08:28","modified_gmt":"2023-04-30T11:08:28","slug":"exclusive-silver-enamel-pendant-silver-reindeer-p-00514","status":"publish","type":"product","link":"https:\/\/colibri-jewels.eu\/et\/toode\/exclusive-silver-enamel-pendant-silver-reindeer-p-00514\/","title":{"rendered":"Eksklusiivne h\u00f5beemailist ripats &#8220;H\u00f5bedane Hirv&#8221; P-00514"},"content":{"rendered":"<p>Kunagi oli legend, mis p\u00e4rines Uurali muinasjuttudest. See jutustas tohututest aaretest, mis metsades peidus olid ja ainult \u00fcks h\u00f5bedase s\u00f5raga hirv v\u00f5is n\u00e4idata, kus see oli. Ja kui \u00fcks vaene perekond peitis end nendes metsades kurikaelte eest, j\u00e4id nad v\u00e4ikesesse onni s\u00fcgavale metsa sisse ja \u00f6\u00f6sel tuli Hirv. Ja hakkas oma h\u00f5bedase kabjaga maad peksma ja kalliskivid lendasid tema kabja alt laiali&#8230; Vaene pere t\u00f5i oma aarded turule, n\u00e4itas k\u00f5igile, jutustades oma lugu. Kurakad ei uskunud neid ja viskasid nad vanglasse, \u00f6eldes k\u00f5igile, et see perekond r\u00f6\u00f6vis nad, et nad on varastanud nende kalliskive. Perekond m\u00f5isteti hukkamisele ja hukkamine pidi toimuma hommikul&#8230;<\/p>\n<p>P\u00e4ikeseloojangul, kui k\u00f5ik linnarahvas tulid hukkamisele, n\u00e4gi \u00fcks poiss katustel hirve. Hirvel oli s\u00e4rav h\u00f5bedane kabja&#8230; Ja see hakkas oma kabjaga katust peksma ja kosest veeres alla palju s\u00e4ravaid s\u00e4delevaid v\u00e4\u00e4riskive ning k\u00f5ik said aru, see pere ei valetanud. K\u00f5ik tormasid kristalle korjama ja Hirv peksis ja peksis kabjaga&#8230; Kurikad ei saanud sellega midagi peale hakata ja nad aeti linnast v\u00e4lja. P\u00e4rast seda pole keegi seda hirve n\u00e4inud, kuid legend m\u00e4letas k\u00f5iki.<\/p>\n<p>&nbsp;<\/p>\n<p>See oli \u00fcks mu lapsep\u00f5lve lemmikmuinasjutte. Ja ma tahtsin selle h\u00f5bedase kabjaga hirve kohta teha ripatsi&#8230; Pere p\u00e4\u00e4stmiseks v\u00e4\u00e4riskivide v\u00e4lja l\u00f6\u00f6dud&#8230; Tegime selle emaili taustaga, mis s\u00fcmboliseerib heledat Kuud.<\/p>\n<p>Ripats on emaili t\u00f5ttu \u00fcsna raske, selle kaal on 15,99 g.<\/p>\n<p>&nbsp;<\/p>\n","protected":false},"excerpt":{"rendered":"<p>Kunagi oli legend, mis p\u00e4rines Uurali muinasjuttudest. See jutustas tohututest aaretest, mis metsades peidus olid ja ainult \u00fcks h\u00f5bedase s\u00f5raga hirv v\u00f5is n\u00e4idata, kus see&#8230;<\/p>\n","protected":false},"featured_media":34053,"comment_status":"open","ping_status":"closed","template":"","meta":[],"etheme_brands":[],"product_brand":[],"product_cat":[470],"product_tag":[507,503,499],"class_list":{"0":"post-34006","1":"product","2":"type-product","3":"status-publish","4":"has-post-thumbnail","6":"product_cat-kaelakeed-ja-ripatsid","7":"product_tag-allahindlus","8":"product_tag-loomalik","9":"product_tag-romantiline","11":"first","12":"instock","13":"sale","14":"shipping-taxable","15":"purchasable","16":"product-type-simple"},"acf":[],"yoast_head":"<!-- This site is optimized with the Yoast SEO Premium plugin v26.5 (Yoast SEO v26.8) - https:\/\/yoast.com\/product\/yoast-seo-premium-wordpress\/ -->\n<title>Eksklusiivne h\u00f5beemailist ripats &quot;H\u00f5bedane Hirv&quot; P-00514 - Colibri jewels<\/title>\n<meta name=\"robots\" content=\"index, follow, max-snippet:-1, max-image-preview:large, max-video-preview:-1\" \/>\n<link rel=\"canonical\" href=\"https:\/\/colibri-jewels.eu\/et\/toode\/exclusive-silver-enamel-pendant-silver-reindeer-p-00514\/\" \/>\n<meta property=\"og:locale\" content=\"et_EE\" \/>\n<meta property=\"og:type\" content=\"article\" \/>\n<meta property=\"og:title\" content=\"Eksklusiivne h\u00f5beemailist ripats &quot;H\u00f5bedane Hirv&quot; P-00514\" \/>\n<meta property=\"og:description\" content=\"Kunagi oli legend, mis p\u00e4rines Uurali muinasjuttudest. See jutustas tohututest aaretest, mis metsades peidus olid ja ainult \u00fcks h\u00f5bedase s\u00f5raga hirv v\u00f5is n\u00e4idata, kus see...\" \/>\n<meta property=\"og:url\" content=\"https:\/\/colibri-jewels.eu\/et\/toode\/exclusive-silver-enamel-pendant-silver-reindeer-p-00514\/\" \/>\n<meta property=\"og:site_name\" content=\"Colibri jewels\" \/>\n<meta property=\"article:publisher\" content=\"https:\/\/www.facebook.com\/colibri.jewels\" \/>\n<meta property=\"og:image\" content=\"https:\/\/colibri-jewels.eu\/wp-content\/uploads\/2023\/04\/PCzEnam-00514web.jpg\" \/>\n\t<meta property=\"og:image:width\" content=\"1000\" \/>\n\t<meta property=\"og:image:height\" content=\"1000\" \/>\n\t<meta property=\"og:image:type\" content=\"image\/jpeg\" \/>\n<meta name=\"twitter:card\" content=\"summary_large_image\" \/>\n<meta name=\"twitter:label1\" content=\"Est. reading time\" \/>\n\t<meta name=\"twitter:data1\" content=\"1 minut\" \/>\n<script type=\"application\/ld+json\" class=\"yoast-schema-graph\">{\"@context\":\"https:\/\/schema.org\",\"@graph\":[{\"@type\":\"WebPage\",\"@id\":\"https:\/\/colibri-jewels.eu\/et\/toode\/exclusive-silver-enamel-pendant-silver-reindeer-p-00514\/\",\"url\":\"https:\/\/colibri-jewels.eu\/et\/toode\/exclusive-silver-enamel-pendant-silver-reindeer-p-00514\/\",\"name\":\"Eksklusiivne h\u00f5beemailist ripats \\\"H\u00f5bedane Hirv\\\" P-00514 - Colibri jewels\",\"isPartOf\":{\"@id\":\"https:\/\/colibri-jewels.eu\/et\/#website\"},\"primaryImageOfPage\":{\"@id\":\"https:\/\/colibri-jewels.eu\/et\/toode\/exclusive-silver-enamel-pendant-silver-reindeer-p-00514\/#primaryimage\"},\"image\":{\"@id\":\"https:\/\/colibri-jewels.eu\/et\/toode\/exclusive-silver-enamel-pendant-silver-reindeer-p-00514\/#primaryimage\"},\"thumbnailUrl\":\"https:\/\/colibri-jewels.eu\/wp-content\/uploads\/2023\/04\/PCzEnam-00514web.jpg\",\"datePublished\":\"2023-04-30T11:08:28+00:00\",\"breadcrumb\":{\"@id\":\"https:\/\/colibri-jewels.eu\/et\/toode\/exclusive-silver-enamel-pendant-silver-reindeer-p-00514\/#breadcrumb\"},\"inLanguage\":\"et\",\"potentialAction\":[{\"@type\":\"ReadAction\",\"target\":[\"https:\/\/colibri-jewels.eu\/et\/toode\/exclusive-silver-enamel-pendant-silver-reindeer-p-00514\/\"]}]},{\"@type\":\"ImageObject\",\"inLanguage\":\"et\",\"@id\":\"https:\/\/colibri-jewels.eu\/et\/toode\/exclusive-silver-enamel-pendant-silver-reindeer-p-00514\/#primaryimage\",\"url\":\"https:\/\/colibri-jewels.eu\/wp-content\/uploads\/2023\/04\/PCzEnam-00514web.jpg\",\"contentUrl\":\"https:\/\/colibri-jewels.eu\/wp-content\/uploads\/2023\/04\/PCzEnam-00514web.jpg\",\"width\":1000,\"height\":1000},{\"@type\":\"BreadcrumbList\",\"@id\":\"https:\/\/colibri-jewels.eu\/et\/toode\/exclusive-silver-enamel-pendant-silver-reindeer-p-00514\/#breadcrumb\",\"itemListElement\":[{\"@type\":\"ListItem\",\"position\":1,\"name\":\"\u0413\u043b\u0430\u0432\u043d\u0430\u044f \u0441\u0442\u0440\u0430\u043d\u0438\u0446\u0430\",\"item\":\"https:\/\/colibri-jewels.eu\/et\/\"},{\"@type\":\"ListItem\",\"position\":2,\"name\":\"Pood\",\"item\":\"https:\/\/colibri-jewels.eu\/et\/pood\/\"},{\"@type\":\"ListItem\",\"position\":3,\"name\":\"Eksklusiivne h\u00f5beemailist ripats &#8220;H\u00f5bedane Hirv&#8221; P-00514\"}]},{\"@type\":\"WebSite\",\"@id\":\"https:\/\/colibri-jewels.eu\/et\/#website\",\"url\":\"https:\/\/colibri-jewels.eu\/et\/\",\"name\":\"Colibri jewels\",\"description\":\"jewelry shop\",\"publisher\":{\"@id\":\"https:\/\/colibri-jewels.eu\/et\/#organization\"},\"potentialAction\":[{\"@type\":\"SearchAction\",\"target\":{\"@type\":\"EntryPoint\",\"urlTemplate\":\"https:\/\/colibri-jewels.eu\/et\/?s={search_term_string}\"},\"query-input\":{\"@type\":\"PropertyValueSpecification\",\"valueRequired\":true,\"valueName\":\"search_term_string\"}}],\"inLanguage\":\"et\"},{\"@type\":\"Organization\",\"@id\":\"https:\/\/colibri-jewels.eu\/et\/#organization\",\"name\":\"O\u00dc Colibri\",\"url\":\"https:\/\/colibri-jewels.eu\/et\/\",\"logo\":{\"@type\":\"ImageObject\",\"inLanguage\":\"et\",\"@id\":\"https:\/\/colibri-jewels.eu\/et\/#\/schema\/logo\/image\/\",\"url\":\"https:\/\/dev.colibri-jewels.eu\/wp-content\/uploads\/2021\/03\/colibri.png\",\"contentUrl\":\"https:\/\/dev.colibri-jewels.eu\/wp-content\/uploads\/2021\/03\/colibri.png\",\"width\":227,\"height\":130,\"caption\":\"O\u00dc Colibri\"},\"image\":{\"@id\":\"https:\/\/colibri-jewels.eu\/et\/#\/schema\/logo\/image\/\"},\"sameAs\":[\"https:\/\/www.facebook.com\/colibri.jewels\",\"https:\/\/www.instagram.com\/colibri.jewels\",\"https:\/\/www.tiktok.com\/colibri.jewels\"]}]}<\/script>\n<!-- \/ Yoast SEO Premium plugin. -->","yoast_head_json":{"title":"Eksklusiivne h\u00f5beemailist ripats \"H\u00f5bedane Hirv\" P-00514 - Colibri jewels","robots":{"index":"index","follow":"follow","max-snippet":"max-snippet:-1","max-image-preview":"max-image-preview:large","max-video-preview":"max-video-preview:-1"},"canonical":"https:\/\/colibri-jewels.eu\/et\/toode\/exclusive-silver-enamel-pendant-silver-reindeer-p-00514\/","og_locale":"et_EE","og_type":"article","og_title":"Eksklusiivne h\u00f5beemailist ripats \"H\u00f5bedane Hirv\" P-00514","og_description":"Kunagi oli legend, mis p\u00e4rines Uurali muinasjuttudest. See jutustas tohututest aaretest, mis metsades peidus olid ja ainult \u00fcks h\u00f5bedase s\u00f5raga hirv v\u00f5is n\u00e4idata, kus see...","og_url":"https:\/\/colibri-jewels.eu\/et\/toode\/exclusive-silver-enamel-pendant-silver-reindeer-p-00514\/","og_site_name":"Colibri jewels","article_publisher":"https:\/\/www.facebook.com\/colibri.jewels","og_image":[{"width":1000,"height":1000,"url":"https:\/\/colibri-jewels.eu\/wp-content\/uploads\/2023\/04\/PCzEnam-00514web.jpg","type":"image\/jpeg"}],"twitter_card":"summary_large_image","twitter_misc":{"Est. reading time":"1 minut"},"schema":{"@context":"https:\/\/schema.org","@graph":[{"@type":"WebPage","@id":"https:\/\/colibri-jewels.eu\/et\/toode\/exclusive-silver-enamel-pendant-silver-reindeer-p-00514\/","url":"https:\/\/colibri-jewels.eu\/et\/toode\/exclusive-silver-enamel-pendant-silver-reindeer-p-00514\/","name":"Eksklusiivne h\u00f5beemailist ripats \"H\u00f5bedane Hirv\" P-00514 - Colibri jewels","isPartOf":{"@id":"https:\/\/colibri-jewels.eu\/et\/#website"},"primaryImageOfPage":{"@id":"https:\/\/colibri-jewels.eu\/et\/toode\/exclusive-silver-enamel-pendant-silver-reindeer-p-00514\/#primaryimage"},"image":{"@id":"https:\/\/colibri-jewels.eu\/et\/toode\/exclusive-silver-enamel-pendant-silver-reindeer-p-00514\/#primaryimage"},"thumbnailUrl":"https:\/\/colibri-jewels.eu\/wp-content\/uploads\/2023\/04\/PCzEnam-00514web.jpg","datePublished":"2023-04-30T11:08:28+00:00","breadcrumb":{"@id":"https:\/\/colibri-jewels.eu\/et\/toode\/exclusive-silver-enamel-pendant-silver-reindeer-p-00514\/#breadcrumb"},"inLanguage":"et","potentialAction":[{"@type":"ReadAction","target":["https:\/\/colibri-jewels.eu\/et\/toode\/exclusive-silver-enamel-pendant-silver-reindeer-p-00514\/"]}]},{"@type":"ImageObject","inLanguage":"et","@id":"https:\/\/colibri-jewels.eu\/et\/toode\/exclusive-silver-enamel-pendant-silver-reindeer-p-00514\/#primaryimage","url":"https:\/\/colibri-jewels.eu\/wp-content\/uploads\/2023\/04\/PCzEnam-00514web.jpg","contentUrl":"https:\/\/colibri-jewels.eu\/wp-content\/uploads\/2023\/04\/PCzEnam-00514web.jpg","width":1000,"height":1000},{"@type":"BreadcrumbList","@id":"https:\/\/colibri-jewels.eu\/et\/toode\/exclusive-silver-enamel-pendant-silver-reindeer-p-00514\/#breadcrumb","itemListElement":[{"@type":"ListItem","position":1,"name":"\u0413\u043b\u0430\u0432\u043d\u0430\u044f \u0441\u0442\u0440\u0430\u043d\u0438\u0446\u0430","item":"https:\/\/colibri-jewels.eu\/et\/"},{"@type":"ListItem","position":2,"name":"Pood","item":"https:\/\/colibri-jewels.eu\/et\/pood\/"},{"@type":"ListItem","position":3,"name":"Eksklusiivne h\u00f5beemailist ripats &#8220;H\u00f5bedane Hirv&#8221; P-00514"}]},{"@type":"WebSite","@id":"https:\/\/colibri-jewels.eu\/et\/#website","url":"https:\/\/colibri-jewels.eu\/et\/","name":"Colibri jewels","description":"jewelry shop","publisher":{"@id":"https:\/\/colibri-jewels.eu\/et\/#organization"},"potentialAction":[{"@type":"SearchAction","target":{"@type":"EntryPoint","urlTemplate":"https:\/\/colibri-jewels.eu\/et\/?s={search_term_string}"},"query-input":{"@type":"PropertyValueSpecification","valueRequired":true,"valueName":"search_term_string"}}],"inLanguage":"et"},{"@type":"Organization","@id":"https:\/\/colibri-jewels.eu\/et\/#organization","name":"O\u00dc Colibri","url":"https:\/\/colibri-jewels.eu\/et\/","logo":{"@type":"ImageObject","inLanguage":"et","@id":"https:\/\/colibri-jewels.eu\/et\/#\/schema\/logo\/image\/","url":"https:\/\/dev.colibri-jewels.eu\/wp-content\/uploads\/2021\/03\/colibri.png","contentUrl":"https:\/\/dev.colibri-jewels.eu\/wp-content\/uploads\/2021\/03\/colibri.png","width":227,"height":130,"caption":"O\u00dc Colibri"},"image":{"@id":"https:\/\/colibri-jewels.eu\/et\/#\/schema\/logo\/image\/"},"sameAs":["https:\/\/www.facebook.com\/colibri.jewels","https:\/\/www.instagram.com\/colibri.jewels","https:\/\/www.tiktok.com\/colibri.jewels"]}]}},"_links":{"self":[{"href":"https:\/\/colibri-jewels.eu\/et\/wp-json\/wp\/v2\/product\/34006","targetHints":{"allow":["GET"]}}],"collection":[{"href":"https:\/\/colibri-jewels.eu\/et\/wp-json\/wp\/v2\/product"}],"about":[{"href":"https:\/\/colibri-jewels.eu\/et\/wp-json\/wp\/v2\/types\/product"}],"replies":[{"embeddable":true,"href":"https:\/\/colibri-jewels.eu\/et\/wp-json\/wp\/v2\/comments?post=34006"}],"version-history":[{"count":0,"href":"https:\/\/colibri-jewels.eu\/et\/wp-json\/wp\/v2\/product\/34006\/revisions"}],"wp:featuredmedia":[{"embeddable":true,"href":"https:\/\/colibri-jewels.eu\/et\/wp-json\/wp\/v2\/media\/34053"}],"wp:attachment":[{"href":"https:\/\/colibri-jewels.eu\/et\/wp-json\/wp\/v2\/media?parent=34006"}],"wp:term":[{"taxonomy":"brand","embeddable":true,"href":"https:\/\/colibri-jewels.eu\/et\/wp-json\/wp\/v2\/etheme_brands?post=34006"},{"taxonomy":"product_brand","embeddable":true,"href":"https:\/\/colibri-jewels.eu\/et\/wp-json\/wp\/v2\/product_brand?post=34006"},{"taxonomy":"product_cat","embeddable":true,"href":"https:\/\/colibri-jewels.eu\/et\/wp-json\/wp\/v2\/product_cat?post=34006"},{"taxonomy":"product_tag","embeddable":true,"href":"https:\/\/colibri-jewels.eu\/et\/wp-json\/wp\/v2\/product_tag?post=34006"}],"curies":[{"name":"wp","href":"https:\/\/api.w.org\/{rel}","templated":true}]}}