{"id":34114,"date":"2023-05-06T10:12:09","date_gmt":"2023-05-06T07:12:09","guid":{"rendered":"https:\/\/dev.colibri-jewels.eu\/product\/kasitsi-valmistatud-hiilgavad-voluruunid-kuumast-filigraansest-emailist\/"},"modified":"2023-07-21T23:22:14","modified_gmt":"2023-07-21T20:22:14","slug":"glorious-magic-runes-in-hot-filigree-enamel-hand-made","status":"publish","type":"product","link":"https:\/\/colibri-jewels.eu\/et\/toode\/glorious-magic-runes-in-hot-filigree-enamel-hand-made\/","title":{"rendered":"K\u00e4sitsi valmistatud hiilgavad v\u00f5luruunid kuumast filigraansest emailist"},"content":{"rendered":"<p>Kas otsite ainulaadset ja pilkup\u00fc\u00fcdvat aksessuaari, mis kindlasti p\u00f6\u00f6rab t\u00e4helepanu? Meie eksklusiivsed h\u00f5bedased ruunikujulised ripatsid on ideaalne valik. Iga ripats on valmistatud k\u00e4sit\u00f6\u00f6na, kasutades iidset kuuma filigraanse emaili ehtetehnikat. Iga ripats on t\u00f5eline kunstiteos.<\/p>\n<p>Kuum filigraanne email on v\u00e4ga spetsialiseerunud tehnika, mis h\u00f5lmab k\u00f5ige \u00f5hema h\u00f5betraadi sulatamist metalliga hoolsas protsessis ja p\u00e4rast erinevate v\u00e4rvide emaili pealekandmist. See tehnika on eriti keeruline k\u00f5rgete temperatuuride ja keerukate kujunduste loomiseks vajaliku t\u00e4psuse t\u00f5ttu. See v\u00f5tab palju aega ja kannatust, et luua ainulaadseid t\u00fckke, mis on \u00fchtaegu ilusad ja vastupidavad.<\/p>\n<p>Meie h\u00f5bedased ruuniripatsid on eriti erilised, kuna need sisaldavad iidseid s\u00fcmboleid ja kujundusi, mida on kasutatud sajandeid. Iga t\u00fckk on ainulaadne ja kannab oma erilist t\u00e4hendust, muutes selle v\u00f5imsaks ja t\u00e4hendusrikkaks aksessuaariks k\u00f5igile, kes soovivad oma v\u00e4limusele lisada stiili ja vaimsuse. Neid ripatseid saad kanda nii keti otsas kui ka oma lemmikk\u00e4ev\u00f5ru k\u00fcljes.<\/p>\n<p>\u00dcksk\u00f5ik, kas otsite julget ilmet v\u00f5i peent igap\u00e4evast aksessuaari, meie h\u00f5bedased ruunikujulised ripatsid avaldavad kindlasti muljet. Ostke meie kollektsiooni juba t\u00e4na ja avastage kuumade filigraanse emailiga ehete ilu ja ainulaadsus.<\/p>\n","protected":false},"excerpt":{"rendered":"<p>h\u00f5be 925*<\/p>\n<p>Kuum filigraanne email<\/p>\n<p>Oleme esimesteks valinud Fehu, Algizi, Berkana, Wunjo ja Sowella ruunid, kuid saame teie heaks teha \u00fcksk\u00f5ik millise.<\/p>\n<p>K\u00e4sitsi valmistatud. Saab luua Sulle oma mustriga.<\/p>\n","protected":false},"featured_media":34068,"comment_status":"open","ping_status":"closed","template":"","meta":[],"etheme_brands":[],"product_brand":[],"product_cat":[470],"product_tag":[506],"class_list":{"0":"post-34114","1":"product","2":"type-product","3":"status-publish","4":"has-post-thumbnail","6":"product_cat-kaelakeed-ja-ripatsid","7":"product_tag-ruunid","9":"first","10":"instock","11":"shipping-taxable","12":"purchasable","13":"product-type-variable"},"acf":[],"yoast_head":"<!-- This site is optimized with the Yoast SEO Premium plugin v26.5 (Yoast SEO v26.8) - https:\/\/yoast.com\/product\/yoast-seo-premium-wordpress\/ -->\n<title>K\u00e4sitsi valmistatud hiilgavad v\u00f5luruunid kuumast filigraansest emailist - Colibri jewels<\/title>\n<meta name=\"robots\" content=\"index, follow, max-snippet:-1, max-image-preview:large, max-video-preview:-1\" \/>\n<link rel=\"canonical\" href=\"https:\/\/colibri-jewels.eu\/et\/toode\/glorious-magic-runes-in-hot-filigree-enamel-hand-made\/\" \/>\n<meta property=\"og:locale\" content=\"et_EE\" \/>\n<meta property=\"og:type\" content=\"article\" \/>\n<meta property=\"og:title\" content=\"K\u00e4sitsi valmistatud hiilgavad v\u00f5luruunid kuumast filigraansest emailist\" \/>\n<meta property=\"og:description\" content=\"h\u00f5be 925* Kuum filigraanne email Oleme esimesteks valinud Fehu, Algizi, Berkana, Wunjo ja Sowella ruunid, kuid saame teie heaks teha \u00fcksk\u00f5ik millise. K\u00e4sitsi valmistatud. Saab luua Sulle oma mustriga.\" \/>\n<meta property=\"og:url\" content=\"https:\/\/colibri-jewels.eu\/et\/toode\/glorious-magic-runes-in-hot-filigree-enamel-hand-made\/\" \/>\n<meta property=\"og:site_name\" content=\"Colibri jewels\" \/>\n<meta property=\"article:publisher\" content=\"https:\/\/www.facebook.com\/colibri.jewels\" \/>\n<meta property=\"article:modified_time\" content=\"2023-07-21T20:22:14+00:00\" \/>\n<meta property=\"og:image\" content=\"https:\/\/colibri-jewels.eu\/wp-content\/uploads\/2023\/04\/runes.jpg\" \/>\n\t<meta property=\"og:image:width\" content=\"1000\" \/>\n\t<meta property=\"og:image:height\" content=\"1000\" \/>\n\t<meta property=\"og:image:type\" content=\"image\/jpeg\" \/>\n<meta name=\"twitter:card\" content=\"summary_large_image\" \/>\n<meta name=\"twitter:label1\" content=\"Est. reading time\" \/>\n\t<meta name=\"twitter:data1\" content=\"1 minut\" \/>\n<script type=\"application\/ld+json\" class=\"yoast-schema-graph\">{\"@context\":\"https:\/\/schema.org\",\"@graph\":[{\"@type\":\"WebPage\",\"@id\":\"https:\/\/colibri-jewels.eu\/et\/toode\/glorious-magic-runes-in-hot-filigree-enamel-hand-made\/\",\"url\":\"https:\/\/colibri-jewels.eu\/et\/toode\/glorious-magic-runes-in-hot-filigree-enamel-hand-made\/\",\"name\":\"K\u00e4sitsi valmistatud hiilgavad v\u00f5luruunid kuumast filigraansest emailist - Colibri jewels\",\"isPartOf\":{\"@id\":\"https:\/\/colibri-jewels.eu\/et\/#website\"},\"primaryImageOfPage\":{\"@id\":\"https:\/\/colibri-jewels.eu\/et\/toode\/glorious-magic-runes-in-hot-filigree-enamel-hand-made\/#primaryimage\"},\"image\":{\"@id\":\"https:\/\/colibri-jewels.eu\/et\/toode\/glorious-magic-runes-in-hot-filigree-enamel-hand-made\/#primaryimage\"},\"thumbnailUrl\":\"https:\/\/colibri-jewels.eu\/wp-content\/uploads\/2023\/04\/runes.jpg\",\"datePublished\":\"2023-05-06T07:12:09+00:00\",\"dateModified\":\"2023-07-21T20:22:14+00:00\",\"breadcrumb\":{\"@id\":\"https:\/\/colibri-jewels.eu\/et\/toode\/glorious-magic-runes-in-hot-filigree-enamel-hand-made\/#breadcrumb\"},\"inLanguage\":\"et\",\"potentialAction\":[{\"@type\":\"ReadAction\",\"target\":[\"https:\/\/colibri-jewels.eu\/et\/toode\/glorious-magic-runes-in-hot-filigree-enamel-hand-made\/\"]}]},{\"@type\":\"ImageObject\",\"inLanguage\":\"et\",\"@id\":\"https:\/\/colibri-jewels.eu\/et\/toode\/glorious-magic-runes-in-hot-filigree-enamel-hand-made\/#primaryimage\",\"url\":\"https:\/\/colibri-jewels.eu\/wp-content\/uploads\/2023\/04\/runes.jpg\",\"contentUrl\":\"https:\/\/colibri-jewels.eu\/wp-content\/uploads\/2023\/04\/runes.jpg\",\"width\":1000,\"height\":1000},{\"@type\":\"BreadcrumbList\",\"@id\":\"https:\/\/colibri-jewels.eu\/et\/toode\/glorious-magic-runes-in-hot-filigree-enamel-hand-made\/#breadcrumb\",\"itemListElement\":[{\"@type\":\"ListItem\",\"position\":1,\"name\":\"\u0413\u043b\u0430\u0432\u043d\u0430\u044f \u0441\u0442\u0440\u0430\u043d\u0438\u0446\u0430\",\"item\":\"https:\/\/colibri-jewels.eu\/et\/\"},{\"@type\":\"ListItem\",\"position\":2,\"name\":\"Pood\",\"item\":\"https:\/\/colibri-jewels.eu\/et\/pood\/\"},{\"@type\":\"ListItem\",\"position\":3,\"name\":\"K\u00e4sitsi valmistatud hiilgavad v\u00f5luruunid kuumast filigraansest emailist\"}]},{\"@type\":\"WebSite\",\"@id\":\"https:\/\/colibri-jewels.eu\/et\/#website\",\"url\":\"https:\/\/colibri-jewels.eu\/et\/\",\"name\":\"Colibri jewels\",\"description\":\"jewelry shop\",\"publisher\":{\"@id\":\"https:\/\/colibri-jewels.eu\/et\/#organization\"},\"potentialAction\":[{\"@type\":\"SearchAction\",\"target\":{\"@type\":\"EntryPoint\",\"urlTemplate\":\"https:\/\/colibri-jewels.eu\/et\/?s={search_term_string}\"},\"query-input\":{\"@type\":\"PropertyValueSpecification\",\"valueRequired\":true,\"valueName\":\"search_term_string\"}}],\"inLanguage\":\"et\"},{\"@type\":\"Organization\",\"@id\":\"https:\/\/colibri-jewels.eu\/et\/#organization\",\"name\":\"O\u00dc Colibri\",\"url\":\"https:\/\/colibri-jewels.eu\/et\/\",\"logo\":{\"@type\":\"ImageObject\",\"inLanguage\":\"et\",\"@id\":\"https:\/\/colibri-jewels.eu\/et\/#\/schema\/logo\/image\/\",\"url\":\"https:\/\/dev.colibri-jewels.eu\/wp-content\/uploads\/2021\/03\/colibri.png\",\"contentUrl\":\"https:\/\/dev.colibri-jewels.eu\/wp-content\/uploads\/2021\/03\/colibri.png\",\"width\":227,\"height\":130,\"caption\":\"O\u00dc Colibri\"},\"image\":{\"@id\":\"https:\/\/colibri-jewels.eu\/et\/#\/schema\/logo\/image\/\"},\"sameAs\":[\"https:\/\/www.facebook.com\/colibri.jewels\",\"https:\/\/www.instagram.com\/colibri.jewels\",\"https:\/\/www.tiktok.com\/colibri.jewels\"]}]}<\/script>\n<!-- \/ Yoast SEO Premium plugin. -->","yoast_head_json":{"title":"K\u00e4sitsi valmistatud hiilgavad v\u00f5luruunid kuumast filigraansest emailist - Colibri jewels","robots":{"index":"index","follow":"follow","max-snippet":"max-snippet:-1","max-image-preview":"max-image-preview:large","max-video-preview":"max-video-preview:-1"},"canonical":"https:\/\/colibri-jewels.eu\/et\/toode\/glorious-magic-runes-in-hot-filigree-enamel-hand-made\/","og_locale":"et_EE","og_type":"article","og_title":"K\u00e4sitsi valmistatud hiilgavad v\u00f5luruunid kuumast filigraansest emailist","og_description":"h\u00f5be 925* Kuum filigraanne email Oleme esimesteks valinud Fehu, Algizi, Berkana, Wunjo ja Sowella ruunid, kuid saame teie heaks teha \u00fcksk\u00f5ik millise. K\u00e4sitsi valmistatud. Saab luua Sulle oma mustriga.","og_url":"https:\/\/colibri-jewels.eu\/et\/toode\/glorious-magic-runes-in-hot-filigree-enamel-hand-made\/","og_site_name":"Colibri jewels","article_publisher":"https:\/\/www.facebook.com\/colibri.jewels","article_modified_time":"2023-07-21T20:22:14+00:00","og_image":[{"width":1000,"height":1000,"url":"https:\/\/colibri-jewels.eu\/wp-content\/uploads\/2023\/04\/runes.jpg","type":"image\/jpeg"}],"twitter_card":"summary_large_image","twitter_misc":{"Est. reading time":"1 minut"},"schema":{"@context":"https:\/\/schema.org","@graph":[{"@type":"WebPage","@id":"https:\/\/colibri-jewels.eu\/et\/toode\/glorious-magic-runes-in-hot-filigree-enamel-hand-made\/","url":"https:\/\/colibri-jewels.eu\/et\/toode\/glorious-magic-runes-in-hot-filigree-enamel-hand-made\/","name":"K\u00e4sitsi valmistatud hiilgavad v\u00f5luruunid kuumast filigraansest emailist - Colibri jewels","isPartOf":{"@id":"https:\/\/colibri-jewels.eu\/et\/#website"},"primaryImageOfPage":{"@id":"https:\/\/colibri-jewels.eu\/et\/toode\/glorious-magic-runes-in-hot-filigree-enamel-hand-made\/#primaryimage"},"image":{"@id":"https:\/\/colibri-jewels.eu\/et\/toode\/glorious-magic-runes-in-hot-filigree-enamel-hand-made\/#primaryimage"},"thumbnailUrl":"https:\/\/colibri-jewels.eu\/wp-content\/uploads\/2023\/04\/runes.jpg","datePublished":"2023-05-06T07:12:09+00:00","dateModified":"2023-07-21T20:22:14+00:00","breadcrumb":{"@id":"https:\/\/colibri-jewels.eu\/et\/toode\/glorious-magic-runes-in-hot-filigree-enamel-hand-made\/#breadcrumb"},"inLanguage":"et","potentialAction":[{"@type":"ReadAction","target":["https:\/\/colibri-jewels.eu\/et\/toode\/glorious-magic-runes-in-hot-filigree-enamel-hand-made\/"]}]},{"@type":"ImageObject","inLanguage":"et","@id":"https:\/\/colibri-jewels.eu\/et\/toode\/glorious-magic-runes-in-hot-filigree-enamel-hand-made\/#primaryimage","url":"https:\/\/colibri-jewels.eu\/wp-content\/uploads\/2023\/04\/runes.jpg","contentUrl":"https:\/\/colibri-jewels.eu\/wp-content\/uploads\/2023\/04\/runes.jpg","width":1000,"height":1000},{"@type":"BreadcrumbList","@id":"https:\/\/colibri-jewels.eu\/et\/toode\/glorious-magic-runes-in-hot-filigree-enamel-hand-made\/#breadcrumb","itemListElement":[{"@type":"ListItem","position":1,"name":"\u0413\u043b\u0430\u0432\u043d\u0430\u044f \u0441\u0442\u0440\u0430\u043d\u0438\u0446\u0430","item":"https:\/\/colibri-jewels.eu\/et\/"},{"@type":"ListItem","position":2,"name":"Pood","item":"https:\/\/colibri-jewels.eu\/et\/pood\/"},{"@type":"ListItem","position":3,"name":"K\u00e4sitsi valmistatud hiilgavad v\u00f5luruunid kuumast filigraansest emailist"}]},{"@type":"WebSite","@id":"https:\/\/colibri-jewels.eu\/et\/#website","url":"https:\/\/colibri-jewels.eu\/et\/","name":"Colibri jewels","description":"jewelry shop","publisher":{"@id":"https:\/\/colibri-jewels.eu\/et\/#organization"},"potentialAction":[{"@type":"SearchAction","target":{"@type":"EntryPoint","urlTemplate":"https:\/\/colibri-jewels.eu\/et\/?s={search_term_string}"},"query-input":{"@type":"PropertyValueSpecification","valueRequired":true,"valueName":"search_term_string"}}],"inLanguage":"et"},{"@type":"Organization","@id":"https:\/\/colibri-jewels.eu\/et\/#organization","name":"O\u00dc Colibri","url":"https:\/\/colibri-jewels.eu\/et\/","logo":{"@type":"ImageObject","inLanguage":"et","@id":"https:\/\/colibri-jewels.eu\/et\/#\/schema\/logo\/image\/","url":"https:\/\/dev.colibri-jewels.eu\/wp-content\/uploads\/2021\/03\/colibri.png","contentUrl":"https:\/\/dev.colibri-jewels.eu\/wp-content\/uploads\/2021\/03\/colibri.png","width":227,"height":130,"caption":"O\u00dc Colibri"},"image":{"@id":"https:\/\/colibri-jewels.eu\/et\/#\/schema\/logo\/image\/"},"sameAs":["https:\/\/www.facebook.com\/colibri.jewels","https:\/\/www.instagram.com\/colibri.jewels","https:\/\/www.tiktok.com\/colibri.jewels"]}]}},"_links":{"self":[{"href":"https:\/\/colibri-jewels.eu\/et\/wp-json\/wp\/v2\/product\/34114","targetHints":{"allow":["GET"]}}],"collection":[{"href":"https:\/\/colibri-jewels.eu\/et\/wp-json\/wp\/v2\/product"}],"about":[{"href":"https:\/\/colibri-jewels.eu\/et\/wp-json\/wp\/v2\/types\/product"}],"replies":[{"embeddable":true,"href":"https:\/\/colibri-jewels.eu\/et\/wp-json\/wp\/v2\/comments?post=34114"}],"version-history":[{"count":0,"href":"https:\/\/colibri-jewels.eu\/et\/wp-json\/wp\/v2\/product\/34114\/revisions"}],"wp:featuredmedia":[{"embeddable":true,"href":"https:\/\/colibri-jewels.eu\/et\/wp-json\/wp\/v2\/media\/34068"}],"wp:attachment":[{"href":"https:\/\/colibri-jewels.eu\/et\/wp-json\/wp\/v2\/media?parent=34114"}],"wp:term":[{"taxonomy":"brand","embeddable":true,"href":"https:\/\/colibri-jewels.eu\/et\/wp-json\/wp\/v2\/etheme_brands?post=34114"},{"taxonomy":"product_brand","embeddable":true,"href":"https:\/\/colibri-jewels.eu\/et\/wp-json\/wp\/v2\/product_brand?post=34114"},{"taxonomy":"product_cat","embeddable":true,"href":"https:\/\/colibri-jewels.eu\/et\/wp-json\/wp\/v2\/product_cat?post=34114"},{"taxonomy":"product_tag","embeddable":true,"href":"https:\/\/colibri-jewels.eu\/et\/wp-json\/wp\/v2\/product_tag?post=34114"}],"curies":[{"name":"wp","href":"https:\/\/api.w.org\/{rel}","templated":true}]}}