{"id":34173,"date":"2023-05-12T21:06:12","date_gmt":"2023-05-12T18:06:12","guid":{"rendered":"https:\/\/dev.colibri-jewels.eu\/product\/hobedast-ripats-elupuu\/"},"modified":"2023-10-23T14:48:58","modified_gmt":"2023-10-23T11:48:58","slug":"silver-pendant-tree-of-life","status":"publish","type":"product","link":"https:\/\/colibri-jewels.eu\/et\/toode\/silver-pendant-tree-of-life\/","title":{"rendered":"H\u00f5bedast ripats &#8220;Elupuu&#8221;"},"content":{"rendered":"<p>H\u00f5bedast ripats &#8220;Elupuu&#8221; \u00fchendab ajatu elegantsi s\u00fcgava s\u00fcmboolikaga. See ripats kajastab m\u00fcstilise elupuu olemust \u2013 embleemi, mida on kultuurides austatud sajandeid.<\/p>\n<p>Legend r\u00e4\u00e4gib, et elupuu s\u00fcmboliseerib k\u00f5igi elusolendite omavahelist seotust, esindades elu, kasvu ja harmoonia igavest ts\u00fcklit. Nii nagu selle oksad ulatuvad taeva poole ja juured s\u00fcgavale maasse, tuletab see p\u00fcha puu meile meelde meie sidet looduse ja meid \u00fcmbritseva maailmaga. See on v\u00f5imas meeldetuletus iseendale truuks j\u00e4\u00e4mise, isikliku kasvu omaksv\u00f5tu ja tasakaalu leidmise t\u00e4htsusest elu pidevalt muutuval teekonnal.<\/p>\n<p>Selle lummava ripatsi tagak\u00fcljel on s\u00fcdamlik soov: &#8220;J\u00e4\u00e4 iseendaks.&#8221; See m\u00f5juv s\u00f5num on pidev meeldetuletus oma autentsuse omaksv\u00f5tmiseks ning eluradadel enesekindluse ja enesekindlusega navigeerimiseks. See k\u00e4tkeb endas soovi j\u00e4\u00e4da truuks oma v\u00e4\u00e4rtustele, unistustele ja individuaalsusele keset maailma survet.<\/p>\n<p>See h\u00f5beripats &#8220;Elupuu&#8221; sobib suurep\u00e4raselt igaks s\u00fcndmuseks ja on midagi enamat kui lihtsalt ilus aksessuaar \u2013 sellel on s\u00fcgav s\u00f5num ja see kehastab sisuka kingituste tegemise olemust. \u00dcksk\u00f5ik, kas otsustate kinkida selle kallimale, kallile s\u00f5brale v\u00f5i v\u00e4ljateenitud maiuspalaks iseendale, on see ripats armastuse, j\u00f5u ja isikliku kasvu s\u00fcdamlik v\u00e4ljendus.<\/p>\n<p>&nbsp;<\/p>\n","protected":false},"excerpt":{"rendered":"<p>H\u00f5bedast ripats &#8220;Elupuu&#8221; \u00fchendab ajatu elegantsi s\u00fcgava s\u00fcmboolikaga. See ripats kajastab m\u00fcstilise elupuu olemust \u2013 embleemi, mida on kultuurides austatud sajandeid. Legend r\u00e4\u00e4gib, et elupuu&#8230;<\/p>\n","protected":false},"featured_media":34256,"comment_status":"open","ping_status":"closed","template":"","meta":[],"etheme_brands":[],"product_brand":[],"product_cat":[470],"product_tag":[],"class_list":{"0":"post-34173","1":"product","2":"type-product","3":"status-publish","4":"has-post-thumbnail","6":"product_cat-kaelakeed-ja-ripatsid","8":"first","9":"onbackorder","10":"shipping-taxable","11":"purchasable","12":"product-type-simple"},"acf":[],"yoast_head":"<!-- This site is optimized with the Yoast SEO Premium plugin v26.5 (Yoast SEO v26.8) - https:\/\/yoast.com\/product\/yoast-seo-premium-wordpress\/ -->\n<title>H\u00f5bedast ripats &quot;Elupuu&quot; - Colibri jewels<\/title>\n<meta name=\"robots\" content=\"index, follow, max-snippet:-1, max-image-preview:large, max-video-preview:-1\" \/>\n<link rel=\"canonical\" href=\"https:\/\/colibri-jewels.eu\/et\/toode\/silver-pendant-tree-of-life\/\" \/>\n<meta property=\"og:locale\" content=\"et_EE\" \/>\n<meta property=\"og:type\" content=\"article\" \/>\n<meta property=\"og:title\" content=\"H\u00f5bedast ripats &quot;Elupuu&quot;\" \/>\n<meta property=\"og:description\" content=\"H\u00f5bedast ripats &#8220;Elupuu&#8221; \u00fchendab ajatu elegantsi s\u00fcgava s\u00fcmboolikaga. See ripats kajastab m\u00fcstilise elupuu olemust \u2013 embleemi, mida on kultuurides austatud sajandeid. Legend r\u00e4\u00e4gib, et elupuu...\" \/>\n<meta property=\"og:url\" content=\"https:\/\/colibri-jewels.eu\/et\/toode\/silver-pendant-tree-of-life\/\" \/>\n<meta property=\"og:site_name\" content=\"Colibri jewels\" \/>\n<meta property=\"article:publisher\" content=\"https:\/\/www.facebook.com\/colibri.jewels\" \/>\n<meta property=\"article:modified_time\" content=\"2023-10-23T11:48:58+00:00\" \/>\n<meta property=\"og:image\" content=\"https:\/\/colibri-jewels.eu\/wp-content\/uploads\/2023\/05\/tree_of_life_green.jpg\" \/>\n\t<meta property=\"og:image:width\" content=\"1000\" \/>\n\t<meta property=\"og:image:height\" content=\"1000\" \/>\n\t<meta property=\"og:image:type\" content=\"image\/jpeg\" \/>\n<meta name=\"twitter:card\" content=\"summary_large_image\" \/>\n<meta name=\"twitter:label1\" content=\"Est. reading time\" \/>\n\t<meta name=\"twitter:data1\" content=\"1 minut\" \/>\n<script type=\"application\/ld+json\" class=\"yoast-schema-graph\">{\"@context\":\"https:\/\/schema.org\",\"@graph\":[{\"@type\":\"WebPage\",\"@id\":\"https:\/\/colibri-jewels.eu\/et\/toode\/silver-pendant-tree-of-life\/\",\"url\":\"https:\/\/colibri-jewels.eu\/et\/toode\/silver-pendant-tree-of-life\/\",\"name\":\"H\u00f5bedast ripats \\\"Elupuu\\\" - Colibri jewels\",\"isPartOf\":{\"@id\":\"https:\/\/colibri-jewels.eu\/et\/#website\"},\"primaryImageOfPage\":{\"@id\":\"https:\/\/colibri-jewels.eu\/et\/toode\/silver-pendant-tree-of-life\/#primaryimage\"},\"image\":{\"@id\":\"https:\/\/colibri-jewels.eu\/et\/toode\/silver-pendant-tree-of-life\/#primaryimage\"},\"thumbnailUrl\":\"https:\/\/colibri-jewels.eu\/wp-content\/uploads\/2023\/05\/tree_of_life_green.jpg\",\"datePublished\":\"2023-05-12T18:06:12+00:00\",\"dateModified\":\"2023-10-23T11:48:58+00:00\",\"breadcrumb\":{\"@id\":\"https:\/\/colibri-jewels.eu\/et\/toode\/silver-pendant-tree-of-life\/#breadcrumb\"},\"inLanguage\":\"et\",\"potentialAction\":[{\"@type\":\"ReadAction\",\"target\":[\"https:\/\/colibri-jewels.eu\/et\/toode\/silver-pendant-tree-of-life\/\"]}]},{\"@type\":\"ImageObject\",\"inLanguage\":\"et\",\"@id\":\"https:\/\/colibri-jewels.eu\/et\/toode\/silver-pendant-tree-of-life\/#primaryimage\",\"url\":\"https:\/\/colibri-jewels.eu\/wp-content\/uploads\/2023\/05\/tree_of_life_green.jpg\",\"contentUrl\":\"https:\/\/colibri-jewels.eu\/wp-content\/uploads\/2023\/05\/tree_of_life_green.jpg\",\"width\":1000,\"height\":1000},{\"@type\":\"BreadcrumbList\",\"@id\":\"https:\/\/colibri-jewels.eu\/et\/toode\/silver-pendant-tree-of-life\/#breadcrumb\",\"itemListElement\":[{\"@type\":\"ListItem\",\"position\":1,\"name\":\"\u0413\u043b\u0430\u0432\u043d\u0430\u044f \u0441\u0442\u0440\u0430\u043d\u0438\u0446\u0430\",\"item\":\"https:\/\/colibri-jewels.eu\/et\/\"},{\"@type\":\"ListItem\",\"position\":2,\"name\":\"Pood\",\"item\":\"https:\/\/colibri-jewels.eu\/et\/pood\/\"},{\"@type\":\"ListItem\",\"position\":3,\"name\":\"H\u00f5bedast ripats &#8220;Elupuu&#8221;\"}]},{\"@type\":\"WebSite\",\"@id\":\"https:\/\/colibri-jewels.eu\/et\/#website\",\"url\":\"https:\/\/colibri-jewels.eu\/et\/\",\"name\":\"Colibri jewels\",\"description\":\"jewelry shop\",\"publisher\":{\"@id\":\"https:\/\/colibri-jewels.eu\/et\/#organization\"},\"potentialAction\":[{\"@type\":\"SearchAction\",\"target\":{\"@type\":\"EntryPoint\",\"urlTemplate\":\"https:\/\/colibri-jewels.eu\/et\/?s={search_term_string}\"},\"query-input\":{\"@type\":\"PropertyValueSpecification\",\"valueRequired\":true,\"valueName\":\"search_term_string\"}}],\"inLanguage\":\"et\"},{\"@type\":\"Organization\",\"@id\":\"https:\/\/colibri-jewels.eu\/et\/#organization\",\"name\":\"O\u00dc Colibri\",\"url\":\"https:\/\/colibri-jewels.eu\/et\/\",\"logo\":{\"@type\":\"ImageObject\",\"inLanguage\":\"et\",\"@id\":\"https:\/\/colibri-jewels.eu\/et\/#\/schema\/logo\/image\/\",\"url\":\"https:\/\/dev.colibri-jewels.eu\/wp-content\/uploads\/2021\/03\/colibri.png\",\"contentUrl\":\"https:\/\/dev.colibri-jewels.eu\/wp-content\/uploads\/2021\/03\/colibri.png\",\"width\":227,\"height\":130,\"caption\":\"O\u00dc Colibri\"},\"image\":{\"@id\":\"https:\/\/colibri-jewels.eu\/et\/#\/schema\/logo\/image\/\"},\"sameAs\":[\"https:\/\/www.facebook.com\/colibri.jewels\",\"https:\/\/www.instagram.com\/colibri.jewels\",\"https:\/\/www.tiktok.com\/colibri.jewels\"]}]}<\/script>\n<!-- \/ Yoast SEO Premium plugin. -->","yoast_head_json":{"title":"H\u00f5bedast ripats \"Elupuu\" - Colibri jewels","robots":{"index":"index","follow":"follow","max-snippet":"max-snippet:-1","max-image-preview":"max-image-preview:large","max-video-preview":"max-video-preview:-1"},"canonical":"https:\/\/colibri-jewels.eu\/et\/toode\/silver-pendant-tree-of-life\/","og_locale":"et_EE","og_type":"article","og_title":"H\u00f5bedast ripats \"Elupuu\"","og_description":"H\u00f5bedast ripats &#8220;Elupuu&#8221; \u00fchendab ajatu elegantsi s\u00fcgava s\u00fcmboolikaga. See ripats kajastab m\u00fcstilise elupuu olemust \u2013 embleemi, mida on kultuurides austatud sajandeid. Legend r\u00e4\u00e4gib, et elupuu...","og_url":"https:\/\/colibri-jewels.eu\/et\/toode\/silver-pendant-tree-of-life\/","og_site_name":"Colibri jewels","article_publisher":"https:\/\/www.facebook.com\/colibri.jewels","article_modified_time":"2023-10-23T11:48:58+00:00","og_image":[{"width":1000,"height":1000,"url":"https:\/\/colibri-jewels.eu\/wp-content\/uploads\/2023\/05\/tree_of_life_green.jpg","type":"image\/jpeg"}],"twitter_card":"summary_large_image","twitter_misc":{"Est. reading time":"1 minut"},"schema":{"@context":"https:\/\/schema.org","@graph":[{"@type":"WebPage","@id":"https:\/\/colibri-jewels.eu\/et\/toode\/silver-pendant-tree-of-life\/","url":"https:\/\/colibri-jewels.eu\/et\/toode\/silver-pendant-tree-of-life\/","name":"H\u00f5bedast ripats \"Elupuu\" - Colibri jewels","isPartOf":{"@id":"https:\/\/colibri-jewels.eu\/et\/#website"},"primaryImageOfPage":{"@id":"https:\/\/colibri-jewels.eu\/et\/toode\/silver-pendant-tree-of-life\/#primaryimage"},"image":{"@id":"https:\/\/colibri-jewels.eu\/et\/toode\/silver-pendant-tree-of-life\/#primaryimage"},"thumbnailUrl":"https:\/\/colibri-jewels.eu\/wp-content\/uploads\/2023\/05\/tree_of_life_green.jpg","datePublished":"2023-05-12T18:06:12+00:00","dateModified":"2023-10-23T11:48:58+00:00","breadcrumb":{"@id":"https:\/\/colibri-jewels.eu\/et\/toode\/silver-pendant-tree-of-life\/#breadcrumb"},"inLanguage":"et","potentialAction":[{"@type":"ReadAction","target":["https:\/\/colibri-jewels.eu\/et\/toode\/silver-pendant-tree-of-life\/"]}]},{"@type":"ImageObject","inLanguage":"et","@id":"https:\/\/colibri-jewels.eu\/et\/toode\/silver-pendant-tree-of-life\/#primaryimage","url":"https:\/\/colibri-jewels.eu\/wp-content\/uploads\/2023\/05\/tree_of_life_green.jpg","contentUrl":"https:\/\/colibri-jewels.eu\/wp-content\/uploads\/2023\/05\/tree_of_life_green.jpg","width":1000,"height":1000},{"@type":"BreadcrumbList","@id":"https:\/\/colibri-jewels.eu\/et\/toode\/silver-pendant-tree-of-life\/#breadcrumb","itemListElement":[{"@type":"ListItem","position":1,"name":"\u0413\u043b\u0430\u0432\u043d\u0430\u044f \u0441\u0442\u0440\u0430\u043d\u0438\u0446\u0430","item":"https:\/\/colibri-jewels.eu\/et\/"},{"@type":"ListItem","position":2,"name":"Pood","item":"https:\/\/colibri-jewels.eu\/et\/pood\/"},{"@type":"ListItem","position":3,"name":"H\u00f5bedast ripats &#8220;Elupuu&#8221;"}]},{"@type":"WebSite","@id":"https:\/\/colibri-jewels.eu\/et\/#website","url":"https:\/\/colibri-jewels.eu\/et\/","name":"Colibri jewels","description":"jewelry shop","publisher":{"@id":"https:\/\/colibri-jewels.eu\/et\/#organization"},"potentialAction":[{"@type":"SearchAction","target":{"@type":"EntryPoint","urlTemplate":"https:\/\/colibri-jewels.eu\/et\/?s={search_term_string}"},"query-input":{"@type":"PropertyValueSpecification","valueRequired":true,"valueName":"search_term_string"}}],"inLanguage":"et"},{"@type":"Organization","@id":"https:\/\/colibri-jewels.eu\/et\/#organization","name":"O\u00dc Colibri","url":"https:\/\/colibri-jewels.eu\/et\/","logo":{"@type":"ImageObject","inLanguage":"et","@id":"https:\/\/colibri-jewels.eu\/et\/#\/schema\/logo\/image\/","url":"https:\/\/dev.colibri-jewels.eu\/wp-content\/uploads\/2021\/03\/colibri.png","contentUrl":"https:\/\/dev.colibri-jewels.eu\/wp-content\/uploads\/2021\/03\/colibri.png","width":227,"height":130,"caption":"O\u00dc Colibri"},"image":{"@id":"https:\/\/colibri-jewels.eu\/et\/#\/schema\/logo\/image\/"},"sameAs":["https:\/\/www.facebook.com\/colibri.jewels","https:\/\/www.instagram.com\/colibri.jewels","https:\/\/www.tiktok.com\/colibri.jewels"]}]}},"_links":{"self":[{"href":"https:\/\/colibri-jewels.eu\/et\/wp-json\/wp\/v2\/product\/34173","targetHints":{"allow":["GET"]}}],"collection":[{"href":"https:\/\/colibri-jewels.eu\/et\/wp-json\/wp\/v2\/product"}],"about":[{"href":"https:\/\/colibri-jewels.eu\/et\/wp-json\/wp\/v2\/types\/product"}],"replies":[{"embeddable":true,"href":"https:\/\/colibri-jewels.eu\/et\/wp-json\/wp\/v2\/comments?post=34173"}],"version-history":[{"count":0,"href":"https:\/\/colibri-jewels.eu\/et\/wp-json\/wp\/v2\/product\/34173\/revisions"}],"wp:featuredmedia":[{"embeddable":true,"href":"https:\/\/colibri-jewels.eu\/et\/wp-json\/wp\/v2\/media\/34256"}],"wp:attachment":[{"href":"https:\/\/colibri-jewels.eu\/et\/wp-json\/wp\/v2\/media?parent=34173"}],"wp:term":[{"taxonomy":"brand","embeddable":true,"href":"https:\/\/colibri-jewels.eu\/et\/wp-json\/wp\/v2\/etheme_brands?post=34173"},{"taxonomy":"product_brand","embeddable":true,"href":"https:\/\/colibri-jewels.eu\/et\/wp-json\/wp\/v2\/product_brand?post=34173"},{"taxonomy":"product_cat","embeddable":true,"href":"https:\/\/colibri-jewels.eu\/et\/wp-json\/wp\/v2\/product_cat?post=34173"},{"taxonomy":"product_tag","embeddable":true,"href":"https:\/\/colibri-jewels.eu\/et\/wp-json\/wp\/v2\/product_tag?post=34173"}],"curies":[{"name":"wp","href":"https:\/\/api.w.org\/{rel}","templated":true}]}}