{"id":34334,"date":"2023-06-09T18:44:26","date_gmt":"2023-06-09T15:44:26","guid":{"rendered":"https:\/\/dev.colibri-jewels.eu\/product\/hobedast-nahaga-kaevoru-odini-rongad\/"},"modified":"2023-07-20T18:10:57","modified_gmt":"2023-07-20T15:10:57","slug":"silver-and-leather-bracelet-odins-ravens","status":"publish","type":"product","link":"https:\/\/colibri-jewels.eu\/et\/toode\/silver-and-leather-bracelet-odins-ravens\/","title":{"rendered":"H\u00f5bedast nahaga k\u00e4ev\u00f5ru &#8220;Odini rongad&#8221;"},"content":{"rendered":"<p>Tutvustame punutud nahkn\u00f6\u00f6ril k\u00e4sitsi valmistatud h\u00f5bedast k\u00e4ev\u00f5ru: Odini ronkade s\u00fcmbol<\/p>\n<p>Kogege p\u00f5hjamaade m\u00fctoloogia ajatut v\u00f5lu meie peenelt valmistatud k\u00e4sitsi valmistatud h\u00f5bedast k\u00e4ev\u00f5ruga punutud nahkn\u00f6\u00f6riga. See t\u00e4helepanuv\u00e4\u00e4rne ehe esitleb lummavat mustrit, mis on inspireeritud Odini ronkadest, legendaarsest s\u00fcmbolist, mis on s\u00fcgavalt juurdunud Skandinaavia p\u00e4rimuses. \u00dclima t\u00e4psusega ja detailidele t\u00e4helepanu p\u00f6\u00f6ratud k\u00e4ev\u00f5ru annab tunnistust nii rikkalikust p\u00e4randist kui ka kaasaegsetest moesuundadest.<\/p>\n<p>Selle k\u00e4ev\u00f5ru keskmes on p\u00f5nev lugu Odini ronkadest \u2013 Huginnist ja Muninnist. Vanap\u00f5hja m\u00fctoloogia kohaselt valdas Odin, jumalate isa ja kuningas, kaks ronka, kes olid tema usaldusv\u00e4\u00e4rsed s\u00f5numitoojad ja skautid. Huginn, mis t\u00e4hendab &#8220;m\u00f5tet&#8221;, ja Muninn, mis t\u00e4hendab &#8220;m\u00e4lu&#8221;, lendaksid \u00fcle tohutute valdkondade, kogudes teavet ja edastades selle otse Odinile. Need m\u00fcstilised linnud s\u00fcmboliseerivad tarkust, teadmisi ja K\u00f5ikide Isa enda k\u00f5iketeadvat olemust.<\/p>\n<p>Selle k\u00e4ev\u00f5ru h\u00f5bedase elemendi muster kujutab elegantselt Huginni ja Muninni v\u00f5imsat kohalolu. Keerulise viimistletud oskusega \u00e4ratatakse iga ronk ellu, esitledes oma majesteetlikke tiibu ja teravaid, l\u00e4bistavaid silmi. H\u00f5bedane element toimib talismanina, kehastades nende jumalike lindudega seotud tarkust ja juhiseid.<\/p>\n<p>See k\u00e4ev\u00f5ru, mis on loodud neile, kes hindavad nii s\u00fcmboolikat kui ka stiili, \u00fchendab Odini ronkade iidse m\u00fctoloogilise t\u00e4htsuse vaevata kaasaegse ja mitmek\u00fclgse disainiga. Punutud nahast n\u00f6\u00f6r lisab maal\u00e4hedase v\u00f5lu, t\u00e4iendades elegantset h\u00f5bedast elementi ja suurendades \u00fcldist esteetilist veetlust.<\/p>\n<p>See k\u00e4sitsi valmistatud h\u00f5bedast k\u00e4ev\u00f5ru, mis on valmistatud kirega ja t\u00e4helepanu detailidele, tagab erakordse kvaliteedi ja vastupidavuse. Kasutatavad materjalid on hoolikalt valitud, et tagada nii mugavus kui ka pikaealisus, tagades, et seda t\u00fckki saab kanda enesekindlalt veel aastaid.<\/p>\n<p>\u00dcksk\u00f5ik, kas olete skandinaavia m\u00fctoloogia f\u00e4nn, unikaalsete ja t\u00e4hendusrikaste ehete armastaja v\u00f5i lihtsalt otsite oma isikup\u00e4ra v\u00e4ljendamiseks oman\u00e4olist aksessuaari, on meie k\u00e4sitsi valmistatud punutud nahkn\u00f6\u00f6riga h\u00f5bedane k\u00e4ev\u00f5ru ideaalne valik.<\/p>\n<p>M\u00e4rkus: selleks, et k\u00e4ev\u00f5ru sobiks ideaalselt, vajame teie k\u00e4e t\u00e4pset m\u00f5\u00f5tu.<\/p>\n<p>V\u00f5tke omaks legend, ehitage end Odini ronkadega ja laske sellel ikoonilisel Skandinaavia s\u00fcmbolil saada teie isikliku stiili hinnaline osa. Tellige oma k\u00e4sitsi valmistatud h\u00f5bedast k\u00e4ev\u00f5ru punutud nahkn\u00f6\u00f6riga juba t\u00e4na ja asuge iidsetest tarkustest ja m\u00fc\u00fctilistest juttudest inspireeritud teekonnale.<\/p>\n","protected":false},"excerpt":{"rendered":"<p>Suurus laos 20,5, oma saab teha 1-2 n\u00e4dalaga.<\/p>\n","protected":false},"featured_media":35939,"comment_status":"open","ping_status":"closed","template":"","meta":[],"etheme_brands":[],"product_brand":[],"product_cat":[467],"product_tag":[741,506],"class_list":{"0":"post-34334","1":"product","2":"type-product","3":"status-publish","4":"has-post-thumbnail","6":"product_cat-kaevoru","7":"product_tag-ehted-meestele","8":"product_tag-ruunid","10":"first","11":"instock","12":"shipping-taxable","13":"purchasable","14":"product-type-simple"},"acf":[],"yoast_head":"<!-- This site is optimized with the Yoast SEO Premium plugin v26.5 (Yoast SEO v26.8) - https:\/\/yoast.com\/product\/yoast-seo-premium-wordpress\/ -->\n<title>H\u00f5bedast nahaga k\u00e4ev\u00f5ru &quot;Odini rongad&quot; - Colibri jewels<\/title>\n<meta name=\"robots\" content=\"index, follow, max-snippet:-1, max-image-preview:large, max-video-preview:-1\" \/>\n<link rel=\"canonical\" href=\"https:\/\/colibri-jewels.eu\/et\/toode\/silver-and-leather-bracelet-odins-ravens\/\" \/>\n<meta property=\"og:locale\" content=\"et_EE\" \/>\n<meta property=\"og:type\" content=\"article\" \/>\n<meta property=\"og:title\" content=\"H\u00f5bedast nahaga k\u00e4ev\u00f5ru &quot;Odini rongad&quot;\" \/>\n<meta property=\"og:description\" content=\"Suurus laos 20,5, oma saab teha 1-2 n\u00e4dalaga.\" \/>\n<meta property=\"og:url\" content=\"https:\/\/colibri-jewels.eu\/et\/toode\/silver-and-leather-bracelet-odins-ravens\/\" \/>\n<meta property=\"og:site_name\" content=\"Colibri jewels\" \/>\n<meta property=\"article:publisher\" content=\"https:\/\/www.facebook.com\/colibri.jewels\" \/>\n<meta property=\"article:modified_time\" content=\"2023-07-20T15:10:57+00:00\" \/>\n<meta property=\"og:image\" content=\"https:\/\/colibri-jewels.eu\/wp-content\/uploads\/2023\/06\/onin-ravens-leather-silver-bracelet-with-pendant.jpg\" \/>\n\t<meta property=\"og:image:width\" content=\"1000\" \/>\n\t<meta property=\"og:image:height\" content=\"1000\" \/>\n\t<meta property=\"og:image:type\" content=\"image\/jpeg\" \/>\n<meta name=\"twitter:card\" content=\"summary_large_image\" \/>\n<meta name=\"twitter:label1\" content=\"Est. reading time\" \/>\n\t<meta name=\"twitter:data1\" content=\"2 minutit\" \/>\n<script type=\"application\/ld+json\" class=\"yoast-schema-graph\">{\"@context\":\"https:\/\/schema.org\",\"@graph\":[{\"@type\":\"WebPage\",\"@id\":\"https:\/\/colibri-jewels.eu\/et\/toode\/silver-and-leather-bracelet-odins-ravens\/\",\"url\":\"https:\/\/colibri-jewels.eu\/et\/toode\/silver-and-leather-bracelet-odins-ravens\/\",\"name\":\"H\u00f5bedast nahaga k\u00e4ev\u00f5ru \\\"Odini rongad\\\" - Colibri jewels\",\"isPartOf\":{\"@id\":\"https:\/\/colibri-jewels.eu\/et\/#website\"},\"primaryImageOfPage\":{\"@id\":\"https:\/\/colibri-jewels.eu\/et\/toode\/silver-and-leather-bracelet-odins-ravens\/#primaryimage\"},\"image\":{\"@id\":\"https:\/\/colibri-jewels.eu\/et\/toode\/silver-and-leather-bracelet-odins-ravens\/#primaryimage\"},\"thumbnailUrl\":\"https:\/\/colibri-jewels.eu\/wp-content\/uploads\/2023\/06\/onin-ravens-leather-silver-bracelet-with-pendant.jpg\",\"datePublished\":\"2023-06-09T15:44:26+00:00\",\"dateModified\":\"2023-07-20T15:10:57+00:00\",\"breadcrumb\":{\"@id\":\"https:\/\/colibri-jewels.eu\/et\/toode\/silver-and-leather-bracelet-odins-ravens\/#breadcrumb\"},\"inLanguage\":\"et\",\"potentialAction\":[{\"@type\":\"ReadAction\",\"target\":[\"https:\/\/colibri-jewels.eu\/et\/toode\/silver-and-leather-bracelet-odins-ravens\/\"]}]},{\"@type\":\"ImageObject\",\"inLanguage\":\"et\",\"@id\":\"https:\/\/colibri-jewels.eu\/et\/toode\/silver-and-leather-bracelet-odins-ravens\/#primaryimage\",\"url\":\"https:\/\/colibri-jewels.eu\/wp-content\/uploads\/2023\/06\/onin-ravens-leather-silver-bracelet-with-pendant.jpg\",\"contentUrl\":\"https:\/\/colibri-jewels.eu\/wp-content\/uploads\/2023\/06\/onin-ravens-leather-silver-bracelet-with-pendant.jpg\",\"width\":1000,\"height\":1000},{\"@type\":\"BreadcrumbList\",\"@id\":\"https:\/\/colibri-jewels.eu\/et\/toode\/silver-and-leather-bracelet-odins-ravens\/#breadcrumb\",\"itemListElement\":[{\"@type\":\"ListItem\",\"position\":1,\"name\":\"\u0413\u043b\u0430\u0432\u043d\u0430\u044f \u0441\u0442\u0440\u0430\u043d\u0438\u0446\u0430\",\"item\":\"https:\/\/colibri-jewels.eu\/et\/\"},{\"@type\":\"ListItem\",\"position\":2,\"name\":\"Pood\",\"item\":\"https:\/\/colibri-jewels.eu\/et\/pood\/\"},{\"@type\":\"ListItem\",\"position\":3,\"name\":\"H\u00f5bedast nahaga k\u00e4ev\u00f5ru &#8220;Odini rongad&#8221;\"}]},{\"@type\":\"WebSite\",\"@id\":\"https:\/\/colibri-jewels.eu\/et\/#website\",\"url\":\"https:\/\/colibri-jewels.eu\/et\/\",\"name\":\"Colibri jewels\",\"description\":\"jewelry shop\",\"publisher\":{\"@id\":\"https:\/\/colibri-jewels.eu\/et\/#organization\"},\"potentialAction\":[{\"@type\":\"SearchAction\",\"target\":{\"@type\":\"EntryPoint\",\"urlTemplate\":\"https:\/\/colibri-jewels.eu\/et\/?s={search_term_string}\"},\"query-input\":{\"@type\":\"PropertyValueSpecification\",\"valueRequired\":true,\"valueName\":\"search_term_string\"}}],\"inLanguage\":\"et\"},{\"@type\":\"Organization\",\"@id\":\"https:\/\/colibri-jewels.eu\/et\/#organization\",\"name\":\"O\u00dc Colibri\",\"url\":\"https:\/\/colibri-jewels.eu\/et\/\",\"logo\":{\"@type\":\"ImageObject\",\"inLanguage\":\"et\",\"@id\":\"https:\/\/colibri-jewels.eu\/et\/#\/schema\/logo\/image\/\",\"url\":\"https:\/\/dev.colibri-jewels.eu\/wp-content\/uploads\/2021\/03\/colibri.png\",\"contentUrl\":\"https:\/\/dev.colibri-jewels.eu\/wp-content\/uploads\/2021\/03\/colibri.png\",\"width\":227,\"height\":130,\"caption\":\"O\u00dc Colibri\"},\"image\":{\"@id\":\"https:\/\/colibri-jewels.eu\/et\/#\/schema\/logo\/image\/\"},\"sameAs\":[\"https:\/\/www.facebook.com\/colibri.jewels\",\"https:\/\/www.instagram.com\/colibri.jewels\",\"https:\/\/www.tiktok.com\/colibri.jewels\"]}]}<\/script>\n<!-- \/ Yoast SEO Premium plugin. -->","yoast_head_json":{"title":"H\u00f5bedast nahaga k\u00e4ev\u00f5ru \"Odini rongad\" - Colibri jewels","robots":{"index":"index","follow":"follow","max-snippet":"max-snippet:-1","max-image-preview":"max-image-preview:large","max-video-preview":"max-video-preview:-1"},"canonical":"https:\/\/colibri-jewels.eu\/et\/toode\/silver-and-leather-bracelet-odins-ravens\/","og_locale":"et_EE","og_type":"article","og_title":"H\u00f5bedast nahaga k\u00e4ev\u00f5ru \"Odini rongad\"","og_description":"Suurus laos 20,5, oma saab teha 1-2 n\u00e4dalaga.","og_url":"https:\/\/colibri-jewels.eu\/et\/toode\/silver-and-leather-bracelet-odins-ravens\/","og_site_name":"Colibri jewels","article_publisher":"https:\/\/www.facebook.com\/colibri.jewels","article_modified_time":"2023-07-20T15:10:57+00:00","og_image":[{"width":1000,"height":1000,"url":"https:\/\/colibri-jewels.eu\/wp-content\/uploads\/2023\/06\/onin-ravens-leather-silver-bracelet-with-pendant.jpg","type":"image\/jpeg"}],"twitter_card":"summary_large_image","twitter_misc":{"Est. reading time":"2 minutit"},"schema":{"@context":"https:\/\/schema.org","@graph":[{"@type":"WebPage","@id":"https:\/\/colibri-jewels.eu\/et\/toode\/silver-and-leather-bracelet-odins-ravens\/","url":"https:\/\/colibri-jewels.eu\/et\/toode\/silver-and-leather-bracelet-odins-ravens\/","name":"H\u00f5bedast nahaga k\u00e4ev\u00f5ru \"Odini rongad\" - Colibri jewels","isPartOf":{"@id":"https:\/\/colibri-jewels.eu\/et\/#website"},"primaryImageOfPage":{"@id":"https:\/\/colibri-jewels.eu\/et\/toode\/silver-and-leather-bracelet-odins-ravens\/#primaryimage"},"image":{"@id":"https:\/\/colibri-jewels.eu\/et\/toode\/silver-and-leather-bracelet-odins-ravens\/#primaryimage"},"thumbnailUrl":"https:\/\/colibri-jewels.eu\/wp-content\/uploads\/2023\/06\/onin-ravens-leather-silver-bracelet-with-pendant.jpg","datePublished":"2023-06-09T15:44:26+00:00","dateModified":"2023-07-20T15:10:57+00:00","breadcrumb":{"@id":"https:\/\/colibri-jewels.eu\/et\/toode\/silver-and-leather-bracelet-odins-ravens\/#breadcrumb"},"inLanguage":"et","potentialAction":[{"@type":"ReadAction","target":["https:\/\/colibri-jewels.eu\/et\/toode\/silver-and-leather-bracelet-odins-ravens\/"]}]},{"@type":"ImageObject","inLanguage":"et","@id":"https:\/\/colibri-jewels.eu\/et\/toode\/silver-and-leather-bracelet-odins-ravens\/#primaryimage","url":"https:\/\/colibri-jewels.eu\/wp-content\/uploads\/2023\/06\/onin-ravens-leather-silver-bracelet-with-pendant.jpg","contentUrl":"https:\/\/colibri-jewels.eu\/wp-content\/uploads\/2023\/06\/onin-ravens-leather-silver-bracelet-with-pendant.jpg","width":1000,"height":1000},{"@type":"BreadcrumbList","@id":"https:\/\/colibri-jewels.eu\/et\/toode\/silver-and-leather-bracelet-odins-ravens\/#breadcrumb","itemListElement":[{"@type":"ListItem","position":1,"name":"\u0413\u043b\u0430\u0432\u043d\u0430\u044f \u0441\u0442\u0440\u0430\u043d\u0438\u0446\u0430","item":"https:\/\/colibri-jewels.eu\/et\/"},{"@type":"ListItem","position":2,"name":"Pood","item":"https:\/\/colibri-jewels.eu\/et\/pood\/"},{"@type":"ListItem","position":3,"name":"H\u00f5bedast nahaga k\u00e4ev\u00f5ru &#8220;Odini rongad&#8221;"}]},{"@type":"WebSite","@id":"https:\/\/colibri-jewels.eu\/et\/#website","url":"https:\/\/colibri-jewels.eu\/et\/","name":"Colibri jewels","description":"jewelry shop","publisher":{"@id":"https:\/\/colibri-jewels.eu\/et\/#organization"},"potentialAction":[{"@type":"SearchAction","target":{"@type":"EntryPoint","urlTemplate":"https:\/\/colibri-jewels.eu\/et\/?s={search_term_string}"},"query-input":{"@type":"PropertyValueSpecification","valueRequired":true,"valueName":"search_term_string"}}],"inLanguage":"et"},{"@type":"Organization","@id":"https:\/\/colibri-jewels.eu\/et\/#organization","name":"O\u00dc Colibri","url":"https:\/\/colibri-jewels.eu\/et\/","logo":{"@type":"ImageObject","inLanguage":"et","@id":"https:\/\/colibri-jewels.eu\/et\/#\/schema\/logo\/image\/","url":"https:\/\/dev.colibri-jewels.eu\/wp-content\/uploads\/2021\/03\/colibri.png","contentUrl":"https:\/\/dev.colibri-jewels.eu\/wp-content\/uploads\/2021\/03\/colibri.png","width":227,"height":130,"caption":"O\u00dc Colibri"},"image":{"@id":"https:\/\/colibri-jewels.eu\/et\/#\/schema\/logo\/image\/"},"sameAs":["https:\/\/www.facebook.com\/colibri.jewels","https:\/\/www.instagram.com\/colibri.jewels","https:\/\/www.tiktok.com\/colibri.jewels"]}]}},"_links":{"self":[{"href":"https:\/\/colibri-jewels.eu\/et\/wp-json\/wp\/v2\/product\/34334","targetHints":{"allow":["GET"]}}],"collection":[{"href":"https:\/\/colibri-jewels.eu\/et\/wp-json\/wp\/v2\/product"}],"about":[{"href":"https:\/\/colibri-jewels.eu\/et\/wp-json\/wp\/v2\/types\/product"}],"replies":[{"embeddable":true,"href":"https:\/\/colibri-jewels.eu\/et\/wp-json\/wp\/v2\/comments?post=34334"}],"version-history":[{"count":0,"href":"https:\/\/colibri-jewels.eu\/et\/wp-json\/wp\/v2\/product\/34334\/revisions"}],"wp:featuredmedia":[{"embeddable":true,"href":"https:\/\/colibri-jewels.eu\/et\/wp-json\/wp\/v2\/media\/35939"}],"wp:attachment":[{"href":"https:\/\/colibri-jewels.eu\/et\/wp-json\/wp\/v2\/media?parent=34334"}],"wp:term":[{"taxonomy":"brand","embeddable":true,"href":"https:\/\/colibri-jewels.eu\/et\/wp-json\/wp\/v2\/etheme_brands?post=34334"},{"taxonomy":"product_brand","embeddable":true,"href":"https:\/\/colibri-jewels.eu\/et\/wp-json\/wp\/v2\/product_brand?post=34334"},{"taxonomy":"product_cat","embeddable":true,"href":"https:\/\/colibri-jewels.eu\/et\/wp-json\/wp\/v2\/product_cat?post=34334"},{"taxonomy":"product_tag","embeddable":true,"href":"https:\/\/colibri-jewels.eu\/et\/wp-json\/wp\/v2\/product_tag?post=34334"}],"curies":[{"name":"wp","href":"https:\/\/api.w.org\/{rel}","templated":true}]}}