{"id":34357,"date":"2023-06-09T20:12:50","date_gmt":"2023-06-09T17:12:50","guid":{"rendered":"https:\/\/dev.colibri-jewels.eu\/product\/eksklusiivne-hobedast-kaevoru-nahknooril-the-viking-legend\/"},"modified":"2023-07-20T20:22:24","modified_gmt":"2023-07-20T17:22:24","slug":"exclusive-silver-bracelet-on-a-leather-cord-the-viking-legend","status":"publish","type":"product","link":"https:\/\/colibri-jewels.eu\/et\/toode\/exclusive-silver-bracelet-on-a-leather-cord-the-viking-legend\/","title":{"rendered":"Eksklusiivne h\u00f5bedast k\u00e4ev\u00f5ru nahkn\u00f6\u00f6ril &#8220;The Viking Legend&#8221;"},"content":{"rendered":"<p>Tutvustame eksklusiivset k\u00e4sitsi valmistatud k\u00e4ev\u00f5ru: j\u00f5hkra stiili ja p\u00f5hjamaise m\u00fctoloogia julge suland<\/p>\n<p>Astuge \u00e4geda elegantsi valdkonda meie eksklusiivse k\u00e4sitsi valmistatud k\u00e4ev\u00f5ruga, mis on hoolikalt valmistatud nii, et see kehastab j\u00f5hkra stiili ja norra m\u00fctoloogia olemust. See t\u00e4helepanuv\u00e4\u00e4rne ehe esitleb \u00f5uduskiivri s\u00fcmboli ja Odini ronkade ainulaadset kombinatsiooni, mille tulemuseks on silmatorkav disain, mis on nii k\u00fctkestav kui ka s\u00fcmboolne. Peidetud klambri ja m\u00e4rkimisv\u00e4\u00e4rse kaaluga k\u00e4ev\u00f5ru \u00f5hkab eksklusiivsust ja tugevust.<\/p>\n<p>Hirmukiivri s\u00fcmbol, mis on tuntud oma \u00e4hvardava v\u00f5lu poolest, on selle erakordse k\u00e4ev\u00f5ru keskpunkt. Legendaarsetest lugudest s\u00f5dalastest ja nende vallutatud aladest inspireeritud kiiver esindab julgust, vastupidavust ja vankumatut vaimu. Selle juhtiv kohalolek, mida kaunistavad keerukad detailid ja \u00e4ge n\u00e4oilme, kajastab s\u00f5dalase alistamatu tahte olemust.<\/p>\n<p>\u00d5uduskiivri s\u00fcmboliga on p\u00f5imitud Odini rongad Huginn ja Muninn, kes avaldavad austust muistsete P\u00f5hjala jumaluste tarkusele ja teadmistele. Need majesteetlikud olendid, mis on kujundatud hoolika t\u00e4helepanuga detailidele, s\u00fcmboliseerivad j\u00f5u ja intellekti liitu, kutsudes esile salap\u00e4ra ja v\u00f5imu tunde, juhatades teid l\u00e4bi elu katsumuste ja katsumuste.<\/p>\n<p>See k\u00e4ev\u00f5ru, mis on loodud eranditult neile, kes armastavad erakordset, on disainiga, mis eristab seda tavalisest. Peidetud lukk loob k\u00e4ev\u00f5rule j\u00e4rjepidevuse efekti.<\/p>\n<p>Selle erakordse teose j\u00f5hker stiil, mis on loodud teie enda j\u00f5u ja vastupidavuse pidevaks meeldetuletuseks. K\u00e4ev\u00f5ru pikkus t\u00e4histab vankumatut sihikindlust, mis on vajalik elu v\u00e4ljakutsetele otse vastu astumiseks. See kantav kunstiteos pole mitte ainult aksessuaar, vaid ka teie sisemise s\u00f5dalase s\u00fcmbol, kes on valmis \u00fcletama k\u00f5ik ettetulevad takistused.<\/p>\n<p>Nautige eksklusiivse v\u00f5lu. Las see k\u00e4sitsi valmistatud k\u00e4ev\u00f5ru saab teie kollektsiooni kalliks t\u00e4ienduseks, peegeldades teie ainulaadset stiili ja vankumatut vaimu. Julge seguga j\u00f5hkrast esteetikast ja norra m\u00fctoloogiast k\u00f6idab see kindlasti t\u00e4helepanu k\u00f5ikjal, kuhu l\u00e4hete.<\/p>\n<p>M\u00e4rkus: ideaalse suuruse tellimiseks v\u00f5tke meiega \u00fchendust, n\u00e4itame, kuidas teie randme m\u00f5\u00f5ta.<\/p>\n<p>Vabastage oma sisemine s\u00f5dalane, v\u00f5tke omaks \u00f5uduskiivri ja Odini ronkade s\u00fcmboolika, kasutage l\u00e4bi aegade kestvat iidsete jumalate j\u00f5udu. Tellige oma eksklusiivne k\u00e4sitsi valmistatud k\u00e4ev\u00f5ru juba t\u00e4na ja kogege j\u00f5u, stiili ja ajatu m\u00fctoloogia sulandumist.<\/p>\n","protected":false},"excerpt":{"rendered":"<p>Tutvustame eksklusiivset k\u00e4sitsi valmistatud k\u00e4ev\u00f5ru: j\u00f5hkra stiili ja p\u00f5hjamaise m\u00fctoloogia julge suland Astuge \u00e4geda elegantsi valdkonda meie eksklusiivse k\u00e4sitsi valmistatud k\u00e4ev\u00f5ruga, mis on hoolikalt valmistatud&#8230;<\/p>\n","protected":false},"featured_media":35921,"comment_status":"open","ping_status":"closed","template":"","meta":[],"etheme_brands":[],"product_brand":[],"product_cat":[467],"product_tag":[741,503,506],"class_list":{"0":"post-34357","1":"product","2":"type-product","3":"status-publish","4":"has-post-thumbnail","6":"product_cat-kaevoru","7":"product_tag-ehted-meestele","8":"product_tag-loomalik","9":"product_tag-ruunid","11":"first","12":"instock","13":"shipping-taxable","14":"purchasable","15":"product-type-simple"},"acf":[],"yoast_head":"<!-- This site is optimized with the Yoast SEO Premium plugin v26.5 (Yoast SEO v26.8) - https:\/\/yoast.com\/product\/yoast-seo-premium-wordpress\/ -->\n<title>Eksklusiivne h\u00f5bedast k\u00e4ev\u00f5ru nahkn\u00f6\u00f6ril &quot;The Viking Legend&quot; - Colibri jewels<\/title>\n<meta name=\"robots\" content=\"index, follow, max-snippet:-1, max-image-preview:large, max-video-preview:-1\" \/>\n<link rel=\"canonical\" href=\"https:\/\/colibri-jewels.eu\/et\/toode\/exclusive-silver-bracelet-on-a-leather-cord-the-viking-legend\/\" \/>\n<meta property=\"og:locale\" content=\"et_EE\" \/>\n<meta property=\"og:type\" content=\"article\" \/>\n<meta property=\"og:title\" content=\"Eksklusiivne h\u00f5bedast k\u00e4ev\u00f5ru nahkn\u00f6\u00f6ril &quot;The Viking Legend&quot;\" \/>\n<meta property=\"og:description\" content=\"Tutvustame eksklusiivset k\u00e4sitsi valmistatud k\u00e4ev\u00f5ru: j\u00f5hkra stiili ja p\u00f5hjamaise m\u00fctoloogia julge suland Astuge \u00e4geda elegantsi valdkonda meie eksklusiivse k\u00e4sitsi valmistatud k\u00e4ev\u00f5ruga, mis on hoolikalt valmistatud...\" \/>\n<meta property=\"og:url\" content=\"https:\/\/colibri-jewels.eu\/et\/toode\/exclusive-silver-bracelet-on-a-leather-cord-the-viking-legend\/\" \/>\n<meta property=\"og:site_name\" content=\"Colibri jewels\" \/>\n<meta property=\"article:publisher\" content=\"https:\/\/www.facebook.com\/colibri.jewels\" \/>\n<meta property=\"article:modified_time\" content=\"2023-07-20T17:22:24+00:00\" \/>\n<meta property=\"og:image\" content=\"https:\/\/colibri-jewels.eu\/wp-content\/uploads\/2023\/06\/aegishialmur-odin-ravens-mens-leather-silver-brutal-bracelet-2.jpg\" \/>\n\t<meta property=\"og:image:width\" content=\"1000\" \/>\n\t<meta property=\"og:image:height\" content=\"1000\" \/>\n\t<meta property=\"og:image:type\" content=\"image\/jpeg\" \/>\n<meta name=\"twitter:card\" content=\"summary_large_image\" \/>\n<meta name=\"twitter:label1\" content=\"Est. reading time\" \/>\n\t<meta name=\"twitter:data1\" content=\"2 minutit\" \/>\n<script type=\"application\/ld+json\" class=\"yoast-schema-graph\">{\"@context\":\"https:\/\/schema.org\",\"@graph\":[{\"@type\":\"WebPage\",\"@id\":\"https:\/\/colibri-jewels.eu\/et\/toode\/exclusive-silver-bracelet-on-a-leather-cord-the-viking-legend\/\",\"url\":\"https:\/\/colibri-jewels.eu\/et\/toode\/exclusive-silver-bracelet-on-a-leather-cord-the-viking-legend\/\",\"name\":\"Eksklusiivne h\u00f5bedast k\u00e4ev\u00f5ru nahkn\u00f6\u00f6ril \\\"The Viking Legend\\\" - Colibri jewels\",\"isPartOf\":{\"@id\":\"https:\/\/colibri-jewels.eu\/et\/#website\"},\"primaryImageOfPage\":{\"@id\":\"https:\/\/colibri-jewels.eu\/et\/toode\/exclusive-silver-bracelet-on-a-leather-cord-the-viking-legend\/#primaryimage\"},\"image\":{\"@id\":\"https:\/\/colibri-jewels.eu\/et\/toode\/exclusive-silver-bracelet-on-a-leather-cord-the-viking-legend\/#primaryimage\"},\"thumbnailUrl\":\"https:\/\/colibri-jewels.eu\/wp-content\/uploads\/2023\/06\/aegishialmur-odin-ravens-mens-leather-silver-brutal-bracelet-2.jpg\",\"datePublished\":\"2023-06-09T17:12:50+00:00\",\"dateModified\":\"2023-07-20T17:22:24+00:00\",\"breadcrumb\":{\"@id\":\"https:\/\/colibri-jewels.eu\/et\/toode\/exclusive-silver-bracelet-on-a-leather-cord-the-viking-legend\/#breadcrumb\"},\"inLanguage\":\"et\",\"potentialAction\":[{\"@type\":\"ReadAction\",\"target\":[\"https:\/\/colibri-jewels.eu\/et\/toode\/exclusive-silver-bracelet-on-a-leather-cord-the-viking-legend\/\"]}]},{\"@type\":\"ImageObject\",\"inLanguage\":\"et\",\"@id\":\"https:\/\/colibri-jewels.eu\/et\/toode\/exclusive-silver-bracelet-on-a-leather-cord-the-viking-legend\/#primaryimage\",\"url\":\"https:\/\/colibri-jewels.eu\/wp-content\/uploads\/2023\/06\/aegishialmur-odin-ravens-mens-leather-silver-brutal-bracelet-2.jpg\",\"contentUrl\":\"https:\/\/colibri-jewels.eu\/wp-content\/uploads\/2023\/06\/aegishialmur-odin-ravens-mens-leather-silver-brutal-bracelet-2.jpg\",\"width\":1000,\"height\":1000},{\"@type\":\"BreadcrumbList\",\"@id\":\"https:\/\/colibri-jewels.eu\/et\/toode\/exclusive-silver-bracelet-on-a-leather-cord-the-viking-legend\/#breadcrumb\",\"itemListElement\":[{\"@type\":\"ListItem\",\"position\":1,\"name\":\"\u0413\u043b\u0430\u0432\u043d\u0430\u044f \u0441\u0442\u0440\u0430\u043d\u0438\u0446\u0430\",\"item\":\"https:\/\/colibri-jewels.eu\/et\/\"},{\"@type\":\"ListItem\",\"position\":2,\"name\":\"Pood\",\"item\":\"https:\/\/colibri-jewels.eu\/et\/pood\/\"},{\"@type\":\"ListItem\",\"position\":3,\"name\":\"Eksklusiivne h\u00f5bedast k\u00e4ev\u00f5ru nahkn\u00f6\u00f6ril &#8220;The Viking Legend&#8221;\"}]},{\"@type\":\"WebSite\",\"@id\":\"https:\/\/colibri-jewels.eu\/et\/#website\",\"url\":\"https:\/\/colibri-jewels.eu\/et\/\",\"name\":\"Colibri jewels\",\"description\":\"jewelry shop\",\"publisher\":{\"@id\":\"https:\/\/colibri-jewels.eu\/et\/#organization\"},\"potentialAction\":[{\"@type\":\"SearchAction\",\"target\":{\"@type\":\"EntryPoint\",\"urlTemplate\":\"https:\/\/colibri-jewels.eu\/et\/?s={search_term_string}\"},\"query-input\":{\"@type\":\"PropertyValueSpecification\",\"valueRequired\":true,\"valueName\":\"search_term_string\"}}],\"inLanguage\":\"et\"},{\"@type\":\"Organization\",\"@id\":\"https:\/\/colibri-jewels.eu\/et\/#organization\",\"name\":\"O\u00dc Colibri\",\"url\":\"https:\/\/colibri-jewels.eu\/et\/\",\"logo\":{\"@type\":\"ImageObject\",\"inLanguage\":\"et\",\"@id\":\"https:\/\/colibri-jewels.eu\/et\/#\/schema\/logo\/image\/\",\"url\":\"https:\/\/dev.colibri-jewels.eu\/wp-content\/uploads\/2021\/03\/colibri.png\",\"contentUrl\":\"https:\/\/dev.colibri-jewels.eu\/wp-content\/uploads\/2021\/03\/colibri.png\",\"width\":227,\"height\":130,\"caption\":\"O\u00dc Colibri\"},\"image\":{\"@id\":\"https:\/\/colibri-jewels.eu\/et\/#\/schema\/logo\/image\/\"},\"sameAs\":[\"https:\/\/www.facebook.com\/colibri.jewels\",\"https:\/\/www.instagram.com\/colibri.jewels\",\"https:\/\/www.tiktok.com\/colibri.jewels\"]}]}<\/script>\n<!-- \/ Yoast SEO Premium plugin. -->","yoast_head_json":{"title":"Eksklusiivne h\u00f5bedast k\u00e4ev\u00f5ru nahkn\u00f6\u00f6ril \"The Viking Legend\" - Colibri jewels","robots":{"index":"index","follow":"follow","max-snippet":"max-snippet:-1","max-image-preview":"max-image-preview:large","max-video-preview":"max-video-preview:-1"},"canonical":"https:\/\/colibri-jewels.eu\/et\/toode\/exclusive-silver-bracelet-on-a-leather-cord-the-viking-legend\/","og_locale":"et_EE","og_type":"article","og_title":"Eksklusiivne h\u00f5bedast k\u00e4ev\u00f5ru nahkn\u00f6\u00f6ril \"The Viking Legend\"","og_description":"Tutvustame eksklusiivset k\u00e4sitsi valmistatud k\u00e4ev\u00f5ru: j\u00f5hkra stiili ja p\u00f5hjamaise m\u00fctoloogia julge suland Astuge \u00e4geda elegantsi valdkonda meie eksklusiivse k\u00e4sitsi valmistatud k\u00e4ev\u00f5ruga, mis on hoolikalt valmistatud...","og_url":"https:\/\/colibri-jewels.eu\/et\/toode\/exclusive-silver-bracelet-on-a-leather-cord-the-viking-legend\/","og_site_name":"Colibri jewels","article_publisher":"https:\/\/www.facebook.com\/colibri.jewels","article_modified_time":"2023-07-20T17:22:24+00:00","og_image":[{"width":1000,"height":1000,"url":"https:\/\/colibri-jewels.eu\/wp-content\/uploads\/2023\/06\/aegishialmur-odin-ravens-mens-leather-silver-brutal-bracelet-2.jpg","type":"image\/jpeg"}],"twitter_card":"summary_large_image","twitter_misc":{"Est. reading time":"2 minutit"},"schema":{"@context":"https:\/\/schema.org","@graph":[{"@type":"WebPage","@id":"https:\/\/colibri-jewels.eu\/et\/toode\/exclusive-silver-bracelet-on-a-leather-cord-the-viking-legend\/","url":"https:\/\/colibri-jewels.eu\/et\/toode\/exclusive-silver-bracelet-on-a-leather-cord-the-viking-legend\/","name":"Eksklusiivne h\u00f5bedast k\u00e4ev\u00f5ru nahkn\u00f6\u00f6ril \"The Viking Legend\" - Colibri jewels","isPartOf":{"@id":"https:\/\/colibri-jewels.eu\/et\/#website"},"primaryImageOfPage":{"@id":"https:\/\/colibri-jewels.eu\/et\/toode\/exclusive-silver-bracelet-on-a-leather-cord-the-viking-legend\/#primaryimage"},"image":{"@id":"https:\/\/colibri-jewels.eu\/et\/toode\/exclusive-silver-bracelet-on-a-leather-cord-the-viking-legend\/#primaryimage"},"thumbnailUrl":"https:\/\/colibri-jewels.eu\/wp-content\/uploads\/2023\/06\/aegishialmur-odin-ravens-mens-leather-silver-brutal-bracelet-2.jpg","datePublished":"2023-06-09T17:12:50+00:00","dateModified":"2023-07-20T17:22:24+00:00","breadcrumb":{"@id":"https:\/\/colibri-jewels.eu\/et\/toode\/exclusive-silver-bracelet-on-a-leather-cord-the-viking-legend\/#breadcrumb"},"inLanguage":"et","potentialAction":[{"@type":"ReadAction","target":["https:\/\/colibri-jewels.eu\/et\/toode\/exclusive-silver-bracelet-on-a-leather-cord-the-viking-legend\/"]}]},{"@type":"ImageObject","inLanguage":"et","@id":"https:\/\/colibri-jewels.eu\/et\/toode\/exclusive-silver-bracelet-on-a-leather-cord-the-viking-legend\/#primaryimage","url":"https:\/\/colibri-jewels.eu\/wp-content\/uploads\/2023\/06\/aegishialmur-odin-ravens-mens-leather-silver-brutal-bracelet-2.jpg","contentUrl":"https:\/\/colibri-jewels.eu\/wp-content\/uploads\/2023\/06\/aegishialmur-odin-ravens-mens-leather-silver-brutal-bracelet-2.jpg","width":1000,"height":1000},{"@type":"BreadcrumbList","@id":"https:\/\/colibri-jewels.eu\/et\/toode\/exclusive-silver-bracelet-on-a-leather-cord-the-viking-legend\/#breadcrumb","itemListElement":[{"@type":"ListItem","position":1,"name":"\u0413\u043b\u0430\u0432\u043d\u0430\u044f \u0441\u0442\u0440\u0430\u043d\u0438\u0446\u0430","item":"https:\/\/colibri-jewels.eu\/et\/"},{"@type":"ListItem","position":2,"name":"Pood","item":"https:\/\/colibri-jewels.eu\/et\/pood\/"},{"@type":"ListItem","position":3,"name":"Eksklusiivne h\u00f5bedast k\u00e4ev\u00f5ru nahkn\u00f6\u00f6ril &#8220;The Viking Legend&#8221;"}]},{"@type":"WebSite","@id":"https:\/\/colibri-jewels.eu\/et\/#website","url":"https:\/\/colibri-jewels.eu\/et\/","name":"Colibri jewels","description":"jewelry shop","publisher":{"@id":"https:\/\/colibri-jewels.eu\/et\/#organization"},"potentialAction":[{"@type":"SearchAction","target":{"@type":"EntryPoint","urlTemplate":"https:\/\/colibri-jewels.eu\/et\/?s={search_term_string}"},"query-input":{"@type":"PropertyValueSpecification","valueRequired":true,"valueName":"search_term_string"}}],"inLanguage":"et"},{"@type":"Organization","@id":"https:\/\/colibri-jewels.eu\/et\/#organization","name":"O\u00dc Colibri","url":"https:\/\/colibri-jewels.eu\/et\/","logo":{"@type":"ImageObject","inLanguage":"et","@id":"https:\/\/colibri-jewels.eu\/et\/#\/schema\/logo\/image\/","url":"https:\/\/dev.colibri-jewels.eu\/wp-content\/uploads\/2021\/03\/colibri.png","contentUrl":"https:\/\/dev.colibri-jewels.eu\/wp-content\/uploads\/2021\/03\/colibri.png","width":227,"height":130,"caption":"O\u00dc Colibri"},"image":{"@id":"https:\/\/colibri-jewels.eu\/et\/#\/schema\/logo\/image\/"},"sameAs":["https:\/\/www.facebook.com\/colibri.jewels","https:\/\/www.instagram.com\/colibri.jewels","https:\/\/www.tiktok.com\/colibri.jewels"]}]}},"_links":{"self":[{"href":"https:\/\/colibri-jewels.eu\/et\/wp-json\/wp\/v2\/product\/34357","targetHints":{"allow":["GET"]}}],"collection":[{"href":"https:\/\/colibri-jewels.eu\/et\/wp-json\/wp\/v2\/product"}],"about":[{"href":"https:\/\/colibri-jewels.eu\/et\/wp-json\/wp\/v2\/types\/product"}],"replies":[{"embeddable":true,"href":"https:\/\/colibri-jewels.eu\/et\/wp-json\/wp\/v2\/comments?post=34357"}],"version-history":[{"count":0,"href":"https:\/\/colibri-jewels.eu\/et\/wp-json\/wp\/v2\/product\/34357\/revisions"}],"wp:featuredmedia":[{"embeddable":true,"href":"https:\/\/colibri-jewels.eu\/et\/wp-json\/wp\/v2\/media\/35921"}],"wp:attachment":[{"href":"https:\/\/colibri-jewels.eu\/et\/wp-json\/wp\/v2\/media?parent=34357"}],"wp:term":[{"taxonomy":"brand","embeddable":true,"href":"https:\/\/colibri-jewels.eu\/et\/wp-json\/wp\/v2\/etheme_brands?post=34357"},{"taxonomy":"product_brand","embeddable":true,"href":"https:\/\/colibri-jewels.eu\/et\/wp-json\/wp\/v2\/product_brand?post=34357"},{"taxonomy":"product_cat","embeddable":true,"href":"https:\/\/colibri-jewels.eu\/et\/wp-json\/wp\/v2\/product_cat?post=34357"},{"taxonomy":"product_tag","embeddable":true,"href":"https:\/\/colibri-jewels.eu\/et\/wp-json\/wp\/v2\/product_tag?post=34357"}],"curies":[{"name":"wp","href":"https:\/\/api.w.org\/{rel}","templated":true}]}}