{"id":34372,"date":"2023-06-09T20:57:35","date_gmt":"2023-06-09T17:57:35","guid":{"rendered":"https:\/\/dev.colibri-jewels.eu\/product\/hobedast-kaevoru-skandinaavia-kollektsioonist-ouduse-kiiver\/"},"modified":"2023-07-20T20:21:26","modified_gmt":"2023-07-20T17:21:26","slug":"silver-bracelet-from-scandinavian-collection-helmet-of-horror","status":"publish","type":"product","link":"https:\/\/colibri-jewels.eu\/et\/toode\/silver-bracelet-from-scandinavian-collection-helmet-of-horror\/","title":{"rendered":"H\u00f5bedast k\u00e4ev\u00f5ru Skandinaavia kollektsioonist &#8220;\u00d5uduse kiiver&#8221;"},"content":{"rendered":"<p>Tutvustame eksklusiivset k\u00e4sitsi valmistatud k\u00e4ev\u00f5ru: julge tugevuse ja stiili s\u00fcmbol<\/p>\n<p>Vabastage oma sisemine s\u00f5dalane meie eksklusiivse k\u00e4sitsi valmistatud k\u00e4ev\u00f5ruga, mis on v\u00e4iksem, kuid samas silmatorkav versioon selle suurep\u00e4rasest vastest. Sellest \u00f5uduskiivri s\u00fcmboliga k\u00e4ev\u00f5rust \u00f5hkub j\u00f5u ja vastupidavuse tunnet, mist\u00f5ttu on see ideaalne valik neile, kes omaks omaks j\u00f5hkrat stiili. T\u00e4iuslikult meisterdatud t\u00fckk sobib nii h\u00e4rradele kui ka daamidele, kes soovivad oma ehete kaudu julgelt v\u00e4ljenduda.<\/p>\n<p>Selle t\u00e4helepanuv\u00e4\u00e4rse k\u00e4ev\u00f5ru keskmes on \u00f5uduskiivri s\u00fcmbol \u2013 embleem, mis kehastab j\u00f5udu, julgust ja s\u00f5dalaste vankumatut vaimu. See s\u00fcmboolika, mis on hoolikalt valmistatud keerukate detailide ja muljetavaldava n\u00e4oga, tuletab pidevalt meelde teie alistamatut tahet ja sihikindlust \u00fcletada k\u00f5ik ettetulevad v\u00e4ljakutsed. Oma j\u00f5ulise kohalolekuga t\u00f5mbab see t\u00e4helepanu ja \u00f5hkab kartmatuse aurat.<\/p>\n<p>See k\u00e4ev\u00f5ru v\u00e4iksem versioon, mis on disainitud nii stiilile kui ka mugavusele, sobib suurep\u00e4raselt inimestele, kes eelistavad \u00f5rnemat puudutust, kuid samas on omaks julm esteetika. Selle rafineeritud suurus v\u00f5imaldab h\u00f5lpsat kandmist, pakkudes mugavat istuvust nii igap\u00e4evaseks kandmiseks kui ka erilistel puhkudel. T\u00e4helepanu detailidele viimistlemisel tagab, et selle k\u00e4ev\u00f5ru iga aspekt peegeldab k\u00f5rgeimaid kvaliteedistandardeid.<\/p>\n<p>See eksklusiivne k\u00e4sitsi valmistatud k\u00e4ev\u00f5ru on tunnistus tugevuse ja stiili sulandumisest. Selle k\u00fctkestav disain t\u00e4iendab laia valikut r\u00f5ivaid, alates vabaajar\u00f5ivastest kuni ametlikumate komplektideni. See toimib v\u00f5imsa aksessuaarina, mis lisab teie v\u00e4limusele teravust, j\u00e4ttes p\u00fcsiva mulje k\u00f5ikjal, kuhu l\u00e4hete.<\/p>\n<p>See kire ja asjatundlikkusega valmistatud k\u00e4sitsi valmistatud k\u00e4ev\u00f5ru on t\u00f5eline kunstiteos. Iga detail on hoolikalt meisterdatud, kasutades esmaklassilisi materjale, et tagada vastupidavus ja pikaealisus. P\u00fchendumine tipptasemele paistab l\u00e4bi igas detailis, muutes selle t\u00fcki v\u00e4\u00e4rtuslikuks lisandiks teie ehtekollektsioonile.<\/p>\n<p>Tundke omaks j\u00f5u ja stiili v\u00f5lu meie eksklusiivse k\u00e4sitsi valmistatud k\u00e4ev\u00f5ruga. Olenemata sellest, kas olete h\u00e4rrasmees, kes otsib julget aksessuaari, v\u00f5i daam, kes eelistab j\u00f5hkrat elegantsi, see k\u00e4ev\u00f5ru on loodud muljet avaldama. Tellige oma juba t\u00e4na ja laske \u00f5uduskiivri s\u00fcmbolil saada teie vankumatu sihikindluse ja vankumatu vaimu peegelduseks.<\/p>\n","protected":false},"excerpt":{"rendered":"<p>Tutvustame eksklusiivset k\u00e4sitsi valmistatud k\u00e4ev\u00f5ru: julge tugevuse ja stiili s\u00fcmbol Vabastage oma sisemine s\u00f5dalane meie eksklusiivse k\u00e4sitsi valmistatud k\u00e4ev\u00f5ruga, mis on v\u00e4iksem, kuid samas silmatorkav&#8230;<\/p>\n","protected":false},"featured_media":35927,"comment_status":"open","ping_status":"closed","template":"","meta":[],"etheme_brands":[],"product_brand":[],"product_cat":[467],"product_tag":[741,506],"class_list":{"0":"post-34372","1":"product","2":"type-product","3":"status-publish","4":"has-post-thumbnail","6":"product_cat-kaevoru","7":"product_tag-ehted-meestele","8":"product_tag-ruunid","10":"first","11":"instock","12":"shipping-taxable","13":"purchasable","14":"product-type-simple"},"acf":[],"yoast_head":"<!-- This site is optimized with the Yoast SEO Premium plugin v26.5 (Yoast SEO v26.8) - https:\/\/yoast.com\/product\/yoast-seo-premium-wordpress\/ -->\n<title>H\u00f5bedast k\u00e4ev\u00f5ru Skandinaavia kollektsioonist &quot;\u00d5uduse kiiver&quot; - Colibri jewels<\/title>\n<meta name=\"robots\" content=\"index, follow, max-snippet:-1, max-image-preview:large, max-video-preview:-1\" \/>\n<link rel=\"canonical\" href=\"https:\/\/colibri-jewels.eu\/et\/toode\/silver-bracelet-from-scandinavian-collection-helmet-of-horror\/\" \/>\n<meta property=\"og:locale\" content=\"et_EE\" \/>\n<meta property=\"og:type\" content=\"article\" \/>\n<meta property=\"og:title\" content=\"H\u00f5bedast k\u00e4ev\u00f5ru Skandinaavia kollektsioonist &quot;\u00d5uduse kiiver&quot;\" \/>\n<meta property=\"og:description\" content=\"Tutvustame eksklusiivset k\u00e4sitsi valmistatud k\u00e4ev\u00f5ru: julge tugevuse ja stiili s\u00fcmbol Vabastage oma sisemine s\u00f5dalane meie eksklusiivse k\u00e4sitsi valmistatud k\u00e4ev\u00f5ruga, mis on v\u00e4iksem, kuid samas silmatorkav...\" \/>\n<meta property=\"og:url\" content=\"https:\/\/colibri-jewels.eu\/et\/toode\/silver-bracelet-from-scandinavian-collection-helmet-of-horror\/\" \/>\n<meta property=\"og:site_name\" content=\"Colibri jewels\" \/>\n<meta property=\"article:publisher\" content=\"https:\/\/www.facebook.com\/colibri.jewels\" \/>\n<meta property=\"article:modified_time\" content=\"2023-07-20T17:21:26+00:00\" \/>\n<meta property=\"og:image\" content=\"https:\/\/colibri-jewels.eu\/wp-content\/uploads\/2023\/06\/aegivialmur-leather-silver-scandinavian-bracelet.jpg\" \/>\n\t<meta property=\"og:image:width\" content=\"1000\" \/>\n\t<meta property=\"og:image:height\" content=\"1000\" \/>\n\t<meta property=\"og:image:type\" content=\"image\/jpeg\" \/>\n<meta name=\"twitter:card\" content=\"summary_large_image\" \/>\n<meta name=\"twitter:label1\" content=\"Est. reading time\" \/>\n\t<meta name=\"twitter:data1\" content=\"2 minutit\" \/>\n<script type=\"application\/ld+json\" class=\"yoast-schema-graph\">{\"@context\":\"https:\/\/schema.org\",\"@graph\":[{\"@type\":\"WebPage\",\"@id\":\"https:\/\/colibri-jewels.eu\/et\/toode\/silver-bracelet-from-scandinavian-collection-helmet-of-horror\/\",\"url\":\"https:\/\/colibri-jewels.eu\/et\/toode\/silver-bracelet-from-scandinavian-collection-helmet-of-horror\/\",\"name\":\"H\u00f5bedast k\u00e4ev\u00f5ru Skandinaavia kollektsioonist \\\"\u00d5uduse kiiver\\\" - Colibri jewels\",\"isPartOf\":{\"@id\":\"https:\/\/colibri-jewels.eu\/et\/#website\"},\"primaryImageOfPage\":{\"@id\":\"https:\/\/colibri-jewels.eu\/et\/toode\/silver-bracelet-from-scandinavian-collection-helmet-of-horror\/#primaryimage\"},\"image\":{\"@id\":\"https:\/\/colibri-jewels.eu\/et\/toode\/silver-bracelet-from-scandinavian-collection-helmet-of-horror\/#primaryimage\"},\"thumbnailUrl\":\"https:\/\/colibri-jewels.eu\/wp-content\/uploads\/2023\/06\/aegivialmur-leather-silver-scandinavian-bracelet.jpg\",\"datePublished\":\"2023-06-09T17:57:35+00:00\",\"dateModified\":\"2023-07-20T17:21:26+00:00\",\"breadcrumb\":{\"@id\":\"https:\/\/colibri-jewels.eu\/et\/toode\/silver-bracelet-from-scandinavian-collection-helmet-of-horror\/#breadcrumb\"},\"inLanguage\":\"et\",\"potentialAction\":[{\"@type\":\"ReadAction\",\"target\":[\"https:\/\/colibri-jewels.eu\/et\/toode\/silver-bracelet-from-scandinavian-collection-helmet-of-horror\/\"]}]},{\"@type\":\"ImageObject\",\"inLanguage\":\"et\",\"@id\":\"https:\/\/colibri-jewels.eu\/et\/toode\/silver-bracelet-from-scandinavian-collection-helmet-of-horror\/#primaryimage\",\"url\":\"https:\/\/colibri-jewels.eu\/wp-content\/uploads\/2023\/06\/aegivialmur-leather-silver-scandinavian-bracelet.jpg\",\"contentUrl\":\"https:\/\/colibri-jewels.eu\/wp-content\/uploads\/2023\/06\/aegivialmur-leather-silver-scandinavian-bracelet.jpg\",\"width\":1000,\"height\":1000},{\"@type\":\"BreadcrumbList\",\"@id\":\"https:\/\/colibri-jewels.eu\/et\/toode\/silver-bracelet-from-scandinavian-collection-helmet-of-horror\/#breadcrumb\",\"itemListElement\":[{\"@type\":\"ListItem\",\"position\":1,\"name\":\"\u0413\u043b\u0430\u0432\u043d\u0430\u044f \u0441\u0442\u0440\u0430\u043d\u0438\u0446\u0430\",\"item\":\"https:\/\/colibri-jewels.eu\/et\/\"},{\"@type\":\"ListItem\",\"position\":2,\"name\":\"Pood\",\"item\":\"https:\/\/colibri-jewels.eu\/et\/pood\/\"},{\"@type\":\"ListItem\",\"position\":3,\"name\":\"H\u00f5bedast k\u00e4ev\u00f5ru Skandinaavia kollektsioonist &#8220;\u00d5uduse kiiver&#8221;\"}]},{\"@type\":\"WebSite\",\"@id\":\"https:\/\/colibri-jewels.eu\/et\/#website\",\"url\":\"https:\/\/colibri-jewels.eu\/et\/\",\"name\":\"Colibri jewels\",\"description\":\"jewelry shop\",\"publisher\":{\"@id\":\"https:\/\/colibri-jewels.eu\/et\/#organization\"},\"potentialAction\":[{\"@type\":\"SearchAction\",\"target\":{\"@type\":\"EntryPoint\",\"urlTemplate\":\"https:\/\/colibri-jewels.eu\/et\/?s={search_term_string}\"},\"query-input\":{\"@type\":\"PropertyValueSpecification\",\"valueRequired\":true,\"valueName\":\"search_term_string\"}}],\"inLanguage\":\"et\"},{\"@type\":\"Organization\",\"@id\":\"https:\/\/colibri-jewels.eu\/et\/#organization\",\"name\":\"O\u00dc Colibri\",\"url\":\"https:\/\/colibri-jewels.eu\/et\/\",\"logo\":{\"@type\":\"ImageObject\",\"inLanguage\":\"et\",\"@id\":\"https:\/\/colibri-jewels.eu\/et\/#\/schema\/logo\/image\/\",\"url\":\"https:\/\/dev.colibri-jewels.eu\/wp-content\/uploads\/2021\/03\/colibri.png\",\"contentUrl\":\"https:\/\/dev.colibri-jewels.eu\/wp-content\/uploads\/2021\/03\/colibri.png\",\"width\":227,\"height\":130,\"caption\":\"O\u00dc Colibri\"},\"image\":{\"@id\":\"https:\/\/colibri-jewels.eu\/et\/#\/schema\/logo\/image\/\"},\"sameAs\":[\"https:\/\/www.facebook.com\/colibri.jewels\",\"https:\/\/www.instagram.com\/colibri.jewels\",\"https:\/\/www.tiktok.com\/colibri.jewels\"]}]}<\/script>\n<!-- \/ Yoast SEO Premium plugin. -->","yoast_head_json":{"title":"H\u00f5bedast k\u00e4ev\u00f5ru Skandinaavia kollektsioonist \"\u00d5uduse kiiver\" - Colibri jewels","robots":{"index":"index","follow":"follow","max-snippet":"max-snippet:-1","max-image-preview":"max-image-preview:large","max-video-preview":"max-video-preview:-1"},"canonical":"https:\/\/colibri-jewels.eu\/et\/toode\/silver-bracelet-from-scandinavian-collection-helmet-of-horror\/","og_locale":"et_EE","og_type":"article","og_title":"H\u00f5bedast k\u00e4ev\u00f5ru Skandinaavia kollektsioonist \"\u00d5uduse kiiver\"","og_description":"Tutvustame eksklusiivset k\u00e4sitsi valmistatud k\u00e4ev\u00f5ru: julge tugevuse ja stiili s\u00fcmbol Vabastage oma sisemine s\u00f5dalane meie eksklusiivse k\u00e4sitsi valmistatud k\u00e4ev\u00f5ruga, mis on v\u00e4iksem, kuid samas silmatorkav...","og_url":"https:\/\/colibri-jewels.eu\/et\/toode\/silver-bracelet-from-scandinavian-collection-helmet-of-horror\/","og_site_name":"Colibri jewels","article_publisher":"https:\/\/www.facebook.com\/colibri.jewels","article_modified_time":"2023-07-20T17:21:26+00:00","og_image":[{"width":1000,"height":1000,"url":"https:\/\/colibri-jewels.eu\/wp-content\/uploads\/2023\/06\/aegivialmur-leather-silver-scandinavian-bracelet.jpg","type":"image\/jpeg"}],"twitter_card":"summary_large_image","twitter_misc":{"Est. reading time":"2 minutit"},"schema":{"@context":"https:\/\/schema.org","@graph":[{"@type":"WebPage","@id":"https:\/\/colibri-jewels.eu\/et\/toode\/silver-bracelet-from-scandinavian-collection-helmet-of-horror\/","url":"https:\/\/colibri-jewels.eu\/et\/toode\/silver-bracelet-from-scandinavian-collection-helmet-of-horror\/","name":"H\u00f5bedast k\u00e4ev\u00f5ru Skandinaavia kollektsioonist \"\u00d5uduse kiiver\" - Colibri jewels","isPartOf":{"@id":"https:\/\/colibri-jewels.eu\/et\/#website"},"primaryImageOfPage":{"@id":"https:\/\/colibri-jewels.eu\/et\/toode\/silver-bracelet-from-scandinavian-collection-helmet-of-horror\/#primaryimage"},"image":{"@id":"https:\/\/colibri-jewels.eu\/et\/toode\/silver-bracelet-from-scandinavian-collection-helmet-of-horror\/#primaryimage"},"thumbnailUrl":"https:\/\/colibri-jewels.eu\/wp-content\/uploads\/2023\/06\/aegivialmur-leather-silver-scandinavian-bracelet.jpg","datePublished":"2023-06-09T17:57:35+00:00","dateModified":"2023-07-20T17:21:26+00:00","breadcrumb":{"@id":"https:\/\/colibri-jewels.eu\/et\/toode\/silver-bracelet-from-scandinavian-collection-helmet-of-horror\/#breadcrumb"},"inLanguage":"et","potentialAction":[{"@type":"ReadAction","target":["https:\/\/colibri-jewels.eu\/et\/toode\/silver-bracelet-from-scandinavian-collection-helmet-of-horror\/"]}]},{"@type":"ImageObject","inLanguage":"et","@id":"https:\/\/colibri-jewels.eu\/et\/toode\/silver-bracelet-from-scandinavian-collection-helmet-of-horror\/#primaryimage","url":"https:\/\/colibri-jewels.eu\/wp-content\/uploads\/2023\/06\/aegivialmur-leather-silver-scandinavian-bracelet.jpg","contentUrl":"https:\/\/colibri-jewels.eu\/wp-content\/uploads\/2023\/06\/aegivialmur-leather-silver-scandinavian-bracelet.jpg","width":1000,"height":1000},{"@type":"BreadcrumbList","@id":"https:\/\/colibri-jewels.eu\/et\/toode\/silver-bracelet-from-scandinavian-collection-helmet-of-horror\/#breadcrumb","itemListElement":[{"@type":"ListItem","position":1,"name":"\u0413\u043b\u0430\u0432\u043d\u0430\u044f \u0441\u0442\u0440\u0430\u043d\u0438\u0446\u0430","item":"https:\/\/colibri-jewels.eu\/et\/"},{"@type":"ListItem","position":2,"name":"Pood","item":"https:\/\/colibri-jewels.eu\/et\/pood\/"},{"@type":"ListItem","position":3,"name":"H\u00f5bedast k\u00e4ev\u00f5ru Skandinaavia kollektsioonist &#8220;\u00d5uduse kiiver&#8221;"}]},{"@type":"WebSite","@id":"https:\/\/colibri-jewels.eu\/et\/#website","url":"https:\/\/colibri-jewels.eu\/et\/","name":"Colibri jewels","description":"jewelry shop","publisher":{"@id":"https:\/\/colibri-jewels.eu\/et\/#organization"},"potentialAction":[{"@type":"SearchAction","target":{"@type":"EntryPoint","urlTemplate":"https:\/\/colibri-jewels.eu\/et\/?s={search_term_string}"},"query-input":{"@type":"PropertyValueSpecification","valueRequired":true,"valueName":"search_term_string"}}],"inLanguage":"et"},{"@type":"Organization","@id":"https:\/\/colibri-jewels.eu\/et\/#organization","name":"O\u00dc Colibri","url":"https:\/\/colibri-jewels.eu\/et\/","logo":{"@type":"ImageObject","inLanguage":"et","@id":"https:\/\/colibri-jewels.eu\/et\/#\/schema\/logo\/image\/","url":"https:\/\/dev.colibri-jewels.eu\/wp-content\/uploads\/2021\/03\/colibri.png","contentUrl":"https:\/\/dev.colibri-jewels.eu\/wp-content\/uploads\/2021\/03\/colibri.png","width":227,"height":130,"caption":"O\u00dc Colibri"},"image":{"@id":"https:\/\/colibri-jewels.eu\/et\/#\/schema\/logo\/image\/"},"sameAs":["https:\/\/www.facebook.com\/colibri.jewels","https:\/\/www.instagram.com\/colibri.jewels","https:\/\/www.tiktok.com\/colibri.jewels"]}]}},"_links":{"self":[{"href":"https:\/\/colibri-jewels.eu\/et\/wp-json\/wp\/v2\/product\/34372","targetHints":{"allow":["GET"]}}],"collection":[{"href":"https:\/\/colibri-jewels.eu\/et\/wp-json\/wp\/v2\/product"}],"about":[{"href":"https:\/\/colibri-jewels.eu\/et\/wp-json\/wp\/v2\/types\/product"}],"replies":[{"embeddable":true,"href":"https:\/\/colibri-jewels.eu\/et\/wp-json\/wp\/v2\/comments?post=34372"}],"version-history":[{"count":0,"href":"https:\/\/colibri-jewels.eu\/et\/wp-json\/wp\/v2\/product\/34372\/revisions"}],"wp:featuredmedia":[{"embeddable":true,"href":"https:\/\/colibri-jewels.eu\/et\/wp-json\/wp\/v2\/media\/35927"}],"wp:attachment":[{"href":"https:\/\/colibri-jewels.eu\/et\/wp-json\/wp\/v2\/media?parent=34372"}],"wp:term":[{"taxonomy":"brand","embeddable":true,"href":"https:\/\/colibri-jewels.eu\/et\/wp-json\/wp\/v2\/etheme_brands?post=34372"},{"taxonomy":"product_brand","embeddable":true,"href":"https:\/\/colibri-jewels.eu\/et\/wp-json\/wp\/v2\/product_brand?post=34372"},{"taxonomy":"product_cat","embeddable":true,"href":"https:\/\/colibri-jewels.eu\/et\/wp-json\/wp\/v2\/product_cat?post=34372"},{"taxonomy":"product_tag","embeddable":true,"href":"https:\/\/colibri-jewels.eu\/et\/wp-json\/wp\/v2\/product_tag?post=34372"}],"curies":[{"name":"wp","href":"https:\/\/api.w.org\/{rel}","templated":true}]}}