{"id":34387,"date":"2023-06-09T21:22:37","date_gmt":"2023-06-09T18:22:37","guid":{"rendered":"https:\/\/dev.colibri-jewels.eu\/product\/eksklusiivne-hobedast-kaelakee-aegishialmur\/"},"modified":"2023-07-20T20:13:44","modified_gmt":"2023-07-20T17:13:44","slug":"exclusive-silver-necklace-aegishialmur","status":"publish","type":"product","link":"https:\/\/colibri-jewels.eu\/et\/toode\/exclusive-silver-necklace-aegishialmur\/","title":{"rendered":"Eksklusiivne h\u00f5bedast kaelakee &#8220;Aegishialmur&#8221;"},"content":{"rendered":"<p>Tutvustame stiilset ja j\u00f5hkrat h\u00f5bedast kaelakeed nahkn\u00f6\u00f6ril: Skandinaavia ikoon<\/p>\n<p>Suurendage oma stiili meie erakordse nahkn\u00f6\u00f6riga h\u00f5bedase kaelakeega, mis on suurep\u00e4rane t\u00fckk, mis on inspireeritud \u00f5uduskiivri s\u00fcmboli toorest j\u00f5ust ja m\u00fcstikast. See kaelakee, mille valmistamisel on p\u00f6\u00f6ratud erilist t\u00e4helepanu detailidele, \u00fchendab sujuvalt stiil ja j\u00f5hkrus, muutes selle ideaalseks aksessuaariks nii vabaaja T-s\u00e4rkide kui ka ametlikuma r\u00f5ivastuse t\u00e4iendamiseks.<\/p>\n<p>Selle k\u00fctkestava kaelakee keskmes on \u00f5uduskiivri s\u00fcmbol \u2013 v\u00f5imas embleem, mis kehastab j\u00f5udu, julgust ja vankumatut vaimu. Vapustavast h\u00f5bedast valmistatud s\u00fcmboli keerukad detailid ja valdav kohalolek loovad k\u00fctkestava fookuspunkti. Kui kannate seda kaelakeed, olgu see pidev meeldetuletus teie sisemisest vastupidavusest ja sihikindlusest, andes teile v\u00f5imaluse \u00fcletada k\u00f5ik ettetulevad v\u00e4ljakutsed.<\/p>\n<p>H\u00f5bedase ripatsi k\u00f5rvutamine n\u00f5tke nahkn\u00f6\u00f6riga loob julge kontrasti, millest \u00f5hkub \u00fchtaegu karmust ja rafineeritust. Pehme, ehtne nahk tagab mugava istuvuse, mist\u00f5ttu sobib see kogu p\u00e4evaks kandmiseks. Olenemata sellest, kas valite selle siduda vabaaja t-s\u00e4rgiga v\u00f5i vormistate selle ametlikuma s\u00e4rgiga, lisab see kaelakee igale riietusele vaevata brutaalset elegantsi.<\/p>\n<p>\u00dclima t\u00e4psusega valmistatud h\u00f5bedane nahast n\u00f6\u00f6riga kaelakee annab tunnistust k\u00f5rgeimatest kvaliteedistandarditest. Selle loomisel kasutatud esmaklassilised materjalid tagavad vastupidavuse ja pikaealisuse, v\u00f5imaldades teil nautida seda t\u00fckki kogu elu. Iga element on hoolikalt valmistatud, tagades, et iga kaelakee on t\u00f5eline kunstiteos.<\/p>\n<p>Tundke omaks Skandinaavia kollektsiooni v\u00f5lu meie nahkn\u00f6\u00f6riga h\u00f5bedase kaelakeega. Olgu \u00f5uduskiivri s\u00fcmbolil teie j\u00f5u ja stiili silmatorkav peegeldus. Tellige oma juba t\u00e4na ja kogege j\u00f5hkra elegantsi ja ajatu moe sulandumist. Suurendage oma v\u00e4limust, tehke avaldus ja vabastage sisemine j\u00f5ud.<\/p>\n","protected":false},"excerpt":{"rendered":"<p>Tutvustame stiilset ja j\u00f5hkrat h\u00f5bedast kaelakeed nahkn\u00f6\u00f6ril: Skandinaavia ikoon Suurendage oma stiili meie erakordse nahkn\u00f6\u00f6riga h\u00f5bedase kaelakeega, mis on suurep\u00e4rane t\u00fckk, mis on inspireeritud \u00f5uduskiivri&#8230;<\/p>\n","protected":false},"featured_media":35933,"comment_status":"open","ping_status":"closed","template":"","meta":[],"etheme_brands":[],"product_brand":[],"product_cat":[470],"product_tag":[741,506],"class_list":{"0":"post-34387","1":"product","2":"type-product","3":"status-publish","4":"has-post-thumbnail","6":"product_cat-kaelakeed-ja-ripatsid","7":"product_tag-ehted-meestele","8":"product_tag-ruunid","10":"first","11":"instock","12":"shipping-taxable","13":"purchasable","14":"product-type-simple"},"acf":[],"yoast_head":"<!-- This site is optimized with the Yoast SEO Premium plugin v26.5 (Yoast SEO v26.8) - https:\/\/yoast.com\/product\/yoast-seo-premium-wordpress\/ -->\n<title>Eksklusiivne h\u00f5bedast kaelakee &quot;Aegishialmur&quot; - Colibri jewels<\/title>\n<meta name=\"robots\" content=\"index, follow, max-snippet:-1, max-image-preview:large, max-video-preview:-1\" \/>\n<link rel=\"canonical\" href=\"https:\/\/colibri-jewels.eu\/et\/toode\/exclusive-silver-necklace-aegishialmur\/\" \/>\n<meta property=\"og:locale\" content=\"et_EE\" \/>\n<meta property=\"og:type\" content=\"article\" \/>\n<meta property=\"og:title\" content=\"Eksklusiivne h\u00f5bedast kaelakee &quot;Aegishialmur&quot;\" \/>\n<meta property=\"og:description\" content=\"Tutvustame stiilset ja j\u00f5hkrat h\u00f5bedast kaelakeed nahkn\u00f6\u00f6ril: Skandinaavia ikoon Suurendage oma stiili meie erakordse nahkn\u00f6\u00f6riga h\u00f5bedase kaelakeega, mis on suurep\u00e4rane t\u00fckk, mis on inspireeritud \u00f5uduskiivri...\" \/>\n<meta property=\"og:url\" content=\"https:\/\/colibri-jewels.eu\/et\/toode\/exclusive-silver-necklace-aegishialmur\/\" \/>\n<meta property=\"og:site_name\" content=\"Colibri jewels\" \/>\n<meta property=\"article:publisher\" content=\"https:\/\/www.facebook.com\/colibri.jewels\" \/>\n<meta property=\"article:modified_time\" content=\"2023-07-20T17:13:44+00:00\" \/>\n<meta property=\"og:image\" content=\"https:\/\/colibri-jewels.eu\/wp-content\/uploads\/2023\/06\/brutal-men-silver-and-leather-necklace-with-aegishialmur-2.jpg\" \/>\n\t<meta property=\"og:image:width\" content=\"1000\" \/>\n\t<meta property=\"og:image:height\" content=\"1000\" \/>\n\t<meta property=\"og:image:type\" content=\"image\/jpeg\" \/>\n<meta name=\"twitter:card\" content=\"summary_large_image\" \/>\n<meta name=\"twitter:label1\" content=\"Est. reading time\" \/>\n\t<meta name=\"twitter:data1\" content=\"1 minut\" \/>\n<script type=\"application\/ld+json\" class=\"yoast-schema-graph\">{\"@context\":\"https:\/\/schema.org\",\"@graph\":[{\"@type\":\"WebPage\",\"@id\":\"https:\/\/colibri-jewels.eu\/et\/toode\/exclusive-silver-necklace-aegishialmur\/\",\"url\":\"https:\/\/colibri-jewels.eu\/et\/toode\/exclusive-silver-necklace-aegishialmur\/\",\"name\":\"Eksklusiivne h\u00f5bedast kaelakee \\\"Aegishialmur\\\" - Colibri jewels\",\"isPartOf\":{\"@id\":\"https:\/\/colibri-jewels.eu\/et\/#website\"},\"primaryImageOfPage\":{\"@id\":\"https:\/\/colibri-jewels.eu\/et\/toode\/exclusive-silver-necklace-aegishialmur\/#primaryimage\"},\"image\":{\"@id\":\"https:\/\/colibri-jewels.eu\/et\/toode\/exclusive-silver-necklace-aegishialmur\/#primaryimage\"},\"thumbnailUrl\":\"https:\/\/colibri-jewels.eu\/wp-content\/uploads\/2023\/06\/brutal-men-silver-and-leather-necklace-with-aegishialmur-2.jpg\",\"datePublished\":\"2023-06-09T18:22:37+00:00\",\"dateModified\":\"2023-07-20T17:13:44+00:00\",\"breadcrumb\":{\"@id\":\"https:\/\/colibri-jewels.eu\/et\/toode\/exclusive-silver-necklace-aegishialmur\/#breadcrumb\"},\"inLanguage\":\"et\",\"potentialAction\":[{\"@type\":\"ReadAction\",\"target\":[\"https:\/\/colibri-jewels.eu\/et\/toode\/exclusive-silver-necklace-aegishialmur\/\"]}]},{\"@type\":\"ImageObject\",\"inLanguage\":\"et\",\"@id\":\"https:\/\/colibri-jewels.eu\/et\/toode\/exclusive-silver-necklace-aegishialmur\/#primaryimage\",\"url\":\"https:\/\/colibri-jewels.eu\/wp-content\/uploads\/2023\/06\/brutal-men-silver-and-leather-necklace-with-aegishialmur-2.jpg\",\"contentUrl\":\"https:\/\/colibri-jewels.eu\/wp-content\/uploads\/2023\/06\/brutal-men-silver-and-leather-necklace-with-aegishialmur-2.jpg\",\"width\":1000,\"height\":1000},{\"@type\":\"BreadcrumbList\",\"@id\":\"https:\/\/colibri-jewels.eu\/et\/toode\/exclusive-silver-necklace-aegishialmur\/#breadcrumb\",\"itemListElement\":[{\"@type\":\"ListItem\",\"position\":1,\"name\":\"\u0413\u043b\u0430\u0432\u043d\u0430\u044f \u0441\u0442\u0440\u0430\u043d\u0438\u0446\u0430\",\"item\":\"https:\/\/colibri-jewels.eu\/et\/\"},{\"@type\":\"ListItem\",\"position\":2,\"name\":\"Pood\",\"item\":\"https:\/\/colibri-jewels.eu\/et\/pood\/\"},{\"@type\":\"ListItem\",\"position\":3,\"name\":\"Eksklusiivne h\u00f5bedast kaelakee &#8220;Aegishialmur&#8221;\"}]},{\"@type\":\"WebSite\",\"@id\":\"https:\/\/colibri-jewels.eu\/et\/#website\",\"url\":\"https:\/\/colibri-jewels.eu\/et\/\",\"name\":\"Colibri jewels\",\"description\":\"jewelry shop\",\"publisher\":{\"@id\":\"https:\/\/colibri-jewels.eu\/et\/#organization\"},\"potentialAction\":[{\"@type\":\"SearchAction\",\"target\":{\"@type\":\"EntryPoint\",\"urlTemplate\":\"https:\/\/colibri-jewels.eu\/et\/?s={search_term_string}\"},\"query-input\":{\"@type\":\"PropertyValueSpecification\",\"valueRequired\":true,\"valueName\":\"search_term_string\"}}],\"inLanguage\":\"et\"},{\"@type\":\"Organization\",\"@id\":\"https:\/\/colibri-jewels.eu\/et\/#organization\",\"name\":\"O\u00dc Colibri\",\"url\":\"https:\/\/colibri-jewels.eu\/et\/\",\"logo\":{\"@type\":\"ImageObject\",\"inLanguage\":\"et\",\"@id\":\"https:\/\/colibri-jewels.eu\/et\/#\/schema\/logo\/image\/\",\"url\":\"https:\/\/dev.colibri-jewels.eu\/wp-content\/uploads\/2021\/03\/colibri.png\",\"contentUrl\":\"https:\/\/dev.colibri-jewels.eu\/wp-content\/uploads\/2021\/03\/colibri.png\",\"width\":227,\"height\":130,\"caption\":\"O\u00dc Colibri\"},\"image\":{\"@id\":\"https:\/\/colibri-jewels.eu\/et\/#\/schema\/logo\/image\/\"},\"sameAs\":[\"https:\/\/www.facebook.com\/colibri.jewels\",\"https:\/\/www.instagram.com\/colibri.jewels\",\"https:\/\/www.tiktok.com\/colibri.jewels\"]}]}<\/script>\n<!-- \/ Yoast SEO Premium plugin. -->","yoast_head_json":{"title":"Eksklusiivne h\u00f5bedast kaelakee \"Aegishialmur\" - Colibri jewels","robots":{"index":"index","follow":"follow","max-snippet":"max-snippet:-1","max-image-preview":"max-image-preview:large","max-video-preview":"max-video-preview:-1"},"canonical":"https:\/\/colibri-jewels.eu\/et\/toode\/exclusive-silver-necklace-aegishialmur\/","og_locale":"et_EE","og_type":"article","og_title":"Eksklusiivne h\u00f5bedast kaelakee \"Aegishialmur\"","og_description":"Tutvustame stiilset ja j\u00f5hkrat h\u00f5bedast kaelakeed nahkn\u00f6\u00f6ril: Skandinaavia ikoon Suurendage oma stiili meie erakordse nahkn\u00f6\u00f6riga h\u00f5bedase kaelakeega, mis on suurep\u00e4rane t\u00fckk, mis on inspireeritud \u00f5uduskiivri...","og_url":"https:\/\/colibri-jewels.eu\/et\/toode\/exclusive-silver-necklace-aegishialmur\/","og_site_name":"Colibri jewels","article_publisher":"https:\/\/www.facebook.com\/colibri.jewels","article_modified_time":"2023-07-20T17:13:44+00:00","og_image":[{"width":1000,"height":1000,"url":"https:\/\/colibri-jewels.eu\/wp-content\/uploads\/2023\/06\/brutal-men-silver-and-leather-necklace-with-aegishialmur-2.jpg","type":"image\/jpeg"}],"twitter_card":"summary_large_image","twitter_misc":{"Est. reading time":"1 minut"},"schema":{"@context":"https:\/\/schema.org","@graph":[{"@type":"WebPage","@id":"https:\/\/colibri-jewels.eu\/et\/toode\/exclusive-silver-necklace-aegishialmur\/","url":"https:\/\/colibri-jewels.eu\/et\/toode\/exclusive-silver-necklace-aegishialmur\/","name":"Eksklusiivne h\u00f5bedast kaelakee \"Aegishialmur\" - Colibri jewels","isPartOf":{"@id":"https:\/\/colibri-jewels.eu\/et\/#website"},"primaryImageOfPage":{"@id":"https:\/\/colibri-jewels.eu\/et\/toode\/exclusive-silver-necklace-aegishialmur\/#primaryimage"},"image":{"@id":"https:\/\/colibri-jewels.eu\/et\/toode\/exclusive-silver-necklace-aegishialmur\/#primaryimage"},"thumbnailUrl":"https:\/\/colibri-jewels.eu\/wp-content\/uploads\/2023\/06\/brutal-men-silver-and-leather-necklace-with-aegishialmur-2.jpg","datePublished":"2023-06-09T18:22:37+00:00","dateModified":"2023-07-20T17:13:44+00:00","breadcrumb":{"@id":"https:\/\/colibri-jewels.eu\/et\/toode\/exclusive-silver-necklace-aegishialmur\/#breadcrumb"},"inLanguage":"et","potentialAction":[{"@type":"ReadAction","target":["https:\/\/colibri-jewels.eu\/et\/toode\/exclusive-silver-necklace-aegishialmur\/"]}]},{"@type":"ImageObject","inLanguage":"et","@id":"https:\/\/colibri-jewels.eu\/et\/toode\/exclusive-silver-necklace-aegishialmur\/#primaryimage","url":"https:\/\/colibri-jewels.eu\/wp-content\/uploads\/2023\/06\/brutal-men-silver-and-leather-necklace-with-aegishialmur-2.jpg","contentUrl":"https:\/\/colibri-jewels.eu\/wp-content\/uploads\/2023\/06\/brutal-men-silver-and-leather-necklace-with-aegishialmur-2.jpg","width":1000,"height":1000},{"@type":"BreadcrumbList","@id":"https:\/\/colibri-jewels.eu\/et\/toode\/exclusive-silver-necklace-aegishialmur\/#breadcrumb","itemListElement":[{"@type":"ListItem","position":1,"name":"\u0413\u043b\u0430\u0432\u043d\u0430\u044f \u0441\u0442\u0440\u0430\u043d\u0438\u0446\u0430","item":"https:\/\/colibri-jewels.eu\/et\/"},{"@type":"ListItem","position":2,"name":"Pood","item":"https:\/\/colibri-jewels.eu\/et\/pood\/"},{"@type":"ListItem","position":3,"name":"Eksklusiivne h\u00f5bedast kaelakee &#8220;Aegishialmur&#8221;"}]},{"@type":"WebSite","@id":"https:\/\/colibri-jewels.eu\/et\/#website","url":"https:\/\/colibri-jewels.eu\/et\/","name":"Colibri jewels","description":"jewelry shop","publisher":{"@id":"https:\/\/colibri-jewels.eu\/et\/#organization"},"potentialAction":[{"@type":"SearchAction","target":{"@type":"EntryPoint","urlTemplate":"https:\/\/colibri-jewels.eu\/et\/?s={search_term_string}"},"query-input":{"@type":"PropertyValueSpecification","valueRequired":true,"valueName":"search_term_string"}}],"inLanguage":"et"},{"@type":"Organization","@id":"https:\/\/colibri-jewels.eu\/et\/#organization","name":"O\u00dc Colibri","url":"https:\/\/colibri-jewels.eu\/et\/","logo":{"@type":"ImageObject","inLanguage":"et","@id":"https:\/\/colibri-jewels.eu\/et\/#\/schema\/logo\/image\/","url":"https:\/\/dev.colibri-jewels.eu\/wp-content\/uploads\/2021\/03\/colibri.png","contentUrl":"https:\/\/dev.colibri-jewels.eu\/wp-content\/uploads\/2021\/03\/colibri.png","width":227,"height":130,"caption":"O\u00dc Colibri"},"image":{"@id":"https:\/\/colibri-jewels.eu\/et\/#\/schema\/logo\/image\/"},"sameAs":["https:\/\/www.facebook.com\/colibri.jewels","https:\/\/www.instagram.com\/colibri.jewels","https:\/\/www.tiktok.com\/colibri.jewels"]}]}},"_links":{"self":[{"href":"https:\/\/colibri-jewels.eu\/et\/wp-json\/wp\/v2\/product\/34387","targetHints":{"allow":["GET"]}}],"collection":[{"href":"https:\/\/colibri-jewels.eu\/et\/wp-json\/wp\/v2\/product"}],"about":[{"href":"https:\/\/colibri-jewels.eu\/et\/wp-json\/wp\/v2\/types\/product"}],"replies":[{"embeddable":true,"href":"https:\/\/colibri-jewels.eu\/et\/wp-json\/wp\/v2\/comments?post=34387"}],"version-history":[{"count":0,"href":"https:\/\/colibri-jewels.eu\/et\/wp-json\/wp\/v2\/product\/34387\/revisions"}],"wp:featuredmedia":[{"embeddable":true,"href":"https:\/\/colibri-jewels.eu\/et\/wp-json\/wp\/v2\/media\/35933"}],"wp:attachment":[{"href":"https:\/\/colibri-jewels.eu\/et\/wp-json\/wp\/v2\/media?parent=34387"}],"wp:term":[{"taxonomy":"brand","embeddable":true,"href":"https:\/\/colibri-jewels.eu\/et\/wp-json\/wp\/v2\/etheme_brands?post=34387"},{"taxonomy":"product_brand","embeddable":true,"href":"https:\/\/colibri-jewels.eu\/et\/wp-json\/wp\/v2\/product_brand?post=34387"},{"taxonomy":"product_cat","embeddable":true,"href":"https:\/\/colibri-jewels.eu\/et\/wp-json\/wp\/v2\/product_cat?post=34387"},{"taxonomy":"product_tag","embeddable":true,"href":"https:\/\/colibri-jewels.eu\/et\/wp-json\/wp\/v2\/product_tag?post=34387"}],"curies":[{"name":"wp","href":"https:\/\/api.w.org\/{rel}","templated":true}]}}