{"id":34591,"date":"2023-06-24T17:57:56","date_gmt":"2023-06-24T14:57:56","guid":{"rendered":"https:\/\/dev.colibri-jewels.eu\/?post_type=product&#038;p=34591"},"modified":"2023-06-24T20:14:46","modified_gmt":"2023-06-24T17:14:46","slug":"white-gold-deep-green-heart-shape-earrings-with-lab-grown-emeralds-e-6655","status":"publish","type":"product","link":"https:\/\/colibri-jewels.eu\/et\/toode\/white-gold-deep-green-heart-shape-earrings-with-lab-grown-emeralds-e-6655\/","title":{"rendered":"Valgest kullast s\u00fcgavrohelised s\u00fcdamekujulised k\u00f5rvar\u00f5ngad laboris kasvatatud smaragdidega E-6655"},"content":{"rendered":"<p>Armsad v\u00e4ikesed k\u00f5rvar\u00f5ngad s\u00fcdamekujuliste laboris kasvatatud smaragdidega.<\/p>\n<p><span style=\"font-size: 16px; letter-spacing: 0px;\">Spetsiaalselt nende k\u00f5rvar\u00f5ngaste jaoks k\u00e4sitsi l\u00f5igatud, nende suurus on 6*6 mm ja \u00fcmbritsetud cz-kristallidest raamiga.<\/span><\/p>\n<p>Kruvikinnitused.<\/p>\n<p>Laboris kasvatatud smaragdid 1,12 ct.<\/p>\n<p>Valge kuld 14 kt.<\/p>\n<p>K\u00f5rvar\u00f5nga kaal 2,60 g.<\/p>\n<p>Vaata ka sobivat kaelakeed.<\/p>\n<p>&nbsp;<\/p>\n","protected":false},"excerpt":{"rendered":"<p>Kruvikinnitused.<\/p>\n<p>Laboris kasvatatud smaragdid 1,12 ct.<\/p>\n<p>Valge kuld 14 kt.<\/p>\n<p>K\u00f5rvar\u00f5nga kaal 2,60 g.<\/p>\n<p>Vaata ka sobivat kaelakeed.<\/p>\n","protected":false},"featured_media":34577,"comment_status":"open","ping_status":"closed","template":"","meta":[],"etheme_brands":[],"product_brand":[],"product_cat":[469],"product_tag":[499,498,509],"class_list":{"0":"post-34591","1":"product","2":"type-product","3":"status-publish","4":"has-post-thumbnail","6":"product_cat-korvarongad","7":"product_tag-romantiline","8":"product_tag-suda","9":"product_tag-suvi","11":"first","12":"onbackorder","13":"shipping-taxable","14":"purchasable","15":"product-type-simple"},"acf":[],"yoast_head":"<!-- This site is optimized with the Yoast SEO Premium plugin v26.5 (Yoast SEO v26.8) - https:\/\/yoast.com\/product\/yoast-seo-premium-wordpress\/ -->\n<title>Valgest kullast s\u00fcgavrohelised s\u00fcdamekujulised k\u00f5rvar\u00f5ngad laboris kasvatatud smaragdidega E-6655 - Colibri jewels<\/title>\n<meta name=\"robots\" content=\"index, follow, max-snippet:-1, max-image-preview:large, max-video-preview:-1\" \/>\n<link rel=\"canonical\" href=\"https:\/\/colibri-jewels.eu\/et\/toode\/white-gold-deep-green-heart-shape-earrings-with-lab-grown-emeralds-e-6655\/\" \/>\n<meta property=\"og:locale\" content=\"et_EE\" \/>\n<meta property=\"og:type\" content=\"article\" \/>\n<meta property=\"og:title\" content=\"Valgest kullast s\u00fcgavrohelised s\u00fcdamekujulised k\u00f5rvar\u00f5ngad laboris kasvatatud smaragdidega E-6655\" \/>\n<meta property=\"og:description\" content=\"Kruvikinnitused.  Laboris kasvatatud smaragdid 1,12 ct.  Valge kuld 14 kt.  K\u00f5rvar\u00f5nga kaal 2,60 g.  Vaata ka sobivat kaelakeed.\" \/>\n<meta property=\"og:url\" content=\"https:\/\/colibri-jewels.eu\/et\/toode\/white-gold-deep-green-heart-shape-earrings-with-lab-grown-emeralds-e-6655\/\" \/>\n<meta property=\"og:site_name\" content=\"Colibri jewels\" \/>\n<meta property=\"article:publisher\" content=\"https:\/\/www.facebook.com\/colibri.jewels\" \/>\n<meta property=\"article:modified_time\" content=\"2023-06-24T17:14:46+00:00\" \/>\n<meta property=\"og:image\" content=\"https:\/\/colibri-jewels.eu\/wp-content\/uploads\/2023\/06\/lab-emerald-heart-earrings-E-6655.jpg\" \/>\n\t<meta property=\"og:image:width\" content=\"1000\" \/>\n\t<meta property=\"og:image:height\" content=\"1000\" \/>\n\t<meta property=\"og:image:type\" content=\"image\/jpeg\" \/>\n<meta name=\"twitter:card\" content=\"summary_large_image\" \/>\n<script type=\"application\/ld+json\" class=\"yoast-schema-graph\">{\"@context\":\"https:\/\/schema.org\",\"@graph\":[{\"@type\":\"WebPage\",\"@id\":\"https:\/\/colibri-jewels.eu\/et\/toode\/white-gold-deep-green-heart-shape-earrings-with-lab-grown-emeralds-e-6655\/\",\"url\":\"https:\/\/colibri-jewels.eu\/et\/toode\/white-gold-deep-green-heart-shape-earrings-with-lab-grown-emeralds-e-6655\/\",\"name\":\"Valgest kullast s\u00fcgavrohelised s\u00fcdamekujulised k\u00f5rvar\u00f5ngad laboris kasvatatud smaragdidega E-6655 - Colibri jewels\",\"isPartOf\":{\"@id\":\"https:\/\/colibri-jewels.eu\/et\/#website\"},\"primaryImageOfPage\":{\"@id\":\"https:\/\/colibri-jewels.eu\/et\/toode\/white-gold-deep-green-heart-shape-earrings-with-lab-grown-emeralds-e-6655\/#primaryimage\"},\"image\":{\"@id\":\"https:\/\/colibri-jewels.eu\/et\/toode\/white-gold-deep-green-heart-shape-earrings-with-lab-grown-emeralds-e-6655\/#primaryimage\"},\"thumbnailUrl\":\"https:\/\/colibri-jewels.eu\/wp-content\/uploads\/2023\/06\/lab-emerald-heart-earrings-E-6655.jpg\",\"datePublished\":\"2023-06-24T14:57:56+00:00\",\"dateModified\":\"2023-06-24T17:14:46+00:00\",\"breadcrumb\":{\"@id\":\"https:\/\/colibri-jewels.eu\/et\/toode\/white-gold-deep-green-heart-shape-earrings-with-lab-grown-emeralds-e-6655\/#breadcrumb\"},\"inLanguage\":\"et\",\"potentialAction\":[{\"@type\":\"ReadAction\",\"target\":[\"https:\/\/colibri-jewels.eu\/et\/toode\/white-gold-deep-green-heart-shape-earrings-with-lab-grown-emeralds-e-6655\/\"]}]},{\"@type\":\"ImageObject\",\"inLanguage\":\"et\",\"@id\":\"https:\/\/colibri-jewels.eu\/et\/toode\/white-gold-deep-green-heart-shape-earrings-with-lab-grown-emeralds-e-6655\/#primaryimage\",\"url\":\"https:\/\/colibri-jewels.eu\/wp-content\/uploads\/2023\/06\/lab-emerald-heart-earrings-E-6655.jpg\",\"contentUrl\":\"https:\/\/colibri-jewels.eu\/wp-content\/uploads\/2023\/06\/lab-emerald-heart-earrings-E-6655.jpg\",\"width\":1000,\"height\":1000},{\"@type\":\"BreadcrumbList\",\"@id\":\"https:\/\/colibri-jewels.eu\/et\/toode\/white-gold-deep-green-heart-shape-earrings-with-lab-grown-emeralds-e-6655\/#breadcrumb\",\"itemListElement\":[{\"@type\":\"ListItem\",\"position\":1,\"name\":\"\u0413\u043b\u0430\u0432\u043d\u0430\u044f \u0441\u0442\u0440\u0430\u043d\u0438\u0446\u0430\",\"item\":\"https:\/\/colibri-jewels.eu\/et\/\"},{\"@type\":\"ListItem\",\"position\":2,\"name\":\"Pood\",\"item\":\"https:\/\/colibri-jewels.eu\/et\/pood\/\"},{\"@type\":\"ListItem\",\"position\":3,\"name\":\"Valgest kullast s\u00fcgavrohelised s\u00fcdamekujulised k\u00f5rvar\u00f5ngad laboris kasvatatud smaragdidega E-6655\"}]},{\"@type\":\"WebSite\",\"@id\":\"https:\/\/colibri-jewels.eu\/et\/#website\",\"url\":\"https:\/\/colibri-jewels.eu\/et\/\",\"name\":\"Colibri jewels\",\"description\":\"jewelry shop\",\"publisher\":{\"@id\":\"https:\/\/colibri-jewels.eu\/et\/#organization\"},\"potentialAction\":[{\"@type\":\"SearchAction\",\"target\":{\"@type\":\"EntryPoint\",\"urlTemplate\":\"https:\/\/colibri-jewels.eu\/et\/?s={search_term_string}\"},\"query-input\":{\"@type\":\"PropertyValueSpecification\",\"valueRequired\":true,\"valueName\":\"search_term_string\"}}],\"inLanguage\":\"et\"},{\"@type\":\"Organization\",\"@id\":\"https:\/\/colibri-jewels.eu\/et\/#organization\",\"name\":\"O\u00dc Colibri\",\"url\":\"https:\/\/colibri-jewels.eu\/et\/\",\"logo\":{\"@type\":\"ImageObject\",\"inLanguage\":\"et\",\"@id\":\"https:\/\/colibri-jewels.eu\/et\/#\/schema\/logo\/image\/\",\"url\":\"https:\/\/dev.colibri-jewels.eu\/wp-content\/uploads\/2021\/03\/colibri.png\",\"contentUrl\":\"https:\/\/dev.colibri-jewels.eu\/wp-content\/uploads\/2021\/03\/colibri.png\",\"width\":227,\"height\":130,\"caption\":\"O\u00dc Colibri\"},\"image\":{\"@id\":\"https:\/\/colibri-jewels.eu\/et\/#\/schema\/logo\/image\/\"},\"sameAs\":[\"https:\/\/www.facebook.com\/colibri.jewels\",\"https:\/\/www.instagram.com\/colibri.jewels\",\"https:\/\/www.tiktok.com\/colibri.jewels\"]}]}<\/script>\n<!-- \/ Yoast SEO Premium plugin. -->","yoast_head_json":{"title":"Valgest kullast s\u00fcgavrohelised s\u00fcdamekujulised k\u00f5rvar\u00f5ngad laboris kasvatatud smaragdidega E-6655 - Colibri jewels","robots":{"index":"index","follow":"follow","max-snippet":"max-snippet:-1","max-image-preview":"max-image-preview:large","max-video-preview":"max-video-preview:-1"},"canonical":"https:\/\/colibri-jewels.eu\/et\/toode\/white-gold-deep-green-heart-shape-earrings-with-lab-grown-emeralds-e-6655\/","og_locale":"et_EE","og_type":"article","og_title":"Valgest kullast s\u00fcgavrohelised s\u00fcdamekujulised k\u00f5rvar\u00f5ngad laboris kasvatatud smaragdidega E-6655","og_description":"Kruvikinnitused.  Laboris kasvatatud smaragdid 1,12 ct.  Valge kuld 14 kt.  K\u00f5rvar\u00f5nga kaal 2,60 g.  Vaata ka sobivat kaelakeed.","og_url":"https:\/\/colibri-jewels.eu\/et\/toode\/white-gold-deep-green-heart-shape-earrings-with-lab-grown-emeralds-e-6655\/","og_site_name":"Colibri jewels","article_publisher":"https:\/\/www.facebook.com\/colibri.jewels","article_modified_time":"2023-06-24T17:14:46+00:00","og_image":[{"width":1000,"height":1000,"url":"https:\/\/colibri-jewels.eu\/wp-content\/uploads\/2023\/06\/lab-emerald-heart-earrings-E-6655.jpg","type":"image\/jpeg"}],"twitter_card":"summary_large_image","schema":{"@context":"https:\/\/schema.org","@graph":[{"@type":"WebPage","@id":"https:\/\/colibri-jewels.eu\/et\/toode\/white-gold-deep-green-heart-shape-earrings-with-lab-grown-emeralds-e-6655\/","url":"https:\/\/colibri-jewels.eu\/et\/toode\/white-gold-deep-green-heart-shape-earrings-with-lab-grown-emeralds-e-6655\/","name":"Valgest kullast s\u00fcgavrohelised s\u00fcdamekujulised k\u00f5rvar\u00f5ngad laboris kasvatatud smaragdidega E-6655 - Colibri jewels","isPartOf":{"@id":"https:\/\/colibri-jewels.eu\/et\/#website"},"primaryImageOfPage":{"@id":"https:\/\/colibri-jewels.eu\/et\/toode\/white-gold-deep-green-heart-shape-earrings-with-lab-grown-emeralds-e-6655\/#primaryimage"},"image":{"@id":"https:\/\/colibri-jewels.eu\/et\/toode\/white-gold-deep-green-heart-shape-earrings-with-lab-grown-emeralds-e-6655\/#primaryimage"},"thumbnailUrl":"https:\/\/colibri-jewels.eu\/wp-content\/uploads\/2023\/06\/lab-emerald-heart-earrings-E-6655.jpg","datePublished":"2023-06-24T14:57:56+00:00","dateModified":"2023-06-24T17:14:46+00:00","breadcrumb":{"@id":"https:\/\/colibri-jewels.eu\/et\/toode\/white-gold-deep-green-heart-shape-earrings-with-lab-grown-emeralds-e-6655\/#breadcrumb"},"inLanguage":"et","potentialAction":[{"@type":"ReadAction","target":["https:\/\/colibri-jewels.eu\/et\/toode\/white-gold-deep-green-heart-shape-earrings-with-lab-grown-emeralds-e-6655\/"]}]},{"@type":"ImageObject","inLanguage":"et","@id":"https:\/\/colibri-jewels.eu\/et\/toode\/white-gold-deep-green-heart-shape-earrings-with-lab-grown-emeralds-e-6655\/#primaryimage","url":"https:\/\/colibri-jewels.eu\/wp-content\/uploads\/2023\/06\/lab-emerald-heart-earrings-E-6655.jpg","contentUrl":"https:\/\/colibri-jewels.eu\/wp-content\/uploads\/2023\/06\/lab-emerald-heart-earrings-E-6655.jpg","width":1000,"height":1000},{"@type":"BreadcrumbList","@id":"https:\/\/colibri-jewels.eu\/et\/toode\/white-gold-deep-green-heart-shape-earrings-with-lab-grown-emeralds-e-6655\/#breadcrumb","itemListElement":[{"@type":"ListItem","position":1,"name":"\u0413\u043b\u0430\u0432\u043d\u0430\u044f \u0441\u0442\u0440\u0430\u043d\u0438\u0446\u0430","item":"https:\/\/colibri-jewels.eu\/et\/"},{"@type":"ListItem","position":2,"name":"Pood","item":"https:\/\/colibri-jewels.eu\/et\/pood\/"},{"@type":"ListItem","position":3,"name":"Valgest kullast s\u00fcgavrohelised s\u00fcdamekujulised k\u00f5rvar\u00f5ngad laboris kasvatatud smaragdidega E-6655"}]},{"@type":"WebSite","@id":"https:\/\/colibri-jewels.eu\/et\/#website","url":"https:\/\/colibri-jewels.eu\/et\/","name":"Colibri jewels","description":"jewelry shop","publisher":{"@id":"https:\/\/colibri-jewels.eu\/et\/#organization"},"potentialAction":[{"@type":"SearchAction","target":{"@type":"EntryPoint","urlTemplate":"https:\/\/colibri-jewels.eu\/et\/?s={search_term_string}"},"query-input":{"@type":"PropertyValueSpecification","valueRequired":true,"valueName":"search_term_string"}}],"inLanguage":"et"},{"@type":"Organization","@id":"https:\/\/colibri-jewels.eu\/et\/#organization","name":"O\u00dc Colibri","url":"https:\/\/colibri-jewels.eu\/et\/","logo":{"@type":"ImageObject","inLanguage":"et","@id":"https:\/\/colibri-jewels.eu\/et\/#\/schema\/logo\/image\/","url":"https:\/\/dev.colibri-jewels.eu\/wp-content\/uploads\/2021\/03\/colibri.png","contentUrl":"https:\/\/dev.colibri-jewels.eu\/wp-content\/uploads\/2021\/03\/colibri.png","width":227,"height":130,"caption":"O\u00dc Colibri"},"image":{"@id":"https:\/\/colibri-jewels.eu\/et\/#\/schema\/logo\/image\/"},"sameAs":["https:\/\/www.facebook.com\/colibri.jewels","https:\/\/www.instagram.com\/colibri.jewels","https:\/\/www.tiktok.com\/colibri.jewels"]}]}},"_links":{"self":[{"href":"https:\/\/colibri-jewels.eu\/et\/wp-json\/wp\/v2\/product\/34591","targetHints":{"allow":["GET"]}}],"collection":[{"href":"https:\/\/colibri-jewels.eu\/et\/wp-json\/wp\/v2\/product"}],"about":[{"href":"https:\/\/colibri-jewels.eu\/et\/wp-json\/wp\/v2\/types\/product"}],"replies":[{"embeddable":true,"href":"https:\/\/colibri-jewels.eu\/et\/wp-json\/wp\/v2\/comments?post=34591"}],"version-history":[{"count":0,"href":"https:\/\/colibri-jewels.eu\/et\/wp-json\/wp\/v2\/product\/34591\/revisions"}],"wp:featuredmedia":[{"embeddable":true,"href":"https:\/\/colibri-jewels.eu\/et\/wp-json\/wp\/v2\/media\/34577"}],"wp:attachment":[{"href":"https:\/\/colibri-jewels.eu\/et\/wp-json\/wp\/v2\/media?parent=34591"}],"wp:term":[{"taxonomy":"brand","embeddable":true,"href":"https:\/\/colibri-jewels.eu\/et\/wp-json\/wp\/v2\/etheme_brands?post=34591"},{"taxonomy":"product_brand","embeddable":true,"href":"https:\/\/colibri-jewels.eu\/et\/wp-json\/wp\/v2\/product_brand?post=34591"},{"taxonomy":"product_cat","embeddable":true,"href":"https:\/\/colibri-jewels.eu\/et\/wp-json\/wp\/v2\/product_cat?post=34591"},{"taxonomy":"product_tag","embeddable":true,"href":"https:\/\/colibri-jewels.eu\/et\/wp-json\/wp\/v2\/product_tag?post=34591"}],"curies":[{"name":"wp","href":"https:\/\/api.w.org\/{rel}","templated":true}]}}