{"id":36161,"date":"2023-07-19T20:03:38","date_gmt":"2023-07-19T17:03:38","guid":{"rendered":"https:\/\/dev.colibri-jewels.eu\/?post_type=product&#038;p=36161"},"modified":"2023-07-20T19:01:55","modified_gmt":"2023-07-20T16:01:55","slug":"silver-chocker-necklace-ravens-scull-on-a-leather-cord","status":"publish","type":"product","link":"https:\/\/colibri-jewels.eu\/et\/toode\/silver-chocker-necklace-ravens-scull-on-a-leather-cord\/","title":{"rendered":"Nahast n\u00f6\u00f6ril h\u00f5bedane choker-kaelakee &#8220;Ronki kolju&#8221;."},"content":{"rendered":"<p>P\u00f6\u00f6raselt stiilne t\u0161okker neile, kes on valmis tavaelus bikerstiilis ehteid kandma.<\/p>\n<p>Ronkid on sageli seotud erinevate kultuuride t\u00e4hendustega, sealhulgas intelligentsuse, tarkuse, salap\u00e4ra, transformatsiooni ning elu ja surma vahelise seosega. Kasutasime maailma legendide k\u00f5ige salap\u00e4rasemate ronkade s\u00fcmbolit \u2013 \u00fcht Odini ronkadest. Legend nendest r\u00e4\u00e4gib, et nad olid Odini abilised, tema silmad ja k\u00f5rvad, nad teadsid k\u00f5ike, mis toimub jumalate maailmas ja inimeste maailmas. Kaunistasime Ronka Skandinaavia mustriga, et lisada sellele erilist kohalikku v\u00f5lu.<\/p>\n<p>Algselt kasutati ronga s\u00fcmbolit ainult meeste ehete jaoks, kuid otsustasime, et on aeg seda traditsiooni muuta. Ja l\u00f5i selle t\u0161okker. Kas tunnete end sees metsikuna? Mine vali meie uute t\u0161okkeri hulgast oma!<\/p>\n<p>Samuti on olemas t\u00e4iendavad dekoratiivsed elemendid, mis annavad muljet ja muudavad kaelakee tasakaalustatumaks.<\/p>\n<p>Selle kaelakee tegime t\u0161okkeri pikkusega, 38 cm. Vajadusel lisar\u00f5ngastega lisapikkuseks. Nii et saate seda kanda mis tahes riietusega \u2013 alates T-s\u00e4rgist kuni \u00e4ristiilis s\u00e4rgini. Lisage oma igap\u00e4evasesse v\u00e4limusse m\u00e4ssumeelsust!<\/p>\n<p>K\u00e4sitsi valmistatud kvaliteetne h\u00f5be, k\u00f5ik v\u00e4ikesed detailid on kontrasti suurendamiseks hoolikalt poleeritud ja mustatud. Nahast n\u00f6\u00f6ri on kasutatud musta v\u00e4rvi, kuid soovi korral valmistame Teile ka teist v\u00e4rvi. Ja seda saab teha ka laias t\u0161okkeri variandis.<\/p>\n<p>Soovitame seda endale suurep\u00e4rase kingitusena. Kui tunnete selle kaelakee maagilist magnetismi &#8211; ei purune te sellega kunagi.<\/p>\n","protected":false},"excerpt":{"rendered":"<p>H\u00f5beda kaal 18,1 g.<\/p>\n<p>&nbsp;<\/p>\n","protected":false},"featured_media":36155,"comment_status":"open","ping_status":"closed","template":"","meta":[],"etheme_brands":[],"product_brand":[],"product_cat":[470],"product_tag":[503],"class_list":{"0":"post-36161","1":"product","2":"type-product","3":"status-publish","4":"has-post-thumbnail","6":"product_cat-kaelakeed-ja-ripatsid","7":"product_tag-loomalik","9":"first","10":"instock","11":"shipping-taxable","12":"purchasable","13":"product-type-simple"},"acf":[],"yoast_head":"<!-- This site is optimized with the Yoast SEO Premium plugin v26.5 (Yoast SEO v26.8) - https:\/\/yoast.com\/product\/yoast-seo-premium-wordpress\/ -->\n<title>Nahast n\u00f6\u00f6ril h\u00f5bedane choker-kaelakee &quot;Ronki kolju&quot;. - Colibri jewels<\/title>\n<meta name=\"robots\" content=\"index, follow, max-snippet:-1, max-image-preview:large, max-video-preview:-1\" \/>\n<link rel=\"canonical\" href=\"https:\/\/colibri-jewels.eu\/et\/toode\/silver-chocker-necklace-ravens-scull-on-a-leather-cord\/\" \/>\n<meta property=\"og:locale\" content=\"et_EE\" \/>\n<meta property=\"og:type\" content=\"article\" \/>\n<meta property=\"og:title\" content=\"Nahast n\u00f6\u00f6ril h\u00f5bedane choker-kaelakee &quot;Ronki kolju&quot;.\" \/>\n<meta property=\"og:description\" content=\"H\u00f5beda kaal 18,1 g.  &nbsp;\" \/>\n<meta property=\"og:url\" content=\"https:\/\/colibri-jewels.eu\/et\/toode\/silver-chocker-necklace-ravens-scull-on-a-leather-cord\/\" \/>\n<meta property=\"og:site_name\" content=\"Colibri jewels\" \/>\n<meta property=\"article:publisher\" content=\"https:\/\/www.facebook.com\/colibri.jewels\" \/>\n<meta property=\"article:modified_time\" content=\"2023-07-20T16:01:55+00:00\" \/>\n<meta property=\"og:image\" content=\"https:\/\/colibri-jewels.eu\/wp-content\/uploads\/2023\/07\/silver-necklace-with-raven-scull-on-a-leather-cord.jpg\" \/>\n\t<meta property=\"og:image:width\" content=\"1000\" \/>\n\t<meta property=\"og:image:height\" content=\"1000\" \/>\n\t<meta property=\"og:image:type\" content=\"image\/jpeg\" \/>\n<meta name=\"twitter:card\" content=\"summary_large_image\" \/>\n<meta name=\"twitter:label1\" content=\"Est. reading time\" \/>\n\t<meta name=\"twitter:data1\" content=\"1 minut\" \/>\n<script type=\"application\/ld+json\" class=\"yoast-schema-graph\">{\"@context\":\"https:\/\/schema.org\",\"@graph\":[{\"@type\":\"WebPage\",\"@id\":\"https:\/\/colibri-jewels.eu\/et\/toode\/silver-chocker-necklace-ravens-scull-on-a-leather-cord\/\",\"url\":\"https:\/\/colibri-jewels.eu\/et\/toode\/silver-chocker-necklace-ravens-scull-on-a-leather-cord\/\",\"name\":\"Nahast n\u00f6\u00f6ril h\u00f5bedane choker-kaelakee \\\"Ronki kolju\\\". - Colibri jewels\",\"isPartOf\":{\"@id\":\"https:\/\/colibri-jewels.eu\/et\/#website\"},\"primaryImageOfPage\":{\"@id\":\"https:\/\/colibri-jewels.eu\/et\/toode\/silver-chocker-necklace-ravens-scull-on-a-leather-cord\/#primaryimage\"},\"image\":{\"@id\":\"https:\/\/colibri-jewels.eu\/et\/toode\/silver-chocker-necklace-ravens-scull-on-a-leather-cord\/#primaryimage\"},\"thumbnailUrl\":\"https:\/\/colibri-jewels.eu\/wp-content\/uploads\/2023\/07\/silver-necklace-with-raven-scull-on-a-leather-cord.jpg\",\"datePublished\":\"2023-07-19T17:03:38+00:00\",\"dateModified\":\"2023-07-20T16:01:55+00:00\",\"breadcrumb\":{\"@id\":\"https:\/\/colibri-jewels.eu\/et\/toode\/silver-chocker-necklace-ravens-scull-on-a-leather-cord\/#breadcrumb\"},\"inLanguage\":\"et\",\"potentialAction\":[{\"@type\":\"ReadAction\",\"target\":[\"https:\/\/colibri-jewels.eu\/et\/toode\/silver-chocker-necklace-ravens-scull-on-a-leather-cord\/\"]}]},{\"@type\":\"ImageObject\",\"inLanguage\":\"et\",\"@id\":\"https:\/\/colibri-jewels.eu\/et\/toode\/silver-chocker-necklace-ravens-scull-on-a-leather-cord\/#primaryimage\",\"url\":\"https:\/\/colibri-jewels.eu\/wp-content\/uploads\/2023\/07\/silver-necklace-with-raven-scull-on-a-leather-cord.jpg\",\"contentUrl\":\"https:\/\/colibri-jewels.eu\/wp-content\/uploads\/2023\/07\/silver-necklace-with-raven-scull-on-a-leather-cord.jpg\",\"width\":1000,\"height\":1000},{\"@type\":\"BreadcrumbList\",\"@id\":\"https:\/\/colibri-jewels.eu\/et\/toode\/silver-chocker-necklace-ravens-scull-on-a-leather-cord\/#breadcrumb\",\"itemListElement\":[{\"@type\":\"ListItem\",\"position\":1,\"name\":\"\u0413\u043b\u0430\u0432\u043d\u0430\u044f \u0441\u0442\u0440\u0430\u043d\u0438\u0446\u0430\",\"item\":\"https:\/\/colibri-jewels.eu\/et\/\"},{\"@type\":\"ListItem\",\"position\":2,\"name\":\"Pood\",\"item\":\"https:\/\/colibri-jewels.eu\/et\/pood\/\"},{\"@type\":\"ListItem\",\"position\":3,\"name\":\"Nahast n\u00f6\u00f6ril h\u00f5bedane choker-kaelakee &#8220;Ronki kolju&#8221;.\"}]},{\"@type\":\"WebSite\",\"@id\":\"https:\/\/colibri-jewels.eu\/et\/#website\",\"url\":\"https:\/\/colibri-jewels.eu\/et\/\",\"name\":\"Colibri jewels\",\"description\":\"jewelry shop\",\"publisher\":{\"@id\":\"https:\/\/colibri-jewels.eu\/et\/#organization\"},\"potentialAction\":[{\"@type\":\"SearchAction\",\"target\":{\"@type\":\"EntryPoint\",\"urlTemplate\":\"https:\/\/colibri-jewels.eu\/et\/?s={search_term_string}\"},\"query-input\":{\"@type\":\"PropertyValueSpecification\",\"valueRequired\":true,\"valueName\":\"search_term_string\"}}],\"inLanguage\":\"et\"},{\"@type\":\"Organization\",\"@id\":\"https:\/\/colibri-jewels.eu\/et\/#organization\",\"name\":\"O\u00dc Colibri\",\"url\":\"https:\/\/colibri-jewels.eu\/et\/\",\"logo\":{\"@type\":\"ImageObject\",\"inLanguage\":\"et\",\"@id\":\"https:\/\/colibri-jewels.eu\/et\/#\/schema\/logo\/image\/\",\"url\":\"https:\/\/dev.colibri-jewels.eu\/wp-content\/uploads\/2021\/03\/colibri.png\",\"contentUrl\":\"https:\/\/dev.colibri-jewels.eu\/wp-content\/uploads\/2021\/03\/colibri.png\",\"width\":227,\"height\":130,\"caption\":\"O\u00dc Colibri\"},\"image\":{\"@id\":\"https:\/\/colibri-jewels.eu\/et\/#\/schema\/logo\/image\/\"},\"sameAs\":[\"https:\/\/www.facebook.com\/colibri.jewels\",\"https:\/\/www.instagram.com\/colibri.jewels\",\"https:\/\/www.tiktok.com\/colibri.jewels\"]}]}<\/script>\n<!-- \/ Yoast SEO Premium plugin. -->","yoast_head_json":{"title":"Nahast n\u00f6\u00f6ril h\u00f5bedane choker-kaelakee \"Ronki kolju\". - Colibri jewels","robots":{"index":"index","follow":"follow","max-snippet":"max-snippet:-1","max-image-preview":"max-image-preview:large","max-video-preview":"max-video-preview:-1"},"canonical":"https:\/\/colibri-jewels.eu\/et\/toode\/silver-chocker-necklace-ravens-scull-on-a-leather-cord\/","og_locale":"et_EE","og_type":"article","og_title":"Nahast n\u00f6\u00f6ril h\u00f5bedane choker-kaelakee \"Ronki kolju\".","og_description":"H\u00f5beda kaal 18,1 g.  &nbsp;","og_url":"https:\/\/colibri-jewels.eu\/et\/toode\/silver-chocker-necklace-ravens-scull-on-a-leather-cord\/","og_site_name":"Colibri jewels","article_publisher":"https:\/\/www.facebook.com\/colibri.jewels","article_modified_time":"2023-07-20T16:01:55+00:00","og_image":[{"width":1000,"height":1000,"url":"https:\/\/colibri-jewels.eu\/wp-content\/uploads\/2023\/07\/silver-necklace-with-raven-scull-on-a-leather-cord.jpg","type":"image\/jpeg"}],"twitter_card":"summary_large_image","twitter_misc":{"Est. reading time":"1 minut"},"schema":{"@context":"https:\/\/schema.org","@graph":[{"@type":"WebPage","@id":"https:\/\/colibri-jewels.eu\/et\/toode\/silver-chocker-necklace-ravens-scull-on-a-leather-cord\/","url":"https:\/\/colibri-jewels.eu\/et\/toode\/silver-chocker-necklace-ravens-scull-on-a-leather-cord\/","name":"Nahast n\u00f6\u00f6ril h\u00f5bedane choker-kaelakee \"Ronki kolju\". - Colibri jewels","isPartOf":{"@id":"https:\/\/colibri-jewels.eu\/et\/#website"},"primaryImageOfPage":{"@id":"https:\/\/colibri-jewels.eu\/et\/toode\/silver-chocker-necklace-ravens-scull-on-a-leather-cord\/#primaryimage"},"image":{"@id":"https:\/\/colibri-jewels.eu\/et\/toode\/silver-chocker-necklace-ravens-scull-on-a-leather-cord\/#primaryimage"},"thumbnailUrl":"https:\/\/colibri-jewels.eu\/wp-content\/uploads\/2023\/07\/silver-necklace-with-raven-scull-on-a-leather-cord.jpg","datePublished":"2023-07-19T17:03:38+00:00","dateModified":"2023-07-20T16:01:55+00:00","breadcrumb":{"@id":"https:\/\/colibri-jewels.eu\/et\/toode\/silver-chocker-necklace-ravens-scull-on-a-leather-cord\/#breadcrumb"},"inLanguage":"et","potentialAction":[{"@type":"ReadAction","target":["https:\/\/colibri-jewels.eu\/et\/toode\/silver-chocker-necklace-ravens-scull-on-a-leather-cord\/"]}]},{"@type":"ImageObject","inLanguage":"et","@id":"https:\/\/colibri-jewels.eu\/et\/toode\/silver-chocker-necklace-ravens-scull-on-a-leather-cord\/#primaryimage","url":"https:\/\/colibri-jewels.eu\/wp-content\/uploads\/2023\/07\/silver-necklace-with-raven-scull-on-a-leather-cord.jpg","contentUrl":"https:\/\/colibri-jewels.eu\/wp-content\/uploads\/2023\/07\/silver-necklace-with-raven-scull-on-a-leather-cord.jpg","width":1000,"height":1000},{"@type":"BreadcrumbList","@id":"https:\/\/colibri-jewels.eu\/et\/toode\/silver-chocker-necklace-ravens-scull-on-a-leather-cord\/#breadcrumb","itemListElement":[{"@type":"ListItem","position":1,"name":"\u0413\u043b\u0430\u0432\u043d\u0430\u044f \u0441\u0442\u0440\u0430\u043d\u0438\u0446\u0430","item":"https:\/\/colibri-jewels.eu\/et\/"},{"@type":"ListItem","position":2,"name":"Pood","item":"https:\/\/colibri-jewels.eu\/et\/pood\/"},{"@type":"ListItem","position":3,"name":"Nahast n\u00f6\u00f6ril h\u00f5bedane choker-kaelakee &#8220;Ronki kolju&#8221;."}]},{"@type":"WebSite","@id":"https:\/\/colibri-jewels.eu\/et\/#website","url":"https:\/\/colibri-jewels.eu\/et\/","name":"Colibri jewels","description":"jewelry shop","publisher":{"@id":"https:\/\/colibri-jewels.eu\/et\/#organization"},"potentialAction":[{"@type":"SearchAction","target":{"@type":"EntryPoint","urlTemplate":"https:\/\/colibri-jewels.eu\/et\/?s={search_term_string}"},"query-input":{"@type":"PropertyValueSpecification","valueRequired":true,"valueName":"search_term_string"}}],"inLanguage":"et"},{"@type":"Organization","@id":"https:\/\/colibri-jewels.eu\/et\/#organization","name":"O\u00dc Colibri","url":"https:\/\/colibri-jewels.eu\/et\/","logo":{"@type":"ImageObject","inLanguage":"et","@id":"https:\/\/colibri-jewels.eu\/et\/#\/schema\/logo\/image\/","url":"https:\/\/dev.colibri-jewels.eu\/wp-content\/uploads\/2021\/03\/colibri.png","contentUrl":"https:\/\/dev.colibri-jewels.eu\/wp-content\/uploads\/2021\/03\/colibri.png","width":227,"height":130,"caption":"O\u00dc Colibri"},"image":{"@id":"https:\/\/colibri-jewels.eu\/et\/#\/schema\/logo\/image\/"},"sameAs":["https:\/\/www.facebook.com\/colibri.jewels","https:\/\/www.instagram.com\/colibri.jewels","https:\/\/www.tiktok.com\/colibri.jewels"]}]}},"_links":{"self":[{"href":"https:\/\/colibri-jewels.eu\/et\/wp-json\/wp\/v2\/product\/36161","targetHints":{"allow":["GET"]}}],"collection":[{"href":"https:\/\/colibri-jewels.eu\/et\/wp-json\/wp\/v2\/product"}],"about":[{"href":"https:\/\/colibri-jewels.eu\/et\/wp-json\/wp\/v2\/types\/product"}],"replies":[{"embeddable":true,"href":"https:\/\/colibri-jewels.eu\/et\/wp-json\/wp\/v2\/comments?post=36161"}],"version-history":[{"count":0,"href":"https:\/\/colibri-jewels.eu\/et\/wp-json\/wp\/v2\/product\/36161\/revisions"}],"wp:featuredmedia":[{"embeddable":true,"href":"https:\/\/colibri-jewels.eu\/et\/wp-json\/wp\/v2\/media\/36155"}],"wp:attachment":[{"href":"https:\/\/colibri-jewels.eu\/et\/wp-json\/wp\/v2\/media?parent=36161"}],"wp:term":[{"taxonomy":"brand","embeddable":true,"href":"https:\/\/colibri-jewels.eu\/et\/wp-json\/wp\/v2\/etheme_brands?post=36161"},{"taxonomy":"product_brand","embeddable":true,"href":"https:\/\/colibri-jewels.eu\/et\/wp-json\/wp\/v2\/product_brand?post=36161"},{"taxonomy":"product_cat","embeddable":true,"href":"https:\/\/colibri-jewels.eu\/et\/wp-json\/wp\/v2\/product_cat?post=36161"},{"taxonomy":"product_tag","embeddable":true,"href":"https:\/\/colibri-jewels.eu\/et\/wp-json\/wp\/v2\/product_tag?post=36161"}],"curies":[{"name":"wp","href":"https:\/\/api.w.org\/{rel}","templated":true}]}}