{"id":36174,"date":"2023-07-20T11:04:42","date_gmt":"2023-07-20T08:04:42","guid":{"rendered":"https:\/\/dev.colibri-jewels.eu\/?post_type=product&#038;p=36174"},"modified":"2023-07-20T19:02:05","modified_gmt":"2023-07-20T16:02:05","slug":"silver-chocker-necklace-wing-from-scandinavian-collection","status":"publish","type":"product","link":"https:\/\/colibri-jewels.eu\/et\/toode\/silver-chocker-necklace-wing-from-scandinavian-collection\/","title":{"rendered":"H\u00f5bedane choker-kaelakee &#8220;Tiib&#8221; Skandinaavia kollektsioonist"},"content":{"rendered":"<p>Tutvustame meie uut &#8216;Tiib&#8217; kaelakeed, mis s\u00fcmboliseerib piirituid p\u00fc\u00fcdlusi ja soovi v\u00f5tta elutee armuga vastu. Valmistatud karmis biker-stiilis, mustast nahkn\u00f6\u00f6rist \u2013 see chocker \u00fchendab kerguse ja j\u00f5hkruse, legendid ja s\u00fcgava s\u00fcmboolika tiibadest ja igap\u00e4evasest stiilist. Kaelakeel on \u00f5rn, keerukalt detailne tiib, mis on kaunistatud Skandinaavia mustriga ning mis on hoolikalt meisterdatud, et tabada lennu ja vabaduse olemust.<\/p>\n<p>Kultuurides on tiibu austatud inimvaimu vabanemisiha esitusena. See kaelakee kehastab nende vaimu, kes julgevad unistada ja vabaneda elupiirangutest. Tiib s\u00fcmboliseerib julgust sirutada tiibu ja h\u00f5ljuda, j\u00e4ttes selja taha mineviku raskuse ja v\u00f5ttes omaks l\u00f5pmatute v\u00f5imalustega t\u00e4idetud tulevik.<\/p>\n<p>H\u00f5bedast valmistatud kaelakee kiirgab eeterlikku s\u00e4ra, mis t\u00e4iendab kandja loomulikku ilu. Selle elegantsed kumerused ja tumedalt s\u00e4delev pind tekitavad kerguse ja graatsilisuse tunde, tuletades meile meelde iga inimese sees peituvat habrast ilu.<\/p>\n<p>Kui kannate tiivakeed, tuletage see meelde teie p\u00fc\u00fcdlusi ja j\u00f5udu nende poole kartmatult p\u00fcrgida. V\u00f5tke omaks muutuste muutev j\u00f5ud ja vaimne juhatus, mis viib teid teie unistuste poole.<\/p>\n<p>Iga kaelakee on hoolikalt k\u00e4sit\u00f6\u00f6na valmistatud, mist\u00f5ttu on see ainulaadne ja t\u00e4hendusrikas t\u00fckk, mida tuleb hellitada. See on kaunilt pakitud, mist\u00f5ttu on see ideaalne kingitus neile, kes inspireerivad teid t\u00f5usma ja saavutama uusi k\u00f5rgusi.<\/p>\n<p>Vabastage enda sees olev vabaduse vaim ja ehtige end kaelakeega &#8220;Wing&#8221; \u2013 see annab tunnistust teie teekonnast, vastupidavusest ja ees ootavatest l\u00f5pututest v\u00f5imalustest.<\/p>\n<p>&nbsp;<\/p>\n","protected":false},"excerpt":{"rendered":"<p>Tutvustame meie uut &#8216;Tiib&#8217; kaelakeed, mis s\u00fcmboliseerib piirituid p\u00fc\u00fcdlusi ja soovi v\u00f5tta elutee armuga vastu. Valmistatud karmis biker-stiilis, mustast nahkn\u00f6\u00f6rist \u2013 see chocker \u00fchendab kerguse&#8230;<\/p>\n","protected":false},"featured_media":36165,"comment_status":"open","ping_status":"closed","template":"","meta":[],"etheme_brands":[],"product_brand":[],"product_cat":[470],"product_tag":[],"class_list":{"0":"post-36174","1":"product","2":"type-product","3":"status-publish","4":"has-post-thumbnail","6":"product_cat-kaelakeed-ja-ripatsid","8":"first","9":"instock","10":"shipping-taxable","11":"purchasable","12":"product-type-simple"},"acf":[],"yoast_head":"<!-- This site is optimized with the Yoast SEO Premium plugin v26.5 (Yoast SEO v26.8) - https:\/\/yoast.com\/product\/yoast-seo-premium-wordpress\/ -->\n<title>H\u00f5bedane choker-kaelakee &quot;Tiib&quot; Skandinaavia kollektsioonist - Colibri jewels<\/title>\n<meta name=\"robots\" content=\"index, follow, max-snippet:-1, max-image-preview:large, max-video-preview:-1\" \/>\n<link rel=\"canonical\" href=\"https:\/\/colibri-jewels.eu\/et\/toode\/silver-chocker-necklace-wing-from-scandinavian-collection\/\" \/>\n<meta property=\"og:locale\" content=\"et_EE\" \/>\n<meta property=\"og:type\" content=\"article\" \/>\n<meta property=\"og:title\" content=\"H\u00f5bedane choker-kaelakee &quot;Tiib&quot; Skandinaavia kollektsioonist\" \/>\n<meta property=\"og:description\" content=\"Tutvustame meie uut &#8216;Tiib&#8217; kaelakeed, mis s\u00fcmboliseerib piirituid p\u00fc\u00fcdlusi ja soovi v\u00f5tta elutee armuga vastu. Valmistatud karmis biker-stiilis, mustast nahkn\u00f6\u00f6rist \u2013 see chocker \u00fchendab kerguse...\" \/>\n<meta property=\"og:url\" content=\"https:\/\/colibri-jewels.eu\/et\/toode\/silver-chocker-necklace-wing-from-scandinavian-collection\/\" \/>\n<meta property=\"og:site_name\" content=\"Colibri jewels\" \/>\n<meta property=\"article:publisher\" content=\"https:\/\/www.facebook.com\/colibri.jewels\" \/>\n<meta property=\"article:modified_time\" content=\"2023-07-20T16:02:05+00:00\" \/>\n<meta property=\"og:image\" content=\"https:\/\/colibri-jewels.eu\/wp-content\/uploads\/2023\/07\/silver-wing-necklace-on-leather-cord1.jpg\" \/>\n\t<meta property=\"og:image:width\" content=\"1000\" \/>\n\t<meta property=\"og:image:height\" content=\"1000\" \/>\n\t<meta property=\"og:image:type\" content=\"image\/jpeg\" \/>\n<meta name=\"twitter:card\" content=\"summary_large_image\" \/>\n<meta name=\"twitter:label1\" content=\"Est. reading time\" \/>\n\t<meta name=\"twitter:data1\" content=\"1 minut\" \/>\n<script type=\"application\/ld+json\" class=\"yoast-schema-graph\">{\"@context\":\"https:\/\/schema.org\",\"@graph\":[{\"@type\":\"WebPage\",\"@id\":\"https:\/\/colibri-jewels.eu\/et\/toode\/silver-chocker-necklace-wing-from-scandinavian-collection\/\",\"url\":\"https:\/\/colibri-jewels.eu\/et\/toode\/silver-chocker-necklace-wing-from-scandinavian-collection\/\",\"name\":\"H\u00f5bedane choker-kaelakee \\\"Tiib\\\" Skandinaavia kollektsioonist - Colibri jewels\",\"isPartOf\":{\"@id\":\"https:\/\/colibri-jewels.eu\/et\/#website\"},\"primaryImageOfPage\":{\"@id\":\"https:\/\/colibri-jewels.eu\/et\/toode\/silver-chocker-necklace-wing-from-scandinavian-collection\/#primaryimage\"},\"image\":{\"@id\":\"https:\/\/colibri-jewels.eu\/et\/toode\/silver-chocker-necklace-wing-from-scandinavian-collection\/#primaryimage\"},\"thumbnailUrl\":\"https:\/\/colibri-jewels.eu\/wp-content\/uploads\/2023\/07\/silver-wing-necklace-on-leather-cord1.jpg\",\"datePublished\":\"2023-07-20T08:04:42+00:00\",\"dateModified\":\"2023-07-20T16:02:05+00:00\",\"breadcrumb\":{\"@id\":\"https:\/\/colibri-jewels.eu\/et\/toode\/silver-chocker-necklace-wing-from-scandinavian-collection\/#breadcrumb\"},\"inLanguage\":\"et\",\"potentialAction\":[{\"@type\":\"ReadAction\",\"target\":[\"https:\/\/colibri-jewels.eu\/et\/toode\/silver-chocker-necklace-wing-from-scandinavian-collection\/\"]}]},{\"@type\":\"ImageObject\",\"inLanguage\":\"et\",\"@id\":\"https:\/\/colibri-jewels.eu\/et\/toode\/silver-chocker-necklace-wing-from-scandinavian-collection\/#primaryimage\",\"url\":\"https:\/\/colibri-jewels.eu\/wp-content\/uploads\/2023\/07\/silver-wing-necklace-on-leather-cord1.jpg\",\"contentUrl\":\"https:\/\/colibri-jewels.eu\/wp-content\/uploads\/2023\/07\/silver-wing-necklace-on-leather-cord1.jpg\",\"width\":1000,\"height\":1000},{\"@type\":\"BreadcrumbList\",\"@id\":\"https:\/\/colibri-jewels.eu\/et\/toode\/silver-chocker-necklace-wing-from-scandinavian-collection\/#breadcrumb\",\"itemListElement\":[{\"@type\":\"ListItem\",\"position\":1,\"name\":\"\u0413\u043b\u0430\u0432\u043d\u0430\u044f \u0441\u0442\u0440\u0430\u043d\u0438\u0446\u0430\",\"item\":\"https:\/\/colibri-jewels.eu\/et\/\"},{\"@type\":\"ListItem\",\"position\":2,\"name\":\"Pood\",\"item\":\"https:\/\/colibri-jewels.eu\/et\/pood\/\"},{\"@type\":\"ListItem\",\"position\":3,\"name\":\"H\u00f5bedane choker-kaelakee &#8220;Tiib&#8221; Skandinaavia kollektsioonist\"}]},{\"@type\":\"WebSite\",\"@id\":\"https:\/\/colibri-jewels.eu\/et\/#website\",\"url\":\"https:\/\/colibri-jewels.eu\/et\/\",\"name\":\"Colibri jewels\",\"description\":\"jewelry shop\",\"publisher\":{\"@id\":\"https:\/\/colibri-jewels.eu\/et\/#organization\"},\"potentialAction\":[{\"@type\":\"SearchAction\",\"target\":{\"@type\":\"EntryPoint\",\"urlTemplate\":\"https:\/\/colibri-jewels.eu\/et\/?s={search_term_string}\"},\"query-input\":{\"@type\":\"PropertyValueSpecification\",\"valueRequired\":true,\"valueName\":\"search_term_string\"}}],\"inLanguage\":\"et\"},{\"@type\":\"Organization\",\"@id\":\"https:\/\/colibri-jewels.eu\/et\/#organization\",\"name\":\"O\u00dc Colibri\",\"url\":\"https:\/\/colibri-jewels.eu\/et\/\",\"logo\":{\"@type\":\"ImageObject\",\"inLanguage\":\"et\",\"@id\":\"https:\/\/colibri-jewels.eu\/et\/#\/schema\/logo\/image\/\",\"url\":\"https:\/\/dev.colibri-jewels.eu\/wp-content\/uploads\/2021\/03\/colibri.png\",\"contentUrl\":\"https:\/\/dev.colibri-jewels.eu\/wp-content\/uploads\/2021\/03\/colibri.png\",\"width\":227,\"height\":130,\"caption\":\"O\u00dc Colibri\"},\"image\":{\"@id\":\"https:\/\/colibri-jewels.eu\/et\/#\/schema\/logo\/image\/\"},\"sameAs\":[\"https:\/\/www.facebook.com\/colibri.jewels\",\"https:\/\/www.instagram.com\/colibri.jewels\",\"https:\/\/www.tiktok.com\/colibri.jewels\"]}]}<\/script>\n<!-- \/ Yoast SEO Premium plugin. -->","yoast_head_json":{"title":"H\u00f5bedane choker-kaelakee \"Tiib\" Skandinaavia kollektsioonist - Colibri jewels","robots":{"index":"index","follow":"follow","max-snippet":"max-snippet:-1","max-image-preview":"max-image-preview:large","max-video-preview":"max-video-preview:-1"},"canonical":"https:\/\/colibri-jewels.eu\/et\/toode\/silver-chocker-necklace-wing-from-scandinavian-collection\/","og_locale":"et_EE","og_type":"article","og_title":"H\u00f5bedane choker-kaelakee \"Tiib\" Skandinaavia kollektsioonist","og_description":"Tutvustame meie uut &#8216;Tiib&#8217; kaelakeed, mis s\u00fcmboliseerib piirituid p\u00fc\u00fcdlusi ja soovi v\u00f5tta elutee armuga vastu. Valmistatud karmis biker-stiilis, mustast nahkn\u00f6\u00f6rist \u2013 see chocker \u00fchendab kerguse...","og_url":"https:\/\/colibri-jewels.eu\/et\/toode\/silver-chocker-necklace-wing-from-scandinavian-collection\/","og_site_name":"Colibri jewels","article_publisher":"https:\/\/www.facebook.com\/colibri.jewels","article_modified_time":"2023-07-20T16:02:05+00:00","og_image":[{"width":1000,"height":1000,"url":"https:\/\/colibri-jewels.eu\/wp-content\/uploads\/2023\/07\/silver-wing-necklace-on-leather-cord1.jpg","type":"image\/jpeg"}],"twitter_card":"summary_large_image","twitter_misc":{"Est. reading time":"1 minut"},"schema":{"@context":"https:\/\/schema.org","@graph":[{"@type":"WebPage","@id":"https:\/\/colibri-jewels.eu\/et\/toode\/silver-chocker-necklace-wing-from-scandinavian-collection\/","url":"https:\/\/colibri-jewels.eu\/et\/toode\/silver-chocker-necklace-wing-from-scandinavian-collection\/","name":"H\u00f5bedane choker-kaelakee \"Tiib\" Skandinaavia kollektsioonist - Colibri jewels","isPartOf":{"@id":"https:\/\/colibri-jewels.eu\/et\/#website"},"primaryImageOfPage":{"@id":"https:\/\/colibri-jewels.eu\/et\/toode\/silver-chocker-necklace-wing-from-scandinavian-collection\/#primaryimage"},"image":{"@id":"https:\/\/colibri-jewels.eu\/et\/toode\/silver-chocker-necklace-wing-from-scandinavian-collection\/#primaryimage"},"thumbnailUrl":"https:\/\/colibri-jewels.eu\/wp-content\/uploads\/2023\/07\/silver-wing-necklace-on-leather-cord1.jpg","datePublished":"2023-07-20T08:04:42+00:00","dateModified":"2023-07-20T16:02:05+00:00","breadcrumb":{"@id":"https:\/\/colibri-jewels.eu\/et\/toode\/silver-chocker-necklace-wing-from-scandinavian-collection\/#breadcrumb"},"inLanguage":"et","potentialAction":[{"@type":"ReadAction","target":["https:\/\/colibri-jewels.eu\/et\/toode\/silver-chocker-necklace-wing-from-scandinavian-collection\/"]}]},{"@type":"ImageObject","inLanguage":"et","@id":"https:\/\/colibri-jewels.eu\/et\/toode\/silver-chocker-necklace-wing-from-scandinavian-collection\/#primaryimage","url":"https:\/\/colibri-jewels.eu\/wp-content\/uploads\/2023\/07\/silver-wing-necklace-on-leather-cord1.jpg","contentUrl":"https:\/\/colibri-jewels.eu\/wp-content\/uploads\/2023\/07\/silver-wing-necklace-on-leather-cord1.jpg","width":1000,"height":1000},{"@type":"BreadcrumbList","@id":"https:\/\/colibri-jewels.eu\/et\/toode\/silver-chocker-necklace-wing-from-scandinavian-collection\/#breadcrumb","itemListElement":[{"@type":"ListItem","position":1,"name":"\u0413\u043b\u0430\u0432\u043d\u0430\u044f \u0441\u0442\u0440\u0430\u043d\u0438\u0446\u0430","item":"https:\/\/colibri-jewels.eu\/et\/"},{"@type":"ListItem","position":2,"name":"Pood","item":"https:\/\/colibri-jewels.eu\/et\/pood\/"},{"@type":"ListItem","position":3,"name":"H\u00f5bedane choker-kaelakee &#8220;Tiib&#8221; Skandinaavia kollektsioonist"}]},{"@type":"WebSite","@id":"https:\/\/colibri-jewels.eu\/et\/#website","url":"https:\/\/colibri-jewels.eu\/et\/","name":"Colibri jewels","description":"jewelry shop","publisher":{"@id":"https:\/\/colibri-jewels.eu\/et\/#organization"},"potentialAction":[{"@type":"SearchAction","target":{"@type":"EntryPoint","urlTemplate":"https:\/\/colibri-jewels.eu\/et\/?s={search_term_string}"},"query-input":{"@type":"PropertyValueSpecification","valueRequired":true,"valueName":"search_term_string"}}],"inLanguage":"et"},{"@type":"Organization","@id":"https:\/\/colibri-jewels.eu\/et\/#organization","name":"O\u00dc Colibri","url":"https:\/\/colibri-jewels.eu\/et\/","logo":{"@type":"ImageObject","inLanguage":"et","@id":"https:\/\/colibri-jewels.eu\/et\/#\/schema\/logo\/image\/","url":"https:\/\/dev.colibri-jewels.eu\/wp-content\/uploads\/2021\/03\/colibri.png","contentUrl":"https:\/\/dev.colibri-jewels.eu\/wp-content\/uploads\/2021\/03\/colibri.png","width":227,"height":130,"caption":"O\u00dc Colibri"},"image":{"@id":"https:\/\/colibri-jewels.eu\/et\/#\/schema\/logo\/image\/"},"sameAs":["https:\/\/www.facebook.com\/colibri.jewels","https:\/\/www.instagram.com\/colibri.jewels","https:\/\/www.tiktok.com\/colibri.jewels"]}]}},"_links":{"self":[{"href":"https:\/\/colibri-jewels.eu\/et\/wp-json\/wp\/v2\/product\/36174","targetHints":{"allow":["GET"]}}],"collection":[{"href":"https:\/\/colibri-jewels.eu\/et\/wp-json\/wp\/v2\/product"}],"about":[{"href":"https:\/\/colibri-jewels.eu\/et\/wp-json\/wp\/v2\/types\/product"}],"replies":[{"embeddable":true,"href":"https:\/\/colibri-jewels.eu\/et\/wp-json\/wp\/v2\/comments?post=36174"}],"version-history":[{"count":0,"href":"https:\/\/colibri-jewels.eu\/et\/wp-json\/wp\/v2\/product\/36174\/revisions"}],"wp:featuredmedia":[{"embeddable":true,"href":"https:\/\/colibri-jewels.eu\/et\/wp-json\/wp\/v2\/media\/36165"}],"wp:attachment":[{"href":"https:\/\/colibri-jewels.eu\/et\/wp-json\/wp\/v2\/media?parent=36174"}],"wp:term":[{"taxonomy":"brand","embeddable":true,"href":"https:\/\/colibri-jewels.eu\/et\/wp-json\/wp\/v2\/etheme_brands?post=36174"},{"taxonomy":"product_brand","embeddable":true,"href":"https:\/\/colibri-jewels.eu\/et\/wp-json\/wp\/v2\/product_brand?post=36174"},{"taxonomy":"product_cat","embeddable":true,"href":"https:\/\/colibri-jewels.eu\/et\/wp-json\/wp\/v2\/product_cat?post=36174"},{"taxonomy":"product_tag","embeddable":true,"href":"https:\/\/colibri-jewels.eu\/et\/wp-json\/wp\/v2\/product_tag?post=36174"}],"curies":[{"name":"wp","href":"https:\/\/api.w.org\/{rel}","templated":true}]}}